{"id":10981,"date":"2022-07-11T11:19:19","date_gmt":"2022-07-11T09:19:19","guid":{"rendered":"https:\/\/www.rebostavilluis.com\/solar\/"},"modified":"2022-07-12T18:37:28","modified_gmt":"2022-07-12T16:37:28","slug":"solar","status":"publish","type":"page","link":"https:\/\/www.rebostavilluis.com\/es\/solar\/","title":{"rendered":"Solar"},"content":{"rendered":"<div id=\"pl-10981\"  class=\"panel-layout\" ><div id=\"pg-10981-0\"  class=\"panel-grid panel-no-style\" ><div id=\"pgc-10981-0-0\"  class=\"panel-grid-cell\" ><div id=\"panel-10981-0-0-0\" class=\"so-panel widget widget_sow-image panel-first-child\" data-index=\"0\" ><div\n\t\t\t\n\t\t\tclass=\"so-widget-sow-image so-widget-sow-image-default-8b5b6f678277-10981\"\n\t\t\t\n\t\t>\n<div class=\"sow-image-container\">\n\t\t\t<a href=\"https:\/\/www.rebostavilluis.com\/es\/facial\/\"\n\t\t\t\t\t>\n\t\t\t<img \n\tdata-src=\"https:\/\/www.rebostavilluis.com\/wp-content\/uploads\/2022\/07\/facialn.jpg\" width=\"300\" height=\"50\" data-srcset=\"https:\/\/www.rebostavilluis.com\/wp-content\/uploads\/2022\/07\/facialn.jpg 300w, https:\/\/www.rebostavilluis.com\/wp-content\/uploads\/2022\/07\/facialn-64x11.jpg 64w\" data-sizes=\"(max-width: 300px) 100vw, 300px\" alt=\"\" \t\tclass=\"so-widget-image lazyload\" src=\"data:image\/svg+xml;base64,PHN2ZyB3aWR0aD0iMSIgaGVpZ2h0PSIxIiB4bWxucz0iaHR0cDovL3d3dy53My5vcmcvMjAwMC9zdmciPjwvc3ZnPg==\" style=\"--smush-placeholder-width: 300px; --smush-placeholder-aspect-ratio: 300\/50;\" \/>\n\t\t\t<\/a><\/div>\n\n<\/div><\/div><div id=\"panel-10981-0-0-1\" class=\"so-panel widget widget_sow-image panel-last-child\" data-index=\"1\" ><div\n\t\t\t\n\t\t\tclass=\"so-widget-sow-image so-widget-sow-image-default-8b5b6f678277-10981\"\n\t\t\t\n\t\t>\n<div class=\"sow-image-container\">\n\t\t\t<a href=\"https:\/\/www.rebostavilluis.com\/es\/corporal\/\"\n\t\t\t\t\t>\n\t\t\t<img \n\tdata-src=\"https:\/\/www.rebostavilluis.com\/wp-content\/uploads\/2022\/07\/corporaln.jpg\" width=\"300\" height=\"50\" data-srcset=\"https:\/\/www.rebostavilluis.com\/wp-content\/uploads\/2022\/07\/corporaln.jpg 300w, https:\/\/www.rebostavilluis.com\/wp-content\/uploads\/2022\/07\/corporaln-64x11.jpg 64w\" data-sizes=\"(max-width: 300px) 100vw, 300px\" alt=\"\" \t\tclass=\"so-widget-image lazyload\" src=\"data:image\/svg+xml;base64,PHN2ZyB3aWR0aD0iMSIgaGVpZ2h0PSIxIiB4bWxucz0iaHR0cDovL3d3dy53My5vcmcvMjAwMC9zdmciPjwvc3ZnPg==\" style=\"--smush-placeholder-width: 300px; --smush-placeholder-aspect-ratio: 300\/50;\" \/>\n\t\t\t<\/a><\/div>\n\n<\/div><\/div><\/div><div id=\"pgc-10981-0-1\"  class=\"panel-grid-cell\" ><div id=\"panel-10981-0-1-0\" class=\"so-panel widget widget_sow-image panel-first-child\" data-index=\"2\" ><div\n\t\t\t\n\t\t\tclass=\"so-widget-sow-image so-widget-sow-image-default-8b5b6f678277-10981\"\n\t\t\t\n\t\t>\n<div class=\"sow-image-container\">\n\t\t\t<a href=\"https:\/\/www.rebostavilluis.com\/es\/capillar\/\"\n\t\t\t\t\t>\n\t\t\t<img \n\tdata-src=\"https:\/\/www.rebostavilluis.com\/wp-content\/uploads\/2022\/07\/capilarnesp.jpg\" width=\"300\" height=\"50\" data-srcset=\"https:\/\/www.rebostavilluis.com\/wp-content\/uploads\/2022\/07\/capilarnesp.jpg 300w, https:\/\/www.rebostavilluis.com\/wp-content\/uploads\/2022\/07\/capilarnesp-64x11.jpg 64w\" data-sizes=\"(max-width: 300px) 100vw, 300px\" alt=\"\" \t\tclass=\"so-widget-image lazyload\" src=\"data:image\/svg+xml;base64,PHN2ZyB3aWR0aD0iMSIgaGVpZ2h0PSIxIiB4bWxucz0iaHR0cDovL3d3dy53My5vcmcvMjAwMC9zdmciPjwvc3ZnPg==\" style=\"--smush-placeholder-width: 300px; --smush-placeholder-aspect-ratio: 300\/50;\" \/>\n\t\t\t<\/a><\/div>\n\n<\/div><\/div><div id=\"panel-10981-0-1-1\" class=\"so-panel widget widget_sow-image panel-last-child\" data-index=\"3\" ><div\n\t\t\t\n\t\t\tclass=\"so-widget-sow-image so-widget-sow-image-default-8b5b6f678277-10981\"\n\t\t\t\n\t\t>\n<div class=\"sow-image-container\">\n\t\t<img \n\tdata-src=\"https:\/\/www.rebostavilluis.com\/wp-content\/uploads\/2022\/07\/solarr.png\" width=\"300\" height=\"50\" data-srcset=\"https:\/\/www.rebostavilluis.com\/wp-content\/uploads\/2022\/07\/solarr.png 300w, https:\/\/www.rebostavilluis.com\/wp-content\/uploads\/2022\/07\/solarr-64x11.png 64w\" data-sizes=\"(max-width: 300px) 100vw, 300px\" alt=\"\" \t\tclass=\"so-widget-image lazyload\" src=\"data:image\/svg+xml;base64,PHN2ZyB3aWR0aD0iMSIgaGVpZ2h0PSIxIiB4bWxucz0iaHR0cDovL3d3dy53My5vcmcvMjAwMC9zdmciPjwvc3ZnPg==\" style=\"--smush-placeholder-width: 300px; --smush-placeholder-aspect-ratio: 300\/50;\" \/>\n\t<\/div>\n\n<\/div><\/div><\/div><div id=\"pgc-10981-0-2\"  class=\"panel-grid-cell\" ><div id=\"panel-10981-0-2-0\" class=\"so-panel widget widget_sow-image panel-first-child\" data-index=\"4\" ><div\n\t\t\t\n\t\t\tclass=\"so-widget-sow-image so-widget-sow-image-default-8b5b6f678277-10981\"\n\t\t\t\n\t\t>\n<div class=\"sow-image-container\">\n\t\t\t<a href=\"https:\/\/www.rebostavilluis.com\/es\/home\/\"\n\t\t\t\t\t>\n\t\t\t<img \n\tdata-src=\"https:\/\/www.rebostavilluis.com\/wp-content\/uploads\/2022\/07\/homenesp.jpg\" width=\"300\" height=\"50\" data-srcset=\"https:\/\/www.rebostavilluis.com\/wp-content\/uploads\/2022\/07\/homenesp.jpg 300w, https:\/\/www.rebostavilluis.com\/wp-content\/uploads\/2022\/07\/homenesp-64x11.jpg 64w\" data-sizes=\"(max-width: 300px) 100vw, 300px\" alt=\"\" \t\tclass=\"so-widget-image lazyload\" src=\"data:image\/svg+xml;base64,PHN2ZyB3aWR0aD0iMSIgaGVpZ2h0PSIxIiB4bWxucz0iaHR0cDovL3d3dy53My5vcmcvMjAwMC9zdmciPjwvc3ZnPg==\" style=\"--smush-placeholder-width: 300px; --smush-placeholder-aspect-ratio: 300\/50;\" \/>\n\t\t\t<\/a><\/div>\n\n<\/div><\/div><div id=\"panel-10981-0-2-1\" class=\"so-panel widget widget_sow-image panel-last-child\" data-index=\"5\" ><div\n\t\t\t\n\t\t\tclass=\"so-widget-sow-image so-widget-sow-image-default-8b5b6f678277-10981\"\n\t\t\t\n\t\t>\n<div class=\"sow-image-container\">\n\t\t\t<a href=\"https:\/\/www.rebostavilluis.com\/es\/sabons\/\"\n\t\t\t\t\t>\n\t\t\t<img \n\tdata-src=\"https:\/\/www.rebostavilluis.com\/wp-content\/uploads\/2022\/07\/sabonsnesp.jpg\" width=\"300\" height=\"50\" data-srcset=\"https:\/\/www.rebostavilluis.com\/wp-content\/uploads\/2022\/07\/sabonsnesp.jpg 300w, https:\/\/www.rebostavilluis.com\/wp-content\/uploads\/2022\/07\/sabonsnesp-64x11.jpg 64w\" data-sizes=\"(max-width: 300px) 100vw, 300px\" alt=\"\" \t\tclass=\"so-widget-image lazyload\" src=\"data:image\/svg+xml;base64,PHN2ZyB3aWR0aD0iMSIgaGVpZ2h0PSIxIiB4bWxucz0iaHR0cDovL3d3dy53My5vcmcvMjAwMC9zdmciPjwvc3ZnPg==\" style=\"--smush-placeholder-width: 300px; --smush-placeholder-aspect-ratio: 300\/50;\" \/>\n\t\t\t<\/a><\/div>\n\n<\/div><\/div><\/div><\/div><div id=\"pg-10981-1\"  class=\"panel-grid panel-no-style\" ><div id=\"pgc-10981-1-0\"  class=\"panel-grid-cell\" ><div id=\"panel-10981-1-0-0\" class=\"so-panel widget widget_sow-editor panel-first-child panel-last-child\" data-index=\"6\" ><div\n\t\t\t\n\t\t\tclass=\"so-widget-sow-editor so-widget-sow-editor-base\"\n\t\t\t\n\t\t>\n<div class=\"siteorigin-widget-tinymce textwidget\">\n\t<div class=\"woocommerce columns-4 \"><ul class=\"products columns-4\">\n<li class=\"infinite-scroll-item sales-flash-overlay woocommerce-text-align-center woocommerce-image-align-center do-quantity-buttons product type-product post-2920 status-publish first instock product_cat-cosmeticos product_cat-solar has-post-thumbnail purchasable product-type-simple\">\n\t<a href=\"https:\/\/www.rebostavilluis.com\/es\/comprar\/after-sun-la-chinata\/\" class=\"woocommerce-LoopProduct-link woocommerce-loop-product__link\"><img decoding=\"async\" width=\"300\" height=\"300\" data-src=\"https:\/\/www.rebostavilluis.com\/wp-content\/uploads\/2018\/12\/1227-300x300.jpg\" class=\"attachment-woocommerce_thumbnail size-woocommerce_thumbnail lazyload\" alt=\"After Sun\" data-srcset=\"https:\/\/www.rebostavilluis.com\/wp-content\/uploads\/2018\/12\/1227-300x300.jpg 300w, https:\/\/www.rebostavilluis.com\/wp-content\/uploads\/2018\/12\/1227-150x150.jpg 150w, https:\/\/www.rebostavilluis.com\/wp-content\/uploads\/2018\/12\/1227-768x768.jpg 768w, https:\/\/www.rebostavilluis.com\/wp-content\/uploads\/2018\/12\/1227-600x600.jpg 600w, https:\/\/www.rebostavilluis.com\/wp-content\/uploads\/2018\/12\/1227-100x100.jpg 100w, https:\/\/www.rebostavilluis.com\/wp-content\/uploads\/2018\/12\/1227.jpg 800w\" data-sizes=\"(max-width: 300px) 100vw, 300px\" src=\"data:image\/svg+xml;base64,PHN2ZyB3aWR0aD0iMSIgaGVpZ2h0PSIxIiB4bWxucz0iaHR0cDovL3d3dy53My5vcmcvMjAwMC9zdmciPjwvc3ZnPg==\" style=\"--smush-placeholder-width: 300px; --smush-placeholder-aspect-ratio: 300\/300;\" \/><h2 class=\"woocommerce-loop-product__title\">After Sun La Chinata<\/h2>\n\t<span class=\"price\"><span class=\"woocommerce-Price-amount amount\"><bdi>6,70<span class=\"woocommerce-Price-currencySymbol\">&euro;<\/span><\/bdi><\/span><\/span>\n<\/a><a href=\"\/es\/wp-json\/wp\/v2\/pages\/10981?add-to-cart=2920\" aria-describedby=\"woocommerce_loop_add_to_cart_link_describedby_2920\" data-quantity=\"1\" class=\"button product_type_simple add_to_cart_button ajax_add_to_cart\" data-product_id=\"2920\" data-product_sku=\"400031\" aria-label=\"A\u00f1adir al carrito: &ldquo;After Sun La Chinata&rdquo;\" rel=\"nofollow\" data-success_message=\"\u00abAfter Sun La Chinata\u00bb se ha a\u00f1adido a tu carrito\" role=\"button\">A\u00f1adir al carrito<\/a>\t<span id=\"woocommerce_loop_add_to_cart_link_describedby_2920\" class=\"screen-reader-text\">\n\t\t\t<\/span>\n<\/li>\n<li class=\"infinite-scroll-item sales-flash-overlay woocommerce-text-align-center woocommerce-image-align-center do-quantity-buttons product type-product post-2938 status-publish instock product_cat-cosmeticos product_cat-solar has-post-thumbnail purchasable product-type-simple\">\n\t<a href=\"https:\/\/www.rebostavilluis.com\/es\/comprar\/crema-solar-prot-f50-la-chinata\/\" class=\"woocommerce-LoopProduct-link woocommerce-loop-product__link\"><img decoding=\"async\" width=\"300\" height=\"300\" data-src=\"https:\/\/www.rebostavilluis.com\/wp-content\/uploads\/2018\/12\/1226-300x300.jpg\" class=\"attachment-woocommerce_thumbnail size-woocommerce_thumbnail lazyload\" alt=\"Crema Solar Prot. F50\" data-srcset=\"https:\/\/www.rebostavilluis.com\/wp-content\/uploads\/2018\/12\/1226-300x300.jpg 300w, https:\/\/www.rebostavilluis.com\/wp-content\/uploads\/2018\/12\/1226-150x150.jpg 150w, https:\/\/www.rebostavilluis.com\/wp-content\/uploads\/2018\/12\/1226-768x768.jpg 768w, https:\/\/www.rebostavilluis.com\/wp-content\/uploads\/2018\/12\/1226-600x600.jpg 600w, https:\/\/www.rebostavilluis.com\/wp-content\/uploads\/2018\/12\/1226-100x100.jpg 100w, https:\/\/www.rebostavilluis.com\/wp-content\/uploads\/2018\/12\/1226.jpg 800w\" data-sizes=\"(max-width: 300px) 100vw, 300px\" src=\"data:image\/svg+xml;base64,PHN2ZyB3aWR0aD0iMSIgaGVpZ2h0PSIxIiB4bWxucz0iaHR0cDovL3d3dy53My5vcmcvMjAwMC9zdmciPjwvc3ZnPg==\" style=\"--smush-placeholder-width: 300px; --smush-placeholder-aspect-ratio: 300\/300;\" \/><h2 class=\"woocommerce-loop-product__title\">Crema Solar Prot. F50 La Chinata<\/h2>\n\t<span class=\"price\"><span class=\"woocommerce-Price-amount amount\"><bdi>9,50<span class=\"woocommerce-Price-currencySymbol\">&euro;<\/span><\/bdi><\/span><\/span>\n<\/a><a href=\"\/es\/wp-json\/wp\/v2\/pages\/10981?add-to-cart=2938\" aria-describedby=\"woocommerce_loop_add_to_cart_link_describedby_2938\" data-quantity=\"1\" class=\"button product_type_simple add_to_cart_button ajax_add_to_cart\" data-product_id=\"2938\" data-product_sku=\"400050\" aria-label=\"A\u00f1adir al carrito: &ldquo;Crema Solar Prot. F50 La Chinata&rdquo;\" rel=\"nofollow\" data-success_message=\"\u00abCrema Solar Prot. F50 La Chinata\u00bb se ha a\u00f1adido a tu carrito\" role=\"button\">A\u00f1adir al carrito<\/a>\t<span id=\"woocommerce_loop_add_to_cart_link_describedby_2938\" class=\"screen-reader-text\">\n\t\t\t<\/span>\n<\/li>\n<li class=\"infinite-scroll-item sales-flash-overlay woocommerce-text-align-center woocommerce-image-align-center do-quantity-buttons product type-product post-2939 status-publish instock product_cat-cosmeticos product_cat-solar has-post-thumbnail purchasable product-type-simple\">\n\t<a href=\"https:\/\/www.rebostavilluis.com\/es\/comprar\/crema-solar-prot-f30-la-chinata\/\" class=\"woocommerce-LoopProduct-link woocommerce-loop-product__link\"><img decoding=\"async\" width=\"300\" height=\"300\" data-src=\"https:\/\/www.rebostavilluis.com\/wp-content\/uploads\/2018\/12\/1225-300x300.jpg\" class=\"attachment-woocommerce_thumbnail size-woocommerce_thumbnail lazyload\" alt=\"Crema Solar Prot. F30\" data-srcset=\"https:\/\/www.rebostavilluis.com\/wp-content\/uploads\/2018\/12\/1225-300x300.jpg 300w, https:\/\/www.rebostavilluis.com\/wp-content\/uploads\/2018\/12\/1225-150x150.jpg 150w, https:\/\/www.rebostavilluis.com\/wp-content\/uploads\/2018\/12\/1225-768x768.jpg 768w, https:\/\/www.rebostavilluis.com\/wp-content\/uploads\/2018\/12\/1225-600x600.jpg 600w, https:\/\/www.rebostavilluis.com\/wp-content\/uploads\/2018\/12\/1225-100x100.jpg 100w, https:\/\/www.rebostavilluis.com\/wp-content\/uploads\/2018\/12\/1225.jpg 800w\" data-sizes=\"(max-width: 300px) 100vw, 300px\" src=\"data:image\/svg+xml;base64,PHN2ZyB3aWR0aD0iMSIgaGVpZ2h0PSIxIiB4bWxucz0iaHR0cDovL3d3dy53My5vcmcvMjAwMC9zdmciPjwvc3ZnPg==\" style=\"--smush-placeholder-width: 300px; --smush-placeholder-aspect-ratio: 300\/300;\" \/><h2 class=\"woocommerce-loop-product__title\">Crema Solar Prot. F30 La Chinata<\/h2>\n\t<span class=\"price\"><span class=\"woocommerce-Price-amount amount\"><bdi>9,75<span class=\"woocommerce-Price-currencySymbol\">&euro;<\/span><\/bdi><\/span><\/span>\n<\/a><a href=\"\/es\/wp-json\/wp\/v2\/pages\/10981?add-to-cart=2939\" aria-describedby=\"woocommerce_loop_add_to_cart_link_describedby_2939\" data-quantity=\"1\" class=\"button product_type_simple add_to_cart_button ajax_add_to_cart\" data-product_id=\"2939\" data-product_sku=\"400052\" aria-label=\"A\u00f1adir al carrito: &ldquo;Crema Solar Prot. F30 La Chinata&rdquo;\" rel=\"nofollow\" data-success_message=\"\u00abCrema Solar Prot. F30 La Chinata\u00bb se ha a\u00f1adido a tu carrito\" role=\"button\">A\u00f1adir al carrito<\/a>\t<span id=\"woocommerce_loop_add_to_cart_link_describedby_2939\" class=\"screen-reader-text\">\n\t\t\t<\/span>\n<\/li>\n<\/ul>\n<\/div>\n<\/div>\n<\/div><\/div><\/div><\/div><\/div>","protected":false},"excerpt":{"rendered":"<p>After Sun La Chinata 6,70&euro; A\u00f1adir al carrito Crema Solar Prot. F50 La Chinata 9,50&euro; A\u00f1adir al carrito Crema Solar Prot. F30 La Chinata 9,75&euro; A\u00f1adir al carrito<\/p>\n","protected":false},"author":531,"featured_media":0,"parent":0,"menu_order":0,"comment_status":"closed","ping_status":"closed","template":"","meta":{"_joinchat":[],"footnotes":""},"class_list":{"0":"post-10981","1":"page","2":"type-page","3":"status-publish","5":"infinite-scroll-item"},"yoast_head":"<!-- This site is optimized with the Yoast SEO plugin v27.3 - https:\/\/yoast.com\/product\/yoast-seo-wordpress\/ -->\n<title>Solar - El Rebost de l&#039;Avi llu&iacute;s<\/title>\n<meta name=\"robots\" content=\"index, follow, max-snippet:-1, max-image-preview:large, max-video-preview:-1\" \/>\n<link rel=\"canonical\" href=\"https:\/\/www.rebostavilluis.com\/es\/solar\/\" \/>\n<meta property=\"og:locale\" content=\"es_ES\" \/>\n<meta property=\"og:type\" content=\"article\" \/>\n<meta property=\"og:title\" content=\"Solar - El Rebost de l&#039;Avi llu&iacute;s\" \/>\n<meta property=\"og:description\" content=\"After Sun La Chinata 6,70&euro; A\u00f1adir al carrito Crema Solar Prot. F50 La Chinata 9,50&euro; A\u00f1adir al carrito Crema Solar Prot. F30 La Chinata 9,75&euro; A\u00f1adir al carrito\" \/>\n<meta property=\"og:url\" content=\"https:\/\/www.rebostavilluis.com\/es\/solar\/\" \/>\n<meta property=\"og:site_name\" content=\"El Rebost de l&#039;Avi llu&iacute;s\" \/>\n<meta property=\"article:modified_time\" content=\"2022-07-12T16:37:28+00:00\" \/>\n<meta name=\"twitter:card\" content=\"summary_large_image\" \/>\n<script type=\"application\/ld+json\" class=\"yoast-schema-graph\">{\"@context\":\"https:\\\/\\\/schema.org\",\"@graph\":[{\"@type\":\"WebPage\",\"@id\":\"https:\\\/\\\/www.rebostavilluis.com\\\/es\\\/solar\\\/\",\"url\":\"https:\\\/\\\/www.rebostavilluis.com\\\/es\\\/solar\\\/\",\"name\":\"Solar - El Rebost de l'Avi llu&iacute;s\",\"isPartOf\":{\"@id\":\"https:\\\/\\\/www.rebostavilluis.com\\\/es\\\/#website\"},\"datePublished\":\"2022-07-11T09:19:19+00:00\",\"dateModified\":\"2022-07-12T16:37:28+00:00\",\"breadcrumb\":{\"@id\":\"https:\\\/\\\/www.rebostavilluis.com\\\/es\\\/solar\\\/#breadcrumb\"},\"inLanguage\":\"es\",\"potentialAction\":[{\"@type\":\"ReadAction\",\"target\":[\"https:\\\/\\\/www.rebostavilluis.com\\\/es\\\/solar\\\/\"]}]},{\"@type\":\"BreadcrumbList\",\"@id\":\"https:\\\/\\\/www.rebostavilluis.com\\\/es\\\/solar\\\/#breadcrumb\",\"itemListElement\":[{\"@type\":\"ListItem\",\"position\":1,\"name\":\"Portada\",\"item\":\"https:\\\/\\\/www.rebostavilluis.com\\\/es\\\/\"},{\"@type\":\"ListItem\",\"position\":2,\"name\":\"Solar\"}]},{\"@type\":\"WebSite\",\"@id\":\"https:\\\/\\\/www.rebostavilluis.com\\\/es\\\/#website\",\"url\":\"https:\\\/\\\/www.rebostavilluis.com\\\/es\\\/\",\"name\":\"El Rebost de l'Avi llu&iacute;s\",\"description\":\"Mel del Perell&oacute;\",\"publisher\":{\"@id\":\"https:\\\/\\\/www.rebostavilluis.com\\\/es\\\/#organization\"},\"potentialAction\":[{\"@type\":\"SearchAction\",\"target\":{\"@type\":\"EntryPoint\",\"urlTemplate\":\"https:\\\/\\\/www.rebostavilluis.com\\\/es\\\/?s={search_term_string}\"},\"query-input\":{\"@type\":\"PropertyValueSpecification\",\"valueRequired\":true,\"valueName\":\"search_term_string\"}}],\"inLanguage\":\"es\"},{\"@type\":\"Organization\",\"@id\":\"https:\\\/\\\/www.rebostavilluis.com\\\/es\\\/#organization\",\"name\":\"El Rebost de l'Avi llu&iacute;s\",\"url\":\"https:\\\/\\\/www.rebostavilluis.com\\\/es\\\/\",\"logo\":{\"@type\":\"ImageObject\",\"inLanguage\":\"es\",\"@id\":\"https:\\\/\\\/www.rebostavilluis.com\\\/es\\\/#\\\/schema\\\/logo\\\/image\\\/\",\"url\":\"https:\\\/\\\/www.rebostavilluis.com\\\/wp-content\\\/uploads\\\/2021\\\/06\\\/logo.png\",\"contentUrl\":\"https:\\\/\\\/www.rebostavilluis.com\\\/wp-content\\\/uploads\\\/2021\\\/06\\\/logo.png\",\"width\":273,\"height\":74,\"caption\":\"El Rebost de l'Avi llu&iacute;s\"},\"image\":{\"@id\":\"https:\\\/\\\/www.rebostavilluis.com\\\/es\\\/#\\\/schema\\\/logo\\\/image\\\/\"}}]}<\/script>\n<!-- \/ Yoast SEO plugin. -->","yoast_head_json":{"title":"Solar - El Rebost de l'Avi llu&iacute;s","robots":{"index":"index","follow":"follow","max-snippet":"max-snippet:-1","max-image-preview":"max-image-preview:large","max-video-preview":"max-video-preview:-1"},"canonical":"https:\/\/www.rebostavilluis.com\/es\/solar\/","og_locale":"es_ES","og_type":"article","og_title":"Solar - El Rebost de l'Avi llu&iacute;s","og_description":"After Sun La Chinata 6,70&euro; A\u00f1adir al carrito Crema Solar Prot. F50 La Chinata 9,50&euro; A\u00f1adir al carrito Crema Solar Prot. F30 La Chinata 9,75&euro; A\u00f1adir al carrito","og_url":"https:\/\/www.rebostavilluis.com\/es\/solar\/","og_site_name":"El Rebost de l'Avi llu&iacute;s","article_modified_time":"2022-07-12T16:37:28+00:00","twitter_card":"summary_large_image","schema":{"@context":"https:\/\/schema.org","@graph":[{"@type":"WebPage","@id":"https:\/\/www.rebostavilluis.com\/es\/solar\/","url":"https:\/\/www.rebostavilluis.com\/es\/solar\/","name":"Solar - El Rebost de l'Avi llu&iacute;s","isPartOf":{"@id":"https:\/\/www.rebostavilluis.com\/es\/#website"},"datePublished":"2022-07-11T09:19:19+00:00","dateModified":"2022-07-12T16:37:28+00:00","breadcrumb":{"@id":"https:\/\/www.rebostavilluis.com\/es\/solar\/#breadcrumb"},"inLanguage":"es","potentialAction":[{"@type":"ReadAction","target":["https:\/\/www.rebostavilluis.com\/es\/solar\/"]}]},{"@type":"BreadcrumbList","@id":"https:\/\/www.rebostavilluis.com\/es\/solar\/#breadcrumb","itemListElement":[{"@type":"ListItem","position":1,"name":"Portada","item":"https:\/\/www.rebostavilluis.com\/es\/"},{"@type":"ListItem","position":2,"name":"Solar"}]},{"@type":"WebSite","@id":"https:\/\/www.rebostavilluis.com\/es\/#website","url":"https:\/\/www.rebostavilluis.com\/es\/","name":"El Rebost de l'Avi llu&iacute;s","description":"Mel del Perell&oacute;","publisher":{"@id":"https:\/\/www.rebostavilluis.com\/es\/#organization"},"potentialAction":[{"@type":"SearchAction","target":{"@type":"EntryPoint","urlTemplate":"https:\/\/www.rebostavilluis.com\/es\/?s={search_term_string}"},"query-input":{"@type":"PropertyValueSpecification","valueRequired":true,"valueName":"search_term_string"}}],"inLanguage":"es"},{"@type":"Organization","@id":"https:\/\/www.rebostavilluis.com\/es\/#organization","name":"El Rebost de l'Avi llu&iacute;s","url":"https:\/\/www.rebostavilluis.com\/es\/","logo":{"@type":"ImageObject","inLanguage":"es","@id":"https:\/\/www.rebostavilluis.com\/es\/#\/schema\/logo\/image\/","url":"https:\/\/www.rebostavilluis.com\/wp-content\/uploads\/2021\/06\/logo.png","contentUrl":"https:\/\/www.rebostavilluis.com\/wp-content\/uploads\/2021\/06\/logo.png","width":273,"height":74,"caption":"El Rebost de l'Avi llu&iacute;s"},"image":{"@id":"https:\/\/www.rebostavilluis.com\/es\/#\/schema\/logo\/image\/"}}]}},"_links":{"self":[{"href":"https:\/\/www.rebostavilluis.com\/es\/wp-json\/wp\/v2\/pages\/10981","targetHints":{"allow":["GET"]}}],"collection":[{"href":"https:\/\/www.rebostavilluis.com\/es\/wp-json\/wp\/v2\/pages"}],"about":[{"href":"https:\/\/www.rebostavilluis.com\/es\/wp-json\/wp\/v2\/types\/page"}],"author":[{"embeddable":true,"href":"https:\/\/www.rebostavilluis.com\/es\/wp-json\/wp\/v2\/users\/531"}],"replies":[{"embeddable":true,"href":"https:\/\/www.rebostavilluis.com\/es\/wp-json\/wp\/v2\/comments?post=10981"}],"version-history":[{"count":8,"href":"https:\/\/www.rebostavilluis.com\/es\/wp-json\/wp\/v2\/pages\/10981\/revisions"}],"predecessor-version":[{"id":11124,"href":"https:\/\/www.rebostavilluis.com\/es\/wp-json\/wp\/v2\/pages\/10981\/revisions\/11124"}],"wp:attachment":[{"href":"https:\/\/www.rebostavilluis.com\/es\/wp-json\/wp\/v2\/media?parent=10981"}],"curies":[{"name":"wp","href":"https:\/\/api.w.org\/{rel}","templated":true}]}}