{"id":10992,"date":"2022-07-11T11:24:57","date_gmt":"2022-07-11T09:24:57","guid":{"rendered":"https:\/\/www.rebostavilluis.com\/home\/"},"modified":"2022-07-12T18:29:26","modified_gmt":"2022-07-12T16:29:26","slug":"home","status":"publish","type":"page","link":"https:\/\/www.rebostavilluis.com\/es\/home\/","title":{"rendered":"Hombre"},"content":{"rendered":"<div id=\"pl-10992\"  class=\"panel-layout\" ><div id=\"pg-10992-0\"  class=\"panel-grid panel-no-style\" ><div id=\"pgc-10992-0-0\"  class=\"panel-grid-cell\" ><div id=\"panel-10992-0-0-0\" class=\"so-panel widget widget_sow-image panel-first-child\" data-index=\"0\" ><div\n\t\t\t\n\t\t\tclass=\"so-widget-sow-image so-widget-sow-image-default-8b5b6f678277-10992\"\n\t\t\t\n\t\t>\n<div class=\"sow-image-container\">\n\t\t\t<a href=\"https:\/\/www.rebostavilluis.com\/es\/facial\/\"\n\t\t\t\t\t>\n\t\t\t<img \n\tdata-src=\"https:\/\/www.rebostavilluis.com\/wp-content\/uploads\/2022\/07\/facialn.jpg\" width=\"300\" height=\"50\" data-srcset=\"https:\/\/www.rebostavilluis.com\/wp-content\/uploads\/2022\/07\/facialn.jpg 300w, https:\/\/www.rebostavilluis.com\/wp-content\/uploads\/2022\/07\/facialn-64x11.jpg 64w\" data-sizes=\"(max-width: 300px) 100vw, 300px\" alt=\"\" \t\tclass=\"so-widget-image lazyload\" src=\"data:image\/svg+xml;base64,PHN2ZyB3aWR0aD0iMSIgaGVpZ2h0PSIxIiB4bWxucz0iaHR0cDovL3d3dy53My5vcmcvMjAwMC9zdmciPjwvc3ZnPg==\" style=\"--smush-placeholder-width: 300px; --smush-placeholder-aspect-ratio: 300\/50;\" \/>\n\t\t\t<\/a><\/div>\n\n<\/div><\/div><div id=\"panel-10992-0-0-1\" class=\"so-panel widget widget_sow-image panel-last-child\" data-index=\"1\" ><div\n\t\t\t\n\t\t\tclass=\"so-widget-sow-image so-widget-sow-image-default-8b5b6f678277-10992\"\n\t\t\t\n\t\t>\n<div class=\"sow-image-container\">\n\t\t\t<a href=\"https:\/\/www.rebostavilluis.com\/es\/corporal\/\"\n\t\t\t\t\t>\n\t\t\t<img \n\tdata-src=\"https:\/\/www.rebostavilluis.com\/wp-content\/uploads\/2022\/07\/corporaln.jpg\" width=\"300\" height=\"50\" data-srcset=\"https:\/\/www.rebostavilluis.com\/wp-content\/uploads\/2022\/07\/corporaln.jpg 300w, https:\/\/www.rebostavilluis.com\/wp-content\/uploads\/2022\/07\/corporaln-64x11.jpg 64w\" data-sizes=\"(max-width: 300px) 100vw, 300px\" alt=\"\" \t\tclass=\"so-widget-image lazyload\" src=\"data:image\/svg+xml;base64,PHN2ZyB3aWR0aD0iMSIgaGVpZ2h0PSIxIiB4bWxucz0iaHR0cDovL3d3dy53My5vcmcvMjAwMC9zdmciPjwvc3ZnPg==\" style=\"--smush-placeholder-width: 300px; --smush-placeholder-aspect-ratio: 300\/50;\" \/>\n\t\t\t<\/a><\/div>\n\n<\/div><\/div><\/div><div id=\"pgc-10992-0-1\"  class=\"panel-grid-cell\" ><div id=\"panel-10992-0-1-0\" class=\"so-panel widget widget_sow-image panel-first-child\" data-index=\"2\" ><div\n\t\t\t\n\t\t\tclass=\"so-widget-sow-image so-widget-sow-image-default-8b5b6f678277-10992\"\n\t\t\t\n\t\t>\n<div class=\"sow-image-container\">\n\t\t\t<a href=\"https:\/\/www.rebostavilluis.com\/es\/capillar\/\"\n\t\t\t\t\t>\n\t\t\t<img \n\tdata-src=\"https:\/\/www.rebostavilluis.com\/wp-content\/uploads\/2022\/07\/capilarnesp.jpg\" width=\"300\" height=\"50\" data-srcset=\"https:\/\/www.rebostavilluis.com\/wp-content\/uploads\/2022\/07\/capilarnesp.jpg 300w, https:\/\/www.rebostavilluis.com\/wp-content\/uploads\/2022\/07\/capilarnesp-64x11.jpg 64w\" data-sizes=\"(max-width: 300px) 100vw, 300px\" alt=\"\" \t\tclass=\"so-widget-image lazyload\" src=\"data:image\/svg+xml;base64,PHN2ZyB3aWR0aD0iMSIgaGVpZ2h0PSIxIiB4bWxucz0iaHR0cDovL3d3dy53My5vcmcvMjAwMC9zdmciPjwvc3ZnPg==\" style=\"--smush-placeholder-width: 300px; --smush-placeholder-aspect-ratio: 300\/50;\" \/>\n\t\t\t<\/a><\/div>\n\n<\/div><\/div><div id=\"panel-10992-0-1-1\" class=\"so-panel widget widget_sow-image panel-last-child\" data-index=\"3\" ><div\n\t\t\t\n\t\t\tclass=\"so-widget-sow-image so-widget-sow-image-default-8b5b6f678277-10992\"\n\t\t\t\n\t\t>\n<div class=\"sow-image-container\">\n\t\t\t<a href=\"https:\/\/www.rebostavilluis.com\/es\/solar\/\"\n\t\t\t\t\t>\n\t\t\t<img \n\tdata-src=\"https:\/\/www.rebostavilluis.com\/wp-content\/uploads\/2022\/07\/solarn.jpg\" width=\"300\" height=\"50\" data-srcset=\"https:\/\/www.rebostavilluis.com\/wp-content\/uploads\/2022\/07\/solarn.jpg 300w, https:\/\/www.rebostavilluis.com\/wp-content\/uploads\/2022\/07\/solarn-64x11.jpg 64w\" data-sizes=\"(max-width: 300px) 100vw, 300px\" alt=\"\" \t\tclass=\"so-widget-image lazyload\" src=\"data:image\/svg+xml;base64,PHN2ZyB3aWR0aD0iMSIgaGVpZ2h0PSIxIiB4bWxucz0iaHR0cDovL3d3dy53My5vcmcvMjAwMC9zdmciPjwvc3ZnPg==\" style=\"--smush-placeholder-width: 300px; --smush-placeholder-aspect-ratio: 300\/50;\" \/>\n\t\t\t<\/a><\/div>\n\n<\/div><\/div><\/div><div id=\"pgc-10992-0-2\"  class=\"panel-grid-cell\" ><div id=\"panel-10992-0-2-0\" class=\"so-panel widget widget_sow-image panel-first-child\" data-index=\"4\" ><div\n\t\t\t\n\t\t\tclass=\"so-widget-sow-image so-widget-sow-image-default-8b5b6f678277-10992\"\n\t\t\t\n\t\t>\n<div class=\"sow-image-container\">\n\t\t<img \n\tdata-src=\"https:\/\/www.rebostavilluis.com\/wp-content\/uploads\/2022\/07\/homeresp.png\" width=\"300\" height=\"50\" data-srcset=\"https:\/\/www.rebostavilluis.com\/wp-content\/uploads\/2022\/07\/homeresp.png 300w, https:\/\/www.rebostavilluis.com\/wp-content\/uploads\/2022\/07\/homeresp-64x11.png 64w\" data-sizes=\"(max-width: 300px) 100vw, 300px\" alt=\"\" \t\tclass=\"so-widget-image lazyload\" src=\"data:image\/svg+xml;base64,PHN2ZyB3aWR0aD0iMSIgaGVpZ2h0PSIxIiB4bWxucz0iaHR0cDovL3d3dy53My5vcmcvMjAwMC9zdmciPjwvc3ZnPg==\" style=\"--smush-placeholder-width: 300px; --smush-placeholder-aspect-ratio: 300\/50;\" \/>\n\t<\/div>\n\n<\/div><\/div><div id=\"panel-10992-0-2-1\" class=\"so-panel widget widget_sow-image panel-last-child\" data-index=\"5\" ><div\n\t\t\t\n\t\t\tclass=\"so-widget-sow-image so-widget-sow-image-default-8b5b6f678277-10992\"\n\t\t\t\n\t\t>\n<div class=\"sow-image-container\">\n\t\t\t<a href=\"https:\/\/www.rebostavilluis.com\/es\/sabons\/\"\n\t\t\t\t\t>\n\t\t\t<img \n\tdata-src=\"https:\/\/www.rebostavilluis.com\/wp-content\/uploads\/2022\/07\/sabonsnesp.jpg\" width=\"300\" height=\"50\" data-srcset=\"https:\/\/www.rebostavilluis.com\/wp-content\/uploads\/2022\/07\/sabonsnesp.jpg 300w, https:\/\/www.rebostavilluis.com\/wp-content\/uploads\/2022\/07\/sabonsnesp-64x11.jpg 64w\" data-sizes=\"(max-width: 300px) 100vw, 300px\" alt=\"\" \t\tclass=\"so-widget-image lazyload\" src=\"data:image\/svg+xml;base64,PHN2ZyB3aWR0aD0iMSIgaGVpZ2h0PSIxIiB4bWxucz0iaHR0cDovL3d3dy53My5vcmcvMjAwMC9zdmciPjwvc3ZnPg==\" style=\"--smush-placeholder-width: 300px; --smush-placeholder-aspect-ratio: 300\/50;\" \/>\n\t\t\t<\/a><\/div>\n\n<\/div><\/div><\/div><\/div><div id=\"pg-10992-1\"  class=\"panel-grid panel-no-style\" ><div id=\"pgc-10992-1-0\"  class=\"panel-grid-cell\" ><div id=\"panel-10992-1-0-0\" class=\"so-panel widget widget_sow-editor panel-first-child panel-last-child\" data-index=\"6\" ><div\n\t\t\t\n\t\t\tclass=\"so-widget-sow-editor so-widget-sow-editor-base\"\n\t\t\t\n\t\t>\n<div class=\"siteorigin-widget-tinymce textwidget\">\n\t<div class=\"woocommerce columns-4 \"><ul class=\"products columns-4\">\n<li class=\"infinite-scroll-item sales-flash-overlay woocommerce-text-align-center woocommerce-image-align-center do-quantity-buttons product type-product post-3121 status-publish first instock product_cat-decoracion product_cat-hombre has-post-thumbnail sale purchasable product-type-simple\">\n\t<a href=\"https:\/\/www.rebostavilluis.com\/es\/comprar\/toallamanopla\/\" class=\"woocommerce-LoopProduct-link woocommerce-loop-product__link\">\n\t<span class=\"onsale\">\u00a1Oferta!<\/span>\n\t<img decoding=\"async\" width=\"300\" height=\"300\" data-src=\"https:\/\/www.rebostavilluis.com\/wp-content\/uploads\/2018\/12\/1258-300x300.jpg\" class=\"attachment-woocommerce_thumbnail size-woocommerce_thumbnail lazyload\" alt=\"Toalla+Manopla\" data-srcset=\"https:\/\/www.rebostavilluis.com\/wp-content\/uploads\/2018\/12\/1258-300x300.jpg 300w, https:\/\/www.rebostavilluis.com\/wp-content\/uploads\/2018\/12\/1258-150x150.jpg 150w, https:\/\/www.rebostavilluis.com\/wp-content\/uploads\/2018\/12\/1258-768x768.jpg 768w, https:\/\/www.rebostavilluis.com\/wp-content\/uploads\/2018\/12\/1258-600x600.jpg 600w, https:\/\/www.rebostavilluis.com\/wp-content\/uploads\/2018\/12\/1258-100x100.jpg 100w, https:\/\/www.rebostavilluis.com\/wp-content\/uploads\/2018\/12\/1258.jpg 800w\" data-sizes=\"(max-width: 300px) 100vw, 300px\" src=\"data:image\/svg+xml;base64,PHN2ZyB3aWR0aD0iMSIgaGVpZ2h0PSIxIiB4bWxucz0iaHR0cDovL3d3dy53My5vcmcvMjAwMC9zdmciPjwvc3ZnPg==\" style=\"--smush-placeholder-width: 300px; --smush-placeholder-aspect-ratio: 300\/300;\" \/><h2 class=\"woocommerce-loop-product__title\">Toalla+Manopla<\/h2>\n\t<span class=\"price\"><del><span class=\"woocommerce-Price-amount amount\"><bdi>3,50<span class=\"woocommerce-Price-currencySymbol\">&euro;<\/span><\/bdi><\/span><\/del> <ins><span class=\"woocommerce-Price-amount amount\"><bdi>3,15<span class=\"woocommerce-Price-currencySymbol\">&euro;<\/span><\/bdi><\/span><\/ins> <p class=\"tag_descuento\"><span>\u00a110% de descuento!<\/span><\/p><\/span>\n<\/a><a href=\"\/es\/wp-json\/wp\/v2\/pages\/10992?add-to-cart=3121\" aria-describedby=\"woocommerce_loop_add_to_cart_link_describedby_3121\" data-quantity=\"1\" class=\"button product_type_simple add_to_cart_button ajax_add_to_cart\" data-product_id=\"3121\" data-product_sku=\"700017\" aria-label=\"A\u00f1adir al carrito: &ldquo;Toalla+Manopla&rdquo;\" rel=\"nofollow\" data-success_message=\"\u00abToalla+Manopla\u00bb se ha a\u00f1adido a tu carrito\" role=\"button\">A\u00f1adir al carrito<\/a>\t<span id=\"woocommerce_loop_add_to_cart_link_describedby_3121\" class=\"screen-reader-text\">\n\t\t\t<\/span>\n<\/li>\n<li class=\"infinite-scroll-item sales-flash-overlay woocommerce-text-align-center woocommerce-image-align-center do-quantity-buttons product type-product post-3119 status-publish instock product_cat-decoracion product_cat-hombre has-post-thumbnail sale purchasable product-type-simple\">\n\t<a href=\"https:\/\/www.rebostavilluis.com\/es\/comprar\/tazon-ceramica-abejas\/\" class=\"woocommerce-LoopProduct-link woocommerce-loop-product__link\">\n\t<span class=\"onsale\">\u00a1Oferta!<\/span>\n\t<img decoding=\"async\" width=\"300\" height=\"300\" data-src=\"https:\/\/www.rebostavilluis.com\/wp-content\/uploads\/2018\/12\/584-300x300.jpg\" class=\"attachment-woocommerce_thumbnail size-woocommerce_thumbnail lazyload\" alt=\"Taz\u00f3n cer\u00e1mica Abejas\" data-srcset=\"https:\/\/www.rebostavilluis.com\/wp-content\/uploads\/2018\/12\/584-300x300.jpg 300w, https:\/\/www.rebostavilluis.com\/wp-content\/uploads\/2018\/12\/584-150x150.jpg 150w, https:\/\/www.rebostavilluis.com\/wp-content\/uploads\/2018\/12\/584-100x100.jpg 100w\" data-sizes=\"(max-width: 300px) 100vw, 300px\" src=\"data:image\/svg+xml;base64,PHN2ZyB3aWR0aD0iMSIgaGVpZ2h0PSIxIiB4bWxucz0iaHR0cDovL3d3dy53My5vcmcvMjAwMC9zdmciPjwvc3ZnPg==\" style=\"--smush-placeholder-width: 300px; --smush-placeholder-aspect-ratio: 300\/300;\" \/><h2 class=\"woocommerce-loop-product__title\">Taz\u00f3n cer\u00e1mica Abejas<\/h2>\n\t<span class=\"price\"><del><span class=\"woocommerce-Price-amount amount\"><bdi>4,50<span class=\"woocommerce-Price-currencySymbol\">&euro;<\/span><\/bdi><\/span><\/del> <ins><span class=\"woocommerce-Price-amount amount\"><bdi>4,05<span class=\"woocommerce-Price-currencySymbol\">&euro;<\/span><\/bdi><\/span><\/ins> <p class=\"tag_descuento\"><span>\u00a110% de descuento!<\/span><\/p><\/span>\n<\/a><a href=\"\/es\/wp-json\/wp\/v2\/pages\/10992?add-to-cart=3119\" aria-describedby=\"woocommerce_loop_add_to_cart_link_describedby_3119\" data-quantity=\"1\" class=\"button product_type_simple add_to_cart_button ajax_add_to_cart\" data-product_id=\"3119\" data-product_sku=\"700008\" aria-label=\"A\u00f1adir al carrito: &ldquo;Taz\u00f3n cer\u00e1mica Abejas&rdquo;\" rel=\"nofollow\" data-success_message=\"\u00abTaz\u00f3n cer\u00e1mica Abejas\u00bb se ha a\u00f1adido a tu carrito\" role=\"button\">A\u00f1adir al carrito<\/a>\t<span id=\"woocommerce_loop_add_to_cart_link_describedby_3119\" class=\"screen-reader-text\">\n\t\t\t<\/span>\n<\/li>\n<\/ul>\n<\/div>\n<\/div>\n<\/div><\/div><\/div><\/div><\/div>","protected":false},"excerpt":{"rendered":"<p>\u00a1Oferta! Toalla+Manopla 3,50&euro; 3,15&euro; \u00a110% de descuento! A\u00f1adir al carrito \u00a1Oferta! Taz\u00f3n cer\u00e1mica Abejas 4,50&euro; 4,05&euro; \u00a110% de descuento! A\u00f1adir al carrito<\/p>\n","protected":false},"author":531,"featured_media":0,"parent":0,"menu_order":0,"comment_status":"closed","ping_status":"closed","template":"","meta":{"_joinchat":[],"footnotes":""},"class_list":{"0":"post-10992","1":"page","2":"type-page","3":"status-publish","5":"infinite-scroll-item"},"yoast_head":"<!-- This site is optimized with the Yoast SEO plugin v27.3 - https:\/\/yoast.com\/product\/yoast-seo-wordpress\/ -->\n<title>Hombre - El Rebost de l&#039;Avi llu&iacute;s<\/title>\n<meta name=\"robots\" content=\"index, follow, max-snippet:-1, max-image-preview:large, max-video-preview:-1\" \/>\n<link rel=\"canonical\" href=\"https:\/\/www.rebostavilluis.com\/es\/home\/\" \/>\n<meta property=\"og:locale\" content=\"es_ES\" \/>\n<meta property=\"og:type\" content=\"article\" \/>\n<meta property=\"og:title\" content=\"Hombre - El Rebost de l&#039;Avi llu&iacute;s\" \/>\n<meta property=\"og:description\" content=\"\u00a1Oferta! Toalla+Manopla 3,50&euro; 3,15&euro; \u00a110% de descuento! A\u00f1adir al carrito \u00a1Oferta! Taz\u00f3n cer\u00e1mica Abejas 4,50&euro; 4,05&euro; \u00a110% de descuento! A\u00f1adir al carrito\" \/>\n<meta property=\"og:url\" content=\"https:\/\/www.rebostavilluis.com\/es\/home\/\" \/>\n<meta property=\"og:site_name\" content=\"El Rebost de l&#039;Avi llu&iacute;s\" \/>\n<meta property=\"article:modified_time\" content=\"2022-07-12T16:29:26+00:00\" \/>\n<meta name=\"twitter:card\" content=\"summary_large_image\" \/>\n<script type=\"application\/ld+json\" class=\"yoast-schema-graph\">{\"@context\":\"https:\\\/\\\/schema.org\",\"@graph\":[{\"@type\":\"WebPage\",\"@id\":\"https:\\\/\\\/www.rebostavilluis.com\\\/es\\\/home\\\/\",\"url\":\"https:\\\/\\\/www.rebostavilluis.com\\\/es\\\/home\\\/\",\"name\":\"Hombre - El Rebost de l'Avi llu&iacute;s\",\"isPartOf\":{\"@id\":\"https:\\\/\\\/www.rebostavilluis.com\\\/es\\\/#website\"},\"datePublished\":\"2022-07-11T09:24:57+00:00\",\"dateModified\":\"2022-07-12T16:29:26+00:00\",\"breadcrumb\":{\"@id\":\"https:\\\/\\\/www.rebostavilluis.com\\\/es\\\/home\\\/#breadcrumb\"},\"inLanguage\":\"es\",\"potentialAction\":[{\"@type\":\"ReadAction\",\"target\":[\"https:\\\/\\\/www.rebostavilluis.com\\\/es\\\/home\\\/\"]}]},{\"@type\":\"BreadcrumbList\",\"@id\":\"https:\\\/\\\/www.rebostavilluis.com\\\/es\\\/home\\\/#breadcrumb\",\"itemListElement\":[{\"@type\":\"ListItem\",\"position\":1,\"name\":\"Portada\",\"item\":\"https:\\\/\\\/www.rebostavilluis.com\\\/es\\\/\"},{\"@type\":\"ListItem\",\"position\":2,\"name\":\"Hombre\"}]},{\"@type\":\"WebSite\",\"@id\":\"https:\\\/\\\/www.rebostavilluis.com\\\/es\\\/#website\",\"url\":\"https:\\\/\\\/www.rebostavilluis.com\\\/es\\\/\",\"name\":\"El Rebost de l'Avi llu&iacute;s\",\"description\":\"Mel del Perell&oacute;\",\"publisher\":{\"@id\":\"https:\\\/\\\/www.rebostavilluis.com\\\/es\\\/#organization\"},\"potentialAction\":[{\"@type\":\"SearchAction\",\"target\":{\"@type\":\"EntryPoint\",\"urlTemplate\":\"https:\\\/\\\/www.rebostavilluis.com\\\/es\\\/?s={search_term_string}\"},\"query-input\":{\"@type\":\"PropertyValueSpecification\",\"valueRequired\":true,\"valueName\":\"search_term_string\"}}],\"inLanguage\":\"es\"},{\"@type\":\"Organization\",\"@id\":\"https:\\\/\\\/www.rebostavilluis.com\\\/es\\\/#organization\",\"name\":\"El Rebost de l'Avi llu&iacute;s\",\"url\":\"https:\\\/\\\/www.rebostavilluis.com\\\/es\\\/\",\"logo\":{\"@type\":\"ImageObject\",\"inLanguage\":\"es\",\"@id\":\"https:\\\/\\\/www.rebostavilluis.com\\\/es\\\/#\\\/schema\\\/logo\\\/image\\\/\",\"url\":\"https:\\\/\\\/www.rebostavilluis.com\\\/wp-content\\\/uploads\\\/2021\\\/06\\\/logo.png\",\"contentUrl\":\"https:\\\/\\\/www.rebostavilluis.com\\\/wp-content\\\/uploads\\\/2021\\\/06\\\/logo.png\",\"width\":273,\"height\":74,\"caption\":\"El Rebost de l'Avi llu&iacute;s\"},\"image\":{\"@id\":\"https:\\\/\\\/www.rebostavilluis.com\\\/es\\\/#\\\/schema\\\/logo\\\/image\\\/\"}}]}<\/script>\n<!-- \/ Yoast SEO plugin. -->","yoast_head_json":{"title":"Hombre - El Rebost de l'Avi llu&iacute;s","robots":{"index":"index","follow":"follow","max-snippet":"max-snippet:-1","max-image-preview":"max-image-preview:large","max-video-preview":"max-video-preview:-1"},"canonical":"https:\/\/www.rebostavilluis.com\/es\/home\/","og_locale":"es_ES","og_type":"article","og_title":"Hombre - El Rebost de l'Avi llu&iacute;s","og_description":"\u00a1Oferta! Toalla+Manopla 3,50&euro; 3,15&euro; \u00a110% de descuento! A\u00f1adir al carrito \u00a1Oferta! Taz\u00f3n cer\u00e1mica Abejas 4,50&euro; 4,05&euro; \u00a110% de descuento! A\u00f1adir al carrito","og_url":"https:\/\/www.rebostavilluis.com\/es\/home\/","og_site_name":"El Rebost de l'Avi llu&iacute;s","article_modified_time":"2022-07-12T16:29:26+00:00","twitter_card":"summary_large_image","schema":{"@context":"https:\/\/schema.org","@graph":[{"@type":"WebPage","@id":"https:\/\/www.rebostavilluis.com\/es\/home\/","url":"https:\/\/www.rebostavilluis.com\/es\/home\/","name":"Hombre - El Rebost de l'Avi llu&iacute;s","isPartOf":{"@id":"https:\/\/www.rebostavilluis.com\/es\/#website"},"datePublished":"2022-07-11T09:24:57+00:00","dateModified":"2022-07-12T16:29:26+00:00","breadcrumb":{"@id":"https:\/\/www.rebostavilluis.com\/es\/home\/#breadcrumb"},"inLanguage":"es","potentialAction":[{"@type":"ReadAction","target":["https:\/\/www.rebostavilluis.com\/es\/home\/"]}]},{"@type":"BreadcrumbList","@id":"https:\/\/www.rebostavilluis.com\/es\/home\/#breadcrumb","itemListElement":[{"@type":"ListItem","position":1,"name":"Portada","item":"https:\/\/www.rebostavilluis.com\/es\/"},{"@type":"ListItem","position":2,"name":"Hombre"}]},{"@type":"WebSite","@id":"https:\/\/www.rebostavilluis.com\/es\/#website","url":"https:\/\/www.rebostavilluis.com\/es\/","name":"El Rebost de l'Avi llu&iacute;s","description":"Mel del Perell&oacute;","publisher":{"@id":"https:\/\/www.rebostavilluis.com\/es\/#organization"},"potentialAction":[{"@type":"SearchAction","target":{"@type":"EntryPoint","urlTemplate":"https:\/\/www.rebostavilluis.com\/es\/?s={search_term_string}"},"query-input":{"@type":"PropertyValueSpecification","valueRequired":true,"valueName":"search_term_string"}}],"inLanguage":"es"},{"@type":"Organization","@id":"https:\/\/www.rebostavilluis.com\/es\/#organization","name":"El Rebost de l'Avi llu&iacute;s","url":"https:\/\/www.rebostavilluis.com\/es\/","logo":{"@type":"ImageObject","inLanguage":"es","@id":"https:\/\/www.rebostavilluis.com\/es\/#\/schema\/logo\/image\/","url":"https:\/\/www.rebostavilluis.com\/wp-content\/uploads\/2021\/06\/logo.png","contentUrl":"https:\/\/www.rebostavilluis.com\/wp-content\/uploads\/2021\/06\/logo.png","width":273,"height":74,"caption":"El Rebost de l'Avi llu&iacute;s"},"image":{"@id":"https:\/\/www.rebostavilluis.com\/es\/#\/schema\/logo\/image\/"}}]}},"_links":{"self":[{"href":"https:\/\/www.rebostavilluis.com\/es\/wp-json\/wp\/v2\/pages\/10992","targetHints":{"allow":["GET"]}}],"collection":[{"href":"https:\/\/www.rebostavilluis.com\/es\/wp-json\/wp\/v2\/pages"}],"about":[{"href":"https:\/\/www.rebostavilluis.com\/es\/wp-json\/wp\/v2\/types\/page"}],"author":[{"embeddable":true,"href":"https:\/\/www.rebostavilluis.com\/es\/wp-json\/wp\/v2\/users\/531"}],"replies":[{"embeddable":true,"href":"https:\/\/www.rebostavilluis.com\/es\/wp-json\/wp\/v2\/comments?post=10992"}],"version-history":[{"count":4,"href":"https:\/\/www.rebostavilluis.com\/es\/wp-json\/wp\/v2\/pages\/10992\/revisions"}],"predecessor-version":[{"id":11122,"href":"https:\/\/www.rebostavilluis.com\/es\/wp-json\/wp\/v2\/pages\/10992\/revisions\/11122"}],"wp:attachment":[{"href":"https:\/\/www.rebostavilluis.com\/es\/wp-json\/wp\/v2\/media?parent=10992"}],"curies":[{"name":"wp","href":"https:\/\/api.w.org\/{rel}","templated":true}]}}