{"id":12041,"date":"2022-12-27T10:30:52","date_gmt":"2022-12-27T09:30:52","guid":{"rendered":"https:\/\/www.rebostavilluis.com\/torro-dur-dametlles\/"},"modified":"2022-12-27T11:05:09","modified_gmt":"2022-12-27T10:05:09","slug":"torro-dur-dametlles","status":"publish","type":"page","link":"https:\/\/www.rebostavilluis.com\/es\/torro-dur-dametlles\/","title":{"rendered":"Turr\u00f3n duro de Almendras"},"content":{"rendered":"<div id=\"pl-12041\"  class=\"panel-layout\" ><div id=\"pg-12041-0\"  class=\"panel-grid panel-no-style\" ><div id=\"pgc-12041-0-0\"  class=\"panel-grid-cell\" ><div id=\"panel-12041-0-0-0\" class=\"so-panel widget widget_sow-image panel-first-child panel-last-child\" data-index=\"0\" ><div\n\t\t\t\n\t\t\tclass=\"so-widget-sow-image so-widget-sow-image-default-8b5b6f678277-12041\"\n\t\t\t\n\t\t>\n<div class=\"sow-image-container\">\n\t\t<img \n\tdata-src=\"https:\/\/www.rebostavilluis.com\/wp-content\/uploads\/2022\/12\/torro.dur_-e1672141325185.jpg\" width=\"1168\" height=\"1168\" data-srcset=\"https:\/\/www.rebostavilluis.com\/wp-content\/uploads\/2022\/12\/torro.dur_-e1672141325185.jpg 1168w, https:\/\/www.rebostavilluis.com\/wp-content\/uploads\/2022\/12\/torro.dur_-e1672141325185-300x300.jpg 300w, https:\/\/www.rebostavilluis.com\/wp-content\/uploads\/2022\/12\/torro.dur_-e1672141325185-1024x1024.jpg 1024w, https:\/\/www.rebostavilluis.com\/wp-content\/uploads\/2022\/12\/torro.dur_-e1672141325185-150x150.jpg 150w, https:\/\/www.rebostavilluis.com\/wp-content\/uploads\/2022\/12\/torro.dur_-e1672141325185-768x768.jpg 768w, https:\/\/www.rebostavilluis.com\/wp-content\/uploads\/2022\/12\/torro.dur_-e1672141325185-600x600.jpg 600w, https:\/\/www.rebostavilluis.com\/wp-content\/uploads\/2022\/12\/torro.dur_-e1672141325185-100x100.jpg 100w, https:\/\/www.rebostavilluis.com\/wp-content\/uploads\/2022\/12\/torro.dur_-e1672141325185-64x64.jpg 64w\" data-sizes=\"(max-width: 1168px) 100vw, 1168px\" title=\"torro.dur\" alt=\"\" \t\tclass=\"so-widget-image lazyload\" src=\"data:image\/svg+xml;base64,PHN2ZyB3aWR0aD0iMSIgaGVpZ2h0PSIxIiB4bWxucz0iaHR0cDovL3d3dy53My5vcmcvMjAwMC9zdmciPjwvc3ZnPg==\" style=\"--smush-placeholder-width: 1168px; --smush-placeholder-aspect-ratio: 1168\/1168;\" \/>\n\t<\/div>\n\n<\/div><\/div><\/div><div id=\"pgc-12041-0-1\"  class=\"panel-grid-cell\" ><div id=\"panel-12041-0-1-0\" class=\"so-panel widget widget_sow-editor panel-first-child panel-last-child\" data-index=\"1\" ><div\n\t\t\t\n\t\t\tclass=\"so-widget-sow-editor so-widget-sow-editor-base\"\n\t\t\t\n\t\t>\n<div class=\"siteorigin-widget-tinymce textwidget\">\n\t<p><strong>INGREDIENTES:<\/strong><\/p>\n<ul>\n<li>100g de <a href=\"https:\/\/www.rebostavilluis.com\/es\/miel-de-romero\/\">miel de romero de l'Avi Llu\u00eds<\/a><\/li>\n<li>50g de az\u00facar<\/li>\n<li>1 clara de huevo<\/li>\n<li>125g de almendra tostada<\/li>\n<\/ul>\n<p>&nbsp;<\/p>\n<p><strong>ELABORACI\u00d3N:<\/strong><\/p>\n<p>Para hacer nuestro turr\u00f3n empezaremos juntando 50g de az\u00facar y 100g de <a href=\"https:\/\/www.rebostavilluis.com\/es\/miel-de-romero\/\">miel de romero de l'Avi Llu\u00eds<\/a> al fuego. Lo mezclaremos sin parar hasta que salgan burbujas y lo reservaremos para despu\u00e9s. Mientras montaremos una clara de huevo r\u00e1pidamente para que no se enfr\u00ede la mezcla anterior.<\/p>\n<p>A continuaci\u00f3n a\u00f1adiremos la mitad de la clara de huevo al az\u00facar y la miel a\u00fan calientes, y lo mezclaremos hasta conseguir una textura homogenia. Seguidamente volveremos la mezcla al fuego hasta obtener una textura de mousse y a\u00f1adiremos 25g de almendra tostada.<\/p>\n<p>Para finalizarar lo pondremos en un recipiente con papel de horno. Al solidificar muy r\u00e1pido, con otro papel de horno le pondremos peso encima para que coja la forma del turr\u00f3n cl\u00e1sico. \u00a1Despu\u00e9s solo deberemos esperar 1 hora para poder probar esta del\u00edcia!<\/p>\n<p>\u00a1Y a disfrutar!<\/p>\n<p><a href=\"https:\/\/www.instagram.com\/reel\/CmPRZ5jjGvb\/\">Encuentra la receta en v\u00eddeo aqu\u00ed.<\/a><\/p>\n<p>Recepta: <a href=\"https:\/\/www.instagram.com\/rebostavilluis\/\">@rebostavilluis<\/a> <a href=\"https:\/\/www.instagram.com\/croquetadexocolata\/\">@croquetadexocolata<\/a><\/p>\n<\/div>\n<\/div><\/div><\/div><\/div><\/div>","protected":false},"excerpt":{"rendered":"<p>INGREDIENTES: 100g de miel de romero de l&#8217;Avi Llu\u00eds 50g de az\u00facar 1 clara de huevo 125g de almendra tostada &nbsp; ELABORACI\u00d3N: Para hacer nuestro turr\u00f3n empezaremos juntando 50g de az\u00facar y 100g de miel de romero de l&#8217;Avi Llu\u00eds &#8230; <a title=\"Turr\u00f3n duro de Almendras\" class=\"read-more\" href=\"https:\/\/www.rebostavilluis.com\/es\/torro-dur-dametlles\/\" aria-label=\"Leer m\u00e1s sobre Turr\u00f3n duro de Almendras\">Leer m\u00e1s<\/a><\/p>\n","protected":false},"author":531,"featured_media":0,"parent":0,"menu_order":0,"comment_status":"closed","ping_status":"closed","template":"","meta":{"_joinchat":[],"footnotes":""},"class_list":{"0":"post-12041","1":"page","2":"type-page","3":"status-publish","5":"infinite-scroll-item"},"yoast_head":"<!-- This site is optimized with the Yoast SEO plugin v27.3 - https:\/\/yoast.com\/product\/yoast-seo-wordpress\/ -->\n<title>Turr\u00f3n duro de Almendras - El Rebost de l&#039;Avi llu&iacute;s<\/title>\n<meta name=\"robots\" content=\"index, follow, max-snippet:-1, max-image-preview:large, max-video-preview:-1\" \/>\n<link rel=\"canonical\" href=\"https:\/\/www.rebostavilluis.com\/es\/torro-dur-dametlles\/\" \/>\n<meta property=\"og:locale\" content=\"es_ES\" \/>\n<meta property=\"og:type\" content=\"article\" \/>\n<meta property=\"og:title\" content=\"Turr\u00f3n duro de Almendras - El Rebost de l&#039;Avi llu&iacute;s\" \/>\n<meta property=\"og:description\" content=\"INGREDIENTES: 100g de miel de romero de l&#039;Avi Llu\u00eds 50g de az\u00facar 1 clara de huevo 125g de almendra tostada &nbsp; ELABORACI\u00d3N: Para hacer nuestro turr\u00f3n empezaremos juntando 50g de az\u00facar y 100g de miel de romero de l&#039;Avi Llu\u00eds ... Leer m\u00e1s\" \/>\n<meta property=\"og:url\" content=\"https:\/\/www.rebostavilluis.com\/es\/torro-dur-dametlles\/\" \/>\n<meta property=\"og:site_name\" content=\"El Rebost de l&#039;Avi llu&iacute;s\" \/>\n<meta property=\"article:modified_time\" content=\"2022-12-27T10:05:09+00:00\" \/>\n<meta name=\"twitter:card\" content=\"summary_large_image\" \/>\n<meta name=\"twitter:label1\" content=\"Tiempo de lectura\" \/>\n\t<meta name=\"twitter:data1\" content=\"1 minuto\" \/>\n<script type=\"application\/ld+json\" class=\"yoast-schema-graph\">{\"@context\":\"https:\\\/\\\/schema.org\",\"@graph\":[{\"@type\":\"WebPage\",\"@id\":\"https:\\\/\\\/www.rebostavilluis.com\\\/es\\\/torro-dur-dametlles\\\/\",\"url\":\"https:\\\/\\\/www.rebostavilluis.com\\\/es\\\/torro-dur-dametlles\\\/\",\"name\":\"Turr\u00f3n duro de Almendras - El Rebost de l'Avi llu&iacute;s\",\"isPartOf\":{\"@id\":\"https:\\\/\\\/www.rebostavilluis.com\\\/es\\\/#website\"},\"datePublished\":\"2022-12-27T09:30:52+00:00\",\"dateModified\":\"2022-12-27T10:05:09+00:00\",\"breadcrumb\":{\"@id\":\"https:\\\/\\\/www.rebostavilluis.com\\\/es\\\/torro-dur-dametlles\\\/#breadcrumb\"},\"inLanguage\":\"es\",\"potentialAction\":[{\"@type\":\"ReadAction\",\"target\":[\"https:\\\/\\\/www.rebostavilluis.com\\\/es\\\/torro-dur-dametlles\\\/\"]}]},{\"@type\":\"BreadcrumbList\",\"@id\":\"https:\\\/\\\/www.rebostavilluis.com\\\/es\\\/torro-dur-dametlles\\\/#breadcrumb\",\"itemListElement\":[{\"@type\":\"ListItem\",\"position\":1,\"name\":\"Portada\",\"item\":\"https:\\\/\\\/www.rebostavilluis.com\\\/es\\\/\"},{\"@type\":\"ListItem\",\"position\":2,\"name\":\"Turr\u00f3n duro de Almendras\"}]},{\"@type\":\"WebSite\",\"@id\":\"https:\\\/\\\/www.rebostavilluis.com\\\/es\\\/#website\",\"url\":\"https:\\\/\\\/www.rebostavilluis.com\\\/es\\\/\",\"name\":\"El Rebost de l'Avi llu&iacute;s\",\"description\":\"Mel del Perell&oacute;\",\"publisher\":{\"@id\":\"https:\\\/\\\/www.rebostavilluis.com\\\/es\\\/#organization\"},\"potentialAction\":[{\"@type\":\"SearchAction\",\"target\":{\"@type\":\"EntryPoint\",\"urlTemplate\":\"https:\\\/\\\/www.rebostavilluis.com\\\/es\\\/?s={search_term_string}\"},\"query-input\":{\"@type\":\"PropertyValueSpecification\",\"valueRequired\":true,\"valueName\":\"search_term_string\"}}],\"inLanguage\":\"es\"},{\"@type\":\"Organization\",\"@id\":\"https:\\\/\\\/www.rebostavilluis.com\\\/es\\\/#organization\",\"name\":\"El Rebost de l'Avi llu&iacute;s\",\"url\":\"https:\\\/\\\/www.rebostavilluis.com\\\/es\\\/\",\"logo\":{\"@type\":\"ImageObject\",\"inLanguage\":\"es\",\"@id\":\"https:\\\/\\\/www.rebostavilluis.com\\\/es\\\/#\\\/schema\\\/logo\\\/image\\\/\",\"url\":\"https:\\\/\\\/www.rebostavilluis.com\\\/wp-content\\\/uploads\\\/2021\\\/06\\\/logo.png\",\"contentUrl\":\"https:\\\/\\\/www.rebostavilluis.com\\\/wp-content\\\/uploads\\\/2021\\\/06\\\/logo.png\",\"width\":273,\"height\":74,\"caption\":\"El Rebost de l'Avi llu&iacute;s\"},\"image\":{\"@id\":\"https:\\\/\\\/www.rebostavilluis.com\\\/es\\\/#\\\/schema\\\/logo\\\/image\\\/\"}}]}<\/script>\n<!-- \/ Yoast SEO plugin. -->","yoast_head_json":{"title":"Turr\u00f3n duro de Almendras - El Rebost de l'Avi llu&iacute;s","robots":{"index":"index","follow":"follow","max-snippet":"max-snippet:-1","max-image-preview":"max-image-preview:large","max-video-preview":"max-video-preview:-1"},"canonical":"https:\/\/www.rebostavilluis.com\/es\/torro-dur-dametlles\/","og_locale":"es_ES","og_type":"article","og_title":"Turr\u00f3n duro de Almendras - El Rebost de l'Avi llu&iacute;s","og_description":"INGREDIENTES: 100g de miel de romero de l'Avi Llu\u00eds 50g de az\u00facar 1 clara de huevo 125g de almendra tostada &nbsp; ELABORACI\u00d3N: Para hacer nuestro turr\u00f3n empezaremos juntando 50g de az\u00facar y 100g de miel de romero de l'Avi Llu\u00eds ... Leer m\u00e1s","og_url":"https:\/\/www.rebostavilluis.com\/es\/torro-dur-dametlles\/","og_site_name":"El Rebost de l'Avi llu&iacute;s","article_modified_time":"2022-12-27T10:05:09+00:00","twitter_card":"summary_large_image","twitter_misc":{"Tiempo de lectura":"1 minuto"},"schema":{"@context":"https:\/\/schema.org","@graph":[{"@type":"WebPage","@id":"https:\/\/www.rebostavilluis.com\/es\/torro-dur-dametlles\/","url":"https:\/\/www.rebostavilluis.com\/es\/torro-dur-dametlles\/","name":"Turr\u00f3n duro de Almendras - El Rebost de l'Avi llu&iacute;s","isPartOf":{"@id":"https:\/\/www.rebostavilluis.com\/es\/#website"},"datePublished":"2022-12-27T09:30:52+00:00","dateModified":"2022-12-27T10:05:09+00:00","breadcrumb":{"@id":"https:\/\/www.rebostavilluis.com\/es\/torro-dur-dametlles\/#breadcrumb"},"inLanguage":"es","potentialAction":[{"@type":"ReadAction","target":["https:\/\/www.rebostavilluis.com\/es\/torro-dur-dametlles\/"]}]},{"@type":"BreadcrumbList","@id":"https:\/\/www.rebostavilluis.com\/es\/torro-dur-dametlles\/#breadcrumb","itemListElement":[{"@type":"ListItem","position":1,"name":"Portada","item":"https:\/\/www.rebostavilluis.com\/es\/"},{"@type":"ListItem","position":2,"name":"Turr\u00f3n duro de Almendras"}]},{"@type":"WebSite","@id":"https:\/\/www.rebostavilluis.com\/es\/#website","url":"https:\/\/www.rebostavilluis.com\/es\/","name":"El Rebost de l'Avi llu&iacute;s","description":"Mel del Perell&oacute;","publisher":{"@id":"https:\/\/www.rebostavilluis.com\/es\/#organization"},"potentialAction":[{"@type":"SearchAction","target":{"@type":"EntryPoint","urlTemplate":"https:\/\/www.rebostavilluis.com\/es\/?s={search_term_string}"},"query-input":{"@type":"PropertyValueSpecification","valueRequired":true,"valueName":"search_term_string"}}],"inLanguage":"es"},{"@type":"Organization","@id":"https:\/\/www.rebostavilluis.com\/es\/#organization","name":"El Rebost de l'Avi llu&iacute;s","url":"https:\/\/www.rebostavilluis.com\/es\/","logo":{"@type":"ImageObject","inLanguage":"es","@id":"https:\/\/www.rebostavilluis.com\/es\/#\/schema\/logo\/image\/","url":"https:\/\/www.rebostavilluis.com\/wp-content\/uploads\/2021\/06\/logo.png","contentUrl":"https:\/\/www.rebostavilluis.com\/wp-content\/uploads\/2021\/06\/logo.png","width":273,"height":74,"caption":"El Rebost de l'Avi llu&iacute;s"},"image":{"@id":"https:\/\/www.rebostavilluis.com\/es\/#\/schema\/logo\/image\/"}}]}},"_links":{"self":[{"href":"https:\/\/www.rebostavilluis.com\/es\/wp-json\/wp\/v2\/pages\/12041","targetHints":{"allow":["GET"]}}],"collection":[{"href":"https:\/\/www.rebostavilluis.com\/es\/wp-json\/wp\/v2\/pages"}],"about":[{"href":"https:\/\/www.rebostavilluis.com\/es\/wp-json\/wp\/v2\/types\/page"}],"author":[{"embeddable":true,"href":"https:\/\/www.rebostavilluis.com\/es\/wp-json\/wp\/v2\/users\/531"}],"replies":[{"embeddable":true,"href":"https:\/\/www.rebostavilluis.com\/es\/wp-json\/wp\/v2\/comments?post=12041"}],"version-history":[{"count":3,"href":"https:\/\/www.rebostavilluis.com\/es\/wp-json\/wp\/v2\/pages\/12041\/revisions"}],"predecessor-version":[{"id":12044,"href":"https:\/\/www.rebostavilluis.com\/es\/wp-json\/wp\/v2\/pages\/12041\/revisions\/12044"}],"wp:attachment":[{"href":"https:\/\/www.rebostavilluis.com\/es\/wp-json\/wp\/v2\/media?parent=12041"}],"curies":[{"name":"wp","href":"https:\/\/api.w.org\/{rel}","templated":true}]}}