{"id":1236,"date":"2018-12-28T01:48:29","date_gmt":"2018-12-28T00:48:29","guid":{"rendered":"https:\/\/www.rebostavilluis.com\/cava\/"},"modified":"2019-03-12T12:36:33","modified_gmt":"2019-03-12T11:36:33","slug":"cava","status":"publish","type":"page","link":"https:\/\/www.rebostavilluis.com\/es\/cava\/","title":{"rendered":"Cava"},"content":{"rendered":"<div class=\"woocommerce columns-3 \"><ul class=\"products columns-3\">\n<li class=\"infinite-scroll-item sales-flash-overlay woocommerce-text-align-center woocommerce-image-align-center do-quantity-buttons product type-product post-8116 status-publish first instock product_cat-cava-es has-post-thumbnail shipping-taxable purchasable product-type-simple\">\n\t<a href=\"https:\/\/www.rebostavilluis.com\/es\/comprar\/cava-mvsa-brut-nature\/\" class=\"woocommerce-LoopProduct-link woocommerce-loop-product__link\"><img decoding=\"async\" width=\"300\" height=\"300\" data-src=\"https:\/\/www.rebostavilluis.com\/wp-content\/uploads\/2020\/11\/MVSA_Cava-300x300.png\" class=\"attachment-woocommerce_thumbnail size-woocommerce_thumbnail lazyload\" alt=\"Cava MVSA Brut Nature\" data-srcset=\"https:\/\/www.rebostavilluis.com\/wp-content\/uploads\/2020\/11\/MVSA_Cava-300x300.png 300w, https:\/\/www.rebostavilluis.com\/wp-content\/uploads\/2020\/11\/MVSA_Cava-1024x1024.png 1024w, https:\/\/www.rebostavilluis.com\/wp-content\/uploads\/2020\/11\/MVSA_Cava-150x150.png 150w, https:\/\/www.rebostavilluis.com\/wp-content\/uploads\/2020\/11\/MVSA_Cava-768x768.png 768w, https:\/\/www.rebostavilluis.com\/wp-content\/uploads\/2020\/11\/MVSA_Cava-600x600.png 600w, https:\/\/www.rebostavilluis.com\/wp-content\/uploads\/2020\/11\/MVSA_Cava-100x100.png 100w, https:\/\/www.rebostavilluis.com\/wp-content\/uploads\/2020\/11\/MVSA_Cava-64x64.png 64w, https:\/\/www.rebostavilluis.com\/wp-content\/uploads\/2020\/11\/MVSA_Cava.png 1080w\" data-sizes=\"(max-width: 300px) 100vw, 300px\" src=\"data:image\/svg+xml;base64,PHN2ZyB3aWR0aD0iMSIgaGVpZ2h0PSIxIiB4bWxucz0iaHR0cDovL3d3dy53My5vcmcvMjAwMC9zdmciPjwvc3ZnPg==\" style=\"--smush-placeholder-width: 300px; --smush-placeholder-aspect-ratio: 300\/300;\" \/><h2 class=\"woocommerce-loop-product__title\">Cava MVSA Brut Nature<\/h2>\n\t<span class=\"price\"><span class=\"woocommerce-Price-amount amount\"><bdi>6,50<span class=\"woocommerce-Price-currencySymbol\">&euro;<\/span><\/bdi><\/span><\/span>\n<\/a><a href=\"\/es\/wp-json\/wp\/v2\/pages\/1236?add-to-cart=8116\" aria-describedby=\"woocommerce_loop_add_to_cart_link_describedby_8116\" data-quantity=\"1\" class=\"button product_type_simple add_to_cart_button ajax_add_to_cart\" data-product_id=\"8116\" data-product_sku=\"4400203\" aria-label=\"A\u00f1adir al carrito: &ldquo;Cava MVSA Brut Nature&rdquo;\" rel=\"nofollow\" data-success_message=\"\u00abCava MVSA Brut Nature\u00bb se ha a\u00f1adido a tu carrito\" role=\"button\">A\u00f1adir al carrito<\/a>\t<span id=\"woocommerce_loop_add_to_cart_link_describedby_8116\" class=\"screen-reader-text\">\n\t\t\t<\/span>\n<\/li>\n<li class=\"infinite-scroll-item sales-flash-overlay woocommerce-text-align-center woocommerce-image-align-center do-quantity-buttons product type-product post-10449 status-publish instock product_cat-cava-es product_tag-cava-es product_tag-cava-rosado product_tag-mvsa has-post-thumbnail shipping-taxable purchasable product-type-simple\">\n\t<a href=\"https:\/\/www.rebostavilluis.com\/es\/comprar\/cava-mvsa-rosat\/\" class=\"woocommerce-LoopProduct-link woocommerce-loop-product__link\"><img decoding=\"async\" width=\"300\" height=\"300\" data-src=\"https:\/\/www.rebostavilluis.com\/wp-content\/uploads\/2022\/03\/cava_mvsa_rosat-300x300.jpg\" class=\"attachment-woocommerce_thumbnail size-woocommerce_thumbnail lazyload\" alt=\"Cava MVSA Rosado\" data-srcset=\"https:\/\/www.rebostavilluis.com\/wp-content\/uploads\/2022\/03\/cava_mvsa_rosat-300x300.jpg 300w, https:\/\/www.rebostavilluis.com\/wp-content\/uploads\/2022\/03\/cava_mvsa_rosat-1024x1024.jpg 1024w, https:\/\/www.rebostavilluis.com\/wp-content\/uploads\/2022\/03\/cava_mvsa_rosat-150x150.jpg 150w, https:\/\/www.rebostavilluis.com\/wp-content\/uploads\/2022\/03\/cava_mvsa_rosat-768x768.jpg 768w, https:\/\/www.rebostavilluis.com\/wp-content\/uploads\/2022\/03\/cava_mvsa_rosat-600x600.jpg 600w, https:\/\/www.rebostavilluis.com\/wp-content\/uploads\/2022\/03\/cava_mvsa_rosat-100x100.jpg 100w, https:\/\/www.rebostavilluis.com\/wp-content\/uploads\/2022\/03\/cava_mvsa_rosat-64x64.jpg 64w, https:\/\/www.rebostavilluis.com\/wp-content\/uploads\/2022\/03\/cava_mvsa_rosat.jpg 1080w\" data-sizes=\"(max-width: 300px) 100vw, 300px\" src=\"data:image\/svg+xml;base64,PHN2ZyB3aWR0aD0iMSIgaGVpZ2h0PSIxIiB4bWxucz0iaHR0cDovL3d3dy53My5vcmcvMjAwMC9zdmciPjwvc3ZnPg==\" style=\"--smush-placeholder-width: 300px; --smush-placeholder-aspect-ratio: 300\/300;\" \/><h2 class=\"woocommerce-loop-product__title\">Cava MVSA Rosado<\/h2>\n\t<span class=\"price\"><span class=\"woocommerce-Price-amount amount\"><bdi>6,50<span class=\"woocommerce-Price-currencySymbol\">&euro;<\/span><\/bdi><\/span><\/span>\n<\/a><a href=\"\/es\/wp-json\/wp\/v2\/pages\/1236?add-to-cart=10449\" aria-describedby=\"woocommerce_loop_add_to_cart_link_describedby_10449\" data-quantity=\"1\" class=\"button product_type_simple add_to_cart_button ajax_add_to_cart\" data-product_id=\"10449\" data-product_sku=\"4400205\" aria-label=\"A\u00f1adir al carrito: &ldquo;Cava MVSA Rosado&rdquo;\" rel=\"nofollow\" data-success_message=\"\u00abCava MVSA Rosado\u00bb se ha a\u00f1adido a tu carrito\" role=\"button\">A\u00f1adir al carrito<\/a>\t<span id=\"woocommerce_loop_add_to_cart_link_describedby_10449\" class=\"screen-reader-text\">\n\t\t\t<\/span>\n<\/li>\n<li class=\"infinite-scroll-item sales-flash-overlay woocommerce-text-align-center woocommerce-image-align-center do-quantity-buttons product type-product post-16333 status-publish last instock product_cat-cava-es has-post-thumbnail shipping-taxable purchasable product-type-simple\">\n\t<a href=\"https:\/\/www.rebostavilluis.com\/es\/comprar\/cava-pupitre-brut-nature-3\/\" class=\"woocommerce-LoopProduct-link woocommerce-loop-product__link\"><img decoding=\"async\" width=\"300\" height=\"300\" data-src=\"https:\/\/www.rebostavilluis.com\/wp-content\/uploads\/2025\/10\/Cava-Pupitre-Brut-Nature-300x300.png\" class=\"attachment-woocommerce_thumbnail size-woocommerce_thumbnail lazyload\" alt=\"Cava Pupitre Brut Nature\" data-srcset=\"https:\/\/www.rebostavilluis.com\/wp-content\/uploads\/2025\/10\/Cava-Pupitre-Brut-Nature-300x300.png 300w, https:\/\/www.rebostavilluis.com\/wp-content\/uploads\/2025\/10\/Cava-Pupitre-Brut-Nature-1024x1024.png 1024w, https:\/\/www.rebostavilluis.com\/wp-content\/uploads\/2025\/10\/Cava-Pupitre-Brut-Nature-150x150.png 150w, https:\/\/www.rebostavilluis.com\/wp-content\/uploads\/2025\/10\/Cava-Pupitre-Brut-Nature-768x768.png 768w, https:\/\/www.rebostavilluis.com\/wp-content\/uploads\/2025\/10\/Cava-Pupitre-Brut-Nature-1536x1536.png 1536w, https:\/\/www.rebostavilluis.com\/wp-content\/uploads\/2025\/10\/Cava-Pupitre-Brut-Nature-2048x2048.png 2048w, https:\/\/www.rebostavilluis.com\/wp-content\/uploads\/2025\/10\/Cava-Pupitre-Brut-Nature-600x600.png 600w, https:\/\/www.rebostavilluis.com\/wp-content\/uploads\/2025\/10\/Cava-Pupitre-Brut-Nature-100x100.png 100w, https:\/\/www.rebostavilluis.com\/wp-content\/uploads\/2025\/10\/Cava-Pupitre-Brut-Nature-64x64.png 64w\" data-sizes=\"(max-width: 300px) 100vw, 300px\" src=\"data:image\/svg+xml;base64,PHN2ZyB3aWR0aD0iMSIgaGVpZ2h0PSIxIiB4bWxucz0iaHR0cDovL3d3dy53My5vcmcvMjAwMC9zdmciPjwvc3ZnPg==\" style=\"--smush-placeholder-width: 300px; --smush-placeholder-aspect-ratio: 300\/300;\" \/><h2 class=\"woocommerce-loop-product__title\">Cava Pupitre Brut Nature<\/h2>\n\t<span class=\"price\"><span class=\"woocommerce-Price-amount amount\"><bdi>5,95<span class=\"woocommerce-Price-currencySymbol\">&euro;<\/span><\/bdi><\/span><\/span>\n<\/a><a href=\"\/es\/wp-json\/wp\/v2\/pages\/1236?add-to-cart=16333\" aria-describedby=\"woocommerce_loop_add_to_cart_link_describedby_16333\" data-quantity=\"1\" class=\"button product_type_simple add_to_cart_button ajax_add_to_cart\" data-product_id=\"16333\" data-product_sku=\"440257\" aria-label=\"A\u00f1adir al carrito: &ldquo;Cava Pupitre Brut Nature&rdquo;\" rel=\"nofollow\" data-success_message=\"\u00abCava Pupitre Brut Nature\u00bb se ha a\u00f1adido a tu carrito\" role=\"button\">A\u00f1adir al carrito<\/a>\t<span id=\"woocommerce_loop_add_to_cart_link_describedby_16333\" class=\"screen-reader-text\">\n\t\t\t<\/span>\n<\/li>\n<li class=\"infinite-scroll-item sales-flash-overlay woocommerce-text-align-center woocommerce-image-align-center do-quantity-buttons product type-product post-16335 status-publish first instock product_cat-cava-es has-post-thumbnail shipping-taxable purchasable product-type-simple\">\n\t<a href=\"https:\/\/www.rebostavilluis.com\/es\/comprar\/cava-castell-dor-brut-nature-2\/\" class=\"woocommerce-LoopProduct-link woocommerce-loop-product__link\"><img decoding=\"async\" width=\"300\" height=\"300\" data-src=\"https:\/\/www.rebostavilluis.com\/wp-content\/uploads\/2025\/10\/Cava-Castell-dOr-Brut-Nature-300x300.webp\" class=\"attachment-woocommerce_thumbnail size-woocommerce_thumbnail lazyload\" alt=\"Cava Castell d\u2019Or Brut Nature\" data-srcset=\"https:\/\/www.rebostavilluis.com\/wp-content\/uploads\/2025\/10\/Cava-Castell-dOr-Brut-Nature-300x300.webp 300w, https:\/\/www.rebostavilluis.com\/wp-content\/uploads\/2025\/10\/Cava-Castell-dOr-Brut-Nature-150x150.webp 150w, https:\/\/www.rebostavilluis.com\/wp-content\/uploads\/2025\/10\/Cava-Castell-dOr-Brut-Nature-100x100.webp 100w\" data-sizes=\"(max-width: 300px) 100vw, 300px\" src=\"data:image\/svg+xml;base64,PHN2ZyB3aWR0aD0iMSIgaGVpZ2h0PSIxIiB4bWxucz0iaHR0cDovL3d3dy53My5vcmcvMjAwMC9zdmciPjwvc3ZnPg==\" style=\"--smush-placeholder-width: 300px; --smush-placeholder-aspect-ratio: 300\/300;\" \/><h2 class=\"woocommerce-loop-product__title\">Cava Castell d\u2019Or Brut Nature<\/h2>\n\t<span class=\"price\"><span class=\"woocommerce-Price-amount amount\"><bdi>8,75<span class=\"woocommerce-Price-currencySymbol\">&euro;<\/span><\/bdi><\/span><\/span>\n<\/a><a href=\"\/es\/wp-json\/wp\/v2\/pages\/1236?add-to-cart=16335\" aria-describedby=\"woocommerce_loop_add_to_cart_link_describedby_16335\" data-quantity=\"1\" class=\"button product_type_simple add_to_cart_button ajax_add_to_cart\" data-product_id=\"16335\" data-product_sku=\"440273\" aria-label=\"A\u00f1adir al carrito: &ldquo;Cava Castell d\u2019Or Brut Nature&rdquo;\" rel=\"nofollow\" data-success_message=\"\u00abCava Castell d\u2019Or Brut Nature\u00bb se ha a\u00f1adido a tu carrito\" role=\"button\">A\u00f1adir al carrito<\/a>\t<span id=\"woocommerce_loop_add_to_cart_link_describedby_16335\" class=\"screen-reader-text\">\n\t\t\t<\/span>\n<\/li>\n<li class=\"infinite-scroll-item sales-flash-overlay woocommerce-text-align-center woocommerce-image-align-center do-quantity-buttons product type-product post-2985 status-publish instock product_cat-cava-es has-post-thumbnail purchasable product-type-simple\">\n\t<a href=\"https:\/\/www.rebostavilluis.com\/es\/comprar\/cava-agusti-torello-mata-brut-reserva\/\" class=\"woocommerce-LoopProduct-link woocommerce-loop-product__link\"><img decoding=\"async\" width=\"300\" height=\"300\" data-src=\"https:\/\/www.rebostavilluis.com\/wp-content\/uploads\/2018\/12\/1439-300x300.jpg\" class=\"attachment-woocommerce_thumbnail size-woocommerce_thumbnail lazyload\" alt=\"CAVA AGUST\u00cd TORELL\u00d3 MATA BRUT RESERVA\" data-srcset=\"https:\/\/www.rebostavilluis.com\/wp-content\/uploads\/2018\/12\/1439-300x300.jpg 300w, https:\/\/www.rebostavilluis.com\/wp-content\/uploads\/2018\/12\/1439-150x150.jpg 150w, https:\/\/www.rebostavilluis.com\/wp-content\/uploads\/2018\/12\/1439-768x768.jpg 768w, https:\/\/www.rebostavilluis.com\/wp-content\/uploads\/2018\/12\/1439-600x600.jpg 600w, https:\/\/www.rebostavilluis.com\/wp-content\/uploads\/2018\/12\/1439-100x100.jpg 100w, https:\/\/www.rebostavilluis.com\/wp-content\/uploads\/2018\/12\/1439.jpg 800w\" data-sizes=\"(max-width: 300px) 100vw, 300px\" src=\"data:image\/svg+xml;base64,PHN2ZyB3aWR0aD0iMSIgaGVpZ2h0PSIxIiB4bWxucz0iaHR0cDovL3d3dy53My5vcmcvMjAwMC9zdmciPjwvc3ZnPg==\" style=\"--smush-placeholder-width: 300px; --smush-placeholder-aspect-ratio: 300\/300;\" \/><h2 class=\"woocommerce-loop-product__title\">Cava Agust\u00ed Torell\u00f3 Mata Brut Reserva<\/h2>\n\t<span class=\"price\"><span class=\"woocommerce-Price-amount amount\"><bdi>13,60<span class=\"woocommerce-Price-currencySymbol\">&euro;<\/span><\/bdi><\/span><\/span>\n<\/a><a href=\"\/es\/wp-json\/wp\/v2\/pages\/1236?add-to-cart=2985\" aria-describedby=\"woocommerce_loop_add_to_cart_link_describedby_2985\" data-quantity=\"1\" class=\"button product_type_simple add_to_cart_button ajax_add_to_cart\" data-product_id=\"2985\" data-product_sku=\"440012\" aria-label=\"A\u00f1adir al carrito: &ldquo;Cava Agust\u00ed Torell\u00f3 Mata Brut Reserva&rdquo;\" rel=\"nofollow\" data-success_message=\"\u00abCava Agust\u00ed Torell\u00f3 Mata Brut Reserva\u00bb se ha a\u00f1adido a tu carrito\" role=\"button\">A\u00f1adir al carrito<\/a>\t<span id=\"woocommerce_loop_add_to_cart_link_describedby_2985\" class=\"screen-reader-text\">\n\t\t\t<\/span>\n<\/li>\n<li class=\"infinite-scroll-item sales-flash-overlay woocommerce-text-align-center woocommerce-image-align-center do-quantity-buttons product type-product post-2987 status-publish last instock product_cat-cava-es has-post-thumbnail purchasable product-type-simple\">\n\t<a href=\"https:\/\/www.rebostavilluis.com\/es\/comprar\/cava-agusti-torello-mata-brut-nature-75-cl\/\" class=\"woocommerce-LoopProduct-link woocommerce-loop-product__link\"><img decoding=\"async\" width=\"300\" height=\"300\" data-src=\"https:\/\/www.rebostavilluis.com\/wp-content\/uploads\/2018\/12\/1438-300x300.jpg\" class=\"attachment-woocommerce_thumbnail size-woocommerce_thumbnail lazyload\" alt=\"CAVA AGUST\u00cd TORELL\u00d3 MATA BRUT NATURE 75CL.\" data-srcset=\"https:\/\/www.rebostavilluis.com\/wp-content\/uploads\/2018\/12\/1438-300x300.jpg 300w, https:\/\/www.rebostavilluis.com\/wp-content\/uploads\/2018\/12\/1438-150x150.jpg 150w, https:\/\/www.rebostavilluis.com\/wp-content\/uploads\/2018\/12\/1438-768x768.jpg 768w, https:\/\/www.rebostavilluis.com\/wp-content\/uploads\/2018\/12\/1438-600x600.jpg 600w, https:\/\/www.rebostavilluis.com\/wp-content\/uploads\/2018\/12\/1438-100x100.jpg 100w, https:\/\/www.rebostavilluis.com\/wp-content\/uploads\/2018\/12\/1438.jpg 800w\" data-sizes=\"(max-width: 300px) 100vw, 300px\" src=\"data:image\/svg+xml;base64,PHN2ZyB3aWR0aD0iMSIgaGVpZ2h0PSIxIiB4bWxucz0iaHR0cDovL3d3dy53My5vcmcvMjAwMC9zdmciPjwvc3ZnPg==\" style=\"--smush-placeholder-width: 300px; --smush-placeholder-aspect-ratio: 300\/300;\" \/><h2 class=\"woocommerce-loop-product__title\">Cava Agust\u00ed Torell\u00f3 Mata Brut Nature 75cl.<\/h2>\n\t<span class=\"price\"><span class=\"woocommerce-Price-amount amount\"><bdi>20,50<span class=\"woocommerce-Price-currencySymbol\">&euro;<\/span><\/bdi><\/span><\/span>\n<\/a><a href=\"\/es\/wp-json\/wp\/v2\/pages\/1236?add-to-cart=2987\" aria-describedby=\"woocommerce_loop_add_to_cart_link_describedby_2987\" data-quantity=\"1\" class=\"button product_type_simple add_to_cart_button ajax_add_to_cart\" data-product_id=\"2987\" data-product_sku=\"440014\" aria-label=\"A\u00f1adir al carrito: &ldquo;Cava Agust\u00ed Torell\u00f3 Mata Brut Nature 75cl.&rdquo;\" rel=\"nofollow\" data-success_message=\"\u00abCava Agust\u00ed Torell\u00f3 Mata Brut Nature 75cl.\u00bb se ha a\u00f1adido a tu carrito\" role=\"button\">A\u00f1adir al carrito<\/a>\t<span id=\"woocommerce_loop_add_to_cart_link_describedby_2987\" class=\"screen-reader-text\">\n\t\t\t<\/span>\n<\/li>\n<li class=\"infinite-scroll-item sales-flash-overlay woocommerce-text-align-center woocommerce-image-align-center do-quantity-buttons product type-product post-7219 status-publish first instock product_cat-cava-es has-post-thumbnail shipping-taxable purchasable product-type-simple\">\n\t<a href=\"https:\/\/www.rebostavilluis.com\/es\/comprar\/cava-kripta-brut-nature\/\" class=\"woocommerce-LoopProduct-link woocommerce-loop-product__link\"><img decoding=\"async\" width=\"300\" height=\"300\" data-src=\"https:\/\/www.rebostavilluis.com\/wp-content\/uploads\/2020\/05\/cava-kripta-brut-nature-300x300.png\" class=\"attachment-woocommerce_thumbnail size-woocommerce_thumbnail lazyload\" alt=\"Cava Kripta Brut Nature\" data-srcset=\"https:\/\/www.rebostavilluis.com\/wp-content\/uploads\/2020\/05\/cava-kripta-brut-nature-300x300.png 300w, https:\/\/www.rebostavilluis.com\/wp-content\/uploads\/2020\/05\/cava-kripta-brut-nature-100x100.png 100w, https:\/\/www.rebostavilluis.com\/wp-content\/uploads\/2020\/05\/cava-kripta-brut-nature-450x450.png 450w, https:\/\/www.rebostavilluis.com\/wp-content\/uploads\/2020\/05\/cava-kripta-brut-nature-150x150.png 150w, https:\/\/www.rebostavilluis.com\/wp-content\/uploads\/2020\/05\/cava-kripta-brut-nature-768x768.png 768w, https:\/\/www.rebostavilluis.com\/wp-content\/uploads\/2020\/05\/cava-kripta-brut-nature-32x32.png 32w, https:\/\/www.rebostavilluis.com\/wp-content\/uploads\/2020\/05\/cava-kripta-brut-nature.png 800w\" data-sizes=\"(max-width: 300px) 100vw, 300px\" src=\"data:image\/svg+xml;base64,PHN2ZyB3aWR0aD0iMSIgaGVpZ2h0PSIxIiB4bWxucz0iaHR0cDovL3d3dy53My5vcmcvMjAwMC9zdmciPjwvc3ZnPg==\" style=\"--smush-placeholder-width: 300px; --smush-placeholder-aspect-ratio: 300\/300;\" \/><h2 class=\"woocommerce-loop-product__title\">Cava Kripta Brut Nature<\/h2>\n\t<span class=\"price\"><span class=\"woocommerce-Price-amount amount\"><bdi>76,50<span class=\"woocommerce-Price-currencySymbol\">&euro;<\/span><\/bdi><\/span><\/span>\n<\/a><a href=\"\/es\/wp-json\/wp\/v2\/pages\/1236?add-to-cart=7219\" aria-describedby=\"woocommerce_loop_add_to_cart_link_describedby_7219\" data-quantity=\"1\" class=\"button product_type_simple add_to_cart_button ajax_add_to_cart\" data-product_id=\"7219\" data-product_sku=\"440016\" aria-label=\"A\u00f1adir al carrito: &ldquo;Cava Kripta Brut Nature&rdquo;\" rel=\"nofollow\" data-success_message=\"\u00abCava Kripta Brut Nature\u00bb se ha a\u00f1adido a tu carrito\" role=\"button\">A\u00f1adir al carrito<\/a>\t<span id=\"woocommerce_loop_add_to_cart_link_describedby_7219\" class=\"screen-reader-text\">\n\t\t\t<\/span>\n<\/li>\n<\/ul>\n<\/div>\n","protected":false},"excerpt":{"rendered":"","protected":false},"author":1,"featured_media":0,"parent":0,"menu_order":0,"comment_status":"closed","ping_status":"closed","template":"","meta":{"_joinchat":[],"footnotes":""},"class_list":{"0":"post-1236","1":"page","2":"type-page","3":"status-publish","5":"infinite-scroll-item"},"yoast_head":"<!-- This site is optimized with the Yoast SEO plugin v27.3 - https:\/\/yoast.com\/product\/yoast-seo-wordpress\/ -->\n<title>Cava - El Rebost de l&#039;Avi llu&iacute;s<\/title>\n<meta name=\"robots\" content=\"index, follow, max-snippet:-1, max-image-preview:large, max-video-preview:-1\" \/>\n<link rel=\"canonical\" href=\"https:\/\/www.rebostavilluis.com\/es\/cava\/\" \/>\n<meta property=\"og:locale\" content=\"es_ES\" \/>\n<meta property=\"og:type\" content=\"article\" \/>\n<meta property=\"og:title\" content=\"Cava - El Rebost de l&#039;Avi llu&iacute;s\" \/>\n<meta property=\"og:url\" content=\"https:\/\/www.rebostavilluis.com\/es\/cava\/\" \/>\n<meta property=\"og:site_name\" content=\"El Rebost de l&#039;Avi llu&iacute;s\" \/>\n<meta property=\"article:modified_time\" content=\"2019-03-12T11:36:33+00:00\" \/>\n<meta name=\"twitter:card\" content=\"summary_large_image\" \/>\n<script type=\"application\/ld+json\" class=\"yoast-schema-graph\">{\"@context\":\"https:\\\/\\\/schema.org\",\"@graph\":[{\"@type\":\"WebPage\",\"@id\":\"https:\\\/\\\/www.rebostavilluis.com\\\/es\\\/cava\\\/\",\"url\":\"https:\\\/\\\/www.rebostavilluis.com\\\/es\\\/cava\\\/\",\"name\":\"Cava - El Rebost de l'Avi llu&iacute;s\",\"isPartOf\":{\"@id\":\"https:\\\/\\\/www.rebostavilluis.com\\\/es\\\/#website\"},\"datePublished\":\"2018-12-28T00:48:29+00:00\",\"dateModified\":\"2019-03-12T11:36:33+00:00\",\"breadcrumb\":{\"@id\":\"https:\\\/\\\/www.rebostavilluis.com\\\/es\\\/cava\\\/#breadcrumb\"},\"inLanguage\":\"es\",\"potentialAction\":[{\"@type\":\"ReadAction\",\"target\":[\"https:\\\/\\\/www.rebostavilluis.com\\\/es\\\/cava\\\/\"]}]},{\"@type\":\"BreadcrumbList\",\"@id\":\"https:\\\/\\\/www.rebostavilluis.com\\\/es\\\/cava\\\/#breadcrumb\",\"itemListElement\":[{\"@type\":\"ListItem\",\"position\":1,\"name\":\"Portada\",\"item\":\"https:\\\/\\\/www.rebostavilluis.com\\\/es\\\/\"},{\"@type\":\"ListItem\",\"position\":2,\"name\":\"Cava\"}]},{\"@type\":\"WebSite\",\"@id\":\"https:\\\/\\\/www.rebostavilluis.com\\\/es\\\/#website\",\"url\":\"https:\\\/\\\/www.rebostavilluis.com\\\/es\\\/\",\"name\":\"El Rebost de l'Avi llu&iacute;s\",\"description\":\"Mel del Perell&oacute;\",\"publisher\":{\"@id\":\"https:\\\/\\\/www.rebostavilluis.com\\\/es\\\/#organization\"},\"potentialAction\":[{\"@type\":\"SearchAction\",\"target\":{\"@type\":\"EntryPoint\",\"urlTemplate\":\"https:\\\/\\\/www.rebostavilluis.com\\\/es\\\/?s={search_term_string}\"},\"query-input\":{\"@type\":\"PropertyValueSpecification\",\"valueRequired\":true,\"valueName\":\"search_term_string\"}}],\"inLanguage\":\"es\"},{\"@type\":\"Organization\",\"@id\":\"https:\\\/\\\/www.rebostavilluis.com\\\/es\\\/#organization\",\"name\":\"El Rebost de l'Avi llu&iacute;s\",\"url\":\"https:\\\/\\\/www.rebostavilluis.com\\\/es\\\/\",\"logo\":{\"@type\":\"ImageObject\",\"inLanguage\":\"es\",\"@id\":\"https:\\\/\\\/www.rebostavilluis.com\\\/es\\\/#\\\/schema\\\/logo\\\/image\\\/\",\"url\":\"https:\\\/\\\/www.rebostavilluis.com\\\/wp-content\\\/uploads\\\/2021\\\/06\\\/logo.png\",\"contentUrl\":\"https:\\\/\\\/www.rebostavilluis.com\\\/wp-content\\\/uploads\\\/2021\\\/06\\\/logo.png\",\"width\":273,\"height\":74,\"caption\":\"El Rebost de l'Avi llu&iacute;s\"},\"image\":{\"@id\":\"https:\\\/\\\/www.rebostavilluis.com\\\/es\\\/#\\\/schema\\\/logo\\\/image\\\/\"}}]}<\/script>\n<!-- \/ Yoast SEO plugin. -->","yoast_head_json":{"title":"Cava - El Rebost de l'Avi llu&iacute;s","robots":{"index":"index","follow":"follow","max-snippet":"max-snippet:-1","max-image-preview":"max-image-preview:large","max-video-preview":"max-video-preview:-1"},"canonical":"https:\/\/www.rebostavilluis.com\/es\/cava\/","og_locale":"es_ES","og_type":"article","og_title":"Cava - El Rebost de l'Avi llu&iacute;s","og_url":"https:\/\/www.rebostavilluis.com\/es\/cava\/","og_site_name":"El Rebost de l'Avi llu&iacute;s","article_modified_time":"2019-03-12T11:36:33+00:00","twitter_card":"summary_large_image","schema":{"@context":"https:\/\/schema.org","@graph":[{"@type":"WebPage","@id":"https:\/\/www.rebostavilluis.com\/es\/cava\/","url":"https:\/\/www.rebostavilluis.com\/es\/cava\/","name":"Cava - El Rebost de l'Avi llu&iacute;s","isPartOf":{"@id":"https:\/\/www.rebostavilluis.com\/es\/#website"},"datePublished":"2018-12-28T00:48:29+00:00","dateModified":"2019-03-12T11:36:33+00:00","breadcrumb":{"@id":"https:\/\/www.rebostavilluis.com\/es\/cava\/#breadcrumb"},"inLanguage":"es","potentialAction":[{"@type":"ReadAction","target":["https:\/\/www.rebostavilluis.com\/es\/cava\/"]}]},{"@type":"BreadcrumbList","@id":"https:\/\/www.rebostavilluis.com\/es\/cava\/#breadcrumb","itemListElement":[{"@type":"ListItem","position":1,"name":"Portada","item":"https:\/\/www.rebostavilluis.com\/es\/"},{"@type":"ListItem","position":2,"name":"Cava"}]},{"@type":"WebSite","@id":"https:\/\/www.rebostavilluis.com\/es\/#website","url":"https:\/\/www.rebostavilluis.com\/es\/","name":"El Rebost de l'Avi llu&iacute;s","description":"Mel del Perell&oacute;","publisher":{"@id":"https:\/\/www.rebostavilluis.com\/es\/#organization"},"potentialAction":[{"@type":"SearchAction","target":{"@type":"EntryPoint","urlTemplate":"https:\/\/www.rebostavilluis.com\/es\/?s={search_term_string}"},"query-input":{"@type":"PropertyValueSpecification","valueRequired":true,"valueName":"search_term_string"}}],"inLanguage":"es"},{"@type":"Organization","@id":"https:\/\/www.rebostavilluis.com\/es\/#organization","name":"El Rebost de l'Avi llu&iacute;s","url":"https:\/\/www.rebostavilluis.com\/es\/","logo":{"@type":"ImageObject","inLanguage":"es","@id":"https:\/\/www.rebostavilluis.com\/es\/#\/schema\/logo\/image\/","url":"https:\/\/www.rebostavilluis.com\/wp-content\/uploads\/2021\/06\/logo.png","contentUrl":"https:\/\/www.rebostavilluis.com\/wp-content\/uploads\/2021\/06\/logo.png","width":273,"height":74,"caption":"El Rebost de l'Avi llu&iacute;s"},"image":{"@id":"https:\/\/www.rebostavilluis.com\/es\/#\/schema\/logo\/image\/"}}]}},"_links":{"self":[{"href":"https:\/\/www.rebostavilluis.com\/es\/wp-json\/wp\/v2\/pages\/1236","targetHints":{"allow":["GET"]}}],"collection":[{"href":"https:\/\/www.rebostavilluis.com\/es\/wp-json\/wp\/v2\/pages"}],"about":[{"href":"https:\/\/www.rebostavilluis.com\/es\/wp-json\/wp\/v2\/types\/page"}],"author":[{"embeddable":true,"href":"https:\/\/www.rebostavilluis.com\/es\/wp-json\/wp\/v2\/users\/1"}],"replies":[{"embeddable":true,"href":"https:\/\/www.rebostavilluis.com\/es\/wp-json\/wp\/v2\/comments?post=1236"}],"version-history":[{"count":1,"href":"https:\/\/www.rebostavilluis.com\/es\/wp-json\/wp\/v2\/pages\/1236\/revisions"}],"predecessor-version":[{"id":4068,"href":"https:\/\/www.rebostavilluis.com\/es\/wp-json\/wp\/v2\/pages\/1236\/revisions\/4068"}],"wp:attachment":[{"href":"https:\/\/www.rebostavilluis.com\/es\/wp-json\/wp\/v2\/media?parent=1236"}],"curies":[{"name":"wp","href":"https:\/\/api.w.org\/{rel}","templated":true}]}}