{"id":1241,"date":"2018-12-28T01:52:57","date_gmt":"2018-12-28T00:52:57","guid":{"rendered":"https:\/\/www.rebostavilluis.com\/jalea-real\/"},"modified":"2025-04-26T18:31:46","modified_gmt":"2025-04-26T16:31:46","slug":"jalea-real","status":"publish","type":"page","link":"https:\/\/www.rebostavilluis.com\/es\/jalea-real\/","title":{"rendered":"Jalea Real"},"content":{"rendered":"<p><span style=\"color: #000000;\"><div class=\"woocommerce columns-3 \"><ul class=\"products columns-3\">\n<li class=\"infinite-scroll-item sales-flash-overlay woocommerce-text-align-center woocommerce-image-align-center do-quantity-buttons product type-product post-2883 status-publish first instock product_cat-jalea-real has-post-thumbnail purchasable product-type-simple\">\n\t<a href=\"https:\/\/www.rebostavilluis.com\/es\/comprar\/jalea-real-10gr\/\" class=\"woocommerce-LoopProduct-link woocommerce-loop-product__link\"><img decoding=\"async\" width=\"300\" height=\"300\" data-src=\"https:\/\/www.rebostavilluis.com\/wp-content\/uploads\/2019\/01\/geleaReial3-300x300.jpg\" class=\"attachment-woocommerce_thumbnail size-woocommerce_thumbnail lazyload\" alt=\"gelea 10gr\" data-srcset=\"https:\/\/www.rebostavilluis.com\/wp-content\/uploads\/2019\/01\/geleaReial3-300x300.jpg 300w, https:\/\/www.rebostavilluis.com\/wp-content\/uploads\/2019\/01\/geleaReial3-150x150.jpg 150w, https:\/\/www.rebostavilluis.com\/wp-content\/uploads\/2019\/01\/geleaReial3-100x100.jpg 100w\" data-sizes=\"(max-width: 300px) 100vw, 300px\" src=\"data:image\/svg+xml;base64,PHN2ZyB3aWR0aD0iMSIgaGVpZ2h0PSIxIiB4bWxucz0iaHR0cDovL3d3dy53My5vcmcvMjAwMC9zdmciPjwvc3ZnPg==\" style=\"--smush-placeholder-width: 300px; --smush-placeholder-aspect-ratio: 300\/300;\" \/><h2 class=\"woocommerce-loop-product__title\">Jalea Real 10gr.<\/h2>\n\t<span class=\"price\"><span class=\"woocommerce-Price-amount amount\"><bdi>6,90<span class=\"woocommerce-Price-currencySymbol\">&euro;<\/span><\/bdi><\/span><\/span>\n<\/a><a href=\"\/es\/wp-json\/wp\/v2\/pages\/1241?add-to-cart=2883\" aria-describedby=\"woocommerce_loop_add_to_cart_link_describedby_2883\" data-quantity=\"1\" class=\"button product_type_simple add_to_cart_button ajax_add_to_cart\" data-product_id=\"2883\" data-product_sku=\"30001\" aria-label=\"A\u00f1adir al carrito: &ldquo;Jalea Real 10gr.&rdquo;\" rel=\"nofollow\" data-success_message=\"\u00abJalea Real 10gr.\u00bb se ha a\u00f1adido a tu carrito\" role=\"button\">A\u00f1adir al carrito<\/a>\t<span id=\"woocommerce_loop_add_to_cart_link_describedby_2883\" class=\"screen-reader-text\">\n\t\t\t<\/span>\n<\/li>\n<li class=\"infinite-scroll-item sales-flash-overlay woocommerce-text-align-center woocommerce-image-align-center do-quantity-buttons product type-product post-2884 status-publish instock product_cat-jalea-real has-post-thumbnail purchasable product-type-simple\">\n\t<a href=\"https:\/\/www.rebostavilluis.com\/es\/comprar\/jalea-real-20gr\/\" class=\"woocommerce-LoopProduct-link woocommerce-loop-product__link\"><img decoding=\"async\" width=\"300\" height=\"300\" data-src=\"https:\/\/www.rebostavilluis.com\/wp-content\/uploads\/2019\/01\/geleaReial2-300x300.jpg\" class=\"attachment-woocommerce_thumbnail size-woocommerce_thumbnail lazyload\" alt=\"gelea 20gr\" data-srcset=\"https:\/\/www.rebostavilluis.com\/wp-content\/uploads\/2019\/01\/geleaReial2-300x300.jpg 300w, https:\/\/www.rebostavilluis.com\/wp-content\/uploads\/2019\/01\/geleaReial2-150x150.jpg 150w, https:\/\/www.rebostavilluis.com\/wp-content\/uploads\/2019\/01\/geleaReial2-100x100.jpg 100w\" data-sizes=\"(max-width: 300px) 100vw, 300px\" src=\"data:image\/svg+xml;base64,PHN2ZyB3aWR0aD0iMSIgaGVpZ2h0PSIxIiB4bWxucz0iaHR0cDovL3d3dy53My5vcmcvMjAwMC9zdmciPjwvc3ZnPg==\" style=\"--smush-placeholder-width: 300px; --smush-placeholder-aspect-ratio: 300\/300;\" \/><h2 class=\"woocommerce-loop-product__title\">Jalea Real 20gr.<\/h2>\n\t<span class=\"price\"><span class=\"woocommerce-Price-amount amount\"><bdi>9,95<span class=\"woocommerce-Price-currencySymbol\">&euro;<\/span><\/bdi><\/span><\/span>\n<\/a><a href=\"\/es\/wp-json\/wp\/v2\/pages\/1241?add-to-cart=2884\" aria-describedby=\"woocommerce_loop_add_to_cart_link_describedby_2884\" data-quantity=\"1\" class=\"button product_type_simple add_to_cart_button ajax_add_to_cart\" data-product_id=\"2884\" data-product_sku=\"30002\" aria-label=\"A\u00f1adir al carrito: &ldquo;Jalea Real 20gr.&rdquo;\" rel=\"nofollow\" data-success_message=\"\u00abJalea Real 20gr.\u00bb se ha a\u00f1adido a tu carrito\" role=\"button\">A\u00f1adir al carrito<\/a>\t<span id=\"woocommerce_loop_add_to_cart_link_describedby_2884\" class=\"screen-reader-text\">\n\t\t\t<\/span>\n<\/li>\n<li class=\"infinite-scroll-item sales-flash-overlay woocommerce-text-align-center woocommerce-image-align-center do-quantity-buttons product type-product post-2885 status-publish last instock product_cat-jalea-real has-post-thumbnail purchasable product-type-simple\">\n\t<a href=\"https:\/\/www.rebostavilluis.com\/es\/comprar\/jalea-real-100g\/\" class=\"woocommerce-LoopProduct-link woocommerce-loop-product__link\"><img decoding=\"async\" width=\"300\" height=\"300\" data-src=\"https:\/\/www.rebostavilluis.com\/wp-content\/uploads\/2019\/01\/geleaReial1-300x300.jpg\" class=\"attachment-woocommerce_thumbnail size-woocommerce_thumbnail lazyload\" alt=\"gelea 100gr\" data-srcset=\"https:\/\/www.rebostavilluis.com\/wp-content\/uploads\/2019\/01\/geleaReial1-300x300.jpg 300w, https:\/\/www.rebostavilluis.com\/wp-content\/uploads\/2019\/01\/geleaReial1-150x150.jpg 150w, https:\/\/www.rebostavilluis.com\/wp-content\/uploads\/2019\/01\/geleaReial1-100x100.jpg 100w\" data-sizes=\"(max-width: 300px) 100vw, 300px\" src=\"data:image\/svg+xml;base64,PHN2ZyB3aWR0aD0iMSIgaGVpZ2h0PSIxIiB4bWxucz0iaHR0cDovL3d3dy53My5vcmcvMjAwMC9zdmciPjwvc3ZnPg==\" style=\"--smush-placeholder-width: 300px; --smush-placeholder-aspect-ratio: 300\/300;\" \/><h2 class=\"woocommerce-loop-product__title\">Jalea Real 100gr.<\/h2>\n\t<span class=\"price\"><span class=\"woocommerce-Price-amount amount\"><bdi>32,00<span class=\"woocommerce-Price-currencySymbol\">&euro;<\/span><\/bdi><\/span><\/span>\n<\/a><a href=\"\/es\/wp-json\/wp\/v2\/pages\/1241?add-to-cart=2885\" aria-describedby=\"woocommerce_loop_add_to_cart_link_describedby_2885\" data-quantity=\"1\" class=\"button product_type_simple add_to_cart_button ajax_add_to_cart\" data-product_id=\"2885\" data-product_sku=\"30004\" aria-label=\"A\u00f1adir al carrito: &ldquo;Jalea Real 100gr.&rdquo;\" rel=\"nofollow\" data-success_message=\"\u00abJalea Real 100gr.\u00bb se ha a\u00f1adido a tu carrito\" role=\"button\">A\u00f1adir al carrito<\/a>\t<span id=\"woocommerce_loop_add_to_cart_link_describedby_2885\" class=\"screen-reader-text\">\n\t\t\t<\/span>\n<\/li>\n<\/ul>\n<\/div><\/span><\/p>\n<p><span style=\"color: #000000;\">Es un compuesto vitam\u00ednico natural rico en vitaminas del grupo B, segregado por las abejas obreras. Es muy rico en prote\u00ednas, minerales y enzimas digestivas.<\/span><\/p>\n<h2><span style=\"color: #000000;\">Propiedades de la jalea real<\/span><\/h2>\n<p class=\"\" data-start=\"145\" data-end=\"539\">La jalea real es segregada por las abejas obreras y es la primera alimentaci\u00f3n que reciben las larvas durante los tres primeros d\u00edas tras la eclosi\u00f3n de los huevos puestos por la reina. Si lo que buscan es formar una nueva reina, alimentan esa larva con jalea real durante 12 d\u00edas, lo que da lugar a una nueva reina, una abeja con un abdomen mayor y lista para cumplir su funci\u00f3n en la colmena.<\/p>\n<p class=\"\" data-start=\"541\" data-end=\"725\">En estas celdas es donde se acumula la mayor cantidad de jalea real, que posteriormente se extrae para su comercializaci\u00f3n. Es el \u00fanico producto que las abejas fabrican, no recolectan.<\/p>\n<p class=\"\" data-start=\"727\" data-end=\"966\">La jalea real que comercializamos no es de producci\u00f3n propia debido a las condiciones clim\u00e1ticas de nuestra regi\u00f3n, que no son las m\u00e1s adecuadas para su producci\u00f3n. Por este motivo, la jalea que ofrecemos proviene de fuera de la comunidad.<\/p>\n<h2><span style=\"color: #000000;\">Beneficios de la jalea real<\/span><\/h2>\n<p class=\"\" data-start=\"102\" data-end=\"376\">Es un producto natural que nos ofrece la naturaleza. Se utiliza para diversas aplicaciones en la alimentaci\u00f3n y en la elaboraci\u00f3n de productos naturales. Su textura \u00fanica y su sabor delicado lo convierten en una opci\u00f3n especial para quienes buscan algo distinto en su dieta.<\/p>\n<p class=\"\" data-start=\"378\" data-end=\"517\">Este producto es ideal para quienes aprecian los sabores aut\u00e9nticos y naturales, y puede ser disfrutado en diversas formas y combinaciones.<\/p>\n<h2><span style=\"color: #000000;\">C\u00f3mo tomar jalea real<\/span><\/h2>\n<p class=\"\" data-start=\"102\" data-end=\"214\">La jalea real es una sustancia viscosa similar al yogur, de color blanco con un toque amarillento y sabor \u00e1cido.<\/p>\n<p class=\"\" data-start=\"216\" data-end=\"511\">Lo ideal es consumir jalea real fresca y natural, sin haber sido manipulada, y conservarla en condiciones adecuadas para mantener su sabor y textura. Se recomienda evitar las versiones liofilizadas o en c\u00e1psulas, ya que el proceso de deshidrataci\u00f3n puede afectar sus caracter\u00edsticas originales.<\/p>\n<p class=\"\" data-start=\"513\" data-end=\"707\">Es aconsejable consumir peque\u00f1as dosis diarias, de entre 20 mg y 50 mg para adultos, y la mitad para los ni\u00f1os (en los envases que comercializamos ya se incluye una cuchara para medir la dosis).<\/p>\n<p class=\"\" data-start=\"709\" data-end=\"797\">Si se consume durante un periodo prolongado, se recomienda tomar descansos entre ciclos.<\/p>\n<h2><span style=\"color: #000000;\">Tienda online<\/span><\/h2>\n<p><span style=\"color: #000000;\">Lo m\u00e1s aconsejable es comprar la jalea real directamente a apicultores artesanos.<\/span><br \/>\n<span style=\"color: #000000;\">Justo eso es lo que te ofrecemos\u00a0en el Rebost de l&#8217;Avi Llu\u00eds. Somos una empresa familiar con m\u00e1s de tres generaciones dedicadas plenamente a la apicultura, por lo que puedes comprar en nuestra tienda online jalea real natural y de m\u00e1xima calidad con toda confianza y garant\u00eda.<\/span><\/p>\n","protected":false},"excerpt":{"rendered":"<p>Es un compuesto vitam\u00ednico natural rico en vitaminas del grupo B, segregado por las abejas obreras. Es muy rico en prote\u00ednas, minerales y enzimas digestivas. Propiedades de la jalea real La jalea real es segregada por las abejas obreras y &#8230; <a title=\"Jalea Real\" class=\"read-more\" href=\"https:\/\/www.rebostavilluis.com\/es\/jalea-real\/\" aria-label=\"Leer m\u00e1s sobre Jalea Real\">Leer m\u00e1s<\/a><\/p>\n","protected":false},"author":1,"featured_media":0,"parent":0,"menu_order":0,"comment_status":"closed","ping_status":"closed","template":"","meta":{"_joinchat":[],"footnotes":""},"class_list":{"0":"post-1241","1":"page","2":"type-page","3":"status-publish","5":"infinite-scroll-item"},"yoast_head":"<!-- This site is optimized with the Yoast SEO plugin v27.3 - https:\/\/yoast.com\/product\/yoast-seo-wordpress\/ -->\n<title>\u25b7 Comprar Jalea Real Fresca<\/title>\n<meta name=\"description\" content=\"Comprar Jalea Real pura y artesanal. Compra tu Jalea Real directamente al Apicultor y disfruta de la M\u00e1xima Calidad \u2705 \u00a1Descubre nuestras ofertas! Env\u00edo 24-48h\" \/>\n<meta name=\"robots\" content=\"index, follow, max-snippet:-1, max-image-preview:large, max-video-preview:-1\" \/>\n<link rel=\"canonical\" href=\"https:\/\/www.rebostavilluis.com\/es\/jalea-real\/\" \/>\n<meta property=\"og:locale\" content=\"es_ES\" \/>\n<meta property=\"og:type\" content=\"article\" \/>\n<meta property=\"og:title\" content=\"\u25b7 Comprar Jalea Real Fresca\" \/>\n<meta property=\"og:description\" content=\"Comprar Jalea Real pura y artesanal. Compra tu Jalea Real directamente al Apicultor y disfruta de la M\u00e1xima Calidad \u2705 \u00a1Descubre nuestras ofertas! Env\u00edo 24-48h\" \/>\n<meta property=\"og:url\" content=\"https:\/\/www.rebostavilluis.com\/es\/jalea-real\/\" \/>\n<meta property=\"og:site_name\" content=\"El Rebost de l&#039;Avi llu&iacute;s\" \/>\n<meta property=\"article:modified_time\" content=\"2025-04-26T16:31:46+00:00\" \/>\n<meta name=\"twitter:card\" content=\"summary_large_image\" \/>\n<meta name=\"twitter:label1\" content=\"Tiempo de lectura\" \/>\n\t<meta name=\"twitter:data1\" content=\"3 minutos\" \/>\n<script type=\"application\/ld+json\" class=\"yoast-schema-graph\">{\"@context\":\"https:\\\/\\\/schema.org\",\"@graph\":[{\"@type\":\"WebPage\",\"@id\":\"https:\\\/\\\/www.rebostavilluis.com\\\/es\\\/jalea-real\\\/\",\"url\":\"https:\\\/\\\/www.rebostavilluis.com\\\/es\\\/jalea-real\\\/\",\"name\":\"\u25b7 Comprar Jalea Real Fresca\",\"isPartOf\":{\"@id\":\"https:\\\/\\\/www.rebostavilluis.com\\\/es\\\/#website\"},\"datePublished\":\"2018-12-28T00:52:57+00:00\",\"dateModified\":\"2025-04-26T16:31:46+00:00\",\"description\":\"Comprar Jalea Real pura y artesanal. Compra tu Jalea Real directamente al Apicultor y disfruta de la M\u00e1xima Calidad \u2705 \u00a1Descubre nuestras ofertas! Env\u00edo 24-48h\",\"breadcrumb\":{\"@id\":\"https:\\\/\\\/www.rebostavilluis.com\\\/es\\\/jalea-real\\\/#breadcrumb\"},\"inLanguage\":\"es\",\"potentialAction\":[{\"@type\":\"ReadAction\",\"target\":[\"https:\\\/\\\/www.rebostavilluis.com\\\/es\\\/jalea-real\\\/\"]}]},{\"@type\":\"BreadcrumbList\",\"@id\":\"https:\\\/\\\/www.rebostavilluis.com\\\/es\\\/jalea-real\\\/#breadcrumb\",\"itemListElement\":[{\"@type\":\"ListItem\",\"position\":1,\"name\":\"Portada\",\"item\":\"https:\\\/\\\/www.rebostavilluis.com\\\/es\\\/\"},{\"@type\":\"ListItem\",\"position\":2,\"name\":\"Jalea Real\"}]},{\"@type\":\"WebSite\",\"@id\":\"https:\\\/\\\/www.rebostavilluis.com\\\/es\\\/#website\",\"url\":\"https:\\\/\\\/www.rebostavilluis.com\\\/es\\\/\",\"name\":\"El Rebost de l'Avi llu&iacute;s\",\"description\":\"Mel del Perell&oacute;\",\"publisher\":{\"@id\":\"https:\\\/\\\/www.rebostavilluis.com\\\/es\\\/#organization\"},\"potentialAction\":[{\"@type\":\"SearchAction\",\"target\":{\"@type\":\"EntryPoint\",\"urlTemplate\":\"https:\\\/\\\/www.rebostavilluis.com\\\/es\\\/?s={search_term_string}\"},\"query-input\":{\"@type\":\"PropertyValueSpecification\",\"valueRequired\":true,\"valueName\":\"search_term_string\"}}],\"inLanguage\":\"es\"},{\"@type\":\"Organization\",\"@id\":\"https:\\\/\\\/www.rebostavilluis.com\\\/es\\\/#organization\",\"name\":\"El Rebost de l'Avi llu&iacute;s\",\"url\":\"https:\\\/\\\/www.rebostavilluis.com\\\/es\\\/\",\"logo\":{\"@type\":\"ImageObject\",\"inLanguage\":\"es\",\"@id\":\"https:\\\/\\\/www.rebostavilluis.com\\\/es\\\/#\\\/schema\\\/logo\\\/image\\\/\",\"url\":\"https:\\\/\\\/www.rebostavilluis.com\\\/wp-content\\\/uploads\\\/2021\\\/06\\\/logo.png\",\"contentUrl\":\"https:\\\/\\\/www.rebostavilluis.com\\\/wp-content\\\/uploads\\\/2021\\\/06\\\/logo.png\",\"width\":273,\"height\":74,\"caption\":\"El Rebost de l'Avi llu&iacute;s\"},\"image\":{\"@id\":\"https:\\\/\\\/www.rebostavilluis.com\\\/es\\\/#\\\/schema\\\/logo\\\/image\\\/\"}}]}<\/script>\n<!-- \/ Yoast SEO plugin. -->","yoast_head_json":{"title":"\u25b7 Comprar Jalea Real Fresca","description":"Comprar Jalea Real pura y artesanal. Compra tu Jalea Real directamente al Apicultor y disfruta de la M\u00e1xima Calidad \u2705 \u00a1Descubre nuestras ofertas! Env\u00edo 24-48h","robots":{"index":"index","follow":"follow","max-snippet":"max-snippet:-1","max-image-preview":"max-image-preview:large","max-video-preview":"max-video-preview:-1"},"canonical":"https:\/\/www.rebostavilluis.com\/es\/jalea-real\/","og_locale":"es_ES","og_type":"article","og_title":"\u25b7 Comprar Jalea Real Fresca","og_description":"Comprar Jalea Real pura y artesanal. Compra tu Jalea Real directamente al Apicultor y disfruta de la M\u00e1xima Calidad \u2705 \u00a1Descubre nuestras ofertas! Env\u00edo 24-48h","og_url":"https:\/\/www.rebostavilluis.com\/es\/jalea-real\/","og_site_name":"El Rebost de l'Avi llu&iacute;s","article_modified_time":"2025-04-26T16:31:46+00:00","twitter_card":"summary_large_image","twitter_misc":{"Tiempo de lectura":"3 minutos"},"schema":{"@context":"https:\/\/schema.org","@graph":[{"@type":"WebPage","@id":"https:\/\/www.rebostavilluis.com\/es\/jalea-real\/","url":"https:\/\/www.rebostavilluis.com\/es\/jalea-real\/","name":"\u25b7 Comprar Jalea Real Fresca","isPartOf":{"@id":"https:\/\/www.rebostavilluis.com\/es\/#website"},"datePublished":"2018-12-28T00:52:57+00:00","dateModified":"2025-04-26T16:31:46+00:00","description":"Comprar Jalea Real pura y artesanal. Compra tu Jalea Real directamente al Apicultor y disfruta de la M\u00e1xima Calidad \u2705 \u00a1Descubre nuestras ofertas! Env\u00edo 24-48h","breadcrumb":{"@id":"https:\/\/www.rebostavilluis.com\/es\/jalea-real\/#breadcrumb"},"inLanguage":"es","potentialAction":[{"@type":"ReadAction","target":["https:\/\/www.rebostavilluis.com\/es\/jalea-real\/"]}]},{"@type":"BreadcrumbList","@id":"https:\/\/www.rebostavilluis.com\/es\/jalea-real\/#breadcrumb","itemListElement":[{"@type":"ListItem","position":1,"name":"Portada","item":"https:\/\/www.rebostavilluis.com\/es\/"},{"@type":"ListItem","position":2,"name":"Jalea Real"}]},{"@type":"WebSite","@id":"https:\/\/www.rebostavilluis.com\/es\/#website","url":"https:\/\/www.rebostavilluis.com\/es\/","name":"El Rebost de l'Avi llu&iacute;s","description":"Mel del Perell&oacute;","publisher":{"@id":"https:\/\/www.rebostavilluis.com\/es\/#organization"},"potentialAction":[{"@type":"SearchAction","target":{"@type":"EntryPoint","urlTemplate":"https:\/\/www.rebostavilluis.com\/es\/?s={search_term_string}"},"query-input":{"@type":"PropertyValueSpecification","valueRequired":true,"valueName":"search_term_string"}}],"inLanguage":"es"},{"@type":"Organization","@id":"https:\/\/www.rebostavilluis.com\/es\/#organization","name":"El Rebost de l'Avi llu&iacute;s","url":"https:\/\/www.rebostavilluis.com\/es\/","logo":{"@type":"ImageObject","inLanguage":"es","@id":"https:\/\/www.rebostavilluis.com\/es\/#\/schema\/logo\/image\/","url":"https:\/\/www.rebostavilluis.com\/wp-content\/uploads\/2021\/06\/logo.png","contentUrl":"https:\/\/www.rebostavilluis.com\/wp-content\/uploads\/2021\/06\/logo.png","width":273,"height":74,"caption":"El Rebost de l'Avi llu&iacute;s"},"image":{"@id":"https:\/\/www.rebostavilluis.com\/es\/#\/schema\/logo\/image\/"}}]}},"_links":{"self":[{"href":"https:\/\/www.rebostavilluis.com\/es\/wp-json\/wp\/v2\/pages\/1241","targetHints":{"allow":["GET"]}}],"collection":[{"href":"https:\/\/www.rebostavilluis.com\/es\/wp-json\/wp\/v2\/pages"}],"about":[{"href":"https:\/\/www.rebostavilluis.com\/es\/wp-json\/wp\/v2\/types\/page"}],"author":[{"embeddable":true,"href":"https:\/\/www.rebostavilluis.com\/es\/wp-json\/wp\/v2\/users\/1"}],"replies":[{"embeddable":true,"href":"https:\/\/www.rebostavilluis.com\/es\/wp-json\/wp\/v2\/comments?post=1241"}],"version-history":[{"count":6,"href":"https:\/\/www.rebostavilluis.com\/es\/wp-json\/wp\/v2\/pages\/1241\/revisions"}],"predecessor-version":[{"id":15135,"href":"https:\/\/www.rebostavilluis.com\/es\/wp-json\/wp\/v2\/pages\/1241\/revisions\/15135"}],"wp:attachment":[{"href":"https:\/\/www.rebostavilluis.com\/es\/wp-json\/wp\/v2\/media?parent=1241"}],"curies":[{"name":"wp","href":"https:\/\/api.w.org\/{rel}","templated":true}]}}