{"id":1247,"date":"2018-12-28T01:58:34","date_gmt":"2018-12-28T00:58:34","guid":{"rendered":"https:\/\/www.rebostavilluis.com\/miel\/miel-con-valor-anadido\/"},"modified":"2025-09-04T12:12:23","modified_gmt":"2025-09-04T10:12:23","slug":"miel-con-valor-anadido","status":"publish","type":"page","link":"https:\/\/www.rebostavilluis.com\/es\/comprar-miel\/miel-con-valor-anadido\/","title":{"rendered":"Miel con Valor A\u00f1adido"},"content":{"rendered":"<div class=\"woocommerce columns-4 \"><ul class=\"products columns-4\">\n<li class=\"infinite-scroll-item sales-flash-overlay woocommerce-text-align-center woocommerce-image-align-center do-quantity-buttons product type-product post-2876 status-publish first instock product_cat-miel product_cat-miel-con-valor-anadido has-post-thumbnail purchasable product-type-simple\">\n\t<a href=\"https:\/\/www.rebostavilluis.com\/es\/comprar\/miel-con-jalea-real-i-polen-de-lavi-lluis-300gr\/\" class=\"woocommerce-LoopProduct-link woocommerce-loop-product__link\"><img decoding=\"async\" width=\"300\" height=\"300\" data-src=\"https:\/\/www.rebostavilluis.com\/wp-content\/uploads\/2019\/01\/melGeleaPolen-300x300.jpg\" class=\"attachment-woocommerce_thumbnail size-woocommerce_thumbnail lazyload\" alt=\"Miel con Jalea Real y Polen de l&#039;Avi Llu\u00eds 250gr.\" data-srcset=\"https:\/\/www.rebostavilluis.com\/wp-content\/uploads\/2019\/01\/melGeleaPolen-300x300.jpg 300w, https:\/\/www.rebostavilluis.com\/wp-content\/uploads\/2019\/01\/melGeleaPolen-150x150.jpg 150w, https:\/\/www.rebostavilluis.com\/wp-content\/uploads\/2019\/01\/melGeleaPolen-100x100.jpg 100w\" data-sizes=\"(max-width: 300px) 100vw, 300px\" src=\"data:image\/svg+xml;base64,PHN2ZyB3aWR0aD0iMSIgaGVpZ2h0PSIxIiB4bWxucz0iaHR0cDovL3d3dy53My5vcmcvMjAwMC9zdmciPjwvc3ZnPg==\" style=\"--smush-placeholder-width: 300px; --smush-placeholder-aspect-ratio: 300\/300;\" \/><h2 class=\"woocommerce-loop-product__title\">Miel con Jalea Real y Polen de l&#8217;Avi Llu\u00eds 250gr.<\/h2>\n\t<span class=\"price\"><span class=\"woocommerce-Price-amount amount\"><bdi>6,30<span class=\"woocommerce-Price-currencySymbol\">&euro;<\/span><\/bdi><\/span><\/span>\n<\/a><a href=\"\/es\/wp-json\/wp\/v2\/pages\/1247?add-to-cart=2876\" aria-describedby=\"woocommerce_loop_add_to_cart_link_describedby_2876\" data-quantity=\"1\" class=\"button product_type_simple add_to_cart_button ajax_add_to_cart\" data-product_id=\"2876\" data-product_sku=\"12002\" aria-label=\"A\u00f1adir al carrito: &ldquo;Miel con Jalea Real y Polen de l&#039;Avi Llu\u00eds 250gr.&rdquo;\" rel=\"nofollow\" data-success_message=\"\u00abMiel con Jalea Real y Polen de l&#039;Avi Llu\u00eds 250gr.\u00bb se ha a\u00f1adido a tu carrito\" role=\"button\">A\u00f1adir al carrito<\/a>\t<span id=\"woocommerce_loop_add_to_cart_link_describedby_2876\" class=\"screen-reader-text\">\n\t\t\t<\/span>\n<\/li>\n<li class=\"infinite-scroll-item sales-flash-overlay woocommerce-text-align-center woocommerce-image-align-center do-quantity-buttons product type-product post-2886 status-publish outofstock product_cat-mel-amb-valor-afegit-bresca-amb-mel-es product_cat-miel product_cat-miel-con-valor-anadido product_cat-miel-en-panal has-post-thumbnail purchasable product-type-simple\">\n\t<a href=\"https:\/\/www.rebostavilluis.com\/es\/comprar\/panal-con-miel-250-gr\/\" class=\"woocommerce-LoopProduct-link woocommerce-loop-product__link\"><img decoding=\"async\" width=\"300\" height=\"300\" data-src=\"https:\/\/www.rebostavilluis.com\/wp-content\/uploads\/2019\/01\/bresca.250g-300x300.png\" class=\"attachment-woocommerce_thumbnail size-woocommerce_thumbnail lazyload\" alt=\"Panal con Miel 250gr.\" data-srcset=\"https:\/\/www.rebostavilluis.com\/wp-content\/uploads\/2019\/01\/bresca.250g-300x300.png 300w, https:\/\/www.rebostavilluis.com\/wp-content\/uploads\/2019\/01\/bresca.250g-1024x1024.png 1024w, https:\/\/www.rebostavilluis.com\/wp-content\/uploads\/2019\/01\/bresca.250g-150x150.png 150w, https:\/\/www.rebostavilluis.com\/wp-content\/uploads\/2019\/01\/bresca.250g-768x768.png 768w, https:\/\/www.rebostavilluis.com\/wp-content\/uploads\/2019\/01\/bresca.250g-600x600.png 600w, https:\/\/www.rebostavilluis.com\/wp-content\/uploads\/2019\/01\/bresca.250g-100x100.png 100w, https:\/\/www.rebostavilluis.com\/wp-content\/uploads\/2019\/01\/bresca.250g-64x64.png 64w, https:\/\/www.rebostavilluis.com\/wp-content\/uploads\/2019\/01\/bresca.250g.png 1080w\" data-sizes=\"(max-width: 300px) 100vw, 300px\" src=\"data:image\/svg+xml;base64,PHN2ZyB3aWR0aD0iMSIgaGVpZ2h0PSIxIiB4bWxucz0iaHR0cDovL3d3dy53My5vcmcvMjAwMC9zdmciPjwvc3ZnPg==\" style=\"--smush-placeholder-width: 300px; --smush-placeholder-aspect-ratio: 300\/300;\" \/><span class=\"sold-out-overlay\">AGOTADO<\/span><h2 class=\"woocommerce-loop-product__title\">Panal con Miel 250gr.<\/h2>\n\t<span class=\"price\"><span class=\"woocommerce-Price-amount amount\"><bdi>7,55<span class=\"woocommerce-Price-currencySymbol\">&euro;<\/span><\/bdi><\/span><\/span>\n<\/a><a href=\"https:\/\/www.rebostavilluis.com\/es\/comprar\/panal-con-miel-250-gr\/\" aria-describedby=\"woocommerce_loop_add_to_cart_link_describedby_2886\" data-quantity=\"1\" class=\"button product_type_simple\" data-product_id=\"2886\" data-product_sku=\"50001\" aria-label=\"Lee m\u00e1s sobre &ldquo;Panal con Miel 250gr.&rdquo;\" rel=\"nofollow\" data-success_message=\"\">Leer m\u00e1s<\/a>\t<span id=\"woocommerce_loop_add_to_cart_link_describedby_2886\" class=\"screen-reader-text\">\n\t\t\t<\/span>\n<\/li>\n<li class=\"infinite-scroll-item sales-flash-overlay woocommerce-text-align-center woocommerce-image-align-center do-quantity-buttons product type-product post-2875 status-publish instock product_cat-miel product_cat-miel-con-valor-anadido has-post-thumbnail purchasable product-type-simple\">\n\t<a href=\"https:\/\/www.rebostavilluis.com\/es\/comprar\/miel-con-propoleos-avi-lluis\/\" class=\"woocommerce-LoopProduct-link woocommerce-loop-product__link\"><img decoding=\"async\" width=\"300\" height=\"300\" data-src=\"https:\/\/www.rebostavilluis.com\/wp-content\/uploads\/2019\/01\/melpropoli250-300x300.jpg\" class=\"attachment-woocommerce_thumbnail size-woocommerce_thumbnail lazyload\" alt=\"Miel con Prop\u00f3leos Avi Llu\u00eds 250gr.\" data-srcset=\"https:\/\/www.rebostavilluis.com\/wp-content\/uploads\/2019\/01\/melpropoli250-300x300.jpg 300w, https:\/\/www.rebostavilluis.com\/wp-content\/uploads\/2019\/01\/melpropoli250-150x150.jpg 150w, https:\/\/www.rebostavilluis.com\/wp-content\/uploads\/2019\/01\/melpropoli250-100x100.jpg 100w\" data-sizes=\"(max-width: 300px) 100vw, 300px\" src=\"data:image\/svg+xml;base64,PHN2ZyB3aWR0aD0iMSIgaGVpZ2h0PSIxIiB4bWxucz0iaHR0cDovL3d3dy53My5vcmcvMjAwMC9zdmciPjwvc3ZnPg==\" style=\"--smush-placeholder-width: 300px; --smush-placeholder-aspect-ratio: 300\/300;\" \/><h2 class=\"woocommerce-loop-product__title\">Miel con Prop\u00f3leos Avi Llu\u00eds 250gr.<\/h2>\n\t<span class=\"price\"><span class=\"woocommerce-Price-amount amount\"><bdi>8,20<span class=\"woocommerce-Price-currencySymbol\">&euro;<\/span><\/bdi><\/span><\/span>\n<\/a><a href=\"\/es\/wp-json\/wp\/v2\/pages\/1247?add-to-cart=2875\" aria-describedby=\"woocommerce_loop_add_to_cart_link_describedby_2875\" data-quantity=\"1\" class=\"button product_type_simple add_to_cart_button ajax_add_to_cart\" data-product_id=\"2875\" data-product_sku=\"12001\" aria-label=\"A\u00f1adir al carrito: &ldquo;Miel con Prop\u00f3leos Avi Llu\u00eds 250gr.&rdquo;\" rel=\"nofollow\" data-success_message=\"\u00abMiel con Prop\u00f3leos Avi Llu\u00eds 250gr.\u00bb se ha a\u00f1adido a tu carrito\" role=\"button\">A\u00f1adir al carrito<\/a>\t<span id=\"woocommerce_loop_add_to_cart_link_describedby_2875\" class=\"screen-reader-text\">\n\t\t\t<\/span>\n<\/li>\n<li class=\"infinite-scroll-item sales-flash-overlay woocommerce-text-align-center woocommerce-image-align-center do-quantity-buttons product type-product post-2887 status-publish last outofstock product_cat-mel-amb-valor-afegit-bresca-amb-mel-es product_cat-miel product_cat-miel-con-valor-anadido product_cat-miel-en-panal has-post-thumbnail purchasable product-type-simple\">\n\t<a href=\"https:\/\/www.rebostavilluis.com\/es\/comprar\/panal-con-miel-490-gr\/\" class=\"woocommerce-LoopProduct-link woocommerce-loop-product__link\"><img decoding=\"async\" width=\"300\" height=\"300\" data-src=\"https:\/\/www.rebostavilluis.com\/wp-content\/uploads\/2019\/01\/bresca_mel_500-300x300.jpg\" class=\"attachment-woocommerce_thumbnail size-woocommerce_thumbnail lazyload\" alt=\"Panal con Miel 490gr.\" data-srcset=\"https:\/\/www.rebostavilluis.com\/wp-content\/uploads\/2019\/01\/bresca_mel_500-300x300.jpg 300w, https:\/\/www.rebostavilluis.com\/wp-content\/uploads\/2019\/01\/bresca_mel_500-150x150.jpg 150w, https:\/\/www.rebostavilluis.com\/wp-content\/uploads\/2019\/01\/bresca_mel_500-100x100.jpg 100w\" data-sizes=\"(max-width: 300px) 100vw, 300px\" src=\"data:image\/svg+xml;base64,PHN2ZyB3aWR0aD0iMSIgaGVpZ2h0PSIxIiB4bWxucz0iaHR0cDovL3d3dy53My5vcmcvMjAwMC9zdmciPjwvc3ZnPg==\" style=\"--smush-placeholder-width: 300px; --smush-placeholder-aspect-ratio: 300\/300;\" \/><span class=\"sold-out-overlay\">AGOTADO<\/span><h2 class=\"woocommerce-loop-product__title\">Panal con Miel 490gr.<\/h2>\n\t<span class=\"price\"><span class=\"woocommerce-Price-amount amount\"><bdi>9,65<span class=\"woocommerce-Price-currencySymbol\">&euro;<\/span><\/bdi><\/span><\/span>\n<\/a><a href=\"https:\/\/www.rebostavilluis.com\/es\/comprar\/panal-con-miel-490-gr\/\" aria-describedby=\"woocommerce_loop_add_to_cart_link_describedby_2887\" data-quantity=\"1\" class=\"button product_type_simple\" data-product_id=\"2887\" data-product_sku=\"50002\" aria-label=\"Lee m\u00e1s sobre &ldquo;Panal con Miel 490gr.&rdquo;\" rel=\"nofollow\" data-success_message=\"\">Leer m\u00e1s<\/a>\t<span id=\"woocommerce_loop_add_to_cart_link_describedby_2887\" class=\"screen-reader-text\">\n\t\t\t<\/span>\n<\/li>\n<li class=\"infinite-scroll-item sales-flash-overlay woocommerce-text-align-center woocommerce-image-align-center do-quantity-buttons product type-product post-13834 status-publish first instock product_cat-miel-con-valor-anadido has-post-thumbnail shipping-taxable purchasable product-type-simple\">\n\t<a href=\"https:\/\/www.rebostavilluis.com\/es\/comprar\/mel-amb-gelea-reial-i-pollen-de-lavi-lluis-490gr\/\" class=\"woocommerce-LoopProduct-link woocommerce-loop-product__link\"><img decoding=\"async\" width=\"300\" height=\"300\" data-src=\"https:\/\/www.rebostavilluis.com\/wp-content\/uploads\/2024\/09\/Captura-de-pantalla-2024-10-17-18415111-300x300.png\" class=\"attachment-woocommerce_thumbnail size-woocommerce_thumbnail lazyload\" alt=\"Miel con Jalea Real y Polen de l&#039;Avi Llu\u00eds 490gr.\" data-srcset=\"https:\/\/www.rebostavilluis.com\/wp-content\/uploads\/2024\/09\/Captura-de-pantalla-2024-10-17-18415111-300x300.png 300w, https:\/\/www.rebostavilluis.com\/wp-content\/uploads\/2024\/09\/Captura-de-pantalla-2024-10-17-18415111-150x150.png 150w, https:\/\/www.rebostavilluis.com\/wp-content\/uploads\/2024\/09\/Captura-de-pantalla-2024-10-17-18415111-100x100.png 100w\" data-sizes=\"(max-width: 300px) 100vw, 300px\" src=\"data:image\/svg+xml;base64,PHN2ZyB3aWR0aD0iMSIgaGVpZ2h0PSIxIiB4bWxucz0iaHR0cDovL3d3dy53My5vcmcvMjAwMC9zdmciPjwvc3ZnPg==\" style=\"--smush-placeholder-width: 300px; --smush-placeholder-aspect-ratio: 300\/300;\" \/><h2 class=\"woocommerce-loop-product__title\">Miel con Jalea Real y Polen de l&#8217;Avi Llu\u00eds 490gr.<\/h2>\n\t<span class=\"price\"><span class=\"woocommerce-Price-amount amount\"><bdi>9,80<span class=\"woocommerce-Price-currencySymbol\">&euro;<\/span><\/bdi><\/span><\/span>\n<\/a><a href=\"\/es\/wp-json\/wp\/v2\/pages\/1247?add-to-cart=13834\" aria-describedby=\"woocommerce_loop_add_to_cart_link_describedby_13834\" data-quantity=\"1\" class=\"button product_type_simple add_to_cart_button ajax_add_to_cart\" data-product_id=\"13834\" data-product_sku=\"012009\" aria-label=\"A\u00f1adir al carrito: &ldquo;Miel con Jalea Real y Polen de l&#039;Avi Llu\u00eds 490gr.&rdquo;\" rel=\"nofollow\" data-success_message=\"\u00abMiel con Jalea Real y Polen de l&#039;Avi Llu\u00eds 490gr.\u00bb se ha a\u00f1adido a tu carrito\" role=\"button\">A\u00f1adir al carrito<\/a>\t<span id=\"woocommerce_loop_add_to_cart_link_describedby_13834\" class=\"screen-reader-text\">\n\t\t\t<\/span>\n<\/li>\n<li class=\"infinite-scroll-item sales-flash-overlay woocommerce-text-align-center woocommerce-image-align-center do-quantity-buttons product type-product post-8412 status-publish instock product_cat-miel product_cat-miel-con-valor-anadido has-post-thumbnail shipping-taxable purchasable product-type-simple\">\n\t<a href=\"https:\/\/www.rebostavilluis.com\/es\/comprar\/miel-con-propoleos-avi-lluis-490-grs\/\" class=\"woocommerce-LoopProduct-link woocommerce-loop-product__link\"><img decoding=\"async\" width=\"300\" height=\"300\" data-src=\"https:\/\/www.rebostavilluis.com\/wp-content\/uploads\/2019\/01\/mel_propoli_500-300x300.jpg\" class=\"attachment-woocommerce_thumbnail size-woocommerce_thumbnail lazyload\" alt=\"Miel con Prop\u00f3leos Avi Llu\u00eds 490gr.\" data-srcset=\"https:\/\/www.rebostavilluis.com\/wp-content\/uploads\/2019\/01\/mel_propoli_500-300x300.jpg 300w, https:\/\/www.rebostavilluis.com\/wp-content\/uploads\/2019\/01\/mel_propoli_500-150x150.jpg 150w, https:\/\/www.rebostavilluis.com\/wp-content\/uploads\/2019\/01\/mel_propoli_500-100x100.jpg 100w\" data-sizes=\"(max-width: 300px) 100vw, 300px\" src=\"data:image\/svg+xml;base64,PHN2ZyB3aWR0aD0iMSIgaGVpZ2h0PSIxIiB4bWxucz0iaHR0cDovL3d3dy53My5vcmcvMjAwMC9zdmciPjwvc3ZnPg==\" style=\"--smush-placeholder-width: 300px; --smush-placeholder-aspect-ratio: 300\/300;\" \/><h2 class=\"woocommerce-loop-product__title\">Miel con Prop\u00f3leos Avi Llu\u00eds 490gr.<\/h2>\n\t<span class=\"price\"><span class=\"woocommerce-Price-amount amount\"><bdi>12,75<span class=\"woocommerce-Price-currencySymbol\">&euro;<\/span><\/bdi><\/span><\/span>\n<\/a><a href=\"\/es\/wp-json\/wp\/v2\/pages\/1247?add-to-cart=8412\" aria-describedby=\"woocommerce_loop_add_to_cart_link_describedby_8412\" data-quantity=\"1\" class=\"button product_type_simple add_to_cart_button ajax_add_to_cart\" data-product_id=\"8412\" data-product_sku=\"012008\" aria-label=\"A\u00f1adir al carrito: &ldquo;Miel con Prop\u00f3leos Avi Llu\u00eds 490gr.&rdquo;\" rel=\"nofollow\" data-success_message=\"\u00abMiel con Prop\u00f3leos Avi Llu\u00eds 490gr.\u00bb se ha a\u00f1adido a tu carrito\" role=\"button\">A\u00f1adir al carrito<\/a>\t<span id=\"woocommerce_loop_add_to_cart_link_describedby_8412\" class=\"screen-reader-text\">\n\t\t\t<\/span>\n<\/li>\n<\/ul>\n<\/div>\n<p>&nbsp;<\/p>\n<p data-start=\"91\" data-end=\"431\">La miel con valor a\u00f1adido es una aut\u00e9ntica joya gastron\u00f3mica que une la dulzura natural de la miel con la riqueza de otros tesoros de la apicultura, como el polen y la jalea real. Esta combinaci\u00f3n da lugar a un producto \u00fanico, capaz de cautivar tanto por su <strong data-start=\"349\" data-end=\"380\">sabor intenso y equilibrado<\/strong> como por su <strong data-start=\"393\" data-end=\"428\">textura original y sorprendente<\/strong>.<\/p>\n<p data-start=\"433\" data-end=\"706\">El polen aporta un ligero toque floral y terroso, enriqueciendo la miel con una nota distintiva y un punto crujiente que contrasta con su suavidad. Por otro lado, la jalea real a\u00f1ade una dimensi\u00f3n m\u00e1s cremosa y delicada, aportando complejidad y sofisticaci\u00f3n al conjunto.<\/p>\n<p data-start=\"708\" data-end=\"1096\">El resultado es una miel que se puede disfrutar de muchas formas: sola, a cucharadas, para endulzar infusiones, como acompa\u00f1amiento de yogures, fruta o quesos, o bien como ingrediente especial en recetas dulces y saladas. Su <strong data-start=\"933\" data-end=\"964\">perfil arom\u00e1tico y vers\u00e1til<\/strong> la convierte en una opci\u00f3n ideal para quienes buscan ir m\u00e1s all\u00e1 de la miel tradicional y descubrir nuevas experiencias de sabor.<\/p>\n<p data-start=\"1098\" data-end=\"1310\">Cada tarro de miel con valor a\u00f1adido refleja la <strong data-start=\"1146\" data-end=\"1188\">tradici\u00f3n ap\u00edcola y el arte de innovar<\/strong> sin perder la esencia natural de la colmena, ofreciendo un producto aut\u00e9ntico, cercano y con un car\u00e1cter inconfundible.<\/p>\n","protected":false},"excerpt":{"rendered":"<p>&nbsp; La miel con valor a\u00f1adido es una aut\u00e9ntica joya gastron\u00f3mica que une la dulzura natural de la miel con la riqueza de otros tesoros de la apicultura, como el polen y la jalea real. Esta combinaci\u00f3n da lugar a &#8230; <a title=\"Miel con Valor A\u00f1adido\" class=\"read-more\" href=\"https:\/\/www.rebostavilluis.com\/es\/comprar-miel\/miel-con-valor-anadido\/\" aria-label=\"Leer m\u00e1s sobre Miel con Valor A\u00f1adido\">Leer m\u00e1s<\/a><\/p>\n","protected":false},"author":1,"featured_media":0,"parent":1243,"menu_order":0,"comment_status":"closed","ping_status":"closed","template":"","meta":{"_joinchat":[],"footnotes":""},"class_list":{"0":"post-1247","1":"page","2":"type-page","3":"status-publish","5":"infinite-scroll-item"},"yoast_head":"<!-- This site is optimized with the Yoast SEO plugin v27.3 - https:\/\/yoast.com\/product\/yoast-seo-wordpress\/ -->\n<title>Miel con Valor A\u00f1adido - El Rebost de l&#039;Avi llu&iacute;s<\/title>\n<meta name=\"robots\" content=\"index, follow, max-snippet:-1, max-image-preview:large, max-video-preview:-1\" \/>\n<link rel=\"canonical\" href=\"https:\/\/www.rebostavilluis.com\/es\/comprar-miel\/miel-con-valor-anadido\/\" \/>\n<meta property=\"og:locale\" content=\"es_ES\" \/>\n<meta property=\"og:type\" content=\"article\" \/>\n<meta property=\"og:title\" content=\"Miel con Valor A\u00f1adido - El Rebost de l&#039;Avi llu&iacute;s\" \/>\n<meta property=\"og:description\" content=\"&nbsp; La miel con valor a\u00f1adido es una aut\u00e9ntica joya gastron\u00f3mica que une la dulzura natural de la miel con la riqueza de otros tesoros de la apicultura, como el polen y la jalea real. Esta combinaci\u00f3n da lugar a ... Leer m\u00e1s\" \/>\n<meta property=\"og:url\" content=\"https:\/\/www.rebostavilluis.com\/es\/comprar-miel\/miel-con-valor-anadido\/\" \/>\n<meta property=\"og:site_name\" content=\"El Rebost de l&#039;Avi llu&iacute;s\" \/>\n<meta property=\"article:modified_time\" content=\"2025-09-04T10:12:23+00:00\" \/>\n<meta name=\"twitter:card\" content=\"summary_large_image\" \/>\n<meta name=\"twitter:label1\" content=\"Tiempo de lectura\" \/>\n\t<meta name=\"twitter:data1\" content=\"2 minutos\" \/>\n<script type=\"application\/ld+json\" class=\"yoast-schema-graph\">{\"@context\":\"https:\\\/\\\/schema.org\",\"@graph\":[{\"@type\":\"WebPage\",\"@id\":\"https:\\\/\\\/www.rebostavilluis.com\\\/es\\\/comprar-miel\\\/miel-con-valor-anadido\\\/\",\"url\":\"https:\\\/\\\/www.rebostavilluis.com\\\/es\\\/comprar-miel\\\/miel-con-valor-anadido\\\/\",\"name\":\"Miel con Valor A\u00f1adido - El Rebost de l'Avi llu&iacute;s\",\"isPartOf\":{\"@id\":\"https:\\\/\\\/www.rebostavilluis.com\\\/es\\\/#website\"},\"datePublished\":\"2018-12-28T00:58:34+00:00\",\"dateModified\":\"2025-09-04T10:12:23+00:00\",\"breadcrumb\":{\"@id\":\"https:\\\/\\\/www.rebostavilluis.com\\\/es\\\/comprar-miel\\\/miel-con-valor-anadido\\\/#breadcrumb\"},\"inLanguage\":\"es\",\"potentialAction\":[{\"@type\":\"ReadAction\",\"target\":[\"https:\\\/\\\/www.rebostavilluis.com\\\/es\\\/comprar-miel\\\/miel-con-valor-anadido\\\/\"]}]},{\"@type\":\"BreadcrumbList\",\"@id\":\"https:\\\/\\\/www.rebostavilluis.com\\\/es\\\/comprar-miel\\\/miel-con-valor-anadido\\\/#breadcrumb\",\"itemListElement\":[{\"@type\":\"ListItem\",\"position\":1,\"name\":\"Portada\",\"item\":\"https:\\\/\\\/www.rebostavilluis.com\\\/es\\\/\"},{\"@type\":\"ListItem\",\"position\":2,\"name\":\"Miel\",\"item\":\"https:\\\/\\\/www.rebostavilluis.com\\\/es\\\/comprar-miel\\\/\"},{\"@type\":\"ListItem\",\"position\":3,\"name\":\"Miel con Valor A\u00f1adido\"}]},{\"@type\":\"WebSite\",\"@id\":\"https:\\\/\\\/www.rebostavilluis.com\\\/es\\\/#website\",\"url\":\"https:\\\/\\\/www.rebostavilluis.com\\\/es\\\/\",\"name\":\"El Rebost de l'Avi llu&iacute;s\",\"description\":\"Mel del Perell&oacute;\",\"publisher\":{\"@id\":\"https:\\\/\\\/www.rebostavilluis.com\\\/es\\\/#organization\"},\"potentialAction\":[{\"@type\":\"SearchAction\",\"target\":{\"@type\":\"EntryPoint\",\"urlTemplate\":\"https:\\\/\\\/www.rebostavilluis.com\\\/es\\\/?s={search_term_string}\"},\"query-input\":{\"@type\":\"PropertyValueSpecification\",\"valueRequired\":true,\"valueName\":\"search_term_string\"}}],\"inLanguage\":\"es\"},{\"@type\":\"Organization\",\"@id\":\"https:\\\/\\\/www.rebostavilluis.com\\\/es\\\/#organization\",\"name\":\"El Rebost de l'Avi llu&iacute;s\",\"url\":\"https:\\\/\\\/www.rebostavilluis.com\\\/es\\\/\",\"logo\":{\"@type\":\"ImageObject\",\"inLanguage\":\"es\",\"@id\":\"https:\\\/\\\/www.rebostavilluis.com\\\/es\\\/#\\\/schema\\\/logo\\\/image\\\/\",\"url\":\"https:\\\/\\\/www.rebostavilluis.com\\\/wp-content\\\/uploads\\\/2021\\\/06\\\/logo.png\",\"contentUrl\":\"https:\\\/\\\/www.rebostavilluis.com\\\/wp-content\\\/uploads\\\/2021\\\/06\\\/logo.png\",\"width\":273,\"height\":74,\"caption\":\"El Rebost de l'Avi llu&iacute;s\"},\"image\":{\"@id\":\"https:\\\/\\\/www.rebostavilluis.com\\\/es\\\/#\\\/schema\\\/logo\\\/image\\\/\"}}]}<\/script>\n<!-- \/ Yoast SEO plugin. -->","yoast_head_json":{"title":"Miel con Valor A\u00f1adido - El Rebost de l'Avi llu&iacute;s","robots":{"index":"index","follow":"follow","max-snippet":"max-snippet:-1","max-image-preview":"max-image-preview:large","max-video-preview":"max-video-preview:-1"},"canonical":"https:\/\/www.rebostavilluis.com\/es\/comprar-miel\/miel-con-valor-anadido\/","og_locale":"es_ES","og_type":"article","og_title":"Miel con Valor A\u00f1adido - El Rebost de l'Avi llu&iacute;s","og_description":"&nbsp; La miel con valor a\u00f1adido es una aut\u00e9ntica joya gastron\u00f3mica que une la dulzura natural de la miel con la riqueza de otros tesoros de la apicultura, como el polen y la jalea real. Esta combinaci\u00f3n da lugar a ... Leer m\u00e1s","og_url":"https:\/\/www.rebostavilluis.com\/es\/comprar-miel\/miel-con-valor-anadido\/","og_site_name":"El Rebost de l'Avi llu&iacute;s","article_modified_time":"2025-09-04T10:12:23+00:00","twitter_card":"summary_large_image","twitter_misc":{"Tiempo de lectura":"2 minutos"},"schema":{"@context":"https:\/\/schema.org","@graph":[{"@type":"WebPage","@id":"https:\/\/www.rebostavilluis.com\/es\/comprar-miel\/miel-con-valor-anadido\/","url":"https:\/\/www.rebostavilluis.com\/es\/comprar-miel\/miel-con-valor-anadido\/","name":"Miel con Valor A\u00f1adido - El Rebost de l'Avi llu&iacute;s","isPartOf":{"@id":"https:\/\/www.rebostavilluis.com\/es\/#website"},"datePublished":"2018-12-28T00:58:34+00:00","dateModified":"2025-09-04T10:12:23+00:00","breadcrumb":{"@id":"https:\/\/www.rebostavilluis.com\/es\/comprar-miel\/miel-con-valor-anadido\/#breadcrumb"},"inLanguage":"es","potentialAction":[{"@type":"ReadAction","target":["https:\/\/www.rebostavilluis.com\/es\/comprar-miel\/miel-con-valor-anadido\/"]}]},{"@type":"BreadcrumbList","@id":"https:\/\/www.rebostavilluis.com\/es\/comprar-miel\/miel-con-valor-anadido\/#breadcrumb","itemListElement":[{"@type":"ListItem","position":1,"name":"Portada","item":"https:\/\/www.rebostavilluis.com\/es\/"},{"@type":"ListItem","position":2,"name":"Miel","item":"https:\/\/www.rebostavilluis.com\/es\/comprar-miel\/"},{"@type":"ListItem","position":3,"name":"Miel con Valor A\u00f1adido"}]},{"@type":"WebSite","@id":"https:\/\/www.rebostavilluis.com\/es\/#website","url":"https:\/\/www.rebostavilluis.com\/es\/","name":"El Rebost de l'Avi llu&iacute;s","description":"Mel del Perell&oacute;","publisher":{"@id":"https:\/\/www.rebostavilluis.com\/es\/#organization"},"potentialAction":[{"@type":"SearchAction","target":{"@type":"EntryPoint","urlTemplate":"https:\/\/www.rebostavilluis.com\/es\/?s={search_term_string}"},"query-input":{"@type":"PropertyValueSpecification","valueRequired":true,"valueName":"search_term_string"}}],"inLanguage":"es"},{"@type":"Organization","@id":"https:\/\/www.rebostavilluis.com\/es\/#organization","name":"El Rebost de l'Avi llu&iacute;s","url":"https:\/\/www.rebostavilluis.com\/es\/","logo":{"@type":"ImageObject","inLanguage":"es","@id":"https:\/\/www.rebostavilluis.com\/es\/#\/schema\/logo\/image\/","url":"https:\/\/www.rebostavilluis.com\/wp-content\/uploads\/2021\/06\/logo.png","contentUrl":"https:\/\/www.rebostavilluis.com\/wp-content\/uploads\/2021\/06\/logo.png","width":273,"height":74,"caption":"El Rebost de l'Avi llu&iacute;s"},"image":{"@id":"https:\/\/www.rebostavilluis.com\/es\/#\/schema\/logo\/image\/"}}]}},"_links":{"self":[{"href":"https:\/\/www.rebostavilluis.com\/es\/wp-json\/wp\/v2\/pages\/1247","targetHints":{"allow":["GET"]}}],"collection":[{"href":"https:\/\/www.rebostavilluis.com\/es\/wp-json\/wp\/v2\/pages"}],"about":[{"href":"https:\/\/www.rebostavilluis.com\/es\/wp-json\/wp\/v2\/types\/page"}],"author":[{"embeddable":true,"href":"https:\/\/www.rebostavilluis.com\/es\/wp-json\/wp\/v2\/users\/1"}],"replies":[{"embeddable":true,"href":"https:\/\/www.rebostavilluis.com\/es\/wp-json\/wp\/v2\/comments?post=1247"}],"version-history":[{"count":2,"href":"https:\/\/www.rebostavilluis.com\/es\/wp-json\/wp\/v2\/pages\/1247\/revisions"}],"predecessor-version":[{"id":15789,"href":"https:\/\/www.rebostavilluis.com\/es\/wp-json\/wp\/v2\/pages\/1247\/revisions\/15789"}],"up":[{"embeddable":true,"href":"https:\/\/www.rebostavilluis.com\/es\/wp-json\/wp\/v2\/pages\/1243"}],"wp:attachment":[{"href":"https:\/\/www.rebostavilluis.com\/es\/wp-json\/wp\/v2\/media?parent=1247"}],"curies":[{"name":"wp","href":"https:\/\/api.w.org\/{rel}","templated":true}]}}