{"id":13622,"date":"2024-06-19T09:48:10","date_gmt":"2024-06-19T07:48:10","guid":{"rendered":"https:\/\/www.rebostavilluis.com\/torrades-de-salmo-amb-crema-de-formatge-i-mel\/"},"modified":"2024-06-19T10:57:43","modified_gmt":"2024-06-19T08:57:43","slug":"torrades-de-salmo-amb-crema-de-formatge-i-mel","status":"publish","type":"page","link":"https:\/\/www.rebostavilluis.com\/es\/torrades-de-salmo-amb-crema-de-formatge-i-mel\/","title":{"rendered":"Tostadas de salm\u00f3n con crema de queso y miel"},"content":{"rendered":"<div id=\"pl-13622\"  class=\"panel-layout\" ><div id=\"pg-13622-0\"  class=\"panel-grid panel-no-style\" ><div id=\"pgc-13622-0-0\"  class=\"panel-grid-cell\" ><div id=\"panel-13622-0-0-0\" class=\"so-panel widget widget_sow-image panel-first-child panel-last-child\" data-index=\"0\" ><div\n\t\t\t\n\t\t\tclass=\"so-widget-sow-image so-widget-sow-image-default-8b5b6f678277-13622\"\n\t\t\t\n\t\t>\n<div class=\"sow-image-container\">\n\t\t<img \n\tdata-src=\"https:\/\/www.rebostavilluis.com\/wp-content\/uploads\/2024\/06\/Captura-de-Pantalla-2024-06-18-a-las-13.02.07-e1718788810292.png\" width=\"540\" height=\"540\" data-srcset=\"https:\/\/www.rebostavilluis.com\/wp-content\/uploads\/2024\/06\/Captura-de-Pantalla-2024-06-18-a-las-13.02.07-e1718788810292.png 540w, https:\/\/www.rebostavilluis.com\/wp-content\/uploads\/2024\/06\/Captura-de-Pantalla-2024-06-18-a-las-13.02.07-e1718788810292-300x300.png 300w, https:\/\/www.rebostavilluis.com\/wp-content\/uploads\/2024\/06\/Captura-de-Pantalla-2024-06-18-a-las-13.02.07-e1718788810292-150x150.png 150w, https:\/\/www.rebostavilluis.com\/wp-content\/uploads\/2024\/06\/Captura-de-Pantalla-2024-06-18-a-las-13.02.07-e1718788810292-100x100.png 100w, https:\/\/www.rebostavilluis.com\/wp-content\/uploads\/2024\/06\/Captura-de-Pantalla-2024-06-18-a-las-13.02.07-e1718788810292-64x64.png 64w\" data-sizes=\"(max-width: 540px) 100vw, 540px\" title=\"Captura de Pantalla 2024-06-18 a las 13.02.07\" alt=\"\" \t\tclass=\"so-widget-image lazyload\" src=\"data:image\/svg+xml;base64,PHN2ZyB3aWR0aD0iMSIgaGVpZ2h0PSIxIiB4bWxucz0iaHR0cDovL3d3dy53My5vcmcvMjAwMC9zdmciPjwvc3ZnPg==\" style=\"--smush-placeholder-width: 540px; --smush-placeholder-aspect-ratio: 540\/540;\" \/>\n\t<\/div>\n\n<\/div><\/div><\/div><div id=\"pgc-13622-0-1\"  class=\"panel-grid-cell\" ><div id=\"panel-13622-0-1-0\" class=\"so-panel widget widget_sow-editor panel-first-child panel-last-child\" data-index=\"1\" ><div\n\t\t\t\n\t\t\tclass=\"so-widget-sow-editor so-widget-sow-editor-base\"\n\t\t\t\n\t\t>\n<div class=\"siteorigin-widget-tinymce textwidget\">\n\t<p>Hoy os ense\u00f1aremos a preparar estas tostadas de salm\u00f3n con un toque original.<\/p>\n<h4>INGREDIENTES<\/h4>\n<p>Queso en crema<br \/>\nLeche<br \/>\n<a href=\"https:\/\/www.rebostavilluis.com\/es\/comprar-miel\/miel-de-montana\/\">Miel de Monta\u00f1a de l'Avi Llu\u00eds<\/a><br \/>\nSalm\u00f3n<br \/>\nSal<br \/>\nPimienta<\/p>\n<h4>ELABORACI\u00d3N<\/h4>\n<p>Empezaremos poniendo en un cuenco el queso en crema y a\u00f1adimos un vaso peque\u00f1o de leche para suavizar la textura del queso. A continuaci\u00f3n, en esta mezcla pondremos una cucharada generosa (o dos) de Miel de Monta\u00f1a que le dar\u00e1 el toque especial a la receta. Salpimentamos todo y lo reservamos.<\/p>\n<p>A continuaci\u00f3n cortaremos el salm\u00f3n a tiras del tama\u00f1o de las tostaditas, \u00a1y s\u00f3lo nos queda montarlo! Ponemos el pan, la base de queso con miel y por \u00faltimo el salm\u00f3n. \u00a1Y listos!<\/p>\n<\/div>\n<\/div><\/div><\/div><\/div><\/div>","protected":false},"excerpt":{"rendered":"<p>Hoy os ense\u00f1aremos a preparar estas tostadas de salm\u00f3n con un toque original. INGREDIENTES Queso en crema Leche Miel de Monta\u00f1a de l&#8217;Avi Llu\u00eds Salm\u00f3n Sal Pimienta ELABORACI\u00d3N Empezaremos poniendo en un cuenco el queso en crema y a\u00f1adimos un &#8230; <a title=\"Tostadas de salm\u00f3n con crema de queso y miel\" class=\"read-more\" href=\"https:\/\/www.rebostavilluis.com\/es\/torrades-de-salmo-amb-crema-de-formatge-i-mel\/\" aria-label=\"Leer m\u00e1s sobre Tostadas de salm\u00f3n con crema de queso y miel\">Leer m\u00e1s<\/a><\/p>\n","protected":false},"author":531,"featured_media":0,"parent":0,"menu_order":0,"comment_status":"closed","ping_status":"closed","template":"","meta":{"_joinchat":[],"footnotes":""},"class_list":{"0":"post-13622","1":"page","2":"type-page","3":"status-publish","5":"infinite-scroll-item"},"yoast_head":"<!-- This site is optimized with the Yoast SEO plugin v27.3 - https:\/\/yoast.com\/product\/yoast-seo-wordpress\/ -->\n<title>Tostadas de salm\u00f3n con crema de queso y miel - El Rebost de l&#039;Avi llu&iacute;s<\/title>\n<meta name=\"robots\" content=\"index, follow, max-snippet:-1, max-image-preview:large, max-video-preview:-1\" \/>\n<link rel=\"canonical\" href=\"https:\/\/www.rebostavilluis.com\/es\/torrades-de-salmo-amb-crema-de-formatge-i-mel\/\" \/>\n<meta property=\"og:locale\" content=\"es_ES\" \/>\n<meta property=\"og:type\" content=\"article\" \/>\n<meta property=\"og:title\" content=\"Tostadas de salm\u00f3n con crema de queso y miel - El Rebost de l&#039;Avi llu&iacute;s\" \/>\n<meta property=\"og:description\" content=\"Hoy os ense\u00f1aremos a preparar estas tostadas de salm\u00f3n con un toque original. INGREDIENTES Queso en crema Leche Miel de Monta\u00f1a de l&#039;Avi Llu\u00eds Salm\u00f3n Sal Pimienta ELABORACI\u00d3N Empezaremos poniendo en un cuenco el queso en crema y a\u00f1adimos un ... Leer m\u00e1s\" \/>\n<meta property=\"og:url\" content=\"https:\/\/www.rebostavilluis.com\/es\/torrades-de-salmo-amb-crema-de-formatge-i-mel\/\" \/>\n<meta property=\"og:site_name\" content=\"El Rebost de l&#039;Avi llu&iacute;s\" \/>\n<meta property=\"article:modified_time\" content=\"2024-06-19T08:57:43+00:00\" \/>\n<meta name=\"twitter:card\" content=\"summary_large_image\" \/>\n<meta name=\"twitter:label1\" content=\"Tiempo de lectura\" \/>\n\t<meta name=\"twitter:data1\" content=\"1 minuto\" \/>\n<script type=\"application\/ld+json\" class=\"yoast-schema-graph\">{\"@context\":\"https:\\\/\\\/schema.org\",\"@graph\":[{\"@type\":\"WebPage\",\"@id\":\"https:\\\/\\\/www.rebostavilluis.com\\\/es\\\/torrades-de-salmo-amb-crema-de-formatge-i-mel\\\/\",\"url\":\"https:\\\/\\\/www.rebostavilluis.com\\\/es\\\/torrades-de-salmo-amb-crema-de-formatge-i-mel\\\/\",\"name\":\"Tostadas de salm\u00f3n con crema de queso y miel - El Rebost de l'Avi llu&iacute;s\",\"isPartOf\":{\"@id\":\"https:\\\/\\\/www.rebostavilluis.com\\\/es\\\/#website\"},\"datePublished\":\"2024-06-19T07:48:10+00:00\",\"dateModified\":\"2024-06-19T08:57:43+00:00\",\"breadcrumb\":{\"@id\":\"https:\\\/\\\/www.rebostavilluis.com\\\/es\\\/torrades-de-salmo-amb-crema-de-formatge-i-mel\\\/#breadcrumb\"},\"inLanguage\":\"es\",\"potentialAction\":[{\"@type\":\"ReadAction\",\"target\":[\"https:\\\/\\\/www.rebostavilluis.com\\\/es\\\/torrades-de-salmo-amb-crema-de-formatge-i-mel\\\/\"]}]},{\"@type\":\"BreadcrumbList\",\"@id\":\"https:\\\/\\\/www.rebostavilluis.com\\\/es\\\/torrades-de-salmo-amb-crema-de-formatge-i-mel\\\/#breadcrumb\",\"itemListElement\":[{\"@type\":\"ListItem\",\"position\":1,\"name\":\"Portada\",\"item\":\"https:\\\/\\\/www.rebostavilluis.com\\\/es\\\/\"},{\"@type\":\"ListItem\",\"position\":2,\"name\":\"Tostadas de salm\u00f3n con crema de queso y miel\"}]},{\"@type\":\"WebSite\",\"@id\":\"https:\\\/\\\/www.rebostavilluis.com\\\/es\\\/#website\",\"url\":\"https:\\\/\\\/www.rebostavilluis.com\\\/es\\\/\",\"name\":\"El Rebost de l'Avi llu&iacute;s\",\"description\":\"Mel del Perell&oacute;\",\"publisher\":{\"@id\":\"https:\\\/\\\/www.rebostavilluis.com\\\/es\\\/#organization\"},\"potentialAction\":[{\"@type\":\"SearchAction\",\"target\":{\"@type\":\"EntryPoint\",\"urlTemplate\":\"https:\\\/\\\/www.rebostavilluis.com\\\/es\\\/?s={search_term_string}\"},\"query-input\":{\"@type\":\"PropertyValueSpecification\",\"valueRequired\":true,\"valueName\":\"search_term_string\"}}],\"inLanguage\":\"es\"},{\"@type\":\"Organization\",\"@id\":\"https:\\\/\\\/www.rebostavilluis.com\\\/es\\\/#organization\",\"name\":\"El Rebost de l'Avi llu&iacute;s\",\"url\":\"https:\\\/\\\/www.rebostavilluis.com\\\/es\\\/\",\"logo\":{\"@type\":\"ImageObject\",\"inLanguage\":\"es\",\"@id\":\"https:\\\/\\\/www.rebostavilluis.com\\\/es\\\/#\\\/schema\\\/logo\\\/image\\\/\",\"url\":\"https:\\\/\\\/www.rebostavilluis.com\\\/wp-content\\\/uploads\\\/2021\\\/06\\\/logo.png\",\"contentUrl\":\"https:\\\/\\\/www.rebostavilluis.com\\\/wp-content\\\/uploads\\\/2021\\\/06\\\/logo.png\",\"width\":273,\"height\":74,\"caption\":\"El Rebost de l'Avi llu&iacute;s\"},\"image\":{\"@id\":\"https:\\\/\\\/www.rebostavilluis.com\\\/es\\\/#\\\/schema\\\/logo\\\/image\\\/\"}}]}<\/script>\n<!-- \/ Yoast SEO plugin. -->","yoast_head_json":{"title":"Tostadas de salm\u00f3n con crema de queso y miel - El Rebost de l'Avi llu&iacute;s","robots":{"index":"index","follow":"follow","max-snippet":"max-snippet:-1","max-image-preview":"max-image-preview:large","max-video-preview":"max-video-preview:-1"},"canonical":"https:\/\/www.rebostavilluis.com\/es\/torrades-de-salmo-amb-crema-de-formatge-i-mel\/","og_locale":"es_ES","og_type":"article","og_title":"Tostadas de salm\u00f3n con crema de queso y miel - El Rebost de l'Avi llu&iacute;s","og_description":"Hoy os ense\u00f1aremos a preparar estas tostadas de salm\u00f3n con un toque original. INGREDIENTES Queso en crema Leche Miel de Monta\u00f1a de l'Avi Llu\u00eds Salm\u00f3n Sal Pimienta ELABORACI\u00d3N Empezaremos poniendo en un cuenco el queso en crema y a\u00f1adimos un ... Leer m\u00e1s","og_url":"https:\/\/www.rebostavilluis.com\/es\/torrades-de-salmo-amb-crema-de-formatge-i-mel\/","og_site_name":"El Rebost de l'Avi llu&iacute;s","article_modified_time":"2024-06-19T08:57:43+00:00","twitter_card":"summary_large_image","twitter_misc":{"Tiempo de lectura":"1 minuto"},"schema":{"@context":"https:\/\/schema.org","@graph":[{"@type":"WebPage","@id":"https:\/\/www.rebostavilluis.com\/es\/torrades-de-salmo-amb-crema-de-formatge-i-mel\/","url":"https:\/\/www.rebostavilluis.com\/es\/torrades-de-salmo-amb-crema-de-formatge-i-mel\/","name":"Tostadas de salm\u00f3n con crema de queso y miel - El Rebost de l'Avi llu&iacute;s","isPartOf":{"@id":"https:\/\/www.rebostavilluis.com\/es\/#website"},"datePublished":"2024-06-19T07:48:10+00:00","dateModified":"2024-06-19T08:57:43+00:00","breadcrumb":{"@id":"https:\/\/www.rebostavilluis.com\/es\/torrades-de-salmo-amb-crema-de-formatge-i-mel\/#breadcrumb"},"inLanguage":"es","potentialAction":[{"@type":"ReadAction","target":["https:\/\/www.rebostavilluis.com\/es\/torrades-de-salmo-amb-crema-de-formatge-i-mel\/"]}]},{"@type":"BreadcrumbList","@id":"https:\/\/www.rebostavilluis.com\/es\/torrades-de-salmo-amb-crema-de-formatge-i-mel\/#breadcrumb","itemListElement":[{"@type":"ListItem","position":1,"name":"Portada","item":"https:\/\/www.rebostavilluis.com\/es\/"},{"@type":"ListItem","position":2,"name":"Tostadas de salm\u00f3n con crema de queso y miel"}]},{"@type":"WebSite","@id":"https:\/\/www.rebostavilluis.com\/es\/#website","url":"https:\/\/www.rebostavilluis.com\/es\/","name":"El Rebost de l'Avi llu&iacute;s","description":"Mel del Perell&oacute;","publisher":{"@id":"https:\/\/www.rebostavilluis.com\/es\/#organization"},"potentialAction":[{"@type":"SearchAction","target":{"@type":"EntryPoint","urlTemplate":"https:\/\/www.rebostavilluis.com\/es\/?s={search_term_string}"},"query-input":{"@type":"PropertyValueSpecification","valueRequired":true,"valueName":"search_term_string"}}],"inLanguage":"es"},{"@type":"Organization","@id":"https:\/\/www.rebostavilluis.com\/es\/#organization","name":"El Rebost de l'Avi llu&iacute;s","url":"https:\/\/www.rebostavilluis.com\/es\/","logo":{"@type":"ImageObject","inLanguage":"es","@id":"https:\/\/www.rebostavilluis.com\/es\/#\/schema\/logo\/image\/","url":"https:\/\/www.rebostavilluis.com\/wp-content\/uploads\/2021\/06\/logo.png","contentUrl":"https:\/\/www.rebostavilluis.com\/wp-content\/uploads\/2021\/06\/logo.png","width":273,"height":74,"caption":"El Rebost de l'Avi llu&iacute;s"},"image":{"@id":"https:\/\/www.rebostavilluis.com\/es\/#\/schema\/logo\/image\/"}}]}},"_links":{"self":[{"href":"https:\/\/www.rebostavilluis.com\/es\/wp-json\/wp\/v2\/pages\/13622","targetHints":{"allow":["GET"]}}],"collection":[{"href":"https:\/\/www.rebostavilluis.com\/es\/wp-json\/wp\/v2\/pages"}],"about":[{"href":"https:\/\/www.rebostavilluis.com\/es\/wp-json\/wp\/v2\/types\/page"}],"author":[{"embeddable":true,"href":"https:\/\/www.rebostavilluis.com\/es\/wp-json\/wp\/v2\/users\/531"}],"replies":[{"embeddable":true,"href":"https:\/\/www.rebostavilluis.com\/es\/wp-json\/wp\/v2\/comments?post=13622"}],"version-history":[{"count":2,"href":"https:\/\/www.rebostavilluis.com\/es\/wp-json\/wp\/v2\/pages\/13622\/revisions"}],"predecessor-version":[{"id":13624,"href":"https:\/\/www.rebostavilluis.com\/es\/wp-json\/wp\/v2\/pages\/13622\/revisions\/13624"}],"wp:attachment":[{"href":"https:\/\/www.rebostavilluis.com\/es\/wp-json\/wp\/v2\/media?parent=13622"}],"curies":[{"name":"wp","href":"https:\/\/api.w.org\/{rel}","templated":true}]}}