{"id":3408,"date":"2019-01-15T21:25:00","date_gmt":"2019-01-15T20:25:00","guid":{"rendered":"https:\/\/www.rebostavilluis.com\/?page_id=3408"},"modified":"2019-01-15T21:25:00","modified_gmt":"2019-01-15T20:25:00","slug":"politica-de-cookies","status":"publish","type":"page","link":"https:\/\/www.rebostavilluis.com\/es\/politica-de-cookies\/","title":{"rendered":"Pol\u00edtica de Cookies"},"content":{"rendered":"<div id=\"content\" class=\"content\" role=\"main\">\n<h2>\u00bfQu\u00e9 es una cookie?<\/h2>\n<p>Una cookie es un peque\u00f1o fichero de texto que se almacena en su navegador cuando visita casi cualquier p\u00e1gina web. Su utilidad es que la web sea capaz de recordar su visita cuando vuelva a navegar por esa p\u00e1gina. Las cookies suelen almacenar informaci\u00f3n de car\u00e1cter t\u00e9cnico, preferencias personales, personalizaci\u00f3n de contenidos, estad\u00edsticas de uso, enlaces a redes sociales, etc. El objetivo de la cookie es adaptar el contenido de la web a su perfil y necesidades.<\/p>\n<h2>\u00bfQui\u00e9n tiene acceso a la informaci\u00f3n de las cookies que instalamos?<\/h2>\n<p>S\u00f3lo el propietario del sitio web y la empresa que presta al propietario el servicio de mantenimiento y an\u00e1lisis del sitio, tienen acceso a las cookies. Los terceros, como Google Analytics, que hayan almacenado cookies en su navegador tambi\u00e9n tendr\u00e1n acceso a ellas.<\/p>\n<h2>\u00bfC\u00f3mo gestionar las cookies?<\/h2>\n<p>Seg\u00fan su navegador, puede acceder a la configuraci\u00f3n para eliminarlas o desactivarlas las cookies.<\/p>\n<h4><strong>Chrome:<\/strong><\/h4>\n<p>A continuaci\u00f3n le indicamos c\u00f3mo acceder a una cookie determinada del navegador <strong>Chrome<\/strong>. Nota: estos pasos pueden variar en funci\u00f3n de la versi\u00f3n del navegador:<br \/>\nVaya a Configuraci\u00f3n o Preferencias mediante el men\u00fa Archivo o bien pinchando el icono de personalizaci\u00f3n que aparece arriba a la derecha.<br \/>\nVer\u00e1 diferentes secciones, pinche la opci\u00f3n Mostrar opciones avanzadas.<br \/>\nVaya a Privacidad, Configuraci\u00f3n de contenido.<br \/>\nSeleccione Todas las cookies y los datos de sitios.<br \/>\nAparecer\u00e1 un listado con todas las cookies ordenadas por dominio. Para que le sea m\u00e1s f\u00e1cil encontrar las cookies de un determinado dominio introduzca parcial o totalmente la direcci\u00f3n en el campo Buscar cookies.<br \/>\nTras realizar este filtro aparecer\u00e1n en pantalla una o varias l\u00edneas con las cookies de la web solicitada. Ahora s\u00f3lo tiene que seleccionarla y pulsar la X para proceder a su eliminaci\u00f3n.<\/p>\n<h4><strong>Internet Explorer:<\/strong><\/h4>\n<p>Para acceder a la configuraci\u00f3n de cookies del navegador <strong>Internet Explorer<\/strong> siga estos pasos (pueden variar en funci\u00f3n de la versi\u00f3n del navegador):<br \/>\nVaya a Herramientas, Opciones de Internet<br \/>\nHaga click en Privacidad.<br \/>\nMueva el deslizador hasta ajustar el nivel de privacidad que desee.<\/p>\n<h4><strong>Firefox:<\/strong><\/h4>\n<p>Para acceder a la configuraci\u00f3n de cookies del navegador<strong> Firefox<\/strong> siga estos pasos (pueden variar en funci\u00f3n de la versi\u00f3n del navegador):<br \/>\nVaya a Opciones o Preferencias seg\u00fan su sistema operativo.<br \/>\nHaga click en Privacidad.<br \/>\nEn Historial elija Usar una configuraci\u00f3n personalizada para el historial.<br \/>\nAhora ver\u00e1 la opci\u00f3n Aceptar cookies, puede activarla o desactivarla seg\u00fan sus preferencias.<\/p>\n<p><strong>Safari:<\/strong><\/p>\n<p>Para acceder a la configuraci\u00f3n de cookies del navegador <strong>Safari<\/strong> para OSX siga estos pasos (pueden variar en funci\u00f3n de la versi\u00f3n del navegador):<br \/>\nVaya a Preferencias, luego Privacidad.<br \/>\nEn este lugar ver\u00e1 la opci\u00f3n Bloquear cookies para que ajuste el tipo de bloqueo que desea realizar.<\/p>\n<p><strong>Android<\/strong> :<\/p>\n<p>Para acceder a la configuraci\u00f3n de cookies del navegador para dispositivos <strong>Android<\/strong> siga estos pasos (pueden variar en funci\u00f3n de la versi\u00f3n del navegador):<br \/>\nEjecute el navegador y pulse la tecla Men\u00fa, luego Ajustes.<br \/>\nVaya a Seguridad y Privacidad, ver\u00e1 la opci\u00f3n Aceptar cookies para que active o desactive la casilla.<\/p>\n<p><strong>Windows Phone:<\/strong><\/p>\n<p>Para acceder a la configuraci\u00f3n de cookies del navegador para dispositivos <strong>Windows Phone<\/strong> siga estos pasos (pueden variar en funci\u00f3n de la versi\u00f3n del navegador):<br \/>\nAbra Internet Explorer, luego M\u00e1s, luego Configuraci\u00f3n<br \/>\nAhora puede activar o desactivar la casilla Permitir cookies.<\/p>\n<\/div>\n<div class=\"apartado\">\n<div class=\"text_apartado\">\n<p>Eche\u00a0un vistazo a nuestro surtido de tipos de miel de abeja\u00a0como la\u00a0<a href=\"https:\/\/www.rebostavilluis.com\/es\/miel-de-romero\/\">miel de romero<\/a>\u00a0o la\u00a0<a href=\"https:\/\/www.rebostavilluis.com\/es\/miel-de-brezo\/\">miel de\u00a0brezo<\/a><\/p>\n<\/div>\n<\/div>\n","protected":false},"excerpt":{"rendered":"<p>\u00bfQu\u00e9 es una cookie? Una cookie es un peque\u00f1o fichero de texto que se almacena en su navegador cuando visita casi cualquier p\u00e1gina web. Su utilidad es que la web sea capaz de recordar su visita cuando vuelva a navegar &#8230; <a title=\"Pol\u00edtica de Cookies\" class=\"read-more\" href=\"https:\/\/www.rebostavilluis.com\/es\/politica-de-cookies\/\" aria-label=\"Leer m\u00e1s sobre Pol\u00edtica de Cookies\">Leer m\u00e1s<\/a><\/p>\n","protected":false},"author":1,"featured_media":0,"parent":0,"menu_order":0,"comment_status":"closed","ping_status":"closed","template":"","meta":{"_joinchat":[],"footnotes":""},"class_list":{"0":"post-3408","1":"page","2":"type-page","3":"status-publish","5":"infinite-scroll-item"},"yoast_head":"<!-- This site is optimized with the Yoast SEO plugin v27.3 - https:\/\/yoast.com\/product\/yoast-seo-wordpress\/ -->\n<title>Pol\u00edtica de Cookies - El Rebost de l&#039;Avi llu&iacute;s<\/title>\n<meta name=\"robots\" content=\"noindex, follow\" \/>\n<meta property=\"og:locale\" content=\"es_ES\" \/>\n<meta property=\"og:type\" content=\"article\" \/>\n<meta property=\"og:title\" content=\"Pol\u00edtica de Cookies - El Rebost de l&#039;Avi llu&iacute;s\" \/>\n<meta property=\"og:description\" content=\"\u00bfQu\u00e9 es una cookie? Una cookie es un peque\u00f1o fichero de texto que se almacena en su navegador cuando visita casi cualquier p\u00e1gina web. Su utilidad es que la web sea capaz de recordar su visita cuando vuelva a navegar ... Leer m\u00e1s\" \/>\n<meta property=\"og:url\" content=\"https:\/\/www.rebostavilluis.com\/es\/politica-de-cookies\/\" \/>\n<meta property=\"og:site_name\" content=\"El Rebost de l&#039;Avi llu&iacute;s\" \/>\n<meta name=\"twitter:card\" content=\"summary_large_image\" \/>\n<meta name=\"twitter:label1\" content=\"Tiempo de lectura\" \/>\n\t<meta name=\"twitter:data1\" content=\"3 minutos\" \/>\n<script type=\"application\/ld+json\" class=\"yoast-schema-graph\">{\"@context\":\"https:\\\/\\\/schema.org\",\"@graph\":[{\"@type\":\"WebPage\",\"@id\":\"https:\\\/\\\/www.rebostavilluis.com\\\/es\\\/politica-de-cookies\\\/\",\"url\":\"https:\\\/\\\/www.rebostavilluis.com\\\/es\\\/politica-de-cookies\\\/\",\"name\":\"Pol\u00edtica de Cookies - El Rebost de l'Avi llu&iacute;s\",\"isPartOf\":{\"@id\":\"https:\\\/\\\/www.rebostavilluis.com\\\/es\\\/#website\"},\"datePublished\":\"2019-01-15T20:25:00+00:00\",\"breadcrumb\":{\"@id\":\"https:\\\/\\\/www.rebostavilluis.com\\\/es\\\/politica-de-cookies\\\/#breadcrumb\"},\"inLanguage\":\"es\",\"potentialAction\":[{\"@type\":\"ReadAction\",\"target\":[\"https:\\\/\\\/www.rebostavilluis.com\\\/es\\\/politica-de-cookies\\\/\"]}]},{\"@type\":\"BreadcrumbList\",\"@id\":\"https:\\\/\\\/www.rebostavilluis.com\\\/es\\\/politica-de-cookies\\\/#breadcrumb\",\"itemListElement\":[{\"@type\":\"ListItem\",\"position\":1,\"name\":\"Portada\",\"item\":\"https:\\\/\\\/www.rebostavilluis.com\\\/es\\\/\"},{\"@type\":\"ListItem\",\"position\":2,\"name\":\"Pol\u00edtica de Cookies\"}]},{\"@type\":\"WebSite\",\"@id\":\"https:\\\/\\\/www.rebostavilluis.com\\\/es\\\/#website\",\"url\":\"https:\\\/\\\/www.rebostavilluis.com\\\/es\\\/\",\"name\":\"El Rebost de l'Avi llu&iacute;s\",\"description\":\"Mel del Perell&oacute;\",\"publisher\":{\"@id\":\"https:\\\/\\\/www.rebostavilluis.com\\\/es\\\/#organization\"},\"potentialAction\":[{\"@type\":\"SearchAction\",\"target\":{\"@type\":\"EntryPoint\",\"urlTemplate\":\"https:\\\/\\\/www.rebostavilluis.com\\\/es\\\/?s={search_term_string}\"},\"query-input\":{\"@type\":\"PropertyValueSpecification\",\"valueRequired\":true,\"valueName\":\"search_term_string\"}}],\"inLanguage\":\"es\"},{\"@type\":\"Organization\",\"@id\":\"https:\\\/\\\/www.rebostavilluis.com\\\/es\\\/#organization\",\"name\":\"El Rebost de l'Avi llu&iacute;s\",\"url\":\"https:\\\/\\\/www.rebostavilluis.com\\\/es\\\/\",\"logo\":{\"@type\":\"ImageObject\",\"inLanguage\":\"es\",\"@id\":\"https:\\\/\\\/www.rebostavilluis.com\\\/es\\\/#\\\/schema\\\/logo\\\/image\\\/\",\"url\":\"https:\\\/\\\/www.rebostavilluis.com\\\/wp-content\\\/uploads\\\/2021\\\/06\\\/logo.png\",\"contentUrl\":\"https:\\\/\\\/www.rebostavilluis.com\\\/wp-content\\\/uploads\\\/2021\\\/06\\\/logo.png\",\"width\":273,\"height\":74,\"caption\":\"El Rebost de l'Avi llu&iacute;s\"},\"image\":{\"@id\":\"https:\\\/\\\/www.rebostavilluis.com\\\/es\\\/#\\\/schema\\\/logo\\\/image\\\/\"}}]}<\/script>\n<!-- \/ Yoast SEO plugin. -->","yoast_head_json":{"title":"Pol\u00edtica de Cookies - El Rebost de l'Avi llu&iacute;s","robots":{"index":"noindex","follow":"follow"},"og_locale":"es_ES","og_type":"article","og_title":"Pol\u00edtica de Cookies - El Rebost de l'Avi llu&iacute;s","og_description":"\u00bfQu\u00e9 es una cookie? Una cookie es un peque\u00f1o fichero de texto que se almacena en su navegador cuando visita casi cualquier p\u00e1gina web. Su utilidad es que la web sea capaz de recordar su visita cuando vuelva a navegar ... Leer m\u00e1s","og_url":"https:\/\/www.rebostavilluis.com\/es\/politica-de-cookies\/","og_site_name":"El Rebost de l'Avi llu&iacute;s","twitter_card":"summary_large_image","twitter_misc":{"Tiempo de lectura":"3 minutos"},"schema":{"@context":"https:\/\/schema.org","@graph":[{"@type":"WebPage","@id":"https:\/\/www.rebostavilluis.com\/es\/politica-de-cookies\/","url":"https:\/\/www.rebostavilluis.com\/es\/politica-de-cookies\/","name":"Pol\u00edtica de Cookies - El Rebost de l'Avi llu&iacute;s","isPartOf":{"@id":"https:\/\/www.rebostavilluis.com\/es\/#website"},"datePublished":"2019-01-15T20:25:00+00:00","breadcrumb":{"@id":"https:\/\/www.rebostavilluis.com\/es\/politica-de-cookies\/#breadcrumb"},"inLanguage":"es","potentialAction":[{"@type":"ReadAction","target":["https:\/\/www.rebostavilluis.com\/es\/politica-de-cookies\/"]}]},{"@type":"BreadcrumbList","@id":"https:\/\/www.rebostavilluis.com\/es\/politica-de-cookies\/#breadcrumb","itemListElement":[{"@type":"ListItem","position":1,"name":"Portada","item":"https:\/\/www.rebostavilluis.com\/es\/"},{"@type":"ListItem","position":2,"name":"Pol\u00edtica de Cookies"}]},{"@type":"WebSite","@id":"https:\/\/www.rebostavilluis.com\/es\/#website","url":"https:\/\/www.rebostavilluis.com\/es\/","name":"El Rebost de l'Avi llu&iacute;s","description":"Mel del Perell&oacute;","publisher":{"@id":"https:\/\/www.rebostavilluis.com\/es\/#organization"},"potentialAction":[{"@type":"SearchAction","target":{"@type":"EntryPoint","urlTemplate":"https:\/\/www.rebostavilluis.com\/es\/?s={search_term_string}"},"query-input":{"@type":"PropertyValueSpecification","valueRequired":true,"valueName":"search_term_string"}}],"inLanguage":"es"},{"@type":"Organization","@id":"https:\/\/www.rebostavilluis.com\/es\/#organization","name":"El Rebost de l'Avi llu&iacute;s","url":"https:\/\/www.rebostavilluis.com\/es\/","logo":{"@type":"ImageObject","inLanguage":"es","@id":"https:\/\/www.rebostavilluis.com\/es\/#\/schema\/logo\/image\/","url":"https:\/\/www.rebostavilluis.com\/wp-content\/uploads\/2021\/06\/logo.png","contentUrl":"https:\/\/www.rebostavilluis.com\/wp-content\/uploads\/2021\/06\/logo.png","width":273,"height":74,"caption":"El Rebost de l'Avi llu&iacute;s"},"image":{"@id":"https:\/\/www.rebostavilluis.com\/es\/#\/schema\/logo\/image\/"}}]}},"_links":{"self":[{"href":"https:\/\/www.rebostavilluis.com\/es\/wp-json\/wp\/v2\/pages\/3408","targetHints":{"allow":["GET"]}}],"collection":[{"href":"https:\/\/www.rebostavilluis.com\/es\/wp-json\/wp\/v2\/pages"}],"about":[{"href":"https:\/\/www.rebostavilluis.com\/es\/wp-json\/wp\/v2\/types\/page"}],"author":[{"embeddable":true,"href":"https:\/\/www.rebostavilluis.com\/es\/wp-json\/wp\/v2\/users\/1"}],"replies":[{"embeddable":true,"href":"https:\/\/www.rebostavilluis.com\/es\/wp-json\/wp\/v2\/comments?post=3408"}],"version-history":[{"count":1,"href":"https:\/\/www.rebostavilluis.com\/es\/wp-json\/wp\/v2\/pages\/3408\/revisions"}],"predecessor-version":[{"id":3409,"href":"https:\/\/www.rebostavilluis.com\/es\/wp-json\/wp\/v2\/pages\/3408\/revisions\/3409"}],"wp:attachment":[{"href":"https:\/\/www.rebostavilluis.com\/es\/wp-json\/wp\/v2\/media?parent=3408"}],"curies":[{"name":"wp","href":"https:\/\/api.w.org\/{rel}","templated":true}]}}