{"id":3412,"date":"2019-01-15T21:33:41","date_gmt":"2019-01-15T20:33:41","guid":{"rendered":"https:\/\/www.rebostavilluis.com\/?page_id=3412"},"modified":"2023-12-18T09:49:29","modified_gmt":"2023-12-18T08:49:29","slug":"entrega","status":"publish","type":"page","link":"https:\/\/www.rebostavilluis.com\/es\/entrega\/","title":{"rendered":"Entrega y Devoluciones"},"content":{"rendered":"<div>\n<h1 style=\"text-align: center;\"><span style=\"color: #000000;\">Entrega y Devoluciones<\/span><\/h1>\n<\/div>\n<div>-Todos los precios que aparecen en nuestra tienda on-line incluyen el IVA. Para una mayor transparencia, los puertos se a\u00f1aden por separado al final ya que depende del importe del pedido y del destino.<\/div>\n<div><\/div>\n<div>&#8211; El precio del transporte depende del importe del pedido y su destino. Nuestras tarifas de transporte son las siguientes:<\/div>\n<ul>\n<li>Territorio peninsular 7\u201900\u20ac\u00a0 (Espa\u00f1a)<\/li>\n<li>Territorio peninsular con pedido superior a 30\u20ac 6,50\u20ac (Espa\u00f1a)<\/li>\n<li>Con pedidos superiores a 60\u20ac portes gratuitos a Espa\u00f1a.<\/li>\n<\/ul>\n<div>Para env\u00edos a las islas o a otros pa\u00edses, consultar i realizar el pago por transferencia internacional.<\/div>\n<div><\/div>\n<div>&#8211; El plazo de entrega del pedido es de 2 a 3 dias para la pen\u00ednsula ib\u00e9rica, y de 6-7 d\u00edas para el resto de destinos, excepto que por causas externas a nosotros hubiera alg\u00fan obst\u00e1culo en la entrega del pedido.<\/div>\n<div><\/div>\n<div>&#8211; Antes de firmar la hoja de entrega, compruebe que el producto no tiene ning\u00fan deterioro externo, de lo contrario deje clara constancia al transportista de la rotura anot\u00e1ndolo en el albar\u00e1n de entrega para poder tramitar la correspondiente indemnizaci\u00f3n del producto. Se le enviar\u00e1 otro producto sin coste alguno.<\/div>\n<div><\/div>\n<div>&#8211; En cumplimiento de Art. 40 de la Ley 47\/2002 de diciembre, de reforma de la Ley 7\/1996, de 15 de enero, de la Ordenaci\u00f3n del Comercio Minorista, el cliente tiene derecho de desistimiento, por la cual podr\u00e1 devolver el producto recibido si comprueba que no se ajusta a sus expectativas, pero necesariamente en el plazo m\u00e1ximo de siete d\u00edas h\u00e1biles (a partir de la recepci\u00f3n y seg\u00fan el calendario oficial del lugar donde se ha entregado el bien), con su embalaje original, sin haberlo utilizado y a trav\u00e9s del operador log\u00edstico que lo suministra siendo a cargo del cliente los gastos de devoluci\u00f3n, al igual que los desperfectos del objeto de la compra.<\/div>\n<div><\/div>\n<div><\/div>\n<div>Eche\u00a0un vistazo a nuestro surtido de tipos de miel de abeja\u00a0como la\u00a0<a href=\"https:\/\/www.rebostavilluis.com\/es\/miel-de-romero\/\">miel de romero<\/a>, la\u00a0<a href=\"https:\/\/www.rebostavilluis.com\/es\/miel-de-azahar\/\">miel de azahar<\/a>\u00a0o la\u00a0<a href=\"https:\/\/www.rebostavilluis.com\/es\/miel-de-eucalipto\/\">miel de eucalipto<\/a><\/div>\n","protected":false},"excerpt":{"rendered":"<p>Entrega y Devoluciones -Todos los precios que aparecen en nuestra tienda on-line incluyen el IVA. Para una mayor transparencia, los puertos se a\u00f1aden por separado al final ya que depende del importe del pedido y del destino. &#8211; El precio &#8230; <a title=\"Entrega y Devoluciones\" class=\"read-more\" href=\"https:\/\/www.rebostavilluis.com\/es\/entrega\/\" aria-label=\"Leer m\u00e1s sobre Entrega y Devoluciones\">Leer m\u00e1s<\/a><\/p>\n","protected":false},"author":1,"featured_media":0,"parent":0,"menu_order":0,"comment_status":"closed","ping_status":"closed","template":"","meta":{"_joinchat":[],"footnotes":""},"class_list":{"0":"post-3412","1":"page","2":"type-page","3":"status-publish","5":"infinite-scroll-item"},"yoast_head":"<!-- This site is optimized with the Yoast SEO plugin v27.3 - https:\/\/yoast.com\/product\/yoast-seo-wordpress\/ -->\n<title>Entrega y Devoluciones - El Rebost de l&#039;Avi llu&iacute;s<\/title>\n<meta name=\"robots\" content=\"noindex, follow\" \/>\n<meta property=\"og:locale\" content=\"es_ES\" \/>\n<meta property=\"og:type\" content=\"article\" \/>\n<meta property=\"og:title\" content=\"Entrega y Devoluciones - El Rebost de l&#039;Avi llu&iacute;s\" \/>\n<meta property=\"og:description\" content=\"Entrega y Devoluciones -Todos los precios que aparecen en nuestra tienda on-line incluyen el IVA. Para una mayor transparencia, los puertos se a\u00f1aden por separado al final ya que depende del importe del pedido y del destino. &#8211; El precio ... Leer m\u00e1s\" \/>\n<meta property=\"og:url\" content=\"https:\/\/www.rebostavilluis.com\/es\/entrega\/\" \/>\n<meta property=\"og:site_name\" content=\"El Rebost de l&#039;Avi llu&iacute;s\" \/>\n<meta property=\"article:modified_time\" content=\"2023-12-18T08:49:29+00:00\" \/>\n<meta name=\"twitter:card\" content=\"summary_large_image\" \/>\n<meta name=\"twitter:label1\" content=\"Tiempo de lectura\" \/>\n\t<meta name=\"twitter:data1\" content=\"2 minutos\" \/>\n<script type=\"application\/ld+json\" class=\"yoast-schema-graph\">{\"@context\":\"https:\\\/\\\/schema.org\",\"@graph\":[{\"@type\":\"WebPage\",\"@id\":\"https:\\\/\\\/www.rebostavilluis.com\\\/es\\\/entrega\\\/\",\"url\":\"https:\\\/\\\/www.rebostavilluis.com\\\/es\\\/entrega\\\/\",\"name\":\"Entrega y Devoluciones - El Rebost de l'Avi llu&iacute;s\",\"isPartOf\":{\"@id\":\"https:\\\/\\\/www.rebostavilluis.com\\\/es\\\/#website\"},\"datePublished\":\"2019-01-15T20:33:41+00:00\",\"dateModified\":\"2023-12-18T08:49:29+00:00\",\"breadcrumb\":{\"@id\":\"https:\\\/\\\/www.rebostavilluis.com\\\/es\\\/entrega\\\/#breadcrumb\"},\"inLanguage\":\"es\",\"potentialAction\":[{\"@type\":\"ReadAction\",\"target\":[\"https:\\\/\\\/www.rebostavilluis.com\\\/es\\\/entrega\\\/\"]}]},{\"@type\":\"BreadcrumbList\",\"@id\":\"https:\\\/\\\/www.rebostavilluis.com\\\/es\\\/entrega\\\/#breadcrumb\",\"itemListElement\":[{\"@type\":\"ListItem\",\"position\":1,\"name\":\"Portada\",\"item\":\"https:\\\/\\\/www.rebostavilluis.com\\\/es\\\/\"},{\"@type\":\"ListItem\",\"position\":2,\"name\":\"Entrega y Devoluciones\"}]},{\"@type\":\"WebSite\",\"@id\":\"https:\\\/\\\/www.rebostavilluis.com\\\/es\\\/#website\",\"url\":\"https:\\\/\\\/www.rebostavilluis.com\\\/es\\\/\",\"name\":\"El Rebost de l'Avi llu&iacute;s\",\"description\":\"Mel del Perell&oacute;\",\"publisher\":{\"@id\":\"https:\\\/\\\/www.rebostavilluis.com\\\/es\\\/#organization\"},\"potentialAction\":[{\"@type\":\"SearchAction\",\"target\":{\"@type\":\"EntryPoint\",\"urlTemplate\":\"https:\\\/\\\/www.rebostavilluis.com\\\/es\\\/?s={search_term_string}\"},\"query-input\":{\"@type\":\"PropertyValueSpecification\",\"valueRequired\":true,\"valueName\":\"search_term_string\"}}],\"inLanguage\":\"es\"},{\"@type\":\"Organization\",\"@id\":\"https:\\\/\\\/www.rebostavilluis.com\\\/es\\\/#organization\",\"name\":\"El Rebost de l'Avi llu&iacute;s\",\"url\":\"https:\\\/\\\/www.rebostavilluis.com\\\/es\\\/\",\"logo\":{\"@type\":\"ImageObject\",\"inLanguage\":\"es\",\"@id\":\"https:\\\/\\\/www.rebostavilluis.com\\\/es\\\/#\\\/schema\\\/logo\\\/image\\\/\",\"url\":\"https:\\\/\\\/www.rebostavilluis.com\\\/wp-content\\\/uploads\\\/2021\\\/06\\\/logo.png\",\"contentUrl\":\"https:\\\/\\\/www.rebostavilluis.com\\\/wp-content\\\/uploads\\\/2021\\\/06\\\/logo.png\",\"width\":273,\"height\":74,\"caption\":\"El Rebost de l'Avi llu&iacute;s\"},\"image\":{\"@id\":\"https:\\\/\\\/www.rebostavilluis.com\\\/es\\\/#\\\/schema\\\/logo\\\/image\\\/\"}}]}<\/script>\n<!-- \/ Yoast SEO plugin. -->","yoast_head_json":{"title":"Entrega y Devoluciones - El Rebost de l'Avi llu&iacute;s","robots":{"index":"noindex","follow":"follow"},"og_locale":"es_ES","og_type":"article","og_title":"Entrega y Devoluciones - El Rebost de l'Avi llu&iacute;s","og_description":"Entrega y Devoluciones -Todos los precios que aparecen en nuestra tienda on-line incluyen el IVA. Para una mayor transparencia, los puertos se a\u00f1aden por separado al final ya que depende del importe del pedido y del destino. &#8211; El precio ... Leer m\u00e1s","og_url":"https:\/\/www.rebostavilluis.com\/es\/entrega\/","og_site_name":"El Rebost de l'Avi llu&iacute;s","article_modified_time":"2023-12-18T08:49:29+00:00","twitter_card":"summary_large_image","twitter_misc":{"Tiempo de lectura":"2 minutos"},"schema":{"@context":"https:\/\/schema.org","@graph":[{"@type":"WebPage","@id":"https:\/\/www.rebostavilluis.com\/es\/entrega\/","url":"https:\/\/www.rebostavilluis.com\/es\/entrega\/","name":"Entrega y Devoluciones - El Rebost de l'Avi llu&iacute;s","isPartOf":{"@id":"https:\/\/www.rebostavilluis.com\/es\/#website"},"datePublished":"2019-01-15T20:33:41+00:00","dateModified":"2023-12-18T08:49:29+00:00","breadcrumb":{"@id":"https:\/\/www.rebostavilluis.com\/es\/entrega\/#breadcrumb"},"inLanguage":"es","potentialAction":[{"@type":"ReadAction","target":["https:\/\/www.rebostavilluis.com\/es\/entrega\/"]}]},{"@type":"BreadcrumbList","@id":"https:\/\/www.rebostavilluis.com\/es\/entrega\/#breadcrumb","itemListElement":[{"@type":"ListItem","position":1,"name":"Portada","item":"https:\/\/www.rebostavilluis.com\/es\/"},{"@type":"ListItem","position":2,"name":"Entrega y Devoluciones"}]},{"@type":"WebSite","@id":"https:\/\/www.rebostavilluis.com\/es\/#website","url":"https:\/\/www.rebostavilluis.com\/es\/","name":"El Rebost de l'Avi llu&iacute;s","description":"Mel del Perell&oacute;","publisher":{"@id":"https:\/\/www.rebostavilluis.com\/es\/#organization"},"potentialAction":[{"@type":"SearchAction","target":{"@type":"EntryPoint","urlTemplate":"https:\/\/www.rebostavilluis.com\/es\/?s={search_term_string}"},"query-input":{"@type":"PropertyValueSpecification","valueRequired":true,"valueName":"search_term_string"}}],"inLanguage":"es"},{"@type":"Organization","@id":"https:\/\/www.rebostavilluis.com\/es\/#organization","name":"El Rebost de l'Avi llu&iacute;s","url":"https:\/\/www.rebostavilluis.com\/es\/","logo":{"@type":"ImageObject","inLanguage":"es","@id":"https:\/\/www.rebostavilluis.com\/es\/#\/schema\/logo\/image\/","url":"https:\/\/www.rebostavilluis.com\/wp-content\/uploads\/2021\/06\/logo.png","contentUrl":"https:\/\/www.rebostavilluis.com\/wp-content\/uploads\/2021\/06\/logo.png","width":273,"height":74,"caption":"El Rebost de l'Avi llu&iacute;s"},"image":{"@id":"https:\/\/www.rebostavilluis.com\/es\/#\/schema\/logo\/image\/"}}]}},"_links":{"self":[{"href":"https:\/\/www.rebostavilluis.com\/es\/wp-json\/wp\/v2\/pages\/3412","targetHints":{"allow":["GET"]}}],"collection":[{"href":"https:\/\/www.rebostavilluis.com\/es\/wp-json\/wp\/v2\/pages"}],"about":[{"href":"https:\/\/www.rebostavilluis.com\/es\/wp-json\/wp\/v2\/types\/page"}],"author":[{"embeddable":true,"href":"https:\/\/www.rebostavilluis.com\/es\/wp-json\/wp\/v2\/users\/1"}],"replies":[{"embeddable":true,"href":"https:\/\/www.rebostavilluis.com\/es\/wp-json\/wp\/v2\/comments?post=3412"}],"version-history":[{"count":9,"href":"https:\/\/www.rebostavilluis.com\/es\/wp-json\/wp\/v2\/pages\/3412\/revisions"}],"predecessor-version":[{"id":13106,"href":"https:\/\/www.rebostavilluis.com\/es\/wp-json\/wp\/v2\/pages\/3412\/revisions\/13106"}],"wp:attachment":[{"href":"https:\/\/www.rebostavilluis.com\/es\/wp-json\/wp\/v2\/media?parent=3412"}],"curies":[{"name":"wp","href":"https:\/\/api.w.org\/{rel}","templated":true}]}}