{"id":10473,"date":"2022-03-24T12:30:23","date_gmt":"2022-03-24T11:30:23","guid":{"rendered":"https:\/\/www.rebostavilluis.com\/comprar\/lhome-peix-negre\/"},"modified":"2022-07-07T17:36:53","modified_gmt":"2022-07-07T15:36:53","slug":"lhome-peix-tinto","status":"publish","type":"product","link":"https:\/\/www.rebostavilluis.com\/es\/comprar\/lhome-peix-tinto\/","title":{"rendered":"L&#8217;Home Peix Tinto"},"content":{"rendered":"","protected":false},"excerpt":{"rendered":"<h4>DESCRIPCI\u00d3N<\/h4>\n<ul>\n<li>Vino tinto<\/li>\n<li>Variedad: garnacha negra<\/li>\n<li>D.O.: Terra Alta<\/li>\n<li>Zona de elaboraci\u00f3n: Catalu\u00f1a<\/li>\n<li>Alcohol: 13,5%<\/li>\n<\/ul>\n","protected":false},"featured_media":10465,"template":"","meta":{"_joinchat":[]},"product_brand":[],"product_cat":[104],"product_tag":[476,356,413,357,481],"class_list":{"0":"post-10473","1":"product","2":"type-product","3":"status-publish","4":"has-post-thumbnail","6":"product_cat-do-terra-alta-es","7":"product_tag-do-terra-alta-es-2","8":"product_tag-vi-es-2","9":"product_tag-vi-negre-es","10":"product_tag-vino-es-2","11":"product_tag-vino-tinto-es","12":"infinite-scroll-item","13":"sales-flash-overlay","14":"woocommerce-text-align-center","15":"woocommerce-image-align-center","16":"do-quantity-buttons","18":"first","19":"instock","20":"shipping-taxable","21":"purchasable","22":"product-type-simple"},"yoast_head":"<!-- This site is optimized with the Yoast SEO plugin v27.3 - https:\/\/yoast.com\/product\/yoast-seo-wordpress\/ -->\n<title>L&#039;home Peix Tinto - El Rebost de l&#039;Avi llu&iacute;s<\/title>\n<meta name=\"robots\" content=\"index, follow, max-snippet:-1, max-image-preview:large, max-video-preview:-1\" \/>\n<link rel=\"canonical\" href=\"https:\/\/www.rebostavilluis.com\/es\/comprar\/lhome-peix-tinto\/\" \/>\n<meta property=\"og:locale\" content=\"es_ES\" \/>\n<meta property=\"og:type\" content=\"article\" \/>\n<meta property=\"og:title\" content=\"L&#039;home Peix Tinto - El Rebost de l&#039;Avi llu&iacute;s\" \/>\n<meta property=\"og:description\" content=\"DESCRIPCI\u00d3N   Vino tinto  Variedad: garnacha negra  D.O.: Terra Alta  Zona de elaboraci\u00f3n: Catalu\u00f1a  Alcohol: 13,5%\" \/>\n<meta property=\"og:url\" content=\"https:\/\/www.rebostavilluis.com\/es\/comprar\/lhome-peix-tinto\/\" \/>\n<meta property=\"og:site_name\" content=\"El Rebost de l&#039;Avi llu&iacute;s\" \/>\n<meta property=\"article:modified_time\" content=\"2022-07-07T15:36:53+00:00\" \/>\n<meta property=\"og:image\" content=\"https:\/\/www.rebostavilluis.com\/wp-content\/uploads\/2022\/03\/hp-negre.jpg\" \/>\n\t<meta property=\"og:image:width\" content=\"1080\" \/>\n\t<meta property=\"og:image:height\" content=\"1080\" \/>\n\t<meta property=\"og:image:type\" content=\"image\/jpeg\" \/>\n<meta name=\"twitter:card\" content=\"summary_large_image\" \/>\n<script type=\"application\/ld+json\" class=\"yoast-schema-graph\">{\"@context\":\"https:\\\/\\\/schema.org\",\"@graph\":[{\"@type\":\"WebPage\",\"@id\":\"https:\\\/\\\/www.rebostavilluis.com\\\/es\\\/comprar\\\/lhome-peix-tinto\\\/\",\"url\":\"https:\\\/\\\/www.rebostavilluis.com\\\/es\\\/comprar\\\/lhome-peix-tinto\\\/\",\"name\":\"L'home Peix Tinto - El Rebost de l'Avi llu&iacute;s\",\"isPartOf\":{\"@id\":\"https:\\\/\\\/www.rebostavilluis.com\\\/es\\\/#website\"},\"primaryImageOfPage\":{\"@id\":\"https:\\\/\\\/www.rebostavilluis.com\\\/es\\\/comprar\\\/lhome-peix-tinto\\\/#primaryimage\"},\"image\":{\"@id\":\"https:\\\/\\\/www.rebostavilluis.com\\\/es\\\/comprar\\\/lhome-peix-tinto\\\/#primaryimage\"},\"thumbnailUrl\":\"https:\\\/\\\/www.rebostavilluis.com\\\/wp-content\\\/uploads\\\/2022\\\/03\\\/hp-negre.jpg\",\"datePublished\":\"2022-03-24T11:30:23+00:00\",\"dateModified\":\"2022-07-07T15:36:53+00:00\",\"breadcrumb\":{\"@id\":\"https:\\\/\\\/www.rebostavilluis.com\\\/es\\\/comprar\\\/lhome-peix-tinto\\\/#breadcrumb\"},\"inLanguage\":\"es\",\"potentialAction\":[{\"@type\":\"ReadAction\",\"target\":[\"https:\\\/\\\/www.rebostavilluis.com\\\/es\\\/comprar\\\/lhome-peix-tinto\\\/\"]}]},{\"@type\":\"ImageObject\",\"inLanguage\":\"es\",\"@id\":\"https:\\\/\\\/www.rebostavilluis.com\\\/es\\\/comprar\\\/lhome-peix-tinto\\\/#primaryimage\",\"url\":\"https:\\\/\\\/www.rebostavilluis.com\\\/wp-content\\\/uploads\\\/2022\\\/03\\\/hp-negre.jpg\",\"contentUrl\":\"https:\\\/\\\/www.rebostavilluis.com\\\/wp-content\\\/uploads\\\/2022\\\/03\\\/hp-negre.jpg\",\"width\":1080,\"height\":1080},{\"@type\":\"BreadcrumbList\",\"@id\":\"https:\\\/\\\/www.rebostavilluis.com\\\/es\\\/comprar\\\/lhome-peix-tinto\\\/#breadcrumb\",\"itemListElement\":[{\"@type\":\"ListItem\",\"position\":1,\"name\":\"Portada\",\"item\":\"https:\\\/\\\/www.rebostavilluis.com\\\/es\\\/\"},{\"@type\":\"ListItem\",\"position\":2,\"name\":\"Tienda\",\"item\":\"https:\\\/\\\/www.rebostavilluis.com\\\/es\\\/tienda\\\/\"},{\"@type\":\"ListItem\",\"position\":3,\"name\":\"L&#8217;Home Peix Tinto\"}]},{\"@type\":\"WebSite\",\"@id\":\"https:\\\/\\\/www.rebostavilluis.com\\\/es\\\/#website\",\"url\":\"https:\\\/\\\/www.rebostavilluis.com\\\/es\\\/\",\"name\":\"El Rebost de l'Avi llu&iacute;s\",\"description\":\"Mel del Perell&oacute;\",\"publisher\":{\"@id\":\"https:\\\/\\\/www.rebostavilluis.com\\\/es\\\/#organization\"},\"potentialAction\":[{\"@type\":\"SearchAction\",\"target\":{\"@type\":\"EntryPoint\",\"urlTemplate\":\"https:\\\/\\\/www.rebostavilluis.com\\\/es\\\/?s={search_term_string}\"},\"query-input\":{\"@type\":\"PropertyValueSpecification\",\"valueRequired\":true,\"valueName\":\"search_term_string\"}}],\"inLanguage\":\"es\"},{\"@type\":\"Organization\",\"@id\":\"https:\\\/\\\/www.rebostavilluis.com\\\/es\\\/#organization\",\"name\":\"El Rebost de l'Avi llu&iacute;s\",\"url\":\"https:\\\/\\\/www.rebostavilluis.com\\\/es\\\/\",\"logo\":{\"@type\":\"ImageObject\",\"inLanguage\":\"es\",\"@id\":\"https:\\\/\\\/www.rebostavilluis.com\\\/es\\\/#\\\/schema\\\/logo\\\/image\\\/\",\"url\":\"https:\\\/\\\/www.rebostavilluis.com\\\/wp-content\\\/uploads\\\/2021\\\/06\\\/logo.png\",\"contentUrl\":\"https:\\\/\\\/www.rebostavilluis.com\\\/wp-content\\\/uploads\\\/2021\\\/06\\\/logo.png\",\"width\":273,\"height\":74,\"caption\":\"El Rebost de l'Avi llu&iacute;s\"},\"image\":{\"@id\":\"https:\\\/\\\/www.rebostavilluis.com\\\/es\\\/#\\\/schema\\\/logo\\\/image\\\/\"}}]}<\/script>\n<!-- \/ Yoast SEO plugin. -->","yoast_head_json":{"title":"L'home Peix Tinto - El Rebost de l'Avi llu&iacute;s","robots":{"index":"index","follow":"follow","max-snippet":"max-snippet:-1","max-image-preview":"max-image-preview:large","max-video-preview":"max-video-preview:-1"},"canonical":"https:\/\/www.rebostavilluis.com\/es\/comprar\/lhome-peix-tinto\/","og_locale":"es_ES","og_type":"article","og_title":"L'home Peix Tinto - El Rebost de l'Avi llu&iacute;s","og_description":"DESCRIPCI\u00d3N   Vino tinto  Variedad: garnacha negra  D.O.: Terra Alta  Zona de elaboraci\u00f3n: Catalu\u00f1a  Alcohol: 13,5%","og_url":"https:\/\/www.rebostavilluis.com\/es\/comprar\/lhome-peix-tinto\/","og_site_name":"El Rebost de l'Avi llu&iacute;s","article_modified_time":"2022-07-07T15:36:53+00:00","og_image":[{"width":1080,"height":1080,"url":"https:\/\/www.rebostavilluis.com\/wp-content\/uploads\/2022\/03\/hp-negre.jpg","type":"image\/jpeg"}],"twitter_card":"summary_large_image","schema":{"@context":"https:\/\/schema.org","@graph":[{"@type":"WebPage","@id":"https:\/\/www.rebostavilluis.com\/es\/comprar\/lhome-peix-tinto\/","url":"https:\/\/www.rebostavilluis.com\/es\/comprar\/lhome-peix-tinto\/","name":"L'home Peix Tinto - El Rebost de l'Avi llu&iacute;s","isPartOf":{"@id":"https:\/\/www.rebostavilluis.com\/es\/#website"},"primaryImageOfPage":{"@id":"https:\/\/www.rebostavilluis.com\/es\/comprar\/lhome-peix-tinto\/#primaryimage"},"image":{"@id":"https:\/\/www.rebostavilluis.com\/es\/comprar\/lhome-peix-tinto\/#primaryimage"},"thumbnailUrl":"https:\/\/www.rebostavilluis.com\/wp-content\/uploads\/2022\/03\/hp-negre.jpg","datePublished":"2022-03-24T11:30:23+00:00","dateModified":"2022-07-07T15:36:53+00:00","breadcrumb":{"@id":"https:\/\/www.rebostavilluis.com\/es\/comprar\/lhome-peix-tinto\/#breadcrumb"},"inLanguage":"es","potentialAction":[{"@type":"ReadAction","target":["https:\/\/www.rebostavilluis.com\/es\/comprar\/lhome-peix-tinto\/"]}]},{"@type":"ImageObject","inLanguage":"es","@id":"https:\/\/www.rebostavilluis.com\/es\/comprar\/lhome-peix-tinto\/#primaryimage","url":"https:\/\/www.rebostavilluis.com\/wp-content\/uploads\/2022\/03\/hp-negre.jpg","contentUrl":"https:\/\/www.rebostavilluis.com\/wp-content\/uploads\/2022\/03\/hp-negre.jpg","width":1080,"height":1080},{"@type":"BreadcrumbList","@id":"https:\/\/www.rebostavilluis.com\/es\/comprar\/lhome-peix-tinto\/#breadcrumb","itemListElement":[{"@type":"ListItem","position":1,"name":"Portada","item":"https:\/\/www.rebostavilluis.com\/es\/"},{"@type":"ListItem","position":2,"name":"Tienda","item":"https:\/\/www.rebostavilluis.com\/es\/tienda\/"},{"@type":"ListItem","position":3,"name":"L&#8217;Home Peix Tinto"}]},{"@type":"WebSite","@id":"https:\/\/www.rebostavilluis.com\/es\/#website","url":"https:\/\/www.rebostavilluis.com\/es\/","name":"El Rebost de l'Avi llu&iacute;s","description":"Mel del Perell&oacute;","publisher":{"@id":"https:\/\/www.rebostavilluis.com\/es\/#organization"},"potentialAction":[{"@type":"SearchAction","target":{"@type":"EntryPoint","urlTemplate":"https:\/\/www.rebostavilluis.com\/es\/?s={search_term_string}"},"query-input":{"@type":"PropertyValueSpecification","valueRequired":true,"valueName":"search_term_string"}}],"inLanguage":"es"},{"@type":"Organization","@id":"https:\/\/www.rebostavilluis.com\/es\/#organization","name":"El Rebost de l'Avi llu&iacute;s","url":"https:\/\/www.rebostavilluis.com\/es\/","logo":{"@type":"ImageObject","inLanguage":"es","@id":"https:\/\/www.rebostavilluis.com\/es\/#\/schema\/logo\/image\/","url":"https:\/\/www.rebostavilluis.com\/wp-content\/uploads\/2021\/06\/logo.png","contentUrl":"https:\/\/www.rebostavilluis.com\/wp-content\/uploads\/2021\/06\/logo.png","width":273,"height":74,"caption":"El Rebost de l'Avi llu&iacute;s"},"image":{"@id":"https:\/\/www.rebostavilluis.com\/es\/#\/schema\/logo\/image\/"}}]}},"_links":{"self":[{"href":"https:\/\/www.rebostavilluis.com\/es\/wp-json\/wp\/v2\/product\/10473","targetHints":{"allow":["GET"]}}],"collection":[{"href":"https:\/\/www.rebostavilluis.com\/es\/wp-json\/wp\/v2\/product"}],"about":[{"href":"https:\/\/www.rebostavilluis.com\/es\/wp-json\/wp\/v2\/types\/product"}],"wp:featuredmedia":[{"embeddable":true,"href":"https:\/\/www.rebostavilluis.com\/es\/wp-json\/wp\/v2\/media\/10465"}],"wp:attachment":[{"href":"https:\/\/www.rebostavilluis.com\/es\/wp-json\/wp\/v2\/media?parent=10473"}],"wp:term":[{"taxonomy":"product_brand","embeddable":true,"href":"https:\/\/www.rebostavilluis.com\/es\/wp-json\/wp\/v2\/product_brand?post=10473"},{"taxonomy":"product_cat","embeddable":true,"href":"https:\/\/www.rebostavilluis.com\/es\/wp-json\/wp\/v2\/product_cat?post=10473"},{"taxonomy":"product_tag","embeddable":true,"href":"https:\/\/www.rebostavilluis.com\/es\/wp-json\/wp\/v2\/product_tag?post=10473"}],"curies":[{"name":"wp","href":"https:\/\/api.w.org\/{rel}","templated":true}]}}