{"id":11838,"date":"2022-11-18T11:28:08","date_gmt":"2022-11-18T10:28:08","guid":{"rendered":"https:\/\/www.rebostavilluis.com\/comprar\/avellana-negreta-150g\/"},"modified":"2022-11-21T11:31:55","modified_gmt":"2022-11-21T10:31:55","slug":"avellana-negreta-150g","status":"publish","type":"product","link":"https:\/\/www.rebostavilluis.com\/es\/comprar\/avellana-negreta-150g\/","title":{"rendered":"Avellana \u00abNegreta\u00bb 150g"},"content":{"rendered":"<p>Avellana \u00abNegreta\u00bb 150g<\/p>\n<p>Variedad: \u00abNegreta\u00bb (&lt;0,1% otras variedades)<\/p>\n<p>Tostado por m\u00e9todo artesanal rotativo, a baja temperatura. Frecuencia semanal (fecha de tostado estampada en cada bolsa)<\/p>\n<p>Conservaci\u00f3n: Evitar luz solar y en un lugar fresco<\/p>\n<p>Recomanaci\u00f3n de consumo: Una vez abierto se recomienda consumir en 3 d\u00edas. (Las propiedades organol\u00e9pticas excepcionales de la avellana tostada se pierden exponencialmente con el tiempo)<\/p>\n","protected":false},"excerpt":{"rendered":"<p>Variedad: \u00abNegreta\u00bb (&lt;0,1% otras variedades)<\/p>\n<p>Tostado por m\u00e9todo artesanal rotativo, a baja temperatura. Frecuencia semanal (fecha de tostado estampada en cada bolsa)<\/p>\n<p>Conservaci\u00f3n: Evitar luz solar y en un lugar fresco<\/p>\n<p>Recomanaci\u00f3n de consumo: Una vez abierto se recomienda consumir en 3 d\u00edas. (Las propiedades organol\u00e9pticas excepcionales de la avellana tostada se pierden exponencialmente con el tiempo)<\/p>\n<p>&nbsp;<\/p>\n","protected":false},"featured_media":11854,"template":"","meta":{"_joinchat":[]},"product_brand":[],"product_cat":[72],"product_tag":[],"class_list":{"0":"post-11838","1":"product","2":"type-product","3":"status-publish","4":"has-post-thumbnail","6":"product_cat-conservas","7":"infinite-scroll-item","8":"sales-flash-overlay","9":"woocommerce-text-align-center","10":"woocommerce-image-align-center","11":"do-quantity-buttons","13":"first","14":"outofstock","15":"shipping-taxable","16":"purchasable","17":"product-type-simple"},"yoast_head":"<!-- This site is optimized with the Yoast SEO plugin v27.3 - https:\/\/yoast.com\/product\/yoast-seo-wordpress\/ -->\n<title>Avellana &quot;Negreta&quot; 150g - El Rebost de l&#039;Avi llu&iacute;s<\/title>\n<meta name=\"description\" content=\"Avellana &quot;Negreta&quot; 150g - La Trencadora. Tostado por m\u00e9todo artesanal rotativo, a baja temperatura. Frecuencia semanal (fecha de tostado estampada en cad...\" \/>\n<meta name=\"robots\" content=\"index, follow, max-snippet:-1, max-image-preview:large, max-video-preview:-1\" \/>\n<link rel=\"canonical\" href=\"https:\/\/www.rebostavilluis.com\/es\/comprar\/avellana-negreta-150g\/\" \/>\n<meta property=\"og:locale\" content=\"es_ES\" \/>\n<meta property=\"og:type\" content=\"article\" \/>\n<meta property=\"og:title\" content=\"Avellana &quot;Negreta&quot; 150g - El Rebost de l&#039;Avi llu&iacute;s\" \/>\n<meta property=\"og:description\" content=\"Avellana &quot;Negreta&quot; 150g - La Trencadora. Tostado por m\u00e9todo artesanal rotativo, a baja temperatura. Frecuencia semanal (fecha de tostado estampada en cad...\" \/>\n<meta property=\"og:url\" content=\"https:\/\/www.rebostavilluis.com\/es\/comprar\/avellana-negreta-150g\/\" \/>\n<meta property=\"og:site_name\" content=\"El Rebost de l&#039;Avi llu&iacute;s\" \/>\n<meta property=\"article:modified_time\" content=\"2022-11-21T10:31:55+00:00\" \/>\n<meta property=\"og:image\" content=\"https:\/\/www.rebostavilluis.com\/wp-content\/uploads\/2022\/11\/latrencadora_torrada_150gr-1.jpeg\" \/>\n\t<meta property=\"og:image:width\" content=\"650\" \/>\n\t<meta property=\"og:image:height\" content=\"650\" \/>\n\t<meta property=\"og:image:type\" content=\"image\/jpeg\" \/>\n<meta name=\"twitter:card\" content=\"summary_large_image\" \/>\n<meta name=\"twitter:label1\" content=\"Tiempo de lectura\" \/>\n\t<meta name=\"twitter:data1\" content=\"1 minuto\" \/>\n<script type=\"application\/ld+json\" class=\"yoast-schema-graph\">{\"@context\":\"https:\\\/\\\/schema.org\",\"@graph\":[{\"@type\":\"WebPage\",\"@id\":\"https:\\\/\\\/www.rebostavilluis.com\\\/es\\\/comprar\\\/avellana-negreta-150g\\\/\",\"url\":\"https:\\\/\\\/www.rebostavilluis.com\\\/es\\\/comprar\\\/avellana-negreta-150g\\\/\",\"name\":\"Avellana \\\"Negreta\\\" 150g - El Rebost de l'Avi llu&iacute;s\",\"isPartOf\":{\"@id\":\"https:\\\/\\\/www.rebostavilluis.com\\\/es\\\/#website\"},\"primaryImageOfPage\":{\"@id\":\"https:\\\/\\\/www.rebostavilluis.com\\\/es\\\/comprar\\\/avellana-negreta-150g\\\/#primaryimage\"},\"image\":{\"@id\":\"https:\\\/\\\/www.rebostavilluis.com\\\/es\\\/comprar\\\/avellana-negreta-150g\\\/#primaryimage\"},\"thumbnailUrl\":\"https:\\\/\\\/www.rebostavilluis.com\\\/wp-content\\\/uploads\\\/2022\\\/11\\\/latrencadora_torrada_150gr-1.jpeg\",\"datePublished\":\"2022-11-18T10:28:08+00:00\",\"dateModified\":\"2022-11-21T10:31:55+00:00\",\"description\":\"Avellana \\\"Negreta\\\" 150g - La Trencadora. Tostado por m\u00e9todo artesanal rotativo, a baja temperatura. Frecuencia semanal (fecha de tostado estampada en cad...\",\"breadcrumb\":{\"@id\":\"https:\\\/\\\/www.rebostavilluis.com\\\/es\\\/comprar\\\/avellana-negreta-150g\\\/#breadcrumb\"},\"inLanguage\":\"es\",\"potentialAction\":[{\"@type\":\"ReadAction\",\"target\":[\"https:\\\/\\\/www.rebostavilluis.com\\\/es\\\/comprar\\\/avellana-negreta-150g\\\/\"]}]},{\"@type\":\"ImageObject\",\"inLanguage\":\"es\",\"@id\":\"https:\\\/\\\/www.rebostavilluis.com\\\/es\\\/comprar\\\/avellana-negreta-150g\\\/#primaryimage\",\"url\":\"https:\\\/\\\/www.rebostavilluis.com\\\/wp-content\\\/uploads\\\/2022\\\/11\\\/latrencadora_torrada_150gr-1.jpeg\",\"contentUrl\":\"https:\\\/\\\/www.rebostavilluis.com\\\/wp-content\\\/uploads\\\/2022\\\/11\\\/latrencadora_torrada_150gr-1.jpeg\",\"width\":650,\"height\":650},{\"@type\":\"BreadcrumbList\",\"@id\":\"https:\\\/\\\/www.rebostavilluis.com\\\/es\\\/comprar\\\/avellana-negreta-150g\\\/#breadcrumb\",\"itemListElement\":[{\"@type\":\"ListItem\",\"position\":1,\"name\":\"Portada\",\"item\":\"https:\\\/\\\/www.rebostavilluis.com\\\/es\\\/\"},{\"@type\":\"ListItem\",\"position\":2,\"name\":\"Tienda\",\"item\":\"https:\\\/\\\/www.rebostavilluis.com\\\/es\\\/tienda\\\/\"},{\"@type\":\"ListItem\",\"position\":3,\"name\":\"Avellana &#8220;Negreta&#8221; 150g\"}]},{\"@type\":\"WebSite\",\"@id\":\"https:\\\/\\\/www.rebostavilluis.com\\\/es\\\/#website\",\"url\":\"https:\\\/\\\/www.rebostavilluis.com\\\/es\\\/\",\"name\":\"El Rebost de l'Avi llu&iacute;s\",\"description\":\"Mel del Perell&oacute;\",\"publisher\":{\"@id\":\"https:\\\/\\\/www.rebostavilluis.com\\\/es\\\/#organization\"},\"potentialAction\":[{\"@type\":\"SearchAction\",\"target\":{\"@type\":\"EntryPoint\",\"urlTemplate\":\"https:\\\/\\\/www.rebostavilluis.com\\\/es\\\/?s={search_term_string}\"},\"query-input\":{\"@type\":\"PropertyValueSpecification\",\"valueRequired\":true,\"valueName\":\"search_term_string\"}}],\"inLanguage\":\"es\"},{\"@type\":\"Organization\",\"@id\":\"https:\\\/\\\/www.rebostavilluis.com\\\/es\\\/#organization\",\"name\":\"El Rebost de l'Avi llu&iacute;s\",\"url\":\"https:\\\/\\\/www.rebostavilluis.com\\\/es\\\/\",\"logo\":{\"@type\":\"ImageObject\",\"inLanguage\":\"es\",\"@id\":\"https:\\\/\\\/www.rebostavilluis.com\\\/es\\\/#\\\/schema\\\/logo\\\/image\\\/\",\"url\":\"https:\\\/\\\/www.rebostavilluis.com\\\/wp-content\\\/uploads\\\/2021\\\/06\\\/logo.png\",\"contentUrl\":\"https:\\\/\\\/www.rebostavilluis.com\\\/wp-content\\\/uploads\\\/2021\\\/06\\\/logo.png\",\"width\":273,\"height\":74,\"caption\":\"El Rebost de l'Avi llu&iacute;s\"},\"image\":{\"@id\":\"https:\\\/\\\/www.rebostavilluis.com\\\/es\\\/#\\\/schema\\\/logo\\\/image\\\/\"}}]}<\/script>\n<!-- \/ Yoast SEO plugin. -->","yoast_head_json":{"title":"Avellana \"Negreta\" 150g - El Rebost de l'Avi llu&iacute;s","description":"Avellana \"Negreta\" 150g - La Trencadora. Tostado por m\u00e9todo artesanal rotativo, a baja temperatura. Frecuencia semanal (fecha de tostado estampada en cad...","robots":{"index":"index","follow":"follow","max-snippet":"max-snippet:-1","max-image-preview":"max-image-preview:large","max-video-preview":"max-video-preview:-1"},"canonical":"https:\/\/www.rebostavilluis.com\/es\/comprar\/avellana-negreta-150g\/","og_locale":"es_ES","og_type":"article","og_title":"Avellana \"Negreta\" 150g - El Rebost de l'Avi llu&iacute;s","og_description":"Avellana \"Negreta\" 150g - La Trencadora. Tostado por m\u00e9todo artesanal rotativo, a baja temperatura. Frecuencia semanal (fecha de tostado estampada en cad...","og_url":"https:\/\/www.rebostavilluis.com\/es\/comprar\/avellana-negreta-150g\/","og_site_name":"El Rebost de l'Avi llu&iacute;s","article_modified_time":"2022-11-21T10:31:55+00:00","og_image":[{"width":650,"height":650,"url":"https:\/\/www.rebostavilluis.com\/wp-content\/uploads\/2022\/11\/latrencadora_torrada_150gr-1.jpeg","type":"image\/jpeg"}],"twitter_card":"summary_large_image","twitter_misc":{"Tiempo de lectura":"1 minuto"},"schema":{"@context":"https:\/\/schema.org","@graph":[{"@type":"WebPage","@id":"https:\/\/www.rebostavilluis.com\/es\/comprar\/avellana-negreta-150g\/","url":"https:\/\/www.rebostavilluis.com\/es\/comprar\/avellana-negreta-150g\/","name":"Avellana \"Negreta\" 150g - El Rebost de l'Avi llu&iacute;s","isPartOf":{"@id":"https:\/\/www.rebostavilluis.com\/es\/#website"},"primaryImageOfPage":{"@id":"https:\/\/www.rebostavilluis.com\/es\/comprar\/avellana-negreta-150g\/#primaryimage"},"image":{"@id":"https:\/\/www.rebostavilluis.com\/es\/comprar\/avellana-negreta-150g\/#primaryimage"},"thumbnailUrl":"https:\/\/www.rebostavilluis.com\/wp-content\/uploads\/2022\/11\/latrencadora_torrada_150gr-1.jpeg","datePublished":"2022-11-18T10:28:08+00:00","dateModified":"2022-11-21T10:31:55+00:00","description":"Avellana \"Negreta\" 150g - La Trencadora. Tostado por m\u00e9todo artesanal rotativo, a baja temperatura. Frecuencia semanal (fecha de tostado estampada en cad...","breadcrumb":{"@id":"https:\/\/www.rebostavilluis.com\/es\/comprar\/avellana-negreta-150g\/#breadcrumb"},"inLanguage":"es","potentialAction":[{"@type":"ReadAction","target":["https:\/\/www.rebostavilluis.com\/es\/comprar\/avellana-negreta-150g\/"]}]},{"@type":"ImageObject","inLanguage":"es","@id":"https:\/\/www.rebostavilluis.com\/es\/comprar\/avellana-negreta-150g\/#primaryimage","url":"https:\/\/www.rebostavilluis.com\/wp-content\/uploads\/2022\/11\/latrencadora_torrada_150gr-1.jpeg","contentUrl":"https:\/\/www.rebostavilluis.com\/wp-content\/uploads\/2022\/11\/latrencadora_torrada_150gr-1.jpeg","width":650,"height":650},{"@type":"BreadcrumbList","@id":"https:\/\/www.rebostavilluis.com\/es\/comprar\/avellana-negreta-150g\/#breadcrumb","itemListElement":[{"@type":"ListItem","position":1,"name":"Portada","item":"https:\/\/www.rebostavilluis.com\/es\/"},{"@type":"ListItem","position":2,"name":"Tienda","item":"https:\/\/www.rebostavilluis.com\/es\/tienda\/"},{"@type":"ListItem","position":3,"name":"Avellana &#8220;Negreta&#8221; 150g"}]},{"@type":"WebSite","@id":"https:\/\/www.rebostavilluis.com\/es\/#website","url":"https:\/\/www.rebostavilluis.com\/es\/","name":"El Rebost de l'Avi llu&iacute;s","description":"Mel del Perell&oacute;","publisher":{"@id":"https:\/\/www.rebostavilluis.com\/es\/#organization"},"potentialAction":[{"@type":"SearchAction","target":{"@type":"EntryPoint","urlTemplate":"https:\/\/www.rebostavilluis.com\/es\/?s={search_term_string}"},"query-input":{"@type":"PropertyValueSpecification","valueRequired":true,"valueName":"search_term_string"}}],"inLanguage":"es"},{"@type":"Organization","@id":"https:\/\/www.rebostavilluis.com\/es\/#organization","name":"El Rebost de l'Avi llu&iacute;s","url":"https:\/\/www.rebostavilluis.com\/es\/","logo":{"@type":"ImageObject","inLanguage":"es","@id":"https:\/\/www.rebostavilluis.com\/es\/#\/schema\/logo\/image\/","url":"https:\/\/www.rebostavilluis.com\/wp-content\/uploads\/2021\/06\/logo.png","contentUrl":"https:\/\/www.rebostavilluis.com\/wp-content\/uploads\/2021\/06\/logo.png","width":273,"height":74,"caption":"El Rebost de l'Avi llu&iacute;s"},"image":{"@id":"https:\/\/www.rebostavilluis.com\/es\/#\/schema\/logo\/image\/"}}]}},"_links":{"self":[{"href":"https:\/\/www.rebostavilluis.com\/es\/wp-json\/wp\/v2\/product\/11838","targetHints":{"allow":["GET"]}}],"collection":[{"href":"https:\/\/www.rebostavilluis.com\/es\/wp-json\/wp\/v2\/product"}],"about":[{"href":"https:\/\/www.rebostavilluis.com\/es\/wp-json\/wp\/v2\/types\/product"}],"wp:featuredmedia":[{"embeddable":true,"href":"https:\/\/www.rebostavilluis.com\/es\/wp-json\/wp\/v2\/media\/11854"}],"wp:attachment":[{"href":"https:\/\/www.rebostavilluis.com\/es\/wp-json\/wp\/v2\/media?parent=11838"}],"wp:term":[{"taxonomy":"product_brand","embeddable":true,"href":"https:\/\/www.rebostavilluis.com\/es\/wp-json\/wp\/v2\/product_brand?post=11838"},{"taxonomy":"product_cat","embeddable":true,"href":"https:\/\/www.rebostavilluis.com\/es\/wp-json\/wp\/v2\/product_cat?post=11838"},{"taxonomy":"product_tag","embeddable":true,"href":"https:\/\/www.rebostavilluis.com\/es\/wp-json\/wp\/v2\/product_tag?post=11838"}],"curies":[{"name":"wp","href":"https:\/\/api.w.org\/{rel}","templated":true}]}}