{"id":12314,"date":"2023-03-16T10:11:45","date_gmt":"2023-03-16T09:11:45","guid":{"rendered":"https:\/\/www.rebostavilluis.com\/comprar\/lamina-cera-verge-petita\/"},"modified":"2026-02-19T16:48:05","modified_gmt":"2026-02-19T15:48:05","slug":"lamina-cera-verge-petita","status":"publish","type":"product","link":"https:\/\/www.rebostavilluis.com\/es\/comprar\/lamina-cera-verge-petita\/","title":{"rendered":"L\u00e1mina Cera Virgen Peque\u00f1a"},"content":{"rendered":"","protected":false},"excerpt":{"rendered":"<p data-path-to-node=\"7\">L\u00e1mina artesana de cera de abeja 100% natural con el tradicional grabado de panal. Ideal para proyectos de decoraci\u00f3n, manualidades o para disfrutar de su aroma puro a miel en el <b data-path-to-node=\"7\" data-index-in-node=\"201\">Rebost de l&#8217;Avi Llu\u00eds<\/b>.<\/p>\n<ul data-path-to-node=\"8\">\n<li>\n<p data-path-to-node=\"8,0,0\"><b data-path-to-node=\"8,0,0\" data-index-in-node=\"0\">Material:<\/b> Cera virgen de abeja.<\/p>\n<\/li>\n<li>\n<p data-path-to-node=\"8,0,0\"><strong>Peso:<\/strong> 50g<\/p>\n<\/li>\n<li>\n<p data-path-to-node=\"8,0,0\"><strong>Medida:<\/strong> 13&#215;42 cm<\/p>\n<\/li>\n<\/ul>\n","protected":false},"featured_media":12309,"template":"","meta":{"_joinchat":[]},"product_brand":[],"product_cat":[76],"product_tag":[],"class_list":{"0":"post-12314","1":"product","2":"type-product","3":"status-publish","4":"has-post-thumbnail","6":"product_cat-decoracion","7":"infinite-scroll-item","8":"sales-flash-overlay","9":"woocommerce-text-align-center","10":"woocommerce-image-align-center","11":"do-quantity-buttons","13":"first","14":"instock","15":"shipping-taxable","16":"purchasable","17":"product-type-simple"},"yoast_head":"<!-- This site is optimized with the Yoast SEO plugin v27.3 - https:\/\/yoast.com\/product\/yoast-seo-wordpress\/ -->\n<title>L\u00e1mina Cera Virgen Peque\u00f1a - El Rebost de l&#039;Avi llu&iacute;s<\/title>\n<meta name=\"description\" content=\"L\u00e1mina de cera virgen de abeja peque\u00f1a en el Rebost de l&#039;Avi Llu\u00eds. 100% natural, con aroma a miel y textura de panal. Ideal para decoraci\u00f3n.\" \/>\n<meta name=\"robots\" content=\"index, follow, max-snippet:-1, max-image-preview:large, max-video-preview:-1\" \/>\n<link rel=\"canonical\" href=\"https:\/\/www.rebostavilluis.com\/es\/comprar\/lamina-cera-verge-petita\/\" \/>\n<meta property=\"og:locale\" content=\"es_ES\" \/>\n<meta property=\"og:type\" content=\"article\" \/>\n<meta property=\"og:title\" content=\"L\u00e1mina Cera Virgen Peque\u00f1a - El Rebost de l&#039;Avi llu&iacute;s\" \/>\n<meta property=\"og:description\" content=\"L\u00e1mina de cera virgen de abeja peque\u00f1a en el Rebost de l&#039;Avi Llu\u00eds. 100% natural, con aroma a miel y textura de panal. Ideal para decoraci\u00f3n.\" \/>\n<meta property=\"og:url\" content=\"https:\/\/www.rebostavilluis.com\/es\/comprar\/lamina-cera-verge-petita\/\" \/>\n<meta property=\"og:site_name\" content=\"El Rebost de l&#039;Avi llu&iacute;s\" \/>\n<meta property=\"article:modified_time\" content=\"2026-02-19T15:48:05+00:00\" \/>\n<meta property=\"og:image\" content=\"https:\/\/www.rebostavilluis.com\/wp-content\/uploads\/2023\/03\/lamina.cera_.jpeg\" \/>\n\t<meta property=\"og:image:width\" content=\"225\" \/>\n\t<meta property=\"og:image:height\" content=\"225\" \/>\n\t<meta property=\"og:image:type\" content=\"image\/jpeg\" \/>\n<meta name=\"twitter:card\" content=\"summary_large_image\" \/>\n<meta name=\"twitter:label1\" content=\"Tiempo de lectura\" \/>\n\t<meta name=\"twitter:data1\" content=\"1 minuto\" \/>\n<script type=\"application\/ld+json\" class=\"yoast-schema-graph\">{\"@context\":\"https:\\\/\\\/schema.org\",\"@graph\":[{\"@type\":\"WebPage\",\"@id\":\"https:\\\/\\\/www.rebostavilluis.com\\\/es\\\/comprar\\\/lamina-cera-verge-petita\\\/\",\"url\":\"https:\\\/\\\/www.rebostavilluis.com\\\/es\\\/comprar\\\/lamina-cera-verge-petita\\\/\",\"name\":\"L\u00e1mina Cera Virgen Peque\u00f1a - El Rebost de l'Avi llu&iacute;s\",\"isPartOf\":{\"@id\":\"https:\\\/\\\/www.rebostavilluis.com\\\/es\\\/#website\"},\"primaryImageOfPage\":{\"@id\":\"https:\\\/\\\/www.rebostavilluis.com\\\/es\\\/comprar\\\/lamina-cera-verge-petita\\\/#primaryimage\"},\"image\":{\"@id\":\"https:\\\/\\\/www.rebostavilluis.com\\\/es\\\/comprar\\\/lamina-cera-verge-petita\\\/#primaryimage\"},\"thumbnailUrl\":\"https:\\\/\\\/www.rebostavilluis.com\\\/wp-content\\\/uploads\\\/2023\\\/03\\\/lamina.cera_.jpeg\",\"datePublished\":\"2023-03-16T09:11:45+00:00\",\"dateModified\":\"2026-02-19T15:48:05+00:00\",\"description\":\"L\u00e1mina de cera virgen de abeja peque\u00f1a en el Rebost de l'Avi Llu\u00eds. 100% natural, con aroma a miel y textura de panal. Ideal para decoraci\u00f3n.\",\"breadcrumb\":{\"@id\":\"https:\\\/\\\/www.rebostavilluis.com\\\/es\\\/comprar\\\/lamina-cera-verge-petita\\\/#breadcrumb\"},\"inLanguage\":\"es\",\"potentialAction\":[{\"@type\":\"ReadAction\",\"target\":[\"https:\\\/\\\/www.rebostavilluis.com\\\/es\\\/comprar\\\/lamina-cera-verge-petita\\\/\"]}]},{\"@type\":\"ImageObject\",\"inLanguage\":\"es\",\"@id\":\"https:\\\/\\\/www.rebostavilluis.com\\\/es\\\/comprar\\\/lamina-cera-verge-petita\\\/#primaryimage\",\"url\":\"https:\\\/\\\/www.rebostavilluis.com\\\/wp-content\\\/uploads\\\/2023\\\/03\\\/lamina.cera_.jpeg\",\"contentUrl\":\"https:\\\/\\\/www.rebostavilluis.com\\\/wp-content\\\/uploads\\\/2023\\\/03\\\/lamina.cera_.jpeg\",\"width\":225,\"height\":225},{\"@type\":\"BreadcrumbList\",\"@id\":\"https:\\\/\\\/www.rebostavilluis.com\\\/es\\\/comprar\\\/lamina-cera-verge-petita\\\/#breadcrumb\",\"itemListElement\":[{\"@type\":\"ListItem\",\"position\":1,\"name\":\"Portada\",\"item\":\"https:\\\/\\\/www.rebostavilluis.com\\\/es\\\/\"},{\"@type\":\"ListItem\",\"position\":2,\"name\":\"Tienda\",\"item\":\"https:\\\/\\\/www.rebostavilluis.com\\\/es\\\/tienda\\\/\"},{\"@type\":\"ListItem\",\"position\":3,\"name\":\"L\u00e1mina Cera Virgen Peque\u00f1a\"}]},{\"@type\":\"WebSite\",\"@id\":\"https:\\\/\\\/www.rebostavilluis.com\\\/es\\\/#website\",\"url\":\"https:\\\/\\\/www.rebostavilluis.com\\\/es\\\/\",\"name\":\"El Rebost de l'Avi llu&iacute;s\",\"description\":\"Mel del Perell&oacute;\",\"publisher\":{\"@id\":\"https:\\\/\\\/www.rebostavilluis.com\\\/es\\\/#organization\"},\"potentialAction\":[{\"@type\":\"SearchAction\",\"target\":{\"@type\":\"EntryPoint\",\"urlTemplate\":\"https:\\\/\\\/www.rebostavilluis.com\\\/es\\\/?s={search_term_string}\"},\"query-input\":{\"@type\":\"PropertyValueSpecification\",\"valueRequired\":true,\"valueName\":\"search_term_string\"}}],\"inLanguage\":\"es\"},{\"@type\":\"Organization\",\"@id\":\"https:\\\/\\\/www.rebostavilluis.com\\\/es\\\/#organization\",\"name\":\"El Rebost de l'Avi llu&iacute;s\",\"url\":\"https:\\\/\\\/www.rebostavilluis.com\\\/es\\\/\",\"logo\":{\"@type\":\"ImageObject\",\"inLanguage\":\"es\",\"@id\":\"https:\\\/\\\/www.rebostavilluis.com\\\/es\\\/#\\\/schema\\\/logo\\\/image\\\/\",\"url\":\"https:\\\/\\\/www.rebostavilluis.com\\\/wp-content\\\/uploads\\\/2021\\\/06\\\/logo.png\",\"contentUrl\":\"https:\\\/\\\/www.rebostavilluis.com\\\/wp-content\\\/uploads\\\/2021\\\/06\\\/logo.png\",\"width\":273,\"height\":74,\"caption\":\"El Rebost de l'Avi llu&iacute;s\"},\"image\":{\"@id\":\"https:\\\/\\\/www.rebostavilluis.com\\\/es\\\/#\\\/schema\\\/logo\\\/image\\\/\"}}]}<\/script>\n<!-- \/ Yoast SEO plugin. -->","yoast_head_json":{"title":"L\u00e1mina Cera Virgen Peque\u00f1a - El Rebost de l'Avi llu&iacute;s","description":"L\u00e1mina de cera virgen de abeja peque\u00f1a en el Rebost de l'Avi Llu\u00eds. 100% natural, con aroma a miel y textura de panal. Ideal para decoraci\u00f3n.","robots":{"index":"index","follow":"follow","max-snippet":"max-snippet:-1","max-image-preview":"max-image-preview:large","max-video-preview":"max-video-preview:-1"},"canonical":"https:\/\/www.rebostavilluis.com\/es\/comprar\/lamina-cera-verge-petita\/","og_locale":"es_ES","og_type":"article","og_title":"L\u00e1mina Cera Virgen Peque\u00f1a - El Rebost de l'Avi llu&iacute;s","og_description":"L\u00e1mina de cera virgen de abeja peque\u00f1a en el Rebost de l'Avi Llu\u00eds. 100% natural, con aroma a miel y textura de panal. Ideal para decoraci\u00f3n.","og_url":"https:\/\/www.rebostavilluis.com\/es\/comprar\/lamina-cera-verge-petita\/","og_site_name":"El Rebost de l'Avi llu&iacute;s","article_modified_time":"2026-02-19T15:48:05+00:00","og_image":[{"width":225,"height":225,"url":"https:\/\/www.rebostavilluis.com\/wp-content\/uploads\/2023\/03\/lamina.cera_.jpeg","type":"image\/jpeg"}],"twitter_card":"summary_large_image","twitter_misc":{"Tiempo de lectura":"1 minuto"},"schema":{"@context":"https:\/\/schema.org","@graph":[{"@type":"WebPage","@id":"https:\/\/www.rebostavilluis.com\/es\/comprar\/lamina-cera-verge-petita\/","url":"https:\/\/www.rebostavilluis.com\/es\/comprar\/lamina-cera-verge-petita\/","name":"L\u00e1mina Cera Virgen Peque\u00f1a - El Rebost de l'Avi llu&iacute;s","isPartOf":{"@id":"https:\/\/www.rebostavilluis.com\/es\/#website"},"primaryImageOfPage":{"@id":"https:\/\/www.rebostavilluis.com\/es\/comprar\/lamina-cera-verge-petita\/#primaryimage"},"image":{"@id":"https:\/\/www.rebostavilluis.com\/es\/comprar\/lamina-cera-verge-petita\/#primaryimage"},"thumbnailUrl":"https:\/\/www.rebostavilluis.com\/wp-content\/uploads\/2023\/03\/lamina.cera_.jpeg","datePublished":"2023-03-16T09:11:45+00:00","dateModified":"2026-02-19T15:48:05+00:00","description":"L\u00e1mina de cera virgen de abeja peque\u00f1a en el Rebost de l'Avi Llu\u00eds. 100% natural, con aroma a miel y textura de panal. Ideal para decoraci\u00f3n.","breadcrumb":{"@id":"https:\/\/www.rebostavilluis.com\/es\/comprar\/lamina-cera-verge-petita\/#breadcrumb"},"inLanguage":"es","potentialAction":[{"@type":"ReadAction","target":["https:\/\/www.rebostavilluis.com\/es\/comprar\/lamina-cera-verge-petita\/"]}]},{"@type":"ImageObject","inLanguage":"es","@id":"https:\/\/www.rebostavilluis.com\/es\/comprar\/lamina-cera-verge-petita\/#primaryimage","url":"https:\/\/www.rebostavilluis.com\/wp-content\/uploads\/2023\/03\/lamina.cera_.jpeg","contentUrl":"https:\/\/www.rebostavilluis.com\/wp-content\/uploads\/2023\/03\/lamina.cera_.jpeg","width":225,"height":225},{"@type":"BreadcrumbList","@id":"https:\/\/www.rebostavilluis.com\/es\/comprar\/lamina-cera-verge-petita\/#breadcrumb","itemListElement":[{"@type":"ListItem","position":1,"name":"Portada","item":"https:\/\/www.rebostavilluis.com\/es\/"},{"@type":"ListItem","position":2,"name":"Tienda","item":"https:\/\/www.rebostavilluis.com\/es\/tienda\/"},{"@type":"ListItem","position":3,"name":"L\u00e1mina Cera Virgen Peque\u00f1a"}]},{"@type":"WebSite","@id":"https:\/\/www.rebostavilluis.com\/es\/#website","url":"https:\/\/www.rebostavilluis.com\/es\/","name":"El Rebost de l'Avi llu&iacute;s","description":"Mel del Perell&oacute;","publisher":{"@id":"https:\/\/www.rebostavilluis.com\/es\/#organization"},"potentialAction":[{"@type":"SearchAction","target":{"@type":"EntryPoint","urlTemplate":"https:\/\/www.rebostavilluis.com\/es\/?s={search_term_string}"},"query-input":{"@type":"PropertyValueSpecification","valueRequired":true,"valueName":"search_term_string"}}],"inLanguage":"es"},{"@type":"Organization","@id":"https:\/\/www.rebostavilluis.com\/es\/#organization","name":"El Rebost de l'Avi llu&iacute;s","url":"https:\/\/www.rebostavilluis.com\/es\/","logo":{"@type":"ImageObject","inLanguage":"es","@id":"https:\/\/www.rebostavilluis.com\/es\/#\/schema\/logo\/image\/","url":"https:\/\/www.rebostavilluis.com\/wp-content\/uploads\/2021\/06\/logo.png","contentUrl":"https:\/\/www.rebostavilluis.com\/wp-content\/uploads\/2021\/06\/logo.png","width":273,"height":74,"caption":"El Rebost de l'Avi llu&iacute;s"},"image":{"@id":"https:\/\/www.rebostavilluis.com\/es\/#\/schema\/logo\/image\/"}}]}},"_links":{"self":[{"href":"https:\/\/www.rebostavilluis.com\/es\/wp-json\/wp\/v2\/product\/12314","targetHints":{"allow":["GET"]}}],"collection":[{"href":"https:\/\/www.rebostavilluis.com\/es\/wp-json\/wp\/v2\/product"}],"about":[{"href":"https:\/\/www.rebostavilluis.com\/es\/wp-json\/wp\/v2\/types\/product"}],"wp:featuredmedia":[{"embeddable":true,"href":"https:\/\/www.rebostavilluis.com\/es\/wp-json\/wp\/v2\/media\/12309"}],"wp:attachment":[{"href":"https:\/\/www.rebostavilluis.com\/es\/wp-json\/wp\/v2\/media?parent=12314"}],"wp:term":[{"taxonomy":"product_brand","embeddable":true,"href":"https:\/\/www.rebostavilluis.com\/es\/wp-json\/wp\/v2\/product_brand?post=12314"},{"taxonomy":"product_cat","embeddable":true,"href":"https:\/\/www.rebostavilluis.com\/es\/wp-json\/wp\/v2\/product_cat?post=12314"},{"taxonomy":"product_tag","embeddable":true,"href":"https:\/\/www.rebostavilluis.com\/es\/wp-json\/wp\/v2\/product_tag?post=12314"}],"curies":[{"name":"wp","href":"https:\/\/api.w.org\/{rel}","templated":true}]}}