{"id":15414,"date":"2025-07-16T09:36:06","date_gmt":"2025-07-16T07:36:06","guid":{"rendered":"https:\/\/www.rebostavilluis.com\/?post_type=product&#038;p=15414"},"modified":"2025-07-16T10:14:16","modified_gmt":"2025-07-16T08:14:16","slug":"vino-tinto-les-sorts-vinas-viejas-tinto","status":"publish","type":"product","link":"https:\/\/www.rebostavilluis.com\/es\/comprar\/vino-tinto-les-sorts-vinas-viejas-tinto\/","title":{"rendered":"Vino Tinto \u00abLes Sorts Vi\u00f1as Viejas Tinto\u00bb"},"content":{"rendered":"<p><strong>Les Sorts Vi\u00f1as Viejas Tinto<\/strong> es un vino tinto con car\u00e1cter, elaborado con garnacha de vi\u00f1as viejas y syrah. Redondo, con cuerpo y notas de fruta madura y especias, es perfecto para carnes a la brasa, guisos o quesos curados.<\/p>\n","protected":false},"excerpt":{"rendered":"<p>Les Sorts Vi\u00f1as Viejas Tinto es un vino tinto con car\u00e1cter, elaborado con garnacha de vi\u00f1as viejas y syrah. Redondo, con cuerpo y notas de fruta madura y especias, es perfecto para carnes a la brasa, guisos o quesos curados.<\/p>\n","protected":false},"featured_media":15407,"template":"","meta":{"_joinchat":[]},"product_brand":[],"product_cat":[102,103],"product_tag":[],"class_list":{"0":"post-15414","1":"product","2":"type-product","3":"status-publish","4":"has-post-thumbnail","6":"product_cat-vinos","7":"product_cat-do-montsant-es-2","8":"infinite-scroll-item","9":"sales-flash-overlay","10":"woocommerce-text-align-center","11":"woocommerce-image-align-center","12":"do-quantity-buttons","14":"first","15":"instock","16":"shipping-taxable","17":"purchasable","18":"product-type-simple"},"yoast_head":"<!-- This site is optimized with the Yoast SEO plugin v26.8 - https:\/\/yoast.com\/product\/yoast-seo-wordpress\/ -->\n<title>Vino Tinto &quot;Les Sorts Vi\u00f1as Viejas Tinto&quot; - El Rebost de l&#039;Avi llu&iacute;s<\/title>\n<meta name=\"description\" content=\"Vino tinto Les Sorts Vi\u00f1as Viejas, con garnacha y syrah. Con cuerpo, notas de fruta madura y especias. Ideal para carnes, guisos y quesos curados.\" \/>\n<meta name=\"robots\" content=\"index, follow, max-snippet:-1, max-image-preview:large, max-video-preview:-1\" \/>\n<link rel=\"canonical\" href=\"https:\/\/www.rebostavilluis.com\/es\/comprar\/vino-tinto-les-sorts-vinas-viejas-tinto\/\" \/>\n<meta property=\"og:locale\" content=\"es_ES\" \/>\n<meta property=\"og:type\" content=\"article\" \/>\n<meta property=\"og:title\" content=\"Vino Tinto &quot;Les Sorts Vi\u00f1as Viejas Tinto&quot; - El Rebost de l&#039;Avi llu&iacute;s\" \/>\n<meta property=\"og:description\" content=\"Vino tinto Les Sorts Vi\u00f1as Viejas, con garnacha y syrah. Con cuerpo, notas de fruta madura y especias. Ideal para carnes, guisos y quesos curados.\" \/>\n<meta property=\"og:url\" content=\"https:\/\/www.rebostavilluis.com\/es\/comprar\/vino-tinto-les-sorts-vinas-viejas-tinto\/\" \/>\n<meta property=\"og:site_name\" content=\"El Rebost de l&#039;Avi llu&iacute;s\" \/>\n<meta property=\"article:modified_time\" content=\"2025-07-16T08:14:16+00:00\" \/>\n<meta property=\"og:image\" content=\"https:\/\/www.rebostavilluis.com\/wp-content\/uploads\/2025\/07\/LesSortsVinyesVelles_Negre.png\" \/>\n\t<meta property=\"og:image:width\" content=\"1080\" \/>\n\t<meta property=\"og:image:height\" content=\"1080\" \/>\n\t<meta property=\"og:image:type\" content=\"image\/png\" \/>\n<meta name=\"twitter:card\" content=\"summary_large_image\" \/>\n<meta name=\"twitter:label1\" content=\"Tiempo de lectura\" \/>\n\t<meta name=\"twitter:data1\" content=\"1 minuto\" \/>\n<script type=\"application\/ld+json\" class=\"yoast-schema-graph\">{\"@context\":\"https:\/\/schema.org\",\"@graph\":[{\"@type\":\"WebPage\",\"@id\":\"https:\/\/www.rebostavilluis.com\/es\/comprar\/vino-tinto-les-sorts-vinas-viejas-tinto\/\",\"url\":\"https:\/\/www.rebostavilluis.com\/es\/comprar\/vino-tinto-les-sorts-vinas-viejas-tinto\/\",\"name\":\"Vino Tinto \\\"Les Sorts Vi\u00f1as Viejas Tinto\\\" - El Rebost de l'Avi llu&iacute;s\",\"isPartOf\":{\"@id\":\"https:\/\/www.rebostavilluis.com\/es\/#website\"},\"primaryImageOfPage\":{\"@id\":\"https:\/\/www.rebostavilluis.com\/es\/comprar\/vino-tinto-les-sorts-vinas-viejas-tinto\/#primaryimage\"},\"image\":{\"@id\":\"https:\/\/www.rebostavilluis.com\/es\/comprar\/vino-tinto-les-sorts-vinas-viejas-tinto\/#primaryimage\"},\"thumbnailUrl\":\"https:\/\/www.rebostavilluis.com\/wp-content\/uploads\/2025\/07\/LesSortsVinyesVelles_Negre.png\",\"datePublished\":\"2025-07-16T07:36:06+00:00\",\"dateModified\":\"2025-07-16T08:14:16+00:00\",\"description\":\"Vino tinto Les Sorts Vi\u00f1as Viejas, con garnacha y syrah. Con cuerpo, notas de fruta madura y especias. Ideal para carnes, guisos y quesos curados.\",\"breadcrumb\":{\"@id\":\"https:\/\/www.rebostavilluis.com\/es\/comprar\/vino-tinto-les-sorts-vinas-viejas-tinto\/#breadcrumb\"},\"inLanguage\":\"es\",\"potentialAction\":[{\"@type\":\"ReadAction\",\"target\":[\"https:\/\/www.rebostavilluis.com\/es\/comprar\/vino-tinto-les-sorts-vinas-viejas-tinto\/\"]}]},{\"@type\":\"ImageObject\",\"inLanguage\":\"es\",\"@id\":\"https:\/\/www.rebostavilluis.com\/es\/comprar\/vino-tinto-les-sorts-vinas-viejas-tinto\/#primaryimage\",\"url\":\"https:\/\/www.rebostavilluis.com\/wp-content\/uploads\/2025\/07\/LesSortsVinyesVelles_Negre.png\",\"contentUrl\":\"https:\/\/www.rebostavilluis.com\/wp-content\/uploads\/2025\/07\/LesSortsVinyesVelles_Negre.png\",\"width\":1080,\"height\":1080},{\"@type\":\"BreadcrumbList\",\"@id\":\"https:\/\/www.rebostavilluis.com\/es\/comprar\/vino-tinto-les-sorts-vinas-viejas-tinto\/#breadcrumb\",\"itemListElement\":[{\"@type\":\"ListItem\",\"position\":1,\"name\":\"Portada\",\"item\":\"https:\/\/www.rebostavilluis.com\/es\/\"},{\"@type\":\"ListItem\",\"position\":2,\"name\":\"Tienda\",\"item\":\"https:\/\/www.rebostavilluis.com\/es\/tienda\/\"},{\"@type\":\"ListItem\",\"position\":3,\"name\":\"Vino Tinto &#8220;Les Sorts Vi\u00f1as Viejas Tinto&#8221;\"}]},{\"@type\":\"WebSite\",\"@id\":\"https:\/\/www.rebostavilluis.com\/es\/#website\",\"url\":\"https:\/\/www.rebostavilluis.com\/es\/\",\"name\":\"El Rebost de l'Avi llu&iacute;s\",\"description\":\"Mel del Perell&oacute;\",\"publisher\":{\"@id\":\"https:\/\/www.rebostavilluis.com\/es\/#organization\"},\"potentialAction\":[{\"@type\":\"SearchAction\",\"target\":{\"@type\":\"EntryPoint\",\"urlTemplate\":\"https:\/\/www.rebostavilluis.com\/es\/?s={search_term_string}\"},\"query-input\":{\"@type\":\"PropertyValueSpecification\",\"valueRequired\":true,\"valueName\":\"search_term_string\"}}],\"inLanguage\":\"es\"},{\"@type\":\"Organization\",\"@id\":\"https:\/\/www.rebostavilluis.com\/es\/#organization\",\"name\":\"El Rebost de l'Avi llu&iacute;s\",\"url\":\"https:\/\/www.rebostavilluis.com\/es\/\",\"logo\":{\"@type\":\"ImageObject\",\"inLanguage\":\"es\",\"@id\":\"https:\/\/www.rebostavilluis.com\/es\/#\/schema\/logo\/image\/\",\"url\":\"https:\/\/www.rebostavilluis.com\/wp-content\/uploads\/2021\/06\/logo.png\",\"contentUrl\":\"https:\/\/www.rebostavilluis.com\/wp-content\/uploads\/2021\/06\/logo.png\",\"width\":273,\"height\":74,\"caption\":\"El Rebost de l'Avi llu&iacute;s\"},\"image\":{\"@id\":\"https:\/\/www.rebostavilluis.com\/es\/#\/schema\/logo\/image\/\"}}]}<\/script>\n<!-- \/ Yoast SEO plugin. -->","yoast_head_json":{"title":"Vino Tinto \"Les Sorts Vi\u00f1as Viejas Tinto\" - El Rebost de l'Avi llu&iacute;s","description":"Vino tinto Les Sorts Vi\u00f1as Viejas, con garnacha y syrah. Con cuerpo, notas de fruta madura y especias. Ideal para carnes, guisos y quesos curados.","robots":{"index":"index","follow":"follow","max-snippet":"max-snippet:-1","max-image-preview":"max-image-preview:large","max-video-preview":"max-video-preview:-1"},"canonical":"https:\/\/www.rebostavilluis.com\/es\/comprar\/vino-tinto-les-sorts-vinas-viejas-tinto\/","og_locale":"es_ES","og_type":"article","og_title":"Vino Tinto \"Les Sorts Vi\u00f1as Viejas Tinto\" - El Rebost de l'Avi llu&iacute;s","og_description":"Vino tinto Les Sorts Vi\u00f1as Viejas, con garnacha y syrah. Con cuerpo, notas de fruta madura y especias. Ideal para carnes, guisos y quesos curados.","og_url":"https:\/\/www.rebostavilluis.com\/es\/comprar\/vino-tinto-les-sorts-vinas-viejas-tinto\/","og_site_name":"El Rebost de l'Avi llu&iacute;s","article_modified_time":"2025-07-16T08:14:16+00:00","og_image":[{"width":1080,"height":1080,"url":"https:\/\/www.rebostavilluis.com\/wp-content\/uploads\/2025\/07\/LesSortsVinyesVelles_Negre.png","type":"image\/png"}],"twitter_card":"summary_large_image","twitter_misc":{"Tiempo de lectura":"1 minuto"},"schema":{"@context":"https:\/\/schema.org","@graph":[{"@type":"WebPage","@id":"https:\/\/www.rebostavilluis.com\/es\/comprar\/vino-tinto-les-sorts-vinas-viejas-tinto\/","url":"https:\/\/www.rebostavilluis.com\/es\/comprar\/vino-tinto-les-sorts-vinas-viejas-tinto\/","name":"Vino Tinto \"Les Sorts Vi\u00f1as Viejas Tinto\" - El Rebost de l'Avi llu&iacute;s","isPartOf":{"@id":"https:\/\/www.rebostavilluis.com\/es\/#website"},"primaryImageOfPage":{"@id":"https:\/\/www.rebostavilluis.com\/es\/comprar\/vino-tinto-les-sorts-vinas-viejas-tinto\/#primaryimage"},"image":{"@id":"https:\/\/www.rebostavilluis.com\/es\/comprar\/vino-tinto-les-sorts-vinas-viejas-tinto\/#primaryimage"},"thumbnailUrl":"https:\/\/www.rebostavilluis.com\/wp-content\/uploads\/2025\/07\/LesSortsVinyesVelles_Negre.png","datePublished":"2025-07-16T07:36:06+00:00","dateModified":"2025-07-16T08:14:16+00:00","description":"Vino tinto Les Sorts Vi\u00f1as Viejas, con garnacha y syrah. Con cuerpo, notas de fruta madura y especias. Ideal para carnes, guisos y quesos curados.","breadcrumb":{"@id":"https:\/\/www.rebostavilluis.com\/es\/comprar\/vino-tinto-les-sorts-vinas-viejas-tinto\/#breadcrumb"},"inLanguage":"es","potentialAction":[{"@type":"ReadAction","target":["https:\/\/www.rebostavilluis.com\/es\/comprar\/vino-tinto-les-sorts-vinas-viejas-tinto\/"]}]},{"@type":"ImageObject","inLanguage":"es","@id":"https:\/\/www.rebostavilluis.com\/es\/comprar\/vino-tinto-les-sorts-vinas-viejas-tinto\/#primaryimage","url":"https:\/\/www.rebostavilluis.com\/wp-content\/uploads\/2025\/07\/LesSortsVinyesVelles_Negre.png","contentUrl":"https:\/\/www.rebostavilluis.com\/wp-content\/uploads\/2025\/07\/LesSortsVinyesVelles_Negre.png","width":1080,"height":1080},{"@type":"BreadcrumbList","@id":"https:\/\/www.rebostavilluis.com\/es\/comprar\/vino-tinto-les-sorts-vinas-viejas-tinto\/#breadcrumb","itemListElement":[{"@type":"ListItem","position":1,"name":"Portada","item":"https:\/\/www.rebostavilluis.com\/es\/"},{"@type":"ListItem","position":2,"name":"Tienda","item":"https:\/\/www.rebostavilluis.com\/es\/tienda\/"},{"@type":"ListItem","position":3,"name":"Vino Tinto &#8220;Les Sorts Vi\u00f1as Viejas Tinto&#8221;"}]},{"@type":"WebSite","@id":"https:\/\/www.rebostavilluis.com\/es\/#website","url":"https:\/\/www.rebostavilluis.com\/es\/","name":"El Rebost de l'Avi llu&iacute;s","description":"Mel del Perell&oacute;","publisher":{"@id":"https:\/\/www.rebostavilluis.com\/es\/#organization"},"potentialAction":[{"@type":"SearchAction","target":{"@type":"EntryPoint","urlTemplate":"https:\/\/www.rebostavilluis.com\/es\/?s={search_term_string}"},"query-input":{"@type":"PropertyValueSpecification","valueRequired":true,"valueName":"search_term_string"}}],"inLanguage":"es"},{"@type":"Organization","@id":"https:\/\/www.rebostavilluis.com\/es\/#organization","name":"El Rebost de l'Avi llu&iacute;s","url":"https:\/\/www.rebostavilluis.com\/es\/","logo":{"@type":"ImageObject","inLanguage":"es","@id":"https:\/\/www.rebostavilluis.com\/es\/#\/schema\/logo\/image\/","url":"https:\/\/www.rebostavilluis.com\/wp-content\/uploads\/2021\/06\/logo.png","contentUrl":"https:\/\/www.rebostavilluis.com\/wp-content\/uploads\/2021\/06\/logo.png","width":273,"height":74,"caption":"El Rebost de l'Avi llu&iacute;s"},"image":{"@id":"https:\/\/www.rebostavilluis.com\/es\/#\/schema\/logo\/image\/"}}]}},"_links":{"self":[{"href":"https:\/\/www.rebostavilluis.com\/es\/wp-json\/wp\/v2\/product\/15414","targetHints":{"allow":["GET"]}}],"collection":[{"href":"https:\/\/www.rebostavilluis.com\/es\/wp-json\/wp\/v2\/product"}],"about":[{"href":"https:\/\/www.rebostavilluis.com\/es\/wp-json\/wp\/v2\/types\/product"}],"wp:featuredmedia":[{"embeddable":true,"href":"https:\/\/www.rebostavilluis.com\/es\/wp-json\/wp\/v2\/media\/15407"}],"wp:attachment":[{"href":"https:\/\/www.rebostavilluis.com\/es\/wp-json\/wp\/v2\/media?parent=15414"}],"wp:term":[{"taxonomy":"product_brand","embeddable":true,"href":"https:\/\/www.rebostavilluis.com\/es\/wp-json\/wp\/v2\/product_brand?post=15414"},{"taxonomy":"product_cat","embeddable":true,"href":"https:\/\/www.rebostavilluis.com\/es\/wp-json\/wp\/v2\/product_cat?post=15414"},{"taxonomy":"product_tag","embeddable":true,"href":"https:\/\/www.rebostavilluis.com\/es\/wp-json\/wp\/v2\/product_tag?post=15414"}],"curies":[{"name":"wp","href":"https:\/\/api.w.org\/{rel}","templated":true}]}}