{"id":15502,"date":"2025-07-25T11:20:25","date_gmt":"2025-07-25T09:20:25","guid":{"rendered":"https:\/\/www.rebostavilluis.com\/?post_type=product&#038;p=15502"},"modified":"2026-04-11T10:24:42","modified_gmt":"2026-04-11T08:24:42","slug":"crema-aromatitzada-figa","status":"publish","type":"product","link":"https:\/\/www.rebostavilluis.com\/es\/comprar\/crema-aromatitzada-figa\/","title":{"rendered":"Crema Aromatizada de Higo 150g \u00b7 La Chinata."},"content":{"rendered":"","protected":false},"excerpt":{"rendered":"<ul>\n<li>\n<p data-path-to-node=\"7\">A\u00f1ade un contraste delicioso a tus platos con la <b data-path-to-node=\"7\" data-index-in-node=\"71\">Crema Aromatizada con Higo de La Chinata<\/b>. Esta reducci\u00f3n combina la intensidad del mejor vinagre bals\u00e1mico con el dulzor mediterr\u00e1neo del higo, creando una textura densa y un sabor equilibrado que realza cualquier combinaci\u00f3n culinaria.<\/p>\n<ul data-path-to-node=\"8\">\n<li>\n<p data-path-to-node=\"8,0,0\"><b data-path-to-node=\"8,0,0\" data-index-in-node=\"0\">Marca:<\/b> La Chinata.<\/p>\n<\/li>\n<li>\n<p data-path-to-node=\"8,1,0\"><b data-path-to-node=\"8,1,0\" data-index-in-node=\"0\">Sabor:<\/b> Dulce, ligeramente \u00e1cido y con todo el car\u00e1cter de la fruta madura.<\/p>\n<\/li>\n<li>\n<p data-path-to-node=\"8,2,0\"><b data-path-to-node=\"8,2,0\" data-index-in-node=\"0\">Consejos de uso:<\/b> El acompa\u00f1amiento estrella para quesos (especialmente el de cabra o el azul), foies, ensaladas de frutos secos y carnes blancas como el magret de pato.<\/p>\n<\/li>\n<\/ul>\n<\/li>\n<\/ul>\n","protected":false},"featured_media":15503,"template":"","meta":{"_joinchat":[]},"product_brand":[],"product_cat":[72],"product_tag":[],"class_list":{"0":"post-15502","1":"product","2":"type-product","3":"status-publish","4":"has-post-thumbnail","6":"product_cat-conservas","7":"infinite-scroll-item","8":"sales-flash-overlay","9":"woocommerce-text-align-center","10":"woocommerce-image-align-center","11":"do-quantity-buttons","13":"first","14":"instock","15":"shipping-taxable","16":"purchasable","17":"product-type-simple"},"yoast_head":"<!-- This site is optimized with the Yoast SEO plugin v27.3 - https:\/\/yoast.com\/product\/yoast-seo-wordpress\/ -->\n<title>Crema Aromatizada de Higo 150g \u00b7 La Chinata. - El Rebost de l&#039;Avi llu&iacute;s<\/title>\n<meta name=\"description\" content=\"Crema de Higo La Chinata 150g en el Rebost de l&#039;Avi Llu\u00eds. El complemento ideal para quesos, ensaladas y foies con un toque dulce y sofisticado.\" \/>\n<meta name=\"robots\" content=\"index, follow, max-snippet:-1, max-image-preview:large, max-video-preview:-1\" \/>\n<link rel=\"canonical\" href=\"https:\/\/www.rebostavilluis.com\/es\/comprar\/crema-aromatitzada-figa\/\" \/>\n<meta property=\"og:locale\" content=\"es_ES\" \/>\n<meta property=\"og:type\" content=\"article\" \/>\n<meta property=\"og:title\" content=\"Crema Aromatizada de Higo 150g \u00b7 La Chinata. - El Rebost de l&#039;Avi llu&iacute;s\" \/>\n<meta property=\"og:description\" content=\"Crema de Higo La Chinata 150g en el Rebost de l&#039;Avi Llu\u00eds. El complemento ideal para quesos, ensaladas y foies con un toque dulce y sofisticado.\" \/>\n<meta property=\"og:url\" content=\"https:\/\/www.rebostavilluis.com\/es\/comprar\/crema-aromatitzada-figa\/\" \/>\n<meta property=\"og:site_name\" content=\"El Rebost de l&#039;Avi llu&iacute;s\" \/>\n<meta property=\"article:modified_time\" content=\"2026-04-11T08:24:42+00:00\" \/>\n<meta property=\"og:image\" content=\"https:\/\/www.rebostavilluis.com\/wp-content\/uploads\/2025\/07\/crema-aromatizada-con-higo-elaborada-con-aceite-balsamico-de-modena-la-chinata_1-600x621-1.webp\" \/>\n\t<meta property=\"og:image:width\" content=\"600\" \/>\n\t<meta property=\"og:image:height\" content=\"621\" \/>\n\t<meta property=\"og:image:type\" content=\"image\/webp\" \/>\n<meta name=\"twitter:card\" content=\"summary_large_image\" \/>\n<meta name=\"twitter:label1\" content=\"Tiempo de lectura\" \/>\n\t<meta name=\"twitter:data1\" content=\"1 minuto\" \/>\n<script type=\"application\/ld+json\" class=\"yoast-schema-graph\">{\"@context\":\"https:\\\/\\\/schema.org\",\"@graph\":[{\"@type\":\"WebPage\",\"@id\":\"https:\\\/\\\/www.rebostavilluis.com\\\/es\\\/comprar\\\/crema-aromatitzada-figa\\\/\",\"url\":\"https:\\\/\\\/www.rebostavilluis.com\\\/es\\\/comprar\\\/crema-aromatitzada-figa\\\/\",\"name\":\"Crema Aromatizada de Higo 150g \u00b7 La Chinata. - El Rebost de l'Avi llu&iacute;s\",\"isPartOf\":{\"@id\":\"https:\\\/\\\/www.rebostavilluis.com\\\/es\\\/#website\"},\"primaryImageOfPage\":{\"@id\":\"https:\\\/\\\/www.rebostavilluis.com\\\/es\\\/comprar\\\/crema-aromatitzada-figa\\\/#primaryimage\"},\"image\":{\"@id\":\"https:\\\/\\\/www.rebostavilluis.com\\\/es\\\/comprar\\\/crema-aromatitzada-figa\\\/#primaryimage\"},\"thumbnailUrl\":\"https:\\\/\\\/www.rebostavilluis.com\\\/wp-content\\\/uploads\\\/2025\\\/07\\\/crema-aromatizada-con-higo-elaborada-con-aceite-balsamico-de-modena-la-chinata_1-600x621-1.webp\",\"datePublished\":\"2025-07-25T09:20:25+00:00\",\"dateModified\":\"2026-04-11T08:24:42+00:00\",\"description\":\"Crema de Higo La Chinata 150g en el Rebost de l'Avi Llu\u00eds. El complemento ideal para quesos, ensaladas y foies con un toque dulce y sofisticado.\",\"breadcrumb\":{\"@id\":\"https:\\\/\\\/www.rebostavilluis.com\\\/es\\\/comprar\\\/crema-aromatitzada-figa\\\/#breadcrumb\"},\"inLanguage\":\"es\",\"potentialAction\":[{\"@type\":\"ReadAction\",\"target\":[\"https:\\\/\\\/www.rebostavilluis.com\\\/es\\\/comprar\\\/crema-aromatitzada-figa\\\/\"]}]},{\"@type\":\"ImageObject\",\"inLanguage\":\"es\",\"@id\":\"https:\\\/\\\/www.rebostavilluis.com\\\/es\\\/comprar\\\/crema-aromatitzada-figa\\\/#primaryimage\",\"url\":\"https:\\\/\\\/www.rebostavilluis.com\\\/wp-content\\\/uploads\\\/2025\\\/07\\\/crema-aromatizada-con-higo-elaborada-con-aceite-balsamico-de-modena-la-chinata_1-600x621-1.webp\",\"contentUrl\":\"https:\\\/\\\/www.rebostavilluis.com\\\/wp-content\\\/uploads\\\/2025\\\/07\\\/crema-aromatizada-con-higo-elaborada-con-aceite-balsamico-de-modena-la-chinata_1-600x621-1.webp\",\"width\":600,\"height\":621},{\"@type\":\"BreadcrumbList\",\"@id\":\"https:\\\/\\\/www.rebostavilluis.com\\\/es\\\/comprar\\\/crema-aromatitzada-figa\\\/#breadcrumb\",\"itemListElement\":[{\"@type\":\"ListItem\",\"position\":1,\"name\":\"Portada\",\"item\":\"https:\\\/\\\/www.rebostavilluis.com\\\/es\\\/\"},{\"@type\":\"ListItem\",\"position\":2,\"name\":\"Tienda\",\"item\":\"https:\\\/\\\/www.rebostavilluis.com\\\/es\\\/tienda\\\/\"},{\"@type\":\"ListItem\",\"position\":3,\"name\":\"Crema Aromatizada de Higo 150g \u00b7 La Chinata.\"}]},{\"@type\":\"WebSite\",\"@id\":\"https:\\\/\\\/www.rebostavilluis.com\\\/es\\\/#website\",\"url\":\"https:\\\/\\\/www.rebostavilluis.com\\\/es\\\/\",\"name\":\"El Rebost de l'Avi llu&iacute;s\",\"description\":\"Mel del Perell&oacute;\",\"publisher\":{\"@id\":\"https:\\\/\\\/www.rebostavilluis.com\\\/es\\\/#organization\"},\"potentialAction\":[{\"@type\":\"SearchAction\",\"target\":{\"@type\":\"EntryPoint\",\"urlTemplate\":\"https:\\\/\\\/www.rebostavilluis.com\\\/es\\\/?s={search_term_string}\"},\"query-input\":{\"@type\":\"PropertyValueSpecification\",\"valueRequired\":true,\"valueName\":\"search_term_string\"}}],\"inLanguage\":\"es\"},{\"@type\":\"Organization\",\"@id\":\"https:\\\/\\\/www.rebostavilluis.com\\\/es\\\/#organization\",\"name\":\"El Rebost de l'Avi llu&iacute;s\",\"url\":\"https:\\\/\\\/www.rebostavilluis.com\\\/es\\\/\",\"logo\":{\"@type\":\"ImageObject\",\"inLanguage\":\"es\",\"@id\":\"https:\\\/\\\/www.rebostavilluis.com\\\/es\\\/#\\\/schema\\\/logo\\\/image\\\/\",\"url\":\"https:\\\/\\\/www.rebostavilluis.com\\\/wp-content\\\/uploads\\\/2021\\\/06\\\/logo.png\",\"contentUrl\":\"https:\\\/\\\/www.rebostavilluis.com\\\/wp-content\\\/uploads\\\/2021\\\/06\\\/logo.png\",\"width\":273,\"height\":74,\"caption\":\"El Rebost de l'Avi llu&iacute;s\"},\"image\":{\"@id\":\"https:\\\/\\\/www.rebostavilluis.com\\\/es\\\/#\\\/schema\\\/logo\\\/image\\\/\"}}]}<\/script>\n<!-- \/ Yoast SEO plugin. -->","yoast_head_json":{"title":"Crema Aromatizada de Higo 150g \u00b7 La Chinata. - El Rebost de l'Avi llu&iacute;s","description":"Crema de Higo La Chinata 150g en el Rebost de l'Avi Llu\u00eds. El complemento ideal para quesos, ensaladas y foies con un toque dulce y sofisticado.","robots":{"index":"index","follow":"follow","max-snippet":"max-snippet:-1","max-image-preview":"max-image-preview:large","max-video-preview":"max-video-preview:-1"},"canonical":"https:\/\/www.rebostavilluis.com\/es\/comprar\/crema-aromatitzada-figa\/","og_locale":"es_ES","og_type":"article","og_title":"Crema Aromatizada de Higo 150g \u00b7 La Chinata. - El Rebost de l'Avi llu&iacute;s","og_description":"Crema de Higo La Chinata 150g en el Rebost de l'Avi Llu\u00eds. El complemento ideal para quesos, ensaladas y foies con un toque dulce y sofisticado.","og_url":"https:\/\/www.rebostavilluis.com\/es\/comprar\/crema-aromatitzada-figa\/","og_site_name":"El Rebost de l'Avi llu&iacute;s","article_modified_time":"2026-04-11T08:24:42+00:00","og_image":[{"width":600,"height":621,"url":"https:\/\/www.rebostavilluis.com\/wp-content\/uploads\/2025\/07\/crema-aromatizada-con-higo-elaborada-con-aceite-balsamico-de-modena-la-chinata_1-600x621-1.webp","type":"image\/webp"}],"twitter_card":"summary_large_image","twitter_misc":{"Tiempo de lectura":"1 minuto"},"schema":{"@context":"https:\/\/schema.org","@graph":[{"@type":"WebPage","@id":"https:\/\/www.rebostavilluis.com\/es\/comprar\/crema-aromatitzada-figa\/","url":"https:\/\/www.rebostavilluis.com\/es\/comprar\/crema-aromatitzada-figa\/","name":"Crema Aromatizada de Higo 150g \u00b7 La Chinata. - El Rebost de l'Avi llu&iacute;s","isPartOf":{"@id":"https:\/\/www.rebostavilluis.com\/es\/#website"},"primaryImageOfPage":{"@id":"https:\/\/www.rebostavilluis.com\/es\/comprar\/crema-aromatitzada-figa\/#primaryimage"},"image":{"@id":"https:\/\/www.rebostavilluis.com\/es\/comprar\/crema-aromatitzada-figa\/#primaryimage"},"thumbnailUrl":"https:\/\/www.rebostavilluis.com\/wp-content\/uploads\/2025\/07\/crema-aromatizada-con-higo-elaborada-con-aceite-balsamico-de-modena-la-chinata_1-600x621-1.webp","datePublished":"2025-07-25T09:20:25+00:00","dateModified":"2026-04-11T08:24:42+00:00","description":"Crema de Higo La Chinata 150g en el Rebost de l'Avi Llu\u00eds. El complemento ideal para quesos, ensaladas y foies con un toque dulce y sofisticado.","breadcrumb":{"@id":"https:\/\/www.rebostavilluis.com\/es\/comprar\/crema-aromatitzada-figa\/#breadcrumb"},"inLanguage":"es","potentialAction":[{"@type":"ReadAction","target":["https:\/\/www.rebostavilluis.com\/es\/comprar\/crema-aromatitzada-figa\/"]}]},{"@type":"ImageObject","inLanguage":"es","@id":"https:\/\/www.rebostavilluis.com\/es\/comprar\/crema-aromatitzada-figa\/#primaryimage","url":"https:\/\/www.rebostavilluis.com\/wp-content\/uploads\/2025\/07\/crema-aromatizada-con-higo-elaborada-con-aceite-balsamico-de-modena-la-chinata_1-600x621-1.webp","contentUrl":"https:\/\/www.rebostavilluis.com\/wp-content\/uploads\/2025\/07\/crema-aromatizada-con-higo-elaborada-con-aceite-balsamico-de-modena-la-chinata_1-600x621-1.webp","width":600,"height":621},{"@type":"BreadcrumbList","@id":"https:\/\/www.rebostavilluis.com\/es\/comprar\/crema-aromatitzada-figa\/#breadcrumb","itemListElement":[{"@type":"ListItem","position":1,"name":"Portada","item":"https:\/\/www.rebostavilluis.com\/es\/"},{"@type":"ListItem","position":2,"name":"Tienda","item":"https:\/\/www.rebostavilluis.com\/es\/tienda\/"},{"@type":"ListItem","position":3,"name":"Crema Aromatizada de Higo 150g \u00b7 La Chinata."}]},{"@type":"WebSite","@id":"https:\/\/www.rebostavilluis.com\/es\/#website","url":"https:\/\/www.rebostavilluis.com\/es\/","name":"El Rebost de l'Avi llu&iacute;s","description":"Mel del Perell&oacute;","publisher":{"@id":"https:\/\/www.rebostavilluis.com\/es\/#organization"},"potentialAction":[{"@type":"SearchAction","target":{"@type":"EntryPoint","urlTemplate":"https:\/\/www.rebostavilluis.com\/es\/?s={search_term_string}"},"query-input":{"@type":"PropertyValueSpecification","valueRequired":true,"valueName":"search_term_string"}}],"inLanguage":"es"},{"@type":"Organization","@id":"https:\/\/www.rebostavilluis.com\/es\/#organization","name":"El Rebost de l'Avi llu&iacute;s","url":"https:\/\/www.rebostavilluis.com\/es\/","logo":{"@type":"ImageObject","inLanguage":"es","@id":"https:\/\/www.rebostavilluis.com\/es\/#\/schema\/logo\/image\/","url":"https:\/\/www.rebostavilluis.com\/wp-content\/uploads\/2021\/06\/logo.png","contentUrl":"https:\/\/www.rebostavilluis.com\/wp-content\/uploads\/2021\/06\/logo.png","width":273,"height":74,"caption":"El Rebost de l'Avi llu&iacute;s"},"image":{"@id":"https:\/\/www.rebostavilluis.com\/es\/#\/schema\/logo\/image\/"}}]}},"_links":{"self":[{"href":"https:\/\/www.rebostavilluis.com\/es\/wp-json\/wp\/v2\/product\/15502","targetHints":{"allow":["GET"]}}],"collection":[{"href":"https:\/\/www.rebostavilluis.com\/es\/wp-json\/wp\/v2\/product"}],"about":[{"href":"https:\/\/www.rebostavilluis.com\/es\/wp-json\/wp\/v2\/types\/product"}],"wp:featuredmedia":[{"embeddable":true,"href":"https:\/\/www.rebostavilluis.com\/es\/wp-json\/wp\/v2\/media\/15503"}],"wp:attachment":[{"href":"https:\/\/www.rebostavilluis.com\/es\/wp-json\/wp\/v2\/media?parent=15502"}],"wp:term":[{"taxonomy":"product_brand","embeddable":true,"href":"https:\/\/www.rebostavilluis.com\/es\/wp-json\/wp\/v2\/product_brand?post=15502"},{"taxonomy":"product_cat","embeddable":true,"href":"https:\/\/www.rebostavilluis.com\/es\/wp-json\/wp\/v2\/product_cat?post=15502"},{"taxonomy":"product_tag","embeddable":true,"href":"https:\/\/www.rebostavilluis.com\/es\/wp-json\/wp\/v2\/product_tag?post=15502"}],"curies":[{"name":"wp","href":"https:\/\/api.w.org\/{rel}","templated":true}]}}