{"id":15682,"date":"2025-03-16T18:02:08","date_gmt":"2025-03-16T17:02:08","guid":{"rendered":"https:\/\/www.rebostavilluis.com\/?post_type=product&#038;p=15682"},"modified":"2026-02-17T17:21:58","modified_gmt":"2026-02-17T16:21:58","slug":"agua-micelar-olivita","status":"publish","type":"product","link":"https:\/\/www.rebostavilluis.com\/es\/comprar\/agua-micelar-olivita\/","title":{"rendered":"Agua Micelar Olivita"},"content":{"rendered":"<p data-start=\"179\" data-end=\"524\">El <strong data-start=\"182\" data-end=\"206\">Agua Micelar Olivita<\/strong> es el aliado perfecto para tu <strong data-start=\"237\" data-end=\"263\">limpieza facial diaria<\/strong> gracias a su f\u00f3rmula suave elaborada con <strong data-start=\"305\" data-end=\"347\">aceite de oliva virgen extra ecol\u00f3gico<\/strong> y extractos naturales. Elimina de forma eficaz el maquillaje, las impurezas y el exceso de grasa sin resecar la piel, aportando una agradable sensaci\u00f3n de frescor y suavidad.<\/p>\n<p data-start=\"526\" data-end=\"762\">Compuesta por <strong data-start=\"540\" data-end=\"579\">ingredientes naturales y ecol\u00f3gicos<\/strong>, es apta para todo tipo de pieles, incluso las m\u00e1s sensibles. Su acci\u00f3n calmante e hidratante ayuda a mantener el equilibrio natural de la piel, dej\u00e1ndola limpia, suave y luminosa.<\/p>\n<p data-start=\"764\" data-end=\"942\">Un imprescindible en tu <strong data-start=\"788\" data-end=\"817\">rutina de belleza natural<\/strong>, que combina eficacia, sostenibilidad y respeto por la piel. Con Olivita, cuida tu rostro de forma saludable y consciente.<\/p>\n","protected":false},"excerpt":{"rendered":"<ul>\n<li>Formulada a base de extracto de olivo y aloe vera ecol\u00f3gico.<\/li>\n<li>Extractos de Espirulina, Chiorella, Camu Camu y aceite esencial de Mandarina<\/li>\n<\/ul>\n","protected":false},"featured_media":14863,"template":"","meta":{"_joinchat":[]},"product_brand":[],"product_cat":[73,75],"product_tag":[],"class_list":{"0":"post-15682","1":"product","2":"type-product","3":"status-publish","4":"has-post-thumbnail","6":"product_cat-cosmeticos","7":"product_cat-cosmetica-facial-es","8":"infinite-scroll-item","9":"sales-flash-overlay","10":"woocommerce-text-align-center","11":"woocommerce-image-align-center","12":"do-quantity-buttons","14":"first","15":"outofstock","16":"shipping-taxable","17":"purchasable","18":"product-type-simple"},"yoast_head":"<!-- This site is optimized with the Yoast SEO plugin v27.3 - https:\/\/yoast.com\/product\/yoast-seo-wordpress\/ -->\n<title>Agua Micelar Olivita - El Rebost de l&#039;Avi llu&iacute;s<\/title>\n<meta name=\"description\" content=\"Agua Micelar Olivita con aceite de oliva ecol\u00f3gico \ud83c\udf3f. Limpia, desmaquilla e hidrata con suavidad, ideal incluso para pieles sensibles.\" \/>\n<meta name=\"robots\" content=\"index, follow, max-snippet:-1, max-image-preview:large, max-video-preview:-1\" \/>\n<link rel=\"canonical\" href=\"https:\/\/www.rebostavilluis.com\/es\/comprar\/agua-micelar-olivita\/\" \/>\n<meta property=\"og:locale\" content=\"es_ES\" \/>\n<meta property=\"og:type\" content=\"article\" \/>\n<meta property=\"og:title\" content=\"Agua Micelar Olivita - El Rebost de l&#039;Avi llu&iacute;s\" \/>\n<meta property=\"og:description\" content=\"Agua Micelar Olivita con aceite de oliva ecol\u00f3gico \ud83c\udf3f. Limpia, desmaquilla e hidrata con suavidad, ideal incluso para pieles sensibles.\" \/>\n<meta property=\"og:url\" content=\"https:\/\/www.rebostavilluis.com\/es\/comprar\/agua-micelar-olivita\/\" \/>\n<meta property=\"og:site_name\" content=\"El Rebost de l&#039;Avi llu&iacute;s\" \/>\n<meta property=\"article:modified_time\" content=\"2026-02-17T16:21:58+00:00\" \/>\n<meta property=\"og:image\" content=\"https:\/\/www.rebostavilluis.com\/wp-content\/uploads\/2025\/03\/Oli-Vita.png\" \/>\n\t<meta property=\"og:image:width\" content=\"1080\" \/>\n\t<meta property=\"og:image:height\" content=\"1080\" \/>\n\t<meta property=\"og:image:type\" content=\"image\/png\" \/>\n<meta name=\"twitter:card\" content=\"summary_large_image\" \/>\n<meta name=\"twitter:label1\" content=\"Tiempo de lectura\" \/>\n\t<meta name=\"twitter:data1\" content=\"1 minuto\" \/>\n<script type=\"application\/ld+json\" class=\"yoast-schema-graph\">{\"@context\":\"https:\\\/\\\/schema.org\",\"@graph\":[{\"@type\":\"WebPage\",\"@id\":\"https:\\\/\\\/www.rebostavilluis.com\\\/es\\\/comprar\\\/agua-micelar-olivita\\\/\",\"url\":\"https:\\\/\\\/www.rebostavilluis.com\\\/es\\\/comprar\\\/agua-micelar-olivita\\\/\",\"name\":\"Agua Micelar Olivita - El Rebost de l'Avi llu&iacute;s\",\"isPartOf\":{\"@id\":\"https:\\\/\\\/www.rebostavilluis.com\\\/es\\\/#website\"},\"primaryImageOfPage\":{\"@id\":\"https:\\\/\\\/www.rebostavilluis.com\\\/es\\\/comprar\\\/agua-micelar-olivita\\\/#primaryimage\"},\"image\":{\"@id\":\"https:\\\/\\\/www.rebostavilluis.com\\\/es\\\/comprar\\\/agua-micelar-olivita\\\/#primaryimage\"},\"thumbnailUrl\":\"https:\\\/\\\/www.rebostavilluis.com\\\/wp-content\\\/uploads\\\/2025\\\/03\\\/Oli-Vita.png\",\"datePublished\":\"2025-03-16T17:02:08+00:00\",\"dateModified\":\"2026-02-17T16:21:58+00:00\",\"description\":\"Agua Micelar Olivita con aceite de oliva ecol\u00f3gico \ud83c\udf3f. Limpia, desmaquilla e hidrata con suavidad, ideal incluso para pieles sensibles.\",\"breadcrumb\":{\"@id\":\"https:\\\/\\\/www.rebostavilluis.com\\\/es\\\/comprar\\\/agua-micelar-olivita\\\/#breadcrumb\"},\"inLanguage\":\"es\",\"potentialAction\":[{\"@type\":\"ReadAction\",\"target\":[\"https:\\\/\\\/www.rebostavilluis.com\\\/es\\\/comprar\\\/agua-micelar-olivita\\\/\"]}]},{\"@type\":\"ImageObject\",\"inLanguage\":\"es\",\"@id\":\"https:\\\/\\\/www.rebostavilluis.com\\\/es\\\/comprar\\\/agua-micelar-olivita\\\/#primaryimage\",\"url\":\"https:\\\/\\\/www.rebostavilluis.com\\\/wp-content\\\/uploads\\\/2025\\\/03\\\/Oli-Vita.png\",\"contentUrl\":\"https:\\\/\\\/www.rebostavilluis.com\\\/wp-content\\\/uploads\\\/2025\\\/03\\\/Oli-Vita.png\",\"width\":1080,\"height\":1080},{\"@type\":\"BreadcrumbList\",\"@id\":\"https:\\\/\\\/www.rebostavilluis.com\\\/es\\\/comprar\\\/agua-micelar-olivita\\\/#breadcrumb\",\"itemListElement\":[{\"@type\":\"ListItem\",\"position\":1,\"name\":\"Portada\",\"item\":\"https:\\\/\\\/www.rebostavilluis.com\\\/es\\\/\"},{\"@type\":\"ListItem\",\"position\":2,\"name\":\"Tienda\",\"item\":\"https:\\\/\\\/www.rebostavilluis.com\\\/es\\\/tienda\\\/\"},{\"@type\":\"ListItem\",\"position\":3,\"name\":\"Agua Micelar Olivita\"}]},{\"@type\":\"WebSite\",\"@id\":\"https:\\\/\\\/www.rebostavilluis.com\\\/es\\\/#website\",\"url\":\"https:\\\/\\\/www.rebostavilluis.com\\\/es\\\/\",\"name\":\"El Rebost de l'Avi llu&iacute;s\",\"description\":\"Mel del Perell&oacute;\",\"publisher\":{\"@id\":\"https:\\\/\\\/www.rebostavilluis.com\\\/es\\\/#organization\"},\"potentialAction\":[{\"@type\":\"SearchAction\",\"target\":{\"@type\":\"EntryPoint\",\"urlTemplate\":\"https:\\\/\\\/www.rebostavilluis.com\\\/es\\\/?s={search_term_string}\"},\"query-input\":{\"@type\":\"PropertyValueSpecification\",\"valueRequired\":true,\"valueName\":\"search_term_string\"}}],\"inLanguage\":\"es\"},{\"@type\":\"Organization\",\"@id\":\"https:\\\/\\\/www.rebostavilluis.com\\\/es\\\/#organization\",\"name\":\"El Rebost de l'Avi llu&iacute;s\",\"url\":\"https:\\\/\\\/www.rebostavilluis.com\\\/es\\\/\",\"logo\":{\"@type\":\"ImageObject\",\"inLanguage\":\"es\",\"@id\":\"https:\\\/\\\/www.rebostavilluis.com\\\/es\\\/#\\\/schema\\\/logo\\\/image\\\/\",\"url\":\"https:\\\/\\\/www.rebostavilluis.com\\\/wp-content\\\/uploads\\\/2021\\\/06\\\/logo.png\",\"contentUrl\":\"https:\\\/\\\/www.rebostavilluis.com\\\/wp-content\\\/uploads\\\/2021\\\/06\\\/logo.png\",\"width\":273,\"height\":74,\"caption\":\"El Rebost de l'Avi llu&iacute;s\"},\"image\":{\"@id\":\"https:\\\/\\\/www.rebostavilluis.com\\\/es\\\/#\\\/schema\\\/logo\\\/image\\\/\"}}]}<\/script>\n<!-- \/ Yoast SEO plugin. -->","yoast_head_json":{"title":"Agua Micelar Olivita - El Rebost de l'Avi llu&iacute;s","description":"Agua Micelar Olivita con aceite de oliva ecol\u00f3gico \ud83c\udf3f. Limpia, desmaquilla e hidrata con suavidad, ideal incluso para pieles sensibles.","robots":{"index":"index","follow":"follow","max-snippet":"max-snippet:-1","max-image-preview":"max-image-preview:large","max-video-preview":"max-video-preview:-1"},"canonical":"https:\/\/www.rebostavilluis.com\/es\/comprar\/agua-micelar-olivita\/","og_locale":"es_ES","og_type":"article","og_title":"Agua Micelar Olivita - El Rebost de l'Avi llu&iacute;s","og_description":"Agua Micelar Olivita con aceite de oliva ecol\u00f3gico \ud83c\udf3f. Limpia, desmaquilla e hidrata con suavidad, ideal incluso para pieles sensibles.","og_url":"https:\/\/www.rebostavilluis.com\/es\/comprar\/agua-micelar-olivita\/","og_site_name":"El Rebost de l'Avi llu&iacute;s","article_modified_time":"2026-02-17T16:21:58+00:00","og_image":[{"width":1080,"height":1080,"url":"https:\/\/www.rebostavilluis.com\/wp-content\/uploads\/2025\/03\/Oli-Vita.png","type":"image\/png"}],"twitter_card":"summary_large_image","twitter_misc":{"Tiempo de lectura":"1 minuto"},"schema":{"@context":"https:\/\/schema.org","@graph":[{"@type":"WebPage","@id":"https:\/\/www.rebostavilluis.com\/es\/comprar\/agua-micelar-olivita\/","url":"https:\/\/www.rebostavilluis.com\/es\/comprar\/agua-micelar-olivita\/","name":"Agua Micelar Olivita - El Rebost de l'Avi llu&iacute;s","isPartOf":{"@id":"https:\/\/www.rebostavilluis.com\/es\/#website"},"primaryImageOfPage":{"@id":"https:\/\/www.rebostavilluis.com\/es\/comprar\/agua-micelar-olivita\/#primaryimage"},"image":{"@id":"https:\/\/www.rebostavilluis.com\/es\/comprar\/agua-micelar-olivita\/#primaryimage"},"thumbnailUrl":"https:\/\/www.rebostavilluis.com\/wp-content\/uploads\/2025\/03\/Oli-Vita.png","datePublished":"2025-03-16T17:02:08+00:00","dateModified":"2026-02-17T16:21:58+00:00","description":"Agua Micelar Olivita con aceite de oliva ecol\u00f3gico \ud83c\udf3f. Limpia, desmaquilla e hidrata con suavidad, ideal incluso para pieles sensibles.","breadcrumb":{"@id":"https:\/\/www.rebostavilluis.com\/es\/comprar\/agua-micelar-olivita\/#breadcrumb"},"inLanguage":"es","potentialAction":[{"@type":"ReadAction","target":["https:\/\/www.rebostavilluis.com\/es\/comprar\/agua-micelar-olivita\/"]}]},{"@type":"ImageObject","inLanguage":"es","@id":"https:\/\/www.rebostavilluis.com\/es\/comprar\/agua-micelar-olivita\/#primaryimage","url":"https:\/\/www.rebostavilluis.com\/wp-content\/uploads\/2025\/03\/Oli-Vita.png","contentUrl":"https:\/\/www.rebostavilluis.com\/wp-content\/uploads\/2025\/03\/Oli-Vita.png","width":1080,"height":1080},{"@type":"BreadcrumbList","@id":"https:\/\/www.rebostavilluis.com\/es\/comprar\/agua-micelar-olivita\/#breadcrumb","itemListElement":[{"@type":"ListItem","position":1,"name":"Portada","item":"https:\/\/www.rebostavilluis.com\/es\/"},{"@type":"ListItem","position":2,"name":"Tienda","item":"https:\/\/www.rebostavilluis.com\/es\/tienda\/"},{"@type":"ListItem","position":3,"name":"Agua Micelar Olivita"}]},{"@type":"WebSite","@id":"https:\/\/www.rebostavilluis.com\/es\/#website","url":"https:\/\/www.rebostavilluis.com\/es\/","name":"El Rebost de l'Avi llu&iacute;s","description":"Mel del Perell&oacute;","publisher":{"@id":"https:\/\/www.rebostavilluis.com\/es\/#organization"},"potentialAction":[{"@type":"SearchAction","target":{"@type":"EntryPoint","urlTemplate":"https:\/\/www.rebostavilluis.com\/es\/?s={search_term_string}"},"query-input":{"@type":"PropertyValueSpecification","valueRequired":true,"valueName":"search_term_string"}}],"inLanguage":"es"},{"@type":"Organization","@id":"https:\/\/www.rebostavilluis.com\/es\/#organization","name":"El Rebost de l'Avi llu&iacute;s","url":"https:\/\/www.rebostavilluis.com\/es\/","logo":{"@type":"ImageObject","inLanguage":"es","@id":"https:\/\/www.rebostavilluis.com\/es\/#\/schema\/logo\/image\/","url":"https:\/\/www.rebostavilluis.com\/wp-content\/uploads\/2021\/06\/logo.png","contentUrl":"https:\/\/www.rebostavilluis.com\/wp-content\/uploads\/2021\/06\/logo.png","width":273,"height":74,"caption":"El Rebost de l'Avi llu&iacute;s"},"image":{"@id":"https:\/\/www.rebostavilluis.com\/es\/#\/schema\/logo\/image\/"}}]}},"_links":{"self":[{"href":"https:\/\/www.rebostavilluis.com\/es\/wp-json\/wp\/v2\/product\/15682","targetHints":{"allow":["GET"]}}],"collection":[{"href":"https:\/\/www.rebostavilluis.com\/es\/wp-json\/wp\/v2\/product"}],"about":[{"href":"https:\/\/www.rebostavilluis.com\/es\/wp-json\/wp\/v2\/types\/product"}],"wp:featuredmedia":[{"embeddable":true,"href":"https:\/\/www.rebostavilluis.com\/es\/wp-json\/wp\/v2\/media\/14863"}],"wp:attachment":[{"href":"https:\/\/www.rebostavilluis.com\/es\/wp-json\/wp\/v2\/media?parent=15682"}],"wp:term":[{"taxonomy":"product_brand","embeddable":true,"href":"https:\/\/www.rebostavilluis.com\/es\/wp-json\/wp\/v2\/product_brand?post=15682"},{"taxonomy":"product_cat","embeddable":true,"href":"https:\/\/www.rebostavilluis.com\/es\/wp-json\/wp\/v2\/product_cat?post=15682"},{"taxonomy":"product_tag","embeddable":true,"href":"https:\/\/www.rebostavilluis.com\/es\/wp-json\/wp\/v2\/product_tag?post=15682"}],"curies":[{"name":"wp","href":"https:\/\/api.w.org\/{rel}","templated":true}]}}