{"id":15712,"date":"2025-08-26T09:35:21","date_gmt":"2025-08-26T07:35:21","guid":{"rendered":"https:\/\/www.rebostavilluis.com\/?post_type=product&#038;p=15712"},"modified":"2025-08-26T09:39:10","modified_gmt":"2025-08-26T07:39:10","slug":"jabon-hexagonal-de-carbon","status":"publish","type":"product","link":"https:\/\/www.rebostavilluis.com\/es\/comprar\/jabon-hexagonal-de-carbon\/","title":{"rendered":"Jab\u00f3n Hexagonal de Carb\u00f3n"},"content":{"rendered":"<p data-start=\"1166\" data-end=\"1453\">El <strong data-start=\"1169\" data-end=\"1198\">Jab\u00f3n Hexagonal de Carb\u00f3n<\/strong> es un limpiador natural perfecto para pieles mixtas y grasas gracias a su gran poder purificante. Elaborado con <strong data-start=\"1311\" data-end=\"1328\">carb\u00f3n activo<\/strong> e ingredientes suaves, elimina impurezas, exceso de grasa y toxinas acumuladas en la piel, dej\u00e1ndola limpia y equilibrada.<\/p>\n<p data-start=\"1455\" data-end=\"1722\">Su formato hexagonal lo hace pr\u00e1ctico y c\u00f3modo de usar, ofreciendo una experiencia \u00fanica de cuidado personal. Gracias a sus propiedades desintoxicantes y antibacterianas, es ideal para reducir imperfecciones, minimizar poros y aportar frescor al rostro y al cuerpo.<\/p>\n<p data-start=\"1724\" data-end=\"1869\">Un imprescindible en tu <strong data-start=\"1748\" data-end=\"1778\">rutina de limpieza natural<\/strong>, que une tradici\u00f3n artesanal e ingredientes respetuosos con la piel y el medio ambiente.<\/p>\n","protected":false},"excerpt":{"rendered":"<p>El Jab\u00f3n Hexagonal de Carb\u00f3n es un limpiador natural perfecto para pieles mixtas y grasas gracias a su gran poder purificante. Elaborado con carb\u00f3n activo e ingredientes suaves, elimina impurezas, exceso de grasa y toxinas acumuladas en la piel, dej\u00e1ndola &#8230; <a title=\"Jab\u00f3n Hexagonal de Carb\u00f3n\" class=\"read-more\" href=\"https:\/\/www.rebostavilluis.com\/es\/comprar\/jabon-hexagonal-de-carbon\/\" aria-label=\"Leer m\u00e1s sobre Jab\u00f3n Hexagonal de Carb\u00f3n\">Leer m\u00e1s<\/a><\/p>\n","protected":false},"featured_media":15711,"template":"","meta":{"_joinchat":[]},"product_brand":[],"product_cat":[73,498],"product_tag":[],"class_list":{"0":"post-15712","1":"product","2":"type-product","3":"status-publish","4":"has-post-thumbnail","6":"product_cat-cosmeticos","7":"product_cat-jabones","8":"infinite-scroll-item","9":"sales-flash-overlay","10":"woocommerce-text-align-center","11":"woocommerce-image-align-center","12":"do-quantity-buttons","14":"first","15":"instock","16":"shipping-taxable","17":"purchasable","18":"product-type-simple"},"yoast_head":"<!-- This site is optimized with the Yoast SEO plugin v27.3 - https:\/\/yoast.com\/product\/yoast-seo-wordpress\/ -->\n<title>Jab\u00f3n Hexagonal de Carb\u00f3n - El Rebost de l&#039;Avi llu&iacute;s<\/title>\n<meta name=\"description\" content=\"Jab\u00f3n Hexagonal de Carb\u00f3n \ud83c\udf3f. Limpieza profunda que elimina toxinas y grasa, dejando la piel purificada, fresca y equilibrada.\" \/>\n<meta name=\"robots\" content=\"index, follow, max-snippet:-1, max-image-preview:large, max-video-preview:-1\" \/>\n<link rel=\"canonical\" href=\"https:\/\/www.rebostavilluis.com\/es\/comprar\/jabon-hexagonal-de-carbon\/\" \/>\n<meta property=\"og:locale\" content=\"es_ES\" \/>\n<meta property=\"og:type\" content=\"article\" \/>\n<meta property=\"og:title\" content=\"Jab\u00f3n Hexagonal de Carb\u00f3n - El Rebost de l&#039;Avi llu&iacute;s\" \/>\n<meta property=\"og:description\" content=\"Jab\u00f3n Hexagonal de Carb\u00f3n \ud83c\udf3f. Limpieza profunda que elimina toxinas y grasa, dejando la piel purificada, fresca y equilibrada.\" \/>\n<meta property=\"og:url\" content=\"https:\/\/www.rebostavilluis.com\/es\/comprar\/jabon-hexagonal-de-carbon\/\" \/>\n<meta property=\"og:site_name\" content=\"El Rebost de l&#039;Avi llu&iacute;s\" \/>\n<meta property=\"article:modified_time\" content=\"2025-08-26T07:39:10+00:00\" \/>\n<meta property=\"og:image\" content=\"https:\/\/www.rebostavilluis.com\/wp-content\/uploads\/2025\/08\/Sabo_Hexagonal_Carbo.jpg\" \/>\n\t<meta property=\"og:image:width\" content=\"767\" \/>\n\t<meta property=\"og:image:height\" content=\"1105\" \/>\n\t<meta property=\"og:image:type\" content=\"image\/jpeg\" \/>\n<meta name=\"twitter:card\" content=\"summary_large_image\" \/>\n<meta name=\"twitter:label1\" content=\"Tiempo de lectura\" \/>\n\t<meta name=\"twitter:data1\" content=\"1 minuto\" \/>\n<script type=\"application\/ld+json\" class=\"yoast-schema-graph\">{\"@context\":\"https:\\\/\\\/schema.org\",\"@graph\":[{\"@type\":\"WebPage\",\"@id\":\"https:\\\/\\\/www.rebostavilluis.com\\\/es\\\/comprar\\\/jabon-hexagonal-de-carbon\\\/\",\"url\":\"https:\\\/\\\/www.rebostavilluis.com\\\/es\\\/comprar\\\/jabon-hexagonal-de-carbon\\\/\",\"name\":\"Jab\u00f3n Hexagonal de Carb\u00f3n - El Rebost de l'Avi llu&iacute;s\",\"isPartOf\":{\"@id\":\"https:\\\/\\\/www.rebostavilluis.com\\\/es\\\/#website\"},\"primaryImageOfPage\":{\"@id\":\"https:\\\/\\\/www.rebostavilluis.com\\\/es\\\/comprar\\\/jabon-hexagonal-de-carbon\\\/#primaryimage\"},\"image\":{\"@id\":\"https:\\\/\\\/www.rebostavilluis.com\\\/es\\\/comprar\\\/jabon-hexagonal-de-carbon\\\/#primaryimage\"},\"thumbnailUrl\":\"https:\\\/\\\/www.rebostavilluis.com\\\/wp-content\\\/uploads\\\/2025\\\/08\\\/Sabo_Hexagonal_Carbo.jpg\",\"datePublished\":\"2025-08-26T07:35:21+00:00\",\"dateModified\":\"2025-08-26T07:39:10+00:00\",\"description\":\"Jab\u00f3n Hexagonal de Carb\u00f3n \ud83c\udf3f. Limpieza profunda que elimina toxinas y grasa, dejando la piel purificada, fresca y equilibrada.\",\"breadcrumb\":{\"@id\":\"https:\\\/\\\/www.rebostavilluis.com\\\/es\\\/comprar\\\/jabon-hexagonal-de-carbon\\\/#breadcrumb\"},\"inLanguage\":\"es\",\"potentialAction\":[{\"@type\":\"ReadAction\",\"target\":[\"https:\\\/\\\/www.rebostavilluis.com\\\/es\\\/comprar\\\/jabon-hexagonal-de-carbon\\\/\"]}]},{\"@type\":\"ImageObject\",\"inLanguage\":\"es\",\"@id\":\"https:\\\/\\\/www.rebostavilluis.com\\\/es\\\/comprar\\\/jabon-hexagonal-de-carbon\\\/#primaryimage\",\"url\":\"https:\\\/\\\/www.rebostavilluis.com\\\/wp-content\\\/uploads\\\/2025\\\/08\\\/Sabo_Hexagonal_Carbo.jpg\",\"contentUrl\":\"https:\\\/\\\/www.rebostavilluis.com\\\/wp-content\\\/uploads\\\/2025\\\/08\\\/Sabo_Hexagonal_Carbo.jpg\",\"width\":767,\"height\":1105},{\"@type\":\"BreadcrumbList\",\"@id\":\"https:\\\/\\\/www.rebostavilluis.com\\\/es\\\/comprar\\\/jabon-hexagonal-de-carbon\\\/#breadcrumb\",\"itemListElement\":[{\"@type\":\"ListItem\",\"position\":1,\"name\":\"Portada\",\"item\":\"https:\\\/\\\/www.rebostavilluis.com\\\/es\\\/\"},{\"@type\":\"ListItem\",\"position\":2,\"name\":\"Tienda\",\"item\":\"https:\\\/\\\/www.rebostavilluis.com\\\/es\\\/tienda\\\/\"},{\"@type\":\"ListItem\",\"position\":3,\"name\":\"Jab\u00f3n Hexagonal de Carb\u00f3n\"}]},{\"@type\":\"WebSite\",\"@id\":\"https:\\\/\\\/www.rebostavilluis.com\\\/es\\\/#website\",\"url\":\"https:\\\/\\\/www.rebostavilluis.com\\\/es\\\/\",\"name\":\"El Rebost de l'Avi llu&iacute;s\",\"description\":\"Mel del Perell&oacute;\",\"publisher\":{\"@id\":\"https:\\\/\\\/www.rebostavilluis.com\\\/es\\\/#organization\"},\"potentialAction\":[{\"@type\":\"SearchAction\",\"target\":{\"@type\":\"EntryPoint\",\"urlTemplate\":\"https:\\\/\\\/www.rebostavilluis.com\\\/es\\\/?s={search_term_string}\"},\"query-input\":{\"@type\":\"PropertyValueSpecification\",\"valueRequired\":true,\"valueName\":\"search_term_string\"}}],\"inLanguage\":\"es\"},{\"@type\":\"Organization\",\"@id\":\"https:\\\/\\\/www.rebostavilluis.com\\\/es\\\/#organization\",\"name\":\"El Rebost de l'Avi llu&iacute;s\",\"url\":\"https:\\\/\\\/www.rebostavilluis.com\\\/es\\\/\",\"logo\":{\"@type\":\"ImageObject\",\"inLanguage\":\"es\",\"@id\":\"https:\\\/\\\/www.rebostavilluis.com\\\/es\\\/#\\\/schema\\\/logo\\\/image\\\/\",\"url\":\"https:\\\/\\\/www.rebostavilluis.com\\\/wp-content\\\/uploads\\\/2021\\\/06\\\/logo.png\",\"contentUrl\":\"https:\\\/\\\/www.rebostavilluis.com\\\/wp-content\\\/uploads\\\/2021\\\/06\\\/logo.png\",\"width\":273,\"height\":74,\"caption\":\"El Rebost de l'Avi llu&iacute;s\"},\"image\":{\"@id\":\"https:\\\/\\\/www.rebostavilluis.com\\\/es\\\/#\\\/schema\\\/logo\\\/image\\\/\"}}]}<\/script>\n<!-- \/ Yoast SEO plugin. -->","yoast_head_json":{"title":"Jab\u00f3n Hexagonal de Carb\u00f3n - El Rebost de l'Avi llu&iacute;s","description":"Jab\u00f3n Hexagonal de Carb\u00f3n \ud83c\udf3f. Limpieza profunda que elimina toxinas y grasa, dejando la piel purificada, fresca y equilibrada.","robots":{"index":"index","follow":"follow","max-snippet":"max-snippet:-1","max-image-preview":"max-image-preview:large","max-video-preview":"max-video-preview:-1"},"canonical":"https:\/\/www.rebostavilluis.com\/es\/comprar\/jabon-hexagonal-de-carbon\/","og_locale":"es_ES","og_type":"article","og_title":"Jab\u00f3n Hexagonal de Carb\u00f3n - El Rebost de l'Avi llu&iacute;s","og_description":"Jab\u00f3n Hexagonal de Carb\u00f3n \ud83c\udf3f. Limpieza profunda que elimina toxinas y grasa, dejando la piel purificada, fresca y equilibrada.","og_url":"https:\/\/www.rebostavilluis.com\/es\/comprar\/jabon-hexagonal-de-carbon\/","og_site_name":"El Rebost de l'Avi llu&iacute;s","article_modified_time":"2025-08-26T07:39:10+00:00","og_image":[{"width":767,"height":1105,"url":"https:\/\/www.rebostavilluis.com\/wp-content\/uploads\/2025\/08\/Sabo_Hexagonal_Carbo.jpg","type":"image\/jpeg"}],"twitter_card":"summary_large_image","twitter_misc":{"Tiempo de lectura":"1 minuto"},"schema":{"@context":"https:\/\/schema.org","@graph":[{"@type":"WebPage","@id":"https:\/\/www.rebostavilluis.com\/es\/comprar\/jabon-hexagonal-de-carbon\/","url":"https:\/\/www.rebostavilluis.com\/es\/comprar\/jabon-hexagonal-de-carbon\/","name":"Jab\u00f3n Hexagonal de Carb\u00f3n - El Rebost de l'Avi llu&iacute;s","isPartOf":{"@id":"https:\/\/www.rebostavilluis.com\/es\/#website"},"primaryImageOfPage":{"@id":"https:\/\/www.rebostavilluis.com\/es\/comprar\/jabon-hexagonal-de-carbon\/#primaryimage"},"image":{"@id":"https:\/\/www.rebostavilluis.com\/es\/comprar\/jabon-hexagonal-de-carbon\/#primaryimage"},"thumbnailUrl":"https:\/\/www.rebostavilluis.com\/wp-content\/uploads\/2025\/08\/Sabo_Hexagonal_Carbo.jpg","datePublished":"2025-08-26T07:35:21+00:00","dateModified":"2025-08-26T07:39:10+00:00","description":"Jab\u00f3n Hexagonal de Carb\u00f3n \ud83c\udf3f. Limpieza profunda que elimina toxinas y grasa, dejando la piel purificada, fresca y equilibrada.","breadcrumb":{"@id":"https:\/\/www.rebostavilluis.com\/es\/comprar\/jabon-hexagonal-de-carbon\/#breadcrumb"},"inLanguage":"es","potentialAction":[{"@type":"ReadAction","target":["https:\/\/www.rebostavilluis.com\/es\/comprar\/jabon-hexagonal-de-carbon\/"]}]},{"@type":"ImageObject","inLanguage":"es","@id":"https:\/\/www.rebostavilluis.com\/es\/comprar\/jabon-hexagonal-de-carbon\/#primaryimage","url":"https:\/\/www.rebostavilluis.com\/wp-content\/uploads\/2025\/08\/Sabo_Hexagonal_Carbo.jpg","contentUrl":"https:\/\/www.rebostavilluis.com\/wp-content\/uploads\/2025\/08\/Sabo_Hexagonal_Carbo.jpg","width":767,"height":1105},{"@type":"BreadcrumbList","@id":"https:\/\/www.rebostavilluis.com\/es\/comprar\/jabon-hexagonal-de-carbon\/#breadcrumb","itemListElement":[{"@type":"ListItem","position":1,"name":"Portada","item":"https:\/\/www.rebostavilluis.com\/es\/"},{"@type":"ListItem","position":2,"name":"Tienda","item":"https:\/\/www.rebostavilluis.com\/es\/tienda\/"},{"@type":"ListItem","position":3,"name":"Jab\u00f3n Hexagonal de Carb\u00f3n"}]},{"@type":"WebSite","@id":"https:\/\/www.rebostavilluis.com\/es\/#website","url":"https:\/\/www.rebostavilluis.com\/es\/","name":"El Rebost de l'Avi llu&iacute;s","description":"Mel del Perell&oacute;","publisher":{"@id":"https:\/\/www.rebostavilluis.com\/es\/#organization"},"potentialAction":[{"@type":"SearchAction","target":{"@type":"EntryPoint","urlTemplate":"https:\/\/www.rebostavilluis.com\/es\/?s={search_term_string}"},"query-input":{"@type":"PropertyValueSpecification","valueRequired":true,"valueName":"search_term_string"}}],"inLanguage":"es"},{"@type":"Organization","@id":"https:\/\/www.rebostavilluis.com\/es\/#organization","name":"El Rebost de l'Avi llu&iacute;s","url":"https:\/\/www.rebostavilluis.com\/es\/","logo":{"@type":"ImageObject","inLanguage":"es","@id":"https:\/\/www.rebostavilluis.com\/es\/#\/schema\/logo\/image\/","url":"https:\/\/www.rebostavilluis.com\/wp-content\/uploads\/2021\/06\/logo.png","contentUrl":"https:\/\/www.rebostavilluis.com\/wp-content\/uploads\/2021\/06\/logo.png","width":273,"height":74,"caption":"El Rebost de l'Avi llu&iacute;s"},"image":{"@id":"https:\/\/www.rebostavilluis.com\/es\/#\/schema\/logo\/image\/"}}]}},"_links":{"self":[{"href":"https:\/\/www.rebostavilluis.com\/es\/wp-json\/wp\/v2\/product\/15712","targetHints":{"allow":["GET"]}}],"collection":[{"href":"https:\/\/www.rebostavilluis.com\/es\/wp-json\/wp\/v2\/product"}],"about":[{"href":"https:\/\/www.rebostavilluis.com\/es\/wp-json\/wp\/v2\/types\/product"}],"wp:featuredmedia":[{"embeddable":true,"href":"https:\/\/www.rebostavilluis.com\/es\/wp-json\/wp\/v2\/media\/15711"}],"wp:attachment":[{"href":"https:\/\/www.rebostavilluis.com\/es\/wp-json\/wp\/v2\/media?parent=15712"}],"wp:term":[{"taxonomy":"product_brand","embeddable":true,"href":"https:\/\/www.rebostavilluis.com\/es\/wp-json\/wp\/v2\/product_brand?post=15712"},{"taxonomy":"product_cat","embeddable":true,"href":"https:\/\/www.rebostavilluis.com\/es\/wp-json\/wp\/v2\/product_cat?post=15712"},{"taxonomy":"product_tag","embeddable":true,"href":"https:\/\/www.rebostavilluis.com\/es\/wp-json\/wp\/v2\/product_tag?post=15712"}],"curies":[{"name":"wp","href":"https:\/\/api.w.org\/{rel}","templated":true}]}}