{"id":15713,"date":"2025-08-26T09:31:29","date_gmt":"2025-08-26T07:31:29","guid":{"rendered":"https:\/\/www.rebostavilluis.com\/?post_type=product&#038;p=15713"},"modified":"2026-02-17T17:24:15","modified_gmt":"2026-02-17T16:24:15","slug":"mascarilla-detox-la-chinata","status":"publish","type":"product","link":"https:\/\/www.rebostavilluis.com\/es\/comprar\/mascarilla-detox-la-chinata\/","title":{"rendered":"Mascarilla Detox La Chinata"},"content":{"rendered":"<p data-start=\"1273\" data-end=\"1595\">La <strong data-start=\"1276\" data-end=\"1307\">Mascarilla Detox La Chinata<\/strong> est\u00e1 elaborada con <strong data-start=\"1327\" data-end=\"1344\">carb\u00f3n activo<\/strong>, <strong data-start=\"1346\" data-end=\"1367\">extracto de oliva<\/strong> y otros ingredientes naturales que purifican la piel en profundidad, eliminando toxinas, exceso de grasa y restos de contaminaci\u00f3n. Su acci\u00f3n detox limpia los poros y equilibra la piel, dej\u00e1ndola m\u00e1s fresca, suave y luminosa.<\/p>\n<p data-start=\"1597\" data-end=\"1918\">Gracias a su f\u00f3rmula rica en <strong data-start=\"1626\" data-end=\"1643\">antioxidantes<\/strong> procedentes del <strong data-start=\"1660\" data-end=\"1692\">aceite de oliva virgen extra<\/strong>, protege la piel de los radicales libres y retrasa el envejecimiento prematuro. Adem\u00e1s, hidrata y calma, convirti\u00e9ndose en el tratamiento ideal para recuperar la vitalidad del rostro tras la exposici\u00f3n diaria a la poluci\u00f3n.<\/p>\n<p data-start=\"1920\" data-end=\"2103\">Apta para todo tipo de pieles, especialmente mixtas y grasas, es un paso imprescindible en tu <strong data-start=\"2014\" data-end=\"2039\">rutina facial natural<\/strong> para conseguir una piel m\u00e1s limpia, uniforme y llena de vida.<\/p>\n","protected":false},"excerpt":{"rendered":"<ul>\n<li>\n<p id=\"tw-target-text\" class=\"tw-data-text tw-text-large tw-ta\" dir=\"ltr\" tabindex=\"-1\" role=\"text\" data-placeholder=\"Traducci\u00f3n\" aria-label=\"Texto traducido: Mascarilla detox elaborada con diferentes tipos de arcilla, como el kaol\u00edn y carb\u00f3n procedente del bamb\u00fa.\" data-ved=\"2ahUKEwiqpOHZteCSAxVMVaQEHaGrA44Q3ewLegQIDBAW\"><span class=\"Y2IQFc\" lang=\"es\">Mascarilla detox elaborada con diferentes tipos de arcilla, como el kaol\u00edn y carb\u00f3n procedente del bamb\u00fa<\/span><\/p>\n<\/li>\n<\/ul>\n","protected":false},"featured_media":15457,"template":"","meta":{"_joinchat":[]},"product_brand":[],"product_cat":[73,75],"product_tag":[],"class_list":{"0":"post-15713","1":"product","2":"type-product","3":"status-publish","4":"has-post-thumbnail","6":"product_cat-cosmeticos","7":"product_cat-cosmetica-facial-es","8":"infinite-scroll-item","9":"sales-flash-overlay","10":"woocommerce-text-align-center","11":"woocommerce-image-align-center","12":"do-quantity-buttons","14":"first","15":"instock","16":"shipping-taxable","17":"purchasable","18":"product-type-simple"},"yoast_head":"<!-- This site is optimized with the Yoast SEO plugin v27.3 - https:\/\/yoast.com\/product\/yoast-seo-wordpress\/ -->\n<title>Mascarilla Detox La Chinata - El Rebost de l&#039;Avi llu&iacute;s<\/title>\n<meta name=\"description\" content=\"Mascarilla Detox La Chinata con carb\u00f3n activo \ud83c\udf3f. Purifica, hidrata y protege la piel para un rostro fresco, luminoso y saludable.\" \/>\n<meta name=\"robots\" content=\"index, follow, max-snippet:-1, max-image-preview:large, max-video-preview:-1\" \/>\n<link rel=\"canonical\" href=\"https:\/\/www.rebostavilluis.com\/es\/comprar\/mascarilla-detox-la-chinata\/\" \/>\n<meta property=\"og:locale\" content=\"es_ES\" \/>\n<meta property=\"og:type\" content=\"article\" \/>\n<meta property=\"og:title\" content=\"Mascarilla Detox La Chinata - El Rebost de l&#039;Avi llu&iacute;s\" \/>\n<meta property=\"og:description\" content=\"Mascarilla Detox La Chinata con carb\u00f3n activo \ud83c\udf3f. Purifica, hidrata y protege la piel para un rostro fresco, luminoso y saludable.\" \/>\n<meta property=\"og:url\" content=\"https:\/\/www.rebostavilluis.com\/es\/comprar\/mascarilla-detox-la-chinata\/\" \/>\n<meta property=\"og:site_name\" content=\"El Rebost de l&#039;Avi llu&iacute;s\" \/>\n<meta property=\"article:modified_time\" content=\"2026-02-17T16:24:15+00:00\" \/>\n<meta property=\"og:image\" content=\"https:\/\/www.rebostavilluis.com\/wp-content\/uploads\/2025\/07\/Mascarilla_Detox.jpg\" \/>\n\t<meta property=\"og:image:width\" content=\"1546\" \/>\n\t<meta property=\"og:image:height\" content=\"1600\" \/>\n\t<meta property=\"og:image:type\" content=\"image\/jpeg\" \/>\n<meta name=\"twitter:card\" content=\"summary_large_image\" \/>\n<meta name=\"twitter:label1\" content=\"Tiempo de lectura\" \/>\n\t<meta name=\"twitter:data1\" content=\"1 minuto\" \/>\n<script type=\"application\/ld+json\" class=\"yoast-schema-graph\">{\"@context\":\"https:\\\/\\\/schema.org\",\"@graph\":[{\"@type\":\"WebPage\",\"@id\":\"https:\\\/\\\/www.rebostavilluis.com\\\/es\\\/comprar\\\/mascarilla-detox-la-chinata\\\/\",\"url\":\"https:\\\/\\\/www.rebostavilluis.com\\\/es\\\/comprar\\\/mascarilla-detox-la-chinata\\\/\",\"name\":\"Mascarilla Detox La Chinata - El Rebost de l'Avi llu&iacute;s\",\"isPartOf\":{\"@id\":\"https:\\\/\\\/www.rebostavilluis.com\\\/es\\\/#website\"},\"primaryImageOfPage\":{\"@id\":\"https:\\\/\\\/www.rebostavilluis.com\\\/es\\\/comprar\\\/mascarilla-detox-la-chinata\\\/#primaryimage\"},\"image\":{\"@id\":\"https:\\\/\\\/www.rebostavilluis.com\\\/es\\\/comprar\\\/mascarilla-detox-la-chinata\\\/#primaryimage\"},\"thumbnailUrl\":\"https:\\\/\\\/www.rebostavilluis.com\\\/wp-content\\\/uploads\\\/2025\\\/07\\\/Mascarilla_Detox.jpg\",\"datePublished\":\"2025-08-26T07:31:29+00:00\",\"dateModified\":\"2026-02-17T16:24:15+00:00\",\"description\":\"Mascarilla Detox La Chinata con carb\u00f3n activo \ud83c\udf3f. Purifica, hidrata y protege la piel para un rostro fresco, luminoso y saludable.\",\"breadcrumb\":{\"@id\":\"https:\\\/\\\/www.rebostavilluis.com\\\/es\\\/comprar\\\/mascarilla-detox-la-chinata\\\/#breadcrumb\"},\"inLanguage\":\"es\",\"potentialAction\":[{\"@type\":\"ReadAction\",\"target\":[\"https:\\\/\\\/www.rebostavilluis.com\\\/es\\\/comprar\\\/mascarilla-detox-la-chinata\\\/\"]}]},{\"@type\":\"ImageObject\",\"inLanguage\":\"es\",\"@id\":\"https:\\\/\\\/www.rebostavilluis.com\\\/es\\\/comprar\\\/mascarilla-detox-la-chinata\\\/#primaryimage\",\"url\":\"https:\\\/\\\/www.rebostavilluis.com\\\/wp-content\\\/uploads\\\/2025\\\/07\\\/Mascarilla_Detox.jpg\",\"contentUrl\":\"https:\\\/\\\/www.rebostavilluis.com\\\/wp-content\\\/uploads\\\/2025\\\/07\\\/Mascarilla_Detox.jpg\",\"width\":1546,\"height\":1600},{\"@type\":\"BreadcrumbList\",\"@id\":\"https:\\\/\\\/www.rebostavilluis.com\\\/es\\\/comprar\\\/mascarilla-detox-la-chinata\\\/#breadcrumb\",\"itemListElement\":[{\"@type\":\"ListItem\",\"position\":1,\"name\":\"Portada\",\"item\":\"https:\\\/\\\/www.rebostavilluis.com\\\/es\\\/\"},{\"@type\":\"ListItem\",\"position\":2,\"name\":\"Tienda\",\"item\":\"https:\\\/\\\/www.rebostavilluis.com\\\/es\\\/tienda\\\/\"},{\"@type\":\"ListItem\",\"position\":3,\"name\":\"Mascarilla Detox La Chinata\"}]},{\"@type\":\"WebSite\",\"@id\":\"https:\\\/\\\/www.rebostavilluis.com\\\/es\\\/#website\",\"url\":\"https:\\\/\\\/www.rebostavilluis.com\\\/es\\\/\",\"name\":\"El Rebost de l'Avi llu&iacute;s\",\"description\":\"Mel del Perell&oacute;\",\"publisher\":{\"@id\":\"https:\\\/\\\/www.rebostavilluis.com\\\/es\\\/#organization\"},\"potentialAction\":[{\"@type\":\"SearchAction\",\"target\":{\"@type\":\"EntryPoint\",\"urlTemplate\":\"https:\\\/\\\/www.rebostavilluis.com\\\/es\\\/?s={search_term_string}\"},\"query-input\":{\"@type\":\"PropertyValueSpecification\",\"valueRequired\":true,\"valueName\":\"search_term_string\"}}],\"inLanguage\":\"es\"},{\"@type\":\"Organization\",\"@id\":\"https:\\\/\\\/www.rebostavilluis.com\\\/es\\\/#organization\",\"name\":\"El Rebost de l'Avi llu&iacute;s\",\"url\":\"https:\\\/\\\/www.rebostavilluis.com\\\/es\\\/\",\"logo\":{\"@type\":\"ImageObject\",\"inLanguage\":\"es\",\"@id\":\"https:\\\/\\\/www.rebostavilluis.com\\\/es\\\/#\\\/schema\\\/logo\\\/image\\\/\",\"url\":\"https:\\\/\\\/www.rebostavilluis.com\\\/wp-content\\\/uploads\\\/2021\\\/06\\\/logo.png\",\"contentUrl\":\"https:\\\/\\\/www.rebostavilluis.com\\\/wp-content\\\/uploads\\\/2021\\\/06\\\/logo.png\",\"width\":273,\"height\":74,\"caption\":\"El Rebost de l'Avi llu&iacute;s\"},\"image\":{\"@id\":\"https:\\\/\\\/www.rebostavilluis.com\\\/es\\\/#\\\/schema\\\/logo\\\/image\\\/\"}}]}<\/script>\n<!-- \/ Yoast SEO plugin. -->","yoast_head_json":{"title":"Mascarilla Detox La Chinata - El Rebost de l'Avi llu&iacute;s","description":"Mascarilla Detox La Chinata con carb\u00f3n activo \ud83c\udf3f. Purifica, hidrata y protege la piel para un rostro fresco, luminoso y saludable.","robots":{"index":"index","follow":"follow","max-snippet":"max-snippet:-1","max-image-preview":"max-image-preview:large","max-video-preview":"max-video-preview:-1"},"canonical":"https:\/\/www.rebostavilluis.com\/es\/comprar\/mascarilla-detox-la-chinata\/","og_locale":"es_ES","og_type":"article","og_title":"Mascarilla Detox La Chinata - El Rebost de l'Avi llu&iacute;s","og_description":"Mascarilla Detox La Chinata con carb\u00f3n activo \ud83c\udf3f. Purifica, hidrata y protege la piel para un rostro fresco, luminoso y saludable.","og_url":"https:\/\/www.rebostavilluis.com\/es\/comprar\/mascarilla-detox-la-chinata\/","og_site_name":"El Rebost de l'Avi llu&iacute;s","article_modified_time":"2026-02-17T16:24:15+00:00","og_image":[{"width":1546,"height":1600,"url":"https:\/\/www.rebostavilluis.com\/wp-content\/uploads\/2025\/07\/Mascarilla_Detox.jpg","type":"image\/jpeg"}],"twitter_card":"summary_large_image","twitter_misc":{"Tiempo de lectura":"1 minuto"},"schema":{"@context":"https:\/\/schema.org","@graph":[{"@type":"WebPage","@id":"https:\/\/www.rebostavilluis.com\/es\/comprar\/mascarilla-detox-la-chinata\/","url":"https:\/\/www.rebostavilluis.com\/es\/comprar\/mascarilla-detox-la-chinata\/","name":"Mascarilla Detox La Chinata - El Rebost de l'Avi llu&iacute;s","isPartOf":{"@id":"https:\/\/www.rebostavilluis.com\/es\/#website"},"primaryImageOfPage":{"@id":"https:\/\/www.rebostavilluis.com\/es\/comprar\/mascarilla-detox-la-chinata\/#primaryimage"},"image":{"@id":"https:\/\/www.rebostavilluis.com\/es\/comprar\/mascarilla-detox-la-chinata\/#primaryimage"},"thumbnailUrl":"https:\/\/www.rebostavilluis.com\/wp-content\/uploads\/2025\/07\/Mascarilla_Detox.jpg","datePublished":"2025-08-26T07:31:29+00:00","dateModified":"2026-02-17T16:24:15+00:00","description":"Mascarilla Detox La Chinata con carb\u00f3n activo \ud83c\udf3f. Purifica, hidrata y protege la piel para un rostro fresco, luminoso y saludable.","breadcrumb":{"@id":"https:\/\/www.rebostavilluis.com\/es\/comprar\/mascarilla-detox-la-chinata\/#breadcrumb"},"inLanguage":"es","potentialAction":[{"@type":"ReadAction","target":["https:\/\/www.rebostavilluis.com\/es\/comprar\/mascarilla-detox-la-chinata\/"]}]},{"@type":"ImageObject","inLanguage":"es","@id":"https:\/\/www.rebostavilluis.com\/es\/comprar\/mascarilla-detox-la-chinata\/#primaryimage","url":"https:\/\/www.rebostavilluis.com\/wp-content\/uploads\/2025\/07\/Mascarilla_Detox.jpg","contentUrl":"https:\/\/www.rebostavilluis.com\/wp-content\/uploads\/2025\/07\/Mascarilla_Detox.jpg","width":1546,"height":1600},{"@type":"BreadcrumbList","@id":"https:\/\/www.rebostavilluis.com\/es\/comprar\/mascarilla-detox-la-chinata\/#breadcrumb","itemListElement":[{"@type":"ListItem","position":1,"name":"Portada","item":"https:\/\/www.rebostavilluis.com\/es\/"},{"@type":"ListItem","position":2,"name":"Tienda","item":"https:\/\/www.rebostavilluis.com\/es\/tienda\/"},{"@type":"ListItem","position":3,"name":"Mascarilla Detox La Chinata"}]},{"@type":"WebSite","@id":"https:\/\/www.rebostavilluis.com\/es\/#website","url":"https:\/\/www.rebostavilluis.com\/es\/","name":"El Rebost de l'Avi llu&iacute;s","description":"Mel del Perell&oacute;","publisher":{"@id":"https:\/\/www.rebostavilluis.com\/es\/#organization"},"potentialAction":[{"@type":"SearchAction","target":{"@type":"EntryPoint","urlTemplate":"https:\/\/www.rebostavilluis.com\/es\/?s={search_term_string}"},"query-input":{"@type":"PropertyValueSpecification","valueRequired":true,"valueName":"search_term_string"}}],"inLanguage":"es"},{"@type":"Organization","@id":"https:\/\/www.rebostavilluis.com\/es\/#organization","name":"El Rebost de l'Avi llu&iacute;s","url":"https:\/\/www.rebostavilluis.com\/es\/","logo":{"@type":"ImageObject","inLanguage":"es","@id":"https:\/\/www.rebostavilluis.com\/es\/#\/schema\/logo\/image\/","url":"https:\/\/www.rebostavilluis.com\/wp-content\/uploads\/2021\/06\/logo.png","contentUrl":"https:\/\/www.rebostavilluis.com\/wp-content\/uploads\/2021\/06\/logo.png","width":273,"height":74,"caption":"El Rebost de l'Avi llu&iacute;s"},"image":{"@id":"https:\/\/www.rebostavilluis.com\/es\/#\/schema\/logo\/image\/"}}]}},"_links":{"self":[{"href":"https:\/\/www.rebostavilluis.com\/es\/wp-json\/wp\/v2\/product\/15713","targetHints":{"allow":["GET"]}}],"collection":[{"href":"https:\/\/www.rebostavilluis.com\/es\/wp-json\/wp\/v2\/product"}],"about":[{"href":"https:\/\/www.rebostavilluis.com\/es\/wp-json\/wp\/v2\/types\/product"}],"wp:featuredmedia":[{"embeddable":true,"href":"https:\/\/www.rebostavilluis.com\/es\/wp-json\/wp\/v2\/media\/15457"}],"wp:attachment":[{"href":"https:\/\/www.rebostavilluis.com\/es\/wp-json\/wp\/v2\/media?parent=15713"}],"wp:term":[{"taxonomy":"product_brand","embeddable":true,"href":"https:\/\/www.rebostavilluis.com\/es\/wp-json\/wp\/v2\/product_brand?post=15713"},{"taxonomy":"product_cat","embeddable":true,"href":"https:\/\/www.rebostavilluis.com\/es\/wp-json\/wp\/v2\/product_cat?post=15713"},{"taxonomy":"product_tag","embeddable":true,"href":"https:\/\/www.rebostavilluis.com\/es\/wp-json\/wp\/v2\/product_tag?post=15713"}],"curies":[{"name":"wp","href":"https:\/\/api.w.org\/{rel}","templated":true}]}}