{"id":15717,"date":"2025-07-28T15:01:01","date_gmt":"2025-07-28T13:01:01","guid":{"rendered":"https:\/\/www.rebostavilluis.com\/?post_type=product&#038;p=15717"},"modified":"2025-08-26T09:47:50","modified_gmt":"2025-08-26T07:47:50","slug":"aceitunas-manzanilla-de-la-masrojana-205-g","status":"publish","type":"product","link":"https:\/\/www.rebostavilluis.com\/es\/comprar\/aceitunas-manzanilla-de-la-masrojana-205-g\/","title":{"rendered":"Aceitunas Manzanilla de La Masrojana (205 g)"},"content":{"rendered":"<p data-start=\"1234\" data-end=\"1531\">Las <strong data-start=\"1238\" data-end=\"1286\">Aceitunas Manzanilla de La Masrojana (205 g)<\/strong> son un producto de m\u00e1xima calidad, elaborado de forma tradicional en las Tierras del Ebro. Reconocidas por su <strong data-start=\"1397\" data-end=\"1433\">sabor suave y ligeramente salado<\/strong>, destacan por su textura firme y carnosa que las convierte en un aut\u00e9ntico placer gastron\u00f3mico.<\/p>\n<p data-start=\"1533\" data-end=\"1879\">Perfectas para disfrutar como un <strong data-start=\"1566\" data-end=\"1589\">aperitivo saludable<\/strong>, para acompa\u00f1ar platos mediterr\u00e1neos o para dar un toque especial a <strong data-start=\"1658\" data-end=\"1696\">ensaladas, tapas y recetas gourmet<\/strong>. La Masrojana, con a\u00f1os de experiencia en la elaboraci\u00f3n de aceitunas y productos del olivo, garantiza un producto natural y de proximidad con todo el sabor aut\u00e9ntico de la tierra.<\/p>\n<p data-start=\"1881\" data-end=\"2017\">Un imprescindible para los amantes de las aceitunas y de la cocina mediterr\u00e1nea, que buscan tradici\u00f3n, calidad y sabor en cada bocado.<\/p>\n","protected":false},"excerpt":{"rendered":"<p>Las Aceitunas Manzanilla de La Masrojana (205 g) son un producto de m\u00e1xima calidad, elaborado de forma tradicional en las Tierras del Ebro. Reconocidas por su sabor suave y ligeramente salado, destacan por su textura firme y carnosa que las &#8230; <a title=\"Aceitunas Manzanilla de La Masrojana (205 g)\" class=\"read-more\" href=\"https:\/\/www.rebostavilluis.com\/es\/comprar\/aceitunas-manzanilla-de-la-masrojana-205-g\/\" aria-label=\"Leer m\u00e1s sobre Aceitunas Manzanilla de La Masrojana (205 g)\">Leer m\u00e1s<\/a><\/p>\n","protected":false},"featured_media":15531,"template":"","meta":{"_joinchat":[]},"product_brand":[],"product_cat":[97],"product_tag":[],"class_list":{"0":"post-15717","1":"product","2":"type-product","3":"status-publish","4":"has-post-thumbnail","6":"product_cat-aceitunas","7":"infinite-scroll-item","8":"sales-flash-overlay","9":"woocommerce-text-align-center","10":"woocommerce-image-align-center","11":"do-quantity-buttons","13":"first","14":"instock","15":"shipping-taxable","16":"purchasable","17":"product-type-simple"},"yoast_head":"<!-- This site is optimized with the Yoast SEO plugin v27.3 - https:\/\/yoast.com\/product\/yoast-seo-wordpress\/ -->\n<title>Aceitunas Manzanilla de La Masrojana (205 g) - El Rebost de l&#039;Avi llu&iacute;s<\/title>\n<meta name=\"description\" content=\"Aceitunas Manzanilla La Masrojana \ud83c\udf3f. Textura firme y sabor suave, ideales para aperitivos, tapas y platos mediterr\u00e1neos con tradici\u00f3n.\" \/>\n<meta name=\"robots\" content=\"index, follow, max-snippet:-1, max-image-preview:large, max-video-preview:-1\" \/>\n<link rel=\"canonical\" href=\"https:\/\/www.rebostavilluis.com\/es\/comprar\/aceitunas-manzanilla-de-la-masrojana-205-g\/\" \/>\n<meta property=\"og:locale\" content=\"es_ES\" \/>\n<meta property=\"og:type\" content=\"article\" \/>\n<meta property=\"og:title\" content=\"Aceitunas Manzanilla de La Masrojana (205 g) - El Rebost de l&#039;Avi llu&iacute;s\" \/>\n<meta property=\"og:description\" content=\"Aceitunas Manzanilla La Masrojana \ud83c\udf3f. Textura firme y sabor suave, ideales para aperitivos, tapas y platos mediterr\u00e1neos con tradici\u00f3n.\" \/>\n<meta property=\"og:url\" content=\"https:\/\/www.rebostavilluis.com\/es\/comprar\/aceitunas-manzanilla-de-la-masrojana-205-g\/\" \/>\n<meta property=\"og:site_name\" content=\"El Rebost de l&#039;Avi llu&iacute;s\" \/>\n<meta property=\"article:modified_time\" content=\"2025-08-26T07:47:50+00:00\" \/>\n<meta property=\"og:image\" content=\"https:\/\/www.rebostavilluis.com\/wp-content\/uploads\/2025\/07\/olives-arbequines.png\" \/>\n\t<meta property=\"og:image:width\" content=\"700\" \/>\n\t<meta property=\"og:image:height\" content=\"700\" \/>\n\t<meta property=\"og:image:type\" content=\"image\/png\" \/>\n<meta name=\"twitter:card\" content=\"summary_large_image\" \/>\n<meta name=\"twitter:label1\" content=\"Tiempo de lectura\" \/>\n\t<meta name=\"twitter:data1\" content=\"1 minuto\" \/>\n<script type=\"application\/ld+json\" class=\"yoast-schema-graph\">{\"@context\":\"https:\\\/\\\/schema.org\",\"@graph\":[{\"@type\":\"WebPage\",\"@id\":\"https:\\\/\\\/www.rebostavilluis.com\\\/es\\\/comprar\\\/aceitunas-manzanilla-de-la-masrojana-205-g\\\/\",\"url\":\"https:\\\/\\\/www.rebostavilluis.com\\\/es\\\/comprar\\\/aceitunas-manzanilla-de-la-masrojana-205-g\\\/\",\"name\":\"Aceitunas Manzanilla de La Masrojana (205 g) - El Rebost de l'Avi llu&iacute;s\",\"isPartOf\":{\"@id\":\"https:\\\/\\\/www.rebostavilluis.com\\\/es\\\/#website\"},\"primaryImageOfPage\":{\"@id\":\"https:\\\/\\\/www.rebostavilluis.com\\\/es\\\/comprar\\\/aceitunas-manzanilla-de-la-masrojana-205-g\\\/#primaryimage\"},\"image\":{\"@id\":\"https:\\\/\\\/www.rebostavilluis.com\\\/es\\\/comprar\\\/aceitunas-manzanilla-de-la-masrojana-205-g\\\/#primaryimage\"},\"thumbnailUrl\":\"https:\\\/\\\/www.rebostavilluis.com\\\/wp-content\\\/uploads\\\/2025\\\/07\\\/olives-arbequines.png\",\"datePublished\":\"2025-07-28T13:01:01+00:00\",\"dateModified\":\"2025-08-26T07:47:50+00:00\",\"description\":\"Aceitunas Manzanilla La Masrojana \ud83c\udf3f. Textura firme y sabor suave, ideales para aperitivos, tapas y platos mediterr\u00e1neos con tradici\u00f3n.\",\"breadcrumb\":{\"@id\":\"https:\\\/\\\/www.rebostavilluis.com\\\/es\\\/comprar\\\/aceitunas-manzanilla-de-la-masrojana-205-g\\\/#breadcrumb\"},\"inLanguage\":\"es\",\"potentialAction\":[{\"@type\":\"ReadAction\",\"target\":[\"https:\\\/\\\/www.rebostavilluis.com\\\/es\\\/comprar\\\/aceitunas-manzanilla-de-la-masrojana-205-g\\\/\"]}]},{\"@type\":\"ImageObject\",\"inLanguage\":\"es\",\"@id\":\"https:\\\/\\\/www.rebostavilluis.com\\\/es\\\/comprar\\\/aceitunas-manzanilla-de-la-masrojana-205-g\\\/#primaryimage\",\"url\":\"https:\\\/\\\/www.rebostavilluis.com\\\/wp-content\\\/uploads\\\/2025\\\/07\\\/olives-arbequines.png\",\"contentUrl\":\"https:\\\/\\\/www.rebostavilluis.com\\\/wp-content\\\/uploads\\\/2025\\\/07\\\/olives-arbequines.png\",\"width\":700,\"height\":700},{\"@type\":\"BreadcrumbList\",\"@id\":\"https:\\\/\\\/www.rebostavilluis.com\\\/es\\\/comprar\\\/aceitunas-manzanilla-de-la-masrojana-205-g\\\/#breadcrumb\",\"itemListElement\":[{\"@type\":\"ListItem\",\"position\":1,\"name\":\"Portada\",\"item\":\"https:\\\/\\\/www.rebostavilluis.com\\\/es\\\/\"},{\"@type\":\"ListItem\",\"position\":2,\"name\":\"Tienda\",\"item\":\"https:\\\/\\\/www.rebostavilluis.com\\\/es\\\/tienda\\\/\"},{\"@type\":\"ListItem\",\"position\":3,\"name\":\"Aceitunas Manzanilla de La Masrojana (205 g)\"}]},{\"@type\":\"WebSite\",\"@id\":\"https:\\\/\\\/www.rebostavilluis.com\\\/es\\\/#website\",\"url\":\"https:\\\/\\\/www.rebostavilluis.com\\\/es\\\/\",\"name\":\"El Rebost de l'Avi llu&iacute;s\",\"description\":\"Mel del Perell&oacute;\",\"publisher\":{\"@id\":\"https:\\\/\\\/www.rebostavilluis.com\\\/es\\\/#organization\"},\"potentialAction\":[{\"@type\":\"SearchAction\",\"target\":{\"@type\":\"EntryPoint\",\"urlTemplate\":\"https:\\\/\\\/www.rebostavilluis.com\\\/es\\\/?s={search_term_string}\"},\"query-input\":{\"@type\":\"PropertyValueSpecification\",\"valueRequired\":true,\"valueName\":\"search_term_string\"}}],\"inLanguage\":\"es\"},{\"@type\":\"Organization\",\"@id\":\"https:\\\/\\\/www.rebostavilluis.com\\\/es\\\/#organization\",\"name\":\"El Rebost de l'Avi llu&iacute;s\",\"url\":\"https:\\\/\\\/www.rebostavilluis.com\\\/es\\\/\",\"logo\":{\"@type\":\"ImageObject\",\"inLanguage\":\"es\",\"@id\":\"https:\\\/\\\/www.rebostavilluis.com\\\/es\\\/#\\\/schema\\\/logo\\\/image\\\/\",\"url\":\"https:\\\/\\\/www.rebostavilluis.com\\\/wp-content\\\/uploads\\\/2021\\\/06\\\/logo.png\",\"contentUrl\":\"https:\\\/\\\/www.rebostavilluis.com\\\/wp-content\\\/uploads\\\/2021\\\/06\\\/logo.png\",\"width\":273,\"height\":74,\"caption\":\"El Rebost de l'Avi llu&iacute;s\"},\"image\":{\"@id\":\"https:\\\/\\\/www.rebostavilluis.com\\\/es\\\/#\\\/schema\\\/logo\\\/image\\\/\"}}]}<\/script>\n<!-- \/ Yoast SEO plugin. -->","yoast_head_json":{"title":"Aceitunas Manzanilla de La Masrojana (205 g) - El Rebost de l'Avi llu&iacute;s","description":"Aceitunas Manzanilla La Masrojana \ud83c\udf3f. Textura firme y sabor suave, ideales para aperitivos, tapas y platos mediterr\u00e1neos con tradici\u00f3n.","robots":{"index":"index","follow":"follow","max-snippet":"max-snippet:-1","max-image-preview":"max-image-preview:large","max-video-preview":"max-video-preview:-1"},"canonical":"https:\/\/www.rebostavilluis.com\/es\/comprar\/aceitunas-manzanilla-de-la-masrojana-205-g\/","og_locale":"es_ES","og_type":"article","og_title":"Aceitunas Manzanilla de La Masrojana (205 g) - El Rebost de l'Avi llu&iacute;s","og_description":"Aceitunas Manzanilla La Masrojana \ud83c\udf3f. Textura firme y sabor suave, ideales para aperitivos, tapas y platos mediterr\u00e1neos con tradici\u00f3n.","og_url":"https:\/\/www.rebostavilluis.com\/es\/comprar\/aceitunas-manzanilla-de-la-masrojana-205-g\/","og_site_name":"El Rebost de l'Avi llu&iacute;s","article_modified_time":"2025-08-26T07:47:50+00:00","og_image":[{"width":700,"height":700,"url":"https:\/\/www.rebostavilluis.com\/wp-content\/uploads\/2025\/07\/olives-arbequines.png","type":"image\/png"}],"twitter_card":"summary_large_image","twitter_misc":{"Tiempo de lectura":"1 minuto"},"schema":{"@context":"https:\/\/schema.org","@graph":[{"@type":"WebPage","@id":"https:\/\/www.rebostavilluis.com\/es\/comprar\/aceitunas-manzanilla-de-la-masrojana-205-g\/","url":"https:\/\/www.rebostavilluis.com\/es\/comprar\/aceitunas-manzanilla-de-la-masrojana-205-g\/","name":"Aceitunas Manzanilla de La Masrojana (205 g) - El Rebost de l'Avi llu&iacute;s","isPartOf":{"@id":"https:\/\/www.rebostavilluis.com\/es\/#website"},"primaryImageOfPage":{"@id":"https:\/\/www.rebostavilluis.com\/es\/comprar\/aceitunas-manzanilla-de-la-masrojana-205-g\/#primaryimage"},"image":{"@id":"https:\/\/www.rebostavilluis.com\/es\/comprar\/aceitunas-manzanilla-de-la-masrojana-205-g\/#primaryimage"},"thumbnailUrl":"https:\/\/www.rebostavilluis.com\/wp-content\/uploads\/2025\/07\/olives-arbequines.png","datePublished":"2025-07-28T13:01:01+00:00","dateModified":"2025-08-26T07:47:50+00:00","description":"Aceitunas Manzanilla La Masrojana \ud83c\udf3f. Textura firme y sabor suave, ideales para aperitivos, tapas y platos mediterr\u00e1neos con tradici\u00f3n.","breadcrumb":{"@id":"https:\/\/www.rebostavilluis.com\/es\/comprar\/aceitunas-manzanilla-de-la-masrojana-205-g\/#breadcrumb"},"inLanguage":"es","potentialAction":[{"@type":"ReadAction","target":["https:\/\/www.rebostavilluis.com\/es\/comprar\/aceitunas-manzanilla-de-la-masrojana-205-g\/"]}]},{"@type":"ImageObject","inLanguage":"es","@id":"https:\/\/www.rebostavilluis.com\/es\/comprar\/aceitunas-manzanilla-de-la-masrojana-205-g\/#primaryimage","url":"https:\/\/www.rebostavilluis.com\/wp-content\/uploads\/2025\/07\/olives-arbequines.png","contentUrl":"https:\/\/www.rebostavilluis.com\/wp-content\/uploads\/2025\/07\/olives-arbequines.png","width":700,"height":700},{"@type":"BreadcrumbList","@id":"https:\/\/www.rebostavilluis.com\/es\/comprar\/aceitunas-manzanilla-de-la-masrojana-205-g\/#breadcrumb","itemListElement":[{"@type":"ListItem","position":1,"name":"Portada","item":"https:\/\/www.rebostavilluis.com\/es\/"},{"@type":"ListItem","position":2,"name":"Tienda","item":"https:\/\/www.rebostavilluis.com\/es\/tienda\/"},{"@type":"ListItem","position":3,"name":"Aceitunas Manzanilla de La Masrojana (205 g)"}]},{"@type":"WebSite","@id":"https:\/\/www.rebostavilluis.com\/es\/#website","url":"https:\/\/www.rebostavilluis.com\/es\/","name":"El Rebost de l'Avi llu&iacute;s","description":"Mel del Perell&oacute;","publisher":{"@id":"https:\/\/www.rebostavilluis.com\/es\/#organization"},"potentialAction":[{"@type":"SearchAction","target":{"@type":"EntryPoint","urlTemplate":"https:\/\/www.rebostavilluis.com\/es\/?s={search_term_string}"},"query-input":{"@type":"PropertyValueSpecification","valueRequired":true,"valueName":"search_term_string"}}],"inLanguage":"es"},{"@type":"Organization","@id":"https:\/\/www.rebostavilluis.com\/es\/#organization","name":"El Rebost de l'Avi llu&iacute;s","url":"https:\/\/www.rebostavilluis.com\/es\/","logo":{"@type":"ImageObject","inLanguage":"es","@id":"https:\/\/www.rebostavilluis.com\/es\/#\/schema\/logo\/image\/","url":"https:\/\/www.rebostavilluis.com\/wp-content\/uploads\/2021\/06\/logo.png","contentUrl":"https:\/\/www.rebostavilluis.com\/wp-content\/uploads\/2021\/06\/logo.png","width":273,"height":74,"caption":"El Rebost de l'Avi llu&iacute;s"},"image":{"@id":"https:\/\/www.rebostavilluis.com\/es\/#\/schema\/logo\/image\/"}}]}},"_links":{"self":[{"href":"https:\/\/www.rebostavilluis.com\/es\/wp-json\/wp\/v2\/product\/15717","targetHints":{"allow":["GET"]}}],"collection":[{"href":"https:\/\/www.rebostavilluis.com\/es\/wp-json\/wp\/v2\/product"}],"about":[{"href":"https:\/\/www.rebostavilluis.com\/es\/wp-json\/wp\/v2\/types\/product"}],"wp:featuredmedia":[{"embeddable":true,"href":"https:\/\/www.rebostavilluis.com\/es\/wp-json\/wp\/v2\/media\/15531"}],"wp:attachment":[{"href":"https:\/\/www.rebostavilluis.com\/es\/wp-json\/wp\/v2\/media?parent=15717"}],"wp:term":[{"taxonomy":"product_brand","embeddable":true,"href":"https:\/\/www.rebostavilluis.com\/es\/wp-json\/wp\/v2\/product_brand?post=15717"},{"taxonomy":"product_cat","embeddable":true,"href":"https:\/\/www.rebostavilluis.com\/es\/wp-json\/wp\/v2\/product_cat?post=15717"},{"taxonomy":"product_tag","embeddable":true,"href":"https:\/\/www.rebostavilluis.com\/es\/wp-json\/wp\/v2\/product_tag?post=15717"}],"curies":[{"name":"wp","href":"https:\/\/api.w.org\/{rel}","templated":true}]}}