{"id":17104,"date":"2026-02-03T09:09:08","date_gmt":"2026-02-03T08:09:08","guid":{"rendered":"https:\/\/www.rebostavilluis.com\/?post_type=product&#038;p=17104"},"modified":"2026-02-17T17:09:44","modified_gmt":"2026-02-17T16:09:44","slug":"jabon-de-higiene-intima-miel-aloe-vera-calendula","status":"publish","type":"product","link":"https:\/\/www.rebostavilluis.com\/es\/comprar\/jabon-de-higiene-intima-miel-aloe-vera-calendula\/","title":{"rendered":"Jab\u00f3n de Higiene \u00cdntima Miel + Aloe Vera + Cal\u00e9ndula"},"content":{"rendered":"<p data-start=\"826\" data-end=\"1187\">El <em data-start=\"848\" data-end=\"905\">Jab\u00f3n de Higiene \u00cdntima con Miel, Aloe Vera y Cal\u00e9ndula<\/em> est\u00e1 formulado para el cuidado diario de la zona \u00edntima. Combina ingredientes conocidos por su efecto hidratante y calmante, ayudando a mantener una sensaci\u00f3n de confort y frescura. Su textura suave lo hace adecuado para un uso regular, respetando el equilibrio natural de la piel.<\/p>\n<p data-start=\"1189\" data-end=\"1307\">\n","protected":false},"excerpt":{"rendered":"<ul>\n<li>\n<p id=\"tw-target-text\" class=\"tw-data-text tw-text-large tw-ta\" dir=\"ltr\" tabindex=\"-1\" role=\"text\" data-placeholder=\"Traducci\u00f3n\" aria-label=\"Texto traducido: Combina ingredientes conocidos por su efecto hidratante y calmante, ayudando a mantener la sensaci\u00f3n de confort y frescura.\nSu textura suave lo hace adecuado para su uso regular, respetando el equilibrio natural de la piel.\" data-ved=\"2ahUKEwiqpOHZteCSAxVMVaQEHaGrA44Q3ewLegQIDBAW\"><span class=\"Y2IQFc\" lang=\"es\">Combina ingredientes conocidos por su efecto hidratante y calmant<\/span><\/p>\n<\/li>\n<li>\n<p id=\"tw-target-text\" class=\"tw-data-text tw-text-large tw-ta\" dir=\"ltr\" tabindex=\"-1\" role=\"text\" data-placeholder=\"Traducci\u00f3n\" aria-label=\"Texto traducido: Combina ingredientes conocidos por su efecto hidratante y calmante, ayudando a mantener la sensaci\u00f3n de confort y frescura.\nSu textura suave lo hace adecuado para su uso regular, respetando el equilibrio natural de la piel.\" data-ved=\"2ahUKEwiqpOHZteCSAxVMVaQEHaGrA44Q3ewLegQIDBAW\"><span class=\"Y2IQFc\" lang=\"es\">Ayudando a mantener la sensaci\u00f3n de confort y frescura. <\/span><\/p>\n<\/li>\n<li>\n<p id=\"tw-target-text\" class=\"tw-data-text tw-text-large tw-ta\" dir=\"ltr\" tabindex=\"-1\" role=\"text\" data-placeholder=\"Traducci\u00f3n\" aria-label=\"Texto traducido: Combina ingredientes conocidos por su efecto hidratante y calmante, ayudando a mantener la sensaci\u00f3n de confort y frescura.\nSu textura suave lo hace adecuado para su uso regular, respetando el equilibrio natural de la piel.\" data-ved=\"2ahUKEwiqpOHZteCSAxVMVaQEHaGrA44Q3ewLegQIDBAW\"><span class=\"Y2IQFc\" lang=\"es\">Su textura suave lo hace adecuado para su uso regular, respetando el equilibrio natural de la piel.<\/span><\/p>\n<\/li>\n<\/ul>\n","protected":false},"featured_media":17101,"template":"","meta":{"_joinchat":[]},"product_brand":[],"product_cat":[74,73],"product_tag":[],"class_list":{"0":"post-17104","1":"product","2":"type-product","3":"status-publish","4":"has-post-thumbnail","6":"product_cat-cosmetica-corporal-es","7":"product_cat-cosmeticos","8":"infinite-scroll-item","9":"sales-flash-overlay","10":"woocommerce-text-align-center","11":"woocommerce-image-align-center","12":"do-quantity-buttons","14":"first","15":"instock","16":"shipping-taxable","17":"purchasable","18":"product-type-simple"},"yoast_head":"<!-- This site is optimized with the Yoast SEO plugin v27.3 - https:\/\/yoast.com\/product\/yoast-seo-wordpress\/ -->\n<title>Jab\u00f3n de Higiene \u00cdntima Miel + Aloe Vera + Cal\u00e9ndula - El Rebost de l&#039;Avi llu&iacute;s<\/title>\n<meta name=\"description\" content=\"Jab\u00f3n de higiene \u00edntima con miel, aloe vera y cal\u00e9ndula. Cuidado suave y frescor diario.\" \/>\n<meta name=\"robots\" content=\"index, follow, max-snippet:-1, max-image-preview:large, max-video-preview:-1\" \/>\n<link rel=\"canonical\" href=\"https:\/\/www.rebostavilluis.com\/es\/comprar\/jabon-de-higiene-intima-miel-aloe-vera-calendula\/\" \/>\n<meta property=\"og:locale\" content=\"es_ES\" \/>\n<meta property=\"og:type\" content=\"article\" \/>\n<meta property=\"og:title\" content=\"Jab\u00f3n de Higiene \u00cdntima Miel + Aloe Vera + Cal\u00e9ndula - El Rebost de l&#039;Avi llu&iacute;s\" \/>\n<meta property=\"og:description\" content=\"Jab\u00f3n de higiene \u00edntima con miel, aloe vera y cal\u00e9ndula. Cuidado suave y frescor diario.\" \/>\n<meta property=\"og:url\" content=\"https:\/\/www.rebostavilluis.com\/es\/comprar\/jabon-de-higiene-intima-miel-aloe-vera-calendula\/\" \/>\n<meta property=\"og:site_name\" content=\"El Rebost de l&#039;Avi llu&iacute;s\" \/>\n<meta property=\"article:modified_time\" content=\"2026-02-17T16:09:44+00:00\" \/>\n<meta property=\"og:image\" content=\"https:\/\/www.rebostavilluis.com\/wp-content\/uploads\/2026\/02\/jabon-de-higiene-intima-con-miel-calendula-y-aloe-vera-85g.jpg\" \/>\n\t<meta property=\"og:image:width\" content=\"700\" \/>\n\t<meta property=\"og:image:height\" content=\"700\" \/>\n\t<meta property=\"og:image:type\" content=\"image\/jpeg\" \/>\n<meta name=\"twitter:card\" content=\"summary_large_image\" \/>\n<meta name=\"twitter:label1\" content=\"Tiempo de lectura\" \/>\n\t<meta name=\"twitter:data1\" content=\"1 minuto\" \/>\n<script type=\"application\/ld+json\" class=\"yoast-schema-graph\">{\"@context\":\"https:\\\/\\\/schema.org\",\"@graph\":[{\"@type\":\"WebPage\",\"@id\":\"https:\\\/\\\/www.rebostavilluis.com\\\/es\\\/comprar\\\/jabon-de-higiene-intima-miel-aloe-vera-calendula\\\/\",\"url\":\"https:\\\/\\\/www.rebostavilluis.com\\\/es\\\/comprar\\\/jabon-de-higiene-intima-miel-aloe-vera-calendula\\\/\",\"name\":\"Jab\u00f3n de Higiene \u00cdntima Miel + Aloe Vera + Cal\u00e9ndula - El Rebost de l'Avi llu&iacute;s\",\"isPartOf\":{\"@id\":\"https:\\\/\\\/www.rebostavilluis.com\\\/es\\\/#website\"},\"primaryImageOfPage\":{\"@id\":\"https:\\\/\\\/www.rebostavilluis.com\\\/es\\\/comprar\\\/jabon-de-higiene-intima-miel-aloe-vera-calendula\\\/#primaryimage\"},\"image\":{\"@id\":\"https:\\\/\\\/www.rebostavilluis.com\\\/es\\\/comprar\\\/jabon-de-higiene-intima-miel-aloe-vera-calendula\\\/#primaryimage\"},\"thumbnailUrl\":\"https:\\\/\\\/www.rebostavilluis.com\\\/wp-content\\\/uploads\\\/2026\\\/02\\\/jabon-de-higiene-intima-con-miel-calendula-y-aloe-vera-85g.jpg\",\"datePublished\":\"2026-02-03T08:09:08+00:00\",\"dateModified\":\"2026-02-17T16:09:44+00:00\",\"description\":\"Jab\u00f3n de higiene \u00edntima con miel, aloe vera y cal\u00e9ndula. Cuidado suave y frescor diario.\",\"breadcrumb\":{\"@id\":\"https:\\\/\\\/www.rebostavilluis.com\\\/es\\\/comprar\\\/jabon-de-higiene-intima-miel-aloe-vera-calendula\\\/#breadcrumb\"},\"inLanguage\":\"es\",\"potentialAction\":[{\"@type\":\"ReadAction\",\"target\":[\"https:\\\/\\\/www.rebostavilluis.com\\\/es\\\/comprar\\\/jabon-de-higiene-intima-miel-aloe-vera-calendula\\\/\"]}]},{\"@type\":\"ImageObject\",\"inLanguage\":\"es\",\"@id\":\"https:\\\/\\\/www.rebostavilluis.com\\\/es\\\/comprar\\\/jabon-de-higiene-intima-miel-aloe-vera-calendula\\\/#primaryimage\",\"url\":\"https:\\\/\\\/www.rebostavilluis.com\\\/wp-content\\\/uploads\\\/2026\\\/02\\\/jabon-de-higiene-intima-con-miel-calendula-y-aloe-vera-85g.jpg\",\"contentUrl\":\"https:\\\/\\\/www.rebostavilluis.com\\\/wp-content\\\/uploads\\\/2026\\\/02\\\/jabon-de-higiene-intima-con-miel-calendula-y-aloe-vera-85g.jpg\",\"width\":700,\"height\":700},{\"@type\":\"BreadcrumbList\",\"@id\":\"https:\\\/\\\/www.rebostavilluis.com\\\/es\\\/comprar\\\/jabon-de-higiene-intima-miel-aloe-vera-calendula\\\/#breadcrumb\",\"itemListElement\":[{\"@type\":\"ListItem\",\"position\":1,\"name\":\"Portada\",\"item\":\"https:\\\/\\\/www.rebostavilluis.com\\\/es\\\/\"},{\"@type\":\"ListItem\",\"position\":2,\"name\":\"Tienda\",\"item\":\"https:\\\/\\\/www.rebostavilluis.com\\\/es\\\/tienda\\\/\"},{\"@type\":\"ListItem\",\"position\":3,\"name\":\"Jab\u00f3n de Higiene \u00cdntima Miel + Aloe Vera + Cal\u00e9ndula\"}]},{\"@type\":\"WebSite\",\"@id\":\"https:\\\/\\\/www.rebostavilluis.com\\\/es\\\/#website\",\"url\":\"https:\\\/\\\/www.rebostavilluis.com\\\/es\\\/\",\"name\":\"El Rebost de l'Avi llu&iacute;s\",\"description\":\"Mel del Perell&oacute;\",\"publisher\":{\"@id\":\"https:\\\/\\\/www.rebostavilluis.com\\\/es\\\/#organization\"},\"potentialAction\":[{\"@type\":\"SearchAction\",\"target\":{\"@type\":\"EntryPoint\",\"urlTemplate\":\"https:\\\/\\\/www.rebostavilluis.com\\\/es\\\/?s={search_term_string}\"},\"query-input\":{\"@type\":\"PropertyValueSpecification\",\"valueRequired\":true,\"valueName\":\"search_term_string\"}}],\"inLanguage\":\"es\"},{\"@type\":\"Organization\",\"@id\":\"https:\\\/\\\/www.rebostavilluis.com\\\/es\\\/#organization\",\"name\":\"El Rebost de l'Avi llu&iacute;s\",\"url\":\"https:\\\/\\\/www.rebostavilluis.com\\\/es\\\/\",\"logo\":{\"@type\":\"ImageObject\",\"inLanguage\":\"es\",\"@id\":\"https:\\\/\\\/www.rebostavilluis.com\\\/es\\\/#\\\/schema\\\/logo\\\/image\\\/\",\"url\":\"https:\\\/\\\/www.rebostavilluis.com\\\/wp-content\\\/uploads\\\/2021\\\/06\\\/logo.png\",\"contentUrl\":\"https:\\\/\\\/www.rebostavilluis.com\\\/wp-content\\\/uploads\\\/2021\\\/06\\\/logo.png\",\"width\":273,\"height\":74,\"caption\":\"El Rebost de l'Avi llu&iacute;s\"},\"image\":{\"@id\":\"https:\\\/\\\/www.rebostavilluis.com\\\/es\\\/#\\\/schema\\\/logo\\\/image\\\/\"}}]}<\/script>\n<!-- \/ Yoast SEO plugin. -->","yoast_head_json":{"title":"Jab\u00f3n de Higiene \u00cdntima Miel + Aloe Vera + Cal\u00e9ndula - El Rebost de l'Avi llu&iacute;s","description":"Jab\u00f3n de higiene \u00edntima con miel, aloe vera y cal\u00e9ndula. Cuidado suave y frescor diario.","robots":{"index":"index","follow":"follow","max-snippet":"max-snippet:-1","max-image-preview":"max-image-preview:large","max-video-preview":"max-video-preview:-1"},"canonical":"https:\/\/www.rebostavilluis.com\/es\/comprar\/jabon-de-higiene-intima-miel-aloe-vera-calendula\/","og_locale":"es_ES","og_type":"article","og_title":"Jab\u00f3n de Higiene \u00cdntima Miel + Aloe Vera + Cal\u00e9ndula - El Rebost de l'Avi llu&iacute;s","og_description":"Jab\u00f3n de higiene \u00edntima con miel, aloe vera y cal\u00e9ndula. Cuidado suave y frescor diario.","og_url":"https:\/\/www.rebostavilluis.com\/es\/comprar\/jabon-de-higiene-intima-miel-aloe-vera-calendula\/","og_site_name":"El Rebost de l'Avi llu&iacute;s","article_modified_time":"2026-02-17T16:09:44+00:00","og_image":[{"width":700,"height":700,"url":"https:\/\/www.rebostavilluis.com\/wp-content\/uploads\/2026\/02\/jabon-de-higiene-intima-con-miel-calendula-y-aloe-vera-85g.jpg","type":"image\/jpeg"}],"twitter_card":"summary_large_image","twitter_misc":{"Tiempo de lectura":"1 minuto"},"schema":{"@context":"https:\/\/schema.org","@graph":[{"@type":"WebPage","@id":"https:\/\/www.rebostavilluis.com\/es\/comprar\/jabon-de-higiene-intima-miel-aloe-vera-calendula\/","url":"https:\/\/www.rebostavilluis.com\/es\/comprar\/jabon-de-higiene-intima-miel-aloe-vera-calendula\/","name":"Jab\u00f3n de Higiene \u00cdntima Miel + Aloe Vera + Cal\u00e9ndula - El Rebost de l'Avi llu&iacute;s","isPartOf":{"@id":"https:\/\/www.rebostavilluis.com\/es\/#website"},"primaryImageOfPage":{"@id":"https:\/\/www.rebostavilluis.com\/es\/comprar\/jabon-de-higiene-intima-miel-aloe-vera-calendula\/#primaryimage"},"image":{"@id":"https:\/\/www.rebostavilluis.com\/es\/comprar\/jabon-de-higiene-intima-miel-aloe-vera-calendula\/#primaryimage"},"thumbnailUrl":"https:\/\/www.rebostavilluis.com\/wp-content\/uploads\/2026\/02\/jabon-de-higiene-intima-con-miel-calendula-y-aloe-vera-85g.jpg","datePublished":"2026-02-03T08:09:08+00:00","dateModified":"2026-02-17T16:09:44+00:00","description":"Jab\u00f3n de higiene \u00edntima con miel, aloe vera y cal\u00e9ndula. Cuidado suave y frescor diario.","breadcrumb":{"@id":"https:\/\/www.rebostavilluis.com\/es\/comprar\/jabon-de-higiene-intima-miel-aloe-vera-calendula\/#breadcrumb"},"inLanguage":"es","potentialAction":[{"@type":"ReadAction","target":["https:\/\/www.rebostavilluis.com\/es\/comprar\/jabon-de-higiene-intima-miel-aloe-vera-calendula\/"]}]},{"@type":"ImageObject","inLanguage":"es","@id":"https:\/\/www.rebostavilluis.com\/es\/comprar\/jabon-de-higiene-intima-miel-aloe-vera-calendula\/#primaryimage","url":"https:\/\/www.rebostavilluis.com\/wp-content\/uploads\/2026\/02\/jabon-de-higiene-intima-con-miel-calendula-y-aloe-vera-85g.jpg","contentUrl":"https:\/\/www.rebostavilluis.com\/wp-content\/uploads\/2026\/02\/jabon-de-higiene-intima-con-miel-calendula-y-aloe-vera-85g.jpg","width":700,"height":700},{"@type":"BreadcrumbList","@id":"https:\/\/www.rebostavilluis.com\/es\/comprar\/jabon-de-higiene-intima-miel-aloe-vera-calendula\/#breadcrumb","itemListElement":[{"@type":"ListItem","position":1,"name":"Portada","item":"https:\/\/www.rebostavilluis.com\/es\/"},{"@type":"ListItem","position":2,"name":"Tienda","item":"https:\/\/www.rebostavilluis.com\/es\/tienda\/"},{"@type":"ListItem","position":3,"name":"Jab\u00f3n de Higiene \u00cdntima Miel + Aloe Vera + Cal\u00e9ndula"}]},{"@type":"WebSite","@id":"https:\/\/www.rebostavilluis.com\/es\/#website","url":"https:\/\/www.rebostavilluis.com\/es\/","name":"El Rebost de l'Avi llu&iacute;s","description":"Mel del Perell&oacute;","publisher":{"@id":"https:\/\/www.rebostavilluis.com\/es\/#organization"},"potentialAction":[{"@type":"SearchAction","target":{"@type":"EntryPoint","urlTemplate":"https:\/\/www.rebostavilluis.com\/es\/?s={search_term_string}"},"query-input":{"@type":"PropertyValueSpecification","valueRequired":true,"valueName":"search_term_string"}}],"inLanguage":"es"},{"@type":"Organization","@id":"https:\/\/www.rebostavilluis.com\/es\/#organization","name":"El Rebost de l'Avi llu&iacute;s","url":"https:\/\/www.rebostavilluis.com\/es\/","logo":{"@type":"ImageObject","inLanguage":"es","@id":"https:\/\/www.rebostavilluis.com\/es\/#\/schema\/logo\/image\/","url":"https:\/\/www.rebostavilluis.com\/wp-content\/uploads\/2021\/06\/logo.png","contentUrl":"https:\/\/www.rebostavilluis.com\/wp-content\/uploads\/2021\/06\/logo.png","width":273,"height":74,"caption":"El Rebost de l'Avi llu&iacute;s"},"image":{"@id":"https:\/\/www.rebostavilluis.com\/es\/#\/schema\/logo\/image\/"}}]}},"_links":{"self":[{"href":"https:\/\/www.rebostavilluis.com\/es\/wp-json\/wp\/v2\/product\/17104","targetHints":{"allow":["GET"]}}],"collection":[{"href":"https:\/\/www.rebostavilluis.com\/es\/wp-json\/wp\/v2\/product"}],"about":[{"href":"https:\/\/www.rebostavilluis.com\/es\/wp-json\/wp\/v2\/types\/product"}],"wp:featuredmedia":[{"embeddable":true,"href":"https:\/\/www.rebostavilluis.com\/es\/wp-json\/wp\/v2\/media\/17101"}],"wp:attachment":[{"href":"https:\/\/www.rebostavilluis.com\/es\/wp-json\/wp\/v2\/media?parent=17104"}],"wp:term":[{"taxonomy":"product_brand","embeddable":true,"href":"https:\/\/www.rebostavilluis.com\/es\/wp-json\/wp\/v2\/product_brand?post=17104"},{"taxonomy":"product_cat","embeddable":true,"href":"https:\/\/www.rebostavilluis.com\/es\/wp-json\/wp\/v2\/product_cat?post=17104"},{"taxonomy":"product_tag","embeddable":true,"href":"https:\/\/www.rebostavilluis.com\/es\/wp-json\/wp\/v2\/product_tag?post=17104"}],"curies":[{"name":"wp","href":"https:\/\/api.w.org\/{rel}","templated":true}]}}