{"id":17209,"date":"2026-02-13T09:30:37","date_gmt":"2026-02-13T08:30:37","guid":{"rendered":"https:\/\/www.rebostavilluis.com\/?post_type=product&#038;p=17209"},"modified":"2026-03-23T16:36:19","modified_gmt":"2026-03-23T15:36:19","slug":"lote-premium-lavi-lluis-3-x-250-g","status":"publish","type":"product","link":"https:\/\/www.rebostavilluis.com\/es\/comprar\/lote-premium-lavi-lluis-3-x-250-g\/","title":{"rendered":"Lote Premium l\u2019Avi Llu\u00eds 3 x 250 g"},"content":{"rendered":"","protected":false},"excerpt":{"rendered":"<p>El <em data-start=\"735\" data-end=\"771\">Lote Premium l\u2019Avi Llu\u00eds 3 x 250 g<\/em> es una selecci\u00f3n de tres tarros de miel en un formato perfecto para el consumo habitual. Ideal para descubrir distintas variedades, disfrutar en el d\u00eda a d\u00eda o regalar. Un lote natural que combina calidad, sabor y una presentaci\u00f3n cuidada.<\/p>\n<div class=\"flex max-w-full flex-col grow\">\n<div class=\"min-h-8 text-message relative flex w-full flex-col items-end gap-2 text-start break-words whitespace-normal [.text-message+&amp;]:mt-1\" dir=\"auto\" data-message-author-role=\"assistant\" data-message-id=\"d1f8ad21-291b-4ae8-a563-039d750cd260\" data-message-model-slug=\"gpt-5-2\">\n<div class=\"flex w-full flex-col gap-1 empty:hidden first:pt-[1px]\">\n<div class=\"markdown prose dark:prose-invert w-full wrap-break-word dark markdown-new-styling\">\n<p data-start=\"0\" data-end=\"51\">El lote contiene las siguientes variedades de miel:<\/p>\n<p data-start=\"53\" data-end=\"162\" data-is-last-node=\"\" data-is-only-node=\"\">Miel de Romero<br data-start=\"67\" data-end=\"70\" \/>Miel de Naranjo<br data-start=\"85\" data-end=\"88\" \/>Miel de Mil Flores<\/p>\n<\/div>\n<\/div>\n<\/div>\n<\/div>\n<div class=\"z-0 flex min-h-[46px] justify-start\"><\/div>\n<div class=\"mt-3 w-full empty:hidden\">\n<div class=\"text-center\">\n<div>\n<div class=\"inline-flex border border-gray-100 dark:border-gray-700 rounded-xl\">\n<div class=\"text-token-text-secondary flex items-center justify-center gap-4 px-4 py-2.5 text-sm whitespace-nowrap\"><\/div>\n<\/div>\n<\/div>\n<\/div>\n<\/div>\n","protected":false},"featured_media":17214,"template":"","meta":{"_joinchat":[]},"product_brand":[],"product_cat":[82,309],"product_tag":[],"class_list":{"0":"post-17209","1":"product","2":"type-product","3":"status-publish","4":"has-post-thumbnail","6":"product_cat-lotes-degustacion-de-miel","7":"product_cat-novedades","8":"infinite-scroll-item","9":"sales-flash-overlay","10":"woocommerce-text-align-center","11":"woocommerce-image-align-center","12":"do-quantity-buttons","14":"first","15":"instock","16":"shipping-taxable","17":"purchasable","18":"product-type-simple"},"yoast_head":"<!-- This site is optimized with the Yoast SEO plugin v27.3 - https:\/\/yoast.com\/product\/yoast-seo-wordpress\/ -->\n<title>Lote Premium l\u2019Avi Llu\u00eds 3 x 250 g - El Rebost de l&#039;Avi llu&iacute;s<\/title>\n<meta name=\"description\" content=\"Lote Premium l\u2019Avi Llu\u00eds 3 x 250 g: selecci\u00f3n de mieles ideal para regalar o disfrutar a diario.\" \/>\n<meta name=\"robots\" content=\"index, follow, max-snippet:-1, max-image-preview:large, max-video-preview:-1\" \/>\n<link rel=\"canonical\" href=\"https:\/\/www.rebostavilluis.com\/es\/comprar\/lote-premium-lavi-lluis-3-x-250-g\/\" \/>\n<meta property=\"og:locale\" content=\"es_ES\" \/>\n<meta property=\"og:type\" content=\"article\" \/>\n<meta property=\"og:title\" content=\"Lote Premium l\u2019Avi Llu\u00eds 3 x 250 g - El Rebost de l&#039;Avi llu&iacute;s\" \/>\n<meta property=\"og:description\" content=\"Lote Premium l\u2019Avi Llu\u00eds 3 x 250 g: selecci\u00f3n de mieles ideal para regalar o disfrutar a diario.\" \/>\n<meta property=\"og:url\" content=\"https:\/\/www.rebostavilluis.com\/es\/comprar\/lote-premium-lavi-lluis-3-x-250-g\/\" \/>\n<meta property=\"og:site_name\" content=\"El Rebost de l&#039;Avi llu&iacute;s\" \/>\n<meta property=\"article:modified_time\" content=\"2026-03-23T15:36:19+00:00\" \/>\n<meta property=\"og:image\" content=\"https:\/\/www.rebostavilluis.com\/wp-content\/uploads\/2026\/02\/LotsDegustacio-1-scaled.jpg\" \/>\n\t<meta property=\"og:image:width\" content=\"2560\" \/>\n\t<meta property=\"og:image:height\" content=\"2560\" \/>\n\t<meta property=\"og:image:type\" content=\"image\/jpeg\" \/>\n<meta name=\"twitter:card\" content=\"summary_large_image\" \/>\n<meta name=\"twitter:label1\" content=\"Tiempo de lectura\" \/>\n\t<meta name=\"twitter:data1\" content=\"1 minuto\" \/>\n<script type=\"application\/ld+json\" class=\"yoast-schema-graph\">{\"@context\":\"https:\\\/\\\/schema.org\",\"@graph\":[{\"@type\":\"WebPage\",\"@id\":\"https:\\\/\\\/www.rebostavilluis.com\\\/es\\\/comprar\\\/lote-premium-lavi-lluis-3-x-250-g\\\/\",\"url\":\"https:\\\/\\\/www.rebostavilluis.com\\\/es\\\/comprar\\\/lote-premium-lavi-lluis-3-x-250-g\\\/\",\"name\":\"Lote Premium l\u2019Avi Llu\u00eds 3 x 250 g - El Rebost de l'Avi llu&iacute;s\",\"isPartOf\":{\"@id\":\"https:\\\/\\\/www.rebostavilluis.com\\\/es\\\/#website\"},\"primaryImageOfPage\":{\"@id\":\"https:\\\/\\\/www.rebostavilluis.com\\\/es\\\/comprar\\\/lote-premium-lavi-lluis-3-x-250-g\\\/#primaryimage\"},\"image\":{\"@id\":\"https:\\\/\\\/www.rebostavilluis.com\\\/es\\\/comprar\\\/lote-premium-lavi-lluis-3-x-250-g\\\/#primaryimage\"},\"thumbnailUrl\":\"https:\\\/\\\/www.rebostavilluis.com\\\/wp-content\\\/uploads\\\/2026\\\/02\\\/LotsDegustacio-1-scaled.jpg\",\"datePublished\":\"2026-02-13T08:30:37+00:00\",\"dateModified\":\"2026-03-23T15:36:19+00:00\",\"description\":\"Lote Premium l\u2019Avi Llu\u00eds 3 x 250 g: selecci\u00f3n de mieles ideal para regalar o disfrutar a diario.\",\"breadcrumb\":{\"@id\":\"https:\\\/\\\/www.rebostavilluis.com\\\/es\\\/comprar\\\/lote-premium-lavi-lluis-3-x-250-g\\\/#breadcrumb\"},\"inLanguage\":\"es\",\"potentialAction\":[{\"@type\":\"ReadAction\",\"target\":[\"https:\\\/\\\/www.rebostavilluis.com\\\/es\\\/comprar\\\/lote-premium-lavi-lluis-3-x-250-g\\\/\"]}]},{\"@type\":\"ImageObject\",\"inLanguage\":\"es\",\"@id\":\"https:\\\/\\\/www.rebostavilluis.com\\\/es\\\/comprar\\\/lote-premium-lavi-lluis-3-x-250-g\\\/#primaryimage\",\"url\":\"https:\\\/\\\/www.rebostavilluis.com\\\/wp-content\\\/uploads\\\/2026\\\/02\\\/LotsDegustacio-1-scaled.jpg\",\"contentUrl\":\"https:\\\/\\\/www.rebostavilluis.com\\\/wp-content\\\/uploads\\\/2026\\\/02\\\/LotsDegustacio-1-scaled.jpg\",\"width\":2560,\"height\":2560},{\"@type\":\"BreadcrumbList\",\"@id\":\"https:\\\/\\\/www.rebostavilluis.com\\\/es\\\/comprar\\\/lote-premium-lavi-lluis-3-x-250-g\\\/#breadcrumb\",\"itemListElement\":[{\"@type\":\"ListItem\",\"position\":1,\"name\":\"Portada\",\"item\":\"https:\\\/\\\/www.rebostavilluis.com\\\/es\\\/\"},{\"@type\":\"ListItem\",\"position\":2,\"name\":\"Tienda\",\"item\":\"https:\\\/\\\/www.rebostavilluis.com\\\/es\\\/tienda\\\/\"},{\"@type\":\"ListItem\",\"position\":3,\"name\":\"Lote Premium l\u2019Avi Llu\u00eds 3 x 250 g\"}]},{\"@type\":\"WebSite\",\"@id\":\"https:\\\/\\\/www.rebostavilluis.com\\\/es\\\/#website\",\"url\":\"https:\\\/\\\/www.rebostavilluis.com\\\/es\\\/\",\"name\":\"El Rebost de l'Avi llu&iacute;s\",\"description\":\"Mel del Perell&oacute;\",\"publisher\":{\"@id\":\"https:\\\/\\\/www.rebostavilluis.com\\\/es\\\/#organization\"},\"potentialAction\":[{\"@type\":\"SearchAction\",\"target\":{\"@type\":\"EntryPoint\",\"urlTemplate\":\"https:\\\/\\\/www.rebostavilluis.com\\\/es\\\/?s={search_term_string}\"},\"query-input\":{\"@type\":\"PropertyValueSpecification\",\"valueRequired\":true,\"valueName\":\"search_term_string\"}}],\"inLanguage\":\"es\"},{\"@type\":\"Organization\",\"@id\":\"https:\\\/\\\/www.rebostavilluis.com\\\/es\\\/#organization\",\"name\":\"El Rebost de l'Avi llu&iacute;s\",\"url\":\"https:\\\/\\\/www.rebostavilluis.com\\\/es\\\/\",\"logo\":{\"@type\":\"ImageObject\",\"inLanguage\":\"es\",\"@id\":\"https:\\\/\\\/www.rebostavilluis.com\\\/es\\\/#\\\/schema\\\/logo\\\/image\\\/\",\"url\":\"https:\\\/\\\/www.rebostavilluis.com\\\/wp-content\\\/uploads\\\/2021\\\/06\\\/logo.png\",\"contentUrl\":\"https:\\\/\\\/www.rebostavilluis.com\\\/wp-content\\\/uploads\\\/2021\\\/06\\\/logo.png\",\"width\":273,\"height\":74,\"caption\":\"El Rebost de l'Avi llu&iacute;s\"},\"image\":{\"@id\":\"https:\\\/\\\/www.rebostavilluis.com\\\/es\\\/#\\\/schema\\\/logo\\\/image\\\/\"}}]}<\/script>\n<!-- \/ Yoast SEO plugin. -->","yoast_head_json":{"title":"Lote Premium l\u2019Avi Llu\u00eds 3 x 250 g - El Rebost de l'Avi llu&iacute;s","description":"Lote Premium l\u2019Avi Llu\u00eds 3 x 250 g: selecci\u00f3n de mieles ideal para regalar o disfrutar a diario.","robots":{"index":"index","follow":"follow","max-snippet":"max-snippet:-1","max-image-preview":"max-image-preview:large","max-video-preview":"max-video-preview:-1"},"canonical":"https:\/\/www.rebostavilluis.com\/es\/comprar\/lote-premium-lavi-lluis-3-x-250-g\/","og_locale":"es_ES","og_type":"article","og_title":"Lote Premium l\u2019Avi Llu\u00eds 3 x 250 g - El Rebost de l'Avi llu&iacute;s","og_description":"Lote Premium l\u2019Avi Llu\u00eds 3 x 250 g: selecci\u00f3n de mieles ideal para regalar o disfrutar a diario.","og_url":"https:\/\/www.rebostavilluis.com\/es\/comprar\/lote-premium-lavi-lluis-3-x-250-g\/","og_site_name":"El Rebost de l'Avi llu&iacute;s","article_modified_time":"2026-03-23T15:36:19+00:00","og_image":[{"width":2560,"height":2560,"url":"https:\/\/www.rebostavilluis.com\/wp-content\/uploads\/2026\/02\/LotsDegustacio-1-scaled.jpg","type":"image\/jpeg"}],"twitter_card":"summary_large_image","twitter_misc":{"Tiempo de lectura":"1 minuto"},"schema":{"@context":"https:\/\/schema.org","@graph":[{"@type":"WebPage","@id":"https:\/\/www.rebostavilluis.com\/es\/comprar\/lote-premium-lavi-lluis-3-x-250-g\/","url":"https:\/\/www.rebostavilluis.com\/es\/comprar\/lote-premium-lavi-lluis-3-x-250-g\/","name":"Lote Premium l\u2019Avi Llu\u00eds 3 x 250 g - El Rebost de l'Avi llu&iacute;s","isPartOf":{"@id":"https:\/\/www.rebostavilluis.com\/es\/#website"},"primaryImageOfPage":{"@id":"https:\/\/www.rebostavilluis.com\/es\/comprar\/lote-premium-lavi-lluis-3-x-250-g\/#primaryimage"},"image":{"@id":"https:\/\/www.rebostavilluis.com\/es\/comprar\/lote-premium-lavi-lluis-3-x-250-g\/#primaryimage"},"thumbnailUrl":"https:\/\/www.rebostavilluis.com\/wp-content\/uploads\/2026\/02\/LotsDegustacio-1-scaled.jpg","datePublished":"2026-02-13T08:30:37+00:00","dateModified":"2026-03-23T15:36:19+00:00","description":"Lote Premium l\u2019Avi Llu\u00eds 3 x 250 g: selecci\u00f3n de mieles ideal para regalar o disfrutar a diario.","breadcrumb":{"@id":"https:\/\/www.rebostavilluis.com\/es\/comprar\/lote-premium-lavi-lluis-3-x-250-g\/#breadcrumb"},"inLanguage":"es","potentialAction":[{"@type":"ReadAction","target":["https:\/\/www.rebostavilluis.com\/es\/comprar\/lote-premium-lavi-lluis-3-x-250-g\/"]}]},{"@type":"ImageObject","inLanguage":"es","@id":"https:\/\/www.rebostavilluis.com\/es\/comprar\/lote-premium-lavi-lluis-3-x-250-g\/#primaryimage","url":"https:\/\/www.rebostavilluis.com\/wp-content\/uploads\/2026\/02\/LotsDegustacio-1-scaled.jpg","contentUrl":"https:\/\/www.rebostavilluis.com\/wp-content\/uploads\/2026\/02\/LotsDegustacio-1-scaled.jpg","width":2560,"height":2560},{"@type":"BreadcrumbList","@id":"https:\/\/www.rebostavilluis.com\/es\/comprar\/lote-premium-lavi-lluis-3-x-250-g\/#breadcrumb","itemListElement":[{"@type":"ListItem","position":1,"name":"Portada","item":"https:\/\/www.rebostavilluis.com\/es\/"},{"@type":"ListItem","position":2,"name":"Tienda","item":"https:\/\/www.rebostavilluis.com\/es\/tienda\/"},{"@type":"ListItem","position":3,"name":"Lote Premium l\u2019Avi Llu\u00eds 3 x 250 g"}]},{"@type":"WebSite","@id":"https:\/\/www.rebostavilluis.com\/es\/#website","url":"https:\/\/www.rebostavilluis.com\/es\/","name":"El Rebost de l'Avi llu&iacute;s","description":"Mel del Perell&oacute;","publisher":{"@id":"https:\/\/www.rebostavilluis.com\/es\/#organization"},"potentialAction":[{"@type":"SearchAction","target":{"@type":"EntryPoint","urlTemplate":"https:\/\/www.rebostavilluis.com\/es\/?s={search_term_string}"},"query-input":{"@type":"PropertyValueSpecification","valueRequired":true,"valueName":"search_term_string"}}],"inLanguage":"es"},{"@type":"Organization","@id":"https:\/\/www.rebostavilluis.com\/es\/#organization","name":"El Rebost de l'Avi llu&iacute;s","url":"https:\/\/www.rebostavilluis.com\/es\/","logo":{"@type":"ImageObject","inLanguage":"es","@id":"https:\/\/www.rebostavilluis.com\/es\/#\/schema\/logo\/image\/","url":"https:\/\/www.rebostavilluis.com\/wp-content\/uploads\/2021\/06\/logo.png","contentUrl":"https:\/\/www.rebostavilluis.com\/wp-content\/uploads\/2021\/06\/logo.png","width":273,"height":74,"caption":"El Rebost de l'Avi llu&iacute;s"},"image":{"@id":"https:\/\/www.rebostavilluis.com\/es\/#\/schema\/logo\/image\/"}}]}},"_links":{"self":[{"href":"https:\/\/www.rebostavilluis.com\/es\/wp-json\/wp\/v2\/product\/17209","targetHints":{"allow":["GET"]}}],"collection":[{"href":"https:\/\/www.rebostavilluis.com\/es\/wp-json\/wp\/v2\/product"}],"about":[{"href":"https:\/\/www.rebostavilluis.com\/es\/wp-json\/wp\/v2\/types\/product"}],"wp:featuredmedia":[{"embeddable":true,"href":"https:\/\/www.rebostavilluis.com\/es\/wp-json\/wp\/v2\/media\/17214"}],"wp:attachment":[{"href":"https:\/\/www.rebostavilluis.com\/es\/wp-json\/wp\/v2\/media?parent=17209"}],"wp:term":[{"taxonomy":"product_brand","embeddable":true,"href":"https:\/\/www.rebostavilluis.com\/es\/wp-json\/wp\/v2\/product_brand?post=17209"},{"taxonomy":"product_cat","embeddable":true,"href":"https:\/\/www.rebostavilluis.com\/es\/wp-json\/wp\/v2\/product_cat?post=17209"},{"taxonomy":"product_tag","embeddable":true,"href":"https:\/\/www.rebostavilluis.com\/es\/wp-json\/wp\/v2\/product_tag?post=17209"}],"curies":[{"name":"wp","href":"https:\/\/api.w.org\/{rel}","templated":true}]}}