{"id":17502,"date":"2024-10-30T13:08:07","date_gmt":"2024-10-30T12:08:07","guid":{"rendered":"https:\/\/www.rebostavilluis.com\/?post_type=product&#038;p=17502"},"modified":"2026-03-18T11:48:52","modified_gmt":"2026-03-18T10:48:52","slug":"vino-tinto-la-minyona","status":"publish","type":"product","link":"https:\/\/www.rebostavilluis.com\/es\/comprar\/vino-tinto-la-minyona\/","title":{"rendered":"Vino Tinto La Minyona"},"content":{"rendered":"","protected":false},"excerpt":{"rendered":"<p data-path-to-node=\"7\">El <b data-path-to-node=\"7\" data-index-in-node=\"25\">Vino Tinto La Minyona<\/b> es una propuesta joven y desenfadada de la bodega <b data-path-to-node=\"7\" data-index-in-node=\"97\">Graells i de la Cortada<\/b> (DO Pla de Bages). Elaborado bajo criterios de agricultura ecol\u00f3gica, este vino destaca por su gran expresi\u00f3n de fruta y una amabilidad que lo hace ideal para cualquier ocasi\u00f3n. Un vino que rinde homenaje a la sencillez y al trabajo bien hecho, convirti\u00e9ndose en un b\u00e1sico de calidad en el <b data-path-to-node=\"7\" data-index-in-node=\"411\">Rebost de l&#8217;Avi Llu\u00eds<\/b>.<\/p>\n<ul data-path-to-node=\"8\">\n<li>\n<p data-path-to-node=\"8,0,0\"><b data-path-to-node=\"8,0,0\" data-index-in-node=\"0\">Bodega \/ Marca:<\/b> Graells i de la Cortada.<\/p>\n<\/li>\n<li>\n<p data-path-to-node=\"8,1,0\"><b data-path-to-node=\"8,1,0\" data-index-in-node=\"0\">Denominaci\u00f3n de Origen:<\/b> DO Pla de Bages.<\/p>\n<\/li>\n<li>\n<p data-path-to-node=\"8,2,0\"><b data-path-to-node=\"8,2,0\" data-index-in-node=\"0\">Variedades:<\/b> Merlot y Tempranillo.<\/p>\n<\/li>\n<li>\n<p data-path-to-node=\"8,3,0\"><b data-path-to-node=\"8,3,0\" data-index-in-node=\"0\">Notas de cata:<\/b> Color rojo cereza brillante. En nariz dominan los aromas de fruta roja fresca (fresas, cerezas) con un fondo ligeramente floral. En boca es muy suave, redondo y f\u00e1cil de beber, con un postgusto muy frutado.<\/p>\n<\/li>\n<li>\n<p data-path-to-node=\"8,4,0\"><b data-path-to-node=\"8,4,0\" data-index-in-node=\"0\">Consejos de uso:<\/b> Perfecto para el aperitivo, barbacoas, carnes blancas, pastas y embutidos de monta\u00f1a. Se recomienda servir entre 14 y 16 \u00baC.<\/p>\n<\/li>\n<\/ul>\n","protected":false},"featured_media":14431,"template":"","meta":{"_joinchat":[]},"product_brand":[],"product_cat":[104,102],"product_tag":[],"class_list":{"0":"post-17502","1":"product","2":"type-product","3":"status-publish","4":"has-post-thumbnail","6":"product_cat-do-terra-alta-es","7":"product_cat-vinos","8":"infinite-scroll-item","9":"sales-flash-overlay","10":"woocommerce-text-align-center","11":"woocommerce-image-align-center","12":"do-quantity-buttons","14":"first","15":"instock","16":"shipping-taxable","17":"purchasable","18":"product-type-simple"},"yoast_head":"<!-- This site is optimized with the Yoast SEO plugin v27.3 - https:\/\/yoast.com\/product\/yoast-seo-wordpress\/ -->\n<title>Vino Tinto La Minyona - El Rebost de l&#039;Avi llu&iacute;s<\/title>\n<meta name=\"description\" content=\"Vino tinto ecol\u00f3gico La Minyona (DO Pla de Bages) en el Rebost de l&#039;Avi Llu\u00eds. Un vino joven, afrutado y muy vers\u00e1til, ideal para barbacoas y aperitivos.\" \/>\n<meta name=\"robots\" content=\"index, follow, max-snippet:-1, max-image-preview:large, max-video-preview:-1\" \/>\n<link rel=\"canonical\" href=\"https:\/\/www.rebostavilluis.com\/es\/comprar\/vino-tinto-la-minyona\/\" \/>\n<meta property=\"og:locale\" content=\"es_ES\" \/>\n<meta property=\"og:type\" content=\"article\" \/>\n<meta property=\"og:title\" content=\"Vino Tinto La Minyona - El Rebost de l&#039;Avi llu&iacute;s\" \/>\n<meta property=\"og:description\" content=\"Vino tinto ecol\u00f3gico La Minyona (DO Pla de Bages) en el Rebost de l&#039;Avi Llu\u00eds. Un vino joven, afrutado y muy vers\u00e1til, ideal para barbacoas y aperitivos.\" \/>\n<meta property=\"og:url\" content=\"https:\/\/www.rebostavilluis.com\/es\/comprar\/vino-tinto-la-minyona\/\" \/>\n<meta property=\"og:site_name\" content=\"El Rebost de l&#039;Avi llu&iacute;s\" \/>\n<meta property=\"article:modified_time\" content=\"2026-03-18T10:48:52+00:00\" \/>\n<meta property=\"og:image\" content=\"https:\/\/www.rebostavilluis.com\/wp-content\/uploads\/2024\/10\/La-Minyona_Negre.png\" \/>\n\t<meta property=\"og:image:width\" content=\"1080\" \/>\n\t<meta property=\"og:image:height\" content=\"1080\" \/>\n\t<meta property=\"og:image:type\" content=\"image\/png\" \/>\n<meta name=\"twitter:card\" content=\"summary_large_image\" \/>\n<script type=\"application\/ld+json\" class=\"yoast-schema-graph\">{\"@context\":\"https:\\\/\\\/schema.org\",\"@graph\":[{\"@type\":\"WebPage\",\"@id\":\"https:\\\/\\\/www.rebostavilluis.com\\\/es\\\/comprar\\\/vino-tinto-la-minyona\\\/\",\"url\":\"https:\\\/\\\/www.rebostavilluis.com\\\/es\\\/comprar\\\/vino-tinto-la-minyona\\\/\",\"name\":\"Vino Tinto La Minyona - El Rebost de l'Avi llu&iacute;s\",\"isPartOf\":{\"@id\":\"https:\\\/\\\/www.rebostavilluis.com\\\/es\\\/#website\"},\"primaryImageOfPage\":{\"@id\":\"https:\\\/\\\/www.rebostavilluis.com\\\/es\\\/comprar\\\/vino-tinto-la-minyona\\\/#primaryimage\"},\"image\":{\"@id\":\"https:\\\/\\\/www.rebostavilluis.com\\\/es\\\/comprar\\\/vino-tinto-la-minyona\\\/#primaryimage\"},\"thumbnailUrl\":\"https:\\\/\\\/www.rebostavilluis.com\\\/wp-content\\\/uploads\\\/2024\\\/10\\\/La-Minyona_Negre.png\",\"datePublished\":\"2024-10-30T12:08:07+00:00\",\"dateModified\":\"2026-03-18T10:48:52+00:00\",\"description\":\"Vino tinto ecol\u00f3gico La Minyona (DO Pla de Bages) en el Rebost de l'Avi Llu\u00eds. Un vino joven, afrutado y muy vers\u00e1til, ideal para barbacoas y aperitivos.\",\"breadcrumb\":{\"@id\":\"https:\\\/\\\/www.rebostavilluis.com\\\/es\\\/comprar\\\/vino-tinto-la-minyona\\\/#breadcrumb\"},\"inLanguage\":\"es\",\"potentialAction\":[{\"@type\":\"ReadAction\",\"target\":[\"https:\\\/\\\/www.rebostavilluis.com\\\/es\\\/comprar\\\/vino-tinto-la-minyona\\\/\"]}]},{\"@type\":\"ImageObject\",\"inLanguage\":\"es\",\"@id\":\"https:\\\/\\\/www.rebostavilluis.com\\\/es\\\/comprar\\\/vino-tinto-la-minyona\\\/#primaryimage\",\"url\":\"https:\\\/\\\/www.rebostavilluis.com\\\/wp-content\\\/uploads\\\/2024\\\/10\\\/La-Minyona_Negre.png\",\"contentUrl\":\"https:\\\/\\\/www.rebostavilluis.com\\\/wp-content\\\/uploads\\\/2024\\\/10\\\/La-Minyona_Negre.png\",\"width\":1080,\"height\":1080},{\"@type\":\"BreadcrumbList\",\"@id\":\"https:\\\/\\\/www.rebostavilluis.com\\\/es\\\/comprar\\\/vino-tinto-la-minyona\\\/#breadcrumb\",\"itemListElement\":[{\"@type\":\"ListItem\",\"position\":1,\"name\":\"Portada\",\"item\":\"https:\\\/\\\/www.rebostavilluis.com\\\/es\\\/\"},{\"@type\":\"ListItem\",\"position\":2,\"name\":\"Tienda\",\"item\":\"https:\\\/\\\/www.rebostavilluis.com\\\/es\\\/tienda\\\/\"},{\"@type\":\"ListItem\",\"position\":3,\"name\":\"Vino Tinto La Minyona\"}]},{\"@type\":\"WebSite\",\"@id\":\"https:\\\/\\\/www.rebostavilluis.com\\\/es\\\/#website\",\"url\":\"https:\\\/\\\/www.rebostavilluis.com\\\/es\\\/\",\"name\":\"El Rebost de l'Avi llu&iacute;s\",\"description\":\"Mel del Perell&oacute;\",\"publisher\":{\"@id\":\"https:\\\/\\\/www.rebostavilluis.com\\\/es\\\/#organization\"},\"potentialAction\":[{\"@type\":\"SearchAction\",\"target\":{\"@type\":\"EntryPoint\",\"urlTemplate\":\"https:\\\/\\\/www.rebostavilluis.com\\\/es\\\/?s={search_term_string}\"},\"query-input\":{\"@type\":\"PropertyValueSpecification\",\"valueRequired\":true,\"valueName\":\"search_term_string\"}}],\"inLanguage\":\"es\"},{\"@type\":\"Organization\",\"@id\":\"https:\\\/\\\/www.rebostavilluis.com\\\/es\\\/#organization\",\"name\":\"El Rebost de l'Avi llu&iacute;s\",\"url\":\"https:\\\/\\\/www.rebostavilluis.com\\\/es\\\/\",\"logo\":{\"@type\":\"ImageObject\",\"inLanguage\":\"es\",\"@id\":\"https:\\\/\\\/www.rebostavilluis.com\\\/es\\\/#\\\/schema\\\/logo\\\/image\\\/\",\"url\":\"https:\\\/\\\/www.rebostavilluis.com\\\/wp-content\\\/uploads\\\/2021\\\/06\\\/logo.png\",\"contentUrl\":\"https:\\\/\\\/www.rebostavilluis.com\\\/wp-content\\\/uploads\\\/2021\\\/06\\\/logo.png\",\"width\":273,\"height\":74,\"caption\":\"El Rebost de l'Avi llu&iacute;s\"},\"image\":{\"@id\":\"https:\\\/\\\/www.rebostavilluis.com\\\/es\\\/#\\\/schema\\\/logo\\\/image\\\/\"}}]}<\/script>\n<!-- \/ Yoast SEO plugin. -->","yoast_head_json":{"title":"Vino Tinto La Minyona - El Rebost de l'Avi llu&iacute;s","description":"Vino tinto ecol\u00f3gico La Minyona (DO Pla de Bages) en el Rebost de l'Avi Llu\u00eds. Un vino joven, afrutado y muy vers\u00e1til, ideal para barbacoas y aperitivos.","robots":{"index":"index","follow":"follow","max-snippet":"max-snippet:-1","max-image-preview":"max-image-preview:large","max-video-preview":"max-video-preview:-1"},"canonical":"https:\/\/www.rebostavilluis.com\/es\/comprar\/vino-tinto-la-minyona\/","og_locale":"es_ES","og_type":"article","og_title":"Vino Tinto La Minyona - El Rebost de l'Avi llu&iacute;s","og_description":"Vino tinto ecol\u00f3gico La Minyona (DO Pla de Bages) en el Rebost de l'Avi Llu\u00eds. Un vino joven, afrutado y muy vers\u00e1til, ideal para barbacoas y aperitivos.","og_url":"https:\/\/www.rebostavilluis.com\/es\/comprar\/vino-tinto-la-minyona\/","og_site_name":"El Rebost de l'Avi llu&iacute;s","article_modified_time":"2026-03-18T10:48:52+00:00","og_image":[{"width":1080,"height":1080,"url":"https:\/\/www.rebostavilluis.com\/wp-content\/uploads\/2024\/10\/La-Minyona_Negre.png","type":"image\/png"}],"twitter_card":"summary_large_image","schema":{"@context":"https:\/\/schema.org","@graph":[{"@type":"WebPage","@id":"https:\/\/www.rebostavilluis.com\/es\/comprar\/vino-tinto-la-minyona\/","url":"https:\/\/www.rebostavilluis.com\/es\/comprar\/vino-tinto-la-minyona\/","name":"Vino Tinto La Minyona - El Rebost de l'Avi llu&iacute;s","isPartOf":{"@id":"https:\/\/www.rebostavilluis.com\/es\/#website"},"primaryImageOfPage":{"@id":"https:\/\/www.rebostavilluis.com\/es\/comprar\/vino-tinto-la-minyona\/#primaryimage"},"image":{"@id":"https:\/\/www.rebostavilluis.com\/es\/comprar\/vino-tinto-la-minyona\/#primaryimage"},"thumbnailUrl":"https:\/\/www.rebostavilluis.com\/wp-content\/uploads\/2024\/10\/La-Minyona_Negre.png","datePublished":"2024-10-30T12:08:07+00:00","dateModified":"2026-03-18T10:48:52+00:00","description":"Vino tinto ecol\u00f3gico La Minyona (DO Pla de Bages) en el Rebost de l'Avi Llu\u00eds. Un vino joven, afrutado y muy vers\u00e1til, ideal para barbacoas y aperitivos.","breadcrumb":{"@id":"https:\/\/www.rebostavilluis.com\/es\/comprar\/vino-tinto-la-minyona\/#breadcrumb"},"inLanguage":"es","potentialAction":[{"@type":"ReadAction","target":["https:\/\/www.rebostavilluis.com\/es\/comprar\/vino-tinto-la-minyona\/"]}]},{"@type":"ImageObject","inLanguage":"es","@id":"https:\/\/www.rebostavilluis.com\/es\/comprar\/vino-tinto-la-minyona\/#primaryimage","url":"https:\/\/www.rebostavilluis.com\/wp-content\/uploads\/2024\/10\/La-Minyona_Negre.png","contentUrl":"https:\/\/www.rebostavilluis.com\/wp-content\/uploads\/2024\/10\/La-Minyona_Negre.png","width":1080,"height":1080},{"@type":"BreadcrumbList","@id":"https:\/\/www.rebostavilluis.com\/es\/comprar\/vino-tinto-la-minyona\/#breadcrumb","itemListElement":[{"@type":"ListItem","position":1,"name":"Portada","item":"https:\/\/www.rebostavilluis.com\/es\/"},{"@type":"ListItem","position":2,"name":"Tienda","item":"https:\/\/www.rebostavilluis.com\/es\/tienda\/"},{"@type":"ListItem","position":3,"name":"Vino Tinto La Minyona"}]},{"@type":"WebSite","@id":"https:\/\/www.rebostavilluis.com\/es\/#website","url":"https:\/\/www.rebostavilluis.com\/es\/","name":"El Rebost de l'Avi llu&iacute;s","description":"Mel del Perell&oacute;","publisher":{"@id":"https:\/\/www.rebostavilluis.com\/es\/#organization"},"potentialAction":[{"@type":"SearchAction","target":{"@type":"EntryPoint","urlTemplate":"https:\/\/www.rebostavilluis.com\/es\/?s={search_term_string}"},"query-input":{"@type":"PropertyValueSpecification","valueRequired":true,"valueName":"search_term_string"}}],"inLanguage":"es"},{"@type":"Organization","@id":"https:\/\/www.rebostavilluis.com\/es\/#organization","name":"El Rebost de l'Avi llu&iacute;s","url":"https:\/\/www.rebostavilluis.com\/es\/","logo":{"@type":"ImageObject","inLanguage":"es","@id":"https:\/\/www.rebostavilluis.com\/es\/#\/schema\/logo\/image\/","url":"https:\/\/www.rebostavilluis.com\/wp-content\/uploads\/2021\/06\/logo.png","contentUrl":"https:\/\/www.rebostavilluis.com\/wp-content\/uploads\/2021\/06\/logo.png","width":273,"height":74,"caption":"El Rebost de l'Avi llu&iacute;s"},"image":{"@id":"https:\/\/www.rebostavilluis.com\/es\/#\/schema\/logo\/image\/"}}]}},"_links":{"self":[{"href":"https:\/\/www.rebostavilluis.com\/es\/wp-json\/wp\/v2\/product\/17502","targetHints":{"allow":["GET"]}}],"collection":[{"href":"https:\/\/www.rebostavilluis.com\/es\/wp-json\/wp\/v2\/product"}],"about":[{"href":"https:\/\/www.rebostavilluis.com\/es\/wp-json\/wp\/v2\/types\/product"}],"wp:featuredmedia":[{"embeddable":true,"href":"https:\/\/www.rebostavilluis.com\/es\/wp-json\/wp\/v2\/media\/14431"}],"wp:attachment":[{"href":"https:\/\/www.rebostavilluis.com\/es\/wp-json\/wp\/v2\/media?parent=17502"}],"wp:term":[{"taxonomy":"product_brand","embeddable":true,"href":"https:\/\/www.rebostavilluis.com\/es\/wp-json\/wp\/v2\/product_brand?post=17502"},{"taxonomy":"product_cat","embeddable":true,"href":"https:\/\/www.rebostavilluis.com\/es\/wp-json\/wp\/v2\/product_cat?post=17502"},{"taxonomy":"product_tag","embeddable":true,"href":"https:\/\/www.rebostavilluis.com\/es\/wp-json\/wp\/v2\/product_tag?post=17502"}],"curies":[{"name":"wp","href":"https:\/\/api.w.org\/{rel}","templated":true}]}}