{"id":17511,"date":"2025-12-29T11:00:13","date_gmt":"2025-12-29T10:00:13","guid":{"rendered":"https:\/\/www.rebostavilluis.com\/comprar\/estuche-de-6-aceites-condimentados-%c2%b7-la-chinata\/"},"modified":"2026-03-18T12:11:37","modified_gmt":"2026-03-18T11:11:37","slug":"estuche-de-6-aceites-condimentados-%c2%b7-la-chinata","status":"publish","type":"product","link":"https:\/\/www.rebostavilluis.com\/es\/comprar\/estuche-de-6-aceites-condimentados-%c2%b7-la-chinata\/","title":{"rendered":"Estuche de 6 Aceites Condimentados \u00b7 La Chinata"},"content":{"rendered":"<p data-path-to-node=\"7\">El <b data-path-to-node=\"7\" data-index-in-node=\"25\">Estuche de 6 Aceites Condimentados de La Chinata<\/b> es la selecci\u00f3n perfecta para aquellos que quieren elevar sus platos con un solo chorro de aceite. Este pack presenta seis botellas de 25ml con variedades aromatizadas de forma natural, utilizando como base el mejor Aceite de Oliva Virgen Extra de la marca. Es una opci\u00f3n ideal para regalo o para tener en el <b data-path-to-node=\"7\" data-index-in-node=\"383\">Rebost de l&#8217;Avi Llu\u00eds<\/b> y dar un toque gourmet y diferente a cada receta.<\/p>\n<ul data-path-to-node=\"8\">\n<li>\n<p data-path-to-node=\"8,0,0\"><b data-path-to-node=\"8,0,0\" data-index-in-node=\"0\">Marca:<\/b> La Chinata.<\/p>\n<\/li>\n<li>\n<p data-path-to-node=\"8,1,0\"><b data-path-to-node=\"8,1,0\" data-index-in-node=\"0\">Contenido:<\/b> 6 botellitas de 25ml cada una.<\/p>\n<\/li>\n<li>\n<p data-path-to-node=\"8,2,0\"><b data-path-to-node=\"8,2,0\" data-index-in-node=\"0\">Variedades incluidas:<\/b> Ajo, Pimienta Negra, Guindilla, Puerro, Albahaca y Boletus.<\/p>\n<\/li>\n<li>\n<p data-path-to-node=\"8,3,0\"><b data-path-to-node=\"8,3,0\" data-index-in-node=\"0\">Consejos de uso:<\/b> Son aceites pensados para utilizar en crudo como toque final. El aceite de guindilla es ideal para pastas y pizzas; el de albahaca para ensaladas de tomate y mozzarella; el de boletus para risottos y carnes; y el de ajo para tostadas o pescados a la plancha.<\/p>\n<\/li>\n<\/ul>\n","protected":false},"excerpt":{"rendered":"<p>El Estuche de 6 Aceites Condimentados de La Chinata es la selecci\u00f3n perfecta para aquellos que quieren elevar sus platos con un solo chorro de aceite. Este pack presenta seis botellas de 25ml con variedades aromatizadas de forma natural, utilizando &#8230; <a title=\"Estuche de 6 Aceites Condimentados \u00b7 La Chinata\" class=\"read-more\" href=\"https:\/\/www.rebostavilluis.com\/es\/comprar\/estuche-de-6-aceites-condimentados-%c2%b7-la-chinata\/\" aria-label=\"Leer m\u00e1s sobre Estuche de 6 Aceites Condimentados \u00b7 La Chinata\">Leer m\u00e1s<\/a><\/p>\n","protected":false},"featured_media":16694,"template":"","meta":{"_joinchat":[]},"product_brand":[],"product_cat":[501,96],"product_tag":[],"class_list":{"0":"post-17511","1":"product","2":"type-product","3":"status-publish","4":"has-post-thumbnail","6":"product_cat-aceite-avi","7":"product_cat-aceite-de-oliva-extra-virgen","8":"infinite-scroll-item","9":"sales-flash-overlay","10":"woocommerce-text-align-center","11":"woocommerce-image-align-center","12":"do-quantity-buttons","14":"first","15":"instock","16":"shipping-taxable","17":"purchasable","18":"product-type-simple"},"yoast_head":"<!-- This site is optimized with the Yoast SEO plugin v27.3 - https:\/\/yoast.com\/product\/yoast-seo-wordpress\/ -->\n<title>Estuche de 6 Aceites Condimentados \u00b7 La Chinata - El Rebost de l&#039;Avi llu&iacute;s<\/title>\n<meta name=\"description\" content=\"Estuche de 6 aceites condimentados La Chinata (25ml x 6) en el Rebost de l&#039;Avi Llu\u00eds. Una selecci\u00f3n gourmet con aromas de ajo, guindilla, albahaca, boletus y m\u00e1s. \u00a1El regalo ideal!\" \/>\n<meta name=\"robots\" content=\"index, follow, max-snippet:-1, max-image-preview:large, max-video-preview:-1\" \/>\n<link rel=\"canonical\" href=\"https:\/\/www.rebostavilluis.com\/es\/comprar\/estuche-de-6-aceites-condimentados-%c2%b7-la-chinata\/\" \/>\n<meta property=\"og:locale\" content=\"es_ES\" \/>\n<meta property=\"og:type\" content=\"article\" \/>\n<meta property=\"og:title\" content=\"Estuche de 6 Aceites Condimentados \u00b7 La Chinata - El Rebost de l&#039;Avi llu&iacute;s\" \/>\n<meta property=\"og:description\" content=\"Estuche de 6 aceites condimentados La Chinata (25ml x 6) en el Rebost de l&#039;Avi Llu\u00eds. Una selecci\u00f3n gourmet con aromas de ajo, guindilla, albahaca, boletus y m\u00e1s. \u00a1El regalo ideal!\" \/>\n<meta property=\"og:url\" content=\"https:\/\/www.rebostavilluis.com\/es\/comprar\/estuche-de-6-aceites-condimentados-%c2%b7-la-chinata\/\" \/>\n<meta property=\"og:site_name\" content=\"El Rebost de l&#039;Avi llu&iacute;s\" \/>\n<meta property=\"article:modified_time\" content=\"2026-03-18T11:11:37+00:00\" \/>\n<meta property=\"og:image\" content=\"https:\/\/www.rebostavilluis.com\/wp-content\/uploads\/2025\/12\/59f9ea96-08be-4007-897c-6b49827ef938.jpeg\" \/>\n\t<meta property=\"og:image:width\" content=\"500\" \/>\n\t<meta property=\"og:image:height\" content=\"500\" \/>\n\t<meta property=\"og:image:type\" content=\"image\/jpeg\" \/>\n<meta name=\"twitter:card\" content=\"summary_large_image\" \/>\n<meta name=\"twitter:label1\" content=\"Tiempo de lectura\" \/>\n\t<meta name=\"twitter:data1\" content=\"1 minuto\" \/>\n<script type=\"application\/ld+json\" class=\"yoast-schema-graph\">{\"@context\":\"https:\\\/\\\/schema.org\",\"@graph\":[{\"@type\":\"WebPage\",\"@id\":\"https:\\\/\\\/www.rebostavilluis.com\\\/es\\\/comprar\\\/estuche-de-6-aceites-condimentados-%c2%b7-la-chinata\\\/\",\"url\":\"https:\\\/\\\/www.rebostavilluis.com\\\/es\\\/comprar\\\/estuche-de-6-aceites-condimentados-%c2%b7-la-chinata\\\/\",\"name\":\"Estuche de 6 Aceites Condimentados \u00b7 La Chinata - El Rebost de l'Avi llu&iacute;s\",\"isPartOf\":{\"@id\":\"https:\\\/\\\/www.rebostavilluis.com\\\/es\\\/#website\"},\"primaryImageOfPage\":{\"@id\":\"https:\\\/\\\/www.rebostavilluis.com\\\/es\\\/comprar\\\/estuche-de-6-aceites-condimentados-%c2%b7-la-chinata\\\/#primaryimage\"},\"image\":{\"@id\":\"https:\\\/\\\/www.rebostavilluis.com\\\/es\\\/comprar\\\/estuche-de-6-aceites-condimentados-%c2%b7-la-chinata\\\/#primaryimage\"},\"thumbnailUrl\":\"https:\\\/\\\/www.rebostavilluis.com\\\/wp-content\\\/uploads\\\/2025\\\/12\\\/59f9ea96-08be-4007-897c-6b49827ef938.jpeg\",\"datePublished\":\"2025-12-29T10:00:13+00:00\",\"dateModified\":\"2026-03-18T11:11:37+00:00\",\"description\":\"Estuche de 6 aceites condimentados La Chinata (25ml x 6) en el Rebost de l'Avi Llu\u00eds. Una selecci\u00f3n gourmet con aromas de ajo, guindilla, albahaca, boletus y m\u00e1s. \u00a1El regalo ideal!\",\"breadcrumb\":{\"@id\":\"https:\\\/\\\/www.rebostavilluis.com\\\/es\\\/comprar\\\/estuche-de-6-aceites-condimentados-%c2%b7-la-chinata\\\/#breadcrumb\"},\"inLanguage\":\"es\",\"potentialAction\":[{\"@type\":\"ReadAction\",\"target\":[\"https:\\\/\\\/www.rebostavilluis.com\\\/es\\\/comprar\\\/estuche-de-6-aceites-condimentados-%c2%b7-la-chinata\\\/\"]}]},{\"@type\":\"ImageObject\",\"inLanguage\":\"es\",\"@id\":\"https:\\\/\\\/www.rebostavilluis.com\\\/es\\\/comprar\\\/estuche-de-6-aceites-condimentados-%c2%b7-la-chinata\\\/#primaryimage\",\"url\":\"https:\\\/\\\/www.rebostavilluis.com\\\/wp-content\\\/uploads\\\/2025\\\/12\\\/59f9ea96-08be-4007-897c-6b49827ef938.jpeg\",\"contentUrl\":\"https:\\\/\\\/www.rebostavilluis.com\\\/wp-content\\\/uploads\\\/2025\\\/12\\\/59f9ea96-08be-4007-897c-6b49827ef938.jpeg\",\"width\":500,\"height\":500},{\"@type\":\"BreadcrumbList\",\"@id\":\"https:\\\/\\\/www.rebostavilluis.com\\\/es\\\/comprar\\\/estuche-de-6-aceites-condimentados-%c2%b7-la-chinata\\\/#breadcrumb\",\"itemListElement\":[{\"@type\":\"ListItem\",\"position\":1,\"name\":\"Portada\",\"item\":\"https:\\\/\\\/www.rebostavilluis.com\\\/es\\\/\"},{\"@type\":\"ListItem\",\"position\":2,\"name\":\"Tienda\",\"item\":\"https:\\\/\\\/www.rebostavilluis.com\\\/es\\\/tienda\\\/\"},{\"@type\":\"ListItem\",\"position\":3,\"name\":\"Estuche de 6 Aceites Condimentados \u00b7 La Chinata\"}]},{\"@type\":\"WebSite\",\"@id\":\"https:\\\/\\\/www.rebostavilluis.com\\\/es\\\/#website\",\"url\":\"https:\\\/\\\/www.rebostavilluis.com\\\/es\\\/\",\"name\":\"El Rebost de l'Avi llu&iacute;s\",\"description\":\"Mel del Perell&oacute;\",\"publisher\":{\"@id\":\"https:\\\/\\\/www.rebostavilluis.com\\\/es\\\/#organization\"},\"potentialAction\":[{\"@type\":\"SearchAction\",\"target\":{\"@type\":\"EntryPoint\",\"urlTemplate\":\"https:\\\/\\\/www.rebostavilluis.com\\\/es\\\/?s={search_term_string}\"},\"query-input\":{\"@type\":\"PropertyValueSpecification\",\"valueRequired\":true,\"valueName\":\"search_term_string\"}}],\"inLanguage\":\"es\"},{\"@type\":\"Organization\",\"@id\":\"https:\\\/\\\/www.rebostavilluis.com\\\/es\\\/#organization\",\"name\":\"El Rebost de l'Avi llu&iacute;s\",\"url\":\"https:\\\/\\\/www.rebostavilluis.com\\\/es\\\/\",\"logo\":{\"@type\":\"ImageObject\",\"inLanguage\":\"es\",\"@id\":\"https:\\\/\\\/www.rebostavilluis.com\\\/es\\\/#\\\/schema\\\/logo\\\/image\\\/\",\"url\":\"https:\\\/\\\/www.rebostavilluis.com\\\/wp-content\\\/uploads\\\/2021\\\/06\\\/logo.png\",\"contentUrl\":\"https:\\\/\\\/www.rebostavilluis.com\\\/wp-content\\\/uploads\\\/2021\\\/06\\\/logo.png\",\"width\":273,\"height\":74,\"caption\":\"El Rebost de l'Avi llu&iacute;s\"},\"image\":{\"@id\":\"https:\\\/\\\/www.rebostavilluis.com\\\/es\\\/#\\\/schema\\\/logo\\\/image\\\/\"}}]}<\/script>\n<!-- \/ Yoast SEO plugin. -->","yoast_head_json":{"title":"Estuche de 6 Aceites Condimentados \u00b7 La Chinata - El Rebost de l'Avi llu&iacute;s","description":"Estuche de 6 aceites condimentados La Chinata (25ml x 6) en el Rebost de l'Avi Llu\u00eds. Una selecci\u00f3n gourmet con aromas de ajo, guindilla, albahaca, boletus y m\u00e1s. \u00a1El regalo ideal!","robots":{"index":"index","follow":"follow","max-snippet":"max-snippet:-1","max-image-preview":"max-image-preview:large","max-video-preview":"max-video-preview:-1"},"canonical":"https:\/\/www.rebostavilluis.com\/es\/comprar\/estuche-de-6-aceites-condimentados-%c2%b7-la-chinata\/","og_locale":"es_ES","og_type":"article","og_title":"Estuche de 6 Aceites Condimentados \u00b7 La Chinata - El Rebost de l'Avi llu&iacute;s","og_description":"Estuche de 6 aceites condimentados La Chinata (25ml x 6) en el Rebost de l'Avi Llu\u00eds. Una selecci\u00f3n gourmet con aromas de ajo, guindilla, albahaca, boletus y m\u00e1s. \u00a1El regalo ideal!","og_url":"https:\/\/www.rebostavilluis.com\/es\/comprar\/estuche-de-6-aceites-condimentados-%c2%b7-la-chinata\/","og_site_name":"El Rebost de l'Avi llu&iacute;s","article_modified_time":"2026-03-18T11:11:37+00:00","og_image":[{"width":500,"height":500,"url":"https:\/\/www.rebostavilluis.com\/wp-content\/uploads\/2025\/12\/59f9ea96-08be-4007-897c-6b49827ef938.jpeg","type":"image\/jpeg"}],"twitter_card":"summary_large_image","twitter_misc":{"Tiempo de lectura":"1 minuto"},"schema":{"@context":"https:\/\/schema.org","@graph":[{"@type":"WebPage","@id":"https:\/\/www.rebostavilluis.com\/es\/comprar\/estuche-de-6-aceites-condimentados-%c2%b7-la-chinata\/","url":"https:\/\/www.rebostavilluis.com\/es\/comprar\/estuche-de-6-aceites-condimentados-%c2%b7-la-chinata\/","name":"Estuche de 6 Aceites Condimentados \u00b7 La Chinata - El Rebost de l'Avi llu&iacute;s","isPartOf":{"@id":"https:\/\/www.rebostavilluis.com\/es\/#website"},"primaryImageOfPage":{"@id":"https:\/\/www.rebostavilluis.com\/es\/comprar\/estuche-de-6-aceites-condimentados-%c2%b7-la-chinata\/#primaryimage"},"image":{"@id":"https:\/\/www.rebostavilluis.com\/es\/comprar\/estuche-de-6-aceites-condimentados-%c2%b7-la-chinata\/#primaryimage"},"thumbnailUrl":"https:\/\/www.rebostavilluis.com\/wp-content\/uploads\/2025\/12\/59f9ea96-08be-4007-897c-6b49827ef938.jpeg","datePublished":"2025-12-29T10:00:13+00:00","dateModified":"2026-03-18T11:11:37+00:00","description":"Estuche de 6 aceites condimentados La Chinata (25ml x 6) en el Rebost de l'Avi Llu\u00eds. Una selecci\u00f3n gourmet con aromas de ajo, guindilla, albahaca, boletus y m\u00e1s. \u00a1El regalo ideal!","breadcrumb":{"@id":"https:\/\/www.rebostavilluis.com\/es\/comprar\/estuche-de-6-aceites-condimentados-%c2%b7-la-chinata\/#breadcrumb"},"inLanguage":"es","potentialAction":[{"@type":"ReadAction","target":["https:\/\/www.rebostavilluis.com\/es\/comprar\/estuche-de-6-aceites-condimentados-%c2%b7-la-chinata\/"]}]},{"@type":"ImageObject","inLanguage":"es","@id":"https:\/\/www.rebostavilluis.com\/es\/comprar\/estuche-de-6-aceites-condimentados-%c2%b7-la-chinata\/#primaryimage","url":"https:\/\/www.rebostavilluis.com\/wp-content\/uploads\/2025\/12\/59f9ea96-08be-4007-897c-6b49827ef938.jpeg","contentUrl":"https:\/\/www.rebostavilluis.com\/wp-content\/uploads\/2025\/12\/59f9ea96-08be-4007-897c-6b49827ef938.jpeg","width":500,"height":500},{"@type":"BreadcrumbList","@id":"https:\/\/www.rebostavilluis.com\/es\/comprar\/estuche-de-6-aceites-condimentados-%c2%b7-la-chinata\/#breadcrumb","itemListElement":[{"@type":"ListItem","position":1,"name":"Portada","item":"https:\/\/www.rebostavilluis.com\/es\/"},{"@type":"ListItem","position":2,"name":"Tienda","item":"https:\/\/www.rebostavilluis.com\/es\/tienda\/"},{"@type":"ListItem","position":3,"name":"Estuche de 6 Aceites Condimentados \u00b7 La Chinata"}]},{"@type":"WebSite","@id":"https:\/\/www.rebostavilluis.com\/es\/#website","url":"https:\/\/www.rebostavilluis.com\/es\/","name":"El Rebost de l'Avi llu&iacute;s","description":"Mel del Perell&oacute;","publisher":{"@id":"https:\/\/www.rebostavilluis.com\/es\/#organization"},"potentialAction":[{"@type":"SearchAction","target":{"@type":"EntryPoint","urlTemplate":"https:\/\/www.rebostavilluis.com\/es\/?s={search_term_string}"},"query-input":{"@type":"PropertyValueSpecification","valueRequired":true,"valueName":"search_term_string"}}],"inLanguage":"es"},{"@type":"Organization","@id":"https:\/\/www.rebostavilluis.com\/es\/#organization","name":"El Rebost de l'Avi llu&iacute;s","url":"https:\/\/www.rebostavilluis.com\/es\/","logo":{"@type":"ImageObject","inLanguage":"es","@id":"https:\/\/www.rebostavilluis.com\/es\/#\/schema\/logo\/image\/","url":"https:\/\/www.rebostavilluis.com\/wp-content\/uploads\/2021\/06\/logo.png","contentUrl":"https:\/\/www.rebostavilluis.com\/wp-content\/uploads\/2021\/06\/logo.png","width":273,"height":74,"caption":"El Rebost de l'Avi llu&iacute;s"},"image":{"@id":"https:\/\/www.rebostavilluis.com\/es\/#\/schema\/logo\/image\/"}}]}},"_links":{"self":[{"href":"https:\/\/www.rebostavilluis.com\/es\/wp-json\/wp\/v2\/product\/17511","targetHints":{"allow":["GET"]}}],"collection":[{"href":"https:\/\/www.rebostavilluis.com\/es\/wp-json\/wp\/v2\/product"}],"about":[{"href":"https:\/\/www.rebostavilluis.com\/es\/wp-json\/wp\/v2\/types\/product"}],"wp:featuredmedia":[{"embeddable":true,"href":"https:\/\/www.rebostavilluis.com\/es\/wp-json\/wp\/v2\/media\/16694"}],"wp:attachment":[{"href":"https:\/\/www.rebostavilluis.com\/es\/wp-json\/wp\/v2\/media?parent=17511"}],"wp:term":[{"taxonomy":"product_brand","embeddable":true,"href":"https:\/\/www.rebostavilluis.com\/es\/wp-json\/wp\/v2\/product_brand?post=17511"},{"taxonomy":"product_cat","embeddable":true,"href":"https:\/\/www.rebostavilluis.com\/es\/wp-json\/wp\/v2\/product_cat?post=17511"},{"taxonomy":"product_tag","embeddable":true,"href":"https:\/\/www.rebostavilluis.com\/es\/wp-json\/wp\/v2\/product_tag?post=17511"}],"curies":[{"name":"wp","href":"https:\/\/api.w.org\/{rel}","templated":true}]}}