{"id":17514,"date":"2026-03-04T10:54:42","date_gmt":"2026-03-04T09:54:42","guid":{"rendered":"https:\/\/www.rebostavilluis.com\/comprar\/miel-de-castano-970g\/"},"modified":"2026-03-18T12:20:22","modified_gmt":"2026-03-18T11:20:22","slug":"miel-de-castano-970g","status":"publish","type":"product","link":"https:\/\/www.rebostavilluis.com\/es\/comprar\/miel-de-castano-970g\/","title":{"rendered":"Miel de Casta\u00f1o 970g"},"content":{"rendered":"","protected":false},"excerpt":{"rendered":"<p data-path-to-node=\"7\">La <b data-path-to-node=\"7\" data-index-in-node=\"25\">Miel de Casta\u00f1o<\/b> es una de las variedades m\u00e1s preciadas y singulares del <b data-path-to-node=\"7\" data-index-in-node=\"97\">Rebost de l&#8217;Avi Llu\u00eds<\/b>. De color \u00e1mbar oscuro y aroma floral intenso, destaca por un sabor profundo, persistente y con unas claras notas saladas y ligeramente amargas al final. Es una miel rica en hierro y minerales, ideal para aquellos que prefieren las mieles con car\u00e1cter y menos empalagosas.<\/p>\n<ul data-path-to-node=\"8\">\n<li>\n<p data-path-to-node=\"8,0,0\"><b data-path-to-node=\"8,0,0\" data-index-in-node=\"0\">Formato:<\/b> Tarro de cristal de 970g (formato grande familiar).<\/p>\n<\/li>\n<li>\n<p data-path-to-node=\"8,1,0\"><b data-path-to-node=\"8,1,0\" data-index-in-node=\"0\">Origen:<\/b> Bosques de casta\u00f1os de zonas de monta\u00f1a.<\/p>\n<\/li>\n<li>\n<p data-path-to-node=\"8,2,0\"><b data-path-to-node=\"8,2,0\" data-index-in-node=\"0\">Caracter\u00edsticas:<\/b> Color oscuro, textura densa y cristalizaci\u00f3n lenta.<\/p>\n<\/li>\n<li>\n<p data-path-to-node=\"8,3,0\"><b data-path-to-node=\"8,3,0\" data-index-in-node=\"0\">Consejos de uso:<\/b> Marida a la perfecci\u00f3n con carnes a la brasa, quesos curados o azules, y es el complemento ideal para endulzar y dar cuerpo a infusiones o yogures naturales.<\/p>\n<\/li>\n<\/ul>\n","protected":false},"featured_media":17369,"template":"","meta":{"_joinchat":[]},"product_brand":[],"product_cat":[142],"product_tag":[],"class_list":{"0":"post-17514","1":"product","2":"type-product","3":"status-publish","4":"has-post-thumbnail","6":"product_cat-nadal","7":"infinite-scroll-item","8":"sales-flash-overlay","9":"woocommerce-text-align-center","10":"woocommerce-image-align-center","11":"do-quantity-buttons","13":"first","14":"instock","15":"shipping-taxable","16":"purchasable","17":"product-type-simple"},"yoast_head":"<!-- This site is optimized with the Yoast SEO plugin v27.3 - https:\/\/yoast.com\/product\/yoast-seo-wordpress\/ -->\n<title>Miel de Casta\u00f1o 970g - El Rebost de l&#039;Avi llu&iacute;s<\/title>\n<meta name=\"robots\" content=\"index, follow, max-snippet:-1, max-image-preview:large, max-video-preview:-1\" \/>\n<link rel=\"canonical\" href=\"https:\/\/www.rebostavilluis.com\/es\/comprar\/miel-de-castano-970g\/\" \/>\n<meta property=\"og:locale\" content=\"es_ES\" \/>\n<meta property=\"og:type\" content=\"article\" \/>\n<meta property=\"og:title\" content=\"Miel de Casta\u00f1o 970g - El Rebost de l&#039;Avi llu&iacute;s\" \/>\n<meta property=\"og:description\" content=\"La Miel de Casta\u00f1o es una de las variedades m\u00e1s preciadas y singulares del Rebost de l&#039;Avi Llu\u00eds. De color \u00e1mbar oscuro y aroma floral intenso, destaca por un sabor profundo, persistente y con unas claras notas saladas y ligeramente amargas al final. Es una miel rica en hierro y minerales, ideal para aquellos que prefieren las mieles con car\u00e1cter y menos empalagosas.     Formato: Tarro de cristal de 970g (formato grande familiar).    Origen: Bosques de casta\u00f1os de zonas de monta\u00f1a.    Caracter\u00edsticas: Color oscuro, textura densa y cristalizaci\u00f3n lenta.    Consejos de uso: Marida a la perfecci\u00f3n con carnes a la brasa, quesos curados o azules, y es el complemento ideal para endulzar y dar cuerpo a infusiones o yogures naturales.\" \/>\n<meta property=\"og:url\" content=\"https:\/\/www.rebostavilluis.com\/es\/comprar\/miel-de-castano-970g\/\" \/>\n<meta property=\"og:site_name\" content=\"El Rebost de l&#039;Avi llu&iacute;s\" \/>\n<meta property=\"article:modified_time\" content=\"2026-03-18T11:20:22+00:00\" \/>\n<meta property=\"og:image\" content=\"https:\/\/www.rebostavilluis.com\/wp-content\/uploads\/2026\/03\/Mel-de-Castanyer.jpg\" \/>\n\t<meta property=\"og:image:width\" content=\"1024\" \/>\n\t<meta property=\"og:image:height\" content=\"1024\" \/>\n\t<meta property=\"og:image:type\" content=\"image\/jpeg\" \/>\n<meta name=\"twitter:card\" content=\"summary_large_image\" \/>\n<script type=\"application\/ld+json\" class=\"yoast-schema-graph\">{\"@context\":\"https:\\\/\\\/schema.org\",\"@graph\":[{\"@type\":\"WebPage\",\"@id\":\"https:\\\/\\\/www.rebostavilluis.com\\\/es\\\/comprar\\\/miel-de-castano-970g\\\/\",\"url\":\"https:\\\/\\\/www.rebostavilluis.com\\\/es\\\/comprar\\\/miel-de-castano-970g\\\/\",\"name\":\"Miel de Casta\u00f1o 970g - El Rebost de l'Avi llu&iacute;s\",\"isPartOf\":{\"@id\":\"https:\\\/\\\/www.rebostavilluis.com\\\/es\\\/#website\"},\"primaryImageOfPage\":{\"@id\":\"https:\\\/\\\/www.rebostavilluis.com\\\/es\\\/comprar\\\/miel-de-castano-970g\\\/#primaryimage\"},\"image\":{\"@id\":\"https:\\\/\\\/www.rebostavilluis.com\\\/es\\\/comprar\\\/miel-de-castano-970g\\\/#primaryimage\"},\"thumbnailUrl\":\"https:\\\/\\\/www.rebostavilluis.com\\\/wp-content\\\/uploads\\\/2026\\\/03\\\/Mel-de-Castanyer.jpg\",\"datePublished\":\"2026-03-04T09:54:42+00:00\",\"dateModified\":\"2026-03-18T11:20:22+00:00\",\"breadcrumb\":{\"@id\":\"https:\\\/\\\/www.rebostavilluis.com\\\/es\\\/comprar\\\/miel-de-castano-970g\\\/#breadcrumb\"},\"inLanguage\":\"es\",\"potentialAction\":[{\"@type\":\"ReadAction\",\"target\":[\"https:\\\/\\\/www.rebostavilluis.com\\\/es\\\/comprar\\\/miel-de-castano-970g\\\/\"]}]},{\"@type\":\"ImageObject\",\"inLanguage\":\"es\",\"@id\":\"https:\\\/\\\/www.rebostavilluis.com\\\/es\\\/comprar\\\/miel-de-castano-970g\\\/#primaryimage\",\"url\":\"https:\\\/\\\/www.rebostavilluis.com\\\/wp-content\\\/uploads\\\/2026\\\/03\\\/Mel-de-Castanyer.jpg\",\"contentUrl\":\"https:\\\/\\\/www.rebostavilluis.com\\\/wp-content\\\/uploads\\\/2026\\\/03\\\/Mel-de-Castanyer.jpg\",\"width\":1024,\"height\":1024},{\"@type\":\"BreadcrumbList\",\"@id\":\"https:\\\/\\\/www.rebostavilluis.com\\\/es\\\/comprar\\\/miel-de-castano-970g\\\/#breadcrumb\",\"itemListElement\":[{\"@type\":\"ListItem\",\"position\":1,\"name\":\"Portada\",\"item\":\"https:\\\/\\\/www.rebostavilluis.com\\\/es\\\/\"},{\"@type\":\"ListItem\",\"position\":2,\"name\":\"Tienda\",\"item\":\"https:\\\/\\\/www.rebostavilluis.com\\\/es\\\/tienda\\\/\"},{\"@type\":\"ListItem\",\"position\":3,\"name\":\"Miel de Casta\u00f1o 970g\"}]},{\"@type\":\"WebSite\",\"@id\":\"https:\\\/\\\/www.rebostavilluis.com\\\/es\\\/#website\",\"url\":\"https:\\\/\\\/www.rebostavilluis.com\\\/es\\\/\",\"name\":\"El Rebost de l'Avi llu&iacute;s\",\"description\":\"Mel del Perell&oacute;\",\"publisher\":{\"@id\":\"https:\\\/\\\/www.rebostavilluis.com\\\/es\\\/#organization\"},\"potentialAction\":[{\"@type\":\"SearchAction\",\"target\":{\"@type\":\"EntryPoint\",\"urlTemplate\":\"https:\\\/\\\/www.rebostavilluis.com\\\/es\\\/?s={search_term_string}\"},\"query-input\":{\"@type\":\"PropertyValueSpecification\",\"valueRequired\":true,\"valueName\":\"search_term_string\"}}],\"inLanguage\":\"es\"},{\"@type\":\"Organization\",\"@id\":\"https:\\\/\\\/www.rebostavilluis.com\\\/es\\\/#organization\",\"name\":\"El Rebost de l'Avi llu&iacute;s\",\"url\":\"https:\\\/\\\/www.rebostavilluis.com\\\/es\\\/\",\"logo\":{\"@type\":\"ImageObject\",\"inLanguage\":\"es\",\"@id\":\"https:\\\/\\\/www.rebostavilluis.com\\\/es\\\/#\\\/schema\\\/logo\\\/image\\\/\",\"url\":\"https:\\\/\\\/www.rebostavilluis.com\\\/wp-content\\\/uploads\\\/2021\\\/06\\\/logo.png\",\"contentUrl\":\"https:\\\/\\\/www.rebostavilluis.com\\\/wp-content\\\/uploads\\\/2021\\\/06\\\/logo.png\",\"width\":273,\"height\":74,\"caption\":\"El Rebost de l'Avi llu&iacute;s\"},\"image\":{\"@id\":\"https:\\\/\\\/www.rebostavilluis.com\\\/es\\\/#\\\/schema\\\/logo\\\/image\\\/\"}}]}<\/script>\n<!-- \/ Yoast SEO plugin. -->","yoast_head_json":{"title":"Miel de Casta\u00f1o 970g - El Rebost de l'Avi llu&iacute;s","robots":{"index":"index","follow":"follow","max-snippet":"max-snippet:-1","max-image-preview":"max-image-preview:large","max-video-preview":"max-video-preview:-1"},"canonical":"https:\/\/www.rebostavilluis.com\/es\/comprar\/miel-de-castano-970g\/","og_locale":"es_ES","og_type":"article","og_title":"Miel de Casta\u00f1o 970g - El Rebost de l'Avi llu&iacute;s","og_description":"La Miel de Casta\u00f1o es una de las variedades m\u00e1s preciadas y singulares del Rebost de l'Avi Llu\u00eds. De color \u00e1mbar oscuro y aroma floral intenso, destaca por un sabor profundo, persistente y con unas claras notas saladas y ligeramente amargas al final. Es una miel rica en hierro y minerales, ideal para aquellos que prefieren las mieles con car\u00e1cter y menos empalagosas.     Formato: Tarro de cristal de 970g (formato grande familiar).    Origen: Bosques de casta\u00f1os de zonas de monta\u00f1a.    Caracter\u00edsticas: Color oscuro, textura densa y cristalizaci\u00f3n lenta.    Consejos de uso: Marida a la perfecci\u00f3n con carnes a la brasa, quesos curados o azules, y es el complemento ideal para endulzar y dar cuerpo a infusiones o yogures naturales.","og_url":"https:\/\/www.rebostavilluis.com\/es\/comprar\/miel-de-castano-970g\/","og_site_name":"El Rebost de l'Avi llu&iacute;s","article_modified_time":"2026-03-18T11:20:22+00:00","og_image":[{"width":1024,"height":1024,"url":"https:\/\/www.rebostavilluis.com\/wp-content\/uploads\/2026\/03\/Mel-de-Castanyer.jpg","type":"image\/jpeg"}],"twitter_card":"summary_large_image","schema":{"@context":"https:\/\/schema.org","@graph":[{"@type":"WebPage","@id":"https:\/\/www.rebostavilluis.com\/es\/comprar\/miel-de-castano-970g\/","url":"https:\/\/www.rebostavilluis.com\/es\/comprar\/miel-de-castano-970g\/","name":"Miel de Casta\u00f1o 970g - El Rebost de l'Avi llu&iacute;s","isPartOf":{"@id":"https:\/\/www.rebostavilluis.com\/es\/#website"},"primaryImageOfPage":{"@id":"https:\/\/www.rebostavilluis.com\/es\/comprar\/miel-de-castano-970g\/#primaryimage"},"image":{"@id":"https:\/\/www.rebostavilluis.com\/es\/comprar\/miel-de-castano-970g\/#primaryimage"},"thumbnailUrl":"https:\/\/www.rebostavilluis.com\/wp-content\/uploads\/2026\/03\/Mel-de-Castanyer.jpg","datePublished":"2026-03-04T09:54:42+00:00","dateModified":"2026-03-18T11:20:22+00:00","breadcrumb":{"@id":"https:\/\/www.rebostavilluis.com\/es\/comprar\/miel-de-castano-970g\/#breadcrumb"},"inLanguage":"es","potentialAction":[{"@type":"ReadAction","target":["https:\/\/www.rebostavilluis.com\/es\/comprar\/miel-de-castano-970g\/"]}]},{"@type":"ImageObject","inLanguage":"es","@id":"https:\/\/www.rebostavilluis.com\/es\/comprar\/miel-de-castano-970g\/#primaryimage","url":"https:\/\/www.rebostavilluis.com\/wp-content\/uploads\/2026\/03\/Mel-de-Castanyer.jpg","contentUrl":"https:\/\/www.rebostavilluis.com\/wp-content\/uploads\/2026\/03\/Mel-de-Castanyer.jpg","width":1024,"height":1024},{"@type":"BreadcrumbList","@id":"https:\/\/www.rebostavilluis.com\/es\/comprar\/miel-de-castano-970g\/#breadcrumb","itemListElement":[{"@type":"ListItem","position":1,"name":"Portada","item":"https:\/\/www.rebostavilluis.com\/es\/"},{"@type":"ListItem","position":2,"name":"Tienda","item":"https:\/\/www.rebostavilluis.com\/es\/tienda\/"},{"@type":"ListItem","position":3,"name":"Miel de Casta\u00f1o 970g"}]},{"@type":"WebSite","@id":"https:\/\/www.rebostavilluis.com\/es\/#website","url":"https:\/\/www.rebostavilluis.com\/es\/","name":"El Rebost de l'Avi llu&iacute;s","description":"Mel del Perell&oacute;","publisher":{"@id":"https:\/\/www.rebostavilluis.com\/es\/#organization"},"potentialAction":[{"@type":"SearchAction","target":{"@type":"EntryPoint","urlTemplate":"https:\/\/www.rebostavilluis.com\/es\/?s={search_term_string}"},"query-input":{"@type":"PropertyValueSpecification","valueRequired":true,"valueName":"search_term_string"}}],"inLanguage":"es"},{"@type":"Organization","@id":"https:\/\/www.rebostavilluis.com\/es\/#organization","name":"El Rebost de l'Avi llu&iacute;s","url":"https:\/\/www.rebostavilluis.com\/es\/","logo":{"@type":"ImageObject","inLanguage":"es","@id":"https:\/\/www.rebostavilluis.com\/es\/#\/schema\/logo\/image\/","url":"https:\/\/www.rebostavilluis.com\/wp-content\/uploads\/2021\/06\/logo.png","contentUrl":"https:\/\/www.rebostavilluis.com\/wp-content\/uploads\/2021\/06\/logo.png","width":273,"height":74,"caption":"El Rebost de l'Avi llu&iacute;s"},"image":{"@id":"https:\/\/www.rebostavilluis.com\/es\/#\/schema\/logo\/image\/"}}]}},"_links":{"self":[{"href":"https:\/\/www.rebostavilluis.com\/es\/wp-json\/wp\/v2\/product\/17514","targetHints":{"allow":["GET"]}}],"collection":[{"href":"https:\/\/www.rebostavilluis.com\/es\/wp-json\/wp\/v2\/product"}],"about":[{"href":"https:\/\/www.rebostavilluis.com\/es\/wp-json\/wp\/v2\/types\/product"}],"wp:featuredmedia":[{"embeddable":true,"href":"https:\/\/www.rebostavilluis.com\/es\/wp-json\/wp\/v2\/media\/17369"}],"wp:attachment":[{"href":"https:\/\/www.rebostavilluis.com\/es\/wp-json\/wp\/v2\/media?parent=17514"}],"wp:term":[{"taxonomy":"product_brand","embeddable":true,"href":"https:\/\/www.rebostavilluis.com\/es\/wp-json\/wp\/v2\/product_brand?post=17514"},{"taxonomy":"product_cat","embeddable":true,"href":"https:\/\/www.rebostavilluis.com\/es\/wp-json\/wp\/v2\/product_cat?post=17514"},{"taxonomy":"product_tag","embeddable":true,"href":"https:\/\/www.rebostavilluis.com\/es\/wp-json\/wp\/v2\/product_tag?post=17514"}],"curies":[{"name":"wp","href":"https:\/\/api.w.org\/{rel}","templated":true}]}}