{"id":2794,"date":"2019-01-13T23:24:03","date_gmt":"2019-01-13T22:24:03","guid":{"rendered":"https:\/\/www.rebostavilluis.com\/comprar\/miel-de-romero-1000-gr\/"},"modified":"2025-04-02T18:55:14","modified_gmt":"2025-04-02T16:55:14","slug":"miel-de-romero-1000-gr","status":"publish","type":"product","link":"https:\/\/www.rebostavilluis.com\/es\/comprar\/miel-de-romero-1000-gr\/","title":{"rendered":"Miel de Romero 970gr."},"content":{"rendered":"<p>Miel de romero 970gr<\/p>\n<p>La <a href=\"https:\/\/www.meldelperello.com\/es\/comprar-miel\/de-romero\/\">miel de romero<\/a>\u00a0es producida por el n\u00e9ctar de la flor de romero (ROSMARINUS OFFICINALIS). Esta miel tiene un color muy claro y una aroma floral ligera y un poco persistente.<\/p>\n<h4><strong>\u00bfD\u00f3nde la producimos? <\/strong><\/h4>\n<p>La mayor\u00eda de la miel de romero la producimos dentro de la reserva de la biosfera de les Terres de l&#8217;Ebre, sin embargo tambi\u00e9n producimos en el bajo Arag\u00f3n y la Catalu\u00f1a central.<\/p>\n<p>El tiempo de producci\u00f3n es muy extenso, ya que empezamos la extracci\u00f3n en marzo en las zonas litorales y terminamos en mayo en las zonas m\u00e1s interiores.<\/p>\n<h4><strong>\u00bfCu\u00e1les son sus propiedades? <\/strong><\/h4>\n<p>La miel de romero es conocida por su suavidad y su delicado aroma floral, lo que la convierte en una opci\u00f3n vers\u00e1til en la cocina. Su sabor armonioso la hace perfecta para endulzar bebidas como caf\u00e9 o leche, as\u00ed como para integrarse en recetas de alta gastronom\u00eda.<\/p>\n<p>Adem\u00e1s de su atractivo culinario, su textura y color claro la hacen especialmente apreciada entre los amantes de la miel.<\/p>\n<p>La pod\u00e9is adquirir en <a href=\"https:\/\/www.rebostavilluis.com\/es\/miel-de-romero\/\">distintos envases<\/a>:<\/p>\n<p>Miel de romero 50gr.<\/p>\n<p>Miel de romero 250gr.<\/p>\n<p>Miel de romero antigoteo 250gr.<\/p>\n<p>Miel de romero 500gr.<\/p>\n<p>Miel de romero antigoteo 500gr.<\/p>\n<p>Miel de romero 970gr.<\/p>\n<p>Miel de romero 2000gr.<\/p>\n<p>Miel de romero 3000gr.<\/p>\n<p>Miel de romero 6000gr.<\/p>\n<p><a href=\"https:\/\/www.rebostavilluis.com\/es\/miel-de-romero\/\">Compra ahora<\/a> miel de m\u00e1xima calidad a l\u2019Avi Llu\u00eds y disfruta del producto m\u00e1s puro y natural. Directo de la colmena, sin alteraciones!<\/p>\n","protected":false},"excerpt":{"rendered":"<p><span data-sheets-value=\"{&quot;1&quot;:2,&quot;2&quot;:&quot;Miel de color muy claro, aroma penetrante y muy agradable. Beneficiosa para combatir enfermedades y ayuda a mejorar o eliminar la acidez de estomago. Envase de 980gr&quot;}\" data-sheets-userformat=\"{&quot;2&quot;:15107,&quot;3&quot;:{&quot;1&quot;:0},&quot;4&quot;:{&quot;1&quot;:2,&quot;2&quot;:16777215},&quot;11&quot;:4,&quot;12&quot;:0,&quot;14&quot;:{&quot;1&quot;:2,&quot;2&quot;:6989903},&quot;15&quot;:&quot;Poppins, Helvetica, Arial, Verdana, sans-serif&quot;,&quot;16&quot;:7}\">Miel de color muy claro, con un aroma penetrante y agradable. Su suavidad y perfil arom\u00e1tico la convierten en una opci\u00f3n vers\u00e1til en la cocina, ideal para endulzar bebidas o complementar platos sofisticados. Envase de 970gr<\/span><\/p>\n","protected":false},"featured_media":6043,"template":"","meta":{"_joinchat":[]},"product_brand":[],"product_cat":[80,92],"product_tag":[],"class_list":{"0":"post-2794","1":"product","2":"type-product","3":"status-publish","4":"has-post-thumbnail","6":"product_cat-miel","7":"product_cat-miel-de-romero","8":"infinite-scroll-item","9":"sales-flash-overlay","10":"woocommerce-text-align-center","11":"woocommerce-image-align-center","12":"do-quantity-buttons","14":"first","15":"instock","16":"purchasable","17":"product-type-simple"},"yoast_head":"<!-- This site is optimized with the Yoast SEO plugin v27.3 - https:\/\/yoast.com\/product\/yoast-seo-wordpress\/ -->\n<title>Miel de romero 970gr - El Rebost de l&#039;Avi llu&iacute;s<\/title>\n<meta name=\"description\" content=\"Miel de romero 980gr. Compra ahora miel de m\u00e1xima calidad a l\u2019Avi Llu\u00eds y disfruta del producto m\u00e1s puro y natural. Directo de la colmena!\" \/>\n<meta name=\"robots\" content=\"index, follow, max-snippet:-1, max-image-preview:large, max-video-preview:-1\" \/>\n<link rel=\"canonical\" href=\"https:\/\/www.rebostavilluis.com\/es\/comprar\/miel-de-romero-1000-gr\/\" \/>\n<meta property=\"og:locale\" content=\"es_ES\" \/>\n<meta property=\"og:type\" content=\"article\" \/>\n<meta property=\"og:title\" content=\"Miel de romero 970gr - El Rebost de l&#039;Avi llu&iacute;s\" \/>\n<meta property=\"og:description\" content=\"Miel de romero 980gr. Compra ahora miel de m\u00e1xima calidad a l\u2019Avi Llu\u00eds y disfruta del producto m\u00e1s puro y natural. Directo de la colmena!\" \/>\n<meta property=\"og:url\" content=\"https:\/\/www.rebostavilluis.com\/es\/comprar\/miel-de-romero-1000-gr\/\" \/>\n<meta property=\"og:site_name\" content=\"El Rebost de l&#039;Avi llu&iacute;s\" \/>\n<meta property=\"article:modified_time\" content=\"2025-04-02T16:55:14+00:00\" \/>\n<meta property=\"og:image\" content=\"https:\/\/www.rebostavilluis.com\/wp-content\/uploads\/2019\/01\/Mel-de-lAvi-Llu\u00eds-gener-2020-Romani-1000g.jpg\" \/>\n\t<meta property=\"og:image:width\" content=\"300\" \/>\n\t<meta property=\"og:image:height\" content=\"300\" \/>\n\t<meta property=\"og:image:type\" content=\"image\/jpeg\" \/>\n<meta name=\"twitter:card\" content=\"summary_large_image\" \/>\n<meta name=\"twitter:label1\" content=\"Tiempo de lectura\" \/>\n\t<meta name=\"twitter:data1\" content=\"2 minutos\" \/>\n<script type=\"application\/ld+json\" class=\"yoast-schema-graph\">{\"@context\":\"https:\\\/\\\/schema.org\",\"@graph\":[{\"@type\":\"WebPage\",\"@id\":\"https:\\\/\\\/www.rebostavilluis.com\\\/es\\\/comprar\\\/miel-de-romero-1000-gr\\\/\",\"url\":\"https:\\\/\\\/www.rebostavilluis.com\\\/es\\\/comprar\\\/miel-de-romero-1000-gr\\\/\",\"name\":\"Miel de romero 970gr - El Rebost de l'Avi llu&iacute;s\",\"isPartOf\":{\"@id\":\"https:\\\/\\\/www.rebostavilluis.com\\\/es\\\/#website\"},\"primaryImageOfPage\":{\"@id\":\"https:\\\/\\\/www.rebostavilluis.com\\\/es\\\/comprar\\\/miel-de-romero-1000-gr\\\/#primaryimage\"},\"image\":{\"@id\":\"https:\\\/\\\/www.rebostavilluis.com\\\/es\\\/comprar\\\/miel-de-romero-1000-gr\\\/#primaryimage\"},\"thumbnailUrl\":\"https:\\\/\\\/www.rebostavilluis.com\\\/wp-content\\\/uploads\\\/2019\\\/01\\\/Mel-de-lAvi-Llu\u00eds-gener-2020-Romani-1000g.jpg\",\"datePublished\":\"2019-01-13T22:24:03+00:00\",\"dateModified\":\"2025-04-02T16:55:14+00:00\",\"description\":\"Miel de romero 980gr. Compra ahora miel de m\u00e1xima calidad a l\u2019Avi Llu\u00eds y disfruta del producto m\u00e1s puro y natural. Directo de la colmena!\",\"breadcrumb\":{\"@id\":\"https:\\\/\\\/www.rebostavilluis.com\\\/es\\\/comprar\\\/miel-de-romero-1000-gr\\\/#breadcrumb\"},\"inLanguage\":\"es\",\"potentialAction\":[{\"@type\":\"ReadAction\",\"target\":[\"https:\\\/\\\/www.rebostavilluis.com\\\/es\\\/comprar\\\/miel-de-romero-1000-gr\\\/\"]}]},{\"@type\":\"ImageObject\",\"inLanguage\":\"es\",\"@id\":\"https:\\\/\\\/www.rebostavilluis.com\\\/es\\\/comprar\\\/miel-de-romero-1000-gr\\\/#primaryimage\",\"url\":\"https:\\\/\\\/www.rebostavilluis.com\\\/wp-content\\\/uploads\\\/2019\\\/01\\\/Mel-de-lAvi-Llu\u00eds-gener-2020-Romani-1000g.jpg\",\"contentUrl\":\"https:\\\/\\\/www.rebostavilluis.com\\\/wp-content\\\/uploads\\\/2019\\\/01\\\/Mel-de-lAvi-Llu\u00eds-gener-2020-Romani-1000g.jpg\",\"width\":300,\"height\":300,\"caption\":\"Romero\"},{\"@type\":\"BreadcrumbList\",\"@id\":\"https:\\\/\\\/www.rebostavilluis.com\\\/es\\\/comprar\\\/miel-de-romero-1000-gr\\\/#breadcrumb\",\"itemListElement\":[{\"@type\":\"ListItem\",\"position\":1,\"name\":\"Portada\",\"item\":\"https:\\\/\\\/www.rebostavilluis.com\\\/es\\\/\"},{\"@type\":\"ListItem\",\"position\":2,\"name\":\"Tienda\",\"item\":\"https:\\\/\\\/www.rebostavilluis.com\\\/es\\\/tienda\\\/\"},{\"@type\":\"ListItem\",\"position\":3,\"name\":\"Miel de Romero 970gr.\"}]},{\"@type\":\"WebSite\",\"@id\":\"https:\\\/\\\/www.rebostavilluis.com\\\/es\\\/#website\",\"url\":\"https:\\\/\\\/www.rebostavilluis.com\\\/es\\\/\",\"name\":\"El Rebost de l'Avi llu&iacute;s\",\"description\":\"Mel del Perell&oacute;\",\"publisher\":{\"@id\":\"https:\\\/\\\/www.rebostavilluis.com\\\/es\\\/#organization\"},\"potentialAction\":[{\"@type\":\"SearchAction\",\"target\":{\"@type\":\"EntryPoint\",\"urlTemplate\":\"https:\\\/\\\/www.rebostavilluis.com\\\/es\\\/?s={search_term_string}\"},\"query-input\":{\"@type\":\"PropertyValueSpecification\",\"valueRequired\":true,\"valueName\":\"search_term_string\"}}],\"inLanguage\":\"es\"},{\"@type\":\"Organization\",\"@id\":\"https:\\\/\\\/www.rebostavilluis.com\\\/es\\\/#organization\",\"name\":\"El Rebost de l'Avi llu&iacute;s\",\"url\":\"https:\\\/\\\/www.rebostavilluis.com\\\/es\\\/\",\"logo\":{\"@type\":\"ImageObject\",\"inLanguage\":\"es\",\"@id\":\"https:\\\/\\\/www.rebostavilluis.com\\\/es\\\/#\\\/schema\\\/logo\\\/image\\\/\",\"url\":\"https:\\\/\\\/www.rebostavilluis.com\\\/wp-content\\\/uploads\\\/2021\\\/06\\\/logo.png\",\"contentUrl\":\"https:\\\/\\\/www.rebostavilluis.com\\\/wp-content\\\/uploads\\\/2021\\\/06\\\/logo.png\",\"width\":273,\"height\":74,\"caption\":\"El Rebost de l'Avi llu&iacute;s\"},\"image\":{\"@id\":\"https:\\\/\\\/www.rebostavilluis.com\\\/es\\\/#\\\/schema\\\/logo\\\/image\\\/\"}}]}<\/script>\n<!-- \/ Yoast SEO plugin. -->","yoast_head_json":{"title":"Miel de romero 970gr - El Rebost de l'Avi llu&iacute;s","description":"Miel de romero 980gr. Compra ahora miel de m\u00e1xima calidad a l\u2019Avi Llu\u00eds y disfruta del producto m\u00e1s puro y natural. Directo de la colmena!","robots":{"index":"index","follow":"follow","max-snippet":"max-snippet:-1","max-image-preview":"max-image-preview:large","max-video-preview":"max-video-preview:-1"},"canonical":"https:\/\/www.rebostavilluis.com\/es\/comprar\/miel-de-romero-1000-gr\/","og_locale":"es_ES","og_type":"article","og_title":"Miel de romero 970gr - El Rebost de l'Avi llu&iacute;s","og_description":"Miel de romero 980gr. Compra ahora miel de m\u00e1xima calidad a l\u2019Avi Llu\u00eds y disfruta del producto m\u00e1s puro y natural. Directo de la colmena!","og_url":"https:\/\/www.rebostavilluis.com\/es\/comprar\/miel-de-romero-1000-gr\/","og_site_name":"El Rebost de l'Avi llu&iacute;s","article_modified_time":"2025-04-02T16:55:14+00:00","og_image":[{"width":300,"height":300,"url":"https:\/\/www.rebostavilluis.com\/wp-content\/uploads\/2019\/01\/Mel-de-lAvi-Llu\u00eds-gener-2020-Romani-1000g.jpg","type":"image\/jpeg"}],"twitter_card":"summary_large_image","twitter_misc":{"Tiempo de lectura":"2 minutos"},"schema":{"@context":"https:\/\/schema.org","@graph":[{"@type":"WebPage","@id":"https:\/\/www.rebostavilluis.com\/es\/comprar\/miel-de-romero-1000-gr\/","url":"https:\/\/www.rebostavilluis.com\/es\/comprar\/miel-de-romero-1000-gr\/","name":"Miel de romero 970gr - El Rebost de l'Avi llu&iacute;s","isPartOf":{"@id":"https:\/\/www.rebostavilluis.com\/es\/#website"},"primaryImageOfPage":{"@id":"https:\/\/www.rebostavilluis.com\/es\/comprar\/miel-de-romero-1000-gr\/#primaryimage"},"image":{"@id":"https:\/\/www.rebostavilluis.com\/es\/comprar\/miel-de-romero-1000-gr\/#primaryimage"},"thumbnailUrl":"https:\/\/www.rebostavilluis.com\/wp-content\/uploads\/2019\/01\/Mel-de-lAvi-Llu\u00eds-gener-2020-Romani-1000g.jpg","datePublished":"2019-01-13T22:24:03+00:00","dateModified":"2025-04-02T16:55:14+00:00","description":"Miel de romero 980gr. Compra ahora miel de m\u00e1xima calidad a l\u2019Avi Llu\u00eds y disfruta del producto m\u00e1s puro y natural. Directo de la colmena!","breadcrumb":{"@id":"https:\/\/www.rebostavilluis.com\/es\/comprar\/miel-de-romero-1000-gr\/#breadcrumb"},"inLanguage":"es","potentialAction":[{"@type":"ReadAction","target":["https:\/\/www.rebostavilluis.com\/es\/comprar\/miel-de-romero-1000-gr\/"]}]},{"@type":"ImageObject","inLanguage":"es","@id":"https:\/\/www.rebostavilluis.com\/es\/comprar\/miel-de-romero-1000-gr\/#primaryimage","url":"https:\/\/www.rebostavilluis.com\/wp-content\/uploads\/2019\/01\/Mel-de-lAvi-Llu\u00eds-gener-2020-Romani-1000g.jpg","contentUrl":"https:\/\/www.rebostavilluis.com\/wp-content\/uploads\/2019\/01\/Mel-de-lAvi-Llu\u00eds-gener-2020-Romani-1000g.jpg","width":300,"height":300,"caption":"Romero"},{"@type":"BreadcrumbList","@id":"https:\/\/www.rebostavilluis.com\/es\/comprar\/miel-de-romero-1000-gr\/#breadcrumb","itemListElement":[{"@type":"ListItem","position":1,"name":"Portada","item":"https:\/\/www.rebostavilluis.com\/es\/"},{"@type":"ListItem","position":2,"name":"Tienda","item":"https:\/\/www.rebostavilluis.com\/es\/tienda\/"},{"@type":"ListItem","position":3,"name":"Miel de Romero 970gr."}]},{"@type":"WebSite","@id":"https:\/\/www.rebostavilluis.com\/es\/#website","url":"https:\/\/www.rebostavilluis.com\/es\/","name":"El Rebost de l'Avi llu&iacute;s","description":"Mel del Perell&oacute;","publisher":{"@id":"https:\/\/www.rebostavilluis.com\/es\/#organization"},"potentialAction":[{"@type":"SearchAction","target":{"@type":"EntryPoint","urlTemplate":"https:\/\/www.rebostavilluis.com\/es\/?s={search_term_string}"},"query-input":{"@type":"PropertyValueSpecification","valueRequired":true,"valueName":"search_term_string"}}],"inLanguage":"es"},{"@type":"Organization","@id":"https:\/\/www.rebostavilluis.com\/es\/#organization","name":"El Rebost de l'Avi llu&iacute;s","url":"https:\/\/www.rebostavilluis.com\/es\/","logo":{"@type":"ImageObject","inLanguage":"es","@id":"https:\/\/www.rebostavilluis.com\/es\/#\/schema\/logo\/image\/","url":"https:\/\/www.rebostavilluis.com\/wp-content\/uploads\/2021\/06\/logo.png","contentUrl":"https:\/\/www.rebostavilluis.com\/wp-content\/uploads\/2021\/06\/logo.png","width":273,"height":74,"caption":"El Rebost de l'Avi llu&iacute;s"},"image":{"@id":"https:\/\/www.rebostavilluis.com\/es\/#\/schema\/logo\/image\/"}}]}},"_links":{"self":[{"href":"https:\/\/www.rebostavilluis.com\/es\/wp-json\/wp\/v2\/product\/2794","targetHints":{"allow":["GET"]}}],"collection":[{"href":"https:\/\/www.rebostavilluis.com\/es\/wp-json\/wp\/v2\/product"}],"about":[{"href":"https:\/\/www.rebostavilluis.com\/es\/wp-json\/wp\/v2\/types\/product"}],"wp:featuredmedia":[{"embeddable":true,"href":"https:\/\/www.rebostavilluis.com\/es\/wp-json\/wp\/v2\/media\/6043"}],"wp:attachment":[{"href":"https:\/\/www.rebostavilluis.com\/es\/wp-json\/wp\/v2\/media?parent=2794"}],"wp:term":[{"taxonomy":"product_brand","embeddable":true,"href":"https:\/\/www.rebostavilluis.com\/es\/wp-json\/wp\/v2\/product_brand?post=2794"},{"taxonomy":"product_cat","embeddable":true,"href":"https:\/\/www.rebostavilluis.com\/es\/wp-json\/wp\/v2\/product_cat?post=2794"},{"taxonomy":"product_tag","embeddable":true,"href":"https:\/\/www.rebostavilluis.com\/es\/wp-json\/wp\/v2\/product_tag?post=2794"}],"curies":[{"name":"wp","href":"https:\/\/api.w.org\/{rel}","templated":true}]}}