{"id":2813,"date":"2019-01-13T23:24:03","date_gmt":"2019-01-13T22:24:03","guid":{"rendered":"https:\/\/www.rebostavilluis.com\/comprar\/miel-de-azahar-antigoteo-250-gr\/"},"modified":"2025-04-02T19:08:04","modified_gmt":"2025-04-02T17:08:04","slug":"miel-de-azahar-antigoteo-250-gr","status":"publish","type":"product","link":"https:\/\/www.rebostavilluis.com\/es\/comprar\/miel-de-azahar-antigoteo-250-gr\/","title":{"rendered":"Miel de Azahar &#8211; Antigoteo 250gr."},"content":{"rendered":"<p>Miel de azahar 250gr antigoteo.<\/p>\n<p>La <a href=\"https:\/\/www.meldelperello.com\/es\/productos\/miel\/naranjo\/\">miel de azahar<\/a>\u00a0es producida por el n\u00e9ctar de la flor de diferentes c\u00edtricos, como el naranjo, el limonero y el mandarino (CITRUS SPP.PL). Esta miel tiene un color amarillo \u00e1mbar, es muy perfumada y de un sabor muy suave y afrutado. Tiene un aroma muy caracter\u00edstico a causa del antranilato de Meliteno (sustancia natural que contiene la flor de naranjo),<span class=\"Y2IQFc\" lang=\"es\">\u00a0que recuerda el olor del naranjo florido. Su intensidad y persistencia var\u00eda en funci\u00f3n de la zona y las variedades y riqueza de los c\u00edtricos.<\/span><\/p>\n<h4><strong>\u00bfD\u00f3nde la producimos? <\/strong><\/h4>\n<p>La miel de azahar la producimos con su totalidad dentro de la reserva de la biosfera de les \u00abTerres de l\u2019Ebre\u00bb y en las plantaciones de c\u00edtricos del sud de Catalu\u00f1a. Generalmente empieza a principios de abril y normalmente finaliza a finales de mayo.<\/p>\n<h4>\u00bfCu\u00e1les son sus propiedades?<\/h4>\n<p>La miel de azahar se caracteriza por su suavidad y delicadeza al paladar, con un aroma floral que la hace especialmente apreciada en la cocina. Su textura y perfil arom\u00e1tico la convierten en un ingrediente vers\u00e1til, ideal para endulzar bebidas o complementar recetas con un toque elegante.<\/p>\n<p>Adem\u00e1s de su uso culinario, tambi\u00e9n se emplea en la elaboraci\u00f3n de productos cosm\u00e9ticos gracias a sus cualidades naturales.<\/p>\n<p>La pod\u00e9is encontrar en <a href=\"https:\/\/www.rebostavilluis.com\/es\/miel-de-azahar\/\">distintos envases<\/a>:<\/p>\n<p>Miel de azahar 50gr.<\/p>\n<p>Miel de azahar 250gr.<\/p>\n<p>Miel de azahar antigoteo 250gr.<\/p>\n<p>Miel de azahar 500gr.<\/p>\n<p>Miel de azahar antigoteo 500gr.<\/p>\n<p>Miel de azahar\u00a0980gr.<\/p>\n<p>Miel de azahar 2000gr.<\/p>\n<p>Miel de azahar 3000gr.<\/p>\n<p>Miel de azahar 6000gr.<\/p>\n<p><a href=\"https:\/\/www.rebostavilluis.com\/es\/miel-de-azahar\/\">Compra ahora<\/a> miel de m\u00e1xima calidad en l\u2019Avi Llu\u00eds y disfruta del producto m\u00e1s puro y natural. \u00a1De la colmena al bote, sin alteraciones!<\/p>\n","protected":false},"excerpt":{"rendered":"<p>Miel de color amarillo \u00e1mbar, con un perfume intenso y un sabor delicado, suave y afrutado. Su perfil arom\u00e1tico la hace especialmente apreciada en la cocina, donde se utiliza para endulzar y realzar el sabor de diversas preparaciones.<\/p>\n","protected":false},"featured_media":6086,"template":"","meta":{"_joinchat":[]},"product_brand":[],"product_cat":[80,93],"product_tag":[],"class_list":{"0":"post-2813","1":"product","2":"type-product","3":"status-publish","4":"has-post-thumbnail","6":"product_cat-miel","7":"product_cat-miel-de-azahar","8":"infinite-scroll-item","9":"sales-flash-overlay","10":"woocommerce-text-align-center","11":"woocommerce-image-align-center","12":"do-quantity-buttons","14":"first","15":"instock","16":"purchasable","17":"product-type-simple"},"yoast_head":"<!-- This site is optimized with the Yoast SEO plugin v27.3 - https:\/\/yoast.com\/product\/yoast-seo-wordpress\/ -->\n<title>Miel de Azahar - Antigoteo 250gr. - El Rebost de l&#039;Avi llu&iacute;s<\/title>\n<meta name=\"description\" content=\"Miel de azahar 250gr antigoteo. Compra ahora miel de m\u00e1xima calidad en l\u2019Avi Llu\u00eds y disfruta del producto m\u00e1s puro y natural. \u00a1De la colmena al bote!\" \/>\n<meta name=\"robots\" content=\"index, follow, max-snippet:-1, max-image-preview:large, max-video-preview:-1\" \/>\n<link rel=\"canonical\" href=\"https:\/\/www.rebostavilluis.com\/es\/comprar\/miel-de-azahar-antigoteo-250-gr\/\" \/>\n<meta property=\"og:locale\" content=\"es_ES\" \/>\n<meta property=\"og:type\" content=\"article\" \/>\n<meta property=\"og:title\" content=\"Miel de Azahar - Antigoteo 250gr. - El Rebost de l&#039;Avi llu&iacute;s\" \/>\n<meta property=\"og:description\" content=\"Miel de azahar 250gr antigoteo. Compra ahora miel de m\u00e1xima calidad en l\u2019Avi Llu\u00eds y disfruta del producto m\u00e1s puro y natural. \u00a1De la colmena al bote!\" \/>\n<meta property=\"og:url\" content=\"https:\/\/www.rebostavilluis.com\/es\/comprar\/miel-de-azahar-antigoteo-250-gr\/\" \/>\n<meta property=\"og:site_name\" content=\"El Rebost de l&#039;Avi llu&iacute;s\" \/>\n<meta property=\"article:modified_time\" content=\"2025-04-02T17:08:04+00:00\" \/>\n<meta property=\"og:image\" content=\"https:\/\/www.rebostavilluis.com\/wp-content\/uploads\/2019\/01\/Mel-de-lAvi-Llu\u00eds-gener-2020-Taronger-dosificador-250g.jpg\" \/>\n\t<meta property=\"og:image:width\" content=\"300\" \/>\n\t<meta property=\"og:image:height\" content=\"300\" \/>\n\t<meta property=\"og:image:type\" content=\"image\/jpeg\" \/>\n<meta name=\"twitter:card\" content=\"summary_large_image\" \/>\n<meta name=\"twitter:label1\" content=\"Tiempo de lectura\" \/>\n\t<meta name=\"twitter:data1\" content=\"2 minutos\" \/>\n<script type=\"application\/ld+json\" class=\"yoast-schema-graph\">{\"@context\":\"https:\\\/\\\/schema.org\",\"@graph\":[{\"@type\":\"WebPage\",\"@id\":\"https:\\\/\\\/www.rebostavilluis.com\\\/es\\\/comprar\\\/miel-de-azahar-antigoteo-250-gr\\\/\",\"url\":\"https:\\\/\\\/www.rebostavilluis.com\\\/es\\\/comprar\\\/miel-de-azahar-antigoteo-250-gr\\\/\",\"name\":\"Miel de Azahar - Antigoteo 250gr. - El Rebost de l'Avi llu&iacute;s\",\"isPartOf\":{\"@id\":\"https:\\\/\\\/www.rebostavilluis.com\\\/es\\\/#website\"},\"primaryImageOfPage\":{\"@id\":\"https:\\\/\\\/www.rebostavilluis.com\\\/es\\\/comprar\\\/miel-de-azahar-antigoteo-250-gr\\\/#primaryimage\"},\"image\":{\"@id\":\"https:\\\/\\\/www.rebostavilluis.com\\\/es\\\/comprar\\\/miel-de-azahar-antigoteo-250-gr\\\/#primaryimage\"},\"thumbnailUrl\":\"https:\\\/\\\/www.rebostavilluis.com\\\/wp-content\\\/uploads\\\/2019\\\/01\\\/Mel-de-lAvi-Llu\u00eds-gener-2020-Taronger-dosificador-250g.jpg\",\"datePublished\":\"2019-01-13T22:24:03+00:00\",\"dateModified\":\"2025-04-02T17:08:04+00:00\",\"description\":\"Miel de azahar 250gr antigoteo. Compra ahora miel de m\u00e1xima calidad en l\u2019Avi Llu\u00eds y disfruta del producto m\u00e1s puro y natural. \u00a1De la colmena al bote!\",\"breadcrumb\":{\"@id\":\"https:\\\/\\\/www.rebostavilluis.com\\\/es\\\/comprar\\\/miel-de-azahar-antigoteo-250-gr\\\/#breadcrumb\"},\"inLanguage\":\"es\",\"potentialAction\":[{\"@type\":\"ReadAction\",\"target\":[\"https:\\\/\\\/www.rebostavilluis.com\\\/es\\\/comprar\\\/miel-de-azahar-antigoteo-250-gr\\\/\"]}]},{\"@type\":\"ImageObject\",\"inLanguage\":\"es\",\"@id\":\"https:\\\/\\\/www.rebostavilluis.com\\\/es\\\/comprar\\\/miel-de-azahar-antigoteo-250-gr\\\/#primaryimage\",\"url\":\"https:\\\/\\\/www.rebostavilluis.com\\\/wp-content\\\/uploads\\\/2019\\\/01\\\/Mel-de-lAvi-Llu\u00eds-gener-2020-Taronger-dosificador-250g.jpg\",\"contentUrl\":\"https:\\\/\\\/www.rebostavilluis.com\\\/wp-content\\\/uploads\\\/2019\\\/01\\\/Mel-de-lAvi-Llu\u00eds-gener-2020-Taronger-dosificador-250g.jpg\",\"width\":300,\"height\":300,\"caption\":\"Azahar\"},{\"@type\":\"BreadcrumbList\",\"@id\":\"https:\\\/\\\/www.rebostavilluis.com\\\/es\\\/comprar\\\/miel-de-azahar-antigoteo-250-gr\\\/#breadcrumb\",\"itemListElement\":[{\"@type\":\"ListItem\",\"position\":1,\"name\":\"Portada\",\"item\":\"https:\\\/\\\/www.rebostavilluis.com\\\/es\\\/\"},{\"@type\":\"ListItem\",\"position\":2,\"name\":\"Tienda\",\"item\":\"https:\\\/\\\/www.rebostavilluis.com\\\/es\\\/tienda\\\/\"},{\"@type\":\"ListItem\",\"position\":3,\"name\":\"Miel de Azahar &#8211; Antigoteo 250gr.\"}]},{\"@type\":\"WebSite\",\"@id\":\"https:\\\/\\\/www.rebostavilluis.com\\\/es\\\/#website\",\"url\":\"https:\\\/\\\/www.rebostavilluis.com\\\/es\\\/\",\"name\":\"El Rebost de l'Avi llu&iacute;s\",\"description\":\"Mel del Perell&oacute;\",\"publisher\":{\"@id\":\"https:\\\/\\\/www.rebostavilluis.com\\\/es\\\/#organization\"},\"potentialAction\":[{\"@type\":\"SearchAction\",\"target\":{\"@type\":\"EntryPoint\",\"urlTemplate\":\"https:\\\/\\\/www.rebostavilluis.com\\\/es\\\/?s={search_term_string}\"},\"query-input\":{\"@type\":\"PropertyValueSpecification\",\"valueRequired\":true,\"valueName\":\"search_term_string\"}}],\"inLanguage\":\"es\"},{\"@type\":\"Organization\",\"@id\":\"https:\\\/\\\/www.rebostavilluis.com\\\/es\\\/#organization\",\"name\":\"El Rebost de l'Avi llu&iacute;s\",\"url\":\"https:\\\/\\\/www.rebostavilluis.com\\\/es\\\/\",\"logo\":{\"@type\":\"ImageObject\",\"inLanguage\":\"es\",\"@id\":\"https:\\\/\\\/www.rebostavilluis.com\\\/es\\\/#\\\/schema\\\/logo\\\/image\\\/\",\"url\":\"https:\\\/\\\/www.rebostavilluis.com\\\/wp-content\\\/uploads\\\/2021\\\/06\\\/logo.png\",\"contentUrl\":\"https:\\\/\\\/www.rebostavilluis.com\\\/wp-content\\\/uploads\\\/2021\\\/06\\\/logo.png\",\"width\":273,\"height\":74,\"caption\":\"El Rebost de l'Avi llu&iacute;s\"},\"image\":{\"@id\":\"https:\\\/\\\/www.rebostavilluis.com\\\/es\\\/#\\\/schema\\\/logo\\\/image\\\/\"}}]}<\/script>\n<!-- \/ Yoast SEO plugin. -->","yoast_head_json":{"title":"Miel de Azahar - Antigoteo 250gr. - El Rebost de l'Avi llu&iacute;s","description":"Miel de azahar 250gr antigoteo. Compra ahora miel de m\u00e1xima calidad en l\u2019Avi Llu\u00eds y disfruta del producto m\u00e1s puro y natural. \u00a1De la colmena al bote!","robots":{"index":"index","follow":"follow","max-snippet":"max-snippet:-1","max-image-preview":"max-image-preview:large","max-video-preview":"max-video-preview:-1"},"canonical":"https:\/\/www.rebostavilluis.com\/es\/comprar\/miel-de-azahar-antigoteo-250-gr\/","og_locale":"es_ES","og_type":"article","og_title":"Miel de Azahar - Antigoteo 250gr. - El Rebost de l'Avi llu&iacute;s","og_description":"Miel de azahar 250gr antigoteo. Compra ahora miel de m\u00e1xima calidad en l\u2019Avi Llu\u00eds y disfruta del producto m\u00e1s puro y natural. \u00a1De la colmena al bote!","og_url":"https:\/\/www.rebostavilluis.com\/es\/comprar\/miel-de-azahar-antigoteo-250-gr\/","og_site_name":"El Rebost de l'Avi llu&iacute;s","article_modified_time":"2025-04-02T17:08:04+00:00","og_image":[{"width":300,"height":300,"url":"https:\/\/www.rebostavilluis.com\/wp-content\/uploads\/2019\/01\/Mel-de-lAvi-Llu\u00eds-gener-2020-Taronger-dosificador-250g.jpg","type":"image\/jpeg"}],"twitter_card":"summary_large_image","twitter_misc":{"Tiempo de lectura":"2 minutos"},"schema":{"@context":"https:\/\/schema.org","@graph":[{"@type":"WebPage","@id":"https:\/\/www.rebostavilluis.com\/es\/comprar\/miel-de-azahar-antigoteo-250-gr\/","url":"https:\/\/www.rebostavilluis.com\/es\/comprar\/miel-de-azahar-antigoteo-250-gr\/","name":"Miel de Azahar - Antigoteo 250gr. - El Rebost de l'Avi llu&iacute;s","isPartOf":{"@id":"https:\/\/www.rebostavilluis.com\/es\/#website"},"primaryImageOfPage":{"@id":"https:\/\/www.rebostavilluis.com\/es\/comprar\/miel-de-azahar-antigoteo-250-gr\/#primaryimage"},"image":{"@id":"https:\/\/www.rebostavilluis.com\/es\/comprar\/miel-de-azahar-antigoteo-250-gr\/#primaryimage"},"thumbnailUrl":"https:\/\/www.rebostavilluis.com\/wp-content\/uploads\/2019\/01\/Mel-de-lAvi-Llu\u00eds-gener-2020-Taronger-dosificador-250g.jpg","datePublished":"2019-01-13T22:24:03+00:00","dateModified":"2025-04-02T17:08:04+00:00","description":"Miel de azahar 250gr antigoteo. Compra ahora miel de m\u00e1xima calidad en l\u2019Avi Llu\u00eds y disfruta del producto m\u00e1s puro y natural. \u00a1De la colmena al bote!","breadcrumb":{"@id":"https:\/\/www.rebostavilluis.com\/es\/comprar\/miel-de-azahar-antigoteo-250-gr\/#breadcrumb"},"inLanguage":"es","potentialAction":[{"@type":"ReadAction","target":["https:\/\/www.rebostavilluis.com\/es\/comprar\/miel-de-azahar-antigoteo-250-gr\/"]}]},{"@type":"ImageObject","inLanguage":"es","@id":"https:\/\/www.rebostavilluis.com\/es\/comprar\/miel-de-azahar-antigoteo-250-gr\/#primaryimage","url":"https:\/\/www.rebostavilluis.com\/wp-content\/uploads\/2019\/01\/Mel-de-lAvi-Llu\u00eds-gener-2020-Taronger-dosificador-250g.jpg","contentUrl":"https:\/\/www.rebostavilluis.com\/wp-content\/uploads\/2019\/01\/Mel-de-lAvi-Llu\u00eds-gener-2020-Taronger-dosificador-250g.jpg","width":300,"height":300,"caption":"Azahar"},{"@type":"BreadcrumbList","@id":"https:\/\/www.rebostavilluis.com\/es\/comprar\/miel-de-azahar-antigoteo-250-gr\/#breadcrumb","itemListElement":[{"@type":"ListItem","position":1,"name":"Portada","item":"https:\/\/www.rebostavilluis.com\/es\/"},{"@type":"ListItem","position":2,"name":"Tienda","item":"https:\/\/www.rebostavilluis.com\/es\/tienda\/"},{"@type":"ListItem","position":3,"name":"Miel de Azahar &#8211; Antigoteo 250gr."}]},{"@type":"WebSite","@id":"https:\/\/www.rebostavilluis.com\/es\/#website","url":"https:\/\/www.rebostavilluis.com\/es\/","name":"El Rebost de l'Avi llu&iacute;s","description":"Mel del Perell&oacute;","publisher":{"@id":"https:\/\/www.rebostavilluis.com\/es\/#organization"},"potentialAction":[{"@type":"SearchAction","target":{"@type":"EntryPoint","urlTemplate":"https:\/\/www.rebostavilluis.com\/es\/?s={search_term_string}"},"query-input":{"@type":"PropertyValueSpecification","valueRequired":true,"valueName":"search_term_string"}}],"inLanguage":"es"},{"@type":"Organization","@id":"https:\/\/www.rebostavilluis.com\/es\/#organization","name":"El Rebost de l'Avi llu&iacute;s","url":"https:\/\/www.rebostavilluis.com\/es\/","logo":{"@type":"ImageObject","inLanguage":"es","@id":"https:\/\/www.rebostavilluis.com\/es\/#\/schema\/logo\/image\/","url":"https:\/\/www.rebostavilluis.com\/wp-content\/uploads\/2021\/06\/logo.png","contentUrl":"https:\/\/www.rebostavilluis.com\/wp-content\/uploads\/2021\/06\/logo.png","width":273,"height":74,"caption":"El Rebost de l'Avi llu&iacute;s"},"image":{"@id":"https:\/\/www.rebostavilluis.com\/es\/#\/schema\/logo\/image\/"}}]}},"_links":{"self":[{"href":"https:\/\/www.rebostavilluis.com\/es\/wp-json\/wp\/v2\/product\/2813","targetHints":{"allow":["GET"]}}],"collection":[{"href":"https:\/\/www.rebostavilluis.com\/es\/wp-json\/wp\/v2\/product"}],"about":[{"href":"https:\/\/www.rebostavilluis.com\/es\/wp-json\/wp\/v2\/types\/product"}],"wp:featuredmedia":[{"embeddable":true,"href":"https:\/\/www.rebostavilluis.com\/es\/wp-json\/wp\/v2\/media\/6086"}],"wp:attachment":[{"href":"https:\/\/www.rebostavilluis.com\/es\/wp-json\/wp\/v2\/media?parent=2813"}],"wp:term":[{"taxonomy":"product_brand","embeddable":true,"href":"https:\/\/www.rebostavilluis.com\/es\/wp-json\/wp\/v2\/product_brand?post=2813"},{"taxonomy":"product_cat","embeddable":true,"href":"https:\/\/www.rebostavilluis.com\/es\/wp-json\/wp\/v2\/product_cat?post=2813"},{"taxonomy":"product_tag","embeddable":true,"href":"https:\/\/www.rebostavilluis.com\/es\/wp-json\/wp\/v2\/product_tag?post=2813"}],"curies":[{"name":"wp","href":"https:\/\/api.w.org\/{rel}","templated":true}]}}