{"id":2817,"date":"2019-01-13T23:24:11","date_gmt":"2019-01-13T22:24:11","guid":{"rendered":"https:\/\/www.rebostavilluis.com\/comprar\/miel-milflores-1000-gr\/"},"modified":"2025-04-02T19:40:48","modified_gmt":"2025-04-02T17:40:48","slug":"miel-mil-flores-970-gr","status":"publish","type":"product","link":"https:\/\/www.rebostavilluis.com\/es\/comprar\/miel-mil-flores-970-gr\/","title":{"rendered":"Miel de Milflores 970gr."},"content":{"rendered":"<p>Miel de mil flores 970gr.<\/p>\n<p>La <a href=\"https:\/\/www.meldelperello.com\/es\/comprar-miel\/de-mil-flores\/\">miel de mil flores<\/a> tiene un gusto y un olor variado, siempre en funci\u00f3n de las especies que la conforman. Debido a eso, en las mieles multiflorales se pueden encontrar infinidad de gustos y sensaciones. Esta en concreto, es muy completa ya que est\u00e1 compuesta de n\u00e9ctar de flores de muchos tipos. Se caracteriza por un color \u00e1mbar oscuro y un aroma caracter\u00edstica que hace que cada envase sea \u00fanico.<\/p>\n<h4><strong>\u00bfD\u00f3nde la producimos? <\/strong><\/h4>\n<p>La zona de producci\u00f3n de la miel de mil flores es muy extensa. Gracias a eso podemos aprovechar los distintos climas y temporadas para \u00a0conseguir el m\u00e1ximo producto. Empezamos la extracci\u00f3n desde la floraci\u00f3n de los primeros almendros a la zona litoral de Tarragona, a finales de febrero, y podemos acabar con los \u00faltimos brezos de oto\u00f1o. Finalmente, si cuando la extraemos no tiene un or\u00edgen bot\u00e1nico concretamente definido, esta miel la comercializamos como mil flores.<\/p>\n<h4>\u00bfCu\u00e1les<strong>\u00a0son sus propiedades? <\/strong><\/h4>\n<p>La miel de mil flores destaca por su riqueza arom\u00e1tica y su sabor armonioso, resultado de la diversidad de n\u00e9ctares que la componen. Su textura y dulzura la convierten en un ingrediente ideal para la cocina y la pasteler\u00eda, ya sea como acompa\u00f1amiento en pan y tostadas o como aditivo en bebidas como el t\u00e9.<\/p>\n<p>Su capacidad para endulzar de manera natural la hace una excelente opci\u00f3n para quienes buscan un toque especial en sus preparaciones.<\/p>\n<p>La pod\u00e9is adquirir en <a href=\"https:\/\/www.rebostavilluis.com\/es\/miel-de-mil-flores\/\">distintos envases<\/a>:<\/p>\n<p>Miel de mil flores 50gr.<\/p>\n<p>Miel de mil flores 250gr.<\/p>\n<p>Miel de mil flores antigoteo 250gr.<\/p>\n<p>Miel de mil flores 500gr.<\/p>\n<p>Miel de mil flores antigoteo 500gr.<\/p>\n<p>Miel de mil flores 970gr.<\/p>\n<p>Miel de mil flores 2000gr.<\/p>\n<p>Miel de mil flores 3000gr.<\/p>\n<p>Miel de mil flores 5250gr.<\/p>\n<p><a href=\"https:\/\/www.rebostavilluis.com\/es\/miel-de-mil-flores\/\">Compra ahora<\/a> miel de m\u00e1xima calidad en l&#8217;Avi Llu\u00eds y disfruta del producto m\u00e1s puro y natural. Directa de la colmena, sin alteraciones!<\/p>\n","protected":false},"excerpt":{"rendered":"<p>Miel vers\u00e1til y equilibrada con una combinaci\u00f3n de n\u00e9ctares de distintas flores, perfecta para realzar sabores en recetas dulces y bebidas.<\/p>\n","protected":false},"featured_media":6126,"template":"","meta":{"_joinchat":[]},"product_brand":[],"product_cat":[80,91],"product_tag":[],"class_list":{"0":"post-2817","1":"product","2":"type-product","3":"status-publish","4":"has-post-thumbnail","6":"product_cat-miel","7":"product_cat-miel-de-mil-flores","8":"infinite-scroll-item","9":"sales-flash-overlay","10":"woocommerce-text-align-center","11":"woocommerce-image-align-center","12":"do-quantity-buttons","14":"first","15":"instock","16":"purchasable","17":"product-type-simple"},"yoast_head":"<!-- This site is optimized with the Yoast SEO plugin v27.3 - https:\/\/yoast.com\/product\/yoast-seo-wordpress\/ -->\n<title>Miel de mil flores 980gr - El Rebost de l&#039;Avi llu&iacute;s<\/title>\n<meta name=\"description\" content=\"Miel de mil flores 970gr. Compra miel de m\u00e1xima calidad en l&#039;Avi Llu\u00eds y disfruta del producto m\u00e1s puro y natural. Directa de la colmena!\" \/>\n<meta name=\"robots\" content=\"index, follow, max-snippet:-1, max-image-preview:large, max-video-preview:-1\" \/>\n<link rel=\"canonical\" href=\"https:\/\/www.rebostavilluis.com\/es\/comprar\/miel-mil-flores-970-gr\/\" \/>\n<meta property=\"og:locale\" content=\"es_ES\" \/>\n<meta property=\"og:type\" content=\"article\" \/>\n<meta property=\"og:title\" content=\"Miel de mil flores 980gr - El Rebost de l&#039;Avi llu&iacute;s\" \/>\n<meta property=\"og:description\" content=\"Miel de mil flores 970gr. Compra miel de m\u00e1xima calidad en l&#039;Avi Llu\u00eds y disfruta del producto m\u00e1s puro y natural. Directa de la colmena!\" \/>\n<meta property=\"og:url\" content=\"https:\/\/www.rebostavilluis.com\/es\/comprar\/miel-mil-flores-970-gr\/\" \/>\n<meta property=\"og:site_name\" content=\"El Rebost de l&#039;Avi llu&iacute;s\" \/>\n<meta property=\"article:modified_time\" content=\"2025-04-02T17:40:48+00:00\" \/>\n<meta property=\"og:image\" content=\"https:\/\/www.rebostavilluis.com\/wp-content\/uploads\/2019\/01\/Mel-de-lAvi-Llu\u00eds-gener-2020-Mil-Flors-1000g.jpg\" \/>\n\t<meta property=\"og:image:width\" content=\"300\" \/>\n\t<meta property=\"og:image:height\" content=\"300\" \/>\n\t<meta property=\"og:image:type\" content=\"image\/jpeg\" \/>\n<meta name=\"twitter:card\" content=\"summary_large_image\" \/>\n<meta name=\"twitter:label1\" content=\"Tiempo de lectura\" \/>\n\t<meta name=\"twitter:data1\" content=\"2 minutos\" \/>\n<script type=\"application\/ld+json\" class=\"yoast-schema-graph\">{\"@context\":\"https:\\\/\\\/schema.org\",\"@graph\":[{\"@type\":\"WebPage\",\"@id\":\"https:\\\/\\\/www.rebostavilluis.com\\\/es\\\/comprar\\\/miel-mil-flores-970-gr\\\/\",\"url\":\"https:\\\/\\\/www.rebostavilluis.com\\\/es\\\/comprar\\\/miel-mil-flores-970-gr\\\/\",\"name\":\"Miel de mil flores 980gr - El Rebost de l'Avi llu&iacute;s\",\"isPartOf\":{\"@id\":\"https:\\\/\\\/www.rebostavilluis.com\\\/es\\\/#website\"},\"primaryImageOfPage\":{\"@id\":\"https:\\\/\\\/www.rebostavilluis.com\\\/es\\\/comprar\\\/miel-mil-flores-970-gr\\\/#primaryimage\"},\"image\":{\"@id\":\"https:\\\/\\\/www.rebostavilluis.com\\\/es\\\/comprar\\\/miel-mil-flores-970-gr\\\/#primaryimage\"},\"thumbnailUrl\":\"https:\\\/\\\/www.rebostavilluis.com\\\/wp-content\\\/uploads\\\/2019\\\/01\\\/Mel-de-lAvi-Llu\u00eds-gener-2020-Mil-Flors-1000g.jpg\",\"datePublished\":\"2019-01-13T22:24:11+00:00\",\"dateModified\":\"2025-04-02T17:40:48+00:00\",\"description\":\"Miel de mil flores 970gr. Compra miel de m\u00e1xima calidad en l'Avi Llu\u00eds y disfruta del producto m\u00e1s puro y natural. Directa de la colmena!\",\"breadcrumb\":{\"@id\":\"https:\\\/\\\/www.rebostavilluis.com\\\/es\\\/comprar\\\/miel-mil-flores-970-gr\\\/#breadcrumb\"},\"inLanguage\":\"es\",\"potentialAction\":[{\"@type\":\"ReadAction\",\"target\":[\"https:\\\/\\\/www.rebostavilluis.com\\\/es\\\/comprar\\\/miel-mil-flores-970-gr\\\/\"]}]},{\"@type\":\"ImageObject\",\"inLanguage\":\"es\",\"@id\":\"https:\\\/\\\/www.rebostavilluis.com\\\/es\\\/comprar\\\/miel-mil-flores-970-gr\\\/#primaryimage\",\"url\":\"https:\\\/\\\/www.rebostavilluis.com\\\/wp-content\\\/uploads\\\/2019\\\/01\\\/Mel-de-lAvi-Llu\u00eds-gener-2020-Mil-Flors-1000g.jpg\",\"contentUrl\":\"https:\\\/\\\/www.rebostavilluis.com\\\/wp-content\\\/uploads\\\/2019\\\/01\\\/Mel-de-lAvi-Llu\u00eds-gener-2020-Mil-Flors-1000g.jpg\",\"width\":300,\"height\":300,\"caption\":\"mel avi lluis perello baix ebre catalunya - miel abejas panal natural eco\"},{\"@type\":\"BreadcrumbList\",\"@id\":\"https:\\\/\\\/www.rebostavilluis.com\\\/es\\\/comprar\\\/miel-mil-flores-970-gr\\\/#breadcrumb\",\"itemListElement\":[{\"@type\":\"ListItem\",\"position\":1,\"name\":\"Portada\",\"item\":\"https:\\\/\\\/www.rebostavilluis.com\\\/es\\\/\"},{\"@type\":\"ListItem\",\"position\":2,\"name\":\"Tienda\",\"item\":\"https:\\\/\\\/www.rebostavilluis.com\\\/es\\\/tienda\\\/\"},{\"@type\":\"ListItem\",\"position\":3,\"name\":\"Miel de Milflores 970gr.\"}]},{\"@type\":\"WebSite\",\"@id\":\"https:\\\/\\\/www.rebostavilluis.com\\\/es\\\/#website\",\"url\":\"https:\\\/\\\/www.rebostavilluis.com\\\/es\\\/\",\"name\":\"El Rebost de l'Avi llu&iacute;s\",\"description\":\"Mel del Perell&oacute;\",\"publisher\":{\"@id\":\"https:\\\/\\\/www.rebostavilluis.com\\\/es\\\/#organization\"},\"potentialAction\":[{\"@type\":\"SearchAction\",\"target\":{\"@type\":\"EntryPoint\",\"urlTemplate\":\"https:\\\/\\\/www.rebostavilluis.com\\\/es\\\/?s={search_term_string}\"},\"query-input\":{\"@type\":\"PropertyValueSpecification\",\"valueRequired\":true,\"valueName\":\"search_term_string\"}}],\"inLanguage\":\"es\"},{\"@type\":\"Organization\",\"@id\":\"https:\\\/\\\/www.rebostavilluis.com\\\/es\\\/#organization\",\"name\":\"El Rebost de l'Avi llu&iacute;s\",\"url\":\"https:\\\/\\\/www.rebostavilluis.com\\\/es\\\/\",\"logo\":{\"@type\":\"ImageObject\",\"inLanguage\":\"es\",\"@id\":\"https:\\\/\\\/www.rebostavilluis.com\\\/es\\\/#\\\/schema\\\/logo\\\/image\\\/\",\"url\":\"https:\\\/\\\/www.rebostavilluis.com\\\/wp-content\\\/uploads\\\/2021\\\/06\\\/logo.png\",\"contentUrl\":\"https:\\\/\\\/www.rebostavilluis.com\\\/wp-content\\\/uploads\\\/2021\\\/06\\\/logo.png\",\"width\":273,\"height\":74,\"caption\":\"El Rebost de l'Avi llu&iacute;s\"},\"image\":{\"@id\":\"https:\\\/\\\/www.rebostavilluis.com\\\/es\\\/#\\\/schema\\\/logo\\\/image\\\/\"}}]}<\/script>\n<!-- \/ Yoast SEO plugin. -->","yoast_head_json":{"title":"Miel de mil flores 980gr - El Rebost de l'Avi llu&iacute;s","description":"Miel de mil flores 970gr. Compra miel de m\u00e1xima calidad en l'Avi Llu\u00eds y disfruta del producto m\u00e1s puro y natural. Directa de la colmena!","robots":{"index":"index","follow":"follow","max-snippet":"max-snippet:-1","max-image-preview":"max-image-preview:large","max-video-preview":"max-video-preview:-1"},"canonical":"https:\/\/www.rebostavilluis.com\/es\/comprar\/miel-mil-flores-970-gr\/","og_locale":"es_ES","og_type":"article","og_title":"Miel de mil flores 980gr - El Rebost de l'Avi llu&iacute;s","og_description":"Miel de mil flores 970gr. Compra miel de m\u00e1xima calidad en l'Avi Llu\u00eds y disfruta del producto m\u00e1s puro y natural. Directa de la colmena!","og_url":"https:\/\/www.rebostavilluis.com\/es\/comprar\/miel-mil-flores-970-gr\/","og_site_name":"El Rebost de l'Avi llu&iacute;s","article_modified_time":"2025-04-02T17:40:48+00:00","og_image":[{"width":300,"height":300,"url":"https:\/\/www.rebostavilluis.com\/wp-content\/uploads\/2019\/01\/Mel-de-lAvi-Llu\u00eds-gener-2020-Mil-Flors-1000g.jpg","type":"image\/jpeg"}],"twitter_card":"summary_large_image","twitter_misc":{"Tiempo de lectura":"2 minutos"},"schema":{"@context":"https:\/\/schema.org","@graph":[{"@type":"WebPage","@id":"https:\/\/www.rebostavilluis.com\/es\/comprar\/miel-mil-flores-970-gr\/","url":"https:\/\/www.rebostavilluis.com\/es\/comprar\/miel-mil-flores-970-gr\/","name":"Miel de mil flores 980gr - El Rebost de l'Avi llu&iacute;s","isPartOf":{"@id":"https:\/\/www.rebostavilluis.com\/es\/#website"},"primaryImageOfPage":{"@id":"https:\/\/www.rebostavilluis.com\/es\/comprar\/miel-mil-flores-970-gr\/#primaryimage"},"image":{"@id":"https:\/\/www.rebostavilluis.com\/es\/comprar\/miel-mil-flores-970-gr\/#primaryimage"},"thumbnailUrl":"https:\/\/www.rebostavilluis.com\/wp-content\/uploads\/2019\/01\/Mel-de-lAvi-Llu\u00eds-gener-2020-Mil-Flors-1000g.jpg","datePublished":"2019-01-13T22:24:11+00:00","dateModified":"2025-04-02T17:40:48+00:00","description":"Miel de mil flores 970gr. Compra miel de m\u00e1xima calidad en l'Avi Llu\u00eds y disfruta del producto m\u00e1s puro y natural. Directa de la colmena!","breadcrumb":{"@id":"https:\/\/www.rebostavilluis.com\/es\/comprar\/miel-mil-flores-970-gr\/#breadcrumb"},"inLanguage":"es","potentialAction":[{"@type":"ReadAction","target":["https:\/\/www.rebostavilluis.com\/es\/comprar\/miel-mil-flores-970-gr\/"]}]},{"@type":"ImageObject","inLanguage":"es","@id":"https:\/\/www.rebostavilluis.com\/es\/comprar\/miel-mil-flores-970-gr\/#primaryimage","url":"https:\/\/www.rebostavilluis.com\/wp-content\/uploads\/2019\/01\/Mel-de-lAvi-Llu\u00eds-gener-2020-Mil-Flors-1000g.jpg","contentUrl":"https:\/\/www.rebostavilluis.com\/wp-content\/uploads\/2019\/01\/Mel-de-lAvi-Llu\u00eds-gener-2020-Mil-Flors-1000g.jpg","width":300,"height":300,"caption":"mel avi lluis perello baix ebre catalunya - miel abejas panal natural eco"},{"@type":"BreadcrumbList","@id":"https:\/\/www.rebostavilluis.com\/es\/comprar\/miel-mil-flores-970-gr\/#breadcrumb","itemListElement":[{"@type":"ListItem","position":1,"name":"Portada","item":"https:\/\/www.rebostavilluis.com\/es\/"},{"@type":"ListItem","position":2,"name":"Tienda","item":"https:\/\/www.rebostavilluis.com\/es\/tienda\/"},{"@type":"ListItem","position":3,"name":"Miel de Milflores 970gr."}]},{"@type":"WebSite","@id":"https:\/\/www.rebostavilluis.com\/es\/#website","url":"https:\/\/www.rebostavilluis.com\/es\/","name":"El Rebost de l'Avi llu&iacute;s","description":"Mel del Perell&oacute;","publisher":{"@id":"https:\/\/www.rebostavilluis.com\/es\/#organization"},"potentialAction":[{"@type":"SearchAction","target":{"@type":"EntryPoint","urlTemplate":"https:\/\/www.rebostavilluis.com\/es\/?s={search_term_string}"},"query-input":{"@type":"PropertyValueSpecification","valueRequired":true,"valueName":"search_term_string"}}],"inLanguage":"es"},{"@type":"Organization","@id":"https:\/\/www.rebostavilluis.com\/es\/#organization","name":"El Rebost de l'Avi llu&iacute;s","url":"https:\/\/www.rebostavilluis.com\/es\/","logo":{"@type":"ImageObject","inLanguage":"es","@id":"https:\/\/www.rebostavilluis.com\/es\/#\/schema\/logo\/image\/","url":"https:\/\/www.rebostavilluis.com\/wp-content\/uploads\/2021\/06\/logo.png","contentUrl":"https:\/\/www.rebostavilluis.com\/wp-content\/uploads\/2021\/06\/logo.png","width":273,"height":74,"caption":"El Rebost de l'Avi llu&iacute;s"},"image":{"@id":"https:\/\/www.rebostavilluis.com\/es\/#\/schema\/logo\/image\/"}}]}},"_links":{"self":[{"href":"https:\/\/www.rebostavilluis.com\/es\/wp-json\/wp\/v2\/product\/2817","targetHints":{"allow":["GET"]}}],"collection":[{"href":"https:\/\/www.rebostavilluis.com\/es\/wp-json\/wp\/v2\/product"}],"about":[{"href":"https:\/\/www.rebostavilluis.com\/es\/wp-json\/wp\/v2\/types\/product"}],"wp:featuredmedia":[{"embeddable":true,"href":"https:\/\/www.rebostavilluis.com\/es\/wp-json\/wp\/v2\/media\/6126"}],"wp:attachment":[{"href":"https:\/\/www.rebostavilluis.com\/es\/wp-json\/wp\/v2\/media?parent=2817"}],"wp:term":[{"taxonomy":"product_brand","embeddable":true,"href":"https:\/\/www.rebostavilluis.com\/es\/wp-json\/wp\/v2\/product_brand?post=2817"},{"taxonomy":"product_cat","embeddable":true,"href":"https:\/\/www.rebostavilluis.com\/es\/wp-json\/wp\/v2\/product_cat?post=2817"},{"taxonomy":"product_tag","embeddable":true,"href":"https:\/\/www.rebostavilluis.com\/es\/wp-json\/wp\/v2\/product_tag?post=2817"}],"curies":[{"name":"wp","href":"https:\/\/api.w.org\/{rel}","templated":true}]}}