{"id":2834,"date":"2019-01-13T23:24:11","date_gmt":"2019-01-13T22:24:11","guid":{"rendered":"https:\/\/www.rebostavilluis.com\/comprar\/miel-de-alta-montana-300-gr\/"},"modified":"2025-04-02T20:03:18","modified_gmt":"2025-04-02T18:03:18","slug":"miel-de-alta-montana-300-gr","status":"publish","type":"product","link":"https:\/\/www.rebostavilluis.com\/es\/comprar\/miel-de-alta-montana-300-gr\/","title":{"rendered":"Miel de Alta Monta\u00f1a 250gr."},"content":{"rendered":"<p class=\"\" data-start=\"36\" data-end=\"342\">La miel de prado de monta\u00f1a es un tesoro natural producido a partir del n\u00e9ctar de diversas flores silvestres que crecen en altitudes elevadas. Su color var\u00eda entre \u00e1mbar y oscuro, dependiendo de la floraci\u00f3n predominante, y su aroma es intenso y persistente, con matices florales y ligeramente afrutados.<\/p>\n<h4 class=\"\" data-start=\"344\" data-end=\"376\"><strong data-start=\"349\" data-end=\"374\">\u00bfD\u00f3nde la producimos?<\/strong><\/h4>\n<p class=\"\" data-start=\"377\" data-end=\"590\">Nuestra miel de prado de monta\u00f1a se obtiene en valles y laderas situadas en zonas de alta monta\u00f1a, como los Pirineos y la Cordillera Cant\u00e1brica, donde la biodiversidad floral aporta una riqueza de sabores \u00fanica.<\/p>\n<p class=\"\" data-start=\"592\" data-end=\"721\">La recolecci\u00f3n se realiza entre junio y septiembre, dependiendo de las condiciones clim\u00e1ticas y la floraci\u00f3n de cada temporada.<\/p>\n<h4 class=\"\" data-start=\"723\" data-end=\"762\"><strong data-start=\"728\" data-end=\"760\">\u00bfCu\u00e1les son sus propiedades?<\/strong><\/h4>\n<p>Esta miel destaca por su riqueza arom\u00e1tica y su perfil suave y agradable. Su textura la convierte en un excelente complemento culinario, ideal para acompa\u00f1ar distintas preparaciones y aportar un dulzor natural y aut\u00e9ntico.<\/p>\n<p>Es especialmente apreciada por su versatilidad en la cocina, desde endulzar bebidas hasta formar parte de elaboraciones m\u00e1s complejas.<\/p>\n<h4 class=\"\" data-start=\"1362\" data-end=\"1390\"><strong data-start=\"1367\" data-end=\"1388\">\u00bfC\u00f3mo consumirla?<\/strong><\/h4>\n<p class=\"\" data-start=\"1391\" data-end=\"1613\">Su sabor equilibrado y arom\u00e1tico la hace ideal para endulzar infusiones, yogures, postres caseros o simplemente para disfrutarla sola. Tambi\u00e9n es una excelente opci\u00f3n para maridar con quesos o a\u00f1adir a salsas y aderezos.<\/p>\n<h4 class=\"\" data-start=\"1615\" data-end=\"1647\"><strong data-start=\"1620\" data-end=\"1645\">Formatos disponibles:<\/strong><\/h4>\n<ul data-start=\"1648\" data-end=\"1993\">\n<li class=\"\" data-start=\"1648\" data-end=\"1682\">\n<p class=\"\" data-start=\"1650\" data-end=\"1682\">Miel de prado de monta\u00f1a 50gr.<\/p>\n<\/li>\n<li class=\"\" data-start=\"1683\" data-end=\"1718\">\n<p class=\"\" data-start=\"1685\" data-end=\"1718\">Miel de prado de monta\u00f1a 250gr.<\/p>\n<\/li>\n<li class=\"\" data-start=\"1719\" data-end=\"1764\">\n<p class=\"\" data-start=\"1721\" data-end=\"1764\">Miel de prado de monta\u00f1a antigoteo 250gr.<\/p>\n<\/li>\n<li class=\"\" data-start=\"1765\" data-end=\"1800\">\n<p class=\"\" data-start=\"1767\" data-end=\"1800\">Miel de prado de monta\u00f1a 500gr.<\/p>\n<\/li>\n<li class=\"\" data-start=\"1801\" data-end=\"1846\">\n<p class=\"\" data-start=\"1803\" data-end=\"1846\">Miel de prado de monta\u00f1a antigoteo 500gr.<\/p>\n<\/li>\n<li class=\"\" data-start=\"1847\" data-end=\"1882\">\n<p class=\"\" data-start=\"1849\" data-end=\"1882\">Miel de prado de monta\u00f1a 980gr.<\/p>\n<\/li>\n<li class=\"\" data-start=\"1883\" data-end=\"1919\">\n<p class=\"\" data-start=\"1885\" data-end=\"1919\">Miel de prado de monta\u00f1a 2000gr.<\/p>\n<\/li>\n<li class=\"\" data-start=\"1920\" data-end=\"1956\">\n<p class=\"\" data-start=\"1922\" data-end=\"1956\">Miel de prado de monta\u00f1a 3000gr.<\/p>\n<\/li>\n<li class=\"\" data-start=\"1957\" data-end=\"1993\">\n<p class=\"\" data-start=\"1959\" data-end=\"1993\">Miel de prado de monta\u00f1a 6000gr.<\/p>\n<\/li>\n<\/ul>\n","protected":false},"excerpt":{"rendered":"<p>Miel de sabor equilibrado y textura suave, perfecta para endulzar bebidas y recetas con un toque natural.<\/p>\n","protected":false},"featured_media":6172,"template":"","meta":{"_joinchat":[]},"product_brand":[],"product_cat":[80,87],"product_tag":[],"class_list":{"0":"post-2834","1":"product","2":"type-product","3":"status-publish","4":"has-post-thumbnail","6":"product_cat-miel","7":"product_cat-miel-de-alta-montana","8":"infinite-scroll-item","9":"sales-flash-overlay","10":"woocommerce-text-align-center","11":"woocommerce-image-align-center","12":"do-quantity-buttons","14":"first","15":"instock","16":"purchasable","17":"product-type-simple"},"yoast_head":"<!-- This site is optimized with the Yoast SEO plugin v27.3 - https:\/\/yoast.com\/product\/yoast-seo-wordpress\/ -->\n<title>Miel de Alta Monta\u00f1a 250gr. - El Rebost de l&#039;Avi llu&iacute;s<\/title>\n<meta name=\"description\" content=\"Prueba la miel de prado de monta\u00f1a, una miel silvestre rica en antioxidantes y con un sabor floral \u00fanico. Ideal para infusiones, postres y maridajes. Disfruta de su pureza y beneficios naturales.\" \/>\n<meta name=\"robots\" content=\"index, follow, max-snippet:-1, max-image-preview:large, max-video-preview:-1\" \/>\n<link rel=\"canonical\" href=\"https:\/\/www.rebostavilluis.com\/es\/comprar\/miel-de-alta-montana-300-gr\/\" \/>\n<meta property=\"og:locale\" content=\"es_ES\" \/>\n<meta property=\"og:type\" content=\"article\" \/>\n<meta property=\"og:title\" content=\"Miel de Alta Monta\u00f1a 250gr. - El Rebost de l&#039;Avi llu&iacute;s\" \/>\n<meta property=\"og:description\" content=\"Prueba la miel de prado de monta\u00f1a, una miel silvestre rica en antioxidantes y con un sabor floral \u00fanico. Ideal para infusiones, postres y maridajes. Disfruta de su pureza y beneficios naturales.\" \/>\n<meta property=\"og:url\" content=\"https:\/\/www.rebostavilluis.com\/es\/comprar\/miel-de-alta-montana-300-gr\/\" \/>\n<meta property=\"og:site_name\" content=\"El Rebost de l&#039;Avi llu&iacute;s\" \/>\n<meta property=\"article:modified_time\" content=\"2025-04-02T18:03:18+00:00\" \/>\n<meta property=\"og:image\" content=\"https:\/\/www.rebostavilluis.com\/wp-content\/uploads\/2020\/02\/Mel-de-l_Avi-Llu\u00eds-gener-2020-Prat-Muntanya-250g.jpg\" \/>\n\t<meta property=\"og:image:width\" content=\"300\" \/>\n\t<meta property=\"og:image:height\" content=\"300\" \/>\n\t<meta property=\"og:image:type\" content=\"image\/jpeg\" \/>\n<meta name=\"twitter:card\" content=\"summary_large_image\" \/>\n<meta name=\"twitter:label1\" content=\"Tiempo de lectura\" \/>\n\t<meta name=\"twitter:data1\" content=\"2 minutos\" \/>\n<script type=\"application\/ld+json\" class=\"yoast-schema-graph\">{\"@context\":\"https:\\\/\\\/schema.org\",\"@graph\":[{\"@type\":\"WebPage\",\"@id\":\"https:\\\/\\\/www.rebostavilluis.com\\\/es\\\/comprar\\\/miel-de-alta-montana-300-gr\\\/\",\"url\":\"https:\\\/\\\/www.rebostavilluis.com\\\/es\\\/comprar\\\/miel-de-alta-montana-300-gr\\\/\",\"name\":\"Miel de Alta Monta\u00f1a 250gr. - El Rebost de l'Avi llu&iacute;s\",\"isPartOf\":{\"@id\":\"https:\\\/\\\/www.rebostavilluis.com\\\/es\\\/#website\"},\"primaryImageOfPage\":{\"@id\":\"https:\\\/\\\/www.rebostavilluis.com\\\/es\\\/comprar\\\/miel-de-alta-montana-300-gr\\\/#primaryimage\"},\"image\":{\"@id\":\"https:\\\/\\\/www.rebostavilluis.com\\\/es\\\/comprar\\\/miel-de-alta-montana-300-gr\\\/#primaryimage\"},\"thumbnailUrl\":\"https:\\\/\\\/www.rebostavilluis.com\\\/wp-content\\\/uploads\\\/2020\\\/02\\\/Mel-de-l_Avi-Llu\u00eds-gener-2020-Prat-Muntanya-250g.jpg\",\"datePublished\":\"2019-01-13T22:24:11+00:00\",\"dateModified\":\"2025-04-02T18:03:18+00:00\",\"description\":\"Prueba la miel de prado de monta\u00f1a, una miel silvestre rica en antioxidantes y con un sabor floral \u00fanico. Ideal para infusiones, postres y maridajes. Disfruta de su pureza y beneficios naturales.\",\"breadcrumb\":{\"@id\":\"https:\\\/\\\/www.rebostavilluis.com\\\/es\\\/comprar\\\/miel-de-alta-montana-300-gr\\\/#breadcrumb\"},\"inLanguage\":\"es\",\"potentialAction\":[{\"@type\":\"ReadAction\",\"target\":[\"https:\\\/\\\/www.rebostavilluis.com\\\/es\\\/comprar\\\/miel-de-alta-montana-300-gr\\\/\"]}]},{\"@type\":\"ImageObject\",\"inLanguage\":\"es\",\"@id\":\"https:\\\/\\\/www.rebostavilluis.com\\\/es\\\/comprar\\\/miel-de-alta-montana-300-gr\\\/#primaryimage\",\"url\":\"https:\\\/\\\/www.rebostavilluis.com\\\/wp-content\\\/uploads\\\/2020\\\/02\\\/Mel-de-l_Avi-Llu\u00eds-gener-2020-Prat-Muntanya-250g.jpg\",\"contentUrl\":\"https:\\\/\\\/www.rebostavilluis.com\\\/wp-content\\\/uploads\\\/2020\\\/02\\\/Mel-de-l_Avi-Llu\u00eds-gener-2020-Prat-Muntanya-250g.jpg\",\"width\":300,\"height\":300,\"caption\":\"Alta Monta\u00f1a\"},{\"@type\":\"BreadcrumbList\",\"@id\":\"https:\\\/\\\/www.rebostavilluis.com\\\/es\\\/comprar\\\/miel-de-alta-montana-300-gr\\\/#breadcrumb\",\"itemListElement\":[{\"@type\":\"ListItem\",\"position\":1,\"name\":\"Portada\",\"item\":\"https:\\\/\\\/www.rebostavilluis.com\\\/es\\\/\"},{\"@type\":\"ListItem\",\"position\":2,\"name\":\"Tienda\",\"item\":\"https:\\\/\\\/www.rebostavilluis.com\\\/es\\\/tienda\\\/\"},{\"@type\":\"ListItem\",\"position\":3,\"name\":\"Miel de Alta Monta\u00f1a 250gr.\"}]},{\"@type\":\"WebSite\",\"@id\":\"https:\\\/\\\/www.rebostavilluis.com\\\/es\\\/#website\",\"url\":\"https:\\\/\\\/www.rebostavilluis.com\\\/es\\\/\",\"name\":\"El Rebost de l'Avi llu&iacute;s\",\"description\":\"Mel del Perell&oacute;\",\"publisher\":{\"@id\":\"https:\\\/\\\/www.rebostavilluis.com\\\/es\\\/#organization\"},\"potentialAction\":[{\"@type\":\"SearchAction\",\"target\":{\"@type\":\"EntryPoint\",\"urlTemplate\":\"https:\\\/\\\/www.rebostavilluis.com\\\/es\\\/?s={search_term_string}\"},\"query-input\":{\"@type\":\"PropertyValueSpecification\",\"valueRequired\":true,\"valueName\":\"search_term_string\"}}],\"inLanguage\":\"es\"},{\"@type\":\"Organization\",\"@id\":\"https:\\\/\\\/www.rebostavilluis.com\\\/es\\\/#organization\",\"name\":\"El Rebost de l'Avi llu&iacute;s\",\"url\":\"https:\\\/\\\/www.rebostavilluis.com\\\/es\\\/\",\"logo\":{\"@type\":\"ImageObject\",\"inLanguage\":\"es\",\"@id\":\"https:\\\/\\\/www.rebostavilluis.com\\\/es\\\/#\\\/schema\\\/logo\\\/image\\\/\",\"url\":\"https:\\\/\\\/www.rebostavilluis.com\\\/wp-content\\\/uploads\\\/2021\\\/06\\\/logo.png\",\"contentUrl\":\"https:\\\/\\\/www.rebostavilluis.com\\\/wp-content\\\/uploads\\\/2021\\\/06\\\/logo.png\",\"width\":273,\"height\":74,\"caption\":\"El Rebost de l'Avi llu&iacute;s\"},\"image\":{\"@id\":\"https:\\\/\\\/www.rebostavilluis.com\\\/es\\\/#\\\/schema\\\/logo\\\/image\\\/\"}}]}<\/script>\n<!-- \/ Yoast SEO plugin. -->","yoast_head_json":{"title":"Miel de Alta Monta\u00f1a 250gr. - El Rebost de l'Avi llu&iacute;s","description":"Prueba la miel de prado de monta\u00f1a, una miel silvestre rica en antioxidantes y con un sabor floral \u00fanico. Ideal para infusiones, postres y maridajes. Disfruta de su pureza y beneficios naturales.","robots":{"index":"index","follow":"follow","max-snippet":"max-snippet:-1","max-image-preview":"max-image-preview:large","max-video-preview":"max-video-preview:-1"},"canonical":"https:\/\/www.rebostavilluis.com\/es\/comprar\/miel-de-alta-montana-300-gr\/","og_locale":"es_ES","og_type":"article","og_title":"Miel de Alta Monta\u00f1a 250gr. - El Rebost de l'Avi llu&iacute;s","og_description":"Prueba la miel de prado de monta\u00f1a, una miel silvestre rica en antioxidantes y con un sabor floral \u00fanico. Ideal para infusiones, postres y maridajes. Disfruta de su pureza y beneficios naturales.","og_url":"https:\/\/www.rebostavilluis.com\/es\/comprar\/miel-de-alta-montana-300-gr\/","og_site_name":"El Rebost de l'Avi llu&iacute;s","article_modified_time":"2025-04-02T18:03:18+00:00","og_image":[{"width":300,"height":300,"url":"https:\/\/www.rebostavilluis.com\/wp-content\/uploads\/2020\/02\/Mel-de-l_Avi-Llu\u00eds-gener-2020-Prat-Muntanya-250g.jpg","type":"image\/jpeg"}],"twitter_card":"summary_large_image","twitter_misc":{"Tiempo de lectura":"2 minutos"},"schema":{"@context":"https:\/\/schema.org","@graph":[{"@type":"WebPage","@id":"https:\/\/www.rebostavilluis.com\/es\/comprar\/miel-de-alta-montana-300-gr\/","url":"https:\/\/www.rebostavilluis.com\/es\/comprar\/miel-de-alta-montana-300-gr\/","name":"Miel de Alta Monta\u00f1a 250gr. - El Rebost de l'Avi llu&iacute;s","isPartOf":{"@id":"https:\/\/www.rebostavilluis.com\/es\/#website"},"primaryImageOfPage":{"@id":"https:\/\/www.rebostavilluis.com\/es\/comprar\/miel-de-alta-montana-300-gr\/#primaryimage"},"image":{"@id":"https:\/\/www.rebostavilluis.com\/es\/comprar\/miel-de-alta-montana-300-gr\/#primaryimage"},"thumbnailUrl":"https:\/\/www.rebostavilluis.com\/wp-content\/uploads\/2020\/02\/Mel-de-l_Avi-Llu\u00eds-gener-2020-Prat-Muntanya-250g.jpg","datePublished":"2019-01-13T22:24:11+00:00","dateModified":"2025-04-02T18:03:18+00:00","description":"Prueba la miel de prado de monta\u00f1a, una miel silvestre rica en antioxidantes y con un sabor floral \u00fanico. Ideal para infusiones, postres y maridajes. Disfruta de su pureza y beneficios naturales.","breadcrumb":{"@id":"https:\/\/www.rebostavilluis.com\/es\/comprar\/miel-de-alta-montana-300-gr\/#breadcrumb"},"inLanguage":"es","potentialAction":[{"@type":"ReadAction","target":["https:\/\/www.rebostavilluis.com\/es\/comprar\/miel-de-alta-montana-300-gr\/"]}]},{"@type":"ImageObject","inLanguage":"es","@id":"https:\/\/www.rebostavilluis.com\/es\/comprar\/miel-de-alta-montana-300-gr\/#primaryimage","url":"https:\/\/www.rebostavilluis.com\/wp-content\/uploads\/2020\/02\/Mel-de-l_Avi-Llu\u00eds-gener-2020-Prat-Muntanya-250g.jpg","contentUrl":"https:\/\/www.rebostavilluis.com\/wp-content\/uploads\/2020\/02\/Mel-de-l_Avi-Llu\u00eds-gener-2020-Prat-Muntanya-250g.jpg","width":300,"height":300,"caption":"Alta Monta\u00f1a"},{"@type":"BreadcrumbList","@id":"https:\/\/www.rebostavilluis.com\/es\/comprar\/miel-de-alta-montana-300-gr\/#breadcrumb","itemListElement":[{"@type":"ListItem","position":1,"name":"Portada","item":"https:\/\/www.rebostavilluis.com\/es\/"},{"@type":"ListItem","position":2,"name":"Tienda","item":"https:\/\/www.rebostavilluis.com\/es\/tienda\/"},{"@type":"ListItem","position":3,"name":"Miel de Alta Monta\u00f1a 250gr."}]},{"@type":"WebSite","@id":"https:\/\/www.rebostavilluis.com\/es\/#website","url":"https:\/\/www.rebostavilluis.com\/es\/","name":"El Rebost de l'Avi llu&iacute;s","description":"Mel del Perell&oacute;","publisher":{"@id":"https:\/\/www.rebostavilluis.com\/es\/#organization"},"potentialAction":[{"@type":"SearchAction","target":{"@type":"EntryPoint","urlTemplate":"https:\/\/www.rebostavilluis.com\/es\/?s={search_term_string}"},"query-input":{"@type":"PropertyValueSpecification","valueRequired":true,"valueName":"search_term_string"}}],"inLanguage":"es"},{"@type":"Organization","@id":"https:\/\/www.rebostavilluis.com\/es\/#organization","name":"El Rebost de l'Avi llu&iacute;s","url":"https:\/\/www.rebostavilluis.com\/es\/","logo":{"@type":"ImageObject","inLanguage":"es","@id":"https:\/\/www.rebostavilluis.com\/es\/#\/schema\/logo\/image\/","url":"https:\/\/www.rebostavilluis.com\/wp-content\/uploads\/2021\/06\/logo.png","contentUrl":"https:\/\/www.rebostavilluis.com\/wp-content\/uploads\/2021\/06\/logo.png","width":273,"height":74,"caption":"El Rebost de l'Avi llu&iacute;s"},"image":{"@id":"https:\/\/www.rebostavilluis.com\/es\/#\/schema\/logo\/image\/"}}]}},"_links":{"self":[{"href":"https:\/\/www.rebostavilluis.com\/es\/wp-json\/wp\/v2\/product\/2834","targetHints":{"allow":["GET"]}}],"collection":[{"href":"https:\/\/www.rebostavilluis.com\/es\/wp-json\/wp\/v2\/product"}],"about":[{"href":"https:\/\/www.rebostavilluis.com\/es\/wp-json\/wp\/v2\/types\/product"}],"wp:featuredmedia":[{"embeddable":true,"href":"https:\/\/www.rebostavilluis.com\/es\/wp-json\/wp\/v2\/media\/6172"}],"wp:attachment":[{"href":"https:\/\/www.rebostavilluis.com\/es\/wp-json\/wp\/v2\/media?parent=2834"}],"wp:term":[{"taxonomy":"product_brand","embeddable":true,"href":"https:\/\/www.rebostavilluis.com\/es\/wp-json\/wp\/v2\/product_brand?post=2834"},{"taxonomy":"product_cat","embeddable":true,"href":"https:\/\/www.rebostavilluis.com\/es\/wp-json\/wp\/v2\/product_cat?post=2834"},{"taxonomy":"product_tag","embeddable":true,"href":"https:\/\/www.rebostavilluis.com\/es\/wp-json\/wp\/v2\/product_tag?post=2834"}],"curies":[{"name":"wp","href":"https:\/\/api.w.org\/{rel}","templated":true}]}}