{"id":2839,"date":"2019-01-13T23:24:11","date_gmt":"2019-01-13T22:24:11","guid":{"rendered":"https:\/\/www.rebostavilluis.com\/comprar\/miel-de-eucalipto-3000-gr\/"},"modified":"2025-04-03T12:37:19","modified_gmt":"2025-04-03T10:37:19","slug":"miel-de-eucalipto-3000-gr","status":"publish","type":"product","link":"https:\/\/www.rebostavilluis.com\/es\/comprar\/miel-de-eucalipto-3000-gr\/","title":{"rendered":"Miel de Eucalipto 3000gr."},"content":{"rendered":"<p class=\"\" data-start=\"125\" data-end=\"395\">La miel de eucalipto es elaborada a partir del n\u00e9ctar de las flores del eucalipto, lo que le confiere un color \u00e1mbar con reflejos oscuros y un aroma intenso y bals\u00e1mico. Su sabor es caracter\u00edstico, con notas ligeramente amaderadas y un toque persistente en el paladar.<\/p>\n<h4 class=\"\" data-start=\"397\" data-end=\"429\"><strong data-start=\"402\" data-end=\"427\">\u00bfD\u00f3nde la producimos?<\/strong><\/h4>\n<p class=\"\" data-start=\"430\" data-end=\"635\">Nuestra miel de eucalipto se obtiene en bosques de eucaliptos situados en la costa atl\u00e1ntica y mediterr\u00e1nea, donde estos \u00e1rboles florecen en verano, ofreciendo un n\u00e9ctar rico y arom\u00e1tico para las abejas.<\/p>\n<p class=\"\" data-start=\"637\" data-end=\"768\">La cosecha de esta miel se realiza entre julio y septiembre, cuando las condiciones clim\u00e1ticas favorecen una floraci\u00f3n abundante.<\/p>\n<h4 class=\"\" data-start=\"770\" data-end=\"809\"><strong data-start=\"775\" data-end=\"807\">\u00bfCu\u00e1les son sus propiedades?<\/strong><\/h4>\n<p>La miel de eucalipto se distingue por su color \u00e1mbar y su aroma potente, con matices bals\u00e1micos y ligeramente amaderados. Su sabor profundo y persistente la convierte en una opci\u00f3n ideal para quienes buscan una miel con car\u00e1cter.<\/p>\n<p>Gracias a su versatilidad, puede emplearse para endulzar bebidas, acompa\u00f1ar recetas o disfrutarse sola, proporcionando una experiencia gustativa \u00fanica.<\/p>\n<h4 class=\"\" data-start=\"1502\" data-end=\"1530\"><strong data-start=\"1507\" data-end=\"1528\">\u00bfC\u00f3mo consumirla?<\/strong><\/h4>\n<p class=\"\" data-start=\"1531\" data-end=\"1792\">Su sabor bals\u00e1mico y ligeramente mentolado la hace ideal para endulzar infusiones, especialmente aquellas destinadas a aliviar molestias en la garganta. Tambi\u00e9n es una excelente opci\u00f3n para acompa\u00f1ar l\u00e1cteos, postres o para elaborar salsas con un toque \u00fanico.<\/p>\n<h4 class=\"\" data-start=\"1794\" data-end=\"1826\"><strong data-start=\"1799\" data-end=\"1824\">Formatos disponibles:<\/strong><\/h4>\n<ul data-start=\"1827\" data-end=\"2109\">\n<li class=\"\" data-start=\"1827\" data-end=\"1854\">\n<p class=\"\" data-start=\"1829\" data-end=\"1854\">Miel de eucalipto 50gr.<\/p>\n<\/li>\n<li class=\"\" data-start=\"1855\" data-end=\"1883\">\n<p class=\"\" data-start=\"1857\" data-end=\"1883\">Miel de eucalipto 250gr.<\/p>\n<\/li>\n<li class=\"\" data-start=\"1884\" data-end=\"1922\">\n<p class=\"\" data-start=\"1886\" data-end=\"1922\">Miel de eucalipto antigoteo 250gr.<\/p>\n<\/li>\n<li class=\"\" data-start=\"1923\" data-end=\"1951\">\n<p class=\"\" data-start=\"1925\" data-end=\"1951\">Miel de eucalipto 500gr.<\/p>\n<\/li>\n<li class=\"\" data-start=\"1952\" data-end=\"1990\">\n<p class=\"\" data-start=\"1954\" data-end=\"1990\">Miel de eucalipto antigoteo 500gr.<\/p>\n<\/li>\n<li class=\"\" data-start=\"1991\" data-end=\"2019\">\n<p class=\"\" data-start=\"1993\" data-end=\"2019\">Miel de eucalipto 980gr.<\/p>\n<\/li>\n<li class=\"\" data-start=\"2020\" data-end=\"2049\">\n<p class=\"\" data-start=\"2022\" data-end=\"2049\">Miel de eucalipto 2000gr.<\/p>\n<\/li>\n<li class=\"\" data-start=\"2050\" data-end=\"2079\">\n<p class=\"\" data-start=\"2052\" data-end=\"2079\">Miel de eucalipto 3000gr.<\/p>\n<\/li>\n<li class=\"\" data-start=\"2080\" data-end=\"2109\">\n<p class=\"\" data-start=\"2082\" data-end=\"2109\">Miel de eucalipto 5250gr.<\/p>\n<\/li>\n<\/ul>\n","protected":false},"excerpt":{"rendered":"<p>Miel de eucalipto con un aroma intenso y notas bals\u00e1micas, perfecta para quienes buscan un sabor profundo y caracter\u00edstico.<\/p>\n","protected":false},"featured_media":6200,"template":"","meta":{"_joinchat":[]},"product_brand":[],"product_cat":[80,88],"product_tag":[],"class_list":{"0":"post-2839","1":"product","2":"type-product","3":"status-publish","4":"has-post-thumbnail","6":"product_cat-miel","7":"product_cat-miel-de-eucalipto","8":"infinite-scroll-item","9":"sales-flash-overlay","10":"woocommerce-text-align-center","11":"woocommerce-image-align-center","12":"do-quantity-buttons","14":"first","15":"instock","16":"purchasable","17":"product-type-simple"},"yoast_head":"<!-- This site is optimized with the Yoast SEO plugin v27.3 - https:\/\/yoast.com\/product\/yoast-seo-wordpress\/ -->\n<title>Miel de Eucalipto 3000gr. - El Rebost de l&#039;Avi llu&iacute;s<\/title>\n<meta name=\"description\" content=\"Descubre la miel de eucalipto, una miel bals\u00e1mica y arom\u00e1tica con propiedades expectorantes y antibacterianas. Perfecta para infusiones y remedios naturales.\" \/>\n<meta name=\"robots\" content=\"index, follow, max-snippet:-1, max-image-preview:large, max-video-preview:-1\" \/>\n<link rel=\"canonical\" href=\"https:\/\/www.rebostavilluis.com\/es\/comprar\/miel-de-eucalipto-3000-gr\/\" \/>\n<meta property=\"og:locale\" content=\"es_ES\" \/>\n<meta property=\"og:type\" content=\"article\" \/>\n<meta property=\"og:title\" content=\"Miel de Eucalipto 3000gr. - El Rebost de l&#039;Avi llu&iacute;s\" \/>\n<meta property=\"og:description\" content=\"Descubre la miel de eucalipto, una miel bals\u00e1mica y arom\u00e1tica con propiedades expectorantes y antibacterianas. Perfecta para infusiones y remedios naturales.\" \/>\n<meta property=\"og:url\" content=\"https:\/\/www.rebostavilluis.com\/es\/comprar\/miel-de-eucalipto-3000-gr\/\" \/>\n<meta property=\"og:site_name\" content=\"El Rebost de l&#039;Avi llu&iacute;s\" \/>\n<meta property=\"article:modified_time\" content=\"2025-04-03T10:37:19+00:00\" \/>\n<meta property=\"og:image\" content=\"https:\/\/www.rebostavilluis.com\/wp-content\/uploads\/2020\/02\/Mel-de-l_Avi-Llu\u00eds-gener-2020-Eucaliptus-3000g.jpg\" \/>\n\t<meta property=\"og:image:width\" content=\"300\" \/>\n\t<meta property=\"og:image:height\" content=\"300\" \/>\n\t<meta property=\"og:image:type\" content=\"image\/jpeg\" \/>\n<meta name=\"twitter:card\" content=\"summary_large_image\" \/>\n<meta name=\"twitter:label1\" content=\"Tiempo de lectura\" \/>\n\t<meta name=\"twitter:data1\" content=\"2 minutos\" \/>\n<script type=\"application\/ld+json\" class=\"yoast-schema-graph\">{\"@context\":\"https:\\\/\\\/schema.org\",\"@graph\":[{\"@type\":\"WebPage\",\"@id\":\"https:\\\/\\\/www.rebostavilluis.com\\\/es\\\/comprar\\\/miel-de-eucalipto-3000-gr\\\/\",\"url\":\"https:\\\/\\\/www.rebostavilluis.com\\\/es\\\/comprar\\\/miel-de-eucalipto-3000-gr\\\/\",\"name\":\"Miel de Eucalipto 3000gr. - El Rebost de l'Avi llu&iacute;s\",\"isPartOf\":{\"@id\":\"https:\\\/\\\/www.rebostavilluis.com\\\/es\\\/#website\"},\"primaryImageOfPage\":{\"@id\":\"https:\\\/\\\/www.rebostavilluis.com\\\/es\\\/comprar\\\/miel-de-eucalipto-3000-gr\\\/#primaryimage\"},\"image\":{\"@id\":\"https:\\\/\\\/www.rebostavilluis.com\\\/es\\\/comprar\\\/miel-de-eucalipto-3000-gr\\\/#primaryimage\"},\"thumbnailUrl\":\"https:\\\/\\\/www.rebostavilluis.com\\\/wp-content\\\/uploads\\\/2020\\\/02\\\/Mel-de-l_Avi-Llu\u00eds-gener-2020-Eucaliptus-3000g.jpg\",\"datePublished\":\"2019-01-13T22:24:11+00:00\",\"dateModified\":\"2025-04-03T10:37:19+00:00\",\"description\":\"Descubre la miel de eucalipto, una miel bals\u00e1mica y arom\u00e1tica con propiedades expectorantes y antibacterianas. Perfecta para infusiones y remedios naturales.\",\"breadcrumb\":{\"@id\":\"https:\\\/\\\/www.rebostavilluis.com\\\/es\\\/comprar\\\/miel-de-eucalipto-3000-gr\\\/#breadcrumb\"},\"inLanguage\":\"es\",\"potentialAction\":[{\"@type\":\"ReadAction\",\"target\":[\"https:\\\/\\\/www.rebostavilluis.com\\\/es\\\/comprar\\\/miel-de-eucalipto-3000-gr\\\/\"]}]},{\"@type\":\"ImageObject\",\"inLanguage\":\"es\",\"@id\":\"https:\\\/\\\/www.rebostavilluis.com\\\/es\\\/comprar\\\/miel-de-eucalipto-3000-gr\\\/#primaryimage\",\"url\":\"https:\\\/\\\/www.rebostavilluis.com\\\/wp-content\\\/uploads\\\/2020\\\/02\\\/Mel-de-l_Avi-Llu\u00eds-gener-2020-Eucaliptus-3000g.jpg\",\"contentUrl\":\"https:\\\/\\\/www.rebostavilluis.com\\\/wp-content\\\/uploads\\\/2020\\\/02\\\/Mel-de-l_Avi-Llu\u00eds-gener-2020-Eucaliptus-3000g.jpg\",\"width\":300,\"height\":300,\"caption\":\"mel avi lluis perello baix ebre catalunya - miel abejas panal natural eco\"},{\"@type\":\"BreadcrumbList\",\"@id\":\"https:\\\/\\\/www.rebostavilluis.com\\\/es\\\/comprar\\\/miel-de-eucalipto-3000-gr\\\/#breadcrumb\",\"itemListElement\":[{\"@type\":\"ListItem\",\"position\":1,\"name\":\"Portada\",\"item\":\"https:\\\/\\\/www.rebostavilluis.com\\\/es\\\/\"},{\"@type\":\"ListItem\",\"position\":2,\"name\":\"Tienda\",\"item\":\"https:\\\/\\\/www.rebostavilluis.com\\\/es\\\/tienda\\\/\"},{\"@type\":\"ListItem\",\"position\":3,\"name\":\"Miel de Eucalipto 3000gr.\"}]},{\"@type\":\"WebSite\",\"@id\":\"https:\\\/\\\/www.rebostavilluis.com\\\/es\\\/#website\",\"url\":\"https:\\\/\\\/www.rebostavilluis.com\\\/es\\\/\",\"name\":\"El Rebost de l'Avi llu&iacute;s\",\"description\":\"Mel del Perell&oacute;\",\"publisher\":{\"@id\":\"https:\\\/\\\/www.rebostavilluis.com\\\/es\\\/#organization\"},\"potentialAction\":[{\"@type\":\"SearchAction\",\"target\":{\"@type\":\"EntryPoint\",\"urlTemplate\":\"https:\\\/\\\/www.rebostavilluis.com\\\/es\\\/?s={search_term_string}\"},\"query-input\":{\"@type\":\"PropertyValueSpecification\",\"valueRequired\":true,\"valueName\":\"search_term_string\"}}],\"inLanguage\":\"es\"},{\"@type\":\"Organization\",\"@id\":\"https:\\\/\\\/www.rebostavilluis.com\\\/es\\\/#organization\",\"name\":\"El Rebost de l'Avi llu&iacute;s\",\"url\":\"https:\\\/\\\/www.rebostavilluis.com\\\/es\\\/\",\"logo\":{\"@type\":\"ImageObject\",\"inLanguage\":\"es\",\"@id\":\"https:\\\/\\\/www.rebostavilluis.com\\\/es\\\/#\\\/schema\\\/logo\\\/image\\\/\",\"url\":\"https:\\\/\\\/www.rebostavilluis.com\\\/wp-content\\\/uploads\\\/2021\\\/06\\\/logo.png\",\"contentUrl\":\"https:\\\/\\\/www.rebostavilluis.com\\\/wp-content\\\/uploads\\\/2021\\\/06\\\/logo.png\",\"width\":273,\"height\":74,\"caption\":\"El Rebost de l'Avi llu&iacute;s\"},\"image\":{\"@id\":\"https:\\\/\\\/www.rebostavilluis.com\\\/es\\\/#\\\/schema\\\/logo\\\/image\\\/\"}}]}<\/script>\n<!-- \/ Yoast SEO plugin. -->","yoast_head_json":{"title":"Miel de Eucalipto 3000gr. - El Rebost de l'Avi llu&iacute;s","description":"Descubre la miel de eucalipto, una miel bals\u00e1mica y arom\u00e1tica con propiedades expectorantes y antibacterianas. Perfecta para infusiones y remedios naturales.","robots":{"index":"index","follow":"follow","max-snippet":"max-snippet:-1","max-image-preview":"max-image-preview:large","max-video-preview":"max-video-preview:-1"},"canonical":"https:\/\/www.rebostavilluis.com\/es\/comprar\/miel-de-eucalipto-3000-gr\/","og_locale":"es_ES","og_type":"article","og_title":"Miel de Eucalipto 3000gr. - El Rebost de l'Avi llu&iacute;s","og_description":"Descubre la miel de eucalipto, una miel bals\u00e1mica y arom\u00e1tica con propiedades expectorantes y antibacterianas. Perfecta para infusiones y remedios naturales.","og_url":"https:\/\/www.rebostavilluis.com\/es\/comprar\/miel-de-eucalipto-3000-gr\/","og_site_name":"El Rebost de l'Avi llu&iacute;s","article_modified_time":"2025-04-03T10:37:19+00:00","og_image":[{"width":300,"height":300,"url":"https:\/\/www.rebostavilluis.com\/wp-content\/uploads\/2020\/02\/Mel-de-l_Avi-Llu\u00eds-gener-2020-Eucaliptus-3000g.jpg","type":"image\/jpeg"}],"twitter_card":"summary_large_image","twitter_misc":{"Tiempo de lectura":"2 minutos"},"schema":{"@context":"https:\/\/schema.org","@graph":[{"@type":"WebPage","@id":"https:\/\/www.rebostavilluis.com\/es\/comprar\/miel-de-eucalipto-3000-gr\/","url":"https:\/\/www.rebostavilluis.com\/es\/comprar\/miel-de-eucalipto-3000-gr\/","name":"Miel de Eucalipto 3000gr. - El Rebost de l'Avi llu&iacute;s","isPartOf":{"@id":"https:\/\/www.rebostavilluis.com\/es\/#website"},"primaryImageOfPage":{"@id":"https:\/\/www.rebostavilluis.com\/es\/comprar\/miel-de-eucalipto-3000-gr\/#primaryimage"},"image":{"@id":"https:\/\/www.rebostavilluis.com\/es\/comprar\/miel-de-eucalipto-3000-gr\/#primaryimage"},"thumbnailUrl":"https:\/\/www.rebostavilluis.com\/wp-content\/uploads\/2020\/02\/Mel-de-l_Avi-Llu\u00eds-gener-2020-Eucaliptus-3000g.jpg","datePublished":"2019-01-13T22:24:11+00:00","dateModified":"2025-04-03T10:37:19+00:00","description":"Descubre la miel de eucalipto, una miel bals\u00e1mica y arom\u00e1tica con propiedades expectorantes y antibacterianas. Perfecta para infusiones y remedios naturales.","breadcrumb":{"@id":"https:\/\/www.rebostavilluis.com\/es\/comprar\/miel-de-eucalipto-3000-gr\/#breadcrumb"},"inLanguage":"es","potentialAction":[{"@type":"ReadAction","target":["https:\/\/www.rebostavilluis.com\/es\/comprar\/miel-de-eucalipto-3000-gr\/"]}]},{"@type":"ImageObject","inLanguage":"es","@id":"https:\/\/www.rebostavilluis.com\/es\/comprar\/miel-de-eucalipto-3000-gr\/#primaryimage","url":"https:\/\/www.rebostavilluis.com\/wp-content\/uploads\/2020\/02\/Mel-de-l_Avi-Llu\u00eds-gener-2020-Eucaliptus-3000g.jpg","contentUrl":"https:\/\/www.rebostavilluis.com\/wp-content\/uploads\/2020\/02\/Mel-de-l_Avi-Llu\u00eds-gener-2020-Eucaliptus-3000g.jpg","width":300,"height":300,"caption":"mel avi lluis perello baix ebre catalunya - miel abejas panal natural eco"},{"@type":"BreadcrumbList","@id":"https:\/\/www.rebostavilluis.com\/es\/comprar\/miel-de-eucalipto-3000-gr\/#breadcrumb","itemListElement":[{"@type":"ListItem","position":1,"name":"Portada","item":"https:\/\/www.rebostavilluis.com\/es\/"},{"@type":"ListItem","position":2,"name":"Tienda","item":"https:\/\/www.rebostavilluis.com\/es\/tienda\/"},{"@type":"ListItem","position":3,"name":"Miel de Eucalipto 3000gr."}]},{"@type":"WebSite","@id":"https:\/\/www.rebostavilluis.com\/es\/#website","url":"https:\/\/www.rebostavilluis.com\/es\/","name":"El Rebost de l'Avi llu&iacute;s","description":"Mel del Perell&oacute;","publisher":{"@id":"https:\/\/www.rebostavilluis.com\/es\/#organization"},"potentialAction":[{"@type":"SearchAction","target":{"@type":"EntryPoint","urlTemplate":"https:\/\/www.rebostavilluis.com\/es\/?s={search_term_string}"},"query-input":{"@type":"PropertyValueSpecification","valueRequired":true,"valueName":"search_term_string"}}],"inLanguage":"es"},{"@type":"Organization","@id":"https:\/\/www.rebostavilluis.com\/es\/#organization","name":"El Rebost de l'Avi llu&iacute;s","url":"https:\/\/www.rebostavilluis.com\/es\/","logo":{"@type":"ImageObject","inLanguage":"es","@id":"https:\/\/www.rebostavilluis.com\/es\/#\/schema\/logo\/image\/","url":"https:\/\/www.rebostavilluis.com\/wp-content\/uploads\/2021\/06\/logo.png","contentUrl":"https:\/\/www.rebostavilluis.com\/wp-content\/uploads\/2021\/06\/logo.png","width":273,"height":74,"caption":"El Rebost de l'Avi llu&iacute;s"},"image":{"@id":"https:\/\/www.rebostavilluis.com\/es\/#\/schema\/logo\/image\/"}}]}},"_links":{"self":[{"href":"https:\/\/www.rebostavilluis.com\/es\/wp-json\/wp\/v2\/product\/2839","targetHints":{"allow":["GET"]}}],"collection":[{"href":"https:\/\/www.rebostavilluis.com\/es\/wp-json\/wp\/v2\/product"}],"about":[{"href":"https:\/\/www.rebostavilluis.com\/es\/wp-json\/wp\/v2\/types\/product"}],"wp:featuredmedia":[{"embeddable":true,"href":"https:\/\/www.rebostavilluis.com\/es\/wp-json\/wp\/v2\/media\/6200"}],"wp:attachment":[{"href":"https:\/\/www.rebostavilluis.com\/es\/wp-json\/wp\/v2\/media?parent=2839"}],"wp:term":[{"taxonomy":"product_brand","embeddable":true,"href":"https:\/\/www.rebostavilluis.com\/es\/wp-json\/wp\/v2\/product_brand?post=2839"},{"taxonomy":"product_cat","embeddable":true,"href":"https:\/\/www.rebostavilluis.com\/es\/wp-json\/wp\/v2\/product_cat?post=2839"},{"taxonomy":"product_tag","embeddable":true,"href":"https:\/\/www.rebostavilluis.com\/es\/wp-json\/wp\/v2\/product_tag?post=2839"}],"curies":[{"name":"wp","href":"https:\/\/api.w.org\/{rel}","templated":true}]}}