{"id":2852,"date":"2019-01-13T23:26:35","date_gmt":"2019-01-13T22:26:35","guid":{"rendered":"https:\/\/www.rebostavilluis.com\/comprar\/miel-de-tomillo-antigoteo-500gr\/"},"modified":"2024-09-25T17:10:51","modified_gmt":"2024-09-25T15:10:51","slug":"miel-de-tomillo-antigoteo-500gr","status":"publish","type":"product","link":"https:\/\/www.rebostavilluis.com\/es\/comprar\/miel-de-tomillo-antigoteo-500gr\/","title":{"rendered":"Miel de Tomillo &#8211; Antigoteo 500gr."},"content":{"rendered":"<p>Miel de tomillo antigoteo 500gr<\/p>\n<p>La <a href=\"https:\/\/www.meldelperello.com\/es\/productos\/miel\/tomillo\/\">miel de tomillo<\/a>\u00a0es producida por el n\u00e9ctar de la flor de tomillo (<em>Thymus vulgaris<\/em>;<em> Thymus chriodorus<\/em>). \u00a0Esta miel tiene un color oscuro, de sabor dulce con claras notas \u00e1cidas y en ocasiones con notas saladas, y un aroma muy intenso y persistente. Las sensaciones var\u00edan en funci\u00f3n de la composici\u00f3n, pureza y especies bot\u00e1nicas acompa\u00f1antes.<\/p>\n<h4>\u00bfD\u00f3nde la producimos?<\/h4>\n<p>El \u00e1mbito de producci\u00f3n es la zona prelitoral de Catalu\u00f1a, el Bajo Arag\u00f3n y Castilla y Le\u00f3n. Su cosecha se realiza desde mediados de abril hasta junio.<\/p>\n<h4>\u00bfCu\u00e1les son sus propiedades?<\/h4>\n<p>Cabe destacar que el tomillo es la planta medicinal por excelencia, que aparece en todos los recetarios de nuestras abuelas. As\u00ed pues, la miel de tomillo contiene una serie de propiedades medicinales indudables y es una muy buena aliada para nuestra salud. Es muy eficiente a la hora de prevenir infecciones de garganta y, adem\u00e1s, ayuda a mejorar el funcionamiento del sistema digestivo y es muy adecuada cuando hemos de soportar digestiones pesadas. La miel de tomillo tambi\u00e9n ejerce de reguladora de la tensi\u00f3n arterial y reduce las molestias causadas por enfermedades como el asma y la bronquitis.<\/p>\n<p>Entre sus propiedades m\u00e1s sorprendentes est\u00e1 la de regular la menstruaci\u00f3n. Es ideal para estimular el apetito, realzar los sabores de los guisos y ayudar a la digesti\u00f3n de los alimentos, especialmente si estos contienen grasas.<\/p>\n<p>Adem\u00e1s,\u00a0favorece el sue\u00f1o, es antis\u00e9ptica y se recomienda para la prevenci\u00f3n de enfermedades infecciosas, tanto respiratorias como digestivas.<\/p>\n<div class=\"woocommerce-tabs wc-tabs-wrapper\">\n<div id=\"tab-description\" class=\"woocommerce-Tabs-panel woocommerce-Tabs-panel--description panel entry-content wc-tab\" role=\"tabpanel\" aria-labelledby=\"tab-title-description\">\n<p>La pod\u00e9is encontrar en <a href=\"https:\/\/www.rebostavilluis.com\/es\/miel-de-tomillo\/\">distintos envases<\/a>:<\/p>\n<p>Miel de tomillo 50gr.<\/p>\n<p>Miel de tomillo 250gr.<\/p>\n<p>Miel de tomillo antigoteo 250gr.<\/p>\n<p>Miel de tomillo 500gr.<\/p>\n<p>Miel de tomillo antigoteo 500gr.<\/p>\n<p>Miel de tomillo 980gr.<\/p>\n<p>Miel de tomillo 2000gr.<\/p>\n<p>Miel de tomillo 3000gr.<\/p>\n<p>Miel de tomillo 6000gr.<\/p>\n<p><a href=\"https:\/\/www.rebostavilluis.com\/es\/miel-de-tomillo\/\">Compra ahora<\/a> miel de m\u00e1xima calidad en l\u2019Avi Llu\u00eds y disfruta del producto m\u00e1s puro y natural. \u00a1De la colmena al bote, sin alteraciones!<\/p>\n<\/div>\n<\/div>\n","protected":false},"excerpt":{"rendered":"<p>Miel de tomillo antigoteo 500gr La miel de tomillo\u00a0es producida por el n\u00e9ctar de la flor de tomillo (Thymus vulgaris; Thymus chriodorus). \u00a0Esta miel tiene un color oscuro, de sabor dulce con claras notas \u00e1cidas y en ocasiones con notas &#8230; <a title=\"Miel de Tomillo &#8211; Antigoteo 500gr.\" class=\"read-more\" href=\"https:\/\/www.rebostavilluis.com\/es\/comprar\/miel-de-tomillo-antigoteo-500gr\/\" aria-label=\"Leer m\u00e1s sobre Miel de Tomillo &#8211; Antigoteo 500gr.\">Leer m\u00e1s<\/a><\/p>\n","protected":false},"featured_media":6109,"template":"","meta":{"_joinchat":[]},"product_brand":[],"product_cat":[80,90],"product_tag":[],"class_list":{"0":"post-2852","1":"product","2":"type-product","3":"status-publish","4":"has-post-thumbnail","6":"product_cat-miel","7":"product_cat-miel-de-tomillo","8":"infinite-scroll-item","9":"sales-flash-overlay","10":"woocommerce-text-align-center","11":"woocommerce-image-align-center","12":"do-quantity-buttons","14":"first","15":"instock","16":"purchasable","17":"product-type-simple"},"yoast_head":"<!-- This site is optimized with the Yoast SEO plugin v27.3 - https:\/\/yoast.com\/product\/yoast-seo-wordpress\/ -->\n<title>Miel de Tomillo - Antigoteo 500gr. - El Rebost de l&#039;Avi llu&iacute;s<\/title>\n<meta name=\"description\" content=\"Miel de tomillo antigoteo 500gr. Compra ahora miel de m\u00e1xima calidad en l\u2019Avi Llu\u00eds y disfruta del producto m\u00e1s puro y natural. \u00a1De la colmena al bote!\" \/>\n<meta name=\"robots\" content=\"index, follow, max-snippet:-1, max-image-preview:large, max-video-preview:-1\" \/>\n<link rel=\"canonical\" href=\"https:\/\/www.rebostavilluis.com\/es\/comprar\/miel-de-tomillo-antigoteo-500gr\/\" \/>\n<meta property=\"og:locale\" content=\"es_ES\" \/>\n<meta property=\"og:type\" content=\"article\" \/>\n<meta property=\"og:title\" content=\"Miel de Tomillo - Antigoteo 500gr. - El Rebost de l&#039;Avi llu&iacute;s\" \/>\n<meta property=\"og:description\" content=\"Miel de tomillo antigoteo 500gr. Compra ahora miel de m\u00e1xima calidad en l\u2019Avi Llu\u00eds y disfruta del producto m\u00e1s puro y natural. \u00a1De la colmena al bote!\" \/>\n<meta property=\"og:url\" content=\"https:\/\/www.rebostavilluis.com\/es\/comprar\/miel-de-tomillo-antigoteo-500gr\/\" \/>\n<meta property=\"og:site_name\" content=\"El Rebost de l&#039;Avi llu&iacute;s\" \/>\n<meta property=\"article:modified_time\" content=\"2024-09-25T15:10:51+00:00\" \/>\n<meta property=\"og:image\" content=\"https:\/\/www.rebostavilluis.com\/wp-content\/uploads\/2019\/01\/Mel-de-lAvi-Llu\u00eds-gener-2020-Farigola-dosificador-500g.jpg\" \/>\n\t<meta property=\"og:image:width\" content=\"300\" \/>\n\t<meta property=\"og:image:height\" content=\"300\" \/>\n\t<meta property=\"og:image:type\" content=\"image\/jpeg\" \/>\n<meta name=\"twitter:card\" content=\"summary_large_image\" \/>\n<meta name=\"twitter:label1\" content=\"Tiempo de lectura\" \/>\n\t<meta name=\"twitter:data1\" content=\"2 minutos\" \/>\n<script type=\"application\/ld+json\" class=\"yoast-schema-graph\">{\"@context\":\"https:\\\/\\\/schema.org\",\"@graph\":[{\"@type\":\"WebPage\",\"@id\":\"https:\\\/\\\/www.rebostavilluis.com\\\/es\\\/comprar\\\/miel-de-tomillo-antigoteo-500gr\\\/\",\"url\":\"https:\\\/\\\/www.rebostavilluis.com\\\/es\\\/comprar\\\/miel-de-tomillo-antigoteo-500gr\\\/\",\"name\":\"Miel de Tomillo - Antigoteo 500gr. - El Rebost de l'Avi llu&iacute;s\",\"isPartOf\":{\"@id\":\"https:\\\/\\\/www.rebostavilluis.com\\\/es\\\/#website\"},\"primaryImageOfPage\":{\"@id\":\"https:\\\/\\\/www.rebostavilluis.com\\\/es\\\/comprar\\\/miel-de-tomillo-antigoteo-500gr\\\/#primaryimage\"},\"image\":{\"@id\":\"https:\\\/\\\/www.rebostavilluis.com\\\/es\\\/comprar\\\/miel-de-tomillo-antigoteo-500gr\\\/#primaryimage\"},\"thumbnailUrl\":\"https:\\\/\\\/www.rebostavilluis.com\\\/wp-content\\\/uploads\\\/2019\\\/01\\\/Mel-de-lAvi-Llu\u00eds-gener-2020-Farigola-dosificador-500g.jpg\",\"datePublished\":\"2019-01-13T22:26:35+00:00\",\"dateModified\":\"2024-09-25T15:10:51+00:00\",\"description\":\"Miel de tomillo antigoteo 500gr. Compra ahora miel de m\u00e1xima calidad en l\u2019Avi Llu\u00eds y disfruta del producto m\u00e1s puro y natural. \u00a1De la colmena al bote!\",\"breadcrumb\":{\"@id\":\"https:\\\/\\\/www.rebostavilluis.com\\\/es\\\/comprar\\\/miel-de-tomillo-antigoteo-500gr\\\/#breadcrumb\"},\"inLanguage\":\"es\",\"potentialAction\":[{\"@type\":\"ReadAction\",\"target\":[\"https:\\\/\\\/www.rebostavilluis.com\\\/es\\\/comprar\\\/miel-de-tomillo-antigoteo-500gr\\\/\"]}]},{\"@type\":\"ImageObject\",\"inLanguage\":\"es\",\"@id\":\"https:\\\/\\\/www.rebostavilluis.com\\\/es\\\/comprar\\\/miel-de-tomillo-antigoteo-500gr\\\/#primaryimage\",\"url\":\"https:\\\/\\\/www.rebostavilluis.com\\\/wp-content\\\/uploads\\\/2019\\\/01\\\/Mel-de-lAvi-Llu\u00eds-gener-2020-Farigola-dosificador-500g.jpg\",\"contentUrl\":\"https:\\\/\\\/www.rebostavilluis.com\\\/wp-content\\\/uploads\\\/2019\\\/01\\\/Mel-de-lAvi-Llu\u00eds-gener-2020-Farigola-dosificador-500g.jpg\",\"width\":300,\"height\":300,\"caption\":\"Tomillo\"},{\"@type\":\"BreadcrumbList\",\"@id\":\"https:\\\/\\\/www.rebostavilluis.com\\\/es\\\/comprar\\\/miel-de-tomillo-antigoteo-500gr\\\/#breadcrumb\",\"itemListElement\":[{\"@type\":\"ListItem\",\"position\":1,\"name\":\"Portada\",\"item\":\"https:\\\/\\\/www.rebostavilluis.com\\\/es\\\/\"},{\"@type\":\"ListItem\",\"position\":2,\"name\":\"Tienda\",\"item\":\"https:\\\/\\\/www.rebostavilluis.com\\\/es\\\/tienda\\\/\"},{\"@type\":\"ListItem\",\"position\":3,\"name\":\"Miel de Tomillo &#8211; Antigoteo 500gr.\"}]},{\"@type\":\"WebSite\",\"@id\":\"https:\\\/\\\/www.rebostavilluis.com\\\/es\\\/#website\",\"url\":\"https:\\\/\\\/www.rebostavilluis.com\\\/es\\\/\",\"name\":\"El Rebost de l'Avi llu&iacute;s\",\"description\":\"Mel del Perell&oacute;\",\"publisher\":{\"@id\":\"https:\\\/\\\/www.rebostavilluis.com\\\/es\\\/#organization\"},\"potentialAction\":[{\"@type\":\"SearchAction\",\"target\":{\"@type\":\"EntryPoint\",\"urlTemplate\":\"https:\\\/\\\/www.rebostavilluis.com\\\/es\\\/?s={search_term_string}\"},\"query-input\":{\"@type\":\"PropertyValueSpecification\",\"valueRequired\":true,\"valueName\":\"search_term_string\"}}],\"inLanguage\":\"es\"},{\"@type\":\"Organization\",\"@id\":\"https:\\\/\\\/www.rebostavilluis.com\\\/es\\\/#organization\",\"name\":\"El Rebost de l'Avi llu&iacute;s\",\"url\":\"https:\\\/\\\/www.rebostavilluis.com\\\/es\\\/\",\"logo\":{\"@type\":\"ImageObject\",\"inLanguage\":\"es\",\"@id\":\"https:\\\/\\\/www.rebostavilluis.com\\\/es\\\/#\\\/schema\\\/logo\\\/image\\\/\",\"url\":\"https:\\\/\\\/www.rebostavilluis.com\\\/wp-content\\\/uploads\\\/2021\\\/06\\\/logo.png\",\"contentUrl\":\"https:\\\/\\\/www.rebostavilluis.com\\\/wp-content\\\/uploads\\\/2021\\\/06\\\/logo.png\",\"width\":273,\"height\":74,\"caption\":\"El Rebost de l'Avi llu&iacute;s\"},\"image\":{\"@id\":\"https:\\\/\\\/www.rebostavilluis.com\\\/es\\\/#\\\/schema\\\/logo\\\/image\\\/\"}}]}<\/script>\n<!-- \/ Yoast SEO plugin. -->","yoast_head_json":{"title":"Miel de Tomillo - Antigoteo 500gr. - El Rebost de l'Avi llu&iacute;s","description":"Miel de tomillo antigoteo 500gr. Compra ahora miel de m\u00e1xima calidad en l\u2019Avi Llu\u00eds y disfruta del producto m\u00e1s puro y natural. \u00a1De la colmena al bote!","robots":{"index":"index","follow":"follow","max-snippet":"max-snippet:-1","max-image-preview":"max-image-preview:large","max-video-preview":"max-video-preview:-1"},"canonical":"https:\/\/www.rebostavilluis.com\/es\/comprar\/miel-de-tomillo-antigoteo-500gr\/","og_locale":"es_ES","og_type":"article","og_title":"Miel de Tomillo - Antigoteo 500gr. - El Rebost de l'Avi llu&iacute;s","og_description":"Miel de tomillo antigoteo 500gr. Compra ahora miel de m\u00e1xima calidad en l\u2019Avi Llu\u00eds y disfruta del producto m\u00e1s puro y natural. \u00a1De la colmena al bote!","og_url":"https:\/\/www.rebostavilluis.com\/es\/comprar\/miel-de-tomillo-antigoteo-500gr\/","og_site_name":"El Rebost de l'Avi llu&iacute;s","article_modified_time":"2024-09-25T15:10:51+00:00","og_image":[{"width":300,"height":300,"url":"https:\/\/www.rebostavilluis.com\/wp-content\/uploads\/2019\/01\/Mel-de-lAvi-Llu\u00eds-gener-2020-Farigola-dosificador-500g.jpg","type":"image\/jpeg"}],"twitter_card":"summary_large_image","twitter_misc":{"Tiempo de lectura":"2 minutos"},"schema":{"@context":"https:\/\/schema.org","@graph":[{"@type":"WebPage","@id":"https:\/\/www.rebostavilluis.com\/es\/comprar\/miel-de-tomillo-antigoteo-500gr\/","url":"https:\/\/www.rebostavilluis.com\/es\/comprar\/miel-de-tomillo-antigoteo-500gr\/","name":"Miel de Tomillo - Antigoteo 500gr. - El Rebost de l'Avi llu&iacute;s","isPartOf":{"@id":"https:\/\/www.rebostavilluis.com\/es\/#website"},"primaryImageOfPage":{"@id":"https:\/\/www.rebostavilluis.com\/es\/comprar\/miel-de-tomillo-antigoteo-500gr\/#primaryimage"},"image":{"@id":"https:\/\/www.rebostavilluis.com\/es\/comprar\/miel-de-tomillo-antigoteo-500gr\/#primaryimage"},"thumbnailUrl":"https:\/\/www.rebostavilluis.com\/wp-content\/uploads\/2019\/01\/Mel-de-lAvi-Llu\u00eds-gener-2020-Farigola-dosificador-500g.jpg","datePublished":"2019-01-13T22:26:35+00:00","dateModified":"2024-09-25T15:10:51+00:00","description":"Miel de tomillo antigoteo 500gr. Compra ahora miel de m\u00e1xima calidad en l\u2019Avi Llu\u00eds y disfruta del producto m\u00e1s puro y natural. \u00a1De la colmena al bote!","breadcrumb":{"@id":"https:\/\/www.rebostavilluis.com\/es\/comprar\/miel-de-tomillo-antigoteo-500gr\/#breadcrumb"},"inLanguage":"es","potentialAction":[{"@type":"ReadAction","target":["https:\/\/www.rebostavilluis.com\/es\/comprar\/miel-de-tomillo-antigoteo-500gr\/"]}]},{"@type":"ImageObject","inLanguage":"es","@id":"https:\/\/www.rebostavilluis.com\/es\/comprar\/miel-de-tomillo-antigoteo-500gr\/#primaryimage","url":"https:\/\/www.rebostavilluis.com\/wp-content\/uploads\/2019\/01\/Mel-de-lAvi-Llu\u00eds-gener-2020-Farigola-dosificador-500g.jpg","contentUrl":"https:\/\/www.rebostavilluis.com\/wp-content\/uploads\/2019\/01\/Mel-de-lAvi-Llu\u00eds-gener-2020-Farigola-dosificador-500g.jpg","width":300,"height":300,"caption":"Tomillo"},{"@type":"BreadcrumbList","@id":"https:\/\/www.rebostavilluis.com\/es\/comprar\/miel-de-tomillo-antigoteo-500gr\/#breadcrumb","itemListElement":[{"@type":"ListItem","position":1,"name":"Portada","item":"https:\/\/www.rebostavilluis.com\/es\/"},{"@type":"ListItem","position":2,"name":"Tienda","item":"https:\/\/www.rebostavilluis.com\/es\/tienda\/"},{"@type":"ListItem","position":3,"name":"Miel de Tomillo &#8211; Antigoteo 500gr."}]},{"@type":"WebSite","@id":"https:\/\/www.rebostavilluis.com\/es\/#website","url":"https:\/\/www.rebostavilluis.com\/es\/","name":"El Rebost de l'Avi llu&iacute;s","description":"Mel del Perell&oacute;","publisher":{"@id":"https:\/\/www.rebostavilluis.com\/es\/#organization"},"potentialAction":[{"@type":"SearchAction","target":{"@type":"EntryPoint","urlTemplate":"https:\/\/www.rebostavilluis.com\/es\/?s={search_term_string}"},"query-input":{"@type":"PropertyValueSpecification","valueRequired":true,"valueName":"search_term_string"}}],"inLanguage":"es"},{"@type":"Organization","@id":"https:\/\/www.rebostavilluis.com\/es\/#organization","name":"El Rebost de l'Avi llu&iacute;s","url":"https:\/\/www.rebostavilluis.com\/es\/","logo":{"@type":"ImageObject","inLanguage":"es","@id":"https:\/\/www.rebostavilluis.com\/es\/#\/schema\/logo\/image\/","url":"https:\/\/www.rebostavilluis.com\/wp-content\/uploads\/2021\/06\/logo.png","contentUrl":"https:\/\/www.rebostavilluis.com\/wp-content\/uploads\/2021\/06\/logo.png","width":273,"height":74,"caption":"El Rebost de l'Avi llu&iacute;s"},"image":{"@id":"https:\/\/www.rebostavilluis.com\/es\/#\/schema\/logo\/image\/"}}]}},"_links":{"self":[{"href":"https:\/\/www.rebostavilluis.com\/es\/wp-json\/wp\/v2\/product\/2852","targetHints":{"allow":["GET"]}}],"collection":[{"href":"https:\/\/www.rebostavilluis.com\/es\/wp-json\/wp\/v2\/product"}],"about":[{"href":"https:\/\/www.rebostavilluis.com\/es\/wp-json\/wp\/v2\/types\/product"}],"wp:featuredmedia":[{"embeddable":true,"href":"https:\/\/www.rebostavilluis.com\/es\/wp-json\/wp\/v2\/media\/6109"}],"wp:attachment":[{"href":"https:\/\/www.rebostavilluis.com\/es\/wp-json\/wp\/v2\/media?parent=2852"}],"wp:term":[{"taxonomy":"product_brand","embeddable":true,"href":"https:\/\/www.rebostavilluis.com\/es\/wp-json\/wp\/v2\/product_brand?post=2852"},{"taxonomy":"product_cat","embeddable":true,"href":"https:\/\/www.rebostavilluis.com\/es\/wp-json\/wp\/v2\/product_cat?post=2852"},{"taxonomy":"product_tag","embeddable":true,"href":"https:\/\/www.rebostavilluis.com\/es\/wp-json\/wp\/v2\/product_tag?post=2852"}],"curies":[{"name":"wp","href":"https:\/\/api.w.org\/{rel}","templated":true}]}}