{"id":2860,"date":"2019-01-13T23:24:18","date_gmt":"2019-01-13T22:24:18","guid":{"rendered":"https:\/\/www.rebostavilluis.com\/comprar\/mielato-de-bosque-6000-gr\/"},"modified":"2025-04-03T12:54:24","modified_gmt":"2025-04-03T10:54:24","slug":"mielato-de-bosque-5250-gr","status":"publish","type":"product","link":"https:\/\/www.rebostavilluis.com\/es\/comprar\/mielato-de-bosque-5250-gr\/","title":{"rendered":"Mielato de Bosque 5250gr."},"content":{"rendered":"<p class=\"\" data-start=\"26\" data-end=\"256\">La miel de bosque es una miel oscura y arom\u00e1tica, obtenida del n\u00e9ctar de flores silvestres y de las secreciones de \u00e1rboles como robles, encinas y pinos. Su sabor es intenso, con matices maltosos y un toque ligeramente amaderado.<\/p>\n<h4 class=\"\" data-start=\"258\" data-end=\"290\"><strong data-start=\"263\" data-end=\"288\">\u00bfD\u00f3nde la producimos?<\/strong><\/h4>\n<p class=\"\" data-start=\"291\" data-end=\"465\">Nuestra miel de bosque se recolecta en frondosos bosques situados en zonas monta\u00f1osas, donde la diversidad floral y la presencia de mielatos crean una miel rica y compleja.<\/p>\n<p class=\"\" data-start=\"467\" data-end=\"599\">La cosecha se lleva a cabo entre julio y septiembre, cuando la combinaci\u00f3n de n\u00e9ctares y mielatos alcanza su m\u00e1xima concentraci\u00f3n.<\/p>\n<h4 class=\"\" data-start=\"601\" data-end=\"640\"><strong data-start=\"606\" data-end=\"638\">\u00bfCu\u00e1les son sus propiedades?<\/strong><\/h4>\n<p>La miel de bosque destaca por su color oscuro y su perfil arom\u00e1tico intenso, con matices amaderados y ligeramente caramelizados. Su sabor profundo la convierte en una opci\u00f3n perfecta para quienes buscan una miel con personalidad marcada.<\/p>\n<p>Vers\u00e1til y equilibrada, es ideal para endulzar bebidas, acompa\u00f1ar recetas y disfrutarla sola, aportando una experiencia sensorial \u00fanica.<\/p>\n<h4 class=\"\" data-start=\"1249\" data-end=\"1277\"><strong data-start=\"1254\" data-end=\"1275\">\u00bfC\u00f3mo consumirla?<\/strong><\/h4>\n<p class=\"\" data-start=\"1278\" data-end=\"1491\">Su sabor intenso y ligeramente tostado la hace perfecta para acompa\u00f1ar quesos curados, yogures y frutos secos. Tambi\u00e9n es ideal para endulzar infusiones y reposter\u00eda, aportando un toque \u00fanico a cada preparaci\u00f3n.<\/p>\n<h4 class=\"\" data-start=\"1493\" data-end=\"1525\"><strong data-start=\"1498\" data-end=\"1523\">Formatos disponibles:<\/strong><\/h4>\n<ul data-start=\"1526\" data-end=\"1781\">\n<li class=\"\" data-start=\"1526\" data-end=\"1550\">\n<p class=\"\" data-start=\"1528\" data-end=\"1550\">Miel de bosque 50gr.<\/p>\n<\/li>\n<li class=\"\" data-start=\"1551\" data-end=\"1576\">\n<p class=\"\" data-start=\"1553\" data-end=\"1576\">Miel de bosque 250gr.<\/p>\n<\/li>\n<li class=\"\" data-start=\"1577\" data-end=\"1612\">\n<p class=\"\" data-start=\"1579\" data-end=\"1612\">Miel de bosque antigoteo 250gr.<\/p>\n<\/li>\n<li class=\"\" data-start=\"1613\" data-end=\"1638\">\n<p class=\"\" data-start=\"1615\" data-end=\"1638\">Miel de bosque 500gr.<\/p>\n<\/li>\n<li class=\"\" data-start=\"1639\" data-end=\"1674\">\n<p class=\"\" data-start=\"1641\" data-end=\"1674\">Miel de bosque antigoteo 500gr.<\/p>\n<\/li>\n<li class=\"\" data-start=\"1675\" data-end=\"1700\">\n<p class=\"\" data-start=\"1677\" data-end=\"1700\">Miel de bosque 980gr.<\/p>\n<\/li>\n<li class=\"\" data-start=\"1701\" data-end=\"1727\">\n<p class=\"\" data-start=\"1703\" data-end=\"1727\">Miel de bosque 2000gr.<\/p>\n<\/li>\n<li class=\"\" data-start=\"1728\" data-end=\"1754\">\n<p class=\"\" data-start=\"1730\" data-end=\"1754\">Miel de bosque 3000gr.<\/p>\n<\/li>\n<li class=\"\" data-start=\"1755\" data-end=\"1781\">\n<p class=\"\" data-start=\"1757\" data-end=\"1781\">Miel de bosque 5250gr.<\/p>\n<\/li>\n<\/ul>\n","protected":false},"excerpt":{"rendered":"<p>Miel de bosque con un sabor profundo y notas amaderadas, ideal para quienes buscan una miel con car\u00e1cter y personalidad.<\/p>\n","protected":false},"featured_media":6218,"template":"","meta":{"_joinchat":[]},"product_brand":[],"product_cat":[80,86],"product_tag":[],"class_list":{"0":"post-2860","1":"product","2":"type-product","3":"status-publish","4":"has-post-thumbnail","6":"product_cat-miel","7":"product_cat-miel-de-bosque","8":"infinite-scroll-item","9":"sales-flash-overlay","10":"woocommerce-text-align-center","11":"woocommerce-image-align-center","12":"do-quantity-buttons","14":"first","15":"instock","16":"purchasable","17":"product-type-simple"},"yoast_head":"<!-- This site is optimized with the Yoast SEO plugin v26.8 - https:\/\/yoast.com\/product\/yoast-seo-wordpress\/ -->\n<title>Mielato de Bosque 5250gr. - El Rebost de l&#039;Avi llu&iacute;s<\/title>\n<meta name=\"description\" content=\"Prueba la miel de bosque, una miel oscura y arom\u00e1tica, rica en minerales y antioxidantes. Perfecta para quesos, infusiones y recetas gourmet.\" \/>\n<meta name=\"robots\" content=\"index, follow, max-snippet:-1, max-image-preview:large, max-video-preview:-1\" \/>\n<link rel=\"canonical\" href=\"https:\/\/www.rebostavilluis.com\/es\/comprar\/mielato-de-bosque-5250-gr\/\" \/>\n<meta property=\"og:locale\" content=\"es_ES\" \/>\n<meta property=\"og:type\" content=\"article\" \/>\n<meta property=\"og:title\" content=\"Mielato de Bosque 5250gr. - El Rebost de l&#039;Avi llu&iacute;s\" \/>\n<meta property=\"og:description\" content=\"Prueba la miel de bosque, una miel oscura y arom\u00e1tica, rica en minerales y antioxidantes. Perfecta para quesos, infusiones y recetas gourmet.\" \/>\n<meta property=\"og:url\" content=\"https:\/\/www.rebostavilluis.com\/es\/comprar\/mielato-de-bosque-5250-gr\/\" \/>\n<meta property=\"og:site_name\" content=\"El Rebost de l&#039;Avi llu&iacute;s\" \/>\n<meta property=\"article:modified_time\" content=\"2025-04-03T10:54:24+00:00\" \/>\n<meta property=\"og:image\" content=\"https:\/\/www.rebostavilluis.com\/wp-content\/uploads\/2020\/02\/Mel-de-l_Avi-Llu\u00eds-gener-2020-Bosc-2000g-e1692000227122.jpg\" \/>\n\t<meta property=\"og:image:width\" content=\"300\" \/>\n\t<meta property=\"og:image:height\" content=\"300\" \/>\n\t<meta property=\"og:image:type\" content=\"image\/jpeg\" \/>\n<meta name=\"twitter:card\" content=\"summary_large_image\" \/>\n<meta name=\"twitter:label1\" content=\"Tiempo de lectura\" \/>\n\t<meta name=\"twitter:data1\" content=\"2 minutos\" \/>\n<script type=\"application\/ld+json\" class=\"yoast-schema-graph\">{\"@context\":\"https:\/\/schema.org\",\"@graph\":[{\"@type\":\"WebPage\",\"@id\":\"https:\/\/www.rebostavilluis.com\/es\/comprar\/mielato-de-bosque-5250-gr\/\",\"url\":\"https:\/\/www.rebostavilluis.com\/es\/comprar\/mielato-de-bosque-5250-gr\/\",\"name\":\"Mielato de Bosque 5250gr. - El Rebost de l'Avi llu&iacute;s\",\"isPartOf\":{\"@id\":\"https:\/\/www.rebostavilluis.com\/es\/#website\"},\"primaryImageOfPage\":{\"@id\":\"https:\/\/www.rebostavilluis.com\/es\/comprar\/mielato-de-bosque-5250-gr\/#primaryimage\"},\"image\":{\"@id\":\"https:\/\/www.rebostavilluis.com\/es\/comprar\/mielato-de-bosque-5250-gr\/#primaryimage\"},\"thumbnailUrl\":\"https:\/\/www.rebostavilluis.com\/wp-content\/uploads\/2020\/02\/Mel-de-l_Avi-Llu\u00eds-gener-2020-Bosc-2000g-e1692000227122.jpg\",\"datePublished\":\"2019-01-13T22:24:18+00:00\",\"dateModified\":\"2025-04-03T10:54:24+00:00\",\"description\":\"Prueba la miel de bosque, una miel oscura y arom\u00e1tica, rica en minerales y antioxidantes. Perfecta para quesos, infusiones y recetas gourmet.\",\"breadcrumb\":{\"@id\":\"https:\/\/www.rebostavilluis.com\/es\/comprar\/mielato-de-bosque-5250-gr\/#breadcrumb\"},\"inLanguage\":\"es\",\"potentialAction\":[{\"@type\":\"ReadAction\",\"target\":[\"https:\/\/www.rebostavilluis.com\/es\/comprar\/mielato-de-bosque-5250-gr\/\"]}]},{\"@type\":\"ImageObject\",\"inLanguage\":\"es\",\"@id\":\"https:\/\/www.rebostavilluis.com\/es\/comprar\/mielato-de-bosque-5250-gr\/#primaryimage\",\"url\":\"https:\/\/www.rebostavilluis.com\/wp-content\/uploads\/2020\/02\/Mel-de-l_Avi-Llu\u00eds-gener-2020-Bosc-2000g-e1692000227122.jpg\",\"contentUrl\":\"https:\/\/www.rebostavilluis.com\/wp-content\/uploads\/2020\/02\/Mel-de-l_Avi-Llu\u00eds-gener-2020-Bosc-2000g-e1692000227122.jpg\",\"width\":300,\"height\":300,\"caption\":\"Bosque\"},{\"@type\":\"BreadcrumbList\",\"@id\":\"https:\/\/www.rebostavilluis.com\/es\/comprar\/mielato-de-bosque-5250-gr\/#breadcrumb\",\"itemListElement\":[{\"@type\":\"ListItem\",\"position\":1,\"name\":\"Portada\",\"item\":\"https:\/\/www.rebostavilluis.com\/es\/\"},{\"@type\":\"ListItem\",\"position\":2,\"name\":\"Tienda\",\"item\":\"https:\/\/www.rebostavilluis.com\/es\/tienda\/\"},{\"@type\":\"ListItem\",\"position\":3,\"name\":\"Mielato de Bosque 5250gr.\"}]},{\"@type\":\"WebSite\",\"@id\":\"https:\/\/www.rebostavilluis.com\/es\/#website\",\"url\":\"https:\/\/www.rebostavilluis.com\/es\/\",\"name\":\"El Rebost de l'Avi llu&iacute;s\",\"description\":\"Mel del Perell&oacute;\",\"publisher\":{\"@id\":\"https:\/\/www.rebostavilluis.com\/es\/#organization\"},\"potentialAction\":[{\"@type\":\"SearchAction\",\"target\":{\"@type\":\"EntryPoint\",\"urlTemplate\":\"https:\/\/www.rebostavilluis.com\/es\/?s={search_term_string}\"},\"query-input\":{\"@type\":\"PropertyValueSpecification\",\"valueRequired\":true,\"valueName\":\"search_term_string\"}}],\"inLanguage\":\"es\"},{\"@type\":\"Organization\",\"@id\":\"https:\/\/www.rebostavilluis.com\/es\/#organization\",\"name\":\"El Rebost de l'Avi llu&iacute;s\",\"url\":\"https:\/\/www.rebostavilluis.com\/es\/\",\"logo\":{\"@type\":\"ImageObject\",\"inLanguage\":\"es\",\"@id\":\"https:\/\/www.rebostavilluis.com\/es\/#\/schema\/logo\/image\/\",\"url\":\"https:\/\/www.rebostavilluis.com\/wp-content\/uploads\/2021\/06\/logo.png\",\"contentUrl\":\"https:\/\/www.rebostavilluis.com\/wp-content\/uploads\/2021\/06\/logo.png\",\"width\":273,\"height\":74,\"caption\":\"El Rebost de l'Avi llu&iacute;s\"},\"image\":{\"@id\":\"https:\/\/www.rebostavilluis.com\/es\/#\/schema\/logo\/image\/\"}}]}<\/script>\n<!-- \/ Yoast SEO plugin. -->","yoast_head_json":{"title":"Mielato de Bosque 5250gr. - El Rebost de l'Avi llu&iacute;s","description":"Prueba la miel de bosque, una miel oscura y arom\u00e1tica, rica en minerales y antioxidantes. Perfecta para quesos, infusiones y recetas gourmet.","robots":{"index":"index","follow":"follow","max-snippet":"max-snippet:-1","max-image-preview":"max-image-preview:large","max-video-preview":"max-video-preview:-1"},"canonical":"https:\/\/www.rebostavilluis.com\/es\/comprar\/mielato-de-bosque-5250-gr\/","og_locale":"es_ES","og_type":"article","og_title":"Mielato de Bosque 5250gr. - El Rebost de l'Avi llu&iacute;s","og_description":"Prueba la miel de bosque, una miel oscura y arom\u00e1tica, rica en minerales y antioxidantes. Perfecta para quesos, infusiones y recetas gourmet.","og_url":"https:\/\/www.rebostavilluis.com\/es\/comprar\/mielato-de-bosque-5250-gr\/","og_site_name":"El Rebost de l'Avi llu&iacute;s","article_modified_time":"2025-04-03T10:54:24+00:00","og_image":[{"width":300,"height":300,"url":"https:\/\/www.rebostavilluis.com\/wp-content\/uploads\/2020\/02\/Mel-de-l_Avi-Llu\u00eds-gener-2020-Bosc-2000g-e1692000227122.jpg","type":"image\/jpeg"}],"twitter_card":"summary_large_image","twitter_misc":{"Tiempo de lectura":"2 minutos"},"schema":{"@context":"https:\/\/schema.org","@graph":[{"@type":"WebPage","@id":"https:\/\/www.rebostavilluis.com\/es\/comprar\/mielato-de-bosque-5250-gr\/","url":"https:\/\/www.rebostavilluis.com\/es\/comprar\/mielato-de-bosque-5250-gr\/","name":"Mielato de Bosque 5250gr. - El Rebost de l'Avi llu&iacute;s","isPartOf":{"@id":"https:\/\/www.rebostavilluis.com\/es\/#website"},"primaryImageOfPage":{"@id":"https:\/\/www.rebostavilluis.com\/es\/comprar\/mielato-de-bosque-5250-gr\/#primaryimage"},"image":{"@id":"https:\/\/www.rebostavilluis.com\/es\/comprar\/mielato-de-bosque-5250-gr\/#primaryimage"},"thumbnailUrl":"https:\/\/www.rebostavilluis.com\/wp-content\/uploads\/2020\/02\/Mel-de-l_Avi-Llu\u00eds-gener-2020-Bosc-2000g-e1692000227122.jpg","datePublished":"2019-01-13T22:24:18+00:00","dateModified":"2025-04-03T10:54:24+00:00","description":"Prueba la miel de bosque, una miel oscura y arom\u00e1tica, rica en minerales y antioxidantes. Perfecta para quesos, infusiones y recetas gourmet.","breadcrumb":{"@id":"https:\/\/www.rebostavilluis.com\/es\/comprar\/mielato-de-bosque-5250-gr\/#breadcrumb"},"inLanguage":"es","potentialAction":[{"@type":"ReadAction","target":["https:\/\/www.rebostavilluis.com\/es\/comprar\/mielato-de-bosque-5250-gr\/"]}]},{"@type":"ImageObject","inLanguage":"es","@id":"https:\/\/www.rebostavilluis.com\/es\/comprar\/mielato-de-bosque-5250-gr\/#primaryimage","url":"https:\/\/www.rebostavilluis.com\/wp-content\/uploads\/2020\/02\/Mel-de-l_Avi-Llu\u00eds-gener-2020-Bosc-2000g-e1692000227122.jpg","contentUrl":"https:\/\/www.rebostavilluis.com\/wp-content\/uploads\/2020\/02\/Mel-de-l_Avi-Llu\u00eds-gener-2020-Bosc-2000g-e1692000227122.jpg","width":300,"height":300,"caption":"Bosque"},{"@type":"BreadcrumbList","@id":"https:\/\/www.rebostavilluis.com\/es\/comprar\/mielato-de-bosque-5250-gr\/#breadcrumb","itemListElement":[{"@type":"ListItem","position":1,"name":"Portada","item":"https:\/\/www.rebostavilluis.com\/es\/"},{"@type":"ListItem","position":2,"name":"Tienda","item":"https:\/\/www.rebostavilluis.com\/es\/tienda\/"},{"@type":"ListItem","position":3,"name":"Mielato de Bosque 5250gr."}]},{"@type":"WebSite","@id":"https:\/\/www.rebostavilluis.com\/es\/#website","url":"https:\/\/www.rebostavilluis.com\/es\/","name":"El Rebost de l'Avi llu&iacute;s","description":"Mel del Perell&oacute;","publisher":{"@id":"https:\/\/www.rebostavilluis.com\/es\/#organization"},"potentialAction":[{"@type":"SearchAction","target":{"@type":"EntryPoint","urlTemplate":"https:\/\/www.rebostavilluis.com\/es\/?s={search_term_string}"},"query-input":{"@type":"PropertyValueSpecification","valueRequired":true,"valueName":"search_term_string"}}],"inLanguage":"es"},{"@type":"Organization","@id":"https:\/\/www.rebostavilluis.com\/es\/#organization","name":"El Rebost de l'Avi llu&iacute;s","url":"https:\/\/www.rebostavilluis.com\/es\/","logo":{"@type":"ImageObject","inLanguage":"es","@id":"https:\/\/www.rebostavilluis.com\/es\/#\/schema\/logo\/image\/","url":"https:\/\/www.rebostavilluis.com\/wp-content\/uploads\/2021\/06\/logo.png","contentUrl":"https:\/\/www.rebostavilluis.com\/wp-content\/uploads\/2021\/06\/logo.png","width":273,"height":74,"caption":"El Rebost de l'Avi llu&iacute;s"},"image":{"@id":"https:\/\/www.rebostavilluis.com\/es\/#\/schema\/logo\/image\/"}}]}},"_links":{"self":[{"href":"https:\/\/www.rebostavilluis.com\/es\/wp-json\/wp\/v2\/product\/2860","targetHints":{"allow":["GET"]}}],"collection":[{"href":"https:\/\/www.rebostavilluis.com\/es\/wp-json\/wp\/v2\/product"}],"about":[{"href":"https:\/\/www.rebostavilluis.com\/es\/wp-json\/wp\/v2\/types\/product"}],"wp:featuredmedia":[{"embeddable":true,"href":"https:\/\/www.rebostavilluis.com\/es\/wp-json\/wp\/v2\/media\/6218"}],"wp:attachment":[{"href":"https:\/\/www.rebostavilluis.com\/es\/wp-json\/wp\/v2\/media?parent=2860"}],"wp:term":[{"taxonomy":"product_brand","embeddable":true,"href":"https:\/\/www.rebostavilluis.com\/es\/wp-json\/wp\/v2\/product_brand?post=2860"},{"taxonomy":"product_cat","embeddable":true,"href":"https:\/\/www.rebostavilluis.com\/es\/wp-json\/wp\/v2\/product_cat?post=2860"},{"taxonomy":"product_tag","embeddable":true,"href":"https:\/\/www.rebostavilluis.com\/es\/wp-json\/wp\/v2\/product_tag?post=2860"}],"curies":[{"name":"wp","href":"https:\/\/api.w.org\/{rel}","templated":true}]}}