{"id":2874,"date":"2019-01-13T23:24:25","date_gmt":"2019-01-13T22:24:25","guid":{"rendered":"https:\/\/www.rebostavilluis.com\/comprar\/miel-de-brezo-300-gr\/"},"modified":"2025-04-02T19:48:35","modified_gmt":"2025-04-02T17:48:35","slug":"miel-de-brezo-300-gr","status":"publish","type":"product","link":"https:\/\/www.rebostavilluis.com\/es\/comprar\/miel-de-brezo-300-gr\/","title":{"rendered":"Miel de Brezo 250gr."},"content":{"rendered":"<p class=\"\" data-start=\"88\" data-end=\"310\">La miel de brezo es producida a partir del n\u00e9ctar de la flor del brezo. Se caracteriza por su color \u00e1mbar oscuro, con tonalidades rojizas, y su aroma intenso y persistente, con notas maltosas y un ligero toque amaderado.<\/p>\n<h4 class=\"\" data-start=\"312\" data-end=\"344\"><strong data-start=\"317\" data-end=\"342\">\u00bfD\u00f3nde la producimos?<\/strong><\/h4>\n<p class=\"\" data-start=\"345\" data-end=\"582\">Nuestra miel de brezo se produce en zonas de monta\u00f1a, especialmente en los parajes naturales del Prepirineo y la Cordillera Cant\u00e1brica, donde los brezales florecen en su m\u00e1ximo esplendor entre finales del verano y principios del oto\u00f1o.<\/p>\n<p class=\"\" data-start=\"584\" data-end=\"716\">La recolecci\u00f3n de esta miel se realiza entre agosto y octubre, dependiendo de la altitud y las condiciones clim\u00e1ticas de cada a\u00f1o.<\/p>\n<h4 class=\"\" data-start=\"718\" data-end=\"757\"><strong data-start=\"723\" data-end=\"755\">\u00bfCu\u00e1les son sus propiedades?<\/strong><\/h4>\n<p>La miel de brezo es altamente apreciada por su sabor robusto y su color oscuro con matices rojizos. Su aroma potente y ligeramente amaderado la convierte en una miel con personalidad marcada, ideal para quienes buscan sabores intensos.<\/p>\n<p>Su textura y riqueza arom\u00e1tica hacen que sea perfecta para acompa\u00f1ar distintos platos o disfrutarla sola, dejando una sensaci\u00f3n duradera en el paladar.<\/p>\n<h4 class=\"\" data-start=\"1589\" data-end=\"1617\"><strong data-start=\"1594\" data-end=\"1615\">\u00bfC\u00f3mo consumirla?<\/strong><\/h4>\n<p class=\"\" data-start=\"1618\" data-end=\"1865\">La <a href=\"https:\/\/www.rebostavilluis.com\/es\/comprar-miel\/miel-de-brezo\/\">miel de brezo<\/a> tiene un sabor fuerte y ligeramente amargo, lo que la hace ideal para maridar con quesos curados, yogures o incluso carnes a la parrilla. Tambi\u00e9n es perfecta para endulzar infusiones, aportando un toque \u00fanico y lleno de matices.<\/p>\n<h4 class=\"\" data-start=\"1867\" data-end=\"1899\"><strong data-start=\"1872\" data-end=\"1897\">Formatos disponibles:<\/strong><\/h4>\n<ul data-start=\"1900\" data-end=\"2146\">\n<li class=\"\" data-start=\"1900\" data-end=\"1923\">\n<p class=\"\" data-start=\"1902\" data-end=\"1923\">Miel de brezo 50gr.<\/p>\n<\/li>\n<li class=\"\" data-start=\"1924\" data-end=\"1948\">\n<p class=\"\" data-start=\"1926\" data-end=\"1948\">Miel de brezo 250gr.<\/p>\n<\/li>\n<li class=\"\" data-start=\"1949\" data-end=\"1983\">\n<p class=\"\" data-start=\"1951\" data-end=\"1983\">Miel de brezo antigoteo 250gr.<\/p>\n<\/li>\n<li class=\"\" data-start=\"1984\" data-end=\"2008\">\n<p class=\"\" data-start=\"1986\" data-end=\"2008\">Miel de brezo 500gr.<\/p>\n<\/li>\n<li class=\"\" data-start=\"2009\" data-end=\"2043\">\n<p class=\"\" data-start=\"2011\" data-end=\"2043\">Miel de brezo antigoteo 500gr.<\/p>\n<\/li>\n<li class=\"\" data-start=\"2044\" data-end=\"2068\">\n<p class=\"\" data-start=\"2046\" data-end=\"2068\">Miel de brezo 980gr.<\/p>\n<\/li>\n<li class=\"\" data-start=\"2069\" data-end=\"2094\">\n<p class=\"\" data-start=\"2071\" data-end=\"2094\">Miel de brezo 2000gr.<\/p>\n<\/li>\n<li class=\"\" data-start=\"2095\" data-end=\"2120\">\n<p class=\"\" data-start=\"2097\" data-end=\"2120\">Miel de brezo 3000gr.<\/p>\n<\/li>\n<li class=\"\" data-start=\"2121\" data-end=\"2146\">\n<p class=\"\" data-start=\"2123\" data-end=\"2146\">Miel de brezo 6000gr.<\/p>\n<\/li>\n<\/ul>\n","protected":false},"excerpt":{"rendered":"<p>Miel de brezo con un sabor profundo y un aroma intenso, perfecta para quienes buscan una miel con car\u00e1cter.<\/p>\n","protected":false},"featured_media":6146,"template":"","meta":{"_joinchat":[]},"product_brand":[],"product_cat":[80,89],"product_tag":[],"class_list":{"0":"post-2874","1":"product","2":"type-product","3":"status-publish","4":"has-post-thumbnail","6":"product_cat-miel","7":"product_cat-miel-de-brezo","8":"infinite-scroll-item","9":"sales-flash-overlay","10":"woocommerce-text-align-center","11":"woocommerce-image-align-center","12":"do-quantity-buttons","14":"first","15":"instock","16":"purchasable","17":"product-type-simple"},"yoast_head":"<!-- This site is optimized with the Yoast SEO plugin v26.8 - https:\/\/yoast.com\/product\/yoast-seo-wordpress\/ -->\n<title>Miel de Brezo 250gr. - El Rebost de l&#039;Avi llu&iacute;s<\/title>\n<meta name=\"description\" content=\"Descubre la miel de brezo, una miel de monta\u00f1a con un intenso aroma y un sabor \u00fanico. Rica en antioxidantes y minerales, es ideal para fortalecer el sistema inmunol\u00f3gico y cardiovascular. Perfecta para infusiones, quesos y recetas gourmet.\" \/>\n<meta name=\"robots\" content=\"index, follow, max-snippet:-1, max-image-preview:large, max-video-preview:-1\" \/>\n<link rel=\"canonical\" href=\"https:\/\/www.rebostavilluis.com\/es\/comprar\/miel-de-brezo-300-gr\/\" \/>\n<meta property=\"og:locale\" content=\"es_ES\" \/>\n<meta property=\"og:type\" content=\"article\" \/>\n<meta property=\"og:title\" content=\"Miel de Brezo 250gr. - El Rebost de l&#039;Avi llu&iacute;s\" \/>\n<meta property=\"og:description\" content=\"Descubre la miel de brezo, una miel de monta\u00f1a con un intenso aroma y un sabor \u00fanico. Rica en antioxidantes y minerales, es ideal para fortalecer el sistema inmunol\u00f3gico y cardiovascular. Perfecta para infusiones, quesos y recetas gourmet.\" \/>\n<meta property=\"og:url\" content=\"https:\/\/www.rebostavilluis.com\/es\/comprar\/miel-de-brezo-300-gr\/\" \/>\n<meta property=\"og:site_name\" content=\"El Rebost de l&#039;Avi llu&iacute;s\" \/>\n<meta property=\"article:modified_time\" content=\"2025-04-02T17:48:35+00:00\" \/>\n<meta property=\"og:image\" content=\"https:\/\/www.rebostavilluis.com\/wp-content\/uploads\/2019\/01\/Mel-de-lAvi-Llu\u00eds-gener-2020-Bruc-250g.jpg\" \/>\n\t<meta property=\"og:image:width\" content=\"300\" \/>\n\t<meta property=\"og:image:height\" content=\"300\" \/>\n\t<meta property=\"og:image:type\" content=\"image\/jpeg\" \/>\n<meta name=\"twitter:card\" content=\"summary_large_image\" \/>\n<meta name=\"twitter:label1\" content=\"Tiempo de lectura\" \/>\n\t<meta name=\"twitter:data1\" content=\"2 minutos\" \/>\n<script type=\"application\/ld+json\" class=\"yoast-schema-graph\">{\"@context\":\"https:\/\/schema.org\",\"@graph\":[{\"@type\":\"WebPage\",\"@id\":\"https:\/\/www.rebostavilluis.com\/es\/comprar\/miel-de-brezo-300-gr\/\",\"url\":\"https:\/\/www.rebostavilluis.com\/es\/comprar\/miel-de-brezo-300-gr\/\",\"name\":\"Miel de Brezo 250gr. - El Rebost de l'Avi llu&iacute;s\",\"isPartOf\":{\"@id\":\"https:\/\/www.rebostavilluis.com\/es\/#website\"},\"primaryImageOfPage\":{\"@id\":\"https:\/\/www.rebostavilluis.com\/es\/comprar\/miel-de-brezo-300-gr\/#primaryimage\"},\"image\":{\"@id\":\"https:\/\/www.rebostavilluis.com\/es\/comprar\/miel-de-brezo-300-gr\/#primaryimage\"},\"thumbnailUrl\":\"https:\/\/www.rebostavilluis.com\/wp-content\/uploads\/2019\/01\/Mel-de-lAvi-Llu\u00eds-gener-2020-Bruc-250g.jpg\",\"datePublished\":\"2019-01-13T22:24:25+00:00\",\"dateModified\":\"2025-04-02T17:48:35+00:00\",\"description\":\"Descubre la miel de brezo, una miel de monta\u00f1a con un intenso aroma y un sabor \u00fanico. Rica en antioxidantes y minerales, es ideal para fortalecer el sistema inmunol\u00f3gico y cardiovascular. Perfecta para infusiones, quesos y recetas gourmet.\",\"breadcrumb\":{\"@id\":\"https:\/\/www.rebostavilluis.com\/es\/comprar\/miel-de-brezo-300-gr\/#breadcrumb\"},\"inLanguage\":\"es\",\"potentialAction\":[{\"@type\":\"ReadAction\",\"target\":[\"https:\/\/www.rebostavilluis.com\/es\/comprar\/miel-de-brezo-300-gr\/\"]}]},{\"@type\":\"ImageObject\",\"inLanguage\":\"es\",\"@id\":\"https:\/\/www.rebostavilluis.com\/es\/comprar\/miel-de-brezo-300-gr\/#primaryimage\",\"url\":\"https:\/\/www.rebostavilluis.com\/wp-content\/uploads\/2019\/01\/Mel-de-lAvi-Llu\u00eds-gener-2020-Bruc-250g.jpg\",\"contentUrl\":\"https:\/\/www.rebostavilluis.com\/wp-content\/uploads\/2019\/01\/Mel-de-lAvi-Llu\u00eds-gener-2020-Bruc-250g.jpg\",\"width\":300,\"height\":300,\"caption\":\"Brezo\"},{\"@type\":\"BreadcrumbList\",\"@id\":\"https:\/\/www.rebostavilluis.com\/es\/comprar\/miel-de-brezo-300-gr\/#breadcrumb\",\"itemListElement\":[{\"@type\":\"ListItem\",\"position\":1,\"name\":\"Portada\",\"item\":\"https:\/\/www.rebostavilluis.com\/es\/\"},{\"@type\":\"ListItem\",\"position\":2,\"name\":\"Tienda\",\"item\":\"https:\/\/www.rebostavilluis.com\/es\/tienda\/\"},{\"@type\":\"ListItem\",\"position\":3,\"name\":\"Miel de Brezo 250gr.\"}]},{\"@type\":\"WebSite\",\"@id\":\"https:\/\/www.rebostavilluis.com\/es\/#website\",\"url\":\"https:\/\/www.rebostavilluis.com\/es\/\",\"name\":\"El Rebost de l'Avi llu&iacute;s\",\"description\":\"Mel del Perell&oacute;\",\"publisher\":{\"@id\":\"https:\/\/www.rebostavilluis.com\/es\/#organization\"},\"potentialAction\":[{\"@type\":\"SearchAction\",\"target\":{\"@type\":\"EntryPoint\",\"urlTemplate\":\"https:\/\/www.rebostavilluis.com\/es\/?s={search_term_string}\"},\"query-input\":{\"@type\":\"PropertyValueSpecification\",\"valueRequired\":true,\"valueName\":\"search_term_string\"}}],\"inLanguage\":\"es\"},{\"@type\":\"Organization\",\"@id\":\"https:\/\/www.rebostavilluis.com\/es\/#organization\",\"name\":\"El Rebost de l'Avi llu&iacute;s\",\"url\":\"https:\/\/www.rebostavilluis.com\/es\/\",\"logo\":{\"@type\":\"ImageObject\",\"inLanguage\":\"es\",\"@id\":\"https:\/\/www.rebostavilluis.com\/es\/#\/schema\/logo\/image\/\",\"url\":\"https:\/\/www.rebostavilluis.com\/wp-content\/uploads\/2021\/06\/logo.png\",\"contentUrl\":\"https:\/\/www.rebostavilluis.com\/wp-content\/uploads\/2021\/06\/logo.png\",\"width\":273,\"height\":74,\"caption\":\"El Rebost de l'Avi llu&iacute;s\"},\"image\":{\"@id\":\"https:\/\/www.rebostavilluis.com\/es\/#\/schema\/logo\/image\/\"}}]}<\/script>\n<!-- \/ Yoast SEO plugin. -->","yoast_head_json":{"title":"Miel de Brezo 250gr. - El Rebost de l'Avi llu&iacute;s","description":"Descubre la miel de brezo, una miel de monta\u00f1a con un intenso aroma y un sabor \u00fanico. Rica en antioxidantes y minerales, es ideal para fortalecer el sistema inmunol\u00f3gico y cardiovascular. Perfecta para infusiones, quesos y recetas gourmet.","robots":{"index":"index","follow":"follow","max-snippet":"max-snippet:-1","max-image-preview":"max-image-preview:large","max-video-preview":"max-video-preview:-1"},"canonical":"https:\/\/www.rebostavilluis.com\/es\/comprar\/miel-de-brezo-300-gr\/","og_locale":"es_ES","og_type":"article","og_title":"Miel de Brezo 250gr. - El Rebost de l'Avi llu&iacute;s","og_description":"Descubre la miel de brezo, una miel de monta\u00f1a con un intenso aroma y un sabor \u00fanico. Rica en antioxidantes y minerales, es ideal para fortalecer el sistema inmunol\u00f3gico y cardiovascular. Perfecta para infusiones, quesos y recetas gourmet.","og_url":"https:\/\/www.rebostavilluis.com\/es\/comprar\/miel-de-brezo-300-gr\/","og_site_name":"El Rebost de l'Avi llu&iacute;s","article_modified_time":"2025-04-02T17:48:35+00:00","og_image":[{"width":300,"height":300,"url":"https:\/\/www.rebostavilluis.com\/wp-content\/uploads\/2019\/01\/Mel-de-lAvi-Llu\u00eds-gener-2020-Bruc-250g.jpg","type":"image\/jpeg"}],"twitter_card":"summary_large_image","twitter_misc":{"Tiempo de lectura":"2 minutos"},"schema":{"@context":"https:\/\/schema.org","@graph":[{"@type":"WebPage","@id":"https:\/\/www.rebostavilluis.com\/es\/comprar\/miel-de-brezo-300-gr\/","url":"https:\/\/www.rebostavilluis.com\/es\/comprar\/miel-de-brezo-300-gr\/","name":"Miel de Brezo 250gr. - El Rebost de l'Avi llu&iacute;s","isPartOf":{"@id":"https:\/\/www.rebostavilluis.com\/es\/#website"},"primaryImageOfPage":{"@id":"https:\/\/www.rebostavilluis.com\/es\/comprar\/miel-de-brezo-300-gr\/#primaryimage"},"image":{"@id":"https:\/\/www.rebostavilluis.com\/es\/comprar\/miel-de-brezo-300-gr\/#primaryimage"},"thumbnailUrl":"https:\/\/www.rebostavilluis.com\/wp-content\/uploads\/2019\/01\/Mel-de-lAvi-Llu\u00eds-gener-2020-Bruc-250g.jpg","datePublished":"2019-01-13T22:24:25+00:00","dateModified":"2025-04-02T17:48:35+00:00","description":"Descubre la miel de brezo, una miel de monta\u00f1a con un intenso aroma y un sabor \u00fanico. Rica en antioxidantes y minerales, es ideal para fortalecer el sistema inmunol\u00f3gico y cardiovascular. Perfecta para infusiones, quesos y recetas gourmet.","breadcrumb":{"@id":"https:\/\/www.rebostavilluis.com\/es\/comprar\/miel-de-brezo-300-gr\/#breadcrumb"},"inLanguage":"es","potentialAction":[{"@type":"ReadAction","target":["https:\/\/www.rebostavilluis.com\/es\/comprar\/miel-de-brezo-300-gr\/"]}]},{"@type":"ImageObject","inLanguage":"es","@id":"https:\/\/www.rebostavilluis.com\/es\/comprar\/miel-de-brezo-300-gr\/#primaryimage","url":"https:\/\/www.rebostavilluis.com\/wp-content\/uploads\/2019\/01\/Mel-de-lAvi-Llu\u00eds-gener-2020-Bruc-250g.jpg","contentUrl":"https:\/\/www.rebostavilluis.com\/wp-content\/uploads\/2019\/01\/Mel-de-lAvi-Llu\u00eds-gener-2020-Bruc-250g.jpg","width":300,"height":300,"caption":"Brezo"},{"@type":"BreadcrumbList","@id":"https:\/\/www.rebostavilluis.com\/es\/comprar\/miel-de-brezo-300-gr\/#breadcrumb","itemListElement":[{"@type":"ListItem","position":1,"name":"Portada","item":"https:\/\/www.rebostavilluis.com\/es\/"},{"@type":"ListItem","position":2,"name":"Tienda","item":"https:\/\/www.rebostavilluis.com\/es\/tienda\/"},{"@type":"ListItem","position":3,"name":"Miel de Brezo 250gr."}]},{"@type":"WebSite","@id":"https:\/\/www.rebostavilluis.com\/es\/#website","url":"https:\/\/www.rebostavilluis.com\/es\/","name":"El Rebost de l'Avi llu&iacute;s","description":"Mel del Perell&oacute;","publisher":{"@id":"https:\/\/www.rebostavilluis.com\/es\/#organization"},"potentialAction":[{"@type":"SearchAction","target":{"@type":"EntryPoint","urlTemplate":"https:\/\/www.rebostavilluis.com\/es\/?s={search_term_string}"},"query-input":{"@type":"PropertyValueSpecification","valueRequired":true,"valueName":"search_term_string"}}],"inLanguage":"es"},{"@type":"Organization","@id":"https:\/\/www.rebostavilluis.com\/es\/#organization","name":"El Rebost de l'Avi llu&iacute;s","url":"https:\/\/www.rebostavilluis.com\/es\/","logo":{"@type":"ImageObject","inLanguage":"es","@id":"https:\/\/www.rebostavilluis.com\/es\/#\/schema\/logo\/image\/","url":"https:\/\/www.rebostavilluis.com\/wp-content\/uploads\/2021\/06\/logo.png","contentUrl":"https:\/\/www.rebostavilluis.com\/wp-content\/uploads\/2021\/06\/logo.png","width":273,"height":74,"caption":"El Rebost de l'Avi llu&iacute;s"},"image":{"@id":"https:\/\/www.rebostavilluis.com\/es\/#\/schema\/logo\/image\/"}}]}},"_links":{"self":[{"href":"https:\/\/www.rebostavilluis.com\/es\/wp-json\/wp\/v2\/product\/2874","targetHints":{"allow":["GET"]}}],"collection":[{"href":"https:\/\/www.rebostavilluis.com\/es\/wp-json\/wp\/v2\/product"}],"about":[{"href":"https:\/\/www.rebostavilluis.com\/es\/wp-json\/wp\/v2\/types\/product"}],"wp:featuredmedia":[{"embeddable":true,"href":"https:\/\/www.rebostavilluis.com\/es\/wp-json\/wp\/v2\/media\/6146"}],"wp:attachment":[{"href":"https:\/\/www.rebostavilluis.com\/es\/wp-json\/wp\/v2\/media?parent=2874"}],"wp:term":[{"taxonomy":"product_brand","embeddable":true,"href":"https:\/\/www.rebostavilluis.com\/es\/wp-json\/wp\/v2\/product_brand?post=2874"},{"taxonomy":"product_cat","embeddable":true,"href":"https:\/\/www.rebostavilluis.com\/es\/wp-json\/wp\/v2\/product_cat?post=2874"},{"taxonomy":"product_tag","embeddable":true,"href":"https:\/\/www.rebostavilluis.com\/es\/wp-json\/wp\/v2\/product_tag?post=2874"}],"curies":[{"name":"wp","href":"https:\/\/api.w.org\/{rel}","templated":true}]}}