{"id":2883,"date":"2019-01-13T23:25:12","date_gmt":"2019-01-13T22:42:40","guid":{"rendered":"https:\/\/www.rebostavilluis.com\/comprar\/jalea-real-10gr\/"},"modified":"2024-02-28T10:37:11","modified_gmt":"2024-02-28T09:37:11","slug":"jalea-real-10gr","status":"publish","type":"product","link":"https:\/\/www.rebostavilluis.com\/es\/comprar\/jalea-real-10gr\/","title":{"rendered":"Jalea Real 10gr."},"content":{"rendered":"<p><strong>CARACTER\u00cdSTICAS DE LA JALEA REAL<\/strong><\/p>\n<p>La jalea real es el producto que surge de la secreci\u00f3n que hacen las gl\u00e1ndulas far\u00edngeas y las mandibulares. Es muy rico en prote\u00ednas, minerales y enzimas digestivos.<\/p>\n<p>Con la jalea real se pueden hacer cremas regeneradoras naturales, m\u00e1scaras faciales y miel con jalea real y polen .<\/p>\n<div class=\"vc_tta-panel-heading\">\n<p class=\"vc_tta-panel-title vc_tta-controls-icon-position-right\"><strong><span class=\"vc_tta-title-text\">PROPIEDADES DE LA JALEA REAL<\/span><\/strong><\/p>\n<\/div>\n<div class=\"vc_tta-panel-body\">\n<div class=\"wpb_text_column wpb_content_element \">\n<div class=\"wpb_wrapper\">\n<p>La jalea real la segregan las abejas obreras y es el primer alimento que reciben las larvas durante los primeros tres d\u00edas despu\u00e9s de hacer eclosi\u00f3n los huevos puestos por la reina. A pesar de salir del mismo huevo, si lo que quieren es formar una nueva reina, alimentan con jalea real una de estas larvas durante doce d\u00edas, y de este modo sale una nueva reina, una superabeja de abdomen m\u00e1s grande y preparada para ser fecundada y poner millones de huevos. En estas celdas es donde se acumula la mayor cantidad de jalea real y es de donde se extrae para poderla comercializarla. Es el \u00fanico producto que no recolectan las abejas, sino que lo fabrican ellas mismas.<\/p>\n<p>La jalea real que comercializamos no es de producci\u00f3n propia. El clima que tenemos no es el adecuado para producirlo, lo cual hace que en este producto no podamos competir con el que producen en otros pa\u00edses. Y sucede lo mismo en toda Europa; por lo tanto, la jalea real que comercializamos es extracomunitaria.<\/p>\n<div class=\"vc_tta-panel-heading\">\n<p class=\"vc_tta-panel-title vc_tta-controls-icon-position-right\"><strong><span class=\"vc_tta-title-text\">BENEFICIOS DE LA JALEA REAL<\/span><\/strong><\/p>\n<\/div>\n<div class=\"vc_tta-panel-body\">\n<div class=\"wpb_text_column wpb_content_element \">\n<div class=\"wpb_wrapper\">\n<p>Hay quien considera la jalea real es un superalimento que nos ofrece la naturaleza. Es utilizada para muchos tratamientos terap\u00e9uticos. Adem\u00e1s, es un excelente revitalizante, ya que nos ayuda a resistir el fr\u00edo y la fatiga, a retrasar el envejecimiento de la piel y a mejorar notablemente su hidrataci\u00f3n y elasticidad. Tambi\u00e9n aumenta las defensas y mejora el sistema inmunitario, regula el sistema nervioso y disminuye la ansiedad.<\/p>\n<div class=\"vc_tta-panel-heading\">\n<p class=\"vc_tta-panel-title vc_tta-controls-icon-position-right\"><strong><span class=\"vc_tta-title-text\">C\u00d3MO TOMAR JALEA REAL<\/span><\/strong><\/p>\n<\/div>\n<div class=\"vc_tta-panel-body\">\n<div class=\"wpb_text_column wpb_content_element \">\n<div class=\"wpb_wrapper\">\n<p>La jalea real es una sustancia viscosa parecida al yogur, de un color blanco tirando a amarillento y con un sabor \u00e1cido.<\/p>\n<p>La mejor manera de consumir la jalea real es fresca y natural sin manipular y habi\u00e9ndola conservado en fr\u00edo. Hay que evitar consumir jalea liofilizada o en c\u00e1psulas, ya que en la deshidrataci\u00f3n menguan sus propiedades. Se recomienda tomar peque\u00f1as dosis de aproximadamente 1g al d\u00eda los adultos, y la mitad los ni\u00f1os (en los envases que comercializamos ya hay una cuchara para medir esta dosis). No es recomendable consumirla durante per\u00edodos largos de tiempo ni en cantidades excesivas. Se recomienda no superar los sesenta d\u00edas seguidos. En el caso de querer consumirla de forma regular, es aconsejable descansar entre ciclo y ciclo durante al menos un mes.<\/p>\n<\/div>\n<\/div>\n<\/div>\n<\/div>\n<\/div>\n<\/div>\n<\/div>\n<\/div>\n<\/div>\n","protected":false},"excerpt":{"rendered":"<p>Hay quien considera la jalea real es un superalimento que nos ofrece la naturaleza. Es utilizada para muchos tratamientos terap\u00e9uticos. Adem\u00e1s, es un excelente revitalizante, ya que nos ayuda a resistir el fr\u00edo y la fatiga, a retrasar el envejecimiento de la piel y a mejorar notablemente su hidrataci\u00f3n y elasticidad. Tambi\u00e9n aumenta las defensas y mejora el sistema inmunitario, regula el sistema nervioso y disminuye la ansiedad.<\/p>\n","protected":false},"featured_media":10872,"template":"","meta":{"_joinchat":[]},"product_brand":[],"product_cat":[78],"product_tag":[],"class_list":{"0":"post-2883","1":"product","2":"type-product","3":"status-publish","4":"has-post-thumbnail","6":"product_cat-jalea-real","7":"infinite-scroll-item","8":"sales-flash-overlay","9":"woocommerce-text-align-center","10":"woocommerce-image-align-center","11":"do-quantity-buttons","13":"first","14":"instock","15":"purchasable","16":"product-type-simple"},"yoast_head":"<!-- This site is optimized with the Yoast SEO plugin v27.3 - https:\/\/yoast.com\/product\/yoast-seo-wordpress\/ -->\n<title>Jalea Real 10gr. - El Rebost de l&#039;Avi llu&iacute;s<\/title>\n<meta name=\"robots\" content=\"index, follow, max-snippet:-1, max-image-preview:large, max-video-preview:-1\" \/>\n<link rel=\"canonical\" href=\"https:\/\/www.rebostavilluis.com\/es\/comprar\/jalea-real-10gr\/\" \/>\n<meta property=\"og:locale\" content=\"es_ES\" \/>\n<meta property=\"og:type\" content=\"article\" \/>\n<meta property=\"og:title\" content=\"Jalea Real 10gr. - El Rebost de l&#039;Avi llu&iacute;s\" \/>\n<meta property=\"og:description\" content=\"Hay quien considera la jalea real es un superalimento que nos ofrece la naturaleza. Es utilizada para muchos tratamientos terap\u00e9uticos. Adem\u00e1s, es un excelente revitalizante, ya que nos ayuda a resistir el fr\u00edo y la fatiga, a retrasar el envejecimiento de la piel y a mejorar notablemente su hidrataci\u00f3n y elasticidad. Tambi\u00e9n aumenta las defensas y mejora el sistema inmunitario, regula el sistema nervioso y disminuye la ansiedad.\" \/>\n<meta property=\"og:url\" content=\"https:\/\/www.rebostavilluis.com\/es\/comprar\/jalea-real-10gr\/\" \/>\n<meta property=\"og:site_name\" content=\"El Rebost de l&#039;Avi llu&iacute;s\" \/>\n<meta property=\"article:modified_time\" content=\"2024-02-28T09:37:11+00:00\" \/>\n<meta property=\"og:image\" content=\"https:\/\/www.rebostavilluis.com\/wp-content\/uploads\/2019\/01\/geleaReial3-scaled.jpg\" \/>\n\t<meta property=\"og:image:width\" content=\"2560\" \/>\n\t<meta property=\"og:image:height\" content=\"1719\" \/>\n\t<meta property=\"og:image:type\" content=\"image\/jpeg\" \/>\n<meta name=\"twitter:card\" content=\"summary_large_image\" \/>\n<meta name=\"twitter:label1\" content=\"Tiempo de lectura\" \/>\n\t<meta name=\"twitter:data1\" content=\"3 minutos\" \/>\n<script type=\"application\/ld+json\" class=\"yoast-schema-graph\">{\"@context\":\"https:\\\/\\\/schema.org\",\"@graph\":[{\"@type\":\"WebPage\",\"@id\":\"https:\\\/\\\/www.rebostavilluis.com\\\/es\\\/comprar\\\/jalea-real-10gr\\\/\",\"url\":\"https:\\\/\\\/www.rebostavilluis.com\\\/es\\\/comprar\\\/jalea-real-10gr\\\/\",\"name\":\"Jalea Real 10gr. - El Rebost de l'Avi llu&iacute;s\",\"isPartOf\":{\"@id\":\"https:\\\/\\\/www.rebostavilluis.com\\\/es\\\/#website\"},\"primaryImageOfPage\":{\"@id\":\"https:\\\/\\\/www.rebostavilluis.com\\\/es\\\/comprar\\\/jalea-real-10gr\\\/#primaryimage\"},\"image\":{\"@id\":\"https:\\\/\\\/www.rebostavilluis.com\\\/es\\\/comprar\\\/jalea-real-10gr\\\/#primaryimage\"},\"thumbnailUrl\":\"https:\\\/\\\/www.rebostavilluis.com\\\/wp-content\\\/uploads\\\/2019\\\/01\\\/geleaReial3-scaled.jpg\",\"datePublished\":\"2019-01-13T22:42:40+00:00\",\"dateModified\":\"2024-02-28T09:37:11+00:00\",\"breadcrumb\":{\"@id\":\"https:\\\/\\\/www.rebostavilluis.com\\\/es\\\/comprar\\\/jalea-real-10gr\\\/#breadcrumb\"},\"inLanguage\":\"es\",\"potentialAction\":[{\"@type\":\"ReadAction\",\"target\":[\"https:\\\/\\\/www.rebostavilluis.com\\\/es\\\/comprar\\\/jalea-real-10gr\\\/\"]}]},{\"@type\":\"ImageObject\",\"inLanguage\":\"es\",\"@id\":\"https:\\\/\\\/www.rebostavilluis.com\\\/es\\\/comprar\\\/jalea-real-10gr\\\/#primaryimage\",\"url\":\"https:\\\/\\\/www.rebostavilluis.com\\\/wp-content\\\/uploads\\\/2019\\\/01\\\/geleaReial3-scaled.jpg\",\"contentUrl\":\"https:\\\/\\\/www.rebostavilluis.com\\\/wp-content\\\/uploads\\\/2019\\\/01\\\/geleaReial3-scaled.jpg\",\"width\":2560,\"height\":1719,\"caption\":\"gelea 10gr\"},{\"@type\":\"BreadcrumbList\",\"@id\":\"https:\\\/\\\/www.rebostavilluis.com\\\/es\\\/comprar\\\/jalea-real-10gr\\\/#breadcrumb\",\"itemListElement\":[{\"@type\":\"ListItem\",\"position\":1,\"name\":\"Portada\",\"item\":\"https:\\\/\\\/www.rebostavilluis.com\\\/es\\\/\"},{\"@type\":\"ListItem\",\"position\":2,\"name\":\"Tienda\",\"item\":\"https:\\\/\\\/www.rebostavilluis.com\\\/es\\\/tienda\\\/\"},{\"@type\":\"ListItem\",\"position\":3,\"name\":\"Jalea Real 10gr.\"}]},{\"@type\":\"WebSite\",\"@id\":\"https:\\\/\\\/www.rebostavilluis.com\\\/es\\\/#website\",\"url\":\"https:\\\/\\\/www.rebostavilluis.com\\\/es\\\/\",\"name\":\"El Rebost de l'Avi llu&iacute;s\",\"description\":\"Mel del Perell&oacute;\",\"publisher\":{\"@id\":\"https:\\\/\\\/www.rebostavilluis.com\\\/es\\\/#organization\"},\"potentialAction\":[{\"@type\":\"SearchAction\",\"target\":{\"@type\":\"EntryPoint\",\"urlTemplate\":\"https:\\\/\\\/www.rebostavilluis.com\\\/es\\\/?s={search_term_string}\"},\"query-input\":{\"@type\":\"PropertyValueSpecification\",\"valueRequired\":true,\"valueName\":\"search_term_string\"}}],\"inLanguage\":\"es\"},{\"@type\":\"Organization\",\"@id\":\"https:\\\/\\\/www.rebostavilluis.com\\\/es\\\/#organization\",\"name\":\"El Rebost de l'Avi llu&iacute;s\",\"url\":\"https:\\\/\\\/www.rebostavilluis.com\\\/es\\\/\",\"logo\":{\"@type\":\"ImageObject\",\"inLanguage\":\"es\",\"@id\":\"https:\\\/\\\/www.rebostavilluis.com\\\/es\\\/#\\\/schema\\\/logo\\\/image\\\/\",\"url\":\"https:\\\/\\\/www.rebostavilluis.com\\\/wp-content\\\/uploads\\\/2021\\\/06\\\/logo.png\",\"contentUrl\":\"https:\\\/\\\/www.rebostavilluis.com\\\/wp-content\\\/uploads\\\/2021\\\/06\\\/logo.png\",\"width\":273,\"height\":74,\"caption\":\"El Rebost de l'Avi llu&iacute;s\"},\"image\":{\"@id\":\"https:\\\/\\\/www.rebostavilluis.com\\\/es\\\/#\\\/schema\\\/logo\\\/image\\\/\"}}]}<\/script>\n<!-- \/ Yoast SEO plugin. -->","yoast_head_json":{"title":"Jalea Real 10gr. - El Rebost de l'Avi llu&iacute;s","robots":{"index":"index","follow":"follow","max-snippet":"max-snippet:-1","max-image-preview":"max-image-preview:large","max-video-preview":"max-video-preview:-1"},"canonical":"https:\/\/www.rebostavilluis.com\/es\/comprar\/jalea-real-10gr\/","og_locale":"es_ES","og_type":"article","og_title":"Jalea Real 10gr. - El Rebost de l'Avi llu&iacute;s","og_description":"Hay quien considera la jalea real es un superalimento que nos ofrece la naturaleza. Es utilizada para muchos tratamientos terap\u00e9uticos. Adem\u00e1s, es un excelente revitalizante, ya que nos ayuda a resistir el fr\u00edo y la fatiga, a retrasar el envejecimiento de la piel y a mejorar notablemente su hidrataci\u00f3n y elasticidad. Tambi\u00e9n aumenta las defensas y mejora el sistema inmunitario, regula el sistema nervioso y disminuye la ansiedad.","og_url":"https:\/\/www.rebostavilluis.com\/es\/comprar\/jalea-real-10gr\/","og_site_name":"El Rebost de l'Avi llu&iacute;s","article_modified_time":"2024-02-28T09:37:11+00:00","og_image":[{"width":2560,"height":1719,"url":"https:\/\/www.rebostavilluis.com\/wp-content\/uploads\/2019\/01\/geleaReial3-scaled.jpg","type":"image\/jpeg"}],"twitter_card":"summary_large_image","twitter_misc":{"Tiempo de lectura":"3 minutos"},"schema":{"@context":"https:\/\/schema.org","@graph":[{"@type":"WebPage","@id":"https:\/\/www.rebostavilluis.com\/es\/comprar\/jalea-real-10gr\/","url":"https:\/\/www.rebostavilluis.com\/es\/comprar\/jalea-real-10gr\/","name":"Jalea Real 10gr. - El Rebost de l'Avi llu&iacute;s","isPartOf":{"@id":"https:\/\/www.rebostavilluis.com\/es\/#website"},"primaryImageOfPage":{"@id":"https:\/\/www.rebostavilluis.com\/es\/comprar\/jalea-real-10gr\/#primaryimage"},"image":{"@id":"https:\/\/www.rebostavilluis.com\/es\/comprar\/jalea-real-10gr\/#primaryimage"},"thumbnailUrl":"https:\/\/www.rebostavilluis.com\/wp-content\/uploads\/2019\/01\/geleaReial3-scaled.jpg","datePublished":"2019-01-13T22:42:40+00:00","dateModified":"2024-02-28T09:37:11+00:00","breadcrumb":{"@id":"https:\/\/www.rebostavilluis.com\/es\/comprar\/jalea-real-10gr\/#breadcrumb"},"inLanguage":"es","potentialAction":[{"@type":"ReadAction","target":["https:\/\/www.rebostavilluis.com\/es\/comprar\/jalea-real-10gr\/"]}]},{"@type":"ImageObject","inLanguage":"es","@id":"https:\/\/www.rebostavilluis.com\/es\/comprar\/jalea-real-10gr\/#primaryimage","url":"https:\/\/www.rebostavilluis.com\/wp-content\/uploads\/2019\/01\/geleaReial3-scaled.jpg","contentUrl":"https:\/\/www.rebostavilluis.com\/wp-content\/uploads\/2019\/01\/geleaReial3-scaled.jpg","width":2560,"height":1719,"caption":"gelea 10gr"},{"@type":"BreadcrumbList","@id":"https:\/\/www.rebostavilluis.com\/es\/comprar\/jalea-real-10gr\/#breadcrumb","itemListElement":[{"@type":"ListItem","position":1,"name":"Portada","item":"https:\/\/www.rebostavilluis.com\/es\/"},{"@type":"ListItem","position":2,"name":"Tienda","item":"https:\/\/www.rebostavilluis.com\/es\/tienda\/"},{"@type":"ListItem","position":3,"name":"Jalea Real 10gr."}]},{"@type":"WebSite","@id":"https:\/\/www.rebostavilluis.com\/es\/#website","url":"https:\/\/www.rebostavilluis.com\/es\/","name":"El Rebost de l'Avi llu&iacute;s","description":"Mel del Perell&oacute;","publisher":{"@id":"https:\/\/www.rebostavilluis.com\/es\/#organization"},"potentialAction":[{"@type":"SearchAction","target":{"@type":"EntryPoint","urlTemplate":"https:\/\/www.rebostavilluis.com\/es\/?s={search_term_string}"},"query-input":{"@type":"PropertyValueSpecification","valueRequired":true,"valueName":"search_term_string"}}],"inLanguage":"es"},{"@type":"Organization","@id":"https:\/\/www.rebostavilluis.com\/es\/#organization","name":"El Rebost de l'Avi llu&iacute;s","url":"https:\/\/www.rebostavilluis.com\/es\/","logo":{"@type":"ImageObject","inLanguage":"es","@id":"https:\/\/www.rebostavilluis.com\/es\/#\/schema\/logo\/image\/","url":"https:\/\/www.rebostavilluis.com\/wp-content\/uploads\/2021\/06\/logo.png","contentUrl":"https:\/\/www.rebostavilluis.com\/wp-content\/uploads\/2021\/06\/logo.png","width":273,"height":74,"caption":"El Rebost de l'Avi llu&iacute;s"},"image":{"@id":"https:\/\/www.rebostavilluis.com\/es\/#\/schema\/logo\/image\/"}}]}},"_links":{"self":[{"href":"https:\/\/www.rebostavilluis.com\/es\/wp-json\/wp\/v2\/product\/2883","targetHints":{"allow":["GET"]}}],"collection":[{"href":"https:\/\/www.rebostavilluis.com\/es\/wp-json\/wp\/v2\/product"}],"about":[{"href":"https:\/\/www.rebostavilluis.com\/es\/wp-json\/wp\/v2\/types\/product"}],"wp:featuredmedia":[{"embeddable":true,"href":"https:\/\/www.rebostavilluis.com\/es\/wp-json\/wp\/v2\/media\/10872"}],"wp:attachment":[{"href":"https:\/\/www.rebostavilluis.com\/es\/wp-json\/wp\/v2\/media?parent=2883"}],"wp:term":[{"taxonomy":"product_brand","embeddable":true,"href":"https:\/\/www.rebostavilluis.com\/es\/wp-json\/wp\/v2\/product_brand?post=2883"},{"taxonomy":"product_cat","embeddable":true,"href":"https:\/\/www.rebostavilluis.com\/es\/wp-json\/wp\/v2\/product_cat?post=2883"},{"taxonomy":"product_tag","embeddable":true,"href":"https:\/\/www.rebostavilluis.com\/es\/wp-json\/wp\/v2\/product_tag?post=2883"}],"curies":[{"name":"wp","href":"https:\/\/api.w.org\/{rel}","templated":true}]}}