{"id":2913,"date":"2019-01-13T23:24:33","date_gmt":"2019-01-13T22:24:33","guid":{"rendered":"https:\/\/www.rebostavilluis.com\/comprar\/unguento-de-propoleos-30gr\/"},"modified":"2024-09-25T17:57:46","modified_gmt":"2024-09-25T15:57:46","slug":"unguento-de-propoleos-30gr","status":"publish","type":"product","link":"https:\/\/www.rebostavilluis.com\/es\/comprar\/unguento-de-propoleos-30gr\/","title":{"rendered":"UNG\u00dcENTO DE PROPOLEOS 15gr."},"content":{"rendered":"<p><strong>CARACTER\u00cdSTICAS DEL PROP\u00d3LEO<\/strong><\/p>\n<p>El prop\u00f3leo es una resina c\u00e9rea, de composici\u00f3n compleja y consistencia viscosa, que las abejas elaboran a partir de part\u00edculas resinosas de diferentes vegetales y que utilizan en la reparaci\u00f3n y protecci\u00f3n de la colmena. Ha sido ampliamente utilizado desde la antig\u00fcedad con diversas finalidades, y actualmente se investigan las acciones, efectos y posibles usos del prop\u00f3leo en biolog\u00eda y medicina, entre los que destacan el de suplemento diet\u00e9tico y el de producto de la industria farmac\u00e9utica.<\/p>\n<p>Con el prop\u00f3leo se pueden elaborar caramelos, extractos alcoh\u00f3licos, miel con prop\u00f3leo, extractos glic\u00f3licos, extractos blandos, prop\u00f3leo en polvo o en trozos, y como componente de jarabes, sprays, pastas dent\u00edfricas, elixires bucales, cremas y ung\u00fcentos, champ\u00fas, jabones naturales, t\u00f3nicos, desodorantes, etc.<\/p>\n<p>Las abejas usan el prop\u00f3leo para la reparaci\u00f3n, protecci\u00f3n y aislamiento de la colmena. As\u00ed, la colmena es uno de los lugares naturales m\u00e1s est\u00e9riles que se conocen.<\/p>\n<div class=\"vc_tta-panel-heading\">\n<p class=\"vc_tta-panel-title vc_tta-controls-icon-position-right\"><strong><span class=\"vc_tta-title-text\">PRODUCCI\u00d3N DEL PROP\u00d3LEO<\/span><\/strong><\/p>\n<\/div>\n<div class=\"vc_tta-panel-body\">\n<div class=\"wpb_text_column wpb_content_element \">\n<div class=\"wpb_wrapper\">\n<p>El prop\u00f3leo se recolecta mediante diferentes m\u00e9todos. El de las rejas, por ejemplo, es el menos agresivo para las abejas y el que mayor calidad ofrece. En Avi Llu\u00eds, todo el prop\u00f3leo que producimos es extra\u00eddo directamente de las rejas.<\/p>\n<div class=\"vc_tta-panel-heading\">\n<p class=\"vc_tta-panel-title vc_tta-controls-icon-position-right\"><strong><span class=\"vc_tta-title-text\">PROPIEDADES DEL PROP\u00d3LEO<\/span><\/strong><\/p>\n<\/div>\n<div class=\"vc_tta-panel-body\">\n<div class=\"wpb_text_column wpb_content_element \">\n<div class=\"wpb_wrapper\">\n<p>El prop\u00f3leo contiene aceites esenciales que hacen que tenga un olor peculiar. En funci\u00f3n del origen bot\u00e1nico y de la \u00e9poca de recolecci\u00f3n, su color var\u00eda de amarillento hasta oscuro. Tiene un gusto amargo y su consistencia va de m\u00e1s duro a m\u00e1s blando.<\/p>\n<\/div>\n<\/div>\n<\/div>\n<\/div>\n<\/div>\n<\/div>\n","protected":false},"excerpt":{"rendered":"<p>El unguento de prop\u00f3leo es una pomada natural. Ideal para curar irritaciones, quemaduras, cicatrices y otras heridas de la piel.<\/p>\n<p>El prop\u00f3leo es una resina c\u00e9rea, de composici\u00f3n compleja y consistencia viscosa, que las abejas elaboran a partir de part\u00edculas resinosas de diferentes vegetales y que utilizan en la reparaci\u00f3n y protecci\u00f3n de la colmena.<\/p>\n","protected":false},"featured_media":10481,"template":"","meta":{"_joinchat":[]},"product_brand":[],"product_cat":[99],"product_tag":[],"class_list":{"0":"post-2913","1":"product","2":"type-product","3":"status-publish","4":"has-post-thumbnail","6":"product_cat-propoleo","7":"infinite-scroll-item","8":"sales-flash-overlay","9":"woocommerce-text-align-center","10":"woocommerce-image-align-center","11":"do-quantity-buttons","13":"first","14":"instock","15":"purchasable","16":"product-type-simple"},"yoast_head":"<!-- This site is optimized with the Yoast SEO plugin v27.3 - https:\/\/yoast.com\/product\/yoast-seo-wordpress\/ -->\n<title>UNG\u00dcENTO DE PROPOLEOS 15gr. - El Rebost de l&#039;Avi llu&iacute;s<\/title>\n<meta name=\"robots\" content=\"index, follow, max-snippet:-1, max-image-preview:large, max-video-preview:-1\" \/>\n<link rel=\"canonical\" href=\"https:\/\/www.rebostavilluis.com\/es\/comprar\/unguento-de-propoleos-30gr\/\" \/>\n<meta property=\"og:locale\" content=\"es_ES\" \/>\n<meta property=\"og:type\" content=\"article\" \/>\n<meta property=\"og:title\" content=\"UNG\u00dcENTO DE PROPOLEOS 15gr. - El Rebost de l&#039;Avi llu&iacute;s\" \/>\n<meta property=\"og:description\" content=\"El unguento de prop\u00f3leo es una pomada natural. Ideal para curar irritaciones, quemaduras, cicatrices y otras heridas de la piel.  El prop\u00f3leo es una resina c\u00e9rea, de composici\u00f3n compleja y consistencia viscosa, que las abejas elaboran a partir de part\u00edculas resinosas de diferentes vegetales y que utilizan en la reparaci\u00f3n y protecci\u00f3n de la colmena.\" \/>\n<meta property=\"og:url\" content=\"https:\/\/www.rebostavilluis.com\/es\/comprar\/unguento-de-propoleos-30gr\/\" \/>\n<meta property=\"og:site_name\" content=\"El Rebost de l&#039;Avi llu&iacute;s\" \/>\n<meta property=\"article:modified_time\" content=\"2024-09-25T15:57:46+00:00\" \/>\n<meta property=\"og:image\" content=\"https:\/\/www.rebostavilluis.com\/wp-content\/uploads\/2019\/01\/unguentopropolis-scaled.jpg\" \/>\n\t<meta property=\"og:image:width\" content=\"2560\" \/>\n\t<meta property=\"og:image:height\" content=\"1707\" \/>\n\t<meta property=\"og:image:type\" content=\"image\/jpeg\" \/>\n<meta name=\"twitter:card\" content=\"summary_large_image\" \/>\n<meta name=\"twitter:label1\" content=\"Tiempo de lectura\" \/>\n\t<meta name=\"twitter:data1\" content=\"2 minutos\" \/>\n<script type=\"application\/ld+json\" class=\"yoast-schema-graph\">{\"@context\":\"https:\\\/\\\/schema.org\",\"@graph\":[{\"@type\":\"WebPage\",\"@id\":\"https:\\\/\\\/www.rebostavilluis.com\\\/es\\\/comprar\\\/unguento-de-propoleos-30gr\\\/\",\"url\":\"https:\\\/\\\/www.rebostavilluis.com\\\/es\\\/comprar\\\/unguento-de-propoleos-30gr\\\/\",\"name\":\"UNG\u00dcENTO DE PROPOLEOS 15gr. - El Rebost de l'Avi llu&iacute;s\",\"isPartOf\":{\"@id\":\"https:\\\/\\\/www.rebostavilluis.com\\\/es\\\/#website\"},\"primaryImageOfPage\":{\"@id\":\"https:\\\/\\\/www.rebostavilluis.com\\\/es\\\/comprar\\\/unguento-de-propoleos-30gr\\\/#primaryimage\"},\"image\":{\"@id\":\"https:\\\/\\\/www.rebostavilluis.com\\\/es\\\/comprar\\\/unguento-de-propoleos-30gr\\\/#primaryimage\"},\"thumbnailUrl\":\"https:\\\/\\\/www.rebostavilluis.com\\\/wp-content\\\/uploads\\\/2019\\\/01\\\/unguentopropolis-scaled.jpg\",\"datePublished\":\"2019-01-13T22:24:33+00:00\",\"dateModified\":\"2024-09-25T15:57:46+00:00\",\"breadcrumb\":{\"@id\":\"https:\\\/\\\/www.rebostavilluis.com\\\/es\\\/comprar\\\/unguento-de-propoleos-30gr\\\/#breadcrumb\"},\"inLanguage\":\"es\",\"potentialAction\":[{\"@type\":\"ReadAction\",\"target\":[\"https:\\\/\\\/www.rebostavilluis.com\\\/es\\\/comprar\\\/unguento-de-propoleos-30gr\\\/\"]}]},{\"@type\":\"ImageObject\",\"inLanguage\":\"es\",\"@id\":\"https:\\\/\\\/www.rebostavilluis.com\\\/es\\\/comprar\\\/unguento-de-propoleos-30gr\\\/#primaryimage\",\"url\":\"https:\\\/\\\/www.rebostavilluis.com\\\/wp-content\\\/uploads\\\/2019\\\/01\\\/unguentopropolis-scaled.jpg\",\"contentUrl\":\"https:\\\/\\\/www.rebostavilluis.com\\\/wp-content\\\/uploads\\\/2019\\\/01\\\/unguentopropolis-scaled.jpg\",\"width\":2560,\"height\":1707},{\"@type\":\"BreadcrumbList\",\"@id\":\"https:\\\/\\\/www.rebostavilluis.com\\\/es\\\/comprar\\\/unguento-de-propoleos-30gr\\\/#breadcrumb\",\"itemListElement\":[{\"@type\":\"ListItem\",\"position\":1,\"name\":\"Portada\",\"item\":\"https:\\\/\\\/www.rebostavilluis.com\\\/es\\\/\"},{\"@type\":\"ListItem\",\"position\":2,\"name\":\"Tienda\",\"item\":\"https:\\\/\\\/www.rebostavilluis.com\\\/es\\\/tienda\\\/\"},{\"@type\":\"ListItem\",\"position\":3,\"name\":\"UNG\u00dcENTO DE PROPOLEOS 15gr.\"}]},{\"@type\":\"WebSite\",\"@id\":\"https:\\\/\\\/www.rebostavilluis.com\\\/es\\\/#website\",\"url\":\"https:\\\/\\\/www.rebostavilluis.com\\\/es\\\/\",\"name\":\"El Rebost de l'Avi llu&iacute;s\",\"description\":\"Mel del Perell&oacute;\",\"publisher\":{\"@id\":\"https:\\\/\\\/www.rebostavilluis.com\\\/es\\\/#organization\"},\"potentialAction\":[{\"@type\":\"SearchAction\",\"target\":{\"@type\":\"EntryPoint\",\"urlTemplate\":\"https:\\\/\\\/www.rebostavilluis.com\\\/es\\\/?s={search_term_string}\"},\"query-input\":{\"@type\":\"PropertyValueSpecification\",\"valueRequired\":true,\"valueName\":\"search_term_string\"}}],\"inLanguage\":\"es\"},{\"@type\":\"Organization\",\"@id\":\"https:\\\/\\\/www.rebostavilluis.com\\\/es\\\/#organization\",\"name\":\"El Rebost de l'Avi llu&iacute;s\",\"url\":\"https:\\\/\\\/www.rebostavilluis.com\\\/es\\\/\",\"logo\":{\"@type\":\"ImageObject\",\"inLanguage\":\"es\",\"@id\":\"https:\\\/\\\/www.rebostavilluis.com\\\/es\\\/#\\\/schema\\\/logo\\\/image\\\/\",\"url\":\"https:\\\/\\\/www.rebostavilluis.com\\\/wp-content\\\/uploads\\\/2021\\\/06\\\/logo.png\",\"contentUrl\":\"https:\\\/\\\/www.rebostavilluis.com\\\/wp-content\\\/uploads\\\/2021\\\/06\\\/logo.png\",\"width\":273,\"height\":74,\"caption\":\"El Rebost de l'Avi llu&iacute;s\"},\"image\":{\"@id\":\"https:\\\/\\\/www.rebostavilluis.com\\\/es\\\/#\\\/schema\\\/logo\\\/image\\\/\"}}]}<\/script>\n<!-- \/ Yoast SEO plugin. -->","yoast_head_json":{"title":"UNG\u00dcENTO DE PROPOLEOS 15gr. - El Rebost de l'Avi llu&iacute;s","robots":{"index":"index","follow":"follow","max-snippet":"max-snippet:-1","max-image-preview":"max-image-preview:large","max-video-preview":"max-video-preview:-1"},"canonical":"https:\/\/www.rebostavilluis.com\/es\/comprar\/unguento-de-propoleos-30gr\/","og_locale":"es_ES","og_type":"article","og_title":"UNG\u00dcENTO DE PROPOLEOS 15gr. - El Rebost de l'Avi llu&iacute;s","og_description":"El unguento de prop\u00f3leo es una pomada natural. Ideal para curar irritaciones, quemaduras, cicatrices y otras heridas de la piel.  El prop\u00f3leo es una resina c\u00e9rea, de composici\u00f3n compleja y consistencia viscosa, que las abejas elaboran a partir de part\u00edculas resinosas de diferentes vegetales y que utilizan en la reparaci\u00f3n y protecci\u00f3n de la colmena.","og_url":"https:\/\/www.rebostavilluis.com\/es\/comprar\/unguento-de-propoleos-30gr\/","og_site_name":"El Rebost de l'Avi llu&iacute;s","article_modified_time":"2024-09-25T15:57:46+00:00","og_image":[{"width":2560,"height":1707,"url":"https:\/\/www.rebostavilluis.com\/wp-content\/uploads\/2019\/01\/unguentopropolis-scaled.jpg","type":"image\/jpeg"}],"twitter_card":"summary_large_image","twitter_misc":{"Tiempo de lectura":"2 minutos"},"schema":{"@context":"https:\/\/schema.org","@graph":[{"@type":"WebPage","@id":"https:\/\/www.rebostavilluis.com\/es\/comprar\/unguento-de-propoleos-30gr\/","url":"https:\/\/www.rebostavilluis.com\/es\/comprar\/unguento-de-propoleos-30gr\/","name":"UNG\u00dcENTO DE PROPOLEOS 15gr. - El Rebost de l'Avi llu&iacute;s","isPartOf":{"@id":"https:\/\/www.rebostavilluis.com\/es\/#website"},"primaryImageOfPage":{"@id":"https:\/\/www.rebostavilluis.com\/es\/comprar\/unguento-de-propoleos-30gr\/#primaryimage"},"image":{"@id":"https:\/\/www.rebostavilluis.com\/es\/comprar\/unguento-de-propoleos-30gr\/#primaryimage"},"thumbnailUrl":"https:\/\/www.rebostavilluis.com\/wp-content\/uploads\/2019\/01\/unguentopropolis-scaled.jpg","datePublished":"2019-01-13T22:24:33+00:00","dateModified":"2024-09-25T15:57:46+00:00","breadcrumb":{"@id":"https:\/\/www.rebostavilluis.com\/es\/comprar\/unguento-de-propoleos-30gr\/#breadcrumb"},"inLanguage":"es","potentialAction":[{"@type":"ReadAction","target":["https:\/\/www.rebostavilluis.com\/es\/comprar\/unguento-de-propoleos-30gr\/"]}]},{"@type":"ImageObject","inLanguage":"es","@id":"https:\/\/www.rebostavilluis.com\/es\/comprar\/unguento-de-propoleos-30gr\/#primaryimage","url":"https:\/\/www.rebostavilluis.com\/wp-content\/uploads\/2019\/01\/unguentopropolis-scaled.jpg","contentUrl":"https:\/\/www.rebostavilluis.com\/wp-content\/uploads\/2019\/01\/unguentopropolis-scaled.jpg","width":2560,"height":1707},{"@type":"BreadcrumbList","@id":"https:\/\/www.rebostavilluis.com\/es\/comprar\/unguento-de-propoleos-30gr\/#breadcrumb","itemListElement":[{"@type":"ListItem","position":1,"name":"Portada","item":"https:\/\/www.rebostavilluis.com\/es\/"},{"@type":"ListItem","position":2,"name":"Tienda","item":"https:\/\/www.rebostavilluis.com\/es\/tienda\/"},{"@type":"ListItem","position":3,"name":"UNG\u00dcENTO DE PROPOLEOS 15gr."}]},{"@type":"WebSite","@id":"https:\/\/www.rebostavilluis.com\/es\/#website","url":"https:\/\/www.rebostavilluis.com\/es\/","name":"El Rebost de l'Avi llu&iacute;s","description":"Mel del Perell&oacute;","publisher":{"@id":"https:\/\/www.rebostavilluis.com\/es\/#organization"},"potentialAction":[{"@type":"SearchAction","target":{"@type":"EntryPoint","urlTemplate":"https:\/\/www.rebostavilluis.com\/es\/?s={search_term_string}"},"query-input":{"@type":"PropertyValueSpecification","valueRequired":true,"valueName":"search_term_string"}}],"inLanguage":"es"},{"@type":"Organization","@id":"https:\/\/www.rebostavilluis.com\/es\/#organization","name":"El Rebost de l'Avi llu&iacute;s","url":"https:\/\/www.rebostavilluis.com\/es\/","logo":{"@type":"ImageObject","inLanguage":"es","@id":"https:\/\/www.rebostavilluis.com\/es\/#\/schema\/logo\/image\/","url":"https:\/\/www.rebostavilluis.com\/wp-content\/uploads\/2021\/06\/logo.png","contentUrl":"https:\/\/www.rebostavilluis.com\/wp-content\/uploads\/2021\/06\/logo.png","width":273,"height":74,"caption":"El Rebost de l'Avi llu&iacute;s"},"image":{"@id":"https:\/\/www.rebostavilluis.com\/es\/#\/schema\/logo\/image\/"}}]}},"_links":{"self":[{"href":"https:\/\/www.rebostavilluis.com\/es\/wp-json\/wp\/v2\/product\/2913","targetHints":{"allow":["GET"]}}],"collection":[{"href":"https:\/\/www.rebostavilluis.com\/es\/wp-json\/wp\/v2\/product"}],"about":[{"href":"https:\/\/www.rebostavilluis.com\/es\/wp-json\/wp\/v2\/types\/product"}],"wp:featuredmedia":[{"embeddable":true,"href":"https:\/\/www.rebostavilluis.com\/es\/wp-json\/wp\/v2\/media\/10481"}],"wp:attachment":[{"href":"https:\/\/www.rebostavilluis.com\/es\/wp-json\/wp\/v2\/media?parent=2913"}],"wp:term":[{"taxonomy":"product_brand","embeddable":true,"href":"https:\/\/www.rebostavilluis.com\/es\/wp-json\/wp\/v2\/product_brand?post=2913"},{"taxonomy":"product_cat","embeddable":true,"href":"https:\/\/www.rebostavilluis.com\/es\/wp-json\/wp\/v2\/product_cat?post=2913"},{"taxonomy":"product_tag","embeddable":true,"href":"https:\/\/www.rebostavilluis.com\/es\/wp-json\/wp\/v2\/product_tag?post=2913"}],"curies":[{"name":"wp","href":"https:\/\/api.w.org\/{rel}","templated":true}]}}