{"id":3000,"date":"2019-01-13T23:25:28","date_gmt":"2019-01-13T22:25:28","guid":{"rendered":"https:\/\/www.rebostavilluis.com\/comprar\/rojalet-crianza-3-litros-montsant\/"},"modified":"2024-09-25T18:33:11","modified_gmt":"2024-09-25T16:33:11","slug":"rojalet-crianza-3-litros-montsant","status":"publish","type":"product","link":"https:\/\/www.rebostavilluis.com\/es\/comprar\/rojalet-crianza-3-litros-montsant\/","title":{"rendered":"Rojalet Crianza 3l. Montsant"},"content":{"rendered":"","protected":false},"excerpt":{"rendered":"<p><strong>DESCRIPCI\u00d3N<\/strong><\/p>\n<ul>\n<li>Vino negro crianza<\/li>\n<li>Variedad: Cari\u00f1ena y Garnacha negra<\/li>\n<li>Denominaci\u00f3n: D.O Montsant<\/li>\n<li>Zona elaboraci\u00f3n: Catalu\u00f1a<\/li>\n<li>Capacidad: Baig in Box 3l<\/li>\n<li>Alcohol: 14,0%<\/li>\n<\/ul>\n","protected":false},"featured_media":5841,"template":"","meta":{"_joinchat":[]},"product_brand":[],"product_cat":[102,103],"product_tag":[],"class_list":{"0":"post-3000","1":"product","2":"type-product","3":"status-publish","4":"has-post-thumbnail","6":"product_cat-vinos","7":"product_cat-do-montsant-es-2","8":"infinite-scroll-item","9":"sales-flash-overlay","10":"woocommerce-text-align-center","11":"woocommerce-image-align-center","12":"do-quantity-buttons","14":"first","15":"instock","16":"purchasable","17":"product-type-simple"},"yoast_head":"<!-- This site is optimized with the Yoast SEO plugin v26.8 - https:\/\/yoast.com\/product\/yoast-seo-wordpress\/ -->\n<title>Rojalet Crianza 3l. Montsant - El Rebost de l&#039;Avi llu&iacute;s<\/title>\n<meta name=\"robots\" content=\"index, follow, max-snippet:-1, max-image-preview:large, max-video-preview:-1\" \/>\n<link rel=\"canonical\" href=\"https:\/\/www.rebostavilluis.com\/es\/comprar\/rojalet-crianza-3-litros-montsant\/\" \/>\n<meta property=\"og:locale\" content=\"es_ES\" \/>\n<meta property=\"og:type\" content=\"article\" \/>\n<meta property=\"og:title\" content=\"Rojalet Crianza 3l. Montsant - El Rebost de l&#039;Avi llu&iacute;s\" \/>\n<meta property=\"og:description\" content=\"DESCRIPCI\u00d3N   Vino negro crianza  Variedad: Cari\u00f1ena y Garnacha negra  Denominaci\u00f3n: D.O Montsant  Zona elaboraci\u00f3n: Catalu\u00f1a  Capacidad: Baig in Box 3l  Alcohol: 14,0%\" \/>\n<meta property=\"og:url\" content=\"https:\/\/www.rebostavilluis.com\/es\/comprar\/rojalet-crianza-3-litros-montsant\/\" \/>\n<meta property=\"og:site_name\" content=\"El Rebost de l&#039;Avi llu&iacute;s\" \/>\n<meta property=\"article:modified_time\" content=\"2024-09-25T16:33:11+00:00\" \/>\n<meta property=\"og:image\" content=\"https:\/\/www.rebostavilluis.com\/wp-content\/uploads\/2019\/01\/rojalet-blanc.jpg\" \/>\n\t<meta property=\"og:image:width\" content=\"283\" \/>\n\t<meta property=\"og:image:height\" content=\"283\" \/>\n\t<meta property=\"og:image:type\" content=\"image\/jpeg\" \/>\n<meta name=\"twitter:card\" content=\"summary_large_image\" \/>\n<meta name=\"twitter:label1\" content=\"Tiempo de lectura\" \/>\n\t<meta name=\"twitter:data1\" content=\"1 minuto\" \/>\n<script type=\"application\/ld+json\" class=\"yoast-schema-graph\">{\"@context\":\"https:\/\/schema.org\",\"@graph\":[{\"@type\":\"WebPage\",\"@id\":\"https:\/\/www.rebostavilluis.com\/es\/comprar\/rojalet-crianza-3-litros-montsant\/\",\"url\":\"https:\/\/www.rebostavilluis.com\/es\/comprar\/rojalet-crianza-3-litros-montsant\/\",\"name\":\"Rojalet Crianza 3l. Montsant - El Rebost de l'Avi llu&iacute;s\",\"isPartOf\":{\"@id\":\"https:\/\/www.rebostavilluis.com\/es\/#website\"},\"primaryImageOfPage\":{\"@id\":\"https:\/\/www.rebostavilluis.com\/es\/comprar\/rojalet-crianza-3-litros-montsant\/#primaryimage\"},\"image\":{\"@id\":\"https:\/\/www.rebostavilluis.com\/es\/comprar\/rojalet-crianza-3-litros-montsant\/#primaryimage\"},\"thumbnailUrl\":\"https:\/\/www.rebostavilluis.com\/wp-content\/uploads\/2019\/01\/rojalet-blanc.jpg\",\"datePublished\":\"2019-01-13T22:25:28+00:00\",\"dateModified\":\"2024-09-25T16:33:11+00:00\",\"breadcrumb\":{\"@id\":\"https:\/\/www.rebostavilluis.com\/es\/comprar\/rojalet-crianza-3-litros-montsant\/#breadcrumb\"},\"inLanguage\":\"es\",\"potentialAction\":[{\"@type\":\"ReadAction\",\"target\":[\"https:\/\/www.rebostavilluis.com\/es\/comprar\/rojalet-crianza-3-litros-montsant\/\"]}]},{\"@type\":\"ImageObject\",\"inLanguage\":\"es\",\"@id\":\"https:\/\/www.rebostavilluis.com\/es\/comprar\/rojalet-crianza-3-litros-montsant\/#primaryimage\",\"url\":\"https:\/\/www.rebostavilluis.com\/wp-content\/uploads\/2019\/01\/rojalet-blanc.jpg\",\"contentUrl\":\"https:\/\/www.rebostavilluis.com\/wp-content\/uploads\/2019\/01\/rojalet-blanc.jpg\",\"width\":283,\"height\":283,\"caption\":\"ROJALET ENVELLIT 3 LITRES MONTSANT\"},{\"@type\":\"BreadcrumbList\",\"@id\":\"https:\/\/www.rebostavilluis.com\/es\/comprar\/rojalet-crianza-3-litros-montsant\/#breadcrumb\",\"itemListElement\":[{\"@type\":\"ListItem\",\"position\":1,\"name\":\"Portada\",\"item\":\"https:\/\/www.rebostavilluis.com\/es\/\"},{\"@type\":\"ListItem\",\"position\":2,\"name\":\"Tienda\",\"item\":\"https:\/\/www.rebostavilluis.com\/es\/tienda\/\"},{\"@type\":\"ListItem\",\"position\":3,\"name\":\"Rojalet Crianza 3l. Montsant\"}]},{\"@type\":\"WebSite\",\"@id\":\"https:\/\/www.rebostavilluis.com\/es\/#website\",\"url\":\"https:\/\/www.rebostavilluis.com\/es\/\",\"name\":\"El Rebost de l'Avi llu&iacute;s\",\"description\":\"Mel del Perell&oacute;\",\"publisher\":{\"@id\":\"https:\/\/www.rebostavilluis.com\/es\/#organization\"},\"potentialAction\":[{\"@type\":\"SearchAction\",\"target\":{\"@type\":\"EntryPoint\",\"urlTemplate\":\"https:\/\/www.rebostavilluis.com\/es\/?s={search_term_string}\"},\"query-input\":{\"@type\":\"PropertyValueSpecification\",\"valueRequired\":true,\"valueName\":\"search_term_string\"}}],\"inLanguage\":\"es\"},{\"@type\":\"Organization\",\"@id\":\"https:\/\/www.rebostavilluis.com\/es\/#organization\",\"name\":\"El Rebost de l'Avi llu&iacute;s\",\"url\":\"https:\/\/www.rebostavilluis.com\/es\/\",\"logo\":{\"@type\":\"ImageObject\",\"inLanguage\":\"es\",\"@id\":\"https:\/\/www.rebostavilluis.com\/es\/#\/schema\/logo\/image\/\",\"url\":\"https:\/\/www.rebostavilluis.com\/wp-content\/uploads\/2021\/06\/logo.png\",\"contentUrl\":\"https:\/\/www.rebostavilluis.com\/wp-content\/uploads\/2021\/06\/logo.png\",\"width\":273,\"height\":74,\"caption\":\"El Rebost de l'Avi llu&iacute;s\"},\"image\":{\"@id\":\"https:\/\/www.rebostavilluis.com\/es\/#\/schema\/logo\/image\/\"}}]}<\/script>\n<!-- \/ Yoast SEO plugin. -->","yoast_head_json":{"title":"Rojalet Crianza 3l. Montsant - El Rebost de l'Avi llu&iacute;s","robots":{"index":"index","follow":"follow","max-snippet":"max-snippet:-1","max-image-preview":"max-image-preview:large","max-video-preview":"max-video-preview:-1"},"canonical":"https:\/\/www.rebostavilluis.com\/es\/comprar\/rojalet-crianza-3-litros-montsant\/","og_locale":"es_ES","og_type":"article","og_title":"Rojalet Crianza 3l. Montsant - El Rebost de l'Avi llu&iacute;s","og_description":"DESCRIPCI\u00d3N   Vino negro crianza  Variedad: Cari\u00f1ena y Garnacha negra  Denominaci\u00f3n: D.O Montsant  Zona elaboraci\u00f3n: Catalu\u00f1a  Capacidad: Baig in Box 3l  Alcohol: 14,0%","og_url":"https:\/\/www.rebostavilluis.com\/es\/comprar\/rojalet-crianza-3-litros-montsant\/","og_site_name":"El Rebost de l'Avi llu&iacute;s","article_modified_time":"2024-09-25T16:33:11+00:00","og_image":[{"width":283,"height":283,"url":"https:\/\/www.rebostavilluis.com\/wp-content\/uploads\/2019\/01\/rojalet-blanc.jpg","type":"image\/jpeg"}],"twitter_card":"summary_large_image","twitter_misc":{"Tiempo de lectura":"1 minuto"},"schema":{"@context":"https:\/\/schema.org","@graph":[{"@type":"WebPage","@id":"https:\/\/www.rebostavilluis.com\/es\/comprar\/rojalet-crianza-3-litros-montsant\/","url":"https:\/\/www.rebostavilluis.com\/es\/comprar\/rojalet-crianza-3-litros-montsant\/","name":"Rojalet Crianza 3l. Montsant - El Rebost de l'Avi llu&iacute;s","isPartOf":{"@id":"https:\/\/www.rebostavilluis.com\/es\/#website"},"primaryImageOfPage":{"@id":"https:\/\/www.rebostavilluis.com\/es\/comprar\/rojalet-crianza-3-litros-montsant\/#primaryimage"},"image":{"@id":"https:\/\/www.rebostavilluis.com\/es\/comprar\/rojalet-crianza-3-litros-montsant\/#primaryimage"},"thumbnailUrl":"https:\/\/www.rebostavilluis.com\/wp-content\/uploads\/2019\/01\/rojalet-blanc.jpg","datePublished":"2019-01-13T22:25:28+00:00","dateModified":"2024-09-25T16:33:11+00:00","breadcrumb":{"@id":"https:\/\/www.rebostavilluis.com\/es\/comprar\/rojalet-crianza-3-litros-montsant\/#breadcrumb"},"inLanguage":"es","potentialAction":[{"@type":"ReadAction","target":["https:\/\/www.rebostavilluis.com\/es\/comprar\/rojalet-crianza-3-litros-montsant\/"]}]},{"@type":"ImageObject","inLanguage":"es","@id":"https:\/\/www.rebostavilluis.com\/es\/comprar\/rojalet-crianza-3-litros-montsant\/#primaryimage","url":"https:\/\/www.rebostavilluis.com\/wp-content\/uploads\/2019\/01\/rojalet-blanc.jpg","contentUrl":"https:\/\/www.rebostavilluis.com\/wp-content\/uploads\/2019\/01\/rojalet-blanc.jpg","width":283,"height":283,"caption":"ROJALET ENVELLIT 3 LITRES MONTSANT"},{"@type":"BreadcrumbList","@id":"https:\/\/www.rebostavilluis.com\/es\/comprar\/rojalet-crianza-3-litros-montsant\/#breadcrumb","itemListElement":[{"@type":"ListItem","position":1,"name":"Portada","item":"https:\/\/www.rebostavilluis.com\/es\/"},{"@type":"ListItem","position":2,"name":"Tienda","item":"https:\/\/www.rebostavilluis.com\/es\/tienda\/"},{"@type":"ListItem","position":3,"name":"Rojalet Crianza 3l. Montsant"}]},{"@type":"WebSite","@id":"https:\/\/www.rebostavilluis.com\/es\/#website","url":"https:\/\/www.rebostavilluis.com\/es\/","name":"El Rebost de l'Avi llu&iacute;s","description":"Mel del Perell&oacute;","publisher":{"@id":"https:\/\/www.rebostavilluis.com\/es\/#organization"},"potentialAction":[{"@type":"SearchAction","target":{"@type":"EntryPoint","urlTemplate":"https:\/\/www.rebostavilluis.com\/es\/?s={search_term_string}"},"query-input":{"@type":"PropertyValueSpecification","valueRequired":true,"valueName":"search_term_string"}}],"inLanguage":"es"},{"@type":"Organization","@id":"https:\/\/www.rebostavilluis.com\/es\/#organization","name":"El Rebost de l'Avi llu&iacute;s","url":"https:\/\/www.rebostavilluis.com\/es\/","logo":{"@type":"ImageObject","inLanguage":"es","@id":"https:\/\/www.rebostavilluis.com\/es\/#\/schema\/logo\/image\/","url":"https:\/\/www.rebostavilluis.com\/wp-content\/uploads\/2021\/06\/logo.png","contentUrl":"https:\/\/www.rebostavilluis.com\/wp-content\/uploads\/2021\/06\/logo.png","width":273,"height":74,"caption":"El Rebost de l'Avi llu&iacute;s"},"image":{"@id":"https:\/\/www.rebostavilluis.com\/es\/#\/schema\/logo\/image\/"}}]}},"_links":{"self":[{"href":"https:\/\/www.rebostavilluis.com\/es\/wp-json\/wp\/v2\/product\/3000","targetHints":{"allow":["GET"]}}],"collection":[{"href":"https:\/\/www.rebostavilluis.com\/es\/wp-json\/wp\/v2\/product"}],"about":[{"href":"https:\/\/www.rebostavilluis.com\/es\/wp-json\/wp\/v2\/types\/product"}],"wp:featuredmedia":[{"embeddable":true,"href":"https:\/\/www.rebostavilluis.com\/es\/wp-json\/wp\/v2\/media\/5841"}],"wp:attachment":[{"href":"https:\/\/www.rebostavilluis.com\/es\/wp-json\/wp\/v2\/media?parent=3000"}],"wp:term":[{"taxonomy":"product_brand","embeddable":true,"href":"https:\/\/www.rebostavilluis.com\/es\/wp-json\/wp\/v2\/product_brand?post=3000"},{"taxonomy":"product_cat","embeddable":true,"href":"https:\/\/www.rebostavilluis.com\/es\/wp-json\/wp\/v2\/product_cat?post=3000"},{"taxonomy":"product_tag","embeddable":true,"href":"https:\/\/www.rebostavilluis.com\/es\/wp-json\/wp\/v2\/product_tag?post=3000"}],"curies":[{"name":"wp","href":"https:\/\/api.w.org\/{rel}","templated":true}]}}