{"id":3196,"date":"2019-01-13T23:25:12","date_gmt":"2019-01-13T22:25:12","guid":{"rendered":"https:\/\/www.rebostavilluis.com\/comprar\/pate-de-aceituna-negra-aragon-105-gr\/"},"modified":"2026-02-19T15:49:03","modified_gmt":"2026-02-19T14:49:03","slug":"pate-de-aceituna-negra-aragon-105-gr","status":"publish","type":"product","link":"https:\/\/www.rebostavilluis.com\/es\/comprar\/pate-de-aceituna-negra-aragon-105-gr\/","title":{"rendered":"Pat\u00e9 de Aceituna Negra Arag\u00f3n 105gr \u00b7 Masrrojana"},"content":{"rendered":"","protected":false},"excerpt":{"rendered":"<p data-path-to-node=\"8\">Descubre la intensidad del <b data-path-to-node=\"8\" data-index-in-node=\"49\">Pat\u00e9 de Oliva Negra de Arag\u00f3n<\/b>, un cl\u00e1sico imprescindible en el <b data-path-to-node=\"8\" data-index-in-node=\"112\">Rebost de l&#8217;Avi Llu\u00eds<\/b>. Elaborado con aceitunas de la variedad Empeltre en su punto \u00f3ptimo de maduraci\u00f3n, este pat\u00e9 (tambi\u00e9n conocido como olivada) destaca por su sabor profundo, con matices naturales y una textura suave y r\u00fastica a la vez.<\/p>\n<ul data-path-to-node=\"9\">\n<li>\n<p data-path-to-node=\"9,0,0\"><b data-path-to-node=\"9,0,0\" data-index-in-node=\"0\">Variedad:<\/b> Oliva Negra de Arag\u00f3n (Empeltre).<\/p>\n<\/li>\n<li>\n<p data-path-to-node=\"9,1,0\"><b data-path-to-node=\"9,1,0\" data-index-in-node=\"0\">Caracter\u00edsticas:<\/b> 100% natural, sin conservantes ni colorantes artificiales.<\/p>\n<\/li>\n<li>\n<p data-path-to-node=\"9,2,0\"><b data-path-to-node=\"9,2,0\" data-index-in-node=\"0\">Consejos de uso:<\/b> Ideal para la preparaci\u00f3n de canap\u00e9s, para acompa\u00f1ar bacalao, para dar sabor a ensaladas de tomate o como base para una buena salsa tapenade.<\/p>\n<\/li>\n<\/ul>\n","protected":false},"featured_media":13285,"template":"","meta":{"_joinchat":[]},"product_brand":[],"product_cat":[72],"product_tag":[],"class_list":{"0":"post-3196","1":"product","2":"type-product","3":"status-publish","4":"has-post-thumbnail","6":"product_cat-conservas","7":"infinite-scroll-item","8":"sales-flash-overlay","9":"woocommerce-text-align-center","10":"woocommerce-image-align-center","11":"do-quantity-buttons","13":"first","14":"instock","15":"purchasable","16":"product-type-simple"},"yoast_head":"<!-- This site is optimized with the Yoast SEO plugin v27.3 - https:\/\/yoast.com\/product\/yoast-seo-wordpress\/ -->\n<title>Pat\u00e9 de Aceituna Negra Arag\u00f3n 105gr \u00b7 Masrrojana - El Rebost de l&#039;Avi llu&iacute;s<\/title>\n<meta name=\"description\" content=\"Compra el Pat\u00e9 de Oliva Negra de Arag\u00f3n 105g en el Rebost de l&#039;Avi Llu\u00eds. Aut\u00e9ntica olivada natural con sabor intenso, ideal para aperitivos y bacalao.\" \/>\n<meta name=\"robots\" content=\"index, follow, max-snippet:-1, max-image-preview:large, max-video-preview:-1\" \/>\n<link rel=\"canonical\" href=\"https:\/\/www.rebostavilluis.com\/es\/comprar\/pate-de-aceituna-negra-aragon-105-gr\/\" \/>\n<meta property=\"og:locale\" content=\"es_ES\" \/>\n<meta property=\"og:type\" content=\"article\" \/>\n<meta property=\"og:title\" content=\"Pat\u00e9 de Aceituna Negra Arag\u00f3n 105gr \u00b7 Masrrojana - El Rebost de l&#039;Avi llu&iacute;s\" \/>\n<meta property=\"og:description\" content=\"Compra el Pat\u00e9 de Oliva Negra de Arag\u00f3n 105g en el Rebost de l&#039;Avi Llu\u00eds. Aut\u00e9ntica olivada natural con sabor intenso, ideal para aperitivos y bacalao.\" \/>\n<meta property=\"og:url\" content=\"https:\/\/www.rebostavilluis.com\/es\/comprar\/pate-de-aceituna-negra-aragon-105-gr\/\" \/>\n<meta property=\"og:site_name\" content=\"El Rebost de l&#039;Avi llu&iacute;s\" \/>\n<meta property=\"article:modified_time\" content=\"2026-02-19T14:49:03+00:00\" \/>\n<meta property=\"og:image\" content=\"https:\/\/www.rebostavilluis.com\/wp-content\/uploads\/2019\/01\/pate.negra_.png\" \/>\n\t<meta property=\"og:image:width\" content=\"800\" \/>\n\t<meta property=\"og:image:height\" content=\"837\" \/>\n\t<meta property=\"og:image:type\" content=\"image\/png\" \/>\n<meta name=\"twitter:card\" content=\"summary_large_image\" \/>\n<meta name=\"twitter:label1\" content=\"Tiempo de lectura\" \/>\n\t<meta name=\"twitter:data1\" content=\"1 minuto\" \/>\n<script type=\"application\/ld+json\" class=\"yoast-schema-graph\">{\"@context\":\"https:\\\/\\\/schema.org\",\"@graph\":[{\"@type\":\"WebPage\",\"@id\":\"https:\\\/\\\/www.rebostavilluis.com\\\/es\\\/comprar\\\/pate-de-aceituna-negra-aragon-105-gr\\\/\",\"url\":\"https:\\\/\\\/www.rebostavilluis.com\\\/es\\\/comprar\\\/pate-de-aceituna-negra-aragon-105-gr\\\/\",\"name\":\"Pat\u00e9 de Aceituna Negra Arag\u00f3n 105gr \u00b7 Masrrojana - El Rebost de l'Avi llu&iacute;s\",\"isPartOf\":{\"@id\":\"https:\\\/\\\/www.rebostavilluis.com\\\/es\\\/#website\"},\"primaryImageOfPage\":{\"@id\":\"https:\\\/\\\/www.rebostavilluis.com\\\/es\\\/comprar\\\/pate-de-aceituna-negra-aragon-105-gr\\\/#primaryimage\"},\"image\":{\"@id\":\"https:\\\/\\\/www.rebostavilluis.com\\\/es\\\/comprar\\\/pate-de-aceituna-negra-aragon-105-gr\\\/#primaryimage\"},\"thumbnailUrl\":\"https:\\\/\\\/www.rebostavilluis.com\\\/wp-content\\\/uploads\\\/2019\\\/01\\\/pate.negra_.png\",\"datePublished\":\"2019-01-13T22:25:12+00:00\",\"dateModified\":\"2026-02-19T14:49:03+00:00\",\"description\":\"Compra el Pat\u00e9 de Oliva Negra de Arag\u00f3n 105g en el Rebost de l'Avi Llu\u00eds. Aut\u00e9ntica olivada natural con sabor intenso, ideal para aperitivos y bacalao.\",\"breadcrumb\":{\"@id\":\"https:\\\/\\\/www.rebostavilluis.com\\\/es\\\/comprar\\\/pate-de-aceituna-negra-aragon-105-gr\\\/#breadcrumb\"},\"inLanguage\":\"es\",\"potentialAction\":[{\"@type\":\"ReadAction\",\"target\":[\"https:\\\/\\\/www.rebostavilluis.com\\\/es\\\/comprar\\\/pate-de-aceituna-negra-aragon-105-gr\\\/\"]}]},{\"@type\":\"ImageObject\",\"inLanguage\":\"es\",\"@id\":\"https:\\\/\\\/www.rebostavilluis.com\\\/es\\\/comprar\\\/pate-de-aceituna-negra-aragon-105-gr\\\/#primaryimage\",\"url\":\"https:\\\/\\\/www.rebostavilluis.com\\\/wp-content\\\/uploads\\\/2019\\\/01\\\/pate.negra_.png\",\"contentUrl\":\"https:\\\/\\\/www.rebostavilluis.com\\\/wp-content\\\/uploads\\\/2019\\\/01\\\/pate.negra_.png\",\"width\":800,\"height\":837},{\"@type\":\"BreadcrumbList\",\"@id\":\"https:\\\/\\\/www.rebostavilluis.com\\\/es\\\/comprar\\\/pate-de-aceituna-negra-aragon-105-gr\\\/#breadcrumb\",\"itemListElement\":[{\"@type\":\"ListItem\",\"position\":1,\"name\":\"Portada\",\"item\":\"https:\\\/\\\/www.rebostavilluis.com\\\/es\\\/\"},{\"@type\":\"ListItem\",\"position\":2,\"name\":\"Tienda\",\"item\":\"https:\\\/\\\/www.rebostavilluis.com\\\/es\\\/tienda\\\/\"},{\"@type\":\"ListItem\",\"position\":3,\"name\":\"Pat\u00e9 de Aceituna Negra Arag\u00f3n 105gr \u00b7 Masrrojana\"}]},{\"@type\":\"WebSite\",\"@id\":\"https:\\\/\\\/www.rebostavilluis.com\\\/es\\\/#website\",\"url\":\"https:\\\/\\\/www.rebostavilluis.com\\\/es\\\/\",\"name\":\"El Rebost de l'Avi llu&iacute;s\",\"description\":\"Mel del Perell&oacute;\",\"publisher\":{\"@id\":\"https:\\\/\\\/www.rebostavilluis.com\\\/es\\\/#organization\"},\"potentialAction\":[{\"@type\":\"SearchAction\",\"target\":{\"@type\":\"EntryPoint\",\"urlTemplate\":\"https:\\\/\\\/www.rebostavilluis.com\\\/es\\\/?s={search_term_string}\"},\"query-input\":{\"@type\":\"PropertyValueSpecification\",\"valueRequired\":true,\"valueName\":\"search_term_string\"}}],\"inLanguage\":\"es\"},{\"@type\":\"Organization\",\"@id\":\"https:\\\/\\\/www.rebostavilluis.com\\\/es\\\/#organization\",\"name\":\"El Rebost de l'Avi llu&iacute;s\",\"url\":\"https:\\\/\\\/www.rebostavilluis.com\\\/es\\\/\",\"logo\":{\"@type\":\"ImageObject\",\"inLanguage\":\"es\",\"@id\":\"https:\\\/\\\/www.rebostavilluis.com\\\/es\\\/#\\\/schema\\\/logo\\\/image\\\/\",\"url\":\"https:\\\/\\\/www.rebostavilluis.com\\\/wp-content\\\/uploads\\\/2021\\\/06\\\/logo.png\",\"contentUrl\":\"https:\\\/\\\/www.rebostavilluis.com\\\/wp-content\\\/uploads\\\/2021\\\/06\\\/logo.png\",\"width\":273,\"height\":74,\"caption\":\"El Rebost de l'Avi llu&iacute;s\"},\"image\":{\"@id\":\"https:\\\/\\\/www.rebostavilluis.com\\\/es\\\/#\\\/schema\\\/logo\\\/image\\\/\"}}]}<\/script>\n<!-- \/ Yoast SEO plugin. -->","yoast_head_json":{"title":"Pat\u00e9 de Aceituna Negra Arag\u00f3n 105gr \u00b7 Masrrojana - El Rebost de l'Avi llu&iacute;s","description":"Compra el Pat\u00e9 de Oliva Negra de Arag\u00f3n 105g en el Rebost de l'Avi Llu\u00eds. Aut\u00e9ntica olivada natural con sabor intenso, ideal para aperitivos y bacalao.","robots":{"index":"index","follow":"follow","max-snippet":"max-snippet:-1","max-image-preview":"max-image-preview:large","max-video-preview":"max-video-preview:-1"},"canonical":"https:\/\/www.rebostavilluis.com\/es\/comprar\/pate-de-aceituna-negra-aragon-105-gr\/","og_locale":"es_ES","og_type":"article","og_title":"Pat\u00e9 de Aceituna Negra Arag\u00f3n 105gr \u00b7 Masrrojana - El Rebost de l'Avi llu&iacute;s","og_description":"Compra el Pat\u00e9 de Oliva Negra de Arag\u00f3n 105g en el Rebost de l'Avi Llu\u00eds. Aut\u00e9ntica olivada natural con sabor intenso, ideal para aperitivos y bacalao.","og_url":"https:\/\/www.rebostavilluis.com\/es\/comprar\/pate-de-aceituna-negra-aragon-105-gr\/","og_site_name":"El Rebost de l'Avi llu&iacute;s","article_modified_time":"2026-02-19T14:49:03+00:00","og_image":[{"width":800,"height":837,"url":"https:\/\/www.rebostavilluis.com\/wp-content\/uploads\/2019\/01\/pate.negra_.png","type":"image\/png"}],"twitter_card":"summary_large_image","twitter_misc":{"Tiempo de lectura":"1 minuto"},"schema":{"@context":"https:\/\/schema.org","@graph":[{"@type":"WebPage","@id":"https:\/\/www.rebostavilluis.com\/es\/comprar\/pate-de-aceituna-negra-aragon-105-gr\/","url":"https:\/\/www.rebostavilluis.com\/es\/comprar\/pate-de-aceituna-negra-aragon-105-gr\/","name":"Pat\u00e9 de Aceituna Negra Arag\u00f3n 105gr \u00b7 Masrrojana - El Rebost de l'Avi llu&iacute;s","isPartOf":{"@id":"https:\/\/www.rebostavilluis.com\/es\/#website"},"primaryImageOfPage":{"@id":"https:\/\/www.rebostavilluis.com\/es\/comprar\/pate-de-aceituna-negra-aragon-105-gr\/#primaryimage"},"image":{"@id":"https:\/\/www.rebostavilluis.com\/es\/comprar\/pate-de-aceituna-negra-aragon-105-gr\/#primaryimage"},"thumbnailUrl":"https:\/\/www.rebostavilluis.com\/wp-content\/uploads\/2019\/01\/pate.negra_.png","datePublished":"2019-01-13T22:25:12+00:00","dateModified":"2026-02-19T14:49:03+00:00","description":"Compra el Pat\u00e9 de Oliva Negra de Arag\u00f3n 105g en el Rebost de l'Avi Llu\u00eds. Aut\u00e9ntica olivada natural con sabor intenso, ideal para aperitivos y bacalao.","breadcrumb":{"@id":"https:\/\/www.rebostavilluis.com\/es\/comprar\/pate-de-aceituna-negra-aragon-105-gr\/#breadcrumb"},"inLanguage":"es","potentialAction":[{"@type":"ReadAction","target":["https:\/\/www.rebostavilluis.com\/es\/comprar\/pate-de-aceituna-negra-aragon-105-gr\/"]}]},{"@type":"ImageObject","inLanguage":"es","@id":"https:\/\/www.rebostavilluis.com\/es\/comprar\/pate-de-aceituna-negra-aragon-105-gr\/#primaryimage","url":"https:\/\/www.rebostavilluis.com\/wp-content\/uploads\/2019\/01\/pate.negra_.png","contentUrl":"https:\/\/www.rebostavilluis.com\/wp-content\/uploads\/2019\/01\/pate.negra_.png","width":800,"height":837},{"@type":"BreadcrumbList","@id":"https:\/\/www.rebostavilluis.com\/es\/comprar\/pate-de-aceituna-negra-aragon-105-gr\/#breadcrumb","itemListElement":[{"@type":"ListItem","position":1,"name":"Portada","item":"https:\/\/www.rebostavilluis.com\/es\/"},{"@type":"ListItem","position":2,"name":"Tienda","item":"https:\/\/www.rebostavilluis.com\/es\/tienda\/"},{"@type":"ListItem","position":3,"name":"Pat\u00e9 de Aceituna Negra Arag\u00f3n 105gr \u00b7 Masrrojana"}]},{"@type":"WebSite","@id":"https:\/\/www.rebostavilluis.com\/es\/#website","url":"https:\/\/www.rebostavilluis.com\/es\/","name":"El Rebost de l'Avi llu&iacute;s","description":"Mel del Perell&oacute;","publisher":{"@id":"https:\/\/www.rebostavilluis.com\/es\/#organization"},"potentialAction":[{"@type":"SearchAction","target":{"@type":"EntryPoint","urlTemplate":"https:\/\/www.rebostavilluis.com\/es\/?s={search_term_string}"},"query-input":{"@type":"PropertyValueSpecification","valueRequired":true,"valueName":"search_term_string"}}],"inLanguage":"es"},{"@type":"Organization","@id":"https:\/\/www.rebostavilluis.com\/es\/#organization","name":"El Rebost de l'Avi llu&iacute;s","url":"https:\/\/www.rebostavilluis.com\/es\/","logo":{"@type":"ImageObject","inLanguage":"es","@id":"https:\/\/www.rebostavilluis.com\/es\/#\/schema\/logo\/image\/","url":"https:\/\/www.rebostavilluis.com\/wp-content\/uploads\/2021\/06\/logo.png","contentUrl":"https:\/\/www.rebostavilluis.com\/wp-content\/uploads\/2021\/06\/logo.png","width":273,"height":74,"caption":"El Rebost de l'Avi llu&iacute;s"},"image":{"@id":"https:\/\/www.rebostavilluis.com\/es\/#\/schema\/logo\/image\/"}}]}},"_links":{"self":[{"href":"https:\/\/www.rebostavilluis.com\/es\/wp-json\/wp\/v2\/product\/3196","targetHints":{"allow":["GET"]}}],"collection":[{"href":"https:\/\/www.rebostavilluis.com\/es\/wp-json\/wp\/v2\/product"}],"about":[{"href":"https:\/\/www.rebostavilluis.com\/es\/wp-json\/wp\/v2\/types\/product"}],"wp:featuredmedia":[{"embeddable":true,"href":"https:\/\/www.rebostavilluis.com\/es\/wp-json\/wp\/v2\/media\/13285"}],"wp:attachment":[{"href":"https:\/\/www.rebostavilluis.com\/es\/wp-json\/wp\/v2\/media?parent=3196"}],"wp:term":[{"taxonomy":"product_brand","embeddable":true,"href":"https:\/\/www.rebostavilluis.com\/es\/wp-json\/wp\/v2\/product_brand?post=3196"},{"taxonomy":"product_cat","embeddable":true,"href":"https:\/\/www.rebostavilluis.com\/es\/wp-json\/wp\/v2\/product_cat?post=3196"},{"taxonomy":"product_tag","embeddable":true,"href":"https:\/\/www.rebostavilluis.com\/es\/wp-json\/wp\/v2\/product_tag?post=3196"}],"curies":[{"name":"wp","href":"https:\/\/api.w.org\/{rel}","templated":true}]}}