{"id":4671,"date":"2019-06-17T10:52:29","date_gmt":"2019-06-17T08:53:35","guid":{"rendered":"https:\/\/www.rebostavilluis.com\/?post_type=product&#038;p=4671"},"modified":"2024-09-25T17:49:51","modified_gmt":"2024-09-25T15:49:51","slug":"champu-con-miel-y-jalea-real-250ml","status":"publish","type":"product","link":"https:\/\/www.rebostavilluis.com\/es\/comprar\/champu-con-miel-y-jalea-real-250ml\/","title":{"rendered":"Champ\u00fa con Miel y Jalea Real (250ml.)"},"content":{"rendered":"","protected":false},"excerpt":{"rendered":"<p lang=\"zxx\"><strong>DESCRIPCI\u00d3N<\/strong><\/p>\n<ul>\n<li lang=\"zxx\">Champ\u00fa nutritivo con miel de azahar y jalea real indicado para todo tipo de cabello. Libre de parabens .<\/li>\n<li lang=\"zxx\">La miel aporta al cabello la suavidad y la nutrici\u00f3n que necesita, tambi\u00e9n ayuda a reducir la irritaci\u00f3n de cuero cabelludo. La jalea real ayuda a reparar y fortalecer el cabello dejandolo m\u00e1s brillante.<\/li>\n<li lang=\"zxx\">Aplicar sobre el cabello mojando, dando un suave masaje, aclarar y repetir si se desea.Usar frecuentemente.<\/li>\n<li lang=\"zxx\">Ingredientes: Aqua, Sodium Laureth Sulfate, Coamide DEA, Glycol Distearate, Polyquaternium-28, Polyquaternium-7, Propilene Glycol, Parfum, Royal Jelly, Mel Extract, Guar Hydroxypropyltrimonium Chloride, Citric Acid, Sodium Chloride, Phenoxyethanol, Sodium Benzoate, Potassium Sorbate, Cocamidopropyl Betaine, PEG- 7 Glyceryl Cocoate.<\/li>\n<\/ul>\n","protected":false},"featured_media":4685,"template":"","meta":{"_joinchat":[]},"product_brand":[],"product_cat":[497,73],"product_tag":[],"class_list":{"0":"post-4671","1":"product","2":"type-product","3":"status-publish","4":"has-post-thumbnail","6":"product_cat-cosmetica-capilar-es","7":"product_cat-cosmeticos","8":"infinite-scroll-item","9":"sales-flash-overlay","10":"woocommerce-text-align-center","11":"woocommerce-image-align-center","12":"do-quantity-buttons","14":"first","15":"instock","16":"shipping-taxable","17":"purchasable","18":"product-type-simple"},"yoast_head":"<!-- This site is optimized with the Yoast SEO plugin v27.3 - https:\/\/yoast.com\/product\/yoast-seo-wordpress\/ -->\n<title>Champ\u00fa con Miel y Jalea Real (250ml.) - El Rebost de l&#039;Avi llu&iacute;s<\/title>\n<meta name=\"robots\" content=\"index, follow, max-snippet:-1, max-image-preview:large, max-video-preview:-1\" \/>\n<link rel=\"canonical\" href=\"https:\/\/www.rebostavilluis.com\/es\/comprar\/champu-con-miel-y-jalea-real-250ml\/\" \/>\n<meta property=\"og:locale\" content=\"es_ES\" \/>\n<meta property=\"og:type\" content=\"article\" \/>\n<meta property=\"og:title\" content=\"Champ\u00fa con Miel y Jalea Real (250ml.) - El Rebost de l&#039;Avi llu&iacute;s\" \/>\n<meta property=\"og:description\" content=\"DESCRIPCI\u00d3N    Champ\u00fa nutritivo con miel de azahar y jalea real indicado para todo tipo de cabello. Libre de parabens .  La miel aporta al cabello la suavidad y la nutrici\u00f3n que necesita, tambi\u00e9n ayuda a reducir la irritaci\u00f3n de cuero cabelludo. La jalea real ayuda a reparar y fortalecer el cabello dejandolo m\u00e1s brillante.  Aplicar sobre el cabello mojando, dando un suave masaje, aclarar y repetir si se desea.Usar frecuentemente.  Ingredientes: Aqua, Sodium Laureth Sulfate, Coamide DEA, Glycol Distearate, Polyquaternium-28, Polyquaternium-7, Propilene Glycol, Parfum, Royal Jelly, Mel Extract, Guar Hydroxypropyltrimonium Chloride, Citric Acid, Sodium Chloride, Phenoxyethanol, Sodium Benzoate, Potassium Sorbate, Cocamidopropyl Betaine, PEG- 7 Glyceryl Cocoate.\" \/>\n<meta property=\"og:url\" content=\"https:\/\/www.rebostavilluis.com\/es\/comprar\/champu-con-miel-y-jalea-real-250ml\/\" \/>\n<meta property=\"og:site_name\" content=\"El Rebost de l&#039;Avi llu&iacute;s\" \/>\n<meta property=\"article:modified_time\" content=\"2024-09-25T15:49:51+00:00\" \/>\n<meta property=\"og:image\" content=\"https:\/\/www.rebostavilluis.com\/wp-content\/uploads\/2019\/06\/champu-miel-y-jalea-Nutritivo.jpg\" \/>\n\t<meta property=\"og:image:width\" content=\"800\" \/>\n\t<meta property=\"og:image:height\" content=\"800\" \/>\n\t<meta property=\"og:image:type\" content=\"image\/jpeg\" \/>\n<meta name=\"twitter:card\" content=\"summary_large_image\" \/>\n<meta name=\"twitter:label1\" content=\"Tiempo de lectura\" \/>\n\t<meta name=\"twitter:data1\" content=\"1 minuto\" \/>\n<script type=\"application\/ld+json\" class=\"yoast-schema-graph\">{\"@context\":\"https:\\\/\\\/schema.org\",\"@graph\":[{\"@type\":\"WebPage\",\"@id\":\"https:\\\/\\\/www.rebostavilluis.com\\\/es\\\/comprar\\\/champu-con-miel-y-jalea-real-250ml\\\/\",\"url\":\"https:\\\/\\\/www.rebostavilluis.com\\\/es\\\/comprar\\\/champu-con-miel-y-jalea-real-250ml\\\/\",\"name\":\"Champ\u00fa con Miel y Jalea Real (250ml.) - El Rebost de l'Avi llu&iacute;s\",\"isPartOf\":{\"@id\":\"https:\\\/\\\/www.rebostavilluis.com\\\/es\\\/#website\"},\"primaryImageOfPage\":{\"@id\":\"https:\\\/\\\/www.rebostavilluis.com\\\/es\\\/comprar\\\/champu-con-miel-y-jalea-real-250ml\\\/#primaryimage\"},\"image\":{\"@id\":\"https:\\\/\\\/www.rebostavilluis.com\\\/es\\\/comprar\\\/champu-con-miel-y-jalea-real-250ml\\\/#primaryimage\"},\"thumbnailUrl\":\"https:\\\/\\\/www.rebostavilluis.com\\\/wp-content\\\/uploads\\\/2019\\\/06\\\/champu-miel-y-jalea-Nutritivo.jpg\",\"datePublished\":\"2019-06-17T08:53:35+00:00\",\"dateModified\":\"2024-09-25T15:49:51+00:00\",\"breadcrumb\":{\"@id\":\"https:\\\/\\\/www.rebostavilluis.com\\\/es\\\/comprar\\\/champu-con-miel-y-jalea-real-250ml\\\/#breadcrumb\"},\"inLanguage\":\"es\",\"potentialAction\":[{\"@type\":\"ReadAction\",\"target\":[\"https:\\\/\\\/www.rebostavilluis.com\\\/es\\\/comprar\\\/champu-con-miel-y-jalea-real-250ml\\\/\"]}]},{\"@type\":\"ImageObject\",\"inLanguage\":\"es\",\"@id\":\"https:\\\/\\\/www.rebostavilluis.com\\\/es\\\/comprar\\\/champu-con-miel-y-jalea-real-250ml\\\/#primaryimage\",\"url\":\"https:\\\/\\\/www.rebostavilluis.com\\\/wp-content\\\/uploads\\\/2019\\\/06\\\/champu-miel-y-jalea-Nutritivo.jpg\",\"contentUrl\":\"https:\\\/\\\/www.rebostavilluis.com\\\/wp-content\\\/uploads\\\/2019\\\/06\\\/champu-miel-y-jalea-Nutritivo.jpg\",\"width\":800,\"height\":800,\"caption\":\"Champ\u00fa de miel con jalea real\"},{\"@type\":\"BreadcrumbList\",\"@id\":\"https:\\\/\\\/www.rebostavilluis.com\\\/es\\\/comprar\\\/champu-con-miel-y-jalea-real-250ml\\\/#breadcrumb\",\"itemListElement\":[{\"@type\":\"ListItem\",\"position\":1,\"name\":\"Portada\",\"item\":\"https:\\\/\\\/www.rebostavilluis.com\\\/es\\\/\"},{\"@type\":\"ListItem\",\"position\":2,\"name\":\"Tienda\",\"item\":\"https:\\\/\\\/www.rebostavilluis.com\\\/es\\\/tienda\\\/\"},{\"@type\":\"ListItem\",\"position\":3,\"name\":\"Champ\u00fa con Miel y Jalea Real (250ml.)\"}]},{\"@type\":\"WebSite\",\"@id\":\"https:\\\/\\\/www.rebostavilluis.com\\\/es\\\/#website\",\"url\":\"https:\\\/\\\/www.rebostavilluis.com\\\/es\\\/\",\"name\":\"El Rebost de l'Avi llu&iacute;s\",\"description\":\"Mel del Perell&oacute;\",\"publisher\":{\"@id\":\"https:\\\/\\\/www.rebostavilluis.com\\\/es\\\/#organization\"},\"potentialAction\":[{\"@type\":\"SearchAction\",\"target\":{\"@type\":\"EntryPoint\",\"urlTemplate\":\"https:\\\/\\\/www.rebostavilluis.com\\\/es\\\/?s={search_term_string}\"},\"query-input\":{\"@type\":\"PropertyValueSpecification\",\"valueRequired\":true,\"valueName\":\"search_term_string\"}}],\"inLanguage\":\"es\"},{\"@type\":\"Organization\",\"@id\":\"https:\\\/\\\/www.rebostavilluis.com\\\/es\\\/#organization\",\"name\":\"El Rebost de l'Avi llu&iacute;s\",\"url\":\"https:\\\/\\\/www.rebostavilluis.com\\\/es\\\/\",\"logo\":{\"@type\":\"ImageObject\",\"inLanguage\":\"es\",\"@id\":\"https:\\\/\\\/www.rebostavilluis.com\\\/es\\\/#\\\/schema\\\/logo\\\/image\\\/\",\"url\":\"https:\\\/\\\/www.rebostavilluis.com\\\/wp-content\\\/uploads\\\/2021\\\/06\\\/logo.png\",\"contentUrl\":\"https:\\\/\\\/www.rebostavilluis.com\\\/wp-content\\\/uploads\\\/2021\\\/06\\\/logo.png\",\"width\":273,\"height\":74,\"caption\":\"El Rebost de l'Avi llu&iacute;s\"},\"image\":{\"@id\":\"https:\\\/\\\/www.rebostavilluis.com\\\/es\\\/#\\\/schema\\\/logo\\\/image\\\/\"}}]}<\/script>\n<!-- \/ Yoast SEO plugin. -->","yoast_head_json":{"title":"Champ\u00fa con Miel y Jalea Real (250ml.) - El Rebost de l'Avi llu&iacute;s","robots":{"index":"index","follow":"follow","max-snippet":"max-snippet:-1","max-image-preview":"max-image-preview:large","max-video-preview":"max-video-preview:-1"},"canonical":"https:\/\/www.rebostavilluis.com\/es\/comprar\/champu-con-miel-y-jalea-real-250ml\/","og_locale":"es_ES","og_type":"article","og_title":"Champ\u00fa con Miel y Jalea Real (250ml.) - El Rebost de l'Avi llu&iacute;s","og_description":"DESCRIPCI\u00d3N    Champ\u00fa nutritivo con miel de azahar y jalea real indicado para todo tipo de cabello. Libre de parabens .  La miel aporta al cabello la suavidad y la nutrici\u00f3n que necesita, tambi\u00e9n ayuda a reducir la irritaci\u00f3n de cuero cabelludo. La jalea real ayuda a reparar y fortalecer el cabello dejandolo m\u00e1s brillante.  Aplicar sobre el cabello mojando, dando un suave masaje, aclarar y repetir si se desea.Usar frecuentemente.  Ingredientes: Aqua, Sodium Laureth Sulfate, Coamide DEA, Glycol Distearate, Polyquaternium-28, Polyquaternium-7, Propilene Glycol, Parfum, Royal Jelly, Mel Extract, Guar Hydroxypropyltrimonium Chloride, Citric Acid, Sodium Chloride, Phenoxyethanol, Sodium Benzoate, Potassium Sorbate, Cocamidopropyl Betaine, PEG- 7 Glyceryl Cocoate.","og_url":"https:\/\/www.rebostavilluis.com\/es\/comprar\/champu-con-miel-y-jalea-real-250ml\/","og_site_name":"El Rebost de l'Avi llu&iacute;s","article_modified_time":"2024-09-25T15:49:51+00:00","og_image":[{"width":800,"height":800,"url":"https:\/\/www.rebostavilluis.com\/wp-content\/uploads\/2019\/06\/champu-miel-y-jalea-Nutritivo.jpg","type":"image\/jpeg"}],"twitter_card":"summary_large_image","twitter_misc":{"Tiempo de lectura":"1 minuto"},"schema":{"@context":"https:\/\/schema.org","@graph":[{"@type":"WebPage","@id":"https:\/\/www.rebostavilluis.com\/es\/comprar\/champu-con-miel-y-jalea-real-250ml\/","url":"https:\/\/www.rebostavilluis.com\/es\/comprar\/champu-con-miel-y-jalea-real-250ml\/","name":"Champ\u00fa con Miel y Jalea Real (250ml.) - El Rebost de l'Avi llu&iacute;s","isPartOf":{"@id":"https:\/\/www.rebostavilluis.com\/es\/#website"},"primaryImageOfPage":{"@id":"https:\/\/www.rebostavilluis.com\/es\/comprar\/champu-con-miel-y-jalea-real-250ml\/#primaryimage"},"image":{"@id":"https:\/\/www.rebostavilluis.com\/es\/comprar\/champu-con-miel-y-jalea-real-250ml\/#primaryimage"},"thumbnailUrl":"https:\/\/www.rebostavilluis.com\/wp-content\/uploads\/2019\/06\/champu-miel-y-jalea-Nutritivo.jpg","datePublished":"2019-06-17T08:53:35+00:00","dateModified":"2024-09-25T15:49:51+00:00","breadcrumb":{"@id":"https:\/\/www.rebostavilluis.com\/es\/comprar\/champu-con-miel-y-jalea-real-250ml\/#breadcrumb"},"inLanguage":"es","potentialAction":[{"@type":"ReadAction","target":["https:\/\/www.rebostavilluis.com\/es\/comprar\/champu-con-miel-y-jalea-real-250ml\/"]}]},{"@type":"ImageObject","inLanguage":"es","@id":"https:\/\/www.rebostavilluis.com\/es\/comprar\/champu-con-miel-y-jalea-real-250ml\/#primaryimage","url":"https:\/\/www.rebostavilluis.com\/wp-content\/uploads\/2019\/06\/champu-miel-y-jalea-Nutritivo.jpg","contentUrl":"https:\/\/www.rebostavilluis.com\/wp-content\/uploads\/2019\/06\/champu-miel-y-jalea-Nutritivo.jpg","width":800,"height":800,"caption":"Champ\u00fa de miel con jalea real"},{"@type":"BreadcrumbList","@id":"https:\/\/www.rebostavilluis.com\/es\/comprar\/champu-con-miel-y-jalea-real-250ml\/#breadcrumb","itemListElement":[{"@type":"ListItem","position":1,"name":"Portada","item":"https:\/\/www.rebostavilluis.com\/es\/"},{"@type":"ListItem","position":2,"name":"Tienda","item":"https:\/\/www.rebostavilluis.com\/es\/tienda\/"},{"@type":"ListItem","position":3,"name":"Champ\u00fa con Miel y Jalea Real (250ml.)"}]},{"@type":"WebSite","@id":"https:\/\/www.rebostavilluis.com\/es\/#website","url":"https:\/\/www.rebostavilluis.com\/es\/","name":"El Rebost de l'Avi llu&iacute;s","description":"Mel del Perell&oacute;","publisher":{"@id":"https:\/\/www.rebostavilluis.com\/es\/#organization"},"potentialAction":[{"@type":"SearchAction","target":{"@type":"EntryPoint","urlTemplate":"https:\/\/www.rebostavilluis.com\/es\/?s={search_term_string}"},"query-input":{"@type":"PropertyValueSpecification","valueRequired":true,"valueName":"search_term_string"}}],"inLanguage":"es"},{"@type":"Organization","@id":"https:\/\/www.rebostavilluis.com\/es\/#organization","name":"El Rebost de l'Avi llu&iacute;s","url":"https:\/\/www.rebostavilluis.com\/es\/","logo":{"@type":"ImageObject","inLanguage":"es","@id":"https:\/\/www.rebostavilluis.com\/es\/#\/schema\/logo\/image\/","url":"https:\/\/www.rebostavilluis.com\/wp-content\/uploads\/2021\/06\/logo.png","contentUrl":"https:\/\/www.rebostavilluis.com\/wp-content\/uploads\/2021\/06\/logo.png","width":273,"height":74,"caption":"El Rebost de l'Avi llu&iacute;s"},"image":{"@id":"https:\/\/www.rebostavilluis.com\/es\/#\/schema\/logo\/image\/"}}]}},"_links":{"self":[{"href":"https:\/\/www.rebostavilluis.com\/es\/wp-json\/wp\/v2\/product\/4671","targetHints":{"allow":["GET"]}}],"collection":[{"href":"https:\/\/www.rebostavilluis.com\/es\/wp-json\/wp\/v2\/product"}],"about":[{"href":"https:\/\/www.rebostavilluis.com\/es\/wp-json\/wp\/v2\/types\/product"}],"wp:featuredmedia":[{"embeddable":true,"href":"https:\/\/www.rebostavilluis.com\/es\/wp-json\/wp\/v2\/media\/4685"}],"wp:attachment":[{"href":"https:\/\/www.rebostavilluis.com\/es\/wp-json\/wp\/v2\/media?parent=4671"}],"wp:term":[{"taxonomy":"product_brand","embeddable":true,"href":"https:\/\/www.rebostavilluis.com\/es\/wp-json\/wp\/v2\/product_brand?post=4671"},{"taxonomy":"product_cat","embeddable":true,"href":"https:\/\/www.rebostavilluis.com\/es\/wp-json\/wp\/v2\/product_cat?post=4671"},{"taxonomy":"product_tag","embeddable":true,"href":"https:\/\/www.rebostavilluis.com\/es\/wp-json\/wp\/v2\/product_tag?post=4671"}],"curies":[{"name":"wp","href":"https:\/\/api.w.org\/{rel}","templated":true}]}}