{"id":7127,"date":"2020-05-07T17:03:27","date_gmt":"2020-05-07T15:05:34","guid":{"rendered":"https:\/\/www.rebostavilluis.com\/?post_type=product&#038;p=7127"},"modified":"2024-09-25T17:49:30","modified_gmt":"2024-09-25T15:49:30","slug":"body-milk-con-miel-y-jalea-real-500-ml","status":"publish","type":"product","link":"https:\/\/www.rebostavilluis.com\/es\/comprar\/body-milk-con-miel-y-jalea-real-500-ml\/","title":{"rendered":"Body Milk con Miel y Jalea Real 500ml."},"content":{"rendered":"","protected":false},"excerpt":{"rendered":"<p><strong>DESCRIPCI\u00d3N<\/strong><\/p>\n<ul>\n<li>La crema corporal de la L\u00ednea de Cosm\u00e9tica Natural de Miel y Jalea real est\u00e1 especialmente dise\u00f1ada para pieles delicadas.<\/li>\n<li>Por un lado, la Miel nos ayudar\u00e1 a combatir la sequedad de la piel y sus imperfecciones, previniendo el envejecimiento de esta y\u00a0la Jalea real actuar\u00e1 como antioxidante y nos ayudar\u00e1 a conseguir un resultado suave, con una piel m\u00e1s hidratada y mucho m\u00e1s flexible.<\/li>\n<\/ul>\n","protected":false},"featured_media":7126,"template":"","meta":{"_joinchat":[]},"product_brand":[],"product_cat":[74,73],"product_tag":[],"class_list":{"0":"post-7127","1":"product","2":"type-product","3":"status-publish","4":"has-post-thumbnail","6":"product_cat-cosmetica-corporal-es","7":"product_cat-cosmeticos","8":"infinite-scroll-item","9":"sales-flash-overlay","10":"woocommerce-text-align-center","11":"woocommerce-image-align-center","12":"do-quantity-buttons","14":"first","15":"instock","16":"shipping-taxable","17":"purchasable","18":"product-type-simple"},"yoast_head":"<!-- This site is optimized with the Yoast SEO plugin v27.3 - https:\/\/yoast.com\/product\/yoast-seo-wordpress\/ -->\n<title>Body Milk con Miel y Jalea Real 500ml. - El Rebost de l&#039;Avi llu&iacute;s<\/title>\n<meta name=\"robots\" content=\"index, follow, max-snippet:-1, max-image-preview:large, max-video-preview:-1\" \/>\n<link rel=\"canonical\" href=\"https:\/\/www.rebostavilluis.com\/es\/comprar\/body-milk-con-miel-y-jalea-real-500-ml\/\" \/>\n<meta property=\"og:locale\" content=\"es_ES\" \/>\n<meta property=\"og:type\" content=\"article\" \/>\n<meta property=\"og:title\" content=\"Body Milk con Miel y Jalea Real 500ml. - El Rebost de l&#039;Avi llu&iacute;s\" \/>\n<meta property=\"og:description\" content=\"DESCRIPCI\u00d3N   La crema corporal de la L\u00ednea de Cosm\u00e9tica Natural de Miel y Jalea real est\u00e1 especialmente dise\u00f1ada para pieles delicadas.  Por un lado, la Miel nos ayudar\u00e1 a combatir la sequedad de la piel y sus imperfecciones, previniendo el envejecimiento de esta y\u00a0la Jalea real actuar\u00e1 como antioxidante y nos ayudar\u00e1 a conseguir un resultado suave, con una piel m\u00e1s hidratada y mucho m\u00e1s flexible.\" \/>\n<meta property=\"og:url\" content=\"https:\/\/www.rebostavilluis.com\/es\/comprar\/body-milk-con-miel-y-jalea-real-500-ml\/\" \/>\n<meta property=\"og:site_name\" content=\"El Rebost de l&#039;Avi llu&iacute;s\" \/>\n<meta property=\"article:modified_time\" content=\"2024-09-25T15:49:30+00:00\" \/>\n<meta property=\"og:image\" content=\"https:\/\/www.rebostavilluis.com\/wp-content\/uploads\/2020\/05\/Crema-corporal-Miel-y-Jalea-300x300.jpg\" \/>\n\t<meta property=\"og:image:width\" content=\"300\" \/>\n\t<meta property=\"og:image:height\" content=\"300\" \/>\n\t<meta property=\"og:image:type\" content=\"image\/jpeg\" \/>\n<meta name=\"twitter:card\" content=\"summary_large_image\" \/>\n<meta name=\"twitter:label1\" content=\"Tiempo de lectura\" \/>\n\t<meta name=\"twitter:data1\" content=\"1 minuto\" \/>\n<script type=\"application\/ld+json\" class=\"yoast-schema-graph\">{\"@context\":\"https:\\\/\\\/schema.org\",\"@graph\":[{\"@type\":\"WebPage\",\"@id\":\"https:\\\/\\\/www.rebostavilluis.com\\\/es\\\/comprar\\\/body-milk-con-miel-y-jalea-real-500-ml\\\/\",\"url\":\"https:\\\/\\\/www.rebostavilluis.com\\\/es\\\/comprar\\\/body-milk-con-miel-y-jalea-real-500-ml\\\/\",\"name\":\"Body Milk con Miel y Jalea Real 500ml. - El Rebost de l'Avi llu&iacute;s\",\"isPartOf\":{\"@id\":\"https:\\\/\\\/www.rebostavilluis.com\\\/es\\\/#website\"},\"primaryImageOfPage\":{\"@id\":\"https:\\\/\\\/www.rebostavilluis.com\\\/es\\\/comprar\\\/body-milk-con-miel-y-jalea-real-500-ml\\\/#primaryimage\"},\"image\":{\"@id\":\"https:\\\/\\\/www.rebostavilluis.com\\\/es\\\/comprar\\\/body-milk-con-miel-y-jalea-real-500-ml\\\/#primaryimage\"},\"thumbnailUrl\":\"https:\\\/\\\/www.rebostavilluis.com\\\/wp-content\\\/uploads\\\/2020\\\/05\\\/Crema-corporal-Miel-y-Jalea-300x300.jpg\",\"datePublished\":\"2020-05-07T15:05:34+00:00\",\"dateModified\":\"2024-09-25T15:49:30+00:00\",\"breadcrumb\":{\"@id\":\"https:\\\/\\\/www.rebostavilluis.com\\\/es\\\/comprar\\\/body-milk-con-miel-y-jalea-real-500-ml\\\/#breadcrumb\"},\"inLanguage\":\"es\",\"potentialAction\":[{\"@type\":\"ReadAction\",\"target\":[\"https:\\\/\\\/www.rebostavilluis.com\\\/es\\\/comprar\\\/body-milk-con-miel-y-jalea-real-500-ml\\\/\"]}]},{\"@type\":\"ImageObject\",\"inLanguage\":\"es\",\"@id\":\"https:\\\/\\\/www.rebostavilluis.com\\\/es\\\/comprar\\\/body-milk-con-miel-y-jalea-real-500-ml\\\/#primaryimage\",\"url\":\"https:\\\/\\\/www.rebostavilluis.com\\\/wp-content\\\/uploads\\\/2020\\\/05\\\/Crema-corporal-Miel-y-Jalea-300x300.jpg\",\"contentUrl\":\"https:\\\/\\\/www.rebostavilluis.com\\\/wp-content\\\/uploads\\\/2020\\\/05\\\/Crema-corporal-Miel-y-Jalea-300x300.jpg\",\"width\":300,\"height\":300},{\"@type\":\"BreadcrumbList\",\"@id\":\"https:\\\/\\\/www.rebostavilluis.com\\\/es\\\/comprar\\\/body-milk-con-miel-y-jalea-real-500-ml\\\/#breadcrumb\",\"itemListElement\":[{\"@type\":\"ListItem\",\"position\":1,\"name\":\"Portada\",\"item\":\"https:\\\/\\\/www.rebostavilluis.com\\\/es\\\/\"},{\"@type\":\"ListItem\",\"position\":2,\"name\":\"Tienda\",\"item\":\"https:\\\/\\\/www.rebostavilluis.com\\\/es\\\/tienda\\\/\"},{\"@type\":\"ListItem\",\"position\":3,\"name\":\"Body Milk con Miel y Jalea Real 500ml.\"}]},{\"@type\":\"WebSite\",\"@id\":\"https:\\\/\\\/www.rebostavilluis.com\\\/es\\\/#website\",\"url\":\"https:\\\/\\\/www.rebostavilluis.com\\\/es\\\/\",\"name\":\"El Rebost de l'Avi llu&iacute;s\",\"description\":\"Mel del Perell&oacute;\",\"publisher\":{\"@id\":\"https:\\\/\\\/www.rebostavilluis.com\\\/es\\\/#organization\"},\"potentialAction\":[{\"@type\":\"SearchAction\",\"target\":{\"@type\":\"EntryPoint\",\"urlTemplate\":\"https:\\\/\\\/www.rebostavilluis.com\\\/es\\\/?s={search_term_string}\"},\"query-input\":{\"@type\":\"PropertyValueSpecification\",\"valueRequired\":true,\"valueName\":\"search_term_string\"}}],\"inLanguage\":\"es\"},{\"@type\":\"Organization\",\"@id\":\"https:\\\/\\\/www.rebostavilluis.com\\\/es\\\/#organization\",\"name\":\"El Rebost de l'Avi llu&iacute;s\",\"url\":\"https:\\\/\\\/www.rebostavilluis.com\\\/es\\\/\",\"logo\":{\"@type\":\"ImageObject\",\"inLanguage\":\"es\",\"@id\":\"https:\\\/\\\/www.rebostavilluis.com\\\/es\\\/#\\\/schema\\\/logo\\\/image\\\/\",\"url\":\"https:\\\/\\\/www.rebostavilluis.com\\\/wp-content\\\/uploads\\\/2021\\\/06\\\/logo.png\",\"contentUrl\":\"https:\\\/\\\/www.rebostavilluis.com\\\/wp-content\\\/uploads\\\/2021\\\/06\\\/logo.png\",\"width\":273,\"height\":74,\"caption\":\"El Rebost de l'Avi llu&iacute;s\"},\"image\":{\"@id\":\"https:\\\/\\\/www.rebostavilluis.com\\\/es\\\/#\\\/schema\\\/logo\\\/image\\\/\"}}]}<\/script>\n<!-- \/ Yoast SEO plugin. -->","yoast_head_json":{"title":"Body Milk con Miel y Jalea Real 500ml. - El Rebost de l'Avi llu&iacute;s","robots":{"index":"index","follow":"follow","max-snippet":"max-snippet:-1","max-image-preview":"max-image-preview:large","max-video-preview":"max-video-preview:-1"},"canonical":"https:\/\/www.rebostavilluis.com\/es\/comprar\/body-milk-con-miel-y-jalea-real-500-ml\/","og_locale":"es_ES","og_type":"article","og_title":"Body Milk con Miel y Jalea Real 500ml. - El Rebost de l'Avi llu&iacute;s","og_description":"DESCRIPCI\u00d3N   La crema corporal de la L\u00ednea de Cosm\u00e9tica Natural de Miel y Jalea real est\u00e1 especialmente dise\u00f1ada para pieles delicadas.  Por un lado, la Miel nos ayudar\u00e1 a combatir la sequedad de la piel y sus imperfecciones, previniendo el envejecimiento de esta y\u00a0la Jalea real actuar\u00e1 como antioxidante y nos ayudar\u00e1 a conseguir un resultado suave, con una piel m\u00e1s hidratada y mucho m\u00e1s flexible.","og_url":"https:\/\/www.rebostavilluis.com\/es\/comprar\/body-milk-con-miel-y-jalea-real-500-ml\/","og_site_name":"El Rebost de l'Avi llu&iacute;s","article_modified_time":"2024-09-25T15:49:30+00:00","og_image":[{"width":300,"height":300,"url":"https:\/\/www.rebostavilluis.com\/wp-content\/uploads\/2020\/05\/Crema-corporal-Miel-y-Jalea-300x300.jpg","type":"image\/jpeg"}],"twitter_card":"summary_large_image","twitter_misc":{"Tiempo de lectura":"1 minuto"},"schema":{"@context":"https:\/\/schema.org","@graph":[{"@type":"WebPage","@id":"https:\/\/www.rebostavilluis.com\/es\/comprar\/body-milk-con-miel-y-jalea-real-500-ml\/","url":"https:\/\/www.rebostavilluis.com\/es\/comprar\/body-milk-con-miel-y-jalea-real-500-ml\/","name":"Body Milk con Miel y Jalea Real 500ml. - El Rebost de l'Avi llu&iacute;s","isPartOf":{"@id":"https:\/\/www.rebostavilluis.com\/es\/#website"},"primaryImageOfPage":{"@id":"https:\/\/www.rebostavilluis.com\/es\/comprar\/body-milk-con-miel-y-jalea-real-500-ml\/#primaryimage"},"image":{"@id":"https:\/\/www.rebostavilluis.com\/es\/comprar\/body-milk-con-miel-y-jalea-real-500-ml\/#primaryimage"},"thumbnailUrl":"https:\/\/www.rebostavilluis.com\/wp-content\/uploads\/2020\/05\/Crema-corporal-Miel-y-Jalea-300x300.jpg","datePublished":"2020-05-07T15:05:34+00:00","dateModified":"2024-09-25T15:49:30+00:00","breadcrumb":{"@id":"https:\/\/www.rebostavilluis.com\/es\/comprar\/body-milk-con-miel-y-jalea-real-500-ml\/#breadcrumb"},"inLanguage":"es","potentialAction":[{"@type":"ReadAction","target":["https:\/\/www.rebostavilluis.com\/es\/comprar\/body-milk-con-miel-y-jalea-real-500-ml\/"]}]},{"@type":"ImageObject","inLanguage":"es","@id":"https:\/\/www.rebostavilluis.com\/es\/comprar\/body-milk-con-miel-y-jalea-real-500-ml\/#primaryimage","url":"https:\/\/www.rebostavilluis.com\/wp-content\/uploads\/2020\/05\/Crema-corporal-Miel-y-Jalea-300x300.jpg","contentUrl":"https:\/\/www.rebostavilluis.com\/wp-content\/uploads\/2020\/05\/Crema-corporal-Miel-y-Jalea-300x300.jpg","width":300,"height":300},{"@type":"BreadcrumbList","@id":"https:\/\/www.rebostavilluis.com\/es\/comprar\/body-milk-con-miel-y-jalea-real-500-ml\/#breadcrumb","itemListElement":[{"@type":"ListItem","position":1,"name":"Portada","item":"https:\/\/www.rebostavilluis.com\/es\/"},{"@type":"ListItem","position":2,"name":"Tienda","item":"https:\/\/www.rebostavilluis.com\/es\/tienda\/"},{"@type":"ListItem","position":3,"name":"Body Milk con Miel y Jalea Real 500ml."}]},{"@type":"WebSite","@id":"https:\/\/www.rebostavilluis.com\/es\/#website","url":"https:\/\/www.rebostavilluis.com\/es\/","name":"El Rebost de l'Avi llu&iacute;s","description":"Mel del Perell&oacute;","publisher":{"@id":"https:\/\/www.rebostavilluis.com\/es\/#organization"},"potentialAction":[{"@type":"SearchAction","target":{"@type":"EntryPoint","urlTemplate":"https:\/\/www.rebostavilluis.com\/es\/?s={search_term_string}"},"query-input":{"@type":"PropertyValueSpecification","valueRequired":true,"valueName":"search_term_string"}}],"inLanguage":"es"},{"@type":"Organization","@id":"https:\/\/www.rebostavilluis.com\/es\/#organization","name":"El Rebost de l'Avi llu&iacute;s","url":"https:\/\/www.rebostavilluis.com\/es\/","logo":{"@type":"ImageObject","inLanguage":"es","@id":"https:\/\/www.rebostavilluis.com\/es\/#\/schema\/logo\/image\/","url":"https:\/\/www.rebostavilluis.com\/wp-content\/uploads\/2021\/06\/logo.png","contentUrl":"https:\/\/www.rebostavilluis.com\/wp-content\/uploads\/2021\/06\/logo.png","width":273,"height":74,"caption":"El Rebost de l'Avi llu&iacute;s"},"image":{"@id":"https:\/\/www.rebostavilluis.com\/es\/#\/schema\/logo\/image\/"}}]}},"_links":{"self":[{"href":"https:\/\/www.rebostavilluis.com\/es\/wp-json\/wp\/v2\/product\/7127","targetHints":{"allow":["GET"]}}],"collection":[{"href":"https:\/\/www.rebostavilluis.com\/es\/wp-json\/wp\/v2\/product"}],"about":[{"href":"https:\/\/www.rebostavilluis.com\/es\/wp-json\/wp\/v2\/types\/product"}],"wp:featuredmedia":[{"embeddable":true,"href":"https:\/\/www.rebostavilluis.com\/es\/wp-json\/wp\/v2\/media\/7126"}],"wp:attachment":[{"href":"https:\/\/www.rebostavilluis.com\/es\/wp-json\/wp\/v2\/media?parent=7127"}],"wp:term":[{"taxonomy":"product_brand","embeddable":true,"href":"https:\/\/www.rebostavilluis.com\/es\/wp-json\/wp\/v2\/product_brand?post=7127"},{"taxonomy":"product_cat","embeddable":true,"href":"https:\/\/www.rebostavilluis.com\/es\/wp-json\/wp\/v2\/product_cat?post=7127"},{"taxonomy":"product_tag","embeddable":true,"href":"https:\/\/www.rebostavilluis.com\/es\/wp-json\/wp\/v2\/product_tag?post=7127"}],"curies":[{"name":"wp","href":"https:\/\/api.w.org\/{rel}","templated":true}]}}