{"id":8090,"date":"2019-08-06T12:06:26","date_gmt":"2019-08-06T10:06:26","guid":{"rendered":"https:\/\/www.rebostavilluis.com\/?post_type=product&#038;p=8090"},"modified":"2026-02-19T15:47:02","modified_gmt":"2026-02-19T14:47:02","slug":"pate-arbequina-tomate-y-hierbas","status":"publish","type":"product","link":"https:\/\/www.rebostavilluis.com\/es\/comprar\/pate-arbequina-tomate-y-hierbas\/","title":{"rendered":"Pate Arbequina Tomate y Hierbas"},"content":{"rendered":"","protected":false},"excerpt":{"rendered":"<p data-path-to-node=\"8\">Disfruta del sabor m\u00e1s aut\u00e9ntico del Mediterr\u00e1neo con este <b data-path-to-node=\"8\" data-index-in-node=\"81\">Pat\u00e9 de Oliva Arbequina con Tomate y Hierbas<\/b>, elaborado artesanalmente por <b data-path-to-node=\"8\" data-index-in-node=\"156\">La Masrojana<\/b>. Una receta equilibrada que fusiona la delicadeza de las aceitunas arbequinas con el toque dulce del tomate y la fragancia de las hierbas arom\u00e1ticas, directamente en el <b data-path-to-node=\"8\" data-index-in-node=\"338\">Rebost de l&#8217;Avi Llu\u00eds<\/b>.<\/p>\n<ul data-path-to-node=\"9\">\n<li>\n<p data-path-to-node=\"9,0,0\"><b data-path-to-node=\"9,0,0\" data-index-in-node=\"0\">Marca:<\/b> La Masrojana.<\/p>\n<\/li>\n<li>\n<p data-path-to-node=\"9,1,0\"><b data-path-to-node=\"9,1,0\" data-index-in-node=\"0\">Ingredientes:<\/b> Aceitunas arbequinas, tomate seco y una selecci\u00f3n de hierbas mediterr\u00e1neas.<\/p>\n<\/li>\n<li>\n<p data-path-to-node=\"9,2,0\"><b data-path-to-node=\"9,2,0\" data-index-in-node=\"0\">Consejos de uso:<\/b> Ideal para untar en tostadas, acompa\u00f1ar quesos frescos, rellenar empanadillas o como base original para vinagretas y salsas de pasta.<\/p>\n<\/li>\n<\/ul>\n<blockquote data-path-to-node=\"10\">\n<p data-path-to-node=\"10,0\">\n<\/blockquote>\n","protected":false},"featured_media":13344,"template":"","meta":{"_joinchat":[]},"product_brand":[],"product_cat":[72],"product_tag":[],"class_list":{"0":"post-8090","1":"product","2":"type-product","3":"status-publish","4":"has-post-thumbnail","6":"product_cat-conservas","7":"infinite-scroll-item","8":"sales-flash-overlay","9":"woocommerce-text-align-center","10":"woocommerce-image-align-center","11":"do-quantity-buttons","13":"first","14":"instock","15":"shipping-taxable","16":"purchasable","17":"product-type-simple"},"yoast_head":"<!-- This site is optimized with the Yoast SEO plugin v27.3 - https:\/\/yoast.com\/product\/yoast-seo-wordpress\/ -->\n<title>Pate Arbequina Tomate y Hierbas - El Rebost de l&#039;Avi llu&iacute;s<\/title>\n<meta name=\"description\" content=\"Pat\u00e9 de Arbequina con Tomate y Hierbas La Masrojana en el Rebost de l&#039;Avi Llu\u00eds. Un aperitivo artesano, natural y con todo el sabor del Priorat.\" \/>\n<meta name=\"robots\" content=\"index, follow, max-snippet:-1, max-image-preview:large, max-video-preview:-1\" \/>\n<link rel=\"canonical\" href=\"https:\/\/www.rebostavilluis.com\/es\/comprar\/pate-arbequina-tomate-y-hierbas\/\" \/>\n<meta property=\"og:locale\" content=\"es_ES\" \/>\n<meta property=\"og:type\" content=\"article\" \/>\n<meta property=\"og:title\" content=\"Pate Arbequina Tomate y Hierbas - El Rebost de l&#039;Avi llu&iacute;s\" \/>\n<meta property=\"og:description\" content=\"Pat\u00e9 de Arbequina con Tomate y Hierbas La Masrojana en el Rebost de l&#039;Avi Llu\u00eds. Un aperitivo artesano, natural y con todo el sabor del Priorat.\" \/>\n<meta property=\"og:url\" content=\"https:\/\/www.rebostavilluis.com\/es\/comprar\/pate-arbequina-tomate-y-hierbas\/\" \/>\n<meta property=\"og:site_name\" content=\"El Rebost de l&#039;Avi llu&iacute;s\" \/>\n<meta property=\"article:modified_time\" content=\"2026-02-19T14:47:02+00:00\" \/>\n<meta property=\"og:image\" content=\"https:\/\/www.rebostavilluis.com\/wp-content\/uploads\/2019\/08\/pate.tomaquet.png\" \/>\n\t<meta property=\"og:image:width\" content=\"800\" \/>\n\t<meta property=\"og:image:height\" content=\"837\" \/>\n\t<meta property=\"og:image:type\" content=\"image\/png\" \/>\n<meta name=\"twitter:card\" content=\"summary_large_image\" \/>\n<meta name=\"twitter:label1\" content=\"Tiempo de lectura\" \/>\n\t<meta name=\"twitter:data1\" content=\"1 minuto\" \/>\n<script type=\"application\/ld+json\" class=\"yoast-schema-graph\">{\"@context\":\"https:\\\/\\\/schema.org\",\"@graph\":[{\"@type\":\"WebPage\",\"@id\":\"https:\\\/\\\/www.rebostavilluis.com\\\/es\\\/comprar\\\/pate-arbequina-tomate-y-hierbas\\\/\",\"url\":\"https:\\\/\\\/www.rebostavilluis.com\\\/es\\\/comprar\\\/pate-arbequina-tomate-y-hierbas\\\/\",\"name\":\"Pate Arbequina Tomate y Hierbas - El Rebost de l'Avi llu&iacute;s\",\"isPartOf\":{\"@id\":\"https:\\\/\\\/www.rebostavilluis.com\\\/es\\\/#website\"},\"primaryImageOfPage\":{\"@id\":\"https:\\\/\\\/www.rebostavilluis.com\\\/es\\\/comprar\\\/pate-arbequina-tomate-y-hierbas\\\/#primaryimage\"},\"image\":{\"@id\":\"https:\\\/\\\/www.rebostavilluis.com\\\/es\\\/comprar\\\/pate-arbequina-tomate-y-hierbas\\\/#primaryimage\"},\"thumbnailUrl\":\"https:\\\/\\\/www.rebostavilluis.com\\\/wp-content\\\/uploads\\\/2019\\\/08\\\/pate.tomaquet.png\",\"datePublished\":\"2019-08-06T10:06:26+00:00\",\"dateModified\":\"2026-02-19T14:47:02+00:00\",\"description\":\"Pat\u00e9 de Arbequina con Tomate y Hierbas La Masrojana en el Rebost de l'Avi Llu\u00eds. Un aperitivo artesano, natural y con todo el sabor del Priorat.\",\"breadcrumb\":{\"@id\":\"https:\\\/\\\/www.rebostavilluis.com\\\/es\\\/comprar\\\/pate-arbequina-tomate-y-hierbas\\\/#breadcrumb\"},\"inLanguage\":\"es\",\"potentialAction\":[{\"@type\":\"ReadAction\",\"target\":[\"https:\\\/\\\/www.rebostavilluis.com\\\/es\\\/comprar\\\/pate-arbequina-tomate-y-hierbas\\\/\"]}]},{\"@type\":\"ImageObject\",\"inLanguage\":\"es\",\"@id\":\"https:\\\/\\\/www.rebostavilluis.com\\\/es\\\/comprar\\\/pate-arbequina-tomate-y-hierbas\\\/#primaryimage\",\"url\":\"https:\\\/\\\/www.rebostavilluis.com\\\/wp-content\\\/uploads\\\/2019\\\/08\\\/pate.tomaquet.png\",\"contentUrl\":\"https:\\\/\\\/www.rebostavilluis.com\\\/wp-content\\\/uploads\\\/2019\\\/08\\\/pate.tomaquet.png\",\"width\":800,\"height\":837},{\"@type\":\"BreadcrumbList\",\"@id\":\"https:\\\/\\\/www.rebostavilluis.com\\\/es\\\/comprar\\\/pate-arbequina-tomate-y-hierbas\\\/#breadcrumb\",\"itemListElement\":[{\"@type\":\"ListItem\",\"position\":1,\"name\":\"Portada\",\"item\":\"https:\\\/\\\/www.rebostavilluis.com\\\/es\\\/\"},{\"@type\":\"ListItem\",\"position\":2,\"name\":\"Tienda\",\"item\":\"https:\\\/\\\/www.rebostavilluis.com\\\/es\\\/tienda\\\/\"},{\"@type\":\"ListItem\",\"position\":3,\"name\":\"Pate Arbequina Tomate y Hierbas\"}]},{\"@type\":\"WebSite\",\"@id\":\"https:\\\/\\\/www.rebostavilluis.com\\\/es\\\/#website\",\"url\":\"https:\\\/\\\/www.rebostavilluis.com\\\/es\\\/\",\"name\":\"El Rebost de l'Avi llu&iacute;s\",\"description\":\"Mel del Perell&oacute;\",\"publisher\":{\"@id\":\"https:\\\/\\\/www.rebostavilluis.com\\\/es\\\/#organization\"},\"potentialAction\":[{\"@type\":\"SearchAction\",\"target\":{\"@type\":\"EntryPoint\",\"urlTemplate\":\"https:\\\/\\\/www.rebostavilluis.com\\\/es\\\/?s={search_term_string}\"},\"query-input\":{\"@type\":\"PropertyValueSpecification\",\"valueRequired\":true,\"valueName\":\"search_term_string\"}}],\"inLanguage\":\"es\"},{\"@type\":\"Organization\",\"@id\":\"https:\\\/\\\/www.rebostavilluis.com\\\/es\\\/#organization\",\"name\":\"El Rebost de l'Avi llu&iacute;s\",\"url\":\"https:\\\/\\\/www.rebostavilluis.com\\\/es\\\/\",\"logo\":{\"@type\":\"ImageObject\",\"inLanguage\":\"es\",\"@id\":\"https:\\\/\\\/www.rebostavilluis.com\\\/es\\\/#\\\/schema\\\/logo\\\/image\\\/\",\"url\":\"https:\\\/\\\/www.rebostavilluis.com\\\/wp-content\\\/uploads\\\/2021\\\/06\\\/logo.png\",\"contentUrl\":\"https:\\\/\\\/www.rebostavilluis.com\\\/wp-content\\\/uploads\\\/2021\\\/06\\\/logo.png\",\"width\":273,\"height\":74,\"caption\":\"El Rebost de l'Avi llu&iacute;s\"},\"image\":{\"@id\":\"https:\\\/\\\/www.rebostavilluis.com\\\/es\\\/#\\\/schema\\\/logo\\\/image\\\/\"}}]}<\/script>\n<!-- \/ Yoast SEO plugin. -->","yoast_head_json":{"title":"Pate Arbequina Tomate y Hierbas - El Rebost de l'Avi llu&iacute;s","description":"Pat\u00e9 de Arbequina con Tomate y Hierbas La Masrojana en el Rebost de l'Avi Llu\u00eds. Un aperitivo artesano, natural y con todo el sabor del Priorat.","robots":{"index":"index","follow":"follow","max-snippet":"max-snippet:-1","max-image-preview":"max-image-preview:large","max-video-preview":"max-video-preview:-1"},"canonical":"https:\/\/www.rebostavilluis.com\/es\/comprar\/pate-arbequina-tomate-y-hierbas\/","og_locale":"es_ES","og_type":"article","og_title":"Pate Arbequina Tomate y Hierbas - El Rebost de l'Avi llu&iacute;s","og_description":"Pat\u00e9 de Arbequina con Tomate y Hierbas La Masrojana en el Rebost de l'Avi Llu\u00eds. Un aperitivo artesano, natural y con todo el sabor del Priorat.","og_url":"https:\/\/www.rebostavilluis.com\/es\/comprar\/pate-arbequina-tomate-y-hierbas\/","og_site_name":"El Rebost de l'Avi llu&iacute;s","article_modified_time":"2026-02-19T14:47:02+00:00","og_image":[{"width":800,"height":837,"url":"https:\/\/www.rebostavilluis.com\/wp-content\/uploads\/2019\/08\/pate.tomaquet.png","type":"image\/png"}],"twitter_card":"summary_large_image","twitter_misc":{"Tiempo de lectura":"1 minuto"},"schema":{"@context":"https:\/\/schema.org","@graph":[{"@type":"WebPage","@id":"https:\/\/www.rebostavilluis.com\/es\/comprar\/pate-arbequina-tomate-y-hierbas\/","url":"https:\/\/www.rebostavilluis.com\/es\/comprar\/pate-arbequina-tomate-y-hierbas\/","name":"Pate Arbequina Tomate y Hierbas - El Rebost de l'Avi llu&iacute;s","isPartOf":{"@id":"https:\/\/www.rebostavilluis.com\/es\/#website"},"primaryImageOfPage":{"@id":"https:\/\/www.rebostavilluis.com\/es\/comprar\/pate-arbequina-tomate-y-hierbas\/#primaryimage"},"image":{"@id":"https:\/\/www.rebostavilluis.com\/es\/comprar\/pate-arbequina-tomate-y-hierbas\/#primaryimage"},"thumbnailUrl":"https:\/\/www.rebostavilluis.com\/wp-content\/uploads\/2019\/08\/pate.tomaquet.png","datePublished":"2019-08-06T10:06:26+00:00","dateModified":"2026-02-19T14:47:02+00:00","description":"Pat\u00e9 de Arbequina con Tomate y Hierbas La Masrojana en el Rebost de l'Avi Llu\u00eds. Un aperitivo artesano, natural y con todo el sabor del Priorat.","breadcrumb":{"@id":"https:\/\/www.rebostavilluis.com\/es\/comprar\/pate-arbequina-tomate-y-hierbas\/#breadcrumb"},"inLanguage":"es","potentialAction":[{"@type":"ReadAction","target":["https:\/\/www.rebostavilluis.com\/es\/comprar\/pate-arbequina-tomate-y-hierbas\/"]}]},{"@type":"ImageObject","inLanguage":"es","@id":"https:\/\/www.rebostavilluis.com\/es\/comprar\/pate-arbequina-tomate-y-hierbas\/#primaryimage","url":"https:\/\/www.rebostavilluis.com\/wp-content\/uploads\/2019\/08\/pate.tomaquet.png","contentUrl":"https:\/\/www.rebostavilluis.com\/wp-content\/uploads\/2019\/08\/pate.tomaquet.png","width":800,"height":837},{"@type":"BreadcrumbList","@id":"https:\/\/www.rebostavilluis.com\/es\/comprar\/pate-arbequina-tomate-y-hierbas\/#breadcrumb","itemListElement":[{"@type":"ListItem","position":1,"name":"Portada","item":"https:\/\/www.rebostavilluis.com\/es\/"},{"@type":"ListItem","position":2,"name":"Tienda","item":"https:\/\/www.rebostavilluis.com\/es\/tienda\/"},{"@type":"ListItem","position":3,"name":"Pate Arbequina Tomate y Hierbas"}]},{"@type":"WebSite","@id":"https:\/\/www.rebostavilluis.com\/es\/#website","url":"https:\/\/www.rebostavilluis.com\/es\/","name":"El Rebost de l'Avi llu&iacute;s","description":"Mel del Perell&oacute;","publisher":{"@id":"https:\/\/www.rebostavilluis.com\/es\/#organization"},"potentialAction":[{"@type":"SearchAction","target":{"@type":"EntryPoint","urlTemplate":"https:\/\/www.rebostavilluis.com\/es\/?s={search_term_string}"},"query-input":{"@type":"PropertyValueSpecification","valueRequired":true,"valueName":"search_term_string"}}],"inLanguage":"es"},{"@type":"Organization","@id":"https:\/\/www.rebostavilluis.com\/es\/#organization","name":"El Rebost de l'Avi llu&iacute;s","url":"https:\/\/www.rebostavilluis.com\/es\/","logo":{"@type":"ImageObject","inLanguage":"es","@id":"https:\/\/www.rebostavilluis.com\/es\/#\/schema\/logo\/image\/","url":"https:\/\/www.rebostavilluis.com\/wp-content\/uploads\/2021\/06\/logo.png","contentUrl":"https:\/\/www.rebostavilluis.com\/wp-content\/uploads\/2021\/06\/logo.png","width":273,"height":74,"caption":"El Rebost de l'Avi llu&iacute;s"},"image":{"@id":"https:\/\/www.rebostavilluis.com\/es\/#\/schema\/logo\/image\/"}}]}},"_links":{"self":[{"href":"https:\/\/www.rebostavilluis.com\/es\/wp-json\/wp\/v2\/product\/8090","targetHints":{"allow":["GET"]}}],"collection":[{"href":"https:\/\/www.rebostavilluis.com\/es\/wp-json\/wp\/v2\/product"}],"about":[{"href":"https:\/\/www.rebostavilluis.com\/es\/wp-json\/wp\/v2\/types\/product"}],"wp:featuredmedia":[{"embeddable":true,"href":"https:\/\/www.rebostavilluis.com\/es\/wp-json\/wp\/v2\/media\/13344"}],"wp:attachment":[{"href":"https:\/\/www.rebostavilluis.com\/es\/wp-json\/wp\/v2\/media?parent=8090"}],"wp:term":[{"taxonomy":"product_brand","embeddable":true,"href":"https:\/\/www.rebostavilluis.com\/es\/wp-json\/wp\/v2\/product_brand?post=8090"},{"taxonomy":"product_cat","embeddable":true,"href":"https:\/\/www.rebostavilluis.com\/es\/wp-json\/wp\/v2\/product_cat?post=8090"},{"taxonomy":"product_tag","embeddable":true,"href":"https:\/\/www.rebostavilluis.com\/es\/wp-json\/wp\/v2\/product_tag?post=8090"}],"curies":[{"name":"wp","href":"https:\/\/api.w.org\/{rel}","templated":true}]}}