{"id":8412,"date":"2020-11-18T15:30:40","date_gmt":"2020-11-18T14:30:40","guid":{"rendered":"https:\/\/www.rebostavilluis.com\/?post_type=product&#038;p=8412"},"modified":"2024-09-25T17:54:29","modified_gmt":"2024-09-25T15:54:29","slug":"miel-con-propoleos-avi-lluis-490-grs","status":"publish","type":"product","link":"https:\/\/www.rebostavilluis.com\/es\/comprar\/miel-con-propoleos-avi-lluis-490-grs\/","title":{"rendered":"Miel con Prop\u00f3leos Avi Llu\u00eds 490gr."},"content":{"rendered":"<div class=\"vc_tta-panel-heading\">\n<ul>\n<li class=\"vc_tta-panel-title vc_tta-controls-icon-position-right\"><span style=\"font-size: 16px;\">Los ni\u00f1os pueden tomar de una a tres cucharadas diarias, y los adultos, de tres a cinco.<\/span><\/li>\n<li class=\"vc_tta-panel-title vc_tta-controls-icon-position-right\">Es recomendable tomarlo diariamente en cada cambio de estaci\u00f3n.<\/li>\n<li class=\"vc_tta-panel-title vc_tta-controls-icon-position-right\">Consumir el producto directamente o disuelto en un l\u00edquido.<\/li>\n<li class=\"vc_tta-panel-title vc_tta-controls-icon-position-right\">Antes de consumirlo, mezclar siempre el producto.<\/li>\n<li class=\"vc_tta-panel-title vc_tta-controls-icon-position-right\">No suministrarlo a ni\u00f1os menores de un a\u00f1o.<\/li>\n<\/ul>\n<p>La miel con prop\u00f3leo la envasamos en botes de vidrio en formato de 250 gramos.<\/p>\n<p>El envase es oscuro para preservar la miel de la luz, siendo aconsejable conservarla tapada y fuera de la luz solar.<\/p>\n<p>Tanto el prop\u00f3leo como la miel de eucalipto provienen de abejas situadas en varias zonas de Espa\u00f1a.<\/p>\n<p>Mantener el producto fuera del alcance de los ni\u00f1os.<\/p>\n<\/div>\n<div class=\"vc_tta-panel-body\">\n<div class=\"wpb_text_column wpb_content_element \">\n<div class=\"wpb_wrapper\"><\/div>\n<\/div>\n<\/div>\n","protected":false},"excerpt":{"rendered":"<p><strong>CARACTER\u00cdSTICAS DE LA MIEL CON PROP\u00d3LEO<\/strong><\/p>\n<p>El prop\u00f3leo es una resina c\u00e9rea, de composici\u00f3n compleja y consistencia viscosa, que las abejas elaboran a partir de part\u00edculas resinosas de diferentes vegetales y que utilizan en la reparaci\u00f3n y protecci\u00f3n de la colmena.<\/p>\n<p>La miel con prop\u00f3leo del Avi Llu\u00eds est\u00e1 hecha con miel de eucalipto y prop\u00f3leo puro (1%). Esta variedad de miel tiene un aroma intenso y persistente. Est\u00e1 especialmente indicada como antiinflamatorio, antioxidante, expectorante y antis\u00e9ptico, as\u00ed como para combatir las infecciones de las v\u00edas respiratorias.<\/p>\n","protected":false},"featured_media":11717,"template":"","meta":{"_joinchat":[]},"product_brand":[],"product_cat":[80,85],"product_tag":[],"class_list":{"0":"post-8412","1":"product","2":"type-product","3":"status-publish","4":"has-post-thumbnail","6":"product_cat-miel","7":"product_cat-miel-con-valor-anadido","8":"infinite-scroll-item","9":"sales-flash-overlay","10":"woocommerce-text-align-center","11":"woocommerce-image-align-center","12":"do-quantity-buttons","14":"first","15":"instock","16":"shipping-taxable","17":"purchasable","18":"product-type-simple"},"yoast_head":"<!-- This site is optimized with the Yoast SEO plugin v27.3 - https:\/\/yoast.com\/product\/yoast-seo-wordpress\/ -->\n<title>Miel con Prop\u00f3leos Avi Llu\u00eds 490gr. - El Rebost de l&#039;Avi llu&iacute;s<\/title>\n<meta name=\"robots\" content=\"index, follow, max-snippet:-1, max-image-preview:large, max-video-preview:-1\" \/>\n<link rel=\"canonical\" href=\"https:\/\/www.rebostavilluis.com\/es\/comprar\/miel-con-propoleos-avi-lluis-490-grs\/\" \/>\n<meta property=\"og:locale\" content=\"es_ES\" \/>\n<meta property=\"og:type\" content=\"article\" \/>\n<meta property=\"og:title\" content=\"Miel con Prop\u00f3leos Avi Llu\u00eds 490gr. - El Rebost de l&#039;Avi llu&iacute;s\" \/>\n<meta property=\"og:description\" content=\"CARACTER\u00cdSTICAS DE LA MIEL CON PROP\u00d3LEO  El prop\u00f3leo es una resina c\u00e9rea, de composici\u00f3n compleja y consistencia viscosa, que las abejas elaboran a partir de part\u00edculas resinosas de diferentes vegetales y que utilizan en la reparaci\u00f3n y protecci\u00f3n de la colmena.  La miel con prop\u00f3leo del Avi Llu\u00eds est\u00e1 hecha con miel de eucalipto y prop\u00f3leo puro (1%). Esta variedad de miel tiene un aroma intenso y persistente. Est\u00e1 especialmente indicada como antiinflamatorio, antioxidante, expectorante y antis\u00e9ptico, as\u00ed como para combatir las infecciones de las v\u00edas respiratorias.\" \/>\n<meta property=\"og:url\" content=\"https:\/\/www.rebostavilluis.com\/es\/comprar\/miel-con-propoleos-avi-lluis-490-grs\/\" \/>\n<meta property=\"og:site_name\" content=\"El Rebost de l&#039;Avi llu&iacute;s\" \/>\n<meta property=\"article:modified_time\" content=\"2024-09-25T15:54:29+00:00\" \/>\n<meta property=\"og:image\" content=\"https:\/\/www.rebostavilluis.com\/wp-content\/uploads\/2019\/01\/mel_propoli_500-scaled.jpg\" \/>\n\t<meta property=\"og:image:width\" content=\"2130\" \/>\n\t<meta property=\"og:image:height\" content=\"2560\" \/>\n\t<meta property=\"og:image:type\" content=\"image\/jpeg\" \/>\n<meta name=\"twitter:card\" content=\"summary_large_image\" \/>\n<meta name=\"twitter:label1\" content=\"Tiempo de lectura\" \/>\n\t<meta name=\"twitter:data1\" content=\"1 minuto\" \/>\n<script type=\"application\/ld+json\" class=\"yoast-schema-graph\">{\"@context\":\"https:\\\/\\\/schema.org\",\"@graph\":[{\"@type\":\"WebPage\",\"@id\":\"https:\\\/\\\/www.rebostavilluis.com\\\/es\\\/comprar\\\/miel-con-propoleos-avi-lluis-490-grs\\\/\",\"url\":\"https:\\\/\\\/www.rebostavilluis.com\\\/es\\\/comprar\\\/miel-con-propoleos-avi-lluis-490-grs\\\/\",\"name\":\"Miel con Prop\u00f3leos Avi Llu\u00eds 490gr. - El Rebost de l'Avi llu&iacute;s\",\"isPartOf\":{\"@id\":\"https:\\\/\\\/www.rebostavilluis.com\\\/es\\\/#website\"},\"primaryImageOfPage\":{\"@id\":\"https:\\\/\\\/www.rebostavilluis.com\\\/es\\\/comprar\\\/miel-con-propoleos-avi-lluis-490-grs\\\/#primaryimage\"},\"image\":{\"@id\":\"https:\\\/\\\/www.rebostavilluis.com\\\/es\\\/comprar\\\/miel-con-propoleos-avi-lluis-490-grs\\\/#primaryimage\"},\"thumbnailUrl\":\"https:\\\/\\\/www.rebostavilluis.com\\\/wp-content\\\/uploads\\\/2019\\\/01\\\/mel_propoli_500-scaled.jpg\",\"datePublished\":\"2020-11-18T14:30:40+00:00\",\"dateModified\":\"2024-09-25T15:54:29+00:00\",\"breadcrumb\":{\"@id\":\"https:\\\/\\\/www.rebostavilluis.com\\\/es\\\/comprar\\\/miel-con-propoleos-avi-lluis-490-grs\\\/#breadcrumb\"},\"inLanguage\":\"es\",\"potentialAction\":[{\"@type\":\"ReadAction\",\"target\":[\"https:\\\/\\\/www.rebostavilluis.com\\\/es\\\/comprar\\\/miel-con-propoleos-avi-lluis-490-grs\\\/\"]}]},{\"@type\":\"ImageObject\",\"inLanguage\":\"es\",\"@id\":\"https:\\\/\\\/www.rebostavilluis.com\\\/es\\\/comprar\\\/miel-con-propoleos-avi-lluis-490-grs\\\/#primaryimage\",\"url\":\"https:\\\/\\\/www.rebostavilluis.com\\\/wp-content\\\/uploads\\\/2019\\\/01\\\/mel_propoli_500-scaled.jpg\",\"contentUrl\":\"https:\\\/\\\/www.rebostavilluis.com\\\/wp-content\\\/uploads\\\/2019\\\/01\\\/mel_propoli_500-scaled.jpg\",\"width\":2130,\"height\":2560},{\"@type\":\"BreadcrumbList\",\"@id\":\"https:\\\/\\\/www.rebostavilluis.com\\\/es\\\/comprar\\\/miel-con-propoleos-avi-lluis-490-grs\\\/#breadcrumb\",\"itemListElement\":[{\"@type\":\"ListItem\",\"position\":1,\"name\":\"Portada\",\"item\":\"https:\\\/\\\/www.rebostavilluis.com\\\/es\\\/\"},{\"@type\":\"ListItem\",\"position\":2,\"name\":\"Tienda\",\"item\":\"https:\\\/\\\/www.rebostavilluis.com\\\/es\\\/tienda\\\/\"},{\"@type\":\"ListItem\",\"position\":3,\"name\":\"Miel con Prop\u00f3leos Avi Llu\u00eds 490gr.\"}]},{\"@type\":\"WebSite\",\"@id\":\"https:\\\/\\\/www.rebostavilluis.com\\\/es\\\/#website\",\"url\":\"https:\\\/\\\/www.rebostavilluis.com\\\/es\\\/\",\"name\":\"El Rebost de l'Avi llu&iacute;s\",\"description\":\"Mel del Perell&oacute;\",\"publisher\":{\"@id\":\"https:\\\/\\\/www.rebostavilluis.com\\\/es\\\/#organization\"},\"potentialAction\":[{\"@type\":\"SearchAction\",\"target\":{\"@type\":\"EntryPoint\",\"urlTemplate\":\"https:\\\/\\\/www.rebostavilluis.com\\\/es\\\/?s={search_term_string}\"},\"query-input\":{\"@type\":\"PropertyValueSpecification\",\"valueRequired\":true,\"valueName\":\"search_term_string\"}}],\"inLanguage\":\"es\"},{\"@type\":\"Organization\",\"@id\":\"https:\\\/\\\/www.rebostavilluis.com\\\/es\\\/#organization\",\"name\":\"El Rebost de l'Avi llu&iacute;s\",\"url\":\"https:\\\/\\\/www.rebostavilluis.com\\\/es\\\/\",\"logo\":{\"@type\":\"ImageObject\",\"inLanguage\":\"es\",\"@id\":\"https:\\\/\\\/www.rebostavilluis.com\\\/es\\\/#\\\/schema\\\/logo\\\/image\\\/\",\"url\":\"https:\\\/\\\/www.rebostavilluis.com\\\/wp-content\\\/uploads\\\/2021\\\/06\\\/logo.png\",\"contentUrl\":\"https:\\\/\\\/www.rebostavilluis.com\\\/wp-content\\\/uploads\\\/2021\\\/06\\\/logo.png\",\"width\":273,\"height\":74,\"caption\":\"El Rebost de l'Avi llu&iacute;s\"},\"image\":{\"@id\":\"https:\\\/\\\/www.rebostavilluis.com\\\/es\\\/#\\\/schema\\\/logo\\\/image\\\/\"}}]}<\/script>\n<!-- \/ Yoast SEO plugin. -->","yoast_head_json":{"title":"Miel con Prop\u00f3leos Avi Llu\u00eds 490gr. - El Rebost de l'Avi llu&iacute;s","robots":{"index":"index","follow":"follow","max-snippet":"max-snippet:-1","max-image-preview":"max-image-preview:large","max-video-preview":"max-video-preview:-1"},"canonical":"https:\/\/www.rebostavilluis.com\/es\/comprar\/miel-con-propoleos-avi-lluis-490-grs\/","og_locale":"es_ES","og_type":"article","og_title":"Miel con Prop\u00f3leos Avi Llu\u00eds 490gr. - El Rebost de l'Avi llu&iacute;s","og_description":"CARACTER\u00cdSTICAS DE LA MIEL CON PROP\u00d3LEO  El prop\u00f3leo es una resina c\u00e9rea, de composici\u00f3n compleja y consistencia viscosa, que las abejas elaboran a partir de part\u00edculas resinosas de diferentes vegetales y que utilizan en la reparaci\u00f3n y protecci\u00f3n de la colmena.  La miel con prop\u00f3leo del Avi Llu\u00eds est\u00e1 hecha con miel de eucalipto y prop\u00f3leo puro (1%). Esta variedad de miel tiene un aroma intenso y persistente. Est\u00e1 especialmente indicada como antiinflamatorio, antioxidante, expectorante y antis\u00e9ptico, as\u00ed como para combatir las infecciones de las v\u00edas respiratorias.","og_url":"https:\/\/www.rebostavilluis.com\/es\/comprar\/miel-con-propoleos-avi-lluis-490-grs\/","og_site_name":"El Rebost de l'Avi llu&iacute;s","article_modified_time":"2024-09-25T15:54:29+00:00","og_image":[{"width":2130,"height":2560,"url":"https:\/\/www.rebostavilluis.com\/wp-content\/uploads\/2019\/01\/mel_propoli_500-scaled.jpg","type":"image\/jpeg"}],"twitter_card":"summary_large_image","twitter_misc":{"Tiempo de lectura":"1 minuto"},"schema":{"@context":"https:\/\/schema.org","@graph":[{"@type":"WebPage","@id":"https:\/\/www.rebostavilluis.com\/es\/comprar\/miel-con-propoleos-avi-lluis-490-grs\/","url":"https:\/\/www.rebostavilluis.com\/es\/comprar\/miel-con-propoleos-avi-lluis-490-grs\/","name":"Miel con Prop\u00f3leos Avi Llu\u00eds 490gr. - El Rebost de l'Avi llu&iacute;s","isPartOf":{"@id":"https:\/\/www.rebostavilluis.com\/es\/#website"},"primaryImageOfPage":{"@id":"https:\/\/www.rebostavilluis.com\/es\/comprar\/miel-con-propoleos-avi-lluis-490-grs\/#primaryimage"},"image":{"@id":"https:\/\/www.rebostavilluis.com\/es\/comprar\/miel-con-propoleos-avi-lluis-490-grs\/#primaryimage"},"thumbnailUrl":"https:\/\/www.rebostavilluis.com\/wp-content\/uploads\/2019\/01\/mel_propoli_500-scaled.jpg","datePublished":"2020-11-18T14:30:40+00:00","dateModified":"2024-09-25T15:54:29+00:00","breadcrumb":{"@id":"https:\/\/www.rebostavilluis.com\/es\/comprar\/miel-con-propoleos-avi-lluis-490-grs\/#breadcrumb"},"inLanguage":"es","potentialAction":[{"@type":"ReadAction","target":["https:\/\/www.rebostavilluis.com\/es\/comprar\/miel-con-propoleos-avi-lluis-490-grs\/"]}]},{"@type":"ImageObject","inLanguage":"es","@id":"https:\/\/www.rebostavilluis.com\/es\/comprar\/miel-con-propoleos-avi-lluis-490-grs\/#primaryimage","url":"https:\/\/www.rebostavilluis.com\/wp-content\/uploads\/2019\/01\/mel_propoli_500-scaled.jpg","contentUrl":"https:\/\/www.rebostavilluis.com\/wp-content\/uploads\/2019\/01\/mel_propoli_500-scaled.jpg","width":2130,"height":2560},{"@type":"BreadcrumbList","@id":"https:\/\/www.rebostavilluis.com\/es\/comprar\/miel-con-propoleos-avi-lluis-490-grs\/#breadcrumb","itemListElement":[{"@type":"ListItem","position":1,"name":"Portada","item":"https:\/\/www.rebostavilluis.com\/es\/"},{"@type":"ListItem","position":2,"name":"Tienda","item":"https:\/\/www.rebostavilluis.com\/es\/tienda\/"},{"@type":"ListItem","position":3,"name":"Miel con Prop\u00f3leos Avi Llu\u00eds 490gr."}]},{"@type":"WebSite","@id":"https:\/\/www.rebostavilluis.com\/es\/#website","url":"https:\/\/www.rebostavilluis.com\/es\/","name":"El Rebost de l'Avi llu&iacute;s","description":"Mel del Perell&oacute;","publisher":{"@id":"https:\/\/www.rebostavilluis.com\/es\/#organization"},"potentialAction":[{"@type":"SearchAction","target":{"@type":"EntryPoint","urlTemplate":"https:\/\/www.rebostavilluis.com\/es\/?s={search_term_string}"},"query-input":{"@type":"PropertyValueSpecification","valueRequired":true,"valueName":"search_term_string"}}],"inLanguage":"es"},{"@type":"Organization","@id":"https:\/\/www.rebostavilluis.com\/es\/#organization","name":"El Rebost de l'Avi llu&iacute;s","url":"https:\/\/www.rebostavilluis.com\/es\/","logo":{"@type":"ImageObject","inLanguage":"es","@id":"https:\/\/www.rebostavilluis.com\/es\/#\/schema\/logo\/image\/","url":"https:\/\/www.rebostavilluis.com\/wp-content\/uploads\/2021\/06\/logo.png","contentUrl":"https:\/\/www.rebostavilluis.com\/wp-content\/uploads\/2021\/06\/logo.png","width":273,"height":74,"caption":"El Rebost de l'Avi llu&iacute;s"},"image":{"@id":"https:\/\/www.rebostavilluis.com\/es\/#\/schema\/logo\/image\/"}}]}},"_links":{"self":[{"href":"https:\/\/www.rebostavilluis.com\/es\/wp-json\/wp\/v2\/product\/8412","targetHints":{"allow":["GET"]}}],"collection":[{"href":"https:\/\/www.rebostavilluis.com\/es\/wp-json\/wp\/v2\/product"}],"about":[{"href":"https:\/\/www.rebostavilluis.com\/es\/wp-json\/wp\/v2\/types\/product"}],"wp:featuredmedia":[{"embeddable":true,"href":"https:\/\/www.rebostavilluis.com\/es\/wp-json\/wp\/v2\/media\/11717"}],"wp:attachment":[{"href":"https:\/\/www.rebostavilluis.com\/es\/wp-json\/wp\/v2\/media?parent=8412"}],"wp:term":[{"taxonomy":"product_brand","embeddable":true,"href":"https:\/\/www.rebostavilluis.com\/es\/wp-json\/wp\/v2\/product_brand?post=8412"},{"taxonomy":"product_cat","embeddable":true,"href":"https:\/\/www.rebostavilluis.com\/es\/wp-json\/wp\/v2\/product_cat?post=8412"},{"taxonomy":"product_tag","embeddable":true,"href":"https:\/\/www.rebostavilluis.com\/es\/wp-json\/wp\/v2\/product_tag?post=8412"}],"curies":[{"name":"wp","href":"https:\/\/api.w.org\/{rel}","templated":true}]}}