{"id":9248,"date":"2021-06-04T09:28:00","date_gmt":"2021-06-04T07:28:00","guid":{"rendered":"https:\/\/www.rebostavilluis.com\/?post_type=product&#038;p=9248"},"modified":"2022-07-07T17:43:44","modified_gmt":"2022-07-07T15:43:44","slug":"massaluca-blanco-t-a","status":"publish","type":"product","link":"https:\/\/www.rebostavilluis.com\/es\/comprar\/massaluca-blanco-t-a\/","title":{"rendered":"Massaluca Blanco T.A."},"content":{"rendered":"","protected":false},"excerpt":{"rendered":"<h4>DESCRIPCI\u00d3N<\/h4>\n<ul>\n<li>Vino blanco<\/li>\n<li>Variedad: garnacha blanca y macabeo<\/li>\n<li>D.O.: Terra Alta<\/li>\n<li>Zona de elaboraci\u00f3n: Catalu\u00f1a<\/li>\n<li>Alcohol: 12,5%<\/li>\n<\/ul>\n","protected":false},"featured_media":14439,"template":"","meta":{"_joinchat":[]},"product_brand":[],"product_cat":[102,104],"product_tag":[476,411,412,356,477],"class_list":{"0":"post-9248","1":"product","2":"type-product","3":"status-publish","4":"has-post-thumbnail","6":"product_cat-vinos","7":"product_cat-do-terra-alta-es","8":"product_tag-do-terra-alta-es-2","9":"product_tag-massaluca-es-2","10":"product_tag-terra-alta-es-2","11":"product_tag-vi-es-2","12":"product_tag-vi-blanc-es","13":"infinite-scroll-item","14":"sales-flash-overlay","15":"woocommerce-text-align-center","16":"woocommerce-image-align-center","17":"do-quantity-buttons","19":"first","20":"instock","21":"shipping-taxable","22":"purchasable","23":"product-type-simple"},"yoast_head":"<!-- This site is optimized with the Yoast SEO plugin v26.8 - https:\/\/yoast.com\/product\/yoast-seo-wordpress\/ -->\n<title>Massaluca Blanco T.A. - El Rebost de l&#039;Avi llu&iacute;s<\/title>\n<meta name=\"robots\" content=\"index, follow, max-snippet:-1, max-image-preview:large, max-video-preview:-1\" \/>\n<link rel=\"canonical\" href=\"https:\/\/www.rebostavilluis.com\/es\/comprar\/massaluca-blanco-t-a\/\" \/>\n<meta property=\"og:locale\" content=\"es_ES\" \/>\n<meta property=\"og:type\" content=\"article\" \/>\n<meta property=\"og:title\" content=\"Massaluca Blanco T.A. - El Rebost de l&#039;Avi llu&iacute;s\" \/>\n<meta property=\"og:description\" content=\"DESCRIPCI\u00d3N   Vino blanco  Variedad: garnacha blanca y macabeo  D.O.: Terra Alta  Zona de elaboraci\u00f3n: Catalu\u00f1a  Alcohol: 12,5%\" \/>\n<meta property=\"og:url\" content=\"https:\/\/www.rebostavilluis.com\/es\/comprar\/massaluca-blanco-t-a\/\" \/>\n<meta property=\"og:site_name\" content=\"El Rebost de l&#039;Avi llu&iacute;s\" \/>\n<meta property=\"article:modified_time\" content=\"2022-07-07T15:43:44+00:00\" \/>\n<meta property=\"og:image\" content=\"https:\/\/www.rebostavilluis.com\/wp-content\/uploads\/2021\/06\/WhatsApp-Image-2021-06-04-at-09.14.48.jpg\" \/>\n\t<meta property=\"og:image:width\" content=\"1523\" \/>\n\t<meta property=\"og:image:height\" content=\"2031\" \/>\n\t<meta property=\"og:image:type\" content=\"image\/jpeg\" \/>\n<meta name=\"twitter:card\" content=\"summary_large_image\" \/>\n<script type=\"application\/ld+json\" class=\"yoast-schema-graph\">{\"@context\":\"https:\/\/schema.org\",\"@graph\":[{\"@type\":\"WebPage\",\"@id\":\"https:\/\/www.rebostavilluis.com\/es\/comprar\/massaluca-blanco-t-a\/\",\"url\":\"https:\/\/www.rebostavilluis.com\/es\/comprar\/massaluca-blanco-t-a\/\",\"name\":\"Massaluca Blanco T.A. - El Rebost de l'Avi llu&iacute;s\",\"isPartOf\":{\"@id\":\"https:\/\/www.rebostavilluis.com\/es\/#website\"},\"primaryImageOfPage\":{\"@id\":\"https:\/\/www.rebostavilluis.com\/es\/comprar\/massaluca-blanco-t-a\/#primaryimage\"},\"image\":{\"@id\":\"https:\/\/www.rebostavilluis.com\/es\/comprar\/massaluca-blanco-t-a\/#primaryimage\"},\"thumbnailUrl\":\"https:\/\/www.rebostavilluis.com\/wp-content\/uploads\/2021\/06\/Massaluca_Blanc.png\",\"datePublished\":\"2021-06-04T07:28:00+00:00\",\"dateModified\":\"2022-07-07T15:43:44+00:00\",\"breadcrumb\":{\"@id\":\"https:\/\/www.rebostavilluis.com\/es\/comprar\/massaluca-blanco-t-a\/#breadcrumb\"},\"inLanguage\":\"es\",\"potentialAction\":[{\"@type\":\"ReadAction\",\"target\":[\"https:\/\/www.rebostavilluis.com\/es\/comprar\/massaluca-blanco-t-a\/\"]}]},{\"@type\":\"ImageObject\",\"inLanguage\":\"es\",\"@id\":\"https:\/\/www.rebostavilluis.com\/es\/comprar\/massaluca-blanco-t-a\/#primaryimage\",\"url\":\"https:\/\/www.rebostavilluis.com\/wp-content\/uploads\/2021\/06\/Massaluca_Blanc.png\",\"contentUrl\":\"https:\/\/www.rebostavilluis.com\/wp-content\/uploads\/2021\/06\/Massaluca_Blanc.png\",\"width\":1080,\"height\":1080},{\"@type\":\"BreadcrumbList\",\"@id\":\"https:\/\/www.rebostavilluis.com\/es\/comprar\/massaluca-blanco-t-a\/#breadcrumb\",\"itemListElement\":[{\"@type\":\"ListItem\",\"position\":1,\"name\":\"Portada\",\"item\":\"https:\/\/www.rebostavilluis.com\/es\/\"},{\"@type\":\"ListItem\",\"position\":2,\"name\":\"Tienda\",\"item\":\"https:\/\/www.rebostavilluis.com\/es\/tienda\/\"},{\"@type\":\"ListItem\",\"position\":3,\"name\":\"Massaluca Blanco T.A.\"}]},{\"@type\":\"WebSite\",\"@id\":\"https:\/\/www.rebostavilluis.com\/es\/#website\",\"url\":\"https:\/\/www.rebostavilluis.com\/es\/\",\"name\":\"El Rebost de l'Avi llu&iacute;s\",\"description\":\"Mel del Perell&oacute;\",\"publisher\":{\"@id\":\"https:\/\/www.rebostavilluis.com\/es\/#organization\"},\"potentialAction\":[{\"@type\":\"SearchAction\",\"target\":{\"@type\":\"EntryPoint\",\"urlTemplate\":\"https:\/\/www.rebostavilluis.com\/es\/?s={search_term_string}\"},\"query-input\":{\"@type\":\"PropertyValueSpecification\",\"valueRequired\":true,\"valueName\":\"search_term_string\"}}],\"inLanguage\":\"es\"},{\"@type\":\"Organization\",\"@id\":\"https:\/\/www.rebostavilluis.com\/es\/#organization\",\"name\":\"El Rebost de l'Avi llu&iacute;s\",\"url\":\"https:\/\/www.rebostavilluis.com\/es\/\",\"logo\":{\"@type\":\"ImageObject\",\"inLanguage\":\"es\",\"@id\":\"https:\/\/www.rebostavilluis.com\/es\/#\/schema\/logo\/image\/\",\"url\":\"https:\/\/www.rebostavilluis.com\/wp-content\/uploads\/2021\/06\/logo.png\",\"contentUrl\":\"https:\/\/www.rebostavilluis.com\/wp-content\/uploads\/2021\/06\/logo.png\",\"width\":273,\"height\":74,\"caption\":\"El Rebost de l'Avi llu&iacute;s\"},\"image\":{\"@id\":\"https:\/\/www.rebostavilluis.com\/es\/#\/schema\/logo\/image\/\"}}]}<\/script>\n<!-- \/ Yoast SEO plugin. -->","yoast_head_json":{"title":"Massaluca Blanco T.A. - El Rebost de l'Avi llu&iacute;s","robots":{"index":"index","follow":"follow","max-snippet":"max-snippet:-1","max-image-preview":"max-image-preview:large","max-video-preview":"max-video-preview:-1"},"canonical":"https:\/\/www.rebostavilluis.com\/es\/comprar\/massaluca-blanco-t-a\/","og_locale":"es_ES","og_type":"article","og_title":"Massaluca Blanco T.A. - El Rebost de l'Avi llu&iacute;s","og_description":"DESCRIPCI\u00d3N   Vino blanco  Variedad: garnacha blanca y macabeo  D.O.: Terra Alta  Zona de elaboraci\u00f3n: Catalu\u00f1a  Alcohol: 12,5%","og_url":"https:\/\/www.rebostavilluis.com\/es\/comprar\/massaluca-blanco-t-a\/","og_site_name":"El Rebost de l'Avi llu&iacute;s","article_modified_time":"2022-07-07T15:43:44+00:00","og_image":[{"width":1523,"height":2031,"url":"https:\/\/www.rebostavilluis.com\/wp-content\/uploads\/2021\/06\/WhatsApp-Image-2021-06-04-at-09.14.48.jpg","type":"image\/jpeg"}],"twitter_card":"summary_large_image","schema":{"@context":"https:\/\/schema.org","@graph":[{"@type":"WebPage","@id":"https:\/\/www.rebostavilluis.com\/es\/comprar\/massaluca-blanco-t-a\/","url":"https:\/\/www.rebostavilluis.com\/es\/comprar\/massaluca-blanco-t-a\/","name":"Massaluca Blanco T.A. - El Rebost de l'Avi llu&iacute;s","isPartOf":{"@id":"https:\/\/www.rebostavilluis.com\/es\/#website"},"primaryImageOfPage":{"@id":"https:\/\/www.rebostavilluis.com\/es\/comprar\/massaluca-blanco-t-a\/#primaryimage"},"image":{"@id":"https:\/\/www.rebostavilluis.com\/es\/comprar\/massaluca-blanco-t-a\/#primaryimage"},"thumbnailUrl":"https:\/\/www.rebostavilluis.com\/wp-content\/uploads\/2021\/06\/Massaluca_Blanc.png","datePublished":"2021-06-04T07:28:00+00:00","dateModified":"2022-07-07T15:43:44+00:00","breadcrumb":{"@id":"https:\/\/www.rebostavilluis.com\/es\/comprar\/massaluca-blanco-t-a\/#breadcrumb"},"inLanguage":"es","potentialAction":[{"@type":"ReadAction","target":["https:\/\/www.rebostavilluis.com\/es\/comprar\/massaluca-blanco-t-a\/"]}]},{"@type":"ImageObject","inLanguage":"es","@id":"https:\/\/www.rebostavilluis.com\/es\/comprar\/massaluca-blanco-t-a\/#primaryimage","url":"https:\/\/www.rebostavilluis.com\/wp-content\/uploads\/2021\/06\/Massaluca_Blanc.png","contentUrl":"https:\/\/www.rebostavilluis.com\/wp-content\/uploads\/2021\/06\/Massaluca_Blanc.png","width":1080,"height":1080},{"@type":"BreadcrumbList","@id":"https:\/\/www.rebostavilluis.com\/es\/comprar\/massaluca-blanco-t-a\/#breadcrumb","itemListElement":[{"@type":"ListItem","position":1,"name":"Portada","item":"https:\/\/www.rebostavilluis.com\/es\/"},{"@type":"ListItem","position":2,"name":"Tienda","item":"https:\/\/www.rebostavilluis.com\/es\/tienda\/"},{"@type":"ListItem","position":3,"name":"Massaluca Blanco T.A."}]},{"@type":"WebSite","@id":"https:\/\/www.rebostavilluis.com\/es\/#website","url":"https:\/\/www.rebostavilluis.com\/es\/","name":"El Rebost de l'Avi llu&iacute;s","description":"Mel del Perell&oacute;","publisher":{"@id":"https:\/\/www.rebostavilluis.com\/es\/#organization"},"potentialAction":[{"@type":"SearchAction","target":{"@type":"EntryPoint","urlTemplate":"https:\/\/www.rebostavilluis.com\/es\/?s={search_term_string}"},"query-input":{"@type":"PropertyValueSpecification","valueRequired":true,"valueName":"search_term_string"}}],"inLanguage":"es"},{"@type":"Organization","@id":"https:\/\/www.rebostavilluis.com\/es\/#organization","name":"El Rebost de l'Avi llu&iacute;s","url":"https:\/\/www.rebostavilluis.com\/es\/","logo":{"@type":"ImageObject","inLanguage":"es","@id":"https:\/\/www.rebostavilluis.com\/es\/#\/schema\/logo\/image\/","url":"https:\/\/www.rebostavilluis.com\/wp-content\/uploads\/2021\/06\/logo.png","contentUrl":"https:\/\/www.rebostavilluis.com\/wp-content\/uploads\/2021\/06\/logo.png","width":273,"height":74,"caption":"El Rebost de l'Avi llu&iacute;s"},"image":{"@id":"https:\/\/www.rebostavilluis.com\/es\/#\/schema\/logo\/image\/"}}]}},"_links":{"self":[{"href":"https:\/\/www.rebostavilluis.com\/es\/wp-json\/wp\/v2\/product\/9248","targetHints":{"allow":["GET"]}}],"collection":[{"href":"https:\/\/www.rebostavilluis.com\/es\/wp-json\/wp\/v2\/product"}],"about":[{"href":"https:\/\/www.rebostavilluis.com\/es\/wp-json\/wp\/v2\/types\/product"}],"wp:featuredmedia":[{"embeddable":true,"href":"https:\/\/www.rebostavilluis.com\/es\/wp-json\/wp\/v2\/media\/14439"}],"wp:attachment":[{"href":"https:\/\/www.rebostavilluis.com\/es\/wp-json\/wp\/v2\/media?parent=9248"}],"wp:term":[{"taxonomy":"product_brand","embeddable":true,"href":"https:\/\/www.rebostavilluis.com\/es\/wp-json\/wp\/v2\/product_brand?post=9248"},{"taxonomy":"product_cat","embeddable":true,"href":"https:\/\/www.rebostavilluis.com\/es\/wp-json\/wp\/v2\/product_cat?post=9248"},{"taxonomy":"product_tag","embeddable":true,"href":"https:\/\/www.rebostavilluis.com\/es\/wp-json\/wp\/v2\/product_tag?post=9248"}],"curies":[{"name":"wp","href":"https:\/\/api.w.org\/{rel}","templated":true}]}}