{"id":9585,"date":"2021-04-08T12:37:12","date_gmt":"2021-04-08T10:37:12","guid":{"rendered":"https:\/\/www.rebostavilluis.com\/comprar\/molinet-de-5-pebres-de-baia-45gr\/"},"modified":"2026-02-19T15:41:19","modified_gmt":"2026-02-19T14:41:19","slug":"molinet-de-5-pebres-de-baia-45gr","status":"publish","type":"product","link":"https:\/\/www.rebostavilluis.com\/es\/comprar\/molinet-de-5-pebres-de-baia-45gr\/","title":{"rendered":"Molinillo de Pimienta 5 Bayas \u00b7 La Chinata"},"content":{"rendered":"","protected":false},"excerpt":{"rendered":"<p data-path-to-node=\"7\">Aporta un matiz de sabor completo y profesional a tu cocina con el <b data-path-to-node=\"7\" data-index-in-node=\"89\">Molinillo de Pimienta 5 Bayas de La Chinata<\/b>. Esta selecci\u00f3n exclusiva, disponible en el <b data-path-to-node=\"7\" data-index-in-node=\"177\">Rebost de l&#8217;Avi Llu\u00eds<\/b>, combina diferentes variedades de grano para ofrecer un equilibrio perfecto entre picante, aroma y frescura en cada giro.<\/p>\n<ul data-path-to-node=\"8\">\n<li>\n<p data-path-to-node=\"8,0,0\"><b data-path-to-node=\"8,0,0\" data-index-in-node=\"0\">Composici\u00f3n:<\/b> Incluye pimienta negra, blanca, verde, rosa y pimienta de Jamaica.<\/p>\n<\/li>\n<li>\n<p data-path-to-node=\"8,1,0\"><b data-path-to-node=\"8,1,0\" data-index-in-node=\"0\">Formato:<\/b> Molinillo de alta calidad que permite moler el grano al momento, conservando toda la intensidad de sus aceites esenciales.<\/p>\n<\/li>\n<li>\n<p data-path-to-node=\"8,2,0\"><b data-path-to-node=\"8,2,0\" data-index-in-node=\"0\">Consejos de uso:<\/b> Ideal para carnes a la brasa, pescados grasos, guisos de larga cocci\u00f3n o para dar un toque de color y aroma a platos de pasta y ensaladas.<\/p>\n<\/li>\n<\/ul>\n","protected":false},"featured_media":9062,"template":"","meta":{"_joinchat":[]},"product_brand":[],"product_cat":[72],"product_tag":[335,336,337],"class_list":{"0":"post-9585","1":"product","2":"type-product","3":"status-publish","4":"has-post-thumbnail","6":"product_cat-conservas","7":"product_tag-baia-es-2","8":"product_tag-molinet-es-2","9":"product_tag-pebres-es-2","10":"infinite-scroll-item","11":"sales-flash-overlay","12":"woocommerce-text-align-center","13":"woocommerce-image-align-center","14":"do-quantity-buttons","16":"first","17":"instock","18":"shipping-taxable","19":"purchasable","20":"product-type-simple"},"yoast_head":"<!-- This site is optimized with the Yoast SEO plugin v27.3 - https:\/\/yoast.com\/product\/yoast-seo-wordpress\/ -->\n<title>Molinillo de Pimienta 5 Bayas \u00b7 La Chinata - El Rebost de l&#039;Avi llu&iacute;s<\/title>\n<meta name=\"description\" content=\"Molinillo de Pimienta 5 Bayas La Chinata en el Rebost de l&#039;Avi Llu\u00eds. Una mezcla arom\u00e1tica y picante ideal para carnes y pescados. Sabor reci\u00e9n molido.\" \/>\n<meta name=\"robots\" content=\"index, follow, max-snippet:-1, max-image-preview:large, max-video-preview:-1\" \/>\n<link rel=\"canonical\" href=\"https:\/\/www.rebostavilluis.com\/es\/comprar\/molinet-de-5-pebres-de-baia-45gr\/\" \/>\n<meta property=\"og:locale\" content=\"es_ES\" \/>\n<meta property=\"og:type\" content=\"article\" \/>\n<meta property=\"og:title\" content=\"Molinillo de Pimienta 5 Bayas \u00b7 La Chinata - El Rebost de l&#039;Avi llu&iacute;s\" \/>\n<meta property=\"og:description\" content=\"Molinillo de Pimienta 5 Bayas La Chinata en el Rebost de l&#039;Avi Llu\u00eds. Una mezcla arom\u00e1tica y picante ideal para carnes y pescados. Sabor reci\u00e9n molido.\" \/>\n<meta property=\"og:url\" content=\"https:\/\/www.rebostavilluis.com\/es\/comprar\/molinet-de-5-pebres-de-baia-45gr\/\" \/>\n<meta property=\"og:site_name\" content=\"El Rebost de l&#039;Avi llu&iacute;s\" \/>\n<meta property=\"article:modified_time\" content=\"2026-02-19T14:41:19+00:00\" \/>\n<meta property=\"og:image\" content=\"https:\/\/www.rebostavilluis.com\/wp-content\/uploads\/2021\/04\/molinillo-de-pimienta-cinco-bayas-la-chinata_1.jpeg\" \/>\n\t<meta property=\"og:image:width\" content=\"1546\" \/>\n\t<meta property=\"og:image:height\" content=\"1600\" \/>\n\t<meta property=\"og:image:type\" content=\"image\/jpeg\" \/>\n<meta name=\"twitter:card\" content=\"summary_large_image\" \/>\n<meta name=\"twitter:label1\" content=\"Tiempo de lectura\" \/>\n\t<meta name=\"twitter:data1\" content=\"1 minuto\" \/>\n<script type=\"application\/ld+json\" class=\"yoast-schema-graph\">{\"@context\":\"https:\\\/\\\/schema.org\",\"@graph\":[{\"@type\":\"WebPage\",\"@id\":\"https:\\\/\\\/www.rebostavilluis.com\\\/es\\\/comprar\\\/molinet-de-5-pebres-de-baia-45gr\\\/\",\"url\":\"https:\\\/\\\/www.rebostavilluis.com\\\/es\\\/comprar\\\/molinet-de-5-pebres-de-baia-45gr\\\/\",\"name\":\"Molinillo de Pimienta 5 Bayas \u00b7 La Chinata - El Rebost de l'Avi llu&iacute;s\",\"isPartOf\":{\"@id\":\"https:\\\/\\\/www.rebostavilluis.com\\\/es\\\/#website\"},\"primaryImageOfPage\":{\"@id\":\"https:\\\/\\\/www.rebostavilluis.com\\\/es\\\/comprar\\\/molinet-de-5-pebres-de-baia-45gr\\\/#primaryimage\"},\"image\":{\"@id\":\"https:\\\/\\\/www.rebostavilluis.com\\\/es\\\/comprar\\\/molinet-de-5-pebres-de-baia-45gr\\\/#primaryimage\"},\"thumbnailUrl\":\"https:\\\/\\\/www.rebostavilluis.com\\\/wp-content\\\/uploads\\\/2021\\\/04\\\/molinillo-de-pimienta-cinco-bayas-la-chinata_1.jpeg\",\"datePublished\":\"2021-04-08T10:37:12+00:00\",\"dateModified\":\"2026-02-19T14:41:19+00:00\",\"description\":\"Molinillo de Pimienta 5 Bayas La Chinata en el Rebost de l'Avi Llu\u00eds. Una mezcla arom\u00e1tica y picante ideal para carnes y pescados. Sabor reci\u00e9n molido.\",\"breadcrumb\":{\"@id\":\"https:\\\/\\\/www.rebostavilluis.com\\\/es\\\/comprar\\\/molinet-de-5-pebres-de-baia-45gr\\\/#breadcrumb\"},\"inLanguage\":\"es\",\"potentialAction\":[{\"@type\":\"ReadAction\",\"target\":[\"https:\\\/\\\/www.rebostavilluis.com\\\/es\\\/comprar\\\/molinet-de-5-pebres-de-baia-45gr\\\/\"]}]},{\"@type\":\"ImageObject\",\"inLanguage\":\"es\",\"@id\":\"https:\\\/\\\/www.rebostavilluis.com\\\/es\\\/comprar\\\/molinet-de-5-pebres-de-baia-45gr\\\/#primaryimage\",\"url\":\"https:\\\/\\\/www.rebostavilluis.com\\\/wp-content\\\/uploads\\\/2021\\\/04\\\/molinillo-de-pimienta-cinco-bayas-la-chinata_1.jpeg\",\"contentUrl\":\"https:\\\/\\\/www.rebostavilluis.com\\\/wp-content\\\/uploads\\\/2021\\\/04\\\/molinillo-de-pimienta-cinco-bayas-la-chinata_1.jpeg\",\"width\":1546,\"height\":1600,\"caption\":\"Molinet 5 pebres\"},{\"@type\":\"BreadcrumbList\",\"@id\":\"https:\\\/\\\/www.rebostavilluis.com\\\/es\\\/comprar\\\/molinet-de-5-pebres-de-baia-45gr\\\/#breadcrumb\",\"itemListElement\":[{\"@type\":\"ListItem\",\"position\":1,\"name\":\"Portada\",\"item\":\"https:\\\/\\\/www.rebostavilluis.com\\\/es\\\/\"},{\"@type\":\"ListItem\",\"position\":2,\"name\":\"Tienda\",\"item\":\"https:\\\/\\\/www.rebostavilluis.com\\\/es\\\/tienda\\\/\"},{\"@type\":\"ListItem\",\"position\":3,\"name\":\"Molinillo de Pimienta 5 Bayas \u00b7 La Chinata\"}]},{\"@type\":\"WebSite\",\"@id\":\"https:\\\/\\\/www.rebostavilluis.com\\\/es\\\/#website\",\"url\":\"https:\\\/\\\/www.rebostavilluis.com\\\/es\\\/\",\"name\":\"El Rebost de l'Avi llu&iacute;s\",\"description\":\"Mel del Perell&oacute;\",\"publisher\":{\"@id\":\"https:\\\/\\\/www.rebostavilluis.com\\\/es\\\/#organization\"},\"potentialAction\":[{\"@type\":\"SearchAction\",\"target\":{\"@type\":\"EntryPoint\",\"urlTemplate\":\"https:\\\/\\\/www.rebostavilluis.com\\\/es\\\/?s={search_term_string}\"},\"query-input\":{\"@type\":\"PropertyValueSpecification\",\"valueRequired\":true,\"valueName\":\"search_term_string\"}}],\"inLanguage\":\"es\"},{\"@type\":\"Organization\",\"@id\":\"https:\\\/\\\/www.rebostavilluis.com\\\/es\\\/#organization\",\"name\":\"El Rebost de l'Avi llu&iacute;s\",\"url\":\"https:\\\/\\\/www.rebostavilluis.com\\\/es\\\/\",\"logo\":{\"@type\":\"ImageObject\",\"inLanguage\":\"es\",\"@id\":\"https:\\\/\\\/www.rebostavilluis.com\\\/es\\\/#\\\/schema\\\/logo\\\/image\\\/\",\"url\":\"https:\\\/\\\/www.rebostavilluis.com\\\/wp-content\\\/uploads\\\/2021\\\/06\\\/logo.png\",\"contentUrl\":\"https:\\\/\\\/www.rebostavilluis.com\\\/wp-content\\\/uploads\\\/2021\\\/06\\\/logo.png\",\"width\":273,\"height\":74,\"caption\":\"El Rebost de l'Avi llu&iacute;s\"},\"image\":{\"@id\":\"https:\\\/\\\/www.rebostavilluis.com\\\/es\\\/#\\\/schema\\\/logo\\\/image\\\/\"}}]}<\/script>\n<!-- \/ Yoast SEO plugin. -->","yoast_head_json":{"title":"Molinillo de Pimienta 5 Bayas \u00b7 La Chinata - El Rebost de l'Avi llu&iacute;s","description":"Molinillo de Pimienta 5 Bayas La Chinata en el Rebost de l'Avi Llu\u00eds. Una mezcla arom\u00e1tica y picante ideal para carnes y pescados. Sabor reci\u00e9n molido.","robots":{"index":"index","follow":"follow","max-snippet":"max-snippet:-1","max-image-preview":"max-image-preview:large","max-video-preview":"max-video-preview:-1"},"canonical":"https:\/\/www.rebostavilluis.com\/es\/comprar\/molinet-de-5-pebres-de-baia-45gr\/","og_locale":"es_ES","og_type":"article","og_title":"Molinillo de Pimienta 5 Bayas \u00b7 La Chinata - El Rebost de l'Avi llu&iacute;s","og_description":"Molinillo de Pimienta 5 Bayas La Chinata en el Rebost de l'Avi Llu\u00eds. Una mezcla arom\u00e1tica y picante ideal para carnes y pescados. Sabor reci\u00e9n molido.","og_url":"https:\/\/www.rebostavilluis.com\/es\/comprar\/molinet-de-5-pebres-de-baia-45gr\/","og_site_name":"El Rebost de l'Avi llu&iacute;s","article_modified_time":"2026-02-19T14:41:19+00:00","og_image":[{"width":1546,"height":1600,"url":"https:\/\/www.rebostavilluis.com\/wp-content\/uploads\/2021\/04\/molinillo-de-pimienta-cinco-bayas-la-chinata_1.jpeg","type":"image\/jpeg"}],"twitter_card":"summary_large_image","twitter_misc":{"Tiempo de lectura":"1 minuto"},"schema":{"@context":"https:\/\/schema.org","@graph":[{"@type":"WebPage","@id":"https:\/\/www.rebostavilluis.com\/es\/comprar\/molinet-de-5-pebres-de-baia-45gr\/","url":"https:\/\/www.rebostavilluis.com\/es\/comprar\/molinet-de-5-pebres-de-baia-45gr\/","name":"Molinillo de Pimienta 5 Bayas \u00b7 La Chinata - El Rebost de l'Avi llu&iacute;s","isPartOf":{"@id":"https:\/\/www.rebostavilluis.com\/es\/#website"},"primaryImageOfPage":{"@id":"https:\/\/www.rebostavilluis.com\/es\/comprar\/molinet-de-5-pebres-de-baia-45gr\/#primaryimage"},"image":{"@id":"https:\/\/www.rebostavilluis.com\/es\/comprar\/molinet-de-5-pebres-de-baia-45gr\/#primaryimage"},"thumbnailUrl":"https:\/\/www.rebostavilluis.com\/wp-content\/uploads\/2021\/04\/molinillo-de-pimienta-cinco-bayas-la-chinata_1.jpeg","datePublished":"2021-04-08T10:37:12+00:00","dateModified":"2026-02-19T14:41:19+00:00","description":"Molinillo de Pimienta 5 Bayas La Chinata en el Rebost de l'Avi Llu\u00eds. Una mezcla arom\u00e1tica y picante ideal para carnes y pescados. Sabor reci\u00e9n molido.","breadcrumb":{"@id":"https:\/\/www.rebostavilluis.com\/es\/comprar\/molinet-de-5-pebres-de-baia-45gr\/#breadcrumb"},"inLanguage":"es","potentialAction":[{"@type":"ReadAction","target":["https:\/\/www.rebostavilluis.com\/es\/comprar\/molinet-de-5-pebres-de-baia-45gr\/"]}]},{"@type":"ImageObject","inLanguage":"es","@id":"https:\/\/www.rebostavilluis.com\/es\/comprar\/molinet-de-5-pebres-de-baia-45gr\/#primaryimage","url":"https:\/\/www.rebostavilluis.com\/wp-content\/uploads\/2021\/04\/molinillo-de-pimienta-cinco-bayas-la-chinata_1.jpeg","contentUrl":"https:\/\/www.rebostavilluis.com\/wp-content\/uploads\/2021\/04\/molinillo-de-pimienta-cinco-bayas-la-chinata_1.jpeg","width":1546,"height":1600,"caption":"Molinet 5 pebres"},{"@type":"BreadcrumbList","@id":"https:\/\/www.rebostavilluis.com\/es\/comprar\/molinet-de-5-pebres-de-baia-45gr\/#breadcrumb","itemListElement":[{"@type":"ListItem","position":1,"name":"Portada","item":"https:\/\/www.rebostavilluis.com\/es\/"},{"@type":"ListItem","position":2,"name":"Tienda","item":"https:\/\/www.rebostavilluis.com\/es\/tienda\/"},{"@type":"ListItem","position":3,"name":"Molinillo de Pimienta 5 Bayas \u00b7 La Chinata"}]},{"@type":"WebSite","@id":"https:\/\/www.rebostavilluis.com\/es\/#website","url":"https:\/\/www.rebostavilluis.com\/es\/","name":"El Rebost de l'Avi llu&iacute;s","description":"Mel del Perell&oacute;","publisher":{"@id":"https:\/\/www.rebostavilluis.com\/es\/#organization"},"potentialAction":[{"@type":"SearchAction","target":{"@type":"EntryPoint","urlTemplate":"https:\/\/www.rebostavilluis.com\/es\/?s={search_term_string}"},"query-input":{"@type":"PropertyValueSpecification","valueRequired":true,"valueName":"search_term_string"}}],"inLanguage":"es"},{"@type":"Organization","@id":"https:\/\/www.rebostavilluis.com\/es\/#organization","name":"El Rebost de l'Avi llu&iacute;s","url":"https:\/\/www.rebostavilluis.com\/es\/","logo":{"@type":"ImageObject","inLanguage":"es","@id":"https:\/\/www.rebostavilluis.com\/es\/#\/schema\/logo\/image\/","url":"https:\/\/www.rebostavilluis.com\/wp-content\/uploads\/2021\/06\/logo.png","contentUrl":"https:\/\/www.rebostavilluis.com\/wp-content\/uploads\/2021\/06\/logo.png","width":273,"height":74,"caption":"El Rebost de l'Avi llu&iacute;s"},"image":{"@id":"https:\/\/www.rebostavilluis.com\/es\/#\/schema\/logo\/image\/"}}]}},"_links":{"self":[{"href":"https:\/\/www.rebostavilluis.com\/es\/wp-json\/wp\/v2\/product\/9585","targetHints":{"allow":["GET"]}}],"collection":[{"href":"https:\/\/www.rebostavilluis.com\/es\/wp-json\/wp\/v2\/product"}],"about":[{"href":"https:\/\/www.rebostavilluis.com\/es\/wp-json\/wp\/v2\/types\/product"}],"wp:featuredmedia":[{"embeddable":true,"href":"https:\/\/www.rebostavilluis.com\/es\/wp-json\/wp\/v2\/media\/9062"}],"wp:attachment":[{"href":"https:\/\/www.rebostavilluis.com\/es\/wp-json\/wp\/v2\/media?parent=9585"}],"wp:term":[{"taxonomy":"product_brand","embeddable":true,"href":"https:\/\/www.rebostavilluis.com\/es\/wp-json\/wp\/v2\/product_brand?post=9585"},{"taxonomy":"product_cat","embeddable":true,"href":"https:\/\/www.rebostavilluis.com\/es\/wp-json\/wp\/v2\/product_cat?post=9585"},{"taxonomy":"product_tag","embeddable":true,"href":"https:\/\/www.rebostavilluis.com\/es\/wp-json\/wp\/v2\/product_tag?post=9585"}],"curies":[{"name":"wp","href":"https:\/\/api.w.org\/{rel}","templated":true}]}}